{"id":1715,"date":"2022-03-19T01:50:06","date_gmt":"2022-03-19T01:50:06","guid":{"rendered":"https:\/\/gooddealersmeds.com\/es\/?post_type=product&#038;p=1715"},"modified":"2023-01-02T15:40:13","modified_gmt":"2023-01-02T15:40:13","slug":"comprar-fentanilo-inyecciones-online","status":"publish","type":"product","link":"https:\/\/gooddealersmeds.com\/es\/product\/comprar-fentanilo-inyecciones-online\/","title":{"rendered":"Comprar inyecciones de fentanilo en l\u00ednea"},"content":{"rendered":"<h2>Obtenga la inyecci\u00f3n de fentanilo en l\u00ednea haciendo un pedido en nuestro sitio web.<\/h2>\n<p>Las inyecciones de fentanilo se usan para tratar el dolor extremo durante y despu\u00e9s de una cirug\u00eda. Tambi\u00e9n se puede tomar junto con otros medicamentos justo antes o durante la cirug\u00eda para mejorar la eficacia del anest\u00e9sico (un agente anest\u00e9sico). Comprar inyecci\u00f3n de fentanilo<\/p>\n<p>El fentanilo pertenece a la clase de f\u00e1rmacos conocidos como analg\u00e9sicos narc\u00f3ticos (medicamentos para el dolor). El fentanilo es un potente analg\u00e9sico opioide. Funciona para reducir el dolor al actuar sobre el cerebro o el sistema nervioso central (SNC). El SNC tambi\u00e9n es responsable de varios de sus efectos adversos, incluidos la somnolencia y el v\u00e9rtigo. Venta de inyecci\u00f3n de fentanilo: los beneficios de la inyecci\u00f3n de fentanilo deben evaluarse frente a los peligros al determinar si se debe usar. Esto es algo que usted y su m\u00e9dico decidir\u00e1n.<\/p>\n<p>El fentanilo se puede usar para tratar el dolor intenso. Se administra cuando otros analg\u00e9sicos son ineficaces o intolerables. Funciona al obstruir la recepci\u00f3n del dolor en el cerebro. Es un miembro de la clase de f\u00e1rmacos opioides.<\/p>\n<p><strong>\u00bfQu\u00e9 es la inyecci\u00f3n de fentanilo y c\u00f3mo se usa?<\/strong><\/p>\n<p>Este medicamento tambi\u00e9n se puede usar para otras cosas. Nunca tome m\u00e1s medicamento del recomendado. Si tiene dificultades para respirar o se siente inusualmente d\u00e9bil o somnoliento, solicite ayuda de emergencia de inmediato. La inyecci\u00f3n de fentanilo puede ser mala para usted si alguna vez ha experimentado reacciones al\u00e9rgicas al fentanilo u otros medicamentos o si tiene problemas respiratorios como asma o cualquier afecci\u00f3n pulmonar preexistente. Debe evitar el fentanilo si est\u00e1 tratando de quedar embarazada o si est\u00e1 embarazada o amamantando. Se ha relacionado con varios problemas para su beb\u00e9 en las primeras etapas del embarazo. Existe la posibilidad de que si usa fentanilo hacia el final de su embarazo, su hijo por nacer desarrolle adicci\u00f3n al fentanilo o experimente s\u00edntomas de abstinencia. Sin embargo, es fundamental controlar el dolor relacionado con el embarazo. El fentanilo puede ser la mejor soluci\u00f3n para ciertas mujeres embarazadas que tienen molestias graves. La mejor persona que puede guiarla para tomar la mejor decisi\u00f3n para usted y su hijo por nacer es su m\u00e9dico.<\/p>\n<p><strong>inyecci\u00f3n de fentanilo a la venta en Good Dealers Meds<\/strong><\/p>\n<p>Incluso si cree que la dosis recomendada no es suficiente para tratar su dolor, <a href=\"https:\/\/gooddealersmeds.com\/es\/product\/buy-fentanyl-injections-online\/\">ordene la inyecci\u00f3n de fentanilo en l\u00ednea<\/a>, es importante seguir las instrucciones al pie de la letra. Si cree que necesita una dosis diferente, consulte primero a su m\u00e9dico. El fentanilo en exceso puede ser peligroso. La cantidad que puede causar una sobredosis difiere de persona a persona. Al igual que otros opioides, las inyecciones de fentanilo pueden ser adictivas si no se tiene cuidado.<\/p>\n","protected":false},"excerpt":{"rendered":"<p>La inyecci\u00f3n de citrato de fentanilo, USP es una soluci\u00f3n acuosa est\u00e9ril, no pirog\u00e9nica y sin conservantes para inyecci\u00f3n intravenosa o<br \/>\nintramuscular<\/p>\n","protected":false},"featured_media":1725,"comment_status":"open","ping_status":"closed","template":"","meta":{"inline_featured_image":false},"product_brand":[],"product_cat":[347],"product_tag":[296,293,107,285,284,294,97,105,295,289,286,290,104,110,291,288,108,109,106,292,287],"class_list":{"0":"post-1715","1":"product","2":"type-product","3":"status-publish","4":"has-post-thumbnail","6":"product_cat-opioide-analgsico","7":"product_tag-es-fentanilo-inyecciones-legal-en-canada","8":"product_tag-las-inyecciones-de-fentanilo-son-legales-en-ee-uu","9":"product_tag-buy","10":"product_tag-buy-fentanyl-injections","11":"product_tag-buy-fentanyl-injections-online-buy-injections","12":"product_tag-buy-fentanyl-injections-online-usa","13":"product_tag-buy-fentanyl-online","14":"product_tag-canada","15":"product_tag-cmo-pedir-inyecciones-de-fentanilo","16":"product_tag-comprar-inyecciones-online","17":"product_tag-donde-comprar-inyecciones-de-fentanilo","18":"product_tag-donde-comprar-inyecciones-de-fentanilo-online","19":"product_tag-ee-uu","20":"product_tag-entrega-segura","21":"product_tag-inyecciones-de-fentanilo-para-la-venta-en-los-ee-uu","22":"product_tag-inyecciones-para-la-venta","23":"product_tag-online","24":"product_tag-proveedores","25":"product_tag-reino-unido","26":"product_tag-usted-todava-puede-recibir-inyecciones-de-fentanilo","27":"product_tag-inyecciones-de-fentanilo-para-la-venta","28":"pa_milliliters-100-ml","29":"pa_milliliters-250-ml","30":"pa_milliliters-50-ml","31":"pa_milliliters-500-ml","33":"first","34":"instock","35":"featured","36":"shipping-taxable","37":"purchasable","38":"product-type-variable","39":"has-default-attributes"},"yoast_head":"<!-- This site is optimized with the Yoast SEO Premium plugin v20.6 (Yoast SEO v27.4) - https:\/\/yoast.com\/product\/yoast-seo-premium-wordpress\/ -->\n<title>Comprar inyecci\u00f3n de fentanilo | ordenar fentanilo | Good Dealers Meds<\/title>\n<meta name=\"description\" content=\"Comprar inyecci\u00f3n de fentanilo, USP es una soluci\u00f3n acuosa est\u00e9ril, no pirog\u00e9nica y sin conservantes para inyecci\u00f3n intravenosa o intramuscular\" \/>\n<meta name=\"robots\" content=\"index, follow, max-snippet:-1, max-image-preview:large, max-video-preview:-1\" \/>\n<link rel=\"canonical\" href=\"https:\/\/gooddealersmeds.com\/es\/product\/comprar-fentanilo-inyecciones-online\/\" \/>\n<meta property=\"og:locale\" content=\"en_US\" \/>\n<meta property=\"og:type\" content=\"article\" \/>\n<meta property=\"og:title\" content=\"Comprar inyecciones de fentanilo en l\u00ednea\" \/>\n<meta property=\"og:description\" content=\"Comprar inyecci\u00f3n de fentanilo, USP es una soluci\u00f3n acuosa est\u00e9ril, no pirog\u00e9nica y sin conservantes para inyecci\u00f3n intravenosa o intramuscular\" \/>\n<meta property=\"og:url\" content=\"https:\/\/gooddealersmeds.com\/es\/product\/comprar-fentanilo-inyecciones-online\/\" \/>\n<meta property=\"og:site_name\" content=\"Good Dealers Meds\" \/>\n<meta property=\"article:modified_time\" content=\"2023-01-02T15:40:13+00:00\" \/>\n<meta property=\"og:image\" content=\"https:\/\/gooddealersmeds.com\/es\/wp-content\/uploads\/sites\/4\/2022\/03\/buy-fentanyl-injections-online.jpg\" \/>\n\t<meta property=\"og:image:width\" content=\"600\" \/>\n\t<meta property=\"og:image:height\" content=\"600\" \/>\n\t<meta property=\"og:image:type\" content=\"image\/jpeg\" \/>\n<meta name=\"twitter:card\" content=\"summary_large_image\" \/>\n<meta name=\"twitter:label1\" content=\"Est. reading time\" \/>\n\t<meta name=\"twitter:data1\" content=\"2 minutes\" \/>\n<script type=\"application\/ld+json\" class=\"yoast-schema-graph\">{\"@context\":\"https:\\\/\\\/schema.org\",\"@graph\":[{\"@type\":\"WebPage\",\"@id\":\"https:\\\/\\\/gooddealersmeds.com\\\/es\\\/product\\\/comprar-fentanilo-inyecciones-online\\\/\",\"url\":\"https:\\\/\\\/gooddealersmeds.com\\\/es\\\/product\\\/comprar-fentanilo-inyecciones-online\\\/\",\"name\":\"Comprar inyecci\u00f3n de fentanilo | ordenar fentanilo | Good Dealers Meds\",\"isPartOf\":{\"@id\":\"https:\\\/\\\/gooddealersmeds.com\\\/es\\\/#website\"},\"primaryImageOfPage\":{\"@id\":\"https:\\\/\\\/gooddealersmeds.com\\\/es\\\/product\\\/comprar-fentanilo-inyecciones-online\\\/#primaryimage\"},\"image\":{\"@id\":\"https:\\\/\\\/gooddealersmeds.com\\\/es\\\/product\\\/comprar-fentanilo-inyecciones-online\\\/#primaryimage\"},\"thumbnailUrl\":\"https:\\\/\\\/gooddealersmeds.com\\\/es\\\/wp-content\\\/uploads\\\/sites\\\/4\\\/2022\\\/03\\\/buy-fentanyl-injections-online.jpg\",\"datePublished\":\"2022-03-19T01:50:06+00:00\",\"dateModified\":\"2023-01-02T15:40:13+00:00\",\"description\":\"Comprar inyecci\u00f3n de fentanilo, USP es una soluci\u00f3n acuosa est\u00e9ril, no pirog\u00e9nica y sin conservantes para inyecci\u00f3n intravenosa o intramuscular\",\"breadcrumb\":{\"@id\":\"https:\\\/\\\/gooddealersmeds.com\\\/es\\\/product\\\/comprar-fentanilo-inyecciones-online\\\/#breadcrumb\"},\"inLanguage\":\"en-US\",\"potentialAction\":[{\"@type\":\"ReadAction\",\"target\":[\"https:\\\/\\\/gooddealersmeds.com\\\/es\\\/product\\\/comprar-fentanilo-inyecciones-online\\\/\"]}]},{\"@type\":\"ImageObject\",\"inLanguage\":\"en-US\",\"@id\":\"https:\\\/\\\/gooddealersmeds.com\\\/es\\\/product\\\/comprar-fentanilo-inyecciones-online\\\/#primaryimage\",\"url\":\"https:\\\/\\\/gooddealersmeds.com\\\/es\\\/wp-content\\\/uploads\\\/sites\\\/4\\\/2022\\\/03\\\/buy-fentanyl-injections-online.jpg\",\"contentUrl\":\"https:\\\/\\\/gooddealersmeds.com\\\/es\\\/wp-content\\\/uploads\\\/sites\\\/4\\\/2022\\\/03\\\/buy-fentanyl-injections-online.jpg\",\"width\":600,\"height\":600,\"caption\":\"Buy fentanyl Injections Online\"},{\"@type\":\"BreadcrumbList\",\"@id\":\"https:\\\/\\\/gooddealersmeds.com\\\/es\\\/product\\\/comprar-fentanilo-inyecciones-online\\\/#breadcrumb\",\"itemListElement\":[{\"@type\":\"ListItem\",\"position\":1,\"name\":\"Home\",\"item\":\"https:\\\/\\\/gooddealersmeds.com\\\/es\\\/\"},{\"@type\":\"ListItem\",\"position\":2,\"name\":\"Productos\",\"item\":\"https:\\\/\\\/gooddealersmeds.com\\\/es\\\/productos\\\/\"},{\"@type\":\"ListItem\",\"position\":3,\"name\":\"Comprar inyecciones de fentanilo en l\u00ednea\"}]},{\"@type\":\"WebSite\",\"@id\":\"https:\\\/\\\/gooddealersmeds.com\\\/es\\\/#website\",\"url\":\"https:\\\/\\\/gooddealersmeds.com\\\/es\\\/\",\"name\":\"Good Dealers Meds\",\"description\":\"All our best\",\"publisher\":{\"@id\":\"https:\\\/\\\/gooddealersmeds.com\\\/es\\\/#organization\"},\"potentialAction\":[{\"@type\":\"SearchAction\",\"target\":{\"@type\":\"EntryPoint\",\"urlTemplate\":\"https:\\\/\\\/gooddealersmeds.com\\\/es\\\/?s={search_term_string}\"},\"query-input\":{\"@type\":\"PropertyValueSpecification\",\"valueRequired\":true,\"valueName\":\"search_term_string\"}}],\"inLanguage\":\"en-US\"},{\"@type\":\"Organization\",\"@id\":\"https:\\\/\\\/gooddealersmeds.com\\\/es\\\/#organization\",\"name\":\"Good Dealers Meds\",\"url\":\"https:\\\/\\\/gooddealersmeds.com\\\/es\\\/\",\"logo\":{\"@type\":\"ImageObject\",\"inLanguage\":\"en-US\",\"@id\":\"https:\\\/\\\/gooddealersmeds.com\\\/es\\\/#\\\/schema\\\/logo\\\/image\\\/\",\"url\":\"https:\\\/\\\/gooddealersmeds.com\\\/es\\\/wp-content\\\/uploads\\\/sites\\\/4\\\/2022\\\/03\\\/gooddealersmeds__logo__20220317T222800Z.00.png\",\"contentUrl\":\"https:\\\/\\\/gooddealersmeds.com\\\/es\\\/wp-content\\\/uploads\\\/sites\\\/4\\\/2022\\\/03\\\/gooddealersmeds__logo__20220317T222800Z.00.png\",\"width\":500,\"height\":325,\"caption\":\"Good Dealers Meds\"},\"image\":{\"@id\":\"https:\\\/\\\/gooddealersmeds.com\\\/es\\\/#\\\/schema\\\/logo\\\/image\\\/\"}}]}<\/script>\n<!-- \/ Yoast SEO Premium plugin. -->","yoast_head_json":{"title":"Comprar inyecci\u00f3n de fentanilo | ordenar fentanilo | Good Dealers Meds","description":"Comprar inyecci\u00f3n de fentanilo, USP es una soluci\u00f3n acuosa est\u00e9ril, no pirog\u00e9nica y sin conservantes para inyecci\u00f3n intravenosa o intramuscular","robots":{"index":"index","follow":"follow","max-snippet":"max-snippet:-1","max-image-preview":"max-image-preview:large","max-video-preview":"max-video-preview:-1"},"canonical":"https:\/\/gooddealersmeds.com\/es\/product\/comprar-fentanilo-inyecciones-online\/","og_locale":"en_US","og_type":"article","og_title":"Comprar inyecciones de fentanilo en l\u00ednea","og_description":"Comprar inyecci\u00f3n de fentanilo, USP es una soluci\u00f3n acuosa est\u00e9ril, no pirog\u00e9nica y sin conservantes para inyecci\u00f3n intravenosa o intramuscular","og_url":"https:\/\/gooddealersmeds.com\/es\/product\/comprar-fentanilo-inyecciones-online\/","og_site_name":"Good Dealers Meds","article_modified_time":"2023-01-02T15:40:13+00:00","og_image":[{"width":600,"height":600,"url":"https:\/\/gooddealersmeds.com\/es\/wp-content\/uploads\/sites\/4\/2022\/03\/buy-fentanyl-injections-online.jpg","type":"image\/jpeg"}],"twitter_card":"summary_large_image","twitter_misc":{"Est. reading time":"2 minutes"},"schema":{"@context":"https:\/\/schema.org","@graph":[{"@type":"WebPage","@id":"https:\/\/gooddealersmeds.com\/es\/product\/comprar-fentanilo-inyecciones-online\/","url":"https:\/\/gooddealersmeds.com\/es\/product\/comprar-fentanilo-inyecciones-online\/","name":"Comprar inyecci\u00f3n de fentanilo | ordenar fentanilo | Good Dealers Meds","isPartOf":{"@id":"https:\/\/gooddealersmeds.com\/es\/#website"},"primaryImageOfPage":{"@id":"https:\/\/gooddealersmeds.com\/es\/product\/comprar-fentanilo-inyecciones-online\/#primaryimage"},"image":{"@id":"https:\/\/gooddealersmeds.com\/es\/product\/comprar-fentanilo-inyecciones-online\/#primaryimage"},"thumbnailUrl":"https:\/\/gooddealersmeds.com\/es\/wp-content\/uploads\/sites\/4\/2022\/03\/buy-fentanyl-injections-online.jpg","datePublished":"2022-03-19T01:50:06+00:00","dateModified":"2023-01-02T15:40:13+00:00","description":"Comprar inyecci\u00f3n de fentanilo, USP es una soluci\u00f3n acuosa est\u00e9ril, no pirog\u00e9nica y sin conservantes para inyecci\u00f3n intravenosa o intramuscular","breadcrumb":{"@id":"https:\/\/gooddealersmeds.com\/es\/product\/comprar-fentanilo-inyecciones-online\/#breadcrumb"},"inLanguage":"en-US","potentialAction":[{"@type":"ReadAction","target":["https:\/\/gooddealersmeds.com\/es\/product\/comprar-fentanilo-inyecciones-online\/"]}]},{"@type":"ImageObject","inLanguage":"en-US","@id":"https:\/\/gooddealersmeds.com\/es\/product\/comprar-fentanilo-inyecciones-online\/#primaryimage","url":"https:\/\/gooddealersmeds.com\/es\/wp-content\/uploads\/sites\/4\/2022\/03\/buy-fentanyl-injections-online.jpg","contentUrl":"https:\/\/gooddealersmeds.com\/es\/wp-content\/uploads\/sites\/4\/2022\/03\/buy-fentanyl-injections-online.jpg","width":600,"height":600,"caption":"Buy fentanyl Injections Online"},{"@type":"BreadcrumbList","@id":"https:\/\/gooddealersmeds.com\/es\/product\/comprar-fentanilo-inyecciones-online\/#breadcrumb","itemListElement":[{"@type":"ListItem","position":1,"name":"Home","item":"https:\/\/gooddealersmeds.com\/es\/"},{"@type":"ListItem","position":2,"name":"Productos","item":"https:\/\/gooddealersmeds.com\/es\/productos\/"},{"@type":"ListItem","position":3,"name":"Comprar inyecciones de fentanilo en l\u00ednea"}]},{"@type":"WebSite","@id":"https:\/\/gooddealersmeds.com\/es\/#website","url":"https:\/\/gooddealersmeds.com\/es\/","name":"Good Dealers Meds","description":"All our best","publisher":{"@id":"https:\/\/gooddealersmeds.com\/es\/#organization"},"potentialAction":[{"@type":"SearchAction","target":{"@type":"EntryPoint","urlTemplate":"https:\/\/gooddealersmeds.com\/es\/?s={search_term_string}"},"query-input":{"@type":"PropertyValueSpecification","valueRequired":true,"valueName":"search_term_string"}}],"inLanguage":"en-US"},{"@type":"Organization","@id":"https:\/\/gooddealersmeds.com\/es\/#organization","name":"Good Dealers Meds","url":"https:\/\/gooddealersmeds.com\/es\/","logo":{"@type":"ImageObject","inLanguage":"en-US","@id":"https:\/\/gooddealersmeds.com\/es\/#\/schema\/logo\/image\/","url":"https:\/\/gooddealersmeds.com\/es\/wp-content\/uploads\/sites\/4\/2022\/03\/gooddealersmeds__logo__20220317T222800Z.00.png","contentUrl":"https:\/\/gooddealersmeds.com\/es\/wp-content\/uploads\/sites\/4\/2022\/03\/gooddealersmeds__logo__20220317T222800Z.00.png","width":500,"height":325,"caption":"Good Dealers Meds"},"image":{"@id":"https:\/\/gooddealersmeds.com\/es\/#\/schema\/logo\/image\/"}}]}},"_links":{"self":[{"href":"https:\/\/gooddealersmeds.com\/es\/wp-json\/wp\/v2\/product\/1715","targetHints":{"allow":["GET"]}}],"collection":[{"href":"https:\/\/gooddealersmeds.com\/es\/wp-json\/wp\/v2\/product"}],"about":[{"href":"https:\/\/gooddealersmeds.com\/es\/wp-json\/wp\/v2\/types\/product"}],"replies":[{"embeddable":true,"href":"https:\/\/gooddealersmeds.com\/es\/wp-json\/wp\/v2\/comments?post=1715"}],"wp:featuredmedia":[{"embeddable":true,"href":"https:\/\/gooddealersmeds.com\/es\/wp-json\/wp\/v2\/media\/1725"}],"wp:attachment":[{"href":"https:\/\/gooddealersmeds.com\/es\/wp-json\/wp\/v2\/media?parent=1715"}],"wp:term":[{"taxonomy":"product_brand","embeddable":true,"href":"https:\/\/gooddealersmeds.com\/es\/wp-json\/wp\/v2\/product_brand?post=1715"},{"taxonomy":"product_cat","embeddable":true,"href":"https:\/\/gooddealersmeds.com\/es\/wp-json\/wp\/v2\/product_cat?post=1715"},{"taxonomy":"product_tag","embeddable":true,"href":"https:\/\/gooddealersmeds.com\/es\/wp-json\/wp\/v2\/product_tag?post=1715"}],"curies":[{"name":"wp","href":"https:\/\/api.w.org\/{rel}","templated":true}]}}