{"id":1701,"date":"2022-03-19T01:31:58","date_gmt":"2022-03-19T01:31:58","guid":{"rendered":"https:\/\/gooddealersmeds.com\/es\/?post_type=product&#038;p=1701"},"modified":"2023-01-02T15:43:36","modified_gmt":"2023-01-02T15:43:36","slug":"comprar-ketamina-liquida-online","status":"publish","type":"product","link":"https:\/\/gooddealersmeds.com\/es\/product\/comprar-ketamina-liquida-online\/","title":{"rendered":"Comprar ketamina l\u00edquida en l\u00ednea"},"content":{"rendered":"<h2>D\u00f3nde conseguir ketamina l\u00edquida con un proveedor de confianza<\/h2>\n<p>Comprar ketamina l\u00edquida en l\u00ednea sin problemas y sin tarifas ocultas en productos qu\u00edmicos industriales en l\u00ednea. La ketamina es un medicamento \u00fanico, y las personas se asustaron, sufrieron da\u00f1os, robos o manoseos porque desconoc\u00edan las propiedades &#8216;disociativas&#8217; de la ketamina.<\/p>\n<p>La ketamina puede causar sensaciones de irrealidad, as\u00ed como alteraciones visuales y sensoriales. distorsiones, un sentido distorsionado del propio cuerpo, pensamientos y creencias temporalmente extra\u00f1os, y euforia o un zumbido.<\/p>\n<p>Aunque la ketamina solo dura de 15 a 40 minutos, disocia la conciencia del cuerpo, haci\u00e9ndolo incapaz de sentir o controlar su cuerpo con certeza. Caminar, correr o incluso moverse puede ser imposible, lo que puede ser perjudicial si de repente te encuentras en una situaci\u00f3n peligrosa.<\/p>\n<p>Las drogas disociativas pueden causar distorsi\u00f3n de la visi\u00f3n, el color, el sonido, el yo y el entorno. La ketamina viene en forma de l\u00edquido transparente o polvo blanquecino para inyecci\u00f3n intravenosa o aerosol nasal.<\/p>\n<p>\u00bfPor qu\u00e9 se usa la ketamina con fines m\u00e9dicos? La ketamina puede aliviar el dolor y causar p\u00e9rdida de memoria a corto plazo (por ejemplo, amnesia de un procedimiento m\u00e9dico).<\/p>\n<h3>Pida ketamina l\u00edquida aqu\u00ed y rec\u00edbala en la puerta de su casa<\/h3>\n<ul>\n<li><a href=\"https:\/\/gooddealersmeds.com\/es\/product\/buy -ketamina-liquid-online\/\">Ketamina<\/a>, a trav\u00e9s del bloqueo en el sitio N-metil-D-aspartato (NMDA), tiene una acci\u00f3n r\u00e1pida en la reducci\u00f3n de los s\u00edntomas de la depresi\u00f3n y la ideaci\u00f3n suicida aguda.<\/li>\n<li>En cirug\u00eda, se usa como agente de inducci\u00f3n y mantenimiento para la sedaci\u00f3n y para brindar anestesia general.<\/li>\n<li>Tambi\u00e9n se ha usado para controlar el dolor en la terapia de quemaduras, lesiones en el campo de batalla y en ni\u00f1os que no pueden usar otros anest\u00e9sicos. debido a efectos secundarios o alergias.<\/li>\n<\/ul>\n<p>Debido a que pueden ocurrir efectos adversos importantes, como ritmos card\u00edacos irregulares, se debe usar amiodarona o droxidopa. Esta no es una lista exhaustiva de todas las posibles interacciones. Preg\u00fantele a su m\u00e9dico si la ketamina puede interferir con cualquier otro medicamento que est\u00e9 tomando. Antes de comenzar o detener, consulte con su proveedor de atenci\u00f3n m\u00e9dica.<\/p>\n<p>Compre Ketamina l\u00edquida en l\u00ednea en <a href=\"https:\/\/gooddealersmeds.com\/es\">gooddealersmeds.com\/es<\/a>. \u00a1Las mejores ofertas! Disponible Ketamina en Polvo y L\u00edquido para Inyecci\u00f3n de alta pureza. No se requiere receta m\u00e9dica. Embalaje discreto. Entrega gratuita en todo el mundo. Comprar ketamina l\u00edquida en l\u00ednea<\/p>\n","protected":false},"excerpt":{"rendered":"<p>KETAMINA L\u00cdQUIDA A LA VENTA es un anest\u00e9sico, la ketamina es en realidad un tipo especial de anest\u00e9sico conocido como anest\u00e9sico disociativo.<\/p>\n","protected":false},"featured_media":1866,"comment_status":"open","ping_status":"closed","template":"","meta":{"inline_featured_image":false},"product_brand":[],"product_cat":[347],"product_tag":[278,273,271,267,264,265,268,269,266,270,272,274,275,276,279,277,280,281,282,283],"class_list":{"0":"post-1701","1":"product","2":"type-product","3":"status-publish","4":"has-post-thumbnail","6":"product_cat-opioide-analgsico","7":"product_tag-estante-sauce","8":"product_tag-panaeolus-cinturon","9":"product_tag-gimnasio-de-la-risa","10":"product_tag-gymnopilus-amarillo","11":"product_tag-gymnopilus-aeruginosus","12":"product_tag-gymnopilus-luteofolius","13":"product_tag-gymnopilus-purpuratus","14":"product_tag-gymnopilus-viridans","15":"product_tag-gymnopilus-luteoviridis","16":"product_tag-inocybe-aeruginascens","17":"product_tag-mycena-cyanorrhiza","18":"product_tag-panaeolus-cyanescens","19":"product_tag-pholiotina-cyanopus","20":"product_tag-pholiotina-smithii","21":"product_tag-pluteo-villoso","22":"product_tag-pluteus-nigroviridis","23":"product_tag-psilocybe-allenii","24":"product_tag-psilocybe-azurescens","25":"product_tag-psilocybe-mexicana","26":"product_tag-psilocybe-subaeruginosa","27":"pa_milliliters-100-ml","28":"pa_milliliters-250-ml","29":"pa_milliliters-50-ml","30":"pa_milliliters-500-ml","32":"first","33":"instock","34":"featured","35":"shipping-taxable","36":"purchasable","37":"product-type-variable","38":"has-default-attributes"},"yoast_head":"<!-- This site is optimized with the Yoast SEO Premium plugin v20.6 (Yoast SEO v27.3) - https:\/\/yoast.com\/product\/yoast-seo-premium-wordpress\/ -->\n<title>Comprar ketamina l\u00edquida en l\u00ednea | Venta de ketamina<\/title>\n<meta name=\"description\" content=\"Comprar ketamina l\u00edquida en l\u00ednea; en realidad, un tipo especial de anest\u00e9sico conocido como anest\u00e9sico disociativo que produce una p\u00e9rdida parcial de la sensibilidad.\" \/>\n<meta name=\"robots\" content=\"index, follow, max-snippet:-1, max-image-preview:large, max-video-preview:-1\" \/>\n<link rel=\"canonical\" href=\"https:\/\/gooddealersmeds.com\/es\/product\/comprar-ketamina-liquida-online\/\" \/>\n<meta property=\"og:locale\" content=\"en_US\" \/>\n<meta property=\"og:type\" content=\"article\" \/>\n<meta property=\"og:title\" content=\"Comprar ketamina l\u00edquida en l\u00ednea\" \/>\n<meta property=\"og:description\" content=\"Comprar ketamina l\u00edquida en l\u00ednea; en realidad, un tipo especial de anest\u00e9sico conocido como anest\u00e9sico disociativo que produce una p\u00e9rdida parcial de la sensibilidad.\" \/>\n<meta property=\"og:url\" content=\"https:\/\/gooddealersmeds.com\/es\/product\/comprar-ketamina-liquida-online\/\" \/>\n<meta property=\"og:site_name\" content=\"Good Dealers Meds\" \/>\n<meta property=\"article:modified_time\" content=\"2023-01-02T15:43:36+00:00\" \/>\n<meta property=\"og:image\" content=\"https:\/\/gooddealersmeds.com\/es\/wp-content\/uploads\/sites\/4\/2022\/03\/page_1_thumb_large.jpg\" \/>\n\t<meta property=\"og:image:width\" content=\"480\" \/>\n\t<meta property=\"og:image:height\" content=\"360\" \/>\n\t<meta property=\"og:image:type\" content=\"image\/jpeg\" \/>\n<meta name=\"twitter:card\" content=\"summary_large_image\" \/>\n<meta name=\"twitter:label1\" content=\"Est. reading time\" \/>\n\t<meta name=\"twitter:data1\" content=\"2 minutes\" \/>\n<script type=\"application\/ld+json\" class=\"yoast-schema-graph\">{\"@context\":\"https:\\\/\\\/schema.org\",\"@graph\":[{\"@type\":\"WebPage\",\"@id\":\"https:\\\/\\\/gooddealersmeds.com\\\/es\\\/product\\\/comprar-ketamina-liquida-online\\\/\",\"url\":\"https:\\\/\\\/gooddealersmeds.com\\\/es\\\/product\\\/comprar-ketamina-liquida-online\\\/\",\"name\":\"Comprar ketamina l\u00edquida en l\u00ednea | Venta de ketamina\",\"isPartOf\":{\"@id\":\"https:\\\/\\\/gooddealersmeds.com\\\/es\\\/#website\"},\"primaryImageOfPage\":{\"@id\":\"https:\\\/\\\/gooddealersmeds.com\\\/es\\\/product\\\/comprar-ketamina-liquida-online\\\/#primaryimage\"},\"image\":{\"@id\":\"https:\\\/\\\/gooddealersmeds.com\\\/es\\\/product\\\/comprar-ketamina-liquida-online\\\/#primaryimage\"},\"thumbnailUrl\":\"https:\\\/\\\/gooddealersmeds.com\\\/es\\\/wp-content\\\/uploads\\\/sites\\\/4\\\/2022\\\/03\\\/page_1_thumb_large.jpg\",\"datePublished\":\"2022-03-19T01:31:58+00:00\",\"dateModified\":\"2023-01-02T15:43:36+00:00\",\"description\":\"Comprar ketamina l\u00edquida en l\u00ednea; en realidad, un tipo especial de anest\u00e9sico conocido como anest\u00e9sico disociativo que produce una p\u00e9rdida parcial de la sensibilidad.\",\"breadcrumb\":{\"@id\":\"https:\\\/\\\/gooddealersmeds.com\\\/es\\\/product\\\/comprar-ketamina-liquida-online\\\/#breadcrumb\"},\"inLanguage\":\"en-US\",\"potentialAction\":[{\"@type\":\"ReadAction\",\"target\":[\"https:\\\/\\\/gooddealersmeds.com\\\/es\\\/product\\\/comprar-ketamina-liquida-online\\\/\"]}]},{\"@type\":\"ImageObject\",\"inLanguage\":\"en-US\",\"@id\":\"https:\\\/\\\/gooddealersmeds.com\\\/es\\\/product\\\/comprar-ketamina-liquida-online\\\/#primaryimage\",\"url\":\"https:\\\/\\\/gooddealersmeds.com\\\/es\\\/wp-content\\\/uploads\\\/sites\\\/4\\\/2022\\\/03\\\/page_1_thumb_large.jpg\",\"contentUrl\":\"https:\\\/\\\/gooddealersmeds.com\\\/es\\\/wp-content\\\/uploads\\\/sites\\\/4\\\/2022\\\/03\\\/page_1_thumb_large.jpg\",\"width\":480,\"height\":360,\"caption\":\"Buy Ketamine Liquid Online\"},{\"@type\":\"BreadcrumbList\",\"@id\":\"https:\\\/\\\/gooddealersmeds.com\\\/es\\\/product\\\/comprar-ketamina-liquida-online\\\/#breadcrumb\",\"itemListElement\":[{\"@type\":\"ListItem\",\"position\":1,\"name\":\"Home\",\"item\":\"https:\\\/\\\/gooddealersmeds.com\\\/es\\\/\"},{\"@type\":\"ListItem\",\"position\":2,\"name\":\"Productos\",\"item\":\"https:\\\/\\\/gooddealersmeds.com\\\/es\\\/productos\\\/\"},{\"@type\":\"ListItem\",\"position\":3,\"name\":\"Comprar ketamina l\u00edquida en l\u00ednea\"}]},{\"@type\":\"WebSite\",\"@id\":\"https:\\\/\\\/gooddealersmeds.com\\\/es\\\/#website\",\"url\":\"https:\\\/\\\/gooddealersmeds.com\\\/es\\\/\",\"name\":\"Good Dealers Meds\",\"description\":\"All our best\",\"publisher\":{\"@id\":\"https:\\\/\\\/gooddealersmeds.com\\\/es\\\/#organization\"},\"potentialAction\":[{\"@type\":\"SearchAction\",\"target\":{\"@type\":\"EntryPoint\",\"urlTemplate\":\"https:\\\/\\\/gooddealersmeds.com\\\/es\\\/?s={search_term_string}\"},\"query-input\":{\"@type\":\"PropertyValueSpecification\",\"valueRequired\":true,\"valueName\":\"search_term_string\"}}],\"inLanguage\":\"en-US\"},{\"@type\":\"Organization\",\"@id\":\"https:\\\/\\\/gooddealersmeds.com\\\/es\\\/#organization\",\"name\":\"Good Dealers Meds\",\"url\":\"https:\\\/\\\/gooddealersmeds.com\\\/es\\\/\",\"logo\":{\"@type\":\"ImageObject\",\"inLanguage\":\"en-US\",\"@id\":\"https:\\\/\\\/gooddealersmeds.com\\\/es\\\/#\\\/schema\\\/logo\\\/image\\\/\",\"url\":\"https:\\\/\\\/gooddealersmeds.com\\\/es\\\/wp-content\\\/uploads\\\/sites\\\/4\\\/2022\\\/03\\\/gooddealersmeds__logo__20220317T222800Z.00.png\",\"contentUrl\":\"https:\\\/\\\/gooddealersmeds.com\\\/es\\\/wp-content\\\/uploads\\\/sites\\\/4\\\/2022\\\/03\\\/gooddealersmeds__logo__20220317T222800Z.00.png\",\"width\":500,\"height\":325,\"caption\":\"Good Dealers Meds\"},\"image\":{\"@id\":\"https:\\\/\\\/gooddealersmeds.com\\\/es\\\/#\\\/schema\\\/logo\\\/image\\\/\"}}]}<\/script>\n<!-- \/ Yoast SEO Premium plugin. -->","yoast_head_json":{"title":"Comprar ketamina l\u00edquida en l\u00ednea | Venta de ketamina","description":"Comprar ketamina l\u00edquida en l\u00ednea; en realidad, un tipo especial de anest\u00e9sico conocido como anest\u00e9sico disociativo que produce una p\u00e9rdida parcial de la sensibilidad.","robots":{"index":"index","follow":"follow","max-snippet":"max-snippet:-1","max-image-preview":"max-image-preview:large","max-video-preview":"max-video-preview:-1"},"canonical":"https:\/\/gooddealersmeds.com\/es\/product\/comprar-ketamina-liquida-online\/","og_locale":"en_US","og_type":"article","og_title":"Comprar ketamina l\u00edquida en l\u00ednea","og_description":"Comprar ketamina l\u00edquida en l\u00ednea; en realidad, un tipo especial de anest\u00e9sico conocido como anest\u00e9sico disociativo que produce una p\u00e9rdida parcial de la sensibilidad.","og_url":"https:\/\/gooddealersmeds.com\/es\/product\/comprar-ketamina-liquida-online\/","og_site_name":"Good Dealers Meds","article_modified_time":"2023-01-02T15:43:36+00:00","og_image":[{"width":480,"height":360,"url":"https:\/\/gooddealersmeds.com\/es\/wp-content\/uploads\/sites\/4\/2022\/03\/page_1_thumb_large.jpg","type":"image\/jpeg"}],"twitter_card":"summary_large_image","twitter_misc":{"Est. reading time":"2 minutes"},"schema":{"@context":"https:\/\/schema.org","@graph":[{"@type":"WebPage","@id":"https:\/\/gooddealersmeds.com\/es\/product\/comprar-ketamina-liquida-online\/","url":"https:\/\/gooddealersmeds.com\/es\/product\/comprar-ketamina-liquida-online\/","name":"Comprar ketamina l\u00edquida en l\u00ednea | Venta de ketamina","isPartOf":{"@id":"https:\/\/gooddealersmeds.com\/es\/#website"},"primaryImageOfPage":{"@id":"https:\/\/gooddealersmeds.com\/es\/product\/comprar-ketamina-liquida-online\/#primaryimage"},"image":{"@id":"https:\/\/gooddealersmeds.com\/es\/product\/comprar-ketamina-liquida-online\/#primaryimage"},"thumbnailUrl":"https:\/\/gooddealersmeds.com\/es\/wp-content\/uploads\/sites\/4\/2022\/03\/page_1_thumb_large.jpg","datePublished":"2022-03-19T01:31:58+00:00","dateModified":"2023-01-02T15:43:36+00:00","description":"Comprar ketamina l\u00edquida en l\u00ednea; en realidad, un tipo especial de anest\u00e9sico conocido como anest\u00e9sico disociativo que produce una p\u00e9rdida parcial de la sensibilidad.","breadcrumb":{"@id":"https:\/\/gooddealersmeds.com\/es\/product\/comprar-ketamina-liquida-online\/#breadcrumb"},"inLanguage":"en-US","potentialAction":[{"@type":"ReadAction","target":["https:\/\/gooddealersmeds.com\/es\/product\/comprar-ketamina-liquida-online\/"]}]},{"@type":"ImageObject","inLanguage":"en-US","@id":"https:\/\/gooddealersmeds.com\/es\/product\/comprar-ketamina-liquida-online\/#primaryimage","url":"https:\/\/gooddealersmeds.com\/es\/wp-content\/uploads\/sites\/4\/2022\/03\/page_1_thumb_large.jpg","contentUrl":"https:\/\/gooddealersmeds.com\/es\/wp-content\/uploads\/sites\/4\/2022\/03\/page_1_thumb_large.jpg","width":480,"height":360,"caption":"Buy Ketamine Liquid Online"},{"@type":"BreadcrumbList","@id":"https:\/\/gooddealersmeds.com\/es\/product\/comprar-ketamina-liquida-online\/#breadcrumb","itemListElement":[{"@type":"ListItem","position":1,"name":"Home","item":"https:\/\/gooddealersmeds.com\/es\/"},{"@type":"ListItem","position":2,"name":"Productos","item":"https:\/\/gooddealersmeds.com\/es\/productos\/"},{"@type":"ListItem","position":3,"name":"Comprar ketamina l\u00edquida en l\u00ednea"}]},{"@type":"WebSite","@id":"https:\/\/gooddealersmeds.com\/es\/#website","url":"https:\/\/gooddealersmeds.com\/es\/","name":"Good Dealers Meds","description":"All our best","publisher":{"@id":"https:\/\/gooddealersmeds.com\/es\/#organization"},"potentialAction":[{"@type":"SearchAction","target":{"@type":"EntryPoint","urlTemplate":"https:\/\/gooddealersmeds.com\/es\/?s={search_term_string}"},"query-input":{"@type":"PropertyValueSpecification","valueRequired":true,"valueName":"search_term_string"}}],"inLanguage":"en-US"},{"@type":"Organization","@id":"https:\/\/gooddealersmeds.com\/es\/#organization","name":"Good Dealers Meds","url":"https:\/\/gooddealersmeds.com\/es\/","logo":{"@type":"ImageObject","inLanguage":"en-US","@id":"https:\/\/gooddealersmeds.com\/es\/#\/schema\/logo\/image\/","url":"https:\/\/gooddealersmeds.com\/es\/wp-content\/uploads\/sites\/4\/2022\/03\/gooddealersmeds__logo__20220317T222800Z.00.png","contentUrl":"https:\/\/gooddealersmeds.com\/es\/wp-content\/uploads\/sites\/4\/2022\/03\/gooddealersmeds__logo__20220317T222800Z.00.png","width":500,"height":325,"caption":"Good Dealers Meds"},"image":{"@id":"https:\/\/gooddealersmeds.com\/es\/#\/schema\/logo\/image\/"}}]}},"_links":{"self":[{"href":"https:\/\/gooddealersmeds.com\/es\/wp-json\/wp\/v2\/product\/1701","targetHints":{"allow":["GET"]}}],"collection":[{"href":"https:\/\/gooddealersmeds.com\/es\/wp-json\/wp\/v2\/product"}],"about":[{"href":"https:\/\/gooddealersmeds.com\/es\/wp-json\/wp\/v2\/types\/product"}],"replies":[{"embeddable":true,"href":"https:\/\/gooddealersmeds.com\/es\/wp-json\/wp\/v2\/comments?post=1701"}],"wp:featuredmedia":[{"embeddable":true,"href":"https:\/\/gooddealersmeds.com\/es\/wp-json\/wp\/v2\/media\/1866"}],"wp:attachment":[{"href":"https:\/\/gooddealersmeds.com\/es\/wp-json\/wp\/v2\/media?parent=1701"}],"wp:term":[{"taxonomy":"product_brand","embeddable":true,"href":"https:\/\/gooddealersmeds.com\/es\/wp-json\/wp\/v2\/product_brand?post=1701"},{"taxonomy":"product_cat","embeddable":true,"href":"https:\/\/gooddealersmeds.com\/es\/wp-json\/wp\/v2\/product_cat?post=1701"},{"taxonomy":"product_tag","embeddable":true,"href":"https:\/\/gooddealersmeds.com\/es\/wp-json\/wp\/v2\/product_tag?post=1701"}],"curies":[{"name":"wp","href":"https:\/\/api.w.org\/{rel}","templated":true}]}}