{"id":1689,"date":"2022-03-19T01:19:42","date_gmt":"2022-03-19T01:19:42","guid":{"rendered":"https:\/\/gooddealersmeds.com\/es\/?post_type=product&#038;p=1689"},"modified":"2023-01-02T15:46:31","modified_gmt":"2023-01-02T15:46:31","slug":"comprar-cocaina-online","status":"publish","type":"product","link":"https:\/\/gooddealersmeds.com\/es\/product\/comprar-cocaina-online\/","title":{"rendered":"Comprar coca\u00edna en l\u00ednea"},"content":{"rendered":"<h2>Coca\u00edna a la venta en l\u00ednea en Good Dealers Meds<\/h2>\n<p>Los clientes de toda Europa pueden comprar coca\u00edna en l\u00ednea desde nuestro sitio con o sin receta m\u00e9dica. La coca\u00edna es un polvo blanco. Es un estimulante del sistema nervioso central que provoca la liberaci\u00f3n de altos niveles de dopamina. El cerebro nos &#8216;recompensa&#8217; por participar en un comportamiento que mejora la vida, al liberar una avalancha de neuroqu\u00edmicos placenteros.<\/p>\n<p>La <a href=\"https:\/\/es.wikipedia.org\/wiki\/Coca%C3%ADna\">coca\u00edna<\/a> es un polvo blanco con un sabor amargo y adormecedor. Se presenta en 3 formas principales: clorhidrato de coca\u00edna, base libre y crack. Se puede inhalar por la nariz o mezclar con agua e inyectar con una aguja. Tambi\u00e9n se puede inyectar, frotar en las enc\u00edas o agregar a alimentos y bebidas. La coca\u00edna tambi\u00e9n se puede convertir en peque\u00f1as rocas blancas, llamadas crack. El crack se fuma en una peque\u00f1a pipa de vidrio.<\/p>\n<p>Acelera todo tu cuerpo. Puede sentirse lleno de energ\u00eda, feliz y emocionado. Pero entonces tu estado de \u00e1nimo puede cambiar. Puedes enfadarte, ponerte nervioso y temer que alguien te persiga. La coca\u00edna aumenta el ritmo card\u00edaco, la respiraci\u00f3n y la presi\u00f3n arterial. La fase ascendente es r\u00e1pida, conduce a la euforia ya una sensaci\u00f3n de poder y potencia intelectual. La coca\u00edna puede imitar una mayor vigilancia, dificultar los sentimientos de fatiga y conmoci\u00f3n f\u00edsica. Podr\u00edas hacer cosas que no tienen sentido. Despu\u00e9s de que el \u201csubid\u00f3n\u201d del it desaparece, puedes \u201cdesplomarte\u201d y sentirte cansado y triste durante d\u00edas. Tambi\u00e9n tienes un fuerte deseo de volver a tomar la droga para tratar de sentirte mejor.<\/p>\n<p><strong>Efectos de la coca\u00edna &#8211; Ordene coca\u00edna de alta pureza de nosotros?<\/strong><\/p>\n<p>Es una droga estimulante poderosamente adictiva hecha de las hojas de la planta de coca nativa de Am\u00e9rica del Sur. Aunque los proveedores de atenci\u00f3n m\u00e9dica pueden usarla con fines m\u00e9dicos v\u00e1lidos, como la anestesia local para algunas cirug\u00edas, la coca\u00edna es una droga ilegal. Es f\u00e1cil perder el control sobre su uso y volverse adicto. Entonces, incluso si recibe tratamiento, puede ser dif\u00edcil mantenerse alejado del medicamento. Las personas que dejaron de consumir coca\u00edna a\u00fan pueden sentir fuertes antojos por la droga, a veces incluso a\u00f1os despu\u00e9s.<\/p>\n<p>Puedes comprar coca\u00edna en l\u00ednea en nuestros <a href=\"https:\/\/gooddealersmeds.com\/es\/products\/\">tienda<\/a> con env\u00edo seguro a toda Europa.<\/p>\n<p>&nbsp;<\/p>\n","protected":false},"excerpt":{"rendered":"<p>Compra Coca\u00edna online en nuestra tienda ahora, es una droga estimulante extra\u00edda de las hojas de la Erythroxylon coca Lam, una especie de la planta de coca, que se cultiva en la regi\u00f3n andina de Am\u00e9rica del Sur. Se puede consumir en forma de coca\u00edna en polvo, que generalmente se inhala o se inyecta. Tambi\u00e9n se puede consumir en forma de crack, que normalmente se fuma, y \u200b\u200ben pasta, que tambi\u00e9n se fuma.<\/p>\n","protected":false},"featured_media":1700,"comment_status":"open","ping_status":"closed","template":"","meta":{"inline_featured_image":false},"product_brand":[],"product_cat":[343],"product_tag":[244,248,255,256,257,258,259,592,243,245,242,247,241,249,250,251,252,253,254,246,590,260,262,263,261,591,589],"class_list":{"0":"post-1689","1":"product","2":"type-product","3":"status-publish","4":"has-post-thumbnail","6":"product_cat-otros","7":"product_tag-buy-dmt-online","8":"product_tag-buy-methamphetamine-online","9":"product_tag-buy-psilocybe-weilii-online","10":"product_tag-buy-sea-salt-dark-chocolate","11":"product_tag-buy-transkei-magic-mushroom","12":"product_tag-buy-variety-pack-online","13":"product_tag-cherry-lime-gummy-bears","14":"product_tag-como-comprar-cocaina-discretamente","15":"product_tag-comprar-cocaina-online","16":"product_tag-comprar-lisrgico-cido-dietilamida","17":"product_tag-comprar-berry-sour-stars","18":"product_tag-comprar-mazatapec-hongo-magico","19":"product_tag-comprar-hongo-albino-p-e","20":"product_tag-comprar-panaeolus-cyanescens-online","21":"product_tag-comprar-psilocybe-azurenscens-online","22":"product_tag-comprar-psilocybe-mckennaii-online","23":"product_tag-comprar-psilocybe-mexicana-online","24":"product_tag-comprar-psilocybe-stuntzil-online","25":"product_tag-comprar-psilocybe-tempensis-online","26":"product_tag-comprar-hongos-magicos-malabar","27":"product_tag-donde-comprar-cocaina","28":"product_tag-galletas-y-crema-chocolate","29":"product_tag-pene-envidia-hongo-magico","30":"product_tag-top-lsd-en-venta","31":"product_tag-mastermind-dark-chocolate-bars","32":"product_tag-orden-de-cocaina-pura-en-linea","33":"product_tag-venta-de-cocaina","34":"pa_grams-1-kg-1000-g","35":"pa_grams-10-g","36":"pa_grams-100-g","37":"pa_grams-20-g","38":"pa_grams-200-g","39":"pa_grams-35-g","40":"pa_grams-50-g","41":"pa_grams-500-g","43":"first","44":"instock","45":"featured","46":"shipping-taxable","47":"purchasable","48":"product-type-variable","49":"has-default-attributes"},"yoast_head":"<!-- This site is optimized with the Yoast SEO Premium plugin v20.6 (Yoast SEO v27.3) - https:\/\/yoast.com\/product\/yoast-seo-premium-wordpress\/ -->\n<title>Comprar coca\u00edna en l\u00ednea | Coca\u00edna a la venta | Good Dealers Meds<\/title>\n<meta name=\"description\" content=\"Comprar coca\u00edna en l\u00ednea en nuestra tienda ahora, es una droga estimulante extra\u00edda de las hojas de la Erythroxylon coca Lam, una especie de la planta de coca.\" \/>\n<meta name=\"robots\" content=\"index, follow, max-snippet:-1, max-image-preview:large, max-video-preview:-1\" \/>\n<link rel=\"canonical\" href=\"https:\/\/gooddealersmeds.com\/es\/product\/comprar-cocaina-online\/\" \/>\n<meta property=\"og:locale\" content=\"en_US\" \/>\n<meta property=\"og:type\" content=\"article\" \/>\n<meta property=\"og:title\" content=\"Comprar coca\u00edna en l\u00ednea\" \/>\n<meta property=\"og:description\" content=\"Comprar coca\u00edna en l\u00ednea en nuestra tienda ahora, es una droga estimulante extra\u00edda de las hojas de la Erythroxylon coca Lam, una especie de la planta de coca.\" \/>\n<meta property=\"og:url\" content=\"https:\/\/gooddealersmeds.com\/es\/product\/comprar-cocaina-online\/\" \/>\n<meta property=\"og:site_name\" content=\"Good Dealers Meds\" \/>\n<meta property=\"article:modified_time\" content=\"2023-01-02T15:46:31+00:00\" \/>\n<meta property=\"og:image\" content=\"https:\/\/gooddealersmeds.com\/es\/wp-content\/uploads\/sites\/4\/2022\/03\/8097e257-2271-4a0c-9aeb-1705fa7333e8.jpg\" \/>\n\t<meta property=\"og:image:width\" content=\"687\" \/>\n\t<meta property=\"og:image:height\" content=\"687\" \/>\n\t<meta property=\"og:image:type\" content=\"image\/jpeg\" \/>\n<meta name=\"twitter:card\" content=\"summary_large_image\" \/>\n<meta name=\"twitter:label1\" content=\"Est. reading time\" \/>\n\t<meta name=\"twitter:data1\" content=\"2 minutes\" \/>\n<script type=\"application\/ld+json\" class=\"yoast-schema-graph\">{\"@context\":\"https:\\\/\\\/schema.org\",\"@graph\":[{\"@type\":\"WebPage\",\"@id\":\"https:\\\/\\\/gooddealersmeds.com\\\/es\\\/product\\\/comprar-cocaina-online\\\/\",\"url\":\"https:\\\/\\\/gooddealersmeds.com\\\/es\\\/product\\\/comprar-cocaina-online\\\/\",\"name\":\"Comprar coca\u00edna en l\u00ednea | Coca\u00edna a la venta | Good Dealers Meds\",\"isPartOf\":{\"@id\":\"https:\\\/\\\/gooddealersmeds.com\\\/es\\\/#website\"},\"primaryImageOfPage\":{\"@id\":\"https:\\\/\\\/gooddealersmeds.com\\\/es\\\/product\\\/comprar-cocaina-online\\\/#primaryimage\"},\"image\":{\"@id\":\"https:\\\/\\\/gooddealersmeds.com\\\/es\\\/product\\\/comprar-cocaina-online\\\/#primaryimage\"},\"thumbnailUrl\":\"https:\\\/\\\/gooddealersmeds.com\\\/es\\\/wp-content\\\/uploads\\\/sites\\\/4\\\/2022\\\/03\\\/8097e257-2271-4a0c-9aeb-1705fa7333e8.jpg\",\"datePublished\":\"2022-03-19T01:19:42+00:00\",\"dateModified\":\"2023-01-02T15:46:31+00:00\",\"description\":\"Comprar coca\u00edna en l\u00ednea en nuestra tienda ahora, es una droga estimulante extra\u00edda de las hojas de la Erythroxylon coca Lam, una especie de la planta de coca.\",\"breadcrumb\":{\"@id\":\"https:\\\/\\\/gooddealersmeds.com\\\/es\\\/product\\\/comprar-cocaina-online\\\/#breadcrumb\"},\"inLanguage\":\"en-US\",\"potentialAction\":[{\"@type\":\"ReadAction\",\"target\":[\"https:\\\/\\\/gooddealersmeds.com\\\/es\\\/product\\\/comprar-cocaina-online\\\/\"]}]},{\"@type\":\"ImageObject\",\"inLanguage\":\"en-US\",\"@id\":\"https:\\\/\\\/gooddealersmeds.com\\\/es\\\/product\\\/comprar-cocaina-online\\\/#primaryimage\",\"url\":\"https:\\\/\\\/gooddealersmeds.com\\\/es\\\/wp-content\\\/uploads\\\/sites\\\/4\\\/2022\\\/03\\\/8097e257-2271-4a0c-9aeb-1705fa7333e8.jpg\",\"contentUrl\":\"https:\\\/\\\/gooddealersmeds.com\\\/es\\\/wp-content\\\/uploads\\\/sites\\\/4\\\/2022\\\/03\\\/8097e257-2271-4a0c-9aeb-1705fa7333e8.jpg\",\"width\":687,\"height\":687,\"caption\":\"Buy Cocaine Online\"},{\"@type\":\"BreadcrumbList\",\"@id\":\"https:\\\/\\\/gooddealersmeds.com\\\/es\\\/product\\\/comprar-cocaina-online\\\/#breadcrumb\",\"itemListElement\":[{\"@type\":\"ListItem\",\"position\":1,\"name\":\"Home\",\"item\":\"https:\\\/\\\/gooddealersmeds.com\\\/es\\\/\"},{\"@type\":\"ListItem\",\"position\":2,\"name\":\"Productos\",\"item\":\"https:\\\/\\\/gooddealersmeds.com\\\/es\\\/productos\\\/\"},{\"@type\":\"ListItem\",\"position\":3,\"name\":\"Comprar coca\u00edna en l\u00ednea\"}]},{\"@type\":\"WebSite\",\"@id\":\"https:\\\/\\\/gooddealersmeds.com\\\/es\\\/#website\",\"url\":\"https:\\\/\\\/gooddealersmeds.com\\\/es\\\/\",\"name\":\"Good Dealers Meds\",\"description\":\"All our best\",\"publisher\":{\"@id\":\"https:\\\/\\\/gooddealersmeds.com\\\/es\\\/#organization\"},\"potentialAction\":[{\"@type\":\"SearchAction\",\"target\":{\"@type\":\"EntryPoint\",\"urlTemplate\":\"https:\\\/\\\/gooddealersmeds.com\\\/es\\\/?s={search_term_string}\"},\"query-input\":{\"@type\":\"PropertyValueSpecification\",\"valueRequired\":true,\"valueName\":\"search_term_string\"}}],\"inLanguage\":\"en-US\"},{\"@type\":\"Organization\",\"@id\":\"https:\\\/\\\/gooddealersmeds.com\\\/es\\\/#organization\",\"name\":\"Good Dealers Meds\",\"url\":\"https:\\\/\\\/gooddealersmeds.com\\\/es\\\/\",\"logo\":{\"@type\":\"ImageObject\",\"inLanguage\":\"en-US\",\"@id\":\"https:\\\/\\\/gooddealersmeds.com\\\/es\\\/#\\\/schema\\\/logo\\\/image\\\/\",\"url\":\"https:\\\/\\\/gooddealersmeds.com\\\/es\\\/wp-content\\\/uploads\\\/sites\\\/4\\\/2022\\\/03\\\/gooddealersmeds__logo__20220317T222800Z.00.png\",\"contentUrl\":\"https:\\\/\\\/gooddealersmeds.com\\\/es\\\/wp-content\\\/uploads\\\/sites\\\/4\\\/2022\\\/03\\\/gooddealersmeds__logo__20220317T222800Z.00.png\",\"width\":500,\"height\":325,\"caption\":\"Good Dealers Meds\"},\"image\":{\"@id\":\"https:\\\/\\\/gooddealersmeds.com\\\/es\\\/#\\\/schema\\\/logo\\\/image\\\/\"}}]}<\/script>\n<!-- \/ Yoast SEO Premium plugin. -->","yoast_head_json":{"title":"Comprar coca\u00edna en l\u00ednea | Coca\u00edna a la venta | Good Dealers Meds","description":"Comprar coca\u00edna en l\u00ednea en nuestra tienda ahora, es una droga estimulante extra\u00edda de las hojas de la Erythroxylon coca Lam, una especie de la planta de coca.","robots":{"index":"index","follow":"follow","max-snippet":"max-snippet:-1","max-image-preview":"max-image-preview:large","max-video-preview":"max-video-preview:-1"},"canonical":"https:\/\/gooddealersmeds.com\/es\/product\/comprar-cocaina-online\/","og_locale":"en_US","og_type":"article","og_title":"Comprar coca\u00edna en l\u00ednea","og_description":"Comprar coca\u00edna en l\u00ednea en nuestra tienda ahora, es una droga estimulante extra\u00edda de las hojas de la Erythroxylon coca Lam, una especie de la planta de coca.","og_url":"https:\/\/gooddealersmeds.com\/es\/product\/comprar-cocaina-online\/","og_site_name":"Good Dealers Meds","article_modified_time":"2023-01-02T15:46:31+00:00","og_image":[{"width":687,"height":687,"url":"https:\/\/gooddealersmeds.com\/es\/wp-content\/uploads\/sites\/4\/2022\/03\/8097e257-2271-4a0c-9aeb-1705fa7333e8.jpg","type":"image\/jpeg"}],"twitter_card":"summary_large_image","twitter_misc":{"Est. reading time":"2 minutes"},"schema":{"@context":"https:\/\/schema.org","@graph":[{"@type":"WebPage","@id":"https:\/\/gooddealersmeds.com\/es\/product\/comprar-cocaina-online\/","url":"https:\/\/gooddealersmeds.com\/es\/product\/comprar-cocaina-online\/","name":"Comprar coca\u00edna en l\u00ednea | Coca\u00edna a la venta | Good Dealers Meds","isPartOf":{"@id":"https:\/\/gooddealersmeds.com\/es\/#website"},"primaryImageOfPage":{"@id":"https:\/\/gooddealersmeds.com\/es\/product\/comprar-cocaina-online\/#primaryimage"},"image":{"@id":"https:\/\/gooddealersmeds.com\/es\/product\/comprar-cocaina-online\/#primaryimage"},"thumbnailUrl":"https:\/\/gooddealersmeds.com\/es\/wp-content\/uploads\/sites\/4\/2022\/03\/8097e257-2271-4a0c-9aeb-1705fa7333e8.jpg","datePublished":"2022-03-19T01:19:42+00:00","dateModified":"2023-01-02T15:46:31+00:00","description":"Comprar coca\u00edna en l\u00ednea en nuestra tienda ahora, es una droga estimulante extra\u00edda de las hojas de la Erythroxylon coca Lam, una especie de la planta de coca.","breadcrumb":{"@id":"https:\/\/gooddealersmeds.com\/es\/product\/comprar-cocaina-online\/#breadcrumb"},"inLanguage":"en-US","potentialAction":[{"@type":"ReadAction","target":["https:\/\/gooddealersmeds.com\/es\/product\/comprar-cocaina-online\/"]}]},{"@type":"ImageObject","inLanguage":"en-US","@id":"https:\/\/gooddealersmeds.com\/es\/product\/comprar-cocaina-online\/#primaryimage","url":"https:\/\/gooddealersmeds.com\/es\/wp-content\/uploads\/sites\/4\/2022\/03\/8097e257-2271-4a0c-9aeb-1705fa7333e8.jpg","contentUrl":"https:\/\/gooddealersmeds.com\/es\/wp-content\/uploads\/sites\/4\/2022\/03\/8097e257-2271-4a0c-9aeb-1705fa7333e8.jpg","width":687,"height":687,"caption":"Buy Cocaine Online"},{"@type":"BreadcrumbList","@id":"https:\/\/gooddealersmeds.com\/es\/product\/comprar-cocaina-online\/#breadcrumb","itemListElement":[{"@type":"ListItem","position":1,"name":"Home","item":"https:\/\/gooddealersmeds.com\/es\/"},{"@type":"ListItem","position":2,"name":"Productos","item":"https:\/\/gooddealersmeds.com\/es\/productos\/"},{"@type":"ListItem","position":3,"name":"Comprar coca\u00edna en l\u00ednea"}]},{"@type":"WebSite","@id":"https:\/\/gooddealersmeds.com\/es\/#website","url":"https:\/\/gooddealersmeds.com\/es\/","name":"Good Dealers Meds","description":"All our best","publisher":{"@id":"https:\/\/gooddealersmeds.com\/es\/#organization"},"potentialAction":[{"@type":"SearchAction","target":{"@type":"EntryPoint","urlTemplate":"https:\/\/gooddealersmeds.com\/es\/?s={search_term_string}"},"query-input":{"@type":"PropertyValueSpecification","valueRequired":true,"valueName":"search_term_string"}}],"inLanguage":"en-US"},{"@type":"Organization","@id":"https:\/\/gooddealersmeds.com\/es\/#organization","name":"Good Dealers Meds","url":"https:\/\/gooddealersmeds.com\/es\/","logo":{"@type":"ImageObject","inLanguage":"en-US","@id":"https:\/\/gooddealersmeds.com\/es\/#\/schema\/logo\/image\/","url":"https:\/\/gooddealersmeds.com\/es\/wp-content\/uploads\/sites\/4\/2022\/03\/gooddealersmeds__logo__20220317T222800Z.00.png","contentUrl":"https:\/\/gooddealersmeds.com\/es\/wp-content\/uploads\/sites\/4\/2022\/03\/gooddealersmeds__logo__20220317T222800Z.00.png","width":500,"height":325,"caption":"Good Dealers Meds"},"image":{"@id":"https:\/\/gooddealersmeds.com\/es\/#\/schema\/logo\/image\/"}}]}},"_links":{"self":[{"href":"https:\/\/gooddealersmeds.com\/es\/wp-json\/wp\/v2\/product\/1689","targetHints":{"allow":["GET"]}}],"collection":[{"href":"https:\/\/gooddealersmeds.com\/es\/wp-json\/wp\/v2\/product"}],"about":[{"href":"https:\/\/gooddealersmeds.com\/es\/wp-json\/wp\/v2\/types\/product"}],"replies":[{"embeddable":true,"href":"https:\/\/gooddealersmeds.com\/es\/wp-json\/wp\/v2\/comments?post=1689"}],"wp:featuredmedia":[{"embeddable":true,"href":"https:\/\/gooddealersmeds.com\/es\/wp-json\/wp\/v2\/media\/1700"}],"wp:attachment":[{"href":"https:\/\/gooddealersmeds.com\/es\/wp-json\/wp\/v2\/media?parent=1689"}],"wp:term":[{"taxonomy":"product_brand","embeddable":true,"href":"https:\/\/gooddealersmeds.com\/es\/wp-json\/wp\/v2\/product_brand?post=1689"},{"taxonomy":"product_cat","embeddable":true,"href":"https:\/\/gooddealersmeds.com\/es\/wp-json\/wp\/v2\/product_cat?post=1689"},{"taxonomy":"product_tag","embeddable":true,"href":"https:\/\/gooddealersmeds.com\/es\/wp-json\/wp\/v2\/product_tag?post=1689"}],"curies":[{"name":"wp","href":"https:\/\/api.w.org\/{rel}","templated":true}]}}