{"id":1678,"date":"2022-03-19T01:13:31","date_gmt":"2022-03-19T01:13:31","guid":{"rendered":"https:\/\/gooddealersmeds.com\/es\/?post_type=product&#038;p=1678"},"modified":"2023-01-02T15:49:22","modified_gmt":"2023-01-02T15:49:22","slug":"comprar-dmt-crystal-online","status":"publish","type":"product","link":"https:\/\/gooddealersmeds.com\/es\/product\/comprar-dmt-crystal-online\/","title":{"rendered":"Comprar Cristal DMT en l\u00ednea"},"content":{"rendered":"<h2>Cristal DMT de calidad a la venta en l\u00ednea en Good Dealers Meds<\/h2>\n<p>Comprar Cristal DMT en l\u00ednea en nuestra tienda. <a href=\"https:\/\/gooddealersmeds.com\/es\/product\/comprar-dmt-crystal-online\/\">DMT<\/a> es un compuesto psicod\u00e9lico y alucin\u00f3geno derivado de la planta Ayahuasca. El DMT es un qu\u00edmico natural que se encuentra en una variedad de animales y plantas.<\/p>\n<p>Tambi\u00e9n se ha encontrado que ocurre naturalmente en los humanos. DMT proviene principalmente de Am\u00e9rica del Sur, espec\u00edficamente de la selva amaz\u00f3nica. Cuando se consume DMT, se sabe que causa una variedad de efectos visuales y alucin\u00f3genos. Tambi\u00e9n se sabe que proporciona todos los beneficios para la salud mental de otras sustancias psicod\u00e9licas.<\/p>\n<p>Compre DMT Crystals en l\u00ednea a muy buen precio. Solo tenemos cristales de DMT para uso en laboratorio porque tienen una pureza de aproximadamente el 98,98 %. Esto indica que es extremadamente fuerte y, si se consume, puede lesionar a la persona.<\/p>\n<p>DMT Crystals a la venta en Europa. Esto es DMT en forma de cristal. DMT Crystals es una abreviatura de N, N-dimetiltriptamina. Es una droga psicod\u00e9lica fuerte con efectos serotonin\u00e9rgicos en el cerebro humano que puede proporcionar una experiencia psicod\u00e9lica r\u00e1pida e intensa conocida como &#8220;viaje DMT&#8221;. Las experiencias de DMT suelen estar marcadas por alucinaciones visuales, que con frecuencia involucran entidades poderosas, y con frecuencia se asocian con un significado m\u00e1s profundo. Esta profunda experiencia se conoce con frecuencia como un &#8220;avance de DMT&#8221;. La DMT en su forma de cristal se puede fumar, inhalar o inyectar como droga recreativa.<\/p>\n<p><strong>Ordene DMT Crystal con nosotros &#8211; Sepa c\u00f3mo usar DMT Crystal<\/strong><\/p>\n<p>La DMT generalmente no es para uso oral, excepto cuando se combina con un inhibidor de la monoaminooxidasa. Existen m\u00faltiples estrategias de absorci\u00f3n; por ejemplo, vaporizar, infundir o insuflar la droga crear\u00eda quimeras innovadoras por un corto per\u00edodo de tiempo.<\/p>\n<p>La DMT se puede consumir como t\u00e9 (ayahuasca), pero la forma m\u00e1s com\u00fan de consumirla es fum\u00e1ndola. \/vaporizarlo. Cuando se fuma\/vaporiza, el inicio es r\u00e1pido y los efectos son intensos y de corta duraci\u00f3n.<\/p>\n<p>A efectos de reducci\u00f3n de da\u00f1os, no es recomendable combinar sustancias. Una combinaci\u00f3n de sustancias no producir\u00e1 necesariamente una mezcla igual de efectos. Y es esencialmente una droga novedosa por derecho propio.<\/p>\n<p>Puede comprar cristales de DMT en l\u00ednea en nuestra tienda. Comprar Cristal DMT en l\u00ednea<\/p>\n<p>&nbsp;<\/p>\n","protected":false},"excerpt":{"rendered":"<p>N,N-dimetiltriptamina es una sustancia qu\u00edmica que se encuentra en muchas plantas y animales y que es tanto un derivado como un an\u00e1logo estructural de la triptamina. Se puede consumir como droga psicod\u00e9lica e hist\u00f3ricamente ha sido preparado por varias culturas con fines rituales como ente\u00f3geno<\/p>\n","protected":false},"featured_media":2018,"comment_status":"open","ping_status":"closed","template":"","meta":{"inline_featured_image":false},"product_brand":[],"product_cat":[345],"product_tag":[],"class_list":{"0":"post-1678","1":"product","2":"type-product","3":"status-publish","4":"has-post-thumbnail","6":"product_cat-drogas-psicodlicas","7":"pa_grams-1-kg-1000-g","8":"pa_grams-10-g","9":"pa_grams-100-g","10":"pa_grams-20-g","11":"pa_grams-200-g","12":"pa_grams-35-g","13":"pa_grams-50-g","14":"pa_grams-500-g","16":"first","17":"instock","18":"featured","19":"shipping-taxable","20":"purchasable","21":"product-type-variable","22":"has-default-attributes"},"yoast_head":"<!-- This site is optimized with the Yoast SEO Premium plugin v20.6 (Yoast SEO v27.3) - https:\/\/yoast.com\/product\/yoast-seo-premium-wordpress\/ -->\n<title>Comprar Cristal DMT en l\u00ednea | Cristal DMT de la mejor calidad<\/title>\n<meta name=\"description\" content=\"Comprar Cristal DMT en l\u00ednea: DMT es una droga alucin\u00f3gena y psicod\u00e9lica que altera la percepci\u00f3n del mundo que tiene el individuo.\" \/>\n<meta name=\"robots\" content=\"index, follow, max-snippet:-1, max-image-preview:large, max-video-preview:-1\" \/>\n<link rel=\"canonical\" href=\"https:\/\/gooddealersmeds.com\/es\/product\/comprar-dmt-crystal-online\/\" \/>\n<meta property=\"og:locale\" content=\"en_US\" \/>\n<meta property=\"og:type\" content=\"article\" \/>\n<meta property=\"og:title\" content=\"Comprar Cristal DMT en l\u00ednea\" \/>\n<meta property=\"og:description\" content=\"Comprar Cristal DMT en l\u00ednea: DMT es una droga alucin\u00f3gena y psicod\u00e9lica que altera la percepci\u00f3n del mundo que tiene el individuo.\" \/>\n<meta property=\"og:url\" content=\"https:\/\/gooddealersmeds.com\/es\/product\/comprar-dmt-crystal-online\/\" \/>\n<meta property=\"og:site_name\" content=\"Good Dealers Meds\" \/>\n<meta property=\"article:modified_time\" content=\"2023-01-02T15:49:22+00:00\" \/>\n<meta property=\"og:image\" content=\"https:\/\/gooddealersmeds.com\/es\/wp-content\/uploads\/sites\/4\/2022\/03\/wcafo2x8fv051-scaled.webp\" \/>\n\t<meta property=\"og:image:width\" content=\"2560\" \/>\n\t<meta property=\"og:image:height\" content=\"1920\" \/>\n\t<meta property=\"og:image:type\" content=\"image\/webp\" \/>\n<meta name=\"twitter:card\" content=\"summary_large_image\" \/>\n<meta name=\"twitter:label1\" content=\"Est. reading time\" \/>\n\t<meta name=\"twitter:data1\" content=\"2 minutes\" \/>\n<script type=\"application\/ld+json\" class=\"yoast-schema-graph\">{\"@context\":\"https:\\\/\\\/schema.org\",\"@graph\":[{\"@type\":\"WebPage\",\"@id\":\"https:\\\/\\\/gooddealersmeds.com\\\/es\\\/product\\\/comprar-dmt-crystal-online\\\/\",\"url\":\"https:\\\/\\\/gooddealersmeds.com\\\/es\\\/product\\\/comprar-dmt-crystal-online\\\/\",\"name\":\"Comprar Cristal DMT en l\u00ednea | Cristal DMT de la mejor calidad\",\"isPartOf\":{\"@id\":\"https:\\\/\\\/gooddealersmeds.com\\\/es\\\/#website\"},\"primaryImageOfPage\":{\"@id\":\"https:\\\/\\\/gooddealersmeds.com\\\/es\\\/product\\\/comprar-dmt-crystal-online\\\/#primaryimage\"},\"image\":{\"@id\":\"https:\\\/\\\/gooddealersmeds.com\\\/es\\\/product\\\/comprar-dmt-crystal-online\\\/#primaryimage\"},\"thumbnailUrl\":\"https:\\\/\\\/gooddealersmeds.com\\\/es\\\/wp-content\\\/uploads\\\/sites\\\/4\\\/2022\\\/03\\\/wcafo2x8fv051-scaled.webp\",\"datePublished\":\"2022-03-19T01:13:31+00:00\",\"dateModified\":\"2023-01-02T15:49:22+00:00\",\"description\":\"Comprar Cristal DMT en l\u00ednea: DMT es una droga alucin\u00f3gena y psicod\u00e9lica que altera la percepci\u00f3n del mundo que tiene el individuo.\",\"breadcrumb\":{\"@id\":\"https:\\\/\\\/gooddealersmeds.com\\\/es\\\/product\\\/comprar-dmt-crystal-online\\\/#breadcrumb\"},\"inLanguage\":\"en-US\",\"potentialAction\":[{\"@type\":\"ReadAction\",\"target\":[\"https:\\\/\\\/gooddealersmeds.com\\\/es\\\/product\\\/comprar-dmt-crystal-online\\\/\"]}]},{\"@type\":\"ImageObject\",\"inLanguage\":\"en-US\",\"@id\":\"https:\\\/\\\/gooddealersmeds.com\\\/es\\\/product\\\/comprar-dmt-crystal-online\\\/#primaryimage\",\"url\":\"https:\\\/\\\/gooddealersmeds.com\\\/es\\\/wp-content\\\/uploads\\\/sites\\\/4\\\/2022\\\/03\\\/wcafo2x8fv051-scaled.webp\",\"contentUrl\":\"https:\\\/\\\/gooddealersmeds.com\\\/es\\\/wp-content\\\/uploads\\\/sites\\\/4\\\/2022\\\/03\\\/wcafo2x8fv051-scaled.webp\",\"width\":2560,\"height\":1920,\"caption\":\"Buy DMT Crystal Online\"},{\"@type\":\"BreadcrumbList\",\"@id\":\"https:\\\/\\\/gooddealersmeds.com\\\/es\\\/product\\\/comprar-dmt-crystal-online\\\/#breadcrumb\",\"itemListElement\":[{\"@type\":\"ListItem\",\"position\":1,\"name\":\"Home\",\"item\":\"https:\\\/\\\/gooddealersmeds.com\\\/es\\\/\"},{\"@type\":\"ListItem\",\"position\":2,\"name\":\"Productos\",\"item\":\"https:\\\/\\\/gooddealersmeds.com\\\/es\\\/productos\\\/\"},{\"@type\":\"ListItem\",\"position\":3,\"name\":\"Comprar Cristal DMT en l\u00ednea\"}]},{\"@type\":\"WebSite\",\"@id\":\"https:\\\/\\\/gooddealersmeds.com\\\/es\\\/#website\",\"url\":\"https:\\\/\\\/gooddealersmeds.com\\\/es\\\/\",\"name\":\"Good Dealers Meds\",\"description\":\"All our best\",\"publisher\":{\"@id\":\"https:\\\/\\\/gooddealersmeds.com\\\/es\\\/#organization\"},\"potentialAction\":[{\"@type\":\"SearchAction\",\"target\":{\"@type\":\"EntryPoint\",\"urlTemplate\":\"https:\\\/\\\/gooddealersmeds.com\\\/es\\\/?s={search_term_string}\"},\"query-input\":{\"@type\":\"PropertyValueSpecification\",\"valueRequired\":true,\"valueName\":\"search_term_string\"}}],\"inLanguage\":\"en-US\"},{\"@type\":\"Organization\",\"@id\":\"https:\\\/\\\/gooddealersmeds.com\\\/es\\\/#organization\",\"name\":\"Good Dealers Meds\",\"url\":\"https:\\\/\\\/gooddealersmeds.com\\\/es\\\/\",\"logo\":{\"@type\":\"ImageObject\",\"inLanguage\":\"en-US\",\"@id\":\"https:\\\/\\\/gooddealersmeds.com\\\/es\\\/#\\\/schema\\\/logo\\\/image\\\/\",\"url\":\"https:\\\/\\\/gooddealersmeds.com\\\/es\\\/wp-content\\\/uploads\\\/sites\\\/4\\\/2022\\\/03\\\/gooddealersmeds__logo__20220317T222800Z.00.png\",\"contentUrl\":\"https:\\\/\\\/gooddealersmeds.com\\\/es\\\/wp-content\\\/uploads\\\/sites\\\/4\\\/2022\\\/03\\\/gooddealersmeds__logo__20220317T222800Z.00.png\",\"width\":500,\"height\":325,\"caption\":\"Good Dealers Meds\"},\"image\":{\"@id\":\"https:\\\/\\\/gooddealersmeds.com\\\/es\\\/#\\\/schema\\\/logo\\\/image\\\/\"}}]}<\/script>\n<!-- \/ Yoast SEO Premium plugin. -->","yoast_head_json":{"title":"Comprar Cristal DMT en l\u00ednea | Cristal DMT de la mejor calidad","description":"Comprar Cristal DMT en l\u00ednea: DMT es una droga alucin\u00f3gena y psicod\u00e9lica que altera la percepci\u00f3n del mundo que tiene el individuo.","robots":{"index":"index","follow":"follow","max-snippet":"max-snippet:-1","max-image-preview":"max-image-preview:large","max-video-preview":"max-video-preview:-1"},"canonical":"https:\/\/gooddealersmeds.com\/es\/product\/comprar-dmt-crystal-online\/","og_locale":"en_US","og_type":"article","og_title":"Comprar Cristal DMT en l\u00ednea","og_description":"Comprar Cristal DMT en l\u00ednea: DMT es una droga alucin\u00f3gena y psicod\u00e9lica que altera la percepci\u00f3n del mundo que tiene el individuo.","og_url":"https:\/\/gooddealersmeds.com\/es\/product\/comprar-dmt-crystal-online\/","og_site_name":"Good Dealers Meds","article_modified_time":"2023-01-02T15:49:22+00:00","og_image":[{"width":2560,"height":1920,"url":"https:\/\/gooddealersmeds.com\/es\/wp-content\/uploads\/sites\/4\/2022\/03\/wcafo2x8fv051-scaled.webp","type":"image\/webp"}],"twitter_card":"summary_large_image","twitter_misc":{"Est. reading time":"2 minutes"},"schema":{"@context":"https:\/\/schema.org","@graph":[{"@type":"WebPage","@id":"https:\/\/gooddealersmeds.com\/es\/product\/comprar-dmt-crystal-online\/","url":"https:\/\/gooddealersmeds.com\/es\/product\/comprar-dmt-crystal-online\/","name":"Comprar Cristal DMT en l\u00ednea | Cristal DMT de la mejor calidad","isPartOf":{"@id":"https:\/\/gooddealersmeds.com\/es\/#website"},"primaryImageOfPage":{"@id":"https:\/\/gooddealersmeds.com\/es\/product\/comprar-dmt-crystal-online\/#primaryimage"},"image":{"@id":"https:\/\/gooddealersmeds.com\/es\/product\/comprar-dmt-crystal-online\/#primaryimage"},"thumbnailUrl":"https:\/\/gooddealersmeds.com\/es\/wp-content\/uploads\/sites\/4\/2022\/03\/wcafo2x8fv051-scaled.webp","datePublished":"2022-03-19T01:13:31+00:00","dateModified":"2023-01-02T15:49:22+00:00","description":"Comprar Cristal DMT en l\u00ednea: DMT es una droga alucin\u00f3gena y psicod\u00e9lica que altera la percepci\u00f3n del mundo que tiene el individuo.","breadcrumb":{"@id":"https:\/\/gooddealersmeds.com\/es\/product\/comprar-dmt-crystal-online\/#breadcrumb"},"inLanguage":"en-US","potentialAction":[{"@type":"ReadAction","target":["https:\/\/gooddealersmeds.com\/es\/product\/comprar-dmt-crystal-online\/"]}]},{"@type":"ImageObject","inLanguage":"en-US","@id":"https:\/\/gooddealersmeds.com\/es\/product\/comprar-dmt-crystal-online\/#primaryimage","url":"https:\/\/gooddealersmeds.com\/es\/wp-content\/uploads\/sites\/4\/2022\/03\/wcafo2x8fv051-scaled.webp","contentUrl":"https:\/\/gooddealersmeds.com\/es\/wp-content\/uploads\/sites\/4\/2022\/03\/wcafo2x8fv051-scaled.webp","width":2560,"height":1920,"caption":"Buy DMT Crystal Online"},{"@type":"BreadcrumbList","@id":"https:\/\/gooddealersmeds.com\/es\/product\/comprar-dmt-crystal-online\/#breadcrumb","itemListElement":[{"@type":"ListItem","position":1,"name":"Home","item":"https:\/\/gooddealersmeds.com\/es\/"},{"@type":"ListItem","position":2,"name":"Productos","item":"https:\/\/gooddealersmeds.com\/es\/productos\/"},{"@type":"ListItem","position":3,"name":"Comprar Cristal DMT en l\u00ednea"}]},{"@type":"WebSite","@id":"https:\/\/gooddealersmeds.com\/es\/#website","url":"https:\/\/gooddealersmeds.com\/es\/","name":"Good Dealers Meds","description":"All our best","publisher":{"@id":"https:\/\/gooddealersmeds.com\/es\/#organization"},"potentialAction":[{"@type":"SearchAction","target":{"@type":"EntryPoint","urlTemplate":"https:\/\/gooddealersmeds.com\/es\/?s={search_term_string}"},"query-input":{"@type":"PropertyValueSpecification","valueRequired":true,"valueName":"search_term_string"}}],"inLanguage":"en-US"},{"@type":"Organization","@id":"https:\/\/gooddealersmeds.com\/es\/#organization","name":"Good Dealers Meds","url":"https:\/\/gooddealersmeds.com\/es\/","logo":{"@type":"ImageObject","inLanguage":"en-US","@id":"https:\/\/gooddealersmeds.com\/es\/#\/schema\/logo\/image\/","url":"https:\/\/gooddealersmeds.com\/es\/wp-content\/uploads\/sites\/4\/2022\/03\/gooddealersmeds__logo__20220317T222800Z.00.png","contentUrl":"https:\/\/gooddealersmeds.com\/es\/wp-content\/uploads\/sites\/4\/2022\/03\/gooddealersmeds__logo__20220317T222800Z.00.png","width":500,"height":325,"caption":"Good Dealers Meds"},"image":{"@id":"https:\/\/gooddealersmeds.com\/es\/#\/schema\/logo\/image\/"}}]}},"_links":{"self":[{"href":"https:\/\/gooddealersmeds.com\/es\/wp-json\/wp\/v2\/product\/1678","targetHints":{"allow":["GET"]}}],"collection":[{"href":"https:\/\/gooddealersmeds.com\/es\/wp-json\/wp\/v2\/product"}],"about":[{"href":"https:\/\/gooddealersmeds.com\/es\/wp-json\/wp\/v2\/types\/product"}],"replies":[{"embeddable":true,"href":"https:\/\/gooddealersmeds.com\/es\/wp-json\/wp\/v2\/comments?post=1678"}],"wp:featuredmedia":[{"embeddable":true,"href":"https:\/\/gooddealersmeds.com\/es\/wp-json\/wp\/v2\/media\/2018"}],"wp:attachment":[{"href":"https:\/\/gooddealersmeds.com\/es\/wp-json\/wp\/v2\/media?parent=1678"}],"wp:term":[{"taxonomy":"product_brand","embeddable":true,"href":"https:\/\/gooddealersmeds.com\/es\/wp-json\/wp\/v2\/product_brand?post=1678"},{"taxonomy":"product_cat","embeddable":true,"href":"https:\/\/gooddealersmeds.com\/es\/wp-json\/wp\/v2\/product_cat?post=1678"},{"taxonomy":"product_tag","embeddable":true,"href":"https:\/\/gooddealersmeds.com\/es\/wp-json\/wp\/v2\/product_tag?post=1678"}],"curies":[{"name":"wp","href":"https:\/\/api.w.org\/{rel}","templated":true}]}}