{"id":1667,"date":"2022-03-19T01:05:58","date_gmt":"2022-03-19T01:05:58","guid":{"rendered":"https:\/\/gooddealersmeds.com\/es\/?post_type=product&#038;p=1667"},"modified":"2023-01-02T15:52:32","modified_gmt":"2023-01-02T15:52:32","slug":"comprar-heroina-blanca-100-pura-online","status":"publish","type":"product","link":"https:\/\/gooddealersmeds.com\/es\/product\/comprar-heroina-blanca-100-pura-online\/","title":{"rendered":"Comprar hero\u00edna blanca 100% pura online"},"content":{"rendered":"<h2>Hero\u00edna blanca 100% pura a la venta en l\u00ednea<\/h2>\n<p>Comprar hero\u00edna blanca en l\u00ednea 100% Chees en nuestro <a href=\"https:\/\/gooddealersmeds.com\/es\/products\/\"><span style=\"color: #333333\">tienda en l\u00ednea<\/span><\/a>. La hero\u00edna es un polvo blanco o marr\u00f3n o una sustancia pegajosa negra. Es un\u00a0<span style=\"color: #333333\"><a id=\"anch_43\" style=\"color: #333333\" href=\"https:\/\/medlineplus.gov\/opioidmisuseandaddiction.html\">medicamento opioide<\/a> <\/span>\u00a0hecho de morfina, una sustancia natural en la vaina de la planta de amapola asi\u00e1tica. Se puede mezclar con agua e inyectar con una aguja. La hero\u00edna tambi\u00e9n se puede fumar o inhalar por la nariz. Todas estas formas de tomar hero\u00edna la env\u00edan al cerebro muy r\u00e1pidamente. Esto lo hace muy adictivo. Compre White Heroin Online.<\/p>\n<p>Las consecuencias mentales pueden incluir una fuerte sensaci\u00f3n de euforia, excitaci\u00f3n sexual, p\u00e9rdida de conexi\u00f3n con la realidad o rabia. Los s\u00edntomas f\u00edsicos pueden incluir latidos card\u00edacos r\u00e1pidos, transpiraci\u00f3n y grandes bandadas. Compre Coca\u00edna en l\u00ednea. Comprar hero\u00edna blanca en l\u00ednea<\/p>\n<p>Enviamos todos los productos directamente desde nuestro almac\u00e9n a trav\u00e9s de un servicio de env\u00edo discreto. Por razones de seguridad, recibir\u00e1 nuestra mejor coca\u00edna en frascos o envases de medicamentos\/alimentos. Depende del peso y la disponibilidad de materiales de empaque.<\/p>\n<p>Debido a que la hero\u00edna en polvo blanco es f\u00e1cilmente soluble en agua, la mayor\u00eda de los consumidores de hero\u00edna se inyectan la droga. Algunas personas lo huelen. Por lo general, no se fuma porque se quema a una temperatura mucho m\u00e1s alta que otras formas de hero\u00edna.<\/p>\n<p>El polvo de hero\u00edna blanca a veces huele a vinagre y tiene un sabor amargo. El fino polvo blanco puede confundirse f\u00e1cilmente con la coca\u00edna.<\/p>\n<p>&nbsp;<\/p>\n<pre><strong>Comprar hero\u00edna blanca 100 % pura online - comprar hero\u00edna blanca, comprar hero\u00edna blanca 100 % pura, comprar Hero\u00edna Blanca 100% online, D\u00f3nde Comprar Hero\u00edna Blanca 100% pura, Venta de Hero\u00edna Blanca 100% pura, Venta de Hero\u00edna Blanca 100% pura, comprar Hero\u00edna Blanca online, d\u00f3nde Comprar Hero\u00edna Blanca 100% pura online, Hero\u00edna Blanca 100% puro a la venta en EE. UU., EE. UU., Canad\u00e1, Reino Unido, comprar, en l\u00ednea, proveedores, entrega segura, a\u00fan puede obtener hero\u00edna blanca 100% pura, \u00bfes legal la hero\u00edna blanca 100% pura en EE. UU.? comprar hero\u00edna blanca 100% pura en l\u00ednea EE. UU. c\u00f3mo pedir hero\u00edna blanca 100 % pura, \u00bfes legal la hero\u00edna blanca 100 % pura en Canad\u00e1?<\/strong><\/pre>\n","protected":false},"excerpt":{"rendered":"<p>Hoy en d\u00eda, comprar hero\u00edna blanca 100% pura en l\u00ednea se ha vuelto muy dif\u00edcil. Pero aqu\u00ed, en Comprar hero\u00edna en l\u00ednea, puede encontrar muchos tipos de hero\u00edna disponibles para la venta con env\u00edo gratis en pedidos al por mayor.<\/p>\n","protected":false},"featured_media":1677,"comment_status":"open","ping_status":"closed","template":"","meta":{"inline_featured_image":false},"product_brand":[],"product_cat":[343],"product_tag":[237,234,107,230,105,236,227,226,225,235,228,231,104,110,232,108,109,106,229,233],"class_list":{"0":"post-1667","1":"product","2":"type-product","3":"status-publish","4":"has-post-thumbnail","6":"product_cat-otros","7":"product_tag-es-white-heroin-100-pura-legal-en-canada","8":"product_tag-es-white-heroin-100-pure-legal-in-usa","9":"product_tag-buy","10":"product_tag-buy-white-heroin-online","11":"product_tag-canada","12":"product_tag-cmo-pedir-herona-blanca-100-pura","13":"product_tag-comprar-heroina-blanca-100-online","14":"product_tag-comprar-heroina-blanca-100-pura","15":"product_tag-comprar-heroina-blanca-100-pura-online-comprar-heroina-blanca","16":"product_tag-comprar-heroina-blanca-100-pura-online-usa","17":"product_tag-donde-comprar-heroina-blanca-100-pura","18":"product_tag-donde-comprar-heroina-blanca-100-pura-online","19":"product_tag-ee-uu","20":"product_tag-entrega-segura","21":"product_tag-herona-blanca-100-pura-para-la-venta-en-usa","22":"product_tag-online","23":"product_tag-proveedores","24":"product_tag-reino-unido","25":"product_tag-blanco-herona-100-pura-para-la-venta","26":"product_tag-usted-todava-puede-obtener-herona-blanca-100-pura","27":"pa_grams-1-kg-1000-g","28":"pa_grams-10-g","29":"pa_grams-100-g","30":"pa_grams-20-g","31":"pa_grams-200-g","32":"pa_grams-35-g","33":"pa_grams-50-g","34":"pa_grams-500-g","36":"first","37":"instock","38":"featured","39":"shipping-taxable","40":"purchasable","41":"product-type-variable","42":"has-default-attributes"},"yoast_head":"<!-- This site is optimized with the Yoast SEO Premium plugin v20.6 (Yoast SEO v27.4) - https:\/\/yoast.com\/product\/yoast-seo-premium-wordpress\/ -->\n<title>Comprar hero\u00edna blanca en l\u00ednea (100% pura) | Venta de hero\u00edna<\/title>\n<meta name=\"description\" content=\"En estos d\u00edas, comprar hero\u00edna blanca 100% pura en l\u00ednea se ha vuelto muy dif\u00edcil. Pero aqu\u00ed, en Comprar hero\u00edna en l\u00ednea, puede encontrar muchos tipos de hero\u00edna.\" \/>\n<meta name=\"robots\" content=\"index, follow, max-snippet:-1, max-image-preview:large, max-video-preview:-1\" \/>\n<link rel=\"canonical\" href=\"https:\/\/gooddealersmeds.com\/es\/product\/comprar-heroina-blanca-100-pura-online\/\" \/>\n<meta property=\"og:locale\" content=\"en_US\" \/>\n<meta property=\"og:type\" content=\"article\" \/>\n<meta property=\"og:title\" content=\"Comprar hero\u00edna blanca 100% pura online\" \/>\n<meta property=\"og:description\" content=\"En estos d\u00edas, comprar hero\u00edna blanca 100% pura en l\u00ednea se ha vuelto muy dif\u00edcil. Pero aqu\u00ed, en Comprar hero\u00edna en l\u00ednea, puede encontrar muchos tipos de hero\u00edna.\" \/>\n<meta property=\"og:url\" content=\"https:\/\/gooddealersmeds.com\/es\/product\/comprar-heroina-blanca-100-pura-online\/\" \/>\n<meta property=\"og:site_name\" content=\"Good Dealers Meds\" \/>\n<meta property=\"article:modified_time\" content=\"2023-01-02T15:52:32+00:00\" \/>\n<meta property=\"og:image\" content=\"https:\/\/gooddealersmeds.com\/es\/wp-content\/uploads\/sites\/4\/2022\/03\/Buy-White-Heroin-100-pure-online.jpg\" \/>\n\t<meta property=\"og:image:width\" content=\"600\" \/>\n\t<meta property=\"og:image:height\" content=\"600\" \/>\n\t<meta property=\"og:image:type\" content=\"image\/jpeg\" \/>\n<meta name=\"twitter:card\" content=\"summary_large_image\" \/>\n<meta name=\"twitter:label1\" content=\"Est. reading time\" \/>\n\t<meta name=\"twitter:data1\" content=\"2 minutes\" \/>\n<script type=\"application\/ld+json\" class=\"yoast-schema-graph\">{\"@context\":\"https:\\\/\\\/schema.org\",\"@graph\":[{\"@type\":\"WebPage\",\"@id\":\"https:\\\/\\\/gooddealersmeds.com\\\/es\\\/product\\\/comprar-heroina-blanca-100-pura-online\\\/\",\"url\":\"https:\\\/\\\/gooddealersmeds.com\\\/es\\\/product\\\/comprar-heroina-blanca-100-pura-online\\\/\",\"name\":\"Comprar hero\u00edna blanca en l\u00ednea (100% pura) | Venta de hero\u00edna\",\"isPartOf\":{\"@id\":\"https:\\\/\\\/gooddealersmeds.com\\\/es\\\/#website\"},\"primaryImageOfPage\":{\"@id\":\"https:\\\/\\\/gooddealersmeds.com\\\/es\\\/product\\\/comprar-heroina-blanca-100-pura-online\\\/#primaryimage\"},\"image\":{\"@id\":\"https:\\\/\\\/gooddealersmeds.com\\\/es\\\/product\\\/comprar-heroina-blanca-100-pura-online\\\/#primaryimage\"},\"thumbnailUrl\":\"https:\\\/\\\/gooddealersmeds.com\\\/es\\\/wp-content\\\/uploads\\\/sites\\\/4\\\/2022\\\/03\\\/Buy-White-Heroin-100-pure-online.jpg\",\"datePublished\":\"2022-03-19T01:05:58+00:00\",\"dateModified\":\"2023-01-02T15:52:32+00:00\",\"description\":\"En estos d\u00edas, comprar hero\u00edna blanca 100% pura en l\u00ednea se ha vuelto muy dif\u00edcil. Pero aqu\u00ed, en Comprar hero\u00edna en l\u00ednea, puede encontrar muchos tipos de hero\u00edna.\",\"breadcrumb\":{\"@id\":\"https:\\\/\\\/gooddealersmeds.com\\\/es\\\/product\\\/comprar-heroina-blanca-100-pura-online\\\/#breadcrumb\"},\"inLanguage\":\"en-US\",\"potentialAction\":[{\"@type\":\"ReadAction\",\"target\":[\"https:\\\/\\\/gooddealersmeds.com\\\/es\\\/product\\\/comprar-heroina-blanca-100-pura-online\\\/\"]}]},{\"@type\":\"ImageObject\",\"inLanguage\":\"en-US\",\"@id\":\"https:\\\/\\\/gooddealersmeds.com\\\/es\\\/product\\\/comprar-heroina-blanca-100-pura-online\\\/#primaryimage\",\"url\":\"https:\\\/\\\/gooddealersmeds.com\\\/es\\\/wp-content\\\/uploads\\\/sites\\\/4\\\/2022\\\/03\\\/Buy-White-Heroin-100-pure-online.jpg\",\"contentUrl\":\"https:\\\/\\\/gooddealersmeds.com\\\/es\\\/wp-content\\\/uploads\\\/sites\\\/4\\\/2022\\\/03\\\/Buy-White-Heroin-100-pure-online.jpg\",\"width\":600,\"height\":600,\"caption\":\"Buy White Heroin Online\"},{\"@type\":\"BreadcrumbList\",\"@id\":\"https:\\\/\\\/gooddealersmeds.com\\\/es\\\/product\\\/comprar-heroina-blanca-100-pura-online\\\/#breadcrumb\",\"itemListElement\":[{\"@type\":\"ListItem\",\"position\":1,\"name\":\"Home\",\"item\":\"https:\\\/\\\/gooddealersmeds.com\\\/es\\\/\"},{\"@type\":\"ListItem\",\"position\":2,\"name\":\"Productos\",\"item\":\"https:\\\/\\\/gooddealersmeds.com\\\/es\\\/productos\\\/\"},{\"@type\":\"ListItem\",\"position\":3,\"name\":\"Comprar hero\u00edna blanca 100% pura online\"}]},{\"@type\":\"WebSite\",\"@id\":\"https:\\\/\\\/gooddealersmeds.com\\\/es\\\/#website\",\"url\":\"https:\\\/\\\/gooddealersmeds.com\\\/es\\\/\",\"name\":\"Good Dealers Meds\",\"description\":\"All our best\",\"publisher\":{\"@id\":\"https:\\\/\\\/gooddealersmeds.com\\\/es\\\/#organization\"},\"potentialAction\":[{\"@type\":\"SearchAction\",\"target\":{\"@type\":\"EntryPoint\",\"urlTemplate\":\"https:\\\/\\\/gooddealersmeds.com\\\/es\\\/?s={search_term_string}\"},\"query-input\":{\"@type\":\"PropertyValueSpecification\",\"valueRequired\":true,\"valueName\":\"search_term_string\"}}],\"inLanguage\":\"en-US\"},{\"@type\":\"Organization\",\"@id\":\"https:\\\/\\\/gooddealersmeds.com\\\/es\\\/#organization\",\"name\":\"Good Dealers Meds\",\"url\":\"https:\\\/\\\/gooddealersmeds.com\\\/es\\\/\",\"logo\":{\"@type\":\"ImageObject\",\"inLanguage\":\"en-US\",\"@id\":\"https:\\\/\\\/gooddealersmeds.com\\\/es\\\/#\\\/schema\\\/logo\\\/image\\\/\",\"url\":\"https:\\\/\\\/gooddealersmeds.com\\\/es\\\/wp-content\\\/uploads\\\/sites\\\/4\\\/2022\\\/03\\\/gooddealersmeds__logo__20220317T222800Z.00.png\",\"contentUrl\":\"https:\\\/\\\/gooddealersmeds.com\\\/es\\\/wp-content\\\/uploads\\\/sites\\\/4\\\/2022\\\/03\\\/gooddealersmeds__logo__20220317T222800Z.00.png\",\"width\":500,\"height\":325,\"caption\":\"Good Dealers Meds\"},\"image\":{\"@id\":\"https:\\\/\\\/gooddealersmeds.com\\\/es\\\/#\\\/schema\\\/logo\\\/image\\\/\"}}]}<\/script>\n<!-- \/ Yoast SEO Premium plugin. -->","yoast_head_json":{"title":"Comprar hero\u00edna blanca en l\u00ednea (100% pura) | Venta de hero\u00edna","description":"En estos d\u00edas, comprar hero\u00edna blanca 100% pura en l\u00ednea se ha vuelto muy dif\u00edcil. Pero aqu\u00ed, en Comprar hero\u00edna en l\u00ednea, puede encontrar muchos tipos de hero\u00edna.","robots":{"index":"index","follow":"follow","max-snippet":"max-snippet:-1","max-image-preview":"max-image-preview:large","max-video-preview":"max-video-preview:-1"},"canonical":"https:\/\/gooddealersmeds.com\/es\/product\/comprar-heroina-blanca-100-pura-online\/","og_locale":"en_US","og_type":"article","og_title":"Comprar hero\u00edna blanca 100% pura online","og_description":"En estos d\u00edas, comprar hero\u00edna blanca 100% pura en l\u00ednea se ha vuelto muy dif\u00edcil. Pero aqu\u00ed, en Comprar hero\u00edna en l\u00ednea, puede encontrar muchos tipos de hero\u00edna.","og_url":"https:\/\/gooddealersmeds.com\/es\/product\/comprar-heroina-blanca-100-pura-online\/","og_site_name":"Good Dealers Meds","article_modified_time":"2023-01-02T15:52:32+00:00","og_image":[{"width":600,"height":600,"url":"https:\/\/gooddealersmeds.com\/es\/wp-content\/uploads\/sites\/4\/2022\/03\/Buy-White-Heroin-100-pure-online.jpg","type":"image\/jpeg"}],"twitter_card":"summary_large_image","twitter_misc":{"Est. reading time":"2 minutes"},"schema":{"@context":"https:\/\/schema.org","@graph":[{"@type":"WebPage","@id":"https:\/\/gooddealersmeds.com\/es\/product\/comprar-heroina-blanca-100-pura-online\/","url":"https:\/\/gooddealersmeds.com\/es\/product\/comprar-heroina-blanca-100-pura-online\/","name":"Comprar hero\u00edna blanca en l\u00ednea (100% pura) | Venta de hero\u00edna","isPartOf":{"@id":"https:\/\/gooddealersmeds.com\/es\/#website"},"primaryImageOfPage":{"@id":"https:\/\/gooddealersmeds.com\/es\/product\/comprar-heroina-blanca-100-pura-online\/#primaryimage"},"image":{"@id":"https:\/\/gooddealersmeds.com\/es\/product\/comprar-heroina-blanca-100-pura-online\/#primaryimage"},"thumbnailUrl":"https:\/\/gooddealersmeds.com\/es\/wp-content\/uploads\/sites\/4\/2022\/03\/Buy-White-Heroin-100-pure-online.jpg","datePublished":"2022-03-19T01:05:58+00:00","dateModified":"2023-01-02T15:52:32+00:00","description":"En estos d\u00edas, comprar hero\u00edna blanca 100% pura en l\u00ednea se ha vuelto muy dif\u00edcil. Pero aqu\u00ed, en Comprar hero\u00edna en l\u00ednea, puede encontrar muchos tipos de hero\u00edna.","breadcrumb":{"@id":"https:\/\/gooddealersmeds.com\/es\/product\/comprar-heroina-blanca-100-pura-online\/#breadcrumb"},"inLanguage":"en-US","potentialAction":[{"@type":"ReadAction","target":["https:\/\/gooddealersmeds.com\/es\/product\/comprar-heroina-blanca-100-pura-online\/"]}]},{"@type":"ImageObject","inLanguage":"en-US","@id":"https:\/\/gooddealersmeds.com\/es\/product\/comprar-heroina-blanca-100-pura-online\/#primaryimage","url":"https:\/\/gooddealersmeds.com\/es\/wp-content\/uploads\/sites\/4\/2022\/03\/Buy-White-Heroin-100-pure-online.jpg","contentUrl":"https:\/\/gooddealersmeds.com\/es\/wp-content\/uploads\/sites\/4\/2022\/03\/Buy-White-Heroin-100-pure-online.jpg","width":600,"height":600,"caption":"Buy White Heroin Online"},{"@type":"BreadcrumbList","@id":"https:\/\/gooddealersmeds.com\/es\/product\/comprar-heroina-blanca-100-pura-online\/#breadcrumb","itemListElement":[{"@type":"ListItem","position":1,"name":"Home","item":"https:\/\/gooddealersmeds.com\/es\/"},{"@type":"ListItem","position":2,"name":"Productos","item":"https:\/\/gooddealersmeds.com\/es\/productos\/"},{"@type":"ListItem","position":3,"name":"Comprar hero\u00edna blanca 100% pura online"}]},{"@type":"WebSite","@id":"https:\/\/gooddealersmeds.com\/es\/#website","url":"https:\/\/gooddealersmeds.com\/es\/","name":"Good Dealers Meds","description":"All our best","publisher":{"@id":"https:\/\/gooddealersmeds.com\/es\/#organization"},"potentialAction":[{"@type":"SearchAction","target":{"@type":"EntryPoint","urlTemplate":"https:\/\/gooddealersmeds.com\/es\/?s={search_term_string}"},"query-input":{"@type":"PropertyValueSpecification","valueRequired":true,"valueName":"search_term_string"}}],"inLanguage":"en-US"},{"@type":"Organization","@id":"https:\/\/gooddealersmeds.com\/es\/#organization","name":"Good Dealers Meds","url":"https:\/\/gooddealersmeds.com\/es\/","logo":{"@type":"ImageObject","inLanguage":"en-US","@id":"https:\/\/gooddealersmeds.com\/es\/#\/schema\/logo\/image\/","url":"https:\/\/gooddealersmeds.com\/es\/wp-content\/uploads\/sites\/4\/2022\/03\/gooddealersmeds__logo__20220317T222800Z.00.png","contentUrl":"https:\/\/gooddealersmeds.com\/es\/wp-content\/uploads\/sites\/4\/2022\/03\/gooddealersmeds__logo__20220317T222800Z.00.png","width":500,"height":325,"caption":"Good Dealers Meds"},"image":{"@id":"https:\/\/gooddealersmeds.com\/es\/#\/schema\/logo\/image\/"}}]}},"_links":{"self":[{"href":"https:\/\/gooddealersmeds.com\/es\/wp-json\/wp\/v2\/product\/1667","targetHints":{"allow":["GET"]}}],"collection":[{"href":"https:\/\/gooddealersmeds.com\/es\/wp-json\/wp\/v2\/product"}],"about":[{"href":"https:\/\/gooddealersmeds.com\/es\/wp-json\/wp\/v2\/types\/product"}],"replies":[{"embeddable":true,"href":"https:\/\/gooddealersmeds.com\/es\/wp-json\/wp\/v2\/comments?post=1667"}],"wp:featuredmedia":[{"embeddable":true,"href":"https:\/\/gooddealersmeds.com\/es\/wp-json\/wp\/v2\/media\/1677"}],"wp:attachment":[{"href":"https:\/\/gooddealersmeds.com\/es\/wp-json\/wp\/v2\/media?parent=1667"}],"wp:term":[{"taxonomy":"product_brand","embeddable":true,"href":"https:\/\/gooddealersmeds.com\/es\/wp-json\/wp\/v2\/product_brand?post=1667"},{"taxonomy":"product_cat","embeddable":true,"href":"https:\/\/gooddealersmeds.com\/es\/wp-json\/wp\/v2\/product_cat?post=1667"},{"taxonomy":"product_tag","embeddable":true,"href":"https:\/\/gooddealersmeds.com\/es\/wp-json\/wp\/v2\/product_tag?post=1667"}],"curies":[{"name":"wp","href":"https:\/\/api.w.org\/{rel}","templated":true}]}}