{"id":1657,"date":"2022-03-19T00:58:27","date_gmt":"2022-03-19T00:58:27","guid":{"rendered":"https:\/\/gooddealersmeds.com\/es\/?post_type=product&#038;p=1657"},"modified":"2023-01-02T16:00:18","modified_gmt":"2023-01-02T16:00:18","slug":"pedir-cocaina-en-polvo-online-98-8-pura","status":"publish","type":"product","link":"https:\/\/gooddealersmeds.com\/es\/product\/pedir-cocaina-en-polvo-online-98-8-pura\/","title":{"rendered":"Ordene coca\u00edna en polvo en l\u00ednea 98.8% pura"},"content":{"rendered":"<h2>Comprar Polvo de Coca\u00edna Online<\/h2>\n<p>Comprar polvo de coca\u00edna puro online con la mejor calidad en nuestros <a href=\"https:\/\/gooddealersmeds.com\/es\/products\/\"><span style=\"color: #333333\">tienda en l\u00ednea<\/span><\/a>. El polvo de coca\u00edna es la forma m\u00e1s com\u00fan de coca\u00edna. Tambi\u00e9n se conoce como una droga callejera debido a esta raz\u00f3n. Este polvo est\u00e1 hecho de las plantas de Coca que se encuentran en los pa\u00edses del sur en su mayor\u00eda y com\u00fanmente.<\/p>\n<p>Es un poderoso estimulante que se usa en el tratamiento de muchas enfermedades al actuar directamente sobre el cerebro central. Este estimulante mejora los qu\u00edmicos particulares en el cerebro para realizar algunas acciones deseadas en el sistema de \u00f3rganos humanos. Debido a sus m\u00faltiples caracter\u00edsticas, es la forma de coca\u00edna m\u00e1s utilizada en todo el mundo.<\/p>\n<p>Coca\u00edna en polvo frente a otra forma de coca\u00edna<\/p>\n<p><strong>M\u00e9todo para usar coca\u00edna en polvo<\/strong><\/p>\n<p>El polvo de coca\u00edna no solo es \u00fatil para el cuerpo humano. Pero tambi\u00e9n es menos da\u00f1ino para la salud humana, que es la caracter\u00edstica clave detr\u00e1s de su \u00e9xito. A menudo se usa mezcl\u00e1ndolo con otros prof\u00e1rmacos como fentanilo, polvos de talco, etc. Pero puede ser da\u00f1ino para la salud humana cuando se usa mezcl\u00e1ndolo con fentanilo sin control.<\/p>\n<p>Por lo tanto, debe controlarse cuando se usa una pro-droga tan poderosa. Hay muchas maneras en que las personas usan este polvo como inhalaci\u00f3n, fumando en forma de cigarrillo o inyect\u00e1ndose directamente en la vena. La forma en que se debe usar depende de la condici\u00f3n f\u00edsica y mental de los seres humanos.<\/p>\n<p>Algunas personas tambi\u00e9n usan este polvo mezcl\u00e1ndolo con refrescos, pero es un m\u00e9todo muy peligroso para tomarlo.<\/p>\n<p><strong>Uso m\u00e9dico del polvo de coca\u00edna<\/strong><\/p>\n<p>El polvo de coca\u00edna tambi\u00e9n aumenta el sistema de respuesta del cerebro humano al aumentar la cantidad de sustancia qu\u00edmica que contiene. Los m\u00e9dicos prescriben este medicamento cuando se trata de personas que sufren de pereza en sus movimientos y acciones. Venta de clorhidrato de coca\u00edna<\/p>\n<p>Adem\u00e1s, es utilizado por los m\u00e9dicos en muchas operaciones quir\u00fargicas para reducir la sensaci\u00f3n de dolor. Su uso a corto plazo es muy \u00fatil para los seres humanos porque proporciona a la mente humana una sensaci\u00f3n de felicidad y energ\u00eda. Debido a estas caracter\u00edsticas, es popular entre todo tipo de personas en este mundo.<\/p>\n<p>La coca\u00edna en polvo est\u00e1 disponible y es f\u00e1cilmente accesible para todos en el mercado en l\u00ednea. Nuestra tienda en l\u00ednea tambi\u00e9n ofrece este polvo \u00fanico a precios muy razonables. Adem\u00e1s, ofrecemos la entrega m\u00e1s r\u00e1pida del producto en la puerta de su casa. Comprar polvo de coca\u00edna en l\u00ednea<\/p>\n<p>&nbsp;<\/p>\n<p>&nbsp;<\/p>\n<pre><strong>Ordene coca\u00edna en polvo en l\u00ednea con una pureza del 98,8 % - comprar cocaina en polvo, comprar cocaina en polvo online 98,8% pura, comprar cocaina en polvo online, donde comprar cocaina en polvo online 98,8% pura,cocaina en polvo online 98,8% pura a la venta, cocaina en polvo online 98,8% pura a la venta, comprar cocaina en polvo online , d\u00f3nde comprar coca\u00edna en polvo en l\u00ednea, coca\u00edna en polvo en l\u00ednea 98,8 % pura a la venta en EE. UU., EE. UU., Canad\u00e1, Reino Unido, comprar, en l\u00ednea, proveedores, entrega segura, a\u00fan puede obtener coca\u00edna en polvo en l\u00ednea 98,8 % pura, es coca\u00edna en polvo en l\u00ednea 98,8 % pura legal en EE. UU., comprar coca\u00edna en polvo en l\u00ednea 98,8 % pura en l\u00ednea en EE. UU., c\u00f3mo pedir coca\u00edna en polvo en l\u00ednea 98,8 % pura, \u00bfEs legal la coca\u00edna en polvo en l\u00ednea 98,8 % pura en Canad\u00e1?<\/strong><\/pre>\n","protected":false},"excerpt":{"rendered":"<p>Compre coca\u00edna en polvo en l\u00ednea. Compra coca\u00edna, coca\u00edna, coca\u00edna crack. Polvo blanco puro, sin cortar y cortado, disponible en stock. El embalaje y el env\u00edo son muy discretos y eluden todas las costumbres o la aplicaci\u00f3n de la ley. comprar cocaina online, venta de cocaina, cocaina legal, comprar cocaina online con tarjeta de credito, venta de cocaina en polvo.<\/p>\n","protected":false},"featured_media":1666,"comment_status":"open","ping_status":"closed","template":"","meta":{"inline_featured_image":false},"product_brand":[],"product_cat":[343],"product_tag":[223,220,594,107,105,218,222,221,213,214,593,217,110,108,212,109,219,216],"class_list":{"0":"post-1657","1":"product","2":"type-product","3":"status-publish","4":"has-post-thumbnail","6":"product_cat-otros","7":"product_tag-es-cocaina-en-polvo-online-98-8-pura-legal-en-canada","8":"product_tag-es-cocaina-en-polvo-online-98-8-pura-legal-en-usa","9":"product_tag-8-pura","10":"product_tag-buy","11":"product_tag-canada","12":"product_tag-cocaina-en-polvo-en-linea-98-8-pura-para-la-venta-en-ee-uu","13":"product_tag-como-pedir-cocaina-en-polvo-online-98-8-pura","14":"product_tag-comprar-cocaina-en-polvo-online-98-8-pura-online-usa","15":"product_tag-comprar-cocaina-en-polvo-online-98-8-pura","16":"product_tag-comprar-cocaina-en-polvo-online","17":"product_tag-donde-comprar-cocaina-en-polvo-online-98","18":"product_tag-donde-comprar-cocaina-en-polvo-online","19":"product_tag-entrega-segura","20":"product_tag-online","21":"product_tag-pedir-cocaina-en-polvo-online-98-8-pura-comprar-cocaina-en-polvo","22":"product_tag-proveedores","23":"product_tag-usted-todava-puede-obtener-cocana-en-polvo-online-98-8-pura","24":"product_tag-cocaina-en-polvo-online-98-8-pura-para-la-venta","25":"pa_grams-1-kg-1000-g","26":"pa_grams-10-g","27":"pa_grams-100-g","28":"pa_grams-20-g","29":"pa_grams-200-g","30":"pa_grams-35-g","31":"pa_grams-50-g","32":"pa_grams-500-g","34":"first","35":"instock","36":"featured","37":"shipping-taxable","38":"purchasable","39":"product-type-variable","40":"has-default-attributes"},"yoast_head":"<!-- This site is optimized with the Yoast SEO Premium plugin v20.6 (Yoast SEO v27.3) - https:\/\/yoast.com\/product\/yoast-seo-premium-wordpress\/ -->\n<title>Comprar polvo de coca\u00edna en l\u00ednea (98,8 % puro) | Venta de coca\u00edna<\/title>\n<meta name=\"description\" content=\"Comprar polvo de coca\u00edna en l\u00ednea pura en la mejor calidad. Somos el proveedor m\u00e1s confiable y m\u00e1s discreto de crack barato en l\u00ednea.\" \/>\n<meta name=\"robots\" content=\"index, follow, max-snippet:-1, max-image-preview:large, max-video-preview:-1\" \/>\n<link rel=\"canonical\" href=\"https:\/\/gooddealersmeds.com\/es\/product\/pedir-cocaina-en-polvo-online-98-8-pura\/\" \/>\n<meta property=\"og:locale\" content=\"en_US\" \/>\n<meta property=\"og:type\" content=\"article\" \/>\n<meta property=\"og:title\" content=\"Ordene coca\u00edna en polvo en l\u00ednea 98.8% pura\" \/>\n<meta property=\"og:description\" content=\"Comprar polvo de coca\u00edna en l\u00ednea pura en la mejor calidad. Somos el proveedor m\u00e1s confiable y m\u00e1s discreto de crack barato en l\u00ednea.\" \/>\n<meta property=\"og:url\" content=\"https:\/\/gooddealersmeds.com\/es\/product\/pedir-cocaina-en-polvo-online-98-8-pura\/\" \/>\n<meta property=\"og:site_name\" content=\"Good Dealers Meds\" \/>\n<meta property=\"article:modified_time\" content=\"2023-01-02T16:00:18+00:00\" \/>\n<meta property=\"og:image\" content=\"https:\/\/gooddealersmeds.com\/es\/wp-content\/uploads\/sites\/4\/2022\/03\/coc.jpg\" \/>\n\t<meta property=\"og:image:width\" content=\"600\" \/>\n\t<meta property=\"og:image:height\" content=\"600\" \/>\n\t<meta property=\"og:image:type\" content=\"image\/jpeg\" \/>\n<meta name=\"twitter:card\" content=\"summary_large_image\" \/>\n<meta name=\"twitter:label1\" content=\"Est. reading time\" \/>\n\t<meta name=\"twitter:data1\" content=\"3 minutes\" \/>\n<script type=\"application\/ld+json\" class=\"yoast-schema-graph\">{\"@context\":\"https:\\\/\\\/schema.org\",\"@graph\":[{\"@type\":\"WebPage\",\"@id\":\"https:\\\/\\\/gooddealersmeds.com\\\/es\\\/product\\\/pedir-cocaina-en-polvo-online-98-8-pura\\\/\",\"url\":\"https:\\\/\\\/gooddealersmeds.com\\\/es\\\/product\\\/pedir-cocaina-en-polvo-online-98-8-pura\\\/\",\"name\":\"Comprar polvo de coca\u00edna en l\u00ednea (98,8 % puro) | Venta de coca\u00edna\",\"isPartOf\":{\"@id\":\"https:\\\/\\\/gooddealersmeds.com\\\/es\\\/#website\"},\"primaryImageOfPage\":{\"@id\":\"https:\\\/\\\/gooddealersmeds.com\\\/es\\\/product\\\/pedir-cocaina-en-polvo-online-98-8-pura\\\/#primaryimage\"},\"image\":{\"@id\":\"https:\\\/\\\/gooddealersmeds.com\\\/es\\\/product\\\/pedir-cocaina-en-polvo-online-98-8-pura\\\/#primaryimage\"},\"thumbnailUrl\":\"https:\\\/\\\/gooddealersmeds.com\\\/es\\\/wp-content\\\/uploads\\\/sites\\\/4\\\/2022\\\/03\\\/coc.jpg\",\"datePublished\":\"2022-03-19T00:58:27+00:00\",\"dateModified\":\"2023-01-02T16:00:18+00:00\",\"description\":\"Comprar polvo de coca\u00edna en l\u00ednea pura en la mejor calidad. Somos el proveedor m\u00e1s confiable y m\u00e1s discreto de crack barato en l\u00ednea.\",\"breadcrumb\":{\"@id\":\"https:\\\/\\\/gooddealersmeds.com\\\/es\\\/product\\\/pedir-cocaina-en-polvo-online-98-8-pura\\\/#breadcrumb\"},\"inLanguage\":\"en-US\",\"potentialAction\":[{\"@type\":\"ReadAction\",\"target\":[\"https:\\\/\\\/gooddealersmeds.com\\\/es\\\/product\\\/pedir-cocaina-en-polvo-online-98-8-pura\\\/\"]}]},{\"@type\":\"ImageObject\",\"inLanguage\":\"en-US\",\"@id\":\"https:\\\/\\\/gooddealersmeds.com\\\/es\\\/product\\\/pedir-cocaina-en-polvo-online-98-8-pura\\\/#primaryimage\",\"url\":\"https:\\\/\\\/gooddealersmeds.com\\\/es\\\/wp-content\\\/uploads\\\/sites\\\/4\\\/2022\\\/03\\\/coc.jpg\",\"contentUrl\":\"https:\\\/\\\/gooddealersmeds.com\\\/es\\\/wp-content\\\/uploads\\\/sites\\\/4\\\/2022\\\/03\\\/coc.jpg\",\"width\":600,\"height\":600,\"caption\":\"Buy Cocaine Powder Online\"},{\"@type\":\"BreadcrumbList\",\"@id\":\"https:\\\/\\\/gooddealersmeds.com\\\/es\\\/product\\\/pedir-cocaina-en-polvo-online-98-8-pura\\\/#breadcrumb\",\"itemListElement\":[{\"@type\":\"ListItem\",\"position\":1,\"name\":\"Home\",\"item\":\"https:\\\/\\\/gooddealersmeds.com\\\/es\\\/\"},{\"@type\":\"ListItem\",\"position\":2,\"name\":\"Productos\",\"item\":\"https:\\\/\\\/gooddealersmeds.com\\\/es\\\/productos\\\/\"},{\"@type\":\"ListItem\",\"position\":3,\"name\":\"Ordene coca\u00edna en polvo en l\u00ednea 98.8% pura\"}]},{\"@type\":\"WebSite\",\"@id\":\"https:\\\/\\\/gooddealersmeds.com\\\/es\\\/#website\",\"url\":\"https:\\\/\\\/gooddealersmeds.com\\\/es\\\/\",\"name\":\"Good Dealers Meds\",\"description\":\"All our best\",\"publisher\":{\"@id\":\"https:\\\/\\\/gooddealersmeds.com\\\/es\\\/#organization\"},\"potentialAction\":[{\"@type\":\"SearchAction\",\"target\":{\"@type\":\"EntryPoint\",\"urlTemplate\":\"https:\\\/\\\/gooddealersmeds.com\\\/es\\\/?s={search_term_string}\"},\"query-input\":{\"@type\":\"PropertyValueSpecification\",\"valueRequired\":true,\"valueName\":\"search_term_string\"}}],\"inLanguage\":\"en-US\"},{\"@type\":\"Organization\",\"@id\":\"https:\\\/\\\/gooddealersmeds.com\\\/es\\\/#organization\",\"name\":\"Good Dealers Meds\",\"url\":\"https:\\\/\\\/gooddealersmeds.com\\\/es\\\/\",\"logo\":{\"@type\":\"ImageObject\",\"inLanguage\":\"en-US\",\"@id\":\"https:\\\/\\\/gooddealersmeds.com\\\/es\\\/#\\\/schema\\\/logo\\\/image\\\/\",\"url\":\"https:\\\/\\\/gooddealersmeds.com\\\/es\\\/wp-content\\\/uploads\\\/sites\\\/4\\\/2022\\\/03\\\/gooddealersmeds__logo__20220317T222800Z.00.png\",\"contentUrl\":\"https:\\\/\\\/gooddealersmeds.com\\\/es\\\/wp-content\\\/uploads\\\/sites\\\/4\\\/2022\\\/03\\\/gooddealersmeds__logo__20220317T222800Z.00.png\",\"width\":500,\"height\":325,\"caption\":\"Good Dealers Meds\"},\"image\":{\"@id\":\"https:\\\/\\\/gooddealersmeds.com\\\/es\\\/#\\\/schema\\\/logo\\\/image\\\/\"}}]}<\/script>\n<!-- \/ Yoast SEO Premium plugin. -->","yoast_head_json":{"title":"Comprar polvo de coca\u00edna en l\u00ednea (98,8 % puro) | Venta de coca\u00edna","description":"Comprar polvo de coca\u00edna en l\u00ednea pura en la mejor calidad. Somos el proveedor m\u00e1s confiable y m\u00e1s discreto de crack barato en l\u00ednea.","robots":{"index":"index","follow":"follow","max-snippet":"max-snippet:-1","max-image-preview":"max-image-preview:large","max-video-preview":"max-video-preview:-1"},"canonical":"https:\/\/gooddealersmeds.com\/es\/product\/pedir-cocaina-en-polvo-online-98-8-pura\/","og_locale":"en_US","og_type":"article","og_title":"Ordene coca\u00edna en polvo en l\u00ednea 98.8% pura","og_description":"Comprar polvo de coca\u00edna en l\u00ednea pura en la mejor calidad. Somos el proveedor m\u00e1s confiable y m\u00e1s discreto de crack barato en l\u00ednea.","og_url":"https:\/\/gooddealersmeds.com\/es\/product\/pedir-cocaina-en-polvo-online-98-8-pura\/","og_site_name":"Good Dealers Meds","article_modified_time":"2023-01-02T16:00:18+00:00","og_image":[{"width":600,"height":600,"url":"https:\/\/gooddealersmeds.com\/es\/wp-content\/uploads\/sites\/4\/2022\/03\/coc.jpg","type":"image\/jpeg"}],"twitter_card":"summary_large_image","twitter_misc":{"Est. reading time":"3 minutes"},"schema":{"@context":"https:\/\/schema.org","@graph":[{"@type":"WebPage","@id":"https:\/\/gooddealersmeds.com\/es\/product\/pedir-cocaina-en-polvo-online-98-8-pura\/","url":"https:\/\/gooddealersmeds.com\/es\/product\/pedir-cocaina-en-polvo-online-98-8-pura\/","name":"Comprar polvo de coca\u00edna en l\u00ednea (98,8 % puro) | Venta de coca\u00edna","isPartOf":{"@id":"https:\/\/gooddealersmeds.com\/es\/#website"},"primaryImageOfPage":{"@id":"https:\/\/gooddealersmeds.com\/es\/product\/pedir-cocaina-en-polvo-online-98-8-pura\/#primaryimage"},"image":{"@id":"https:\/\/gooddealersmeds.com\/es\/product\/pedir-cocaina-en-polvo-online-98-8-pura\/#primaryimage"},"thumbnailUrl":"https:\/\/gooddealersmeds.com\/es\/wp-content\/uploads\/sites\/4\/2022\/03\/coc.jpg","datePublished":"2022-03-19T00:58:27+00:00","dateModified":"2023-01-02T16:00:18+00:00","description":"Comprar polvo de coca\u00edna en l\u00ednea pura en la mejor calidad. Somos el proveedor m\u00e1s confiable y m\u00e1s discreto de crack barato en l\u00ednea.","breadcrumb":{"@id":"https:\/\/gooddealersmeds.com\/es\/product\/pedir-cocaina-en-polvo-online-98-8-pura\/#breadcrumb"},"inLanguage":"en-US","potentialAction":[{"@type":"ReadAction","target":["https:\/\/gooddealersmeds.com\/es\/product\/pedir-cocaina-en-polvo-online-98-8-pura\/"]}]},{"@type":"ImageObject","inLanguage":"en-US","@id":"https:\/\/gooddealersmeds.com\/es\/product\/pedir-cocaina-en-polvo-online-98-8-pura\/#primaryimage","url":"https:\/\/gooddealersmeds.com\/es\/wp-content\/uploads\/sites\/4\/2022\/03\/coc.jpg","contentUrl":"https:\/\/gooddealersmeds.com\/es\/wp-content\/uploads\/sites\/4\/2022\/03\/coc.jpg","width":600,"height":600,"caption":"Buy Cocaine Powder Online"},{"@type":"BreadcrumbList","@id":"https:\/\/gooddealersmeds.com\/es\/product\/pedir-cocaina-en-polvo-online-98-8-pura\/#breadcrumb","itemListElement":[{"@type":"ListItem","position":1,"name":"Home","item":"https:\/\/gooddealersmeds.com\/es\/"},{"@type":"ListItem","position":2,"name":"Productos","item":"https:\/\/gooddealersmeds.com\/es\/productos\/"},{"@type":"ListItem","position":3,"name":"Ordene coca\u00edna en polvo en l\u00ednea 98.8% pura"}]},{"@type":"WebSite","@id":"https:\/\/gooddealersmeds.com\/es\/#website","url":"https:\/\/gooddealersmeds.com\/es\/","name":"Good Dealers Meds","description":"All our best","publisher":{"@id":"https:\/\/gooddealersmeds.com\/es\/#organization"},"potentialAction":[{"@type":"SearchAction","target":{"@type":"EntryPoint","urlTemplate":"https:\/\/gooddealersmeds.com\/es\/?s={search_term_string}"},"query-input":{"@type":"PropertyValueSpecification","valueRequired":true,"valueName":"search_term_string"}}],"inLanguage":"en-US"},{"@type":"Organization","@id":"https:\/\/gooddealersmeds.com\/es\/#organization","name":"Good Dealers Meds","url":"https:\/\/gooddealersmeds.com\/es\/","logo":{"@type":"ImageObject","inLanguage":"en-US","@id":"https:\/\/gooddealersmeds.com\/es\/#\/schema\/logo\/image\/","url":"https:\/\/gooddealersmeds.com\/es\/wp-content\/uploads\/sites\/4\/2022\/03\/gooddealersmeds__logo__20220317T222800Z.00.png","contentUrl":"https:\/\/gooddealersmeds.com\/es\/wp-content\/uploads\/sites\/4\/2022\/03\/gooddealersmeds__logo__20220317T222800Z.00.png","width":500,"height":325,"caption":"Good Dealers Meds"},"image":{"@id":"https:\/\/gooddealersmeds.com\/es\/#\/schema\/logo\/image\/"}}]}},"_links":{"self":[{"href":"https:\/\/gooddealersmeds.com\/es\/wp-json\/wp\/v2\/product\/1657","targetHints":{"allow":["GET"]}}],"collection":[{"href":"https:\/\/gooddealersmeds.com\/es\/wp-json\/wp\/v2\/product"}],"about":[{"href":"https:\/\/gooddealersmeds.com\/es\/wp-json\/wp\/v2\/types\/product"}],"replies":[{"embeddable":true,"href":"https:\/\/gooddealersmeds.com\/es\/wp-json\/wp\/v2\/comments?post=1657"}],"wp:featuredmedia":[{"embeddable":true,"href":"https:\/\/gooddealersmeds.com\/es\/wp-json\/wp\/v2\/media\/1666"}],"wp:attachment":[{"href":"https:\/\/gooddealersmeds.com\/es\/wp-json\/wp\/v2\/media?parent=1657"}],"wp:term":[{"taxonomy":"product_brand","embeddable":true,"href":"https:\/\/gooddealersmeds.com\/es\/wp-json\/wp\/v2\/product_brand?post=1657"},{"taxonomy":"product_cat","embeddable":true,"href":"https:\/\/gooddealersmeds.com\/es\/wp-json\/wp\/v2\/product_cat?post=1657"},{"taxonomy":"product_tag","embeddable":true,"href":"https:\/\/gooddealersmeds.com\/es\/wp-json\/wp\/v2\/product_tag?post=1657"}],"curies":[{"name":"wp","href":"https:\/\/api.w.org\/{rel}","templated":true}]}}