{"id":1639,"date":"2022-03-19T00:39:57","date_gmt":"2022-03-19T00:39:57","guid":{"rendered":"https:\/\/gooddealersmeds.com\/es\/?post_type=product&#038;p=1639"},"modified":"2023-01-02T16:50:10","modified_gmt":"2023-01-02T16:50:10","slug":"comprar-fentanilo-en-polvo-online","status":"publish","type":"product","link":"https:\/\/gooddealersmeds.com\/es\/product\/comprar-fentanilo-en-polvo-online\/","title":{"rendered":"Comprar polvo de fentanilo en l\u00ednea"},"content":{"rendered":"<h2><b>Polvo de fentanilo a la venta en l\u00ednea con la mejor calidad<\/b><\/h2>\n<p>Comprar polvo de fentanilo en l\u00ednea; El fentanilo es un miembro de la familia de prof\u00e1rmacos conocida como opioide. Este polvo se utiliza en el tratamiento de muchas enfermedades. Se encuentra tanto en forma de pastillas como de polvo. El polvo de fentanilo es el analg\u00e9sico que se usa para aliviar el dolor.<\/p>\n<p>El fentanilo tambi\u00e9n se usa para reducir o eliminar cualquier tipo de dolor, es decir, el dolor cr\u00f3nico. Se sintetiz\u00f3 por primera vez en la d\u00e9cada de 1960 y entr\u00f3 en el mercado como medicamento. Luego se utiliz\u00f3 para fines menores. Pero en los \u00faltimos a\u00f1os, no solo se usa como medicamento sino tambi\u00e9n como droga en algunos casos.<\/p>\n<p>El polvo de fentanilo a menudo se compara con la prodroga m\u00e1s famosa que se conoce como morfina. Es un prof\u00e1rmaco de muy alto potencial que se utiliza y produce todav\u00eda en el campo m\u00e9dico.<\/p>\n<p>El polvo de fentanilo es casi 50-100 veces m\u00e1s potente que la morfina. Esta es la raz\u00f3n principal detr\u00e1s de su \u00e9xito y uso a gran escala.<\/p>\n<p><strong>Descripci\u00f3n general de los efectos del polvo de fentanilo<\/strong><\/p>\n<p>El polvo de fentanilo act\u00faa directamente sobre el cerebro y cambia por completo la sensaci\u00f3n de sentir dolor. Elimina permanente o parcialmente el dolor del cuerpo dependiendo de la condici\u00f3n del dolor. Debido a su alta potencia, com\u00fanmente se usa para tratar cualquier tipo de dolor que va desde el dolor inicial hasta el cr\u00f3nico.<\/p>\n<p>Estas son algunas caracter\u00edsticas por las cuales muchos m\u00e9dicos est\u00e1n usando este prof\u00e1rmaco en sus tratamientos. Muchos medicamentos utilizados en operaciones quir\u00fargicas tienen alguna proporci\u00f3n de este prof\u00e1rmaco para reducir el dolor de la cirug\u00eda.<\/p>\n<p>El polvo de fentanilo no solo es popular entre los m\u00e9dicos, sino tambi\u00e9n entre las personas que acuden a bares y discotecas. clubs. Las personas usan esta prodroga para relajarse cuando se cansan de su trabajo y quieren disfrutar de la vida.<\/p>\n<p>Los ingredientes utilizados para hacer esta prodroga tambi\u00e9n tienen algunas propiedades que son \u00fatiles para dormir bien. Por esta raz\u00f3n, se ha vuelto muy popular entre las personas que enfrentan problemas como la depresi\u00f3n.<\/p>\n<p>El polvo de fentanilo est\u00e1 f\u00e1cilmente disponible en el mercado en l\u00ednea. Nuestra <span style=\"color: #333333\"><a style=\"color: #333333\" href=\"https:\/\/gooddealersmeds.com\/es\/\">tienda online<\/a><\/span> tambi\u00e9n est\u00e1 repartiendo con este prof\u00e1rmaco tanto en forma de pastillas como de polvo. Nuestra tienda tambi\u00e9n est\u00e1 brindando la entrega del producto en muy poco tiempo en la puerta de su casa.<\/p>\n<p>&nbsp;<\/p>\n<p>&nbsp;<\/p>\n<pre><strong>Comprar Fentanilo en Polvo En l\u00ednea: compre polvo, compre fentanilo en polvo, compre fentanilo en l\u00ednea, d\u00f3nde comprar fentanilo en polvo, fentanilo en polvo a la venta, polvo a la venta, compre polvo en l\u00ednea, d\u00f3nde comprar fentanilo en polvo en l\u00ednea, fentanilo en polvo a la venta en EE. UU., EE. UU., Canad\u00e1, reino unido, comprar, en l\u00ednea, proveedores, entrega segura, a\u00fan puede obtener fentanilo en polvo, \u00bfes legal el fentanilo en polvo en EE. UU.?, comprar fentanilo en polvo en l\u00ednea en EE. &gt;\r\n<\/strong><\/pre>\n","protected":false},"excerpt":{"rendered":"<p>El fentanilo trata el dolor intenso y continuo que no se puede controlar con otros medicamentos. Este medicamento es un analg\u00e9sico narc\u00f3tico.<br \/>\nCompre fentanilo de primera calidad en l\u00ednea hoy a precios muy bajos de Ofrecemos env\u00edo discreto y garant\u00eda de devoluci\u00f3n de dinero.<\/p>\n<p>El precio del producto es: por gramo<\/p>\n","protected":false},"featured_media":1648,"comment_status":"open","ping_status":"closed","template":"","meta":{"inline_featured_image":false},"product_brand":[],"product_cat":[347],"product_tag":[210,207,107,97,199,198,208,105,209,203,204,200,104,110,108,205,109,106,206,202,201],"class_list":{"0":"post-1639","1":"product","2":"type-product","3":"status-publish","4":"has-post-thumbnail","6":"product_cat-opioide-analgsico","7":"product_tag-es-fentanilo-en-polvo-legal-en-canada","8":"product_tag-es-fentanilo-en-polvo-legal-en-usa","9":"product_tag-buy","10":"product_tag-buy-fentanyl-online","11":"product_tag-buy-fentanyl-powder","12":"product_tag-buy-fentanyl-powder-online-buy-powder","13":"product_tag-buy-fentanyl-powder-online-usa","14":"product_tag-canada","15":"product_tag-cmo-ordenar-fentanilo-en-polvo","16":"product_tag-comprar-polvo-online","17":"product_tag-donde-comprar-fentanilo-en-polvo-online","18":"product_tag-donde-comprar-fentanilo-en-polvo","19":"product_tag-ee-uu","20":"product_tag-entrega-segura","21":"product_tag-online","22":"product_tag-polvo-de-fentanilo-para-la-venta-en-los-ee-uu","23":"product_tag-proveedores","24":"product_tag-reino-unido","25":"product_tag-usted-todava-puede-obtener-fentanilo-en-polvo","26":"product_tag-polvo-para-la-venta","27":"product_tag-fentanilo-polvo-para-la-venta","28":"pa_grams-1-kg-1000-g","29":"pa_grams-10-g","30":"pa_grams-100-g","31":"pa_grams-20-g","32":"pa_grams-200-g","33":"pa_grams-35-g","34":"pa_grams-50-g","35":"pa_grams-500-g","37":"first","38":"instock","39":"featured","40":"shipping-taxable","41":"purchasable","42":"product-type-variable","43":"has-default-attributes"},"yoast_head":"<!-- This site is optimized with the Yoast SEO Premium plugin v20.6 (Yoast SEO v27.3) - https:\/\/yoast.com\/product\/yoast-seo-premium-wordpress\/ -->\n<title>Comprar polvo de fentanilo en l\u00ednea | Fentanilo puro a la venta<\/title>\n<meta name=\"description\" content=\"El polvo de fentanilo se usa ampliamente como una droga extrema. Comprar polvo de fentanilo en l\u00ednea sin receta a los mejores precios de Good Dealers Meds.\" \/>\n<meta name=\"robots\" content=\"index, follow, max-snippet:-1, max-image-preview:large, max-video-preview:-1\" \/>\n<link rel=\"canonical\" href=\"https:\/\/gooddealersmeds.com\/es\/product\/comprar-fentanilo-en-polvo-online\/\" \/>\n<meta property=\"og:locale\" content=\"en_US\" \/>\n<meta property=\"og:type\" content=\"article\" \/>\n<meta property=\"og:title\" content=\"Comprar polvo de fentanilo en l\u00ednea\" \/>\n<meta property=\"og:description\" content=\"El polvo de fentanilo se usa ampliamente como una droga extrema. Comprar polvo de fentanilo en l\u00ednea sin receta a los mejores precios de Good Dealers Meds.\" \/>\n<meta property=\"og:url\" content=\"https:\/\/gooddealersmeds.com\/es\/product\/comprar-fentanilo-en-polvo-online\/\" \/>\n<meta property=\"og:site_name\" content=\"Good Dealers Meds\" \/>\n<meta property=\"article:modified_time\" content=\"2023-01-02T16:50:10+00:00\" \/>\n<meta property=\"og:image\" content=\"https:\/\/gooddealersmeds.com\/es\/wp-content\/uploads\/sites\/4\/2022\/03\/buy-metizolam-powder-online.jpg\" \/>\n\t<meta property=\"og:image:width\" content=\"600\" \/>\n\t<meta property=\"og:image:height\" content=\"600\" \/>\n\t<meta property=\"og:image:type\" content=\"image\/jpeg\" \/>\n<meta name=\"twitter:card\" content=\"summary_large_image\" \/>\n<meta name=\"twitter:label1\" content=\"Est. reading time\" \/>\n\t<meta name=\"twitter:data1\" content=\"3 minutes\" \/>\n<script type=\"application\/ld+json\" class=\"yoast-schema-graph\">{\"@context\":\"https:\\\/\\\/schema.org\",\"@graph\":[{\"@type\":\"WebPage\",\"@id\":\"https:\\\/\\\/gooddealersmeds.com\\\/es\\\/product\\\/comprar-fentanilo-en-polvo-online\\\/\",\"url\":\"https:\\\/\\\/gooddealersmeds.com\\\/es\\\/product\\\/comprar-fentanilo-en-polvo-online\\\/\",\"name\":\"Comprar polvo de fentanilo en l\u00ednea | Fentanilo puro a la venta\",\"isPartOf\":{\"@id\":\"https:\\\/\\\/gooddealersmeds.com\\\/es\\\/#website\"},\"primaryImageOfPage\":{\"@id\":\"https:\\\/\\\/gooddealersmeds.com\\\/es\\\/product\\\/comprar-fentanilo-en-polvo-online\\\/#primaryimage\"},\"image\":{\"@id\":\"https:\\\/\\\/gooddealersmeds.com\\\/es\\\/product\\\/comprar-fentanilo-en-polvo-online\\\/#primaryimage\"},\"thumbnailUrl\":\"https:\\\/\\\/gooddealersmeds.com\\\/es\\\/wp-content\\\/uploads\\\/sites\\\/4\\\/2022\\\/03\\\/buy-metizolam-powder-online.jpg\",\"datePublished\":\"2022-03-19T00:39:57+00:00\",\"dateModified\":\"2023-01-02T16:50:10+00:00\",\"description\":\"El polvo de fentanilo se usa ampliamente como una droga extrema. Comprar polvo de fentanilo en l\u00ednea sin receta a los mejores precios de Good Dealers Meds.\",\"breadcrumb\":{\"@id\":\"https:\\\/\\\/gooddealersmeds.com\\\/es\\\/product\\\/comprar-fentanilo-en-polvo-online\\\/#breadcrumb\"},\"inLanguage\":\"en-US\",\"potentialAction\":[{\"@type\":\"ReadAction\",\"target\":[\"https:\\\/\\\/gooddealersmeds.com\\\/es\\\/product\\\/comprar-fentanilo-en-polvo-online\\\/\"]}]},{\"@type\":\"ImageObject\",\"inLanguage\":\"en-US\",\"@id\":\"https:\\\/\\\/gooddealersmeds.com\\\/es\\\/product\\\/comprar-fentanilo-en-polvo-online\\\/#primaryimage\",\"url\":\"https:\\\/\\\/gooddealersmeds.com\\\/es\\\/wp-content\\\/uploads\\\/sites\\\/4\\\/2022\\\/03\\\/buy-metizolam-powder-online.jpg\",\"contentUrl\":\"https:\\\/\\\/gooddealersmeds.com\\\/es\\\/wp-content\\\/uploads\\\/sites\\\/4\\\/2022\\\/03\\\/buy-metizolam-powder-online.jpg\",\"width\":600,\"height\":600,\"caption\":\"Buy Fentanyl Powder Online\"},{\"@type\":\"BreadcrumbList\",\"@id\":\"https:\\\/\\\/gooddealersmeds.com\\\/es\\\/product\\\/comprar-fentanilo-en-polvo-online\\\/#breadcrumb\",\"itemListElement\":[{\"@type\":\"ListItem\",\"position\":1,\"name\":\"Home\",\"item\":\"https:\\\/\\\/gooddealersmeds.com\\\/es\\\/\"},{\"@type\":\"ListItem\",\"position\":2,\"name\":\"Productos\",\"item\":\"https:\\\/\\\/gooddealersmeds.com\\\/es\\\/productos\\\/\"},{\"@type\":\"ListItem\",\"position\":3,\"name\":\"Comprar polvo de fentanilo en l\u00ednea\"}]},{\"@type\":\"WebSite\",\"@id\":\"https:\\\/\\\/gooddealersmeds.com\\\/es\\\/#website\",\"url\":\"https:\\\/\\\/gooddealersmeds.com\\\/es\\\/\",\"name\":\"Good Dealers Meds\",\"description\":\"All our best\",\"publisher\":{\"@id\":\"https:\\\/\\\/gooddealersmeds.com\\\/es\\\/#organization\"},\"potentialAction\":[{\"@type\":\"SearchAction\",\"target\":{\"@type\":\"EntryPoint\",\"urlTemplate\":\"https:\\\/\\\/gooddealersmeds.com\\\/es\\\/?s={search_term_string}\"},\"query-input\":{\"@type\":\"PropertyValueSpecification\",\"valueRequired\":true,\"valueName\":\"search_term_string\"}}],\"inLanguage\":\"en-US\"},{\"@type\":\"Organization\",\"@id\":\"https:\\\/\\\/gooddealersmeds.com\\\/es\\\/#organization\",\"name\":\"Good Dealers Meds\",\"url\":\"https:\\\/\\\/gooddealersmeds.com\\\/es\\\/\",\"logo\":{\"@type\":\"ImageObject\",\"inLanguage\":\"en-US\",\"@id\":\"https:\\\/\\\/gooddealersmeds.com\\\/es\\\/#\\\/schema\\\/logo\\\/image\\\/\",\"url\":\"https:\\\/\\\/gooddealersmeds.com\\\/es\\\/wp-content\\\/uploads\\\/sites\\\/4\\\/2022\\\/03\\\/gooddealersmeds__logo__20220317T222800Z.00.png\",\"contentUrl\":\"https:\\\/\\\/gooddealersmeds.com\\\/es\\\/wp-content\\\/uploads\\\/sites\\\/4\\\/2022\\\/03\\\/gooddealersmeds__logo__20220317T222800Z.00.png\",\"width\":500,\"height\":325,\"caption\":\"Good Dealers Meds\"},\"image\":{\"@id\":\"https:\\\/\\\/gooddealersmeds.com\\\/es\\\/#\\\/schema\\\/logo\\\/image\\\/\"}}]}<\/script>\n<!-- \/ Yoast SEO Premium plugin. -->","yoast_head_json":{"title":"Comprar polvo de fentanilo en l\u00ednea | Fentanilo puro a la venta","description":"El polvo de fentanilo se usa ampliamente como una droga extrema. Comprar polvo de fentanilo en l\u00ednea sin receta a los mejores precios de Good Dealers Meds.","robots":{"index":"index","follow":"follow","max-snippet":"max-snippet:-1","max-image-preview":"max-image-preview:large","max-video-preview":"max-video-preview:-1"},"canonical":"https:\/\/gooddealersmeds.com\/es\/product\/comprar-fentanilo-en-polvo-online\/","og_locale":"en_US","og_type":"article","og_title":"Comprar polvo de fentanilo en l\u00ednea","og_description":"El polvo de fentanilo se usa ampliamente como una droga extrema. Comprar polvo de fentanilo en l\u00ednea sin receta a los mejores precios de Good Dealers Meds.","og_url":"https:\/\/gooddealersmeds.com\/es\/product\/comprar-fentanilo-en-polvo-online\/","og_site_name":"Good Dealers Meds","article_modified_time":"2023-01-02T16:50:10+00:00","og_image":[{"width":600,"height":600,"url":"https:\/\/gooddealersmeds.com\/es\/wp-content\/uploads\/sites\/4\/2022\/03\/buy-metizolam-powder-online.jpg","type":"image\/jpeg"}],"twitter_card":"summary_large_image","twitter_misc":{"Est. reading time":"3 minutes"},"schema":{"@context":"https:\/\/schema.org","@graph":[{"@type":"WebPage","@id":"https:\/\/gooddealersmeds.com\/es\/product\/comprar-fentanilo-en-polvo-online\/","url":"https:\/\/gooddealersmeds.com\/es\/product\/comprar-fentanilo-en-polvo-online\/","name":"Comprar polvo de fentanilo en l\u00ednea | Fentanilo puro a la venta","isPartOf":{"@id":"https:\/\/gooddealersmeds.com\/es\/#website"},"primaryImageOfPage":{"@id":"https:\/\/gooddealersmeds.com\/es\/product\/comprar-fentanilo-en-polvo-online\/#primaryimage"},"image":{"@id":"https:\/\/gooddealersmeds.com\/es\/product\/comprar-fentanilo-en-polvo-online\/#primaryimage"},"thumbnailUrl":"https:\/\/gooddealersmeds.com\/es\/wp-content\/uploads\/sites\/4\/2022\/03\/buy-metizolam-powder-online.jpg","datePublished":"2022-03-19T00:39:57+00:00","dateModified":"2023-01-02T16:50:10+00:00","description":"El polvo de fentanilo se usa ampliamente como una droga extrema. Comprar polvo de fentanilo en l\u00ednea sin receta a los mejores precios de Good Dealers Meds.","breadcrumb":{"@id":"https:\/\/gooddealersmeds.com\/es\/product\/comprar-fentanilo-en-polvo-online\/#breadcrumb"},"inLanguage":"en-US","potentialAction":[{"@type":"ReadAction","target":["https:\/\/gooddealersmeds.com\/es\/product\/comprar-fentanilo-en-polvo-online\/"]}]},{"@type":"ImageObject","inLanguage":"en-US","@id":"https:\/\/gooddealersmeds.com\/es\/product\/comprar-fentanilo-en-polvo-online\/#primaryimage","url":"https:\/\/gooddealersmeds.com\/es\/wp-content\/uploads\/sites\/4\/2022\/03\/buy-metizolam-powder-online.jpg","contentUrl":"https:\/\/gooddealersmeds.com\/es\/wp-content\/uploads\/sites\/4\/2022\/03\/buy-metizolam-powder-online.jpg","width":600,"height":600,"caption":"Buy Fentanyl Powder Online"},{"@type":"BreadcrumbList","@id":"https:\/\/gooddealersmeds.com\/es\/product\/comprar-fentanilo-en-polvo-online\/#breadcrumb","itemListElement":[{"@type":"ListItem","position":1,"name":"Home","item":"https:\/\/gooddealersmeds.com\/es\/"},{"@type":"ListItem","position":2,"name":"Productos","item":"https:\/\/gooddealersmeds.com\/es\/productos\/"},{"@type":"ListItem","position":3,"name":"Comprar polvo de fentanilo en l\u00ednea"}]},{"@type":"WebSite","@id":"https:\/\/gooddealersmeds.com\/es\/#website","url":"https:\/\/gooddealersmeds.com\/es\/","name":"Good Dealers Meds","description":"All our best","publisher":{"@id":"https:\/\/gooddealersmeds.com\/es\/#organization"},"potentialAction":[{"@type":"SearchAction","target":{"@type":"EntryPoint","urlTemplate":"https:\/\/gooddealersmeds.com\/es\/?s={search_term_string}"},"query-input":{"@type":"PropertyValueSpecification","valueRequired":true,"valueName":"search_term_string"}}],"inLanguage":"en-US"},{"@type":"Organization","@id":"https:\/\/gooddealersmeds.com\/es\/#organization","name":"Good Dealers Meds","url":"https:\/\/gooddealersmeds.com\/es\/","logo":{"@type":"ImageObject","inLanguage":"en-US","@id":"https:\/\/gooddealersmeds.com\/es\/#\/schema\/logo\/image\/","url":"https:\/\/gooddealersmeds.com\/es\/wp-content\/uploads\/sites\/4\/2022\/03\/gooddealersmeds__logo__20220317T222800Z.00.png","contentUrl":"https:\/\/gooddealersmeds.com\/es\/wp-content\/uploads\/sites\/4\/2022\/03\/gooddealersmeds__logo__20220317T222800Z.00.png","width":500,"height":325,"caption":"Good Dealers Meds"},"image":{"@id":"https:\/\/gooddealersmeds.com\/es\/#\/schema\/logo\/image\/"}}]}},"_links":{"self":[{"href":"https:\/\/gooddealersmeds.com\/es\/wp-json\/wp\/v2\/product\/1639","targetHints":{"allow":["GET"]}}],"collection":[{"href":"https:\/\/gooddealersmeds.com\/es\/wp-json\/wp\/v2\/product"}],"about":[{"href":"https:\/\/gooddealersmeds.com\/es\/wp-json\/wp\/v2\/types\/product"}],"replies":[{"embeddable":true,"href":"https:\/\/gooddealersmeds.com\/es\/wp-json\/wp\/v2\/comments?post=1639"}],"wp:featuredmedia":[{"embeddable":true,"href":"https:\/\/gooddealersmeds.com\/es\/wp-json\/wp\/v2\/media\/1648"}],"wp:attachment":[{"href":"https:\/\/gooddealersmeds.com\/es\/wp-json\/wp\/v2\/media?parent=1639"}],"wp:term":[{"taxonomy":"product_brand","embeddable":true,"href":"https:\/\/gooddealersmeds.com\/es\/wp-json\/wp\/v2\/product_brand?post=1639"},{"taxonomy":"product_cat","embeddable":true,"href":"https:\/\/gooddealersmeds.com\/es\/wp-json\/wp\/v2\/product_cat?post=1639"},{"taxonomy":"product_tag","embeddable":true,"href":"https:\/\/gooddealersmeds.com\/es\/wp-json\/wp\/v2\/product_tag?post=1639"}],"curies":[{"name":"wp","href":"https:\/\/api.w.org\/{rel}","templated":true}]}}