{"id":1627,"date":"2022-03-19T00:28:52","date_gmt":"2022-03-19T00:28:52","guid":{"rendered":"https:\/\/gooddealersmeds.com\/es\/?post_type=product&#038;p=1627"},"modified":"2023-01-02T16:53:59","modified_gmt":"2023-01-02T16:53:59","slug":"comprar-puro-mdma-cristales-online","status":"publish","type":"product","link":"https:\/\/gooddealersmeds.com\/es\/product\/comprar-puro-mdma-cristales-online\/","title":{"rendered":"Compre cristales de MDMA puros en l\u00ednea"},"content":{"rendered":"<h2>Ordene cristales de MDMA en l\u00ednea y cristales de MDMA a la venta a un precio asequible<\/h2>\n<p>Comprar cristales puros de MDMA en nuestra tienda. <a href=\"https:\/\/gooddealersmeds.com\/es\/product\/buy-pure-mdma-crystals-online\/\">MDMA<\/a> es una droga estimulante con propiedades euf\u00f3ricas y ligeramente alucin\u00f3genas. La MDMA se presenta en dos formas, pastillas y polvo\/cristales, y se puede tomar por v\u00eda oral o inhalar.<\/p>\n<p>La sustancia 3,4-metilendioximetanfetamina es un derivado de la anfetamina que ha ganado una popularidad significativa en los \u00faltimos a\u00f1os y se ha convertido en la sustancia recreativa droga de elecci\u00f3n para muchos adolescentes y adultos j\u00f3venes. Las personas que toman MDMA describen una sensaci\u00f3n de euforia, p\u00e9rdida de inhibici\u00f3n, un sentimiento de cercan\u00eda y\/o empat\u00eda y aumento de la sensualidad. &#8220;Molly&#8221;, la forma en polvo o cristal de MDMA, la sustancia qu\u00edmica utilizada en el \u00e9xtasis, ha sido una droga popular.<\/p>\n<p>La dosis depender\u00e1 de una serie de factores, incluida la tolerancia, el g\u00e9nero y c\u00f3mo se toma (ya sea por v\u00eda nasal o por v\u00eda nasal). u oralmente). Esta es solo una gu\u00eda. Comprar cristales puros de MDMA<\/p>\n<p>Dosis recomendada = 50 mg + su peso corporal en kilos<\/p>\n<p><strong>Entre los efectos que pueden ocurrir como resultado del uso de MDMA se encuentran los siguientes:<\/strong><\/p>\n<ul>\n<li>Mayor vitalidad\/conciencia<\/li>\n<li>Euforia<\/li>\n<li>Mayor empat\u00eda o la sensaci\u00f3n de ser &#8216;amado&#8217;<\/li>\n<li>Mayor estima por la m\u00fasica<\/li>\n<li>Alucinaciones de naturaleza leve<\/li>\n<li>Aumento de la temperatura<\/li>\n<li>Apretar la mand\u00edbula, rechinar los dientes y masticar la lengua y las mejillas (ronquidos)<\/li>\n<li>N\u00e1useas\/v\u00f3mitos<\/li>\n<li>Incapacidad para alcanzar el orgasmo\/disfunci\u00f3n er\u00e9ctil<\/li>\n<\/ul>\n<p>Nuestro pedido es completamente privado y seguro. Adem\u00e1s, tratamos nuestros pedidos con el m\u00e1ximo respeto por su privacidad como cliente. En segundo lugar, trabajamos arduamente para que su entrega sea lo m\u00e1s discreta posible. Para su entrega VIP, utilizamos una empresa de transporte de confianza.<\/p>\n<p>Adem\u00e1s, podemos asegurar su paquete para garantizar su seguridad durante el tr\u00e1nsito desde el barco hasta su puerta. Por \u00faltimo, mantenemos segura toda su informaci\u00f3n y nunca la regalaremos ni la divulgaremos sin su permiso.<\/p>\n<p>Los clientes de todo el mundo pueden comprar cristales de MDMA pura en l\u00ednea con o sin receta en nuestro <a href=\"https:\/\/gooddealersmeds.com\/es\/products\/\">tienda<\/a>.<\/p>\n","protected":false},"excerpt":{"rendered":"<p>Ecstasy\/Molly Crystals a la venta (compre Ecstasy\/Molly Crystals en l\u00ednea). Compre cristales de MDMA puros en l\u00ednea, cristales de metilona en l\u00ednea, compre cristales de metilona en l\u00ednea, compre cristales de \u00e9xtasis en l\u00ednea, compre cristales de Molly en l\u00ednea<\/p>\n","protected":false},"featured_media":1637,"comment_status":"open","ping_status":"closed","template":"","meta":{"inline_featured_image":false},"product_brand":[],"product_cat":[343],"product_tag":[197,195,107,185,191,187,186,196,189,190,193,188,192,194],"class_list":{"0":"post-1627","1":"product","2":"type-product","3":"status-publish","4":"has-post-thumbnail","6":"product_cat-otros","7":"product_tag-is-pure-mdma-crystals-legal-in-canada","8":"product_tag-is-pure-mdma-crystals-legal-in-usa","9":"product_tag-buy","10":"product_tag-buy-pure-mdma-crystals-online-buy-pure-mdma-crystals","11":"product_tag-buy-pure-mdma-crystals-online-near-me","12":"product_tag-buy-pure-mdma-crystals-online-usa","13":"product_tag-buy-pure-mdma-crystals-usa","14":"product_tag-cmo-pedir-cristales-mdma-puros","15":"product_tag-venta-de-cristales-de-mdma-pura","16":"product_tag-cristales-de-mdma-puro-a-la-venta-cerca-de-mi","17":"product_tag-cristales-mdma-puros-a-la-venta-en-ee-uu","18":"product_tag-donde-comprar-cristales-mdma-puros","19":"product_tag-donde-comprar-cristales-de-mdma-pura-online","20":"product_tag-usted-todava-puede-obtener-puro-mdma-cristales","21":"pa_grams-1-kg-1000-g","22":"pa_grams-100-g","23":"pa_grams-20-g","24":"pa_grams-200-g","25":"pa_grams-250-g","26":"pa_grams-35-g","27":"pa_grams-50-g","28":"pa_grams-500-g","30":"first","31":"instock","32":"featured","33":"shipping-taxable","34":"purchasable","35":"product-type-variable","36":"has-default-attributes"},"yoast_head":"<!-- This site is optimized with the Yoast SEO Premium plugin v20.6 (Yoast SEO v27.3) - https:\/\/yoast.com\/product\/yoast-seo-premium-wordpress\/ -->\n<title>Comprar cristales puros de MDMA en l\u00ednea | MDMA en venta<\/title>\n<meta name=\"description\" content=\"Comprar cristales puros de MDMA. Vendemos MDMA puro con ofertas m\u00e1s baratas disponibles para comprar al por mayor en Good Dealers Meds y permanecer en el anonimato.\" \/>\n<meta name=\"robots\" content=\"index, follow, max-snippet:-1, max-image-preview:large, max-video-preview:-1\" \/>\n<link rel=\"canonical\" href=\"https:\/\/gooddealersmeds.com\/es\/product\/comprar-puro-mdma-cristales-online\/\" \/>\n<meta property=\"og:locale\" content=\"en_US\" \/>\n<meta property=\"og:type\" content=\"article\" \/>\n<meta property=\"og:title\" content=\"Compre cristales de MDMA puros en l\u00ednea\" \/>\n<meta property=\"og:description\" content=\"Comprar cristales puros de MDMA. Vendemos MDMA puro con ofertas m\u00e1s baratas disponibles para comprar al por mayor en Good Dealers Meds y permanecer en el anonimato.\" \/>\n<meta property=\"og:url\" content=\"https:\/\/gooddealersmeds.com\/es\/product\/comprar-puro-mdma-cristales-online\/\" \/>\n<meta property=\"og:site_name\" content=\"Good Dealers Meds\" \/>\n<meta property=\"article:modified_time\" content=\"2023-01-02T16:53:59+00:00\" \/>\n<meta property=\"og:image\" content=\"https:\/\/gooddealersmeds.com\/es\/wp-content\/uploads\/sites\/4\/2022\/03\/Buy-pure-MDMA-Crystals-online.jpg\" \/>\n\t<meta property=\"og:image:width\" content=\"600\" \/>\n\t<meta property=\"og:image:height\" content=\"600\" \/>\n\t<meta property=\"og:image:type\" content=\"image\/jpeg\" \/>\n<meta name=\"twitter:card\" content=\"summary_large_image\" \/>\n<meta name=\"twitter:label1\" content=\"Est. reading time\" \/>\n\t<meta name=\"twitter:data1\" content=\"2 minutes\" \/>\n<script type=\"application\/ld+json\" class=\"yoast-schema-graph\">{\"@context\":\"https:\\\/\\\/schema.org\",\"@graph\":[{\"@type\":\"WebPage\",\"@id\":\"https:\\\/\\\/gooddealersmeds.com\\\/es\\\/product\\\/comprar-puro-mdma-cristales-online\\\/\",\"url\":\"https:\\\/\\\/gooddealersmeds.com\\\/es\\\/product\\\/comprar-puro-mdma-cristales-online\\\/\",\"name\":\"Comprar cristales puros de MDMA en l\u00ednea | MDMA en venta\",\"isPartOf\":{\"@id\":\"https:\\\/\\\/gooddealersmeds.com\\\/es\\\/#website\"},\"primaryImageOfPage\":{\"@id\":\"https:\\\/\\\/gooddealersmeds.com\\\/es\\\/product\\\/comprar-puro-mdma-cristales-online\\\/#primaryimage\"},\"image\":{\"@id\":\"https:\\\/\\\/gooddealersmeds.com\\\/es\\\/product\\\/comprar-puro-mdma-cristales-online\\\/#primaryimage\"},\"thumbnailUrl\":\"https:\\\/\\\/gooddealersmeds.com\\\/es\\\/wp-content\\\/uploads\\\/sites\\\/4\\\/2022\\\/03\\\/Buy-pure-MDMA-Crystals-online.jpg\",\"datePublished\":\"2022-03-19T00:28:52+00:00\",\"dateModified\":\"2023-01-02T16:53:59+00:00\",\"description\":\"Comprar cristales puros de MDMA. Vendemos MDMA puro con ofertas m\u00e1s baratas disponibles para comprar al por mayor en Good Dealers Meds y permanecer en el anonimato.\",\"breadcrumb\":{\"@id\":\"https:\\\/\\\/gooddealersmeds.com\\\/es\\\/product\\\/comprar-puro-mdma-cristales-online\\\/#breadcrumb\"},\"inLanguage\":\"en-US\",\"potentialAction\":[{\"@type\":\"ReadAction\",\"target\":[\"https:\\\/\\\/gooddealersmeds.com\\\/es\\\/product\\\/comprar-puro-mdma-cristales-online\\\/\"]}]},{\"@type\":\"ImageObject\",\"inLanguage\":\"en-US\",\"@id\":\"https:\\\/\\\/gooddealersmeds.com\\\/es\\\/product\\\/comprar-puro-mdma-cristales-online\\\/#primaryimage\",\"url\":\"https:\\\/\\\/gooddealersmeds.com\\\/es\\\/wp-content\\\/uploads\\\/sites\\\/4\\\/2022\\\/03\\\/Buy-pure-MDMA-Crystals-online.jpg\",\"contentUrl\":\"https:\\\/\\\/gooddealersmeds.com\\\/es\\\/wp-content\\\/uploads\\\/sites\\\/4\\\/2022\\\/03\\\/Buy-pure-MDMA-Crystals-online.jpg\",\"width\":600,\"height\":600,\"caption\":\"Buy MDMA Powder Online\"},{\"@type\":\"BreadcrumbList\",\"@id\":\"https:\\\/\\\/gooddealersmeds.com\\\/es\\\/product\\\/comprar-puro-mdma-cristales-online\\\/#breadcrumb\",\"itemListElement\":[{\"@type\":\"ListItem\",\"position\":1,\"name\":\"Home\",\"item\":\"https:\\\/\\\/gooddealersmeds.com\\\/es\\\/\"},{\"@type\":\"ListItem\",\"position\":2,\"name\":\"Productos\",\"item\":\"https:\\\/\\\/gooddealersmeds.com\\\/es\\\/productos\\\/\"},{\"@type\":\"ListItem\",\"position\":3,\"name\":\"Compre cristales de MDMA puros en l\u00ednea\"}]},{\"@type\":\"WebSite\",\"@id\":\"https:\\\/\\\/gooddealersmeds.com\\\/es\\\/#website\",\"url\":\"https:\\\/\\\/gooddealersmeds.com\\\/es\\\/\",\"name\":\"Good Dealers Meds\",\"description\":\"All our best\",\"publisher\":{\"@id\":\"https:\\\/\\\/gooddealersmeds.com\\\/es\\\/#organization\"},\"potentialAction\":[{\"@type\":\"SearchAction\",\"target\":{\"@type\":\"EntryPoint\",\"urlTemplate\":\"https:\\\/\\\/gooddealersmeds.com\\\/es\\\/?s={search_term_string}\"},\"query-input\":{\"@type\":\"PropertyValueSpecification\",\"valueRequired\":true,\"valueName\":\"search_term_string\"}}],\"inLanguage\":\"en-US\"},{\"@type\":\"Organization\",\"@id\":\"https:\\\/\\\/gooddealersmeds.com\\\/es\\\/#organization\",\"name\":\"Good Dealers Meds\",\"url\":\"https:\\\/\\\/gooddealersmeds.com\\\/es\\\/\",\"logo\":{\"@type\":\"ImageObject\",\"inLanguage\":\"en-US\",\"@id\":\"https:\\\/\\\/gooddealersmeds.com\\\/es\\\/#\\\/schema\\\/logo\\\/image\\\/\",\"url\":\"https:\\\/\\\/gooddealersmeds.com\\\/es\\\/wp-content\\\/uploads\\\/sites\\\/4\\\/2022\\\/03\\\/gooddealersmeds__logo__20220317T222800Z.00.png\",\"contentUrl\":\"https:\\\/\\\/gooddealersmeds.com\\\/es\\\/wp-content\\\/uploads\\\/sites\\\/4\\\/2022\\\/03\\\/gooddealersmeds__logo__20220317T222800Z.00.png\",\"width\":500,\"height\":325,\"caption\":\"Good Dealers Meds\"},\"image\":{\"@id\":\"https:\\\/\\\/gooddealersmeds.com\\\/es\\\/#\\\/schema\\\/logo\\\/image\\\/\"}}]}<\/script>\n<!-- \/ Yoast SEO Premium plugin. -->","yoast_head_json":{"title":"Comprar cristales puros de MDMA en l\u00ednea | MDMA en venta","description":"Comprar cristales puros de MDMA. Vendemos MDMA puro con ofertas m\u00e1s baratas disponibles para comprar al por mayor en Good Dealers Meds y permanecer en el anonimato.","robots":{"index":"index","follow":"follow","max-snippet":"max-snippet:-1","max-image-preview":"max-image-preview:large","max-video-preview":"max-video-preview:-1"},"canonical":"https:\/\/gooddealersmeds.com\/es\/product\/comprar-puro-mdma-cristales-online\/","og_locale":"en_US","og_type":"article","og_title":"Compre cristales de MDMA puros en l\u00ednea","og_description":"Comprar cristales puros de MDMA. Vendemos MDMA puro con ofertas m\u00e1s baratas disponibles para comprar al por mayor en Good Dealers Meds y permanecer en el anonimato.","og_url":"https:\/\/gooddealersmeds.com\/es\/product\/comprar-puro-mdma-cristales-online\/","og_site_name":"Good Dealers Meds","article_modified_time":"2023-01-02T16:53:59+00:00","og_image":[{"width":600,"height":600,"url":"https:\/\/gooddealersmeds.com\/es\/wp-content\/uploads\/sites\/4\/2022\/03\/Buy-pure-MDMA-Crystals-online.jpg","type":"image\/jpeg"}],"twitter_card":"summary_large_image","twitter_misc":{"Est. reading time":"2 minutes"},"schema":{"@context":"https:\/\/schema.org","@graph":[{"@type":"WebPage","@id":"https:\/\/gooddealersmeds.com\/es\/product\/comprar-puro-mdma-cristales-online\/","url":"https:\/\/gooddealersmeds.com\/es\/product\/comprar-puro-mdma-cristales-online\/","name":"Comprar cristales puros de MDMA en l\u00ednea | MDMA en venta","isPartOf":{"@id":"https:\/\/gooddealersmeds.com\/es\/#website"},"primaryImageOfPage":{"@id":"https:\/\/gooddealersmeds.com\/es\/product\/comprar-puro-mdma-cristales-online\/#primaryimage"},"image":{"@id":"https:\/\/gooddealersmeds.com\/es\/product\/comprar-puro-mdma-cristales-online\/#primaryimage"},"thumbnailUrl":"https:\/\/gooddealersmeds.com\/es\/wp-content\/uploads\/sites\/4\/2022\/03\/Buy-pure-MDMA-Crystals-online.jpg","datePublished":"2022-03-19T00:28:52+00:00","dateModified":"2023-01-02T16:53:59+00:00","description":"Comprar cristales puros de MDMA. Vendemos MDMA puro con ofertas m\u00e1s baratas disponibles para comprar al por mayor en Good Dealers Meds y permanecer en el anonimato.","breadcrumb":{"@id":"https:\/\/gooddealersmeds.com\/es\/product\/comprar-puro-mdma-cristales-online\/#breadcrumb"},"inLanguage":"en-US","potentialAction":[{"@type":"ReadAction","target":["https:\/\/gooddealersmeds.com\/es\/product\/comprar-puro-mdma-cristales-online\/"]}]},{"@type":"ImageObject","inLanguage":"en-US","@id":"https:\/\/gooddealersmeds.com\/es\/product\/comprar-puro-mdma-cristales-online\/#primaryimage","url":"https:\/\/gooddealersmeds.com\/es\/wp-content\/uploads\/sites\/4\/2022\/03\/Buy-pure-MDMA-Crystals-online.jpg","contentUrl":"https:\/\/gooddealersmeds.com\/es\/wp-content\/uploads\/sites\/4\/2022\/03\/Buy-pure-MDMA-Crystals-online.jpg","width":600,"height":600,"caption":"Buy MDMA Powder Online"},{"@type":"BreadcrumbList","@id":"https:\/\/gooddealersmeds.com\/es\/product\/comprar-puro-mdma-cristales-online\/#breadcrumb","itemListElement":[{"@type":"ListItem","position":1,"name":"Home","item":"https:\/\/gooddealersmeds.com\/es\/"},{"@type":"ListItem","position":2,"name":"Productos","item":"https:\/\/gooddealersmeds.com\/es\/productos\/"},{"@type":"ListItem","position":3,"name":"Compre cristales de MDMA puros en l\u00ednea"}]},{"@type":"WebSite","@id":"https:\/\/gooddealersmeds.com\/es\/#website","url":"https:\/\/gooddealersmeds.com\/es\/","name":"Good Dealers Meds","description":"All our best","publisher":{"@id":"https:\/\/gooddealersmeds.com\/es\/#organization"},"potentialAction":[{"@type":"SearchAction","target":{"@type":"EntryPoint","urlTemplate":"https:\/\/gooddealersmeds.com\/es\/?s={search_term_string}"},"query-input":{"@type":"PropertyValueSpecification","valueRequired":true,"valueName":"search_term_string"}}],"inLanguage":"en-US"},{"@type":"Organization","@id":"https:\/\/gooddealersmeds.com\/es\/#organization","name":"Good Dealers Meds","url":"https:\/\/gooddealersmeds.com\/es\/","logo":{"@type":"ImageObject","inLanguage":"en-US","@id":"https:\/\/gooddealersmeds.com\/es\/#\/schema\/logo\/image\/","url":"https:\/\/gooddealersmeds.com\/es\/wp-content\/uploads\/sites\/4\/2022\/03\/gooddealersmeds__logo__20220317T222800Z.00.png","contentUrl":"https:\/\/gooddealersmeds.com\/es\/wp-content\/uploads\/sites\/4\/2022\/03\/gooddealersmeds__logo__20220317T222800Z.00.png","width":500,"height":325,"caption":"Good Dealers Meds"},"image":{"@id":"https:\/\/gooddealersmeds.com\/es\/#\/schema\/logo\/image\/"}}]}},"_links":{"self":[{"href":"https:\/\/gooddealersmeds.com\/es\/wp-json\/wp\/v2\/product\/1627","targetHints":{"allow":["GET"]}}],"collection":[{"href":"https:\/\/gooddealersmeds.com\/es\/wp-json\/wp\/v2\/product"}],"about":[{"href":"https:\/\/gooddealersmeds.com\/es\/wp-json\/wp\/v2\/types\/product"}],"replies":[{"embeddable":true,"href":"https:\/\/gooddealersmeds.com\/es\/wp-json\/wp\/v2\/comments?post=1627"}],"wp:featuredmedia":[{"embeddable":true,"href":"https:\/\/gooddealersmeds.com\/es\/wp-json\/wp\/v2\/media\/1637"}],"wp:attachment":[{"href":"https:\/\/gooddealersmeds.com\/es\/wp-json\/wp\/v2\/media?parent=1627"}],"wp:term":[{"taxonomy":"product_brand","embeddable":true,"href":"https:\/\/gooddealersmeds.com\/es\/wp-json\/wp\/v2\/product_brand?post=1627"},{"taxonomy":"product_cat","embeddable":true,"href":"https:\/\/gooddealersmeds.com\/es\/wp-json\/wp\/v2\/product_cat?post=1627"},{"taxonomy":"product_tag","embeddable":true,"href":"https:\/\/gooddealersmeds.com\/es\/wp-json\/wp\/v2\/product_tag?post=1627"}],"curies":[{"name":"wp","href":"https:\/\/api.w.org\/{rel}","templated":true}]}}