{"id":1615,"date":"2022-03-19T00:11:34","date_gmt":"2022-03-19T00:11:34","guid":{"rendered":"https:\/\/gooddealersmeds.com\/es\/?post_type=product&#038;p=1615"},"modified":"2023-01-02T17:00:21","modified_gmt":"2023-01-02T17:00:21","slug":"comprar-crystal-meth-metanfetamina-online","status":"publish","type":"product","link":"https:\/\/gooddealersmeds.com\/es\/product\/comprar-crystal-meth-metanfetamina-online\/","title":{"rendered":"Compre Crystal Meth (metanfetamina) en l\u00ednea"},"content":{"rendered":"<h2>Comprar Crystal Meth (metanfetamina) en l\u00ednea de primera categor\u00eda<\/h2>\n<p>Ice (crystal meth) es una metanfetamina, un miembro de la familia de drogas de las anfetaminas. Es un estimulante potente y altamente adictivo que afecta el sistema nervioso central. Comprar Crystal Meth en l\u00ednea se trafica y vende il\u00edcitamente debido a su potencial para uso recreativo.<\/p>\n<p>La metanfetamina es un miembro de la familia de la fenetilamina, que incluye una variedad de sustancias que pueden ser estimulantes, entact\u00f3genos o alucin\u00f3genos. Crystal meth es un estimulante del SNC que causa hipertensi\u00f3n y taquicardia con sentimientos de mayor confianza, sociabilidad y energ\u00eda. La metanfetamina tiene un uso terap\u00e9utico ocasional en el tratamiento de la narcolepsia y el trastorno por d\u00e9ficit de atenci\u00f3n con hiperactividad (TDAH).<\/p>\n<p>Tambi\u00e9n conocida como metanfetamina, tiza, hielo y cristal, entre muchos otros t\u00e9rminos, toma la forma de un , polvo cristalino inodoro y de sabor amargo que se disuelve f\u00e1cilmente en agua o alcohol. se desarroll\u00f3 a principios del siglo XX a partir de su producto qu\u00edmico principal, la anfetamina, y se emple\u00f3 originalmente en descongestionantes nasales e inhaladores bronquiales.<\/p>\n<p>Esta droga relativamente com\u00fan se ha mantenido popular entre los usuarios de drogas recreativas porque funciona r\u00e1pidamente y produce un intensa sensaci\u00f3n de euforia. Dado que se fabrica f\u00e1cilmente en laboratorios caseros, hay un flujo constante y de f\u00e1cil acceso del producto para aquellos que se vuelven adictos. Comprar Crystal Meth en l\u00ednea<\/p>\n<p><strong>\u00bfPor qu\u00e9 deber\u00eda pedir Crystal Meth (metanfetamina) de nosotros?<\/strong><\/p>\n<p>Al igual que las anfetaminas, la metanfetamina aumenta la actividad y la locuacidad, disminuye el apetito y una deliciosa sensaci\u00f3n de bienestar o euforia. Sin embargo, la metanfetamina se diferencia de la anfetamina en que, en dosis comparables, llegan al cerebro muchas m\u00e1s cantidades de la sustancia, lo que la convierte en un estimulante m\u00e1s eficaz. Tambi\u00e9n tiene efectos m\u00e1s duraderos y m\u00e1s severos en el sistema nervioso central. Estas propiedades lo convierten en un medicamento con un potencial significativo para el abuso generalizado.<\/p>\n<p>La metanfetamina cristalina se puede fumar, inhalar, tragar o inyectar. A menudo se usa en fiestas porque aumenta la vigilia y te permite estar alerta por m\u00e1s tiempo de lo normal.<\/p>\n<p>La poderosa euforia que siente la gente al usar metanfetamina hace que muchos se enganchen desde el principio. Cuando se usa, una sustancia qu\u00edmica llamada dopamina inunda las partes del cerebro que regulan la sensaci\u00f3n de placer. Los usuarios tambi\u00e9n se sienten confiados y en\u00e9rgicos.<\/p>\n<p>Puede pedir Crystal Meth en l\u00ednea desde nuestra <a href=\"https:\/\/gooddealersmeds.com\/es\/products\/\">tienda<\/a> con env\u00edo seguro todos sobre Europa.<\/p>\n","protected":false},"excerpt":{"rendered":"<p>La mejor tienda para pedir vidrio. Puede comprar <strong>metanfetamina cristalina<\/strong> en l\u00ednea ahora y recibirla al d\u00eda siguiente. La forma m\u00e1s reciente o m\u00e1s reciente de metanfetamina cristalina es casi 100% pura. Es inodoro y se puede fumar en pipas de vidrio.<\/p>\n<p>Suministramos productos de alta pureza con un sistema de env\u00edo muy bueno y discreto. Con experiencia de 12 a\u00f1os con entrega en investigaci\u00f3n qu\u00edmica; nos concentramos en la seguridad.<\/p>\n<p>Somos confiables, confiables, Entrega r\u00e1pida y productos de alta calidad solo a un precio asequible.<\/p>\n","protected":false},"featured_media":1626,"comment_status":"open","ping_status":"closed","template":"","meta":{"inline_featured_image":false},"product_brand":[],"product_cat":[343],"product_tag":[107,166,167,164,165,168,172,179,177,183,171,181,174,182,108,169,176,178,175,184,180,170],"class_list":{"0":"post-1615","1":"product","2":"type-product","3":"status-publish","4":"has-post-thumbnail","6":"product_cat-otros","7":"product_tag-buy","8":"product_tag-buy-meth-crystal","9":"product_tag-buy-meth-crystal-methamphetamine-online","10":"product_tag-buy-meth-crystal-methamphetamine-online-cheaply","11":"product_tag-buy-meth-crystal-online","12":"product_tag-buy-methamphetamine","13":"product_tag-buy-research-chemicals-online-buy-crystal-meth","14":"product_tag-compra","15":"product_tag-compra-cristal-metanfetamina","16":"product_tag-cristal","17":"product_tag-donde-comprar-metanfetamina","18":"product_tag-metanfetamina","19":"product_tag-metanfetamina-para-la-venta-online","20":"product_tag-methamphetamine","21":"product_tag-online","22":"product_tag-orden-metanfetamina-online","23":"product_tag-order-crystal-meth-online","24":"product_tag-order-crystal-methamphetamine","25":"product_tag-ordenar-metanfetamina","26":"product_tag-polvo","27":"product_tag-seguro","28":"product_tag-venta-de-metanfetamina","29":"pa_grams-1-kg-1000-g","30":"pa_grams-100-g","31":"pa_grams-20-g","32":"pa_grams-200-g","33":"pa_grams-250-g","34":"pa_grams-35-g","35":"pa_grams-50-g","36":"pa_grams-500-g","38":"first","39":"instock","40":"featured","41":"shipping-taxable","42":"purchasable","43":"product-type-variable","44":"has-default-attributes"},"yoast_head":"<!-- This site is optimized with the Yoast SEO Premium plugin v20.6 (Yoast SEO v27.5) - https:\/\/yoast.com\/product\/yoast-seo-premium-wordpress\/ -->\n<title>Comprar Crystal Meth en l\u00ednea (Metanfetamina) | Metanfetamina a la venta<\/title>\n<meta name=\"description\" content=\"Comprar Crystal Meth en l\u00ednea ( metanfetamina ) de Good Dealers Meds. Entregamos env\u00edos seguros y protegidos a EE. UU., Canad\u00e1 y el mundo.\" \/>\n<meta name=\"robots\" content=\"index, follow, max-snippet:-1, max-image-preview:large, max-video-preview:-1\" \/>\n<link rel=\"canonical\" href=\"https:\/\/gooddealersmeds.com\/es\/product\/comprar-crystal-meth-metanfetamina-online\/\" \/>\n<meta property=\"og:locale\" content=\"en_US\" \/>\n<meta property=\"og:type\" content=\"article\" \/>\n<meta property=\"og:title\" content=\"Compre Crystal Meth (metanfetamina) en l\u00ednea\" \/>\n<meta property=\"og:description\" content=\"Comprar Crystal Meth en l\u00ednea ( metanfetamina ) de Good Dealers Meds. Entregamos env\u00edos seguros y protegidos a EE. UU., Canad\u00e1 y el mundo.\" \/>\n<meta property=\"og:url\" content=\"https:\/\/gooddealersmeds.com\/es\/product\/comprar-crystal-meth-metanfetamina-online\/\" \/>\n<meta property=\"og:site_name\" content=\"Good Dealers Meds\" \/>\n<meta property=\"article:modified_time\" content=\"2023-01-02T17:00:21+00:00\" \/>\n<meta property=\"og:image\" content=\"https:\/\/gooddealersmeds.com\/es\/wp-content\/uploads\/sites\/4\/2022\/03\/Buy-Crystal-Meth-Online.jpg\" \/>\n\t<meta property=\"og:image:width\" content=\"600\" \/>\n\t<meta property=\"og:image:height\" content=\"600\" \/>\n\t<meta property=\"og:image:type\" content=\"image\/jpeg\" \/>\n<meta name=\"twitter:card\" content=\"summary_large_image\" \/>\n<meta name=\"twitter:label1\" content=\"Est. reading time\" \/>\n\t<meta name=\"twitter:data1\" content=\"2 minutes\" \/>\n<script type=\"application\/ld+json\" class=\"yoast-schema-graph\">{\"@context\":\"https:\\\/\\\/schema.org\",\"@graph\":[{\"@type\":\"WebPage\",\"@id\":\"https:\\\/\\\/gooddealersmeds.com\\\/es\\\/product\\\/comprar-crystal-meth-metanfetamina-online\\\/\",\"url\":\"https:\\\/\\\/gooddealersmeds.com\\\/es\\\/product\\\/comprar-crystal-meth-metanfetamina-online\\\/\",\"name\":\"Comprar Crystal Meth en l\u00ednea (Metanfetamina) | Metanfetamina a la venta\",\"isPartOf\":{\"@id\":\"https:\\\/\\\/gooddealersmeds.com\\\/es\\\/#website\"},\"primaryImageOfPage\":{\"@id\":\"https:\\\/\\\/gooddealersmeds.com\\\/es\\\/product\\\/comprar-crystal-meth-metanfetamina-online\\\/#primaryimage\"},\"image\":{\"@id\":\"https:\\\/\\\/gooddealersmeds.com\\\/es\\\/product\\\/comprar-crystal-meth-metanfetamina-online\\\/#primaryimage\"},\"thumbnailUrl\":\"https:\\\/\\\/gooddealersmeds.com\\\/es\\\/wp-content\\\/uploads\\\/sites\\\/4\\\/2022\\\/03\\\/Buy-Crystal-Meth-Online.jpg\",\"datePublished\":\"2022-03-19T00:11:34+00:00\",\"dateModified\":\"2023-01-02T17:00:21+00:00\",\"description\":\"Comprar Crystal Meth en l\u00ednea ( metanfetamina ) de Good Dealers Meds. Entregamos env\u00edos seguros y protegidos a EE. UU., Canad\u00e1 y el mundo.\",\"breadcrumb\":{\"@id\":\"https:\\\/\\\/gooddealersmeds.com\\\/es\\\/product\\\/comprar-crystal-meth-metanfetamina-online\\\/#breadcrumb\"},\"inLanguage\":\"en-US\",\"potentialAction\":[{\"@type\":\"ReadAction\",\"target\":[\"https:\\\/\\\/gooddealersmeds.com\\\/es\\\/product\\\/comprar-crystal-meth-metanfetamina-online\\\/\"]}]},{\"@type\":\"ImageObject\",\"inLanguage\":\"en-US\",\"@id\":\"https:\\\/\\\/gooddealersmeds.com\\\/es\\\/product\\\/comprar-crystal-meth-metanfetamina-online\\\/#primaryimage\",\"url\":\"https:\\\/\\\/gooddealersmeds.com\\\/es\\\/wp-content\\\/uploads\\\/sites\\\/4\\\/2022\\\/03\\\/Buy-Crystal-Meth-Online.jpg\",\"contentUrl\":\"https:\\\/\\\/gooddealersmeds.com\\\/es\\\/wp-content\\\/uploads\\\/sites\\\/4\\\/2022\\\/03\\\/Buy-Crystal-Meth-Online.jpg\",\"width\":600,\"height\":600,\"caption\":\"Buy Crystal Meth Online\"},{\"@type\":\"BreadcrumbList\",\"@id\":\"https:\\\/\\\/gooddealersmeds.com\\\/es\\\/product\\\/comprar-crystal-meth-metanfetamina-online\\\/#breadcrumb\",\"itemListElement\":[{\"@type\":\"ListItem\",\"position\":1,\"name\":\"Home\",\"item\":\"https:\\\/\\\/gooddealersmeds.com\\\/es\\\/\"},{\"@type\":\"ListItem\",\"position\":2,\"name\":\"Productos\",\"item\":\"https:\\\/\\\/gooddealersmeds.com\\\/es\\\/productos\\\/\"},{\"@type\":\"ListItem\",\"position\":3,\"name\":\"Compre Crystal Meth (metanfetamina) en l\u00ednea\"}]},{\"@type\":\"WebSite\",\"@id\":\"https:\\\/\\\/gooddealersmeds.com\\\/es\\\/#website\",\"url\":\"https:\\\/\\\/gooddealersmeds.com\\\/es\\\/\",\"name\":\"Good Dealers Meds\",\"description\":\"All our best\",\"publisher\":{\"@id\":\"https:\\\/\\\/gooddealersmeds.com\\\/es\\\/#organization\"},\"potentialAction\":[{\"@type\":\"SearchAction\",\"target\":{\"@type\":\"EntryPoint\",\"urlTemplate\":\"https:\\\/\\\/gooddealersmeds.com\\\/es\\\/?s={search_term_string}\"},\"query-input\":{\"@type\":\"PropertyValueSpecification\",\"valueRequired\":true,\"valueName\":\"search_term_string\"}}],\"inLanguage\":\"en-US\"},{\"@type\":\"Organization\",\"@id\":\"https:\\\/\\\/gooddealersmeds.com\\\/es\\\/#organization\",\"name\":\"Good Dealers Meds\",\"url\":\"https:\\\/\\\/gooddealersmeds.com\\\/es\\\/\",\"logo\":{\"@type\":\"ImageObject\",\"inLanguage\":\"en-US\",\"@id\":\"https:\\\/\\\/gooddealersmeds.com\\\/es\\\/#\\\/schema\\\/logo\\\/image\\\/\",\"url\":\"https:\\\/\\\/gooddealersmeds.com\\\/es\\\/wp-content\\\/uploads\\\/sites\\\/4\\\/2022\\\/03\\\/gooddealersmeds__logo__20220317T222800Z.00.png\",\"contentUrl\":\"https:\\\/\\\/gooddealersmeds.com\\\/es\\\/wp-content\\\/uploads\\\/sites\\\/4\\\/2022\\\/03\\\/gooddealersmeds__logo__20220317T222800Z.00.png\",\"width\":500,\"height\":325,\"caption\":\"Good Dealers Meds\"},\"image\":{\"@id\":\"https:\\\/\\\/gooddealersmeds.com\\\/es\\\/#\\\/schema\\\/logo\\\/image\\\/\"}}]}<\/script>\n<!-- \/ Yoast SEO Premium plugin. -->","yoast_head_json":{"title":"Comprar Crystal Meth en l\u00ednea (Metanfetamina) | Metanfetamina a la venta","description":"Comprar Crystal Meth en l\u00ednea ( metanfetamina ) de Good Dealers Meds. Entregamos env\u00edos seguros y protegidos a EE. UU., Canad\u00e1 y el mundo.","robots":{"index":"index","follow":"follow","max-snippet":"max-snippet:-1","max-image-preview":"max-image-preview:large","max-video-preview":"max-video-preview:-1"},"canonical":"https:\/\/gooddealersmeds.com\/es\/product\/comprar-crystal-meth-metanfetamina-online\/","og_locale":"en_US","og_type":"article","og_title":"Compre Crystal Meth (metanfetamina) en l\u00ednea","og_description":"Comprar Crystal Meth en l\u00ednea ( metanfetamina ) de Good Dealers Meds. Entregamos env\u00edos seguros y protegidos a EE. UU., Canad\u00e1 y el mundo.","og_url":"https:\/\/gooddealersmeds.com\/es\/product\/comprar-crystal-meth-metanfetamina-online\/","og_site_name":"Good Dealers Meds","article_modified_time":"2023-01-02T17:00:21+00:00","og_image":[{"width":600,"height":600,"url":"https:\/\/gooddealersmeds.com\/es\/wp-content\/uploads\/sites\/4\/2022\/03\/Buy-Crystal-Meth-Online.jpg","type":"image\/jpeg"}],"twitter_card":"summary_large_image","twitter_misc":{"Est. reading time":"2 minutes"},"schema":{"@context":"https:\/\/schema.org","@graph":[{"@type":"WebPage","@id":"https:\/\/gooddealersmeds.com\/es\/product\/comprar-crystal-meth-metanfetamina-online\/","url":"https:\/\/gooddealersmeds.com\/es\/product\/comprar-crystal-meth-metanfetamina-online\/","name":"Comprar Crystal Meth en l\u00ednea (Metanfetamina) | Metanfetamina a la venta","isPartOf":{"@id":"https:\/\/gooddealersmeds.com\/es\/#website"},"primaryImageOfPage":{"@id":"https:\/\/gooddealersmeds.com\/es\/product\/comprar-crystal-meth-metanfetamina-online\/#primaryimage"},"image":{"@id":"https:\/\/gooddealersmeds.com\/es\/product\/comprar-crystal-meth-metanfetamina-online\/#primaryimage"},"thumbnailUrl":"https:\/\/gooddealersmeds.com\/es\/wp-content\/uploads\/sites\/4\/2022\/03\/Buy-Crystal-Meth-Online.jpg","datePublished":"2022-03-19T00:11:34+00:00","dateModified":"2023-01-02T17:00:21+00:00","description":"Comprar Crystal Meth en l\u00ednea ( metanfetamina ) de Good Dealers Meds. Entregamos env\u00edos seguros y protegidos a EE. UU., Canad\u00e1 y el mundo.","breadcrumb":{"@id":"https:\/\/gooddealersmeds.com\/es\/product\/comprar-crystal-meth-metanfetamina-online\/#breadcrumb"},"inLanguage":"en-US","potentialAction":[{"@type":"ReadAction","target":["https:\/\/gooddealersmeds.com\/es\/product\/comprar-crystal-meth-metanfetamina-online\/"]}]},{"@type":"ImageObject","inLanguage":"en-US","@id":"https:\/\/gooddealersmeds.com\/es\/product\/comprar-crystal-meth-metanfetamina-online\/#primaryimage","url":"https:\/\/gooddealersmeds.com\/es\/wp-content\/uploads\/sites\/4\/2022\/03\/Buy-Crystal-Meth-Online.jpg","contentUrl":"https:\/\/gooddealersmeds.com\/es\/wp-content\/uploads\/sites\/4\/2022\/03\/Buy-Crystal-Meth-Online.jpg","width":600,"height":600,"caption":"Buy Crystal Meth Online"},{"@type":"BreadcrumbList","@id":"https:\/\/gooddealersmeds.com\/es\/product\/comprar-crystal-meth-metanfetamina-online\/#breadcrumb","itemListElement":[{"@type":"ListItem","position":1,"name":"Home","item":"https:\/\/gooddealersmeds.com\/es\/"},{"@type":"ListItem","position":2,"name":"Productos","item":"https:\/\/gooddealersmeds.com\/es\/productos\/"},{"@type":"ListItem","position":3,"name":"Compre Crystal Meth (metanfetamina) en l\u00ednea"}]},{"@type":"WebSite","@id":"https:\/\/gooddealersmeds.com\/es\/#website","url":"https:\/\/gooddealersmeds.com\/es\/","name":"Good Dealers Meds","description":"All our best","publisher":{"@id":"https:\/\/gooddealersmeds.com\/es\/#organization"},"potentialAction":[{"@type":"SearchAction","target":{"@type":"EntryPoint","urlTemplate":"https:\/\/gooddealersmeds.com\/es\/?s={search_term_string}"},"query-input":{"@type":"PropertyValueSpecification","valueRequired":true,"valueName":"search_term_string"}}],"inLanguage":"en-US"},{"@type":"Organization","@id":"https:\/\/gooddealersmeds.com\/es\/#organization","name":"Good Dealers Meds","url":"https:\/\/gooddealersmeds.com\/es\/","logo":{"@type":"ImageObject","inLanguage":"en-US","@id":"https:\/\/gooddealersmeds.com\/es\/#\/schema\/logo\/image\/","url":"https:\/\/gooddealersmeds.com\/es\/wp-content\/uploads\/sites\/4\/2022\/03\/gooddealersmeds__logo__20220317T222800Z.00.png","contentUrl":"https:\/\/gooddealersmeds.com\/es\/wp-content\/uploads\/sites\/4\/2022\/03\/gooddealersmeds__logo__20220317T222800Z.00.png","width":500,"height":325,"caption":"Good Dealers Meds"},"image":{"@id":"https:\/\/gooddealersmeds.com\/es\/#\/schema\/logo\/image\/"}}]}},"_links":{"self":[{"href":"https:\/\/gooddealersmeds.com\/es\/wp-json\/wp\/v2\/product\/1615","targetHints":{"allow":["GET"]}}],"collection":[{"href":"https:\/\/gooddealersmeds.com\/es\/wp-json\/wp\/v2\/product"}],"about":[{"href":"https:\/\/gooddealersmeds.com\/es\/wp-json\/wp\/v2\/types\/product"}],"replies":[{"embeddable":true,"href":"https:\/\/gooddealersmeds.com\/es\/wp-json\/wp\/v2\/comments?post=1615"}],"wp:featuredmedia":[{"embeddable":true,"href":"https:\/\/gooddealersmeds.com\/es\/wp-json\/wp\/v2\/media\/1626"}],"wp:attachment":[{"href":"https:\/\/gooddealersmeds.com\/es\/wp-json\/wp\/v2\/media?parent=1615"}],"wp:term":[{"taxonomy":"product_brand","embeddable":true,"href":"https:\/\/gooddealersmeds.com\/es\/wp-json\/wp\/v2\/product_brand?post=1615"},{"taxonomy":"product_cat","embeddable":true,"href":"https:\/\/gooddealersmeds.com\/es\/wp-json\/wp\/v2\/product_cat?post=1615"},{"taxonomy":"product_tag","embeddable":true,"href":"https:\/\/gooddealersmeds.com\/es\/wp-json\/wp\/v2\/product_tag?post=1615"}],"curies":[{"name":"wp","href":"https:\/\/api.w.org\/{rel}","templated":true}]}}