{"id":1605,"date":"2022-03-19T00:01:04","date_gmt":"2022-03-19T00:01:04","guid":{"rendered":"https:\/\/gooddealersmeds.com\/es\/?post_type=product&#038;p=1605"},"modified":"2023-01-02T17:05:38","modified_gmt":"2023-01-02T17:05:38","slug":"comprar-4mmc-mefedrona-online","status":"publish","type":"product","link":"https:\/\/gooddealersmeds.com\/es\/product\/comprar-4mmc-mefedrona-online\/","title":{"rendered":"Comprar 4MMC (mefedrona) en l\u00ednea"},"content":{"rendered":"<h2>Calidad 4MMC (mefedrona) a la venta en l\u00ednea en Good Dealers Meds<\/h2>\n<p>Comprar mefedrona en l\u00ednea desde nuestra web con o sin receta m\u00e9dica. Proporcionamos productos qu\u00edmicos de investigaci\u00f3n de alta calidad. Nuestros productos qu\u00edmicos tienen una pureza del 99,5 % y han sido estandarizados tanto para investigaci\u00f3n como para uso personal. Vendemos a precios muy bajos y ofrecemos descuentos por volumen. Debido a que tenemos acceso directo a una planta de fabricaci\u00f3n, nuestros productos qu\u00edmicos de investigaci\u00f3n tienen precios muy competitivos.<\/p>\n<p>Mefedrona <a href=\"https:\/\/gooddealersmeds.com\/es\/product\/buy-4mmc-mephedrone- en l\u00ednea\/\">4MMC a la venta<\/a> en l\u00ednea. Tambi\u00e9n se llama 4-metilmetcatinona (4-MMC) o 4-metilefedrona, y no debe confundirse<br \/>\ncon la metadona, que es una sustancia totalmente diferente. Es una sustancia qu\u00edmica quiral y ambas mol\u00e9culas tienen una potencia similar a la de los sustratos transportadores de dopamina. La R-Mefedrona es un sustrato significativamente m\u00e1s d\u00e9bil que la S-Mefedrona. La mefedrona est\u00e1 disponible para su compra en l\u00ednea.<\/p>\n<p>La mefedrona (4-MMC) se usa ampliamente junto con el licor. Un estudio con ratones analiz\u00f3 la interacci\u00f3n de estos dos f\u00e1rmacos y se centr\u00f3 en las caracter\u00edsticas psicoestimulantes y de recompensa de 4-MMC. Se revel\u00f3 que bajas dosis de licor (no energizante) mejoraron fundamentalmente los efectos psicoestimulantes de la 4-MMC. Este efecto fue mitigado por un aumento de la dopamina sin\u00e1ptica, ya que el haloperidol, pero no la ketanserina, ten\u00eda la capacidad de prevenir la potenciaci\u00f3n por el licor. Tambi\u00e9n se agreg\u00f3 una porci\u00f3n menor de licor no compensadora a las propiedades remuneradoras de 4-MMC.<\/p>\n<p>La mefedrona, al igual que otras feniletilaminas, funciona como un sustrato transportador de dopamina (DA) y serotonina (5-HT), interrumpiendo almacenamiento vesicular y elevando significativamente los niveles de dopamina y serotonina, lo que resulta en potentes efectos psicoestimulantes, enactog\u00e9nicos y alucin\u00f3genos.<\/p>\n<p><strong>Los usuarios de mefedrona dicen que da una sensaci\u00f3n de estimulaci\u00f3n y que potencia las siguientes funciones:<\/strong><\/p>\n<ul>\n<li>Estar alerta<\/li>\n<li>Inquietud<\/li>\n<li>Euforia<\/li>\n<li>Emoci\u00f3n<\/li>\n<li>Necesidad de hablar<\/li>\n<li>Apertura<\/li>\n<li>Deseo sexual<\/li>\n<\/ul>\n<p>Pedir Mefedrona (4-MMC) en l\u00ednea siempre es una buena decisi\u00f3n ya que le ayuda a ahorrar tiempo y dinero. Y la \u00fanica forma confiable de comprar Mefedrona (4-MMC) en l\u00ednea es conectarse con una farmacia en l\u00ednea. Puede esperar productos de primera calidad y entrega oportuna de ellos y no sentir ninguna carga de ning\u00fan tipo.<\/p>\n<p>Puede comprar mefedrona en l\u00ednea f\u00e1cilmente desde nuestro <a href=\"https:\/\/gooddealersmeds.com\/es \/productos\/\">sitio web<\/a> con o sin receta m\u00e9dica.<\/p>\n<p>&nbsp;<\/p>\n","protected":false},"excerpt":{"rendered":"<p><strong>Estamos aqu\u00ed para ayudarte con todas tus necesidades y requerimientos. Ponte en contacto f\u00e1cilmente con nuestra tienda online y realiza tu compra c\u00f3modamente. Sus requisitos ahora est\u00e1n a solo un clic de distancia. \u00a1Con\u00e9ctate con nosotros inmediatamente! (Comprar Mefedrona 4MMC)<\/strong><\/p>\n<p>Suministramos productos de alta pureza con un sistema de env\u00edo muy bueno y discreto. Con experiencia de 12 a\u00f1os con entrega en investigaci\u00f3n qu\u00edmica; nos concentramos en la seguridad.<\/p>\n","protected":false},"featured_media":1698,"comment_status":"open","ping_status":"closed","template":"","meta":{"inline_featured_image":false},"product_brand":[],"product_cat":[343],"product_tag":[136,148,125,161,139,149,107,117,129,135,132,137,131,133,130,144,134,142,143,156,105,118,127,126,155,160,140,116,122,119,123,150,145,151,104,110,128,147,159,157,162,121,153,154,152,158,163,146,108,141,109,106,124,138,120],"class_list":{"0":"post-1605","1":"product","2":"type-product","3":"status-publish","4":"has-post-thumbnail","6":"product_cat-otros","7":"product_tag-donde-puedo-comprar-mefedrona-es","8":"product_tag-donde-puedo-comprar-mefedrona-online","9":"product_tag-is-4mmc-mephedrone-legal-in-usa","10":"product_tag-4-metilmetcatinona-mefedrona","11":"product_tag-mefedrona-alimento-planta","12":"product_tag-best-site-to-buy-mephedrone","13":"product_tag-buy","14":"product_tag-buy-4mmc-mephedrone-near-me","15":"product_tag-buy-mephedrone-4mmc-online-buy-mephedrone","16":"product_tag-buy-mephedrone-bath-salts","17":"product_tag-buy-mephedrone-czech-republic","18":"product_tag-buy-mephedrone-from-china","19":"product_tag-buy-mephedrone-online","20":"product_tag-buy-mephedrone-online-usa","21":"product_tag-buy-mephedrone-plant-food","22":"product_tag-buy-mephedrone-plant-food-for-marijuana-plant","23":"product_tag-buy-mephedrone-plant-food-online-supplier","24":"product_tag-buy-mephedrone-powder","25":"product_tag-buy-mephedrone-usa-mastercard","26":"product_tag-buy-mephedrone-wholesale","27":"product_tag-canada","28":"product_tag-como-comprar-4mmc-mefedrona-online","29":"product_tag-cmo-pedir-4mmc-mefedrona","30":"product_tag-comprar-4mmc-mefedrona-online-usa","31":"product_tag-comprar-alimentos-vegetales-online-mefedrona","32":"product_tag-comprar-planta-fertilizante-mefedrona","33":"product_tag-compra-mefedrona-online","34":"product_tag-comprar-4mmc-mefedrona-online-comprar-mefedrona","35":"product_tag-compre-4mmc-mefedrona-online-ahora","36":"product_tag-donde-comprar-4mmc-mefedrona","37":"product_tag-donde-comprar-4mmc-mefedrona-online","38":"product_tag-donde-comprar-mefedrona-en-usa","39":"product_tag-donde-puedo-comprar-mefedrona","40":"product_tag-donde-puedo-comprar-mefedrona-en-los-estados-unidos","41":"product_tag-ee-uu","42":"product_tag-entrega-segura","43":"product_tag-es-4mmc-mefedrona-en-canada","44":"product_tag-how-to-buy-mephedrone-online","45":"product_tag-inhalar-mefedrona","46":"product_tag-mefedrona-4-mmc","47":"product_tag-mefedrona-4-metilmetcatinona","48":"product_tag-4mmc-mefedrona-para-la-venta-en-ee-uu","49":"product_tag-mefedrona-planta-comida-comprar","50":"product_tag-mefedrona-planta-alimento-comprar-online","51":"product_tag-mefedrona-comprar-online-usa","52":"product_tag-4-mmc-mefedrona","53":"product_tag-mefedrona-foro-drogas","54":"product_tag-mefedrona-para-comprar","55":"product_tag-online","56":"product_tag-plant-food-mephedrone-suppliers","57":"product_tag-proveedores","58":"product_tag-reino-unido","59":"product_tag-usted-todava-puede-obtener-4mmc-mefedrona","60":"product_tag-venta-de-mefedrona","61":"product_tag-4mmc-mefedrona-en-venta","62":"pa_grams-1-kg-1000-g","63":"pa_grams-100-g","64":"pa_grams-20-g","65":"pa_grams-200-g","66":"pa_grams-250-g","67":"pa_grams-35-g","68":"pa_grams-50-g","69":"pa_grams-500-g","71":"first","72":"instock","73":"featured","74":"shipping-taxable","75":"purchasable","76":"product-type-variable","77":"has-default-attributes"},"yoast_head":"<!-- This site is optimized with the Yoast SEO Premium plugin v20.6 (Yoast SEO v27.4) - https:\/\/yoast.com\/product\/yoast-seo-premium-wordpress\/ -->\n<title>Comprar mefedrona en l\u00ednea (4MMC) | Mefedrona en venta | MKAT<\/title>\n<meta name=\"description\" content=\"Comprar mefedrona en l\u00ednea (4MMC). Medicamentos para la ansiedad de calidad y productos qu\u00edmicos de investigaci\u00f3n disponibles para comprar en l\u00ednea en Good Dealers Meds.\" \/>\n<meta name=\"robots\" content=\"index, follow, max-snippet:-1, max-image-preview:large, max-video-preview:-1\" \/>\n<link rel=\"canonical\" href=\"https:\/\/gooddealersmeds.com\/es\/product\/comprar-4mmc-mefedrona-online\/\" \/>\n<meta property=\"og:locale\" content=\"en_US\" \/>\n<meta property=\"og:type\" content=\"article\" \/>\n<meta property=\"og:title\" content=\"Comprar 4MMC (mefedrona) en l\u00ednea\" \/>\n<meta property=\"og:description\" content=\"Comprar mefedrona en l\u00ednea (4MMC). Medicamentos para la ansiedad de calidad y productos qu\u00edmicos de investigaci\u00f3n disponibles para comprar en l\u00ednea en Good Dealers Meds.\" \/>\n<meta property=\"og:url\" content=\"https:\/\/gooddealersmeds.com\/es\/product\/comprar-4mmc-mefedrona-online\/\" \/>\n<meta property=\"og:site_name\" content=\"Good Dealers Meds\" \/>\n<meta property=\"article:modified_time\" content=\"2023-01-02T17:05:38+00:00\" \/>\n<meta property=\"og:image\" content=\"https:\/\/gooddealersmeds.com\/es\/wp-content\/uploads\/sites\/4\/2022\/03\/ff.jpg\" \/>\n\t<meta property=\"og:image:width\" content=\"550\" \/>\n\t<meta property=\"og:image:height\" content=\"412\" \/>\n\t<meta property=\"og:image:type\" content=\"image\/jpeg\" \/>\n<meta name=\"twitter:card\" content=\"summary_large_image\" \/>\n<meta name=\"twitter:label1\" content=\"Est. reading time\" \/>\n\t<meta name=\"twitter:data1\" content=\"2 minutes\" \/>\n<script type=\"application\/ld+json\" class=\"yoast-schema-graph\">{\"@context\":\"https:\\\/\\\/schema.org\",\"@graph\":[{\"@type\":\"WebPage\",\"@id\":\"https:\\\/\\\/gooddealersmeds.com\\\/es\\\/product\\\/comprar-4mmc-mefedrona-online\\\/\",\"url\":\"https:\\\/\\\/gooddealersmeds.com\\\/es\\\/product\\\/comprar-4mmc-mefedrona-online\\\/\",\"name\":\"Comprar mefedrona en l\u00ednea (4MMC) | Mefedrona en venta | MKAT\",\"isPartOf\":{\"@id\":\"https:\\\/\\\/gooddealersmeds.com\\\/es\\\/#website\"},\"primaryImageOfPage\":{\"@id\":\"https:\\\/\\\/gooddealersmeds.com\\\/es\\\/product\\\/comprar-4mmc-mefedrona-online\\\/#primaryimage\"},\"image\":{\"@id\":\"https:\\\/\\\/gooddealersmeds.com\\\/es\\\/product\\\/comprar-4mmc-mefedrona-online\\\/#primaryimage\"},\"thumbnailUrl\":\"https:\\\/\\\/gooddealersmeds.com\\\/es\\\/wp-content\\\/uploads\\\/sites\\\/4\\\/2022\\\/03\\\/ff.jpg\",\"datePublished\":\"2022-03-19T00:01:04+00:00\",\"dateModified\":\"2023-01-02T17:05:38+00:00\",\"description\":\"Comprar mefedrona en l\u00ednea (4MMC). Medicamentos para la ansiedad de calidad y productos qu\u00edmicos de investigaci\u00f3n disponibles para comprar en l\u00ednea en Good Dealers Meds.\",\"breadcrumb\":{\"@id\":\"https:\\\/\\\/gooddealersmeds.com\\\/es\\\/product\\\/comprar-4mmc-mefedrona-online\\\/#breadcrumb\"},\"inLanguage\":\"en-US\",\"potentialAction\":[{\"@type\":\"ReadAction\",\"target\":[\"https:\\\/\\\/gooddealersmeds.com\\\/es\\\/product\\\/comprar-4mmc-mefedrona-online\\\/\"]}]},{\"@type\":\"ImageObject\",\"inLanguage\":\"en-US\",\"@id\":\"https:\\\/\\\/gooddealersmeds.com\\\/es\\\/product\\\/comprar-4mmc-mefedrona-online\\\/#primaryimage\",\"url\":\"https:\\\/\\\/gooddealersmeds.com\\\/es\\\/wp-content\\\/uploads\\\/sites\\\/4\\\/2022\\\/03\\\/ff.jpg\",\"contentUrl\":\"https:\\\/\\\/gooddealersmeds.com\\\/es\\\/wp-content\\\/uploads\\\/sites\\\/4\\\/2022\\\/03\\\/ff.jpg\",\"width\":550,\"height\":412,\"caption\":\"Buy 4MMC Mephedrone Online\"},{\"@type\":\"BreadcrumbList\",\"@id\":\"https:\\\/\\\/gooddealersmeds.com\\\/es\\\/product\\\/comprar-4mmc-mefedrona-online\\\/#breadcrumb\",\"itemListElement\":[{\"@type\":\"ListItem\",\"position\":1,\"name\":\"Home\",\"item\":\"https:\\\/\\\/gooddealersmeds.com\\\/es\\\/\"},{\"@type\":\"ListItem\",\"position\":2,\"name\":\"Productos\",\"item\":\"https:\\\/\\\/gooddealersmeds.com\\\/es\\\/productos\\\/\"},{\"@type\":\"ListItem\",\"position\":3,\"name\":\"Comprar 4MMC (mefedrona) en l\u00ednea\"}]},{\"@type\":\"WebSite\",\"@id\":\"https:\\\/\\\/gooddealersmeds.com\\\/es\\\/#website\",\"url\":\"https:\\\/\\\/gooddealersmeds.com\\\/es\\\/\",\"name\":\"Good Dealers Meds\",\"description\":\"All our best\",\"publisher\":{\"@id\":\"https:\\\/\\\/gooddealersmeds.com\\\/es\\\/#organization\"},\"potentialAction\":[{\"@type\":\"SearchAction\",\"target\":{\"@type\":\"EntryPoint\",\"urlTemplate\":\"https:\\\/\\\/gooddealersmeds.com\\\/es\\\/?s={search_term_string}\"},\"query-input\":{\"@type\":\"PropertyValueSpecification\",\"valueRequired\":true,\"valueName\":\"search_term_string\"}}],\"inLanguage\":\"en-US\"},{\"@type\":\"Organization\",\"@id\":\"https:\\\/\\\/gooddealersmeds.com\\\/es\\\/#organization\",\"name\":\"Good Dealers Meds\",\"url\":\"https:\\\/\\\/gooddealersmeds.com\\\/es\\\/\",\"logo\":{\"@type\":\"ImageObject\",\"inLanguage\":\"en-US\",\"@id\":\"https:\\\/\\\/gooddealersmeds.com\\\/es\\\/#\\\/schema\\\/logo\\\/image\\\/\",\"url\":\"https:\\\/\\\/gooddealersmeds.com\\\/es\\\/wp-content\\\/uploads\\\/sites\\\/4\\\/2022\\\/03\\\/gooddealersmeds__logo__20220317T222800Z.00.png\",\"contentUrl\":\"https:\\\/\\\/gooddealersmeds.com\\\/es\\\/wp-content\\\/uploads\\\/sites\\\/4\\\/2022\\\/03\\\/gooddealersmeds__logo__20220317T222800Z.00.png\",\"width\":500,\"height\":325,\"caption\":\"Good Dealers Meds\"},\"image\":{\"@id\":\"https:\\\/\\\/gooddealersmeds.com\\\/es\\\/#\\\/schema\\\/logo\\\/image\\\/\"}}]}<\/script>\n<!-- \/ Yoast SEO Premium plugin. -->","yoast_head_json":{"title":"Comprar mefedrona en l\u00ednea (4MMC) | Mefedrona en venta | MKAT","description":"Comprar mefedrona en l\u00ednea (4MMC). Medicamentos para la ansiedad de calidad y productos qu\u00edmicos de investigaci\u00f3n disponibles para comprar en l\u00ednea en Good Dealers Meds.","robots":{"index":"index","follow":"follow","max-snippet":"max-snippet:-1","max-image-preview":"max-image-preview:large","max-video-preview":"max-video-preview:-1"},"canonical":"https:\/\/gooddealersmeds.com\/es\/product\/comprar-4mmc-mefedrona-online\/","og_locale":"en_US","og_type":"article","og_title":"Comprar 4MMC (mefedrona) en l\u00ednea","og_description":"Comprar mefedrona en l\u00ednea (4MMC). Medicamentos para la ansiedad de calidad y productos qu\u00edmicos de investigaci\u00f3n disponibles para comprar en l\u00ednea en Good Dealers Meds.","og_url":"https:\/\/gooddealersmeds.com\/es\/product\/comprar-4mmc-mefedrona-online\/","og_site_name":"Good Dealers Meds","article_modified_time":"2023-01-02T17:05:38+00:00","og_image":[{"width":550,"height":412,"url":"https:\/\/gooddealersmeds.com\/es\/wp-content\/uploads\/sites\/4\/2022\/03\/ff.jpg","type":"image\/jpeg"}],"twitter_card":"summary_large_image","twitter_misc":{"Est. reading time":"2 minutes"},"schema":{"@context":"https:\/\/schema.org","@graph":[{"@type":"WebPage","@id":"https:\/\/gooddealersmeds.com\/es\/product\/comprar-4mmc-mefedrona-online\/","url":"https:\/\/gooddealersmeds.com\/es\/product\/comprar-4mmc-mefedrona-online\/","name":"Comprar mefedrona en l\u00ednea (4MMC) | Mefedrona en venta | MKAT","isPartOf":{"@id":"https:\/\/gooddealersmeds.com\/es\/#website"},"primaryImageOfPage":{"@id":"https:\/\/gooddealersmeds.com\/es\/product\/comprar-4mmc-mefedrona-online\/#primaryimage"},"image":{"@id":"https:\/\/gooddealersmeds.com\/es\/product\/comprar-4mmc-mefedrona-online\/#primaryimage"},"thumbnailUrl":"https:\/\/gooddealersmeds.com\/es\/wp-content\/uploads\/sites\/4\/2022\/03\/ff.jpg","datePublished":"2022-03-19T00:01:04+00:00","dateModified":"2023-01-02T17:05:38+00:00","description":"Comprar mefedrona en l\u00ednea (4MMC). Medicamentos para la ansiedad de calidad y productos qu\u00edmicos de investigaci\u00f3n disponibles para comprar en l\u00ednea en Good Dealers Meds.","breadcrumb":{"@id":"https:\/\/gooddealersmeds.com\/es\/product\/comprar-4mmc-mefedrona-online\/#breadcrumb"},"inLanguage":"en-US","potentialAction":[{"@type":"ReadAction","target":["https:\/\/gooddealersmeds.com\/es\/product\/comprar-4mmc-mefedrona-online\/"]}]},{"@type":"ImageObject","inLanguage":"en-US","@id":"https:\/\/gooddealersmeds.com\/es\/product\/comprar-4mmc-mefedrona-online\/#primaryimage","url":"https:\/\/gooddealersmeds.com\/es\/wp-content\/uploads\/sites\/4\/2022\/03\/ff.jpg","contentUrl":"https:\/\/gooddealersmeds.com\/es\/wp-content\/uploads\/sites\/4\/2022\/03\/ff.jpg","width":550,"height":412,"caption":"Buy 4MMC Mephedrone Online"},{"@type":"BreadcrumbList","@id":"https:\/\/gooddealersmeds.com\/es\/product\/comprar-4mmc-mefedrona-online\/#breadcrumb","itemListElement":[{"@type":"ListItem","position":1,"name":"Home","item":"https:\/\/gooddealersmeds.com\/es\/"},{"@type":"ListItem","position":2,"name":"Productos","item":"https:\/\/gooddealersmeds.com\/es\/productos\/"},{"@type":"ListItem","position":3,"name":"Comprar 4MMC (mefedrona) en l\u00ednea"}]},{"@type":"WebSite","@id":"https:\/\/gooddealersmeds.com\/es\/#website","url":"https:\/\/gooddealersmeds.com\/es\/","name":"Good Dealers Meds","description":"All our best","publisher":{"@id":"https:\/\/gooddealersmeds.com\/es\/#organization"},"potentialAction":[{"@type":"SearchAction","target":{"@type":"EntryPoint","urlTemplate":"https:\/\/gooddealersmeds.com\/es\/?s={search_term_string}"},"query-input":{"@type":"PropertyValueSpecification","valueRequired":true,"valueName":"search_term_string"}}],"inLanguage":"en-US"},{"@type":"Organization","@id":"https:\/\/gooddealersmeds.com\/es\/#organization","name":"Good Dealers Meds","url":"https:\/\/gooddealersmeds.com\/es\/","logo":{"@type":"ImageObject","inLanguage":"en-US","@id":"https:\/\/gooddealersmeds.com\/es\/#\/schema\/logo\/image\/","url":"https:\/\/gooddealersmeds.com\/es\/wp-content\/uploads\/sites\/4\/2022\/03\/gooddealersmeds__logo__20220317T222800Z.00.png","contentUrl":"https:\/\/gooddealersmeds.com\/es\/wp-content\/uploads\/sites\/4\/2022\/03\/gooddealersmeds__logo__20220317T222800Z.00.png","width":500,"height":325,"caption":"Good Dealers Meds"},"image":{"@id":"https:\/\/gooddealersmeds.com\/es\/#\/schema\/logo\/image\/"}}]}},"_links":{"self":[{"href":"https:\/\/gooddealersmeds.com\/es\/wp-json\/wp\/v2\/product\/1605","targetHints":{"allow":["GET"]}}],"collection":[{"href":"https:\/\/gooddealersmeds.com\/es\/wp-json\/wp\/v2\/product"}],"about":[{"href":"https:\/\/gooddealersmeds.com\/es\/wp-json\/wp\/v2\/types\/product"}],"replies":[{"embeddable":true,"href":"https:\/\/gooddealersmeds.com\/es\/wp-json\/wp\/v2\/comments?post=1605"}],"wp:featuredmedia":[{"embeddable":true,"href":"https:\/\/gooddealersmeds.com\/es\/wp-json\/wp\/v2\/media\/1698"}],"wp:attachment":[{"href":"https:\/\/gooddealersmeds.com\/es\/wp-json\/wp\/v2\/media?parent=1605"}],"wp:term":[{"taxonomy":"product_brand","embeddable":true,"href":"https:\/\/gooddealersmeds.com\/es\/wp-json\/wp\/v2\/product_brand?post=1605"},{"taxonomy":"product_cat","embeddable":true,"href":"https:\/\/gooddealersmeds.com\/es\/wp-json\/wp\/v2\/product_cat?post=1605"},{"taxonomy":"product_tag","embeddable":true,"href":"https:\/\/gooddealersmeds.com\/es\/wp-json\/wp\/v2\/product_tag?post=1605"}],"curies":[{"name":"wp","href":"https:\/\/api.w.org\/{rel}","templated":true}]}}