{"id":1588,"date":"2022-03-18T23:47:24","date_gmt":"2022-03-18T23:47:24","guid":{"rendered":"https:\/\/gooddealersmeds.com\/es\/?post_type=product&#038;p=1588"},"modified":"2023-01-02T17:10:49","modified_gmt":"2023-01-02T17:10:49","slug":"comprar-fentanilo-tabletas-online","status":"publish","type":"product","link":"https:\/\/gooddealersmeds.com\/es\/product\/comprar-fentanilo-tabletas-online\/","title":{"rendered":"Compre tabletas de fentanilo en l\u00ednea"},"content":{"rendered":"<h2>Tabletas de fentanilo para la venta<\/h2>\n<p>El fentanilo es un miembro de la clase de f\u00e1rmacos conocidos como fentanilo; es un f\u00e1rmaco opioide (opi\u00e1ceo sint\u00e9tico) de acci\u00f3n r\u00e1pida que alivia el dolor sin causar p\u00e9rdida del conocimiento (analg\u00e9sico) &#8211; Compre tabletas de fentanilo en l\u00ednea. El fentanilo reduce el funcionamiento del sistema nervioso central (SNC) y la funci\u00f3n respiratoria. Es de 50 a 100 veces m\u00e1s fuerte que la morfina, pero es muy id\u00e9ntico a ella.<\/p>\n<p>La respiraci\u00f3n de las v\u00edctimas de sobredosis de fentanilo puede volverse dificultosa o cesar por completo. Una sobredosis ocurre cuando un medicamento produce efectos adversos graves y s\u00edntomas potencialmente mortales. Cuando las personas toman una sobredosis de fentanilo, su respiraci\u00f3n puede ser m\u00e1s lenta o detenerse. Esto puede disminuir la cantidad de ox\u00edgeno que llega a las c\u00e9lulas del cuerpo, una condici\u00f3n llamada hipoxia. La potencia del fentanilo lo hace adictivo. Cuando se usa fentanilo con receta seg\u00fan las indicaciones de un m\u00e9dico, una persona puede desarrollar dependencia, que se caracteriza por s\u00edntomas de abstinencia despu\u00e9s de suspender el medicamento. Aunque una persona puede depender de una sustancia sin ser adicta a ella, en ocasiones la adicci\u00f3n puede seguir a la dependencia del cerebro. \u00bfC\u00f3mo puedo comprar una tableta de fentanilo? Es el analg\u00e9sico opioide m\u00e1s efectivo que se usa actualmente en la atenci\u00f3n m\u00e9dica.<\/p>\n<p>A pesar de que el fentanilo se considera seguro y efectivo cuando se usa en un entorno m\u00e9dico controlado, la droga tiene un alto potencial de abuso. Algunas personas fabrican an\u00e1logos de fentanilo que son muy similares al medicamento original. El fentanilo se une a los receptores del cerebro que controlan el dolor y las emociones, al igual que lo hacen otros medicamentos opioides. El fentanilo generalmente causa reacciones adversas como n\u00e1useas, v\u00f3mitos, estre\u00f1imiento, picaz\u00f3n, somnolencia, confusi\u00f3n y lesiones por falta de coordinaci\u00f3n. La depresi\u00f3n respiratoria, las alucinaciones, el s\u00edndrome serotonin\u00e9rgico, la presi\u00f3n arterial baja o la aparici\u00f3n de un problema por el uso de opioides son ejemplos de efectos negativos graves.<\/p>\n<p><strong>\u00bfPor qu\u00e9 deber\u00eda pedirnos tabletas de fentanilo?<\/strong><\/p>\n<p>Adem\u00e1s, se usa para el tratamiento del dolor persistente, como el dolor del c\u00e1ncer . Los pacientes que no pueden tomar morfina o cuya disnea es resistente a la morfina tambi\u00e9n pueden usar fentanilo para tratar sus s\u00edntomas. En entornos de cuidados paliativos, donde el dolor intenso y la dificultad para respirar deben tratarse con opioides de alta potencia, el fentanilo es especialmente \u00fatil para mostrar una combinaci\u00f3n.<\/p>\n<p>Debido a su dosis letal extremadamente variable cuando se combina con otros medicamentos, El fentanilo presenta un peligro excepcionalmente alto de sobredosis en humanos. Las sobredosis son solo marginalmente impredecibles en su forma m\u00e1s pura. D\u00f3nde conseguir pastillas de fentanilo sin receta<\/p>\n<p>Venta de pastillas de fentanilo en <a href=\"https:\/\/gooddealersmeds.com\/es\/product\/comprar-pastillas-de-fentanilo-online\/\">GoodDealersMeds<\/a>, ser\u00eda pertinente recalcar que los atributos ben\u00e9ficos y recreativos de los productos mencionados dependen del uso responsable. Compre tabletas de fentanilo en l\u00ednea<\/p>\n","protected":false},"excerpt":{"rendered":"<h1>Compre el parche del sistema transd\u00e9rmico de fentanilo<\/h1>\n<p>El riesgo de sufrir efectos secundarios graves (por ejemplo, respiraci\u00f3n lenta\/superficial, somnolencia\/mareos intensos) puede aumentar si este medicamento se usa con otros productos que tambi\u00e9n pueden causar somnolencia. o problemas respiratorios.<\/p>\n","protected":false},"featured_media":1596,"comment_status":"open","ping_status":"closed","template":"","meta":{"inline_featured_image":false},"product_brand":[],"product_cat":[347],"product_tag":[115,112,97,96,95,113,101,114,98,102,110,103,111,100,99],"class_list":{"0":"post-1588","1":"product","2":"type-product","3":"status-publish","4":"has-post-thumbnail","6":"product_cat-opioide-analgsico","7":"product_tag-es-fentanilo-tabletas-legal-en-canada","8":"product_tag-es-fentanilo-tabletas-legal-en-usa","9":"product_tag-buy-fentanyl-online","10":"product_tag-buy-fentanyl-tablets","11":"product_tag-buy-fentanyl-tablets-online-buy-tablets","12":"product_tag-buy-fentanyl-tablets-online-usa","13":"product_tag-buy-tablets-online","14":"product_tag-cmo-pedir-fentanilo-tabletas","15":"product_tag-donde-comprar-fentanilo-tabletas","16":"product_tag-donde-comprar-fentanilo-tabletas-online","17":"product_tag-entrega-segura","18":"product_tag-tabletas-de-fentanilo-para-la-venta-en-los-estados-unidos","19":"product_tag-usted-todava-puede-obtener-fentanilo-tabletas","20":"product_tag-tabletas-para-la-venta","21":"product_tag-tabletas-de-fentanilo-para-la-venta","22":"pa_pills-100-pills","23":"pa_pills-1000-pills","24":"pa_pills-30-pills","25":"pa_pills-300-pills","26":"pa_pills-50-pills","27":"pa_pills-500-pills","29":"first","30":"instock","31":"featured","32":"shipping-taxable","33":"purchasable","34":"product-type-variable","35":"has-default-attributes"},"yoast_head":"<!-- This site is optimized with the Yoast SEO Premium plugin v20.6 (Yoast SEO v27.3) - https:\/\/yoast.com\/product\/yoast-seo-premium-wordpress\/ -->\n<title>Compre tabletas de fentanilo en l\u00ednea sin receta | Good Dealers Meds<\/title>\n<meta name=\"description\" content=\"Compre tabletas de fentanilo en l\u00ednea de GoodDealersMeds. Pastillas de fentanilo a la venta en todo el mundo. Ordene ahora y obtenga su entrega en la puerta de su casa.\" \/>\n<meta name=\"robots\" content=\"index, follow, max-snippet:-1, max-image-preview:large, max-video-preview:-1\" \/>\n<link rel=\"canonical\" href=\"https:\/\/gooddealersmeds.com\/es\/product\/comprar-fentanilo-tabletas-online\/\" \/>\n<meta property=\"og:locale\" content=\"en_US\" \/>\n<meta property=\"og:type\" content=\"article\" \/>\n<meta property=\"og:title\" content=\"Compre tabletas de fentanilo en l\u00ednea\" \/>\n<meta property=\"og:description\" content=\"Compre tabletas de fentanilo en l\u00ednea de GoodDealersMeds. Pastillas de fentanilo a la venta en todo el mundo. Ordene ahora y obtenga su entrega en la puerta de su casa.\" \/>\n<meta property=\"og:url\" content=\"https:\/\/gooddealersmeds.com\/es\/product\/comprar-fentanilo-tabletas-online\/\" \/>\n<meta property=\"og:site_name\" content=\"Good Dealers Meds\" \/>\n<meta property=\"article:modified_time\" content=\"2023-01-02T17:10:49+00:00\" \/>\n<meta property=\"og:image\" content=\"https:\/\/gooddealersmeds.com\/es\/wp-content\/uploads\/sites\/4\/2022\/03\/buy-fentanyl-tablets-online.jpg\" \/>\n\t<meta property=\"og:image:width\" content=\"600\" \/>\n\t<meta property=\"og:image:height\" content=\"600\" \/>\n\t<meta property=\"og:image:type\" content=\"image\/jpeg\" \/>\n<meta name=\"twitter:card\" content=\"summary_large_image\" \/>\n<meta name=\"twitter:label1\" content=\"Est. reading time\" \/>\n\t<meta name=\"twitter:data1\" content=\"3 minutes\" \/>\n<script type=\"application\/ld+json\" class=\"yoast-schema-graph\">{\"@context\":\"https:\\\/\\\/schema.org\",\"@graph\":[{\"@type\":\"WebPage\",\"@id\":\"https:\\\/\\\/gooddealersmeds.com\\\/es\\\/product\\\/comprar-fentanilo-tabletas-online\\\/\",\"url\":\"https:\\\/\\\/gooddealersmeds.com\\\/es\\\/product\\\/comprar-fentanilo-tabletas-online\\\/\",\"name\":\"Compre tabletas de fentanilo en l\u00ednea sin receta | Good Dealers Meds\",\"isPartOf\":{\"@id\":\"https:\\\/\\\/gooddealersmeds.com\\\/es\\\/#website\"},\"primaryImageOfPage\":{\"@id\":\"https:\\\/\\\/gooddealersmeds.com\\\/es\\\/product\\\/comprar-fentanilo-tabletas-online\\\/#primaryimage\"},\"image\":{\"@id\":\"https:\\\/\\\/gooddealersmeds.com\\\/es\\\/product\\\/comprar-fentanilo-tabletas-online\\\/#primaryimage\"},\"thumbnailUrl\":\"https:\\\/\\\/gooddealersmeds.com\\\/es\\\/wp-content\\\/uploads\\\/sites\\\/4\\\/2022\\\/03\\\/buy-fentanyl-tablets-online.jpg\",\"datePublished\":\"2022-03-18T23:47:24+00:00\",\"dateModified\":\"2023-01-02T17:10:49+00:00\",\"description\":\"Compre tabletas de fentanilo en l\u00ednea de GoodDealersMeds. Pastillas de fentanilo a la venta en todo el mundo. Ordene ahora y obtenga su entrega en la puerta de su casa.\",\"breadcrumb\":{\"@id\":\"https:\\\/\\\/gooddealersmeds.com\\\/es\\\/product\\\/comprar-fentanilo-tabletas-online\\\/#breadcrumb\"},\"inLanguage\":\"en-US\",\"potentialAction\":[{\"@type\":\"ReadAction\",\"target\":[\"https:\\\/\\\/gooddealersmeds.com\\\/es\\\/product\\\/comprar-fentanilo-tabletas-online\\\/\"]}]},{\"@type\":\"ImageObject\",\"inLanguage\":\"en-US\",\"@id\":\"https:\\\/\\\/gooddealersmeds.com\\\/es\\\/product\\\/comprar-fentanilo-tabletas-online\\\/#primaryimage\",\"url\":\"https:\\\/\\\/gooddealersmeds.com\\\/es\\\/wp-content\\\/uploads\\\/sites\\\/4\\\/2022\\\/03\\\/buy-fentanyl-tablets-online.jpg\",\"contentUrl\":\"https:\\\/\\\/gooddealersmeds.com\\\/es\\\/wp-content\\\/uploads\\\/sites\\\/4\\\/2022\\\/03\\\/buy-fentanyl-tablets-online.jpg\",\"width\":600,\"height\":600,\"caption\":\"Buy Fentanyl Tablets Online\"},{\"@type\":\"BreadcrumbList\",\"@id\":\"https:\\\/\\\/gooddealersmeds.com\\\/es\\\/product\\\/comprar-fentanilo-tabletas-online\\\/#breadcrumb\",\"itemListElement\":[{\"@type\":\"ListItem\",\"position\":1,\"name\":\"Home\",\"item\":\"https:\\\/\\\/gooddealersmeds.com\\\/es\\\/\"},{\"@type\":\"ListItem\",\"position\":2,\"name\":\"Productos\",\"item\":\"https:\\\/\\\/gooddealersmeds.com\\\/es\\\/productos\\\/\"},{\"@type\":\"ListItem\",\"position\":3,\"name\":\"Compre tabletas de fentanilo en l\u00ednea\"}]},{\"@type\":\"WebSite\",\"@id\":\"https:\\\/\\\/gooddealersmeds.com\\\/es\\\/#website\",\"url\":\"https:\\\/\\\/gooddealersmeds.com\\\/es\\\/\",\"name\":\"Good Dealers Meds\",\"description\":\"All our best\",\"publisher\":{\"@id\":\"https:\\\/\\\/gooddealersmeds.com\\\/es\\\/#organization\"},\"potentialAction\":[{\"@type\":\"SearchAction\",\"target\":{\"@type\":\"EntryPoint\",\"urlTemplate\":\"https:\\\/\\\/gooddealersmeds.com\\\/es\\\/?s={search_term_string}\"},\"query-input\":{\"@type\":\"PropertyValueSpecification\",\"valueRequired\":true,\"valueName\":\"search_term_string\"}}],\"inLanguage\":\"en-US\"},{\"@type\":\"Organization\",\"@id\":\"https:\\\/\\\/gooddealersmeds.com\\\/es\\\/#organization\",\"name\":\"Good Dealers Meds\",\"url\":\"https:\\\/\\\/gooddealersmeds.com\\\/es\\\/\",\"logo\":{\"@type\":\"ImageObject\",\"inLanguage\":\"en-US\",\"@id\":\"https:\\\/\\\/gooddealersmeds.com\\\/es\\\/#\\\/schema\\\/logo\\\/image\\\/\",\"url\":\"https:\\\/\\\/gooddealersmeds.com\\\/es\\\/wp-content\\\/uploads\\\/sites\\\/4\\\/2022\\\/03\\\/gooddealersmeds__logo__20220317T222800Z.00.png\",\"contentUrl\":\"https:\\\/\\\/gooddealersmeds.com\\\/es\\\/wp-content\\\/uploads\\\/sites\\\/4\\\/2022\\\/03\\\/gooddealersmeds__logo__20220317T222800Z.00.png\",\"width\":500,\"height\":325,\"caption\":\"Good Dealers Meds\"},\"image\":{\"@id\":\"https:\\\/\\\/gooddealersmeds.com\\\/es\\\/#\\\/schema\\\/logo\\\/image\\\/\"}}]}<\/script>\n<!-- \/ Yoast SEO Premium plugin. -->","yoast_head_json":{"title":"Compre tabletas de fentanilo en l\u00ednea sin receta | Good Dealers Meds","description":"Compre tabletas de fentanilo en l\u00ednea de GoodDealersMeds. Pastillas de fentanilo a la venta en todo el mundo. Ordene ahora y obtenga su entrega en la puerta de su casa.","robots":{"index":"index","follow":"follow","max-snippet":"max-snippet:-1","max-image-preview":"max-image-preview:large","max-video-preview":"max-video-preview:-1"},"canonical":"https:\/\/gooddealersmeds.com\/es\/product\/comprar-fentanilo-tabletas-online\/","og_locale":"en_US","og_type":"article","og_title":"Compre tabletas de fentanilo en l\u00ednea","og_description":"Compre tabletas de fentanilo en l\u00ednea de GoodDealersMeds. Pastillas de fentanilo a la venta en todo el mundo. Ordene ahora y obtenga su entrega en la puerta de su casa.","og_url":"https:\/\/gooddealersmeds.com\/es\/product\/comprar-fentanilo-tabletas-online\/","og_site_name":"Good Dealers Meds","article_modified_time":"2023-01-02T17:10:49+00:00","og_image":[{"width":600,"height":600,"url":"https:\/\/gooddealersmeds.com\/es\/wp-content\/uploads\/sites\/4\/2022\/03\/buy-fentanyl-tablets-online.jpg","type":"image\/jpeg"}],"twitter_card":"summary_large_image","twitter_misc":{"Est. reading time":"3 minutes"},"schema":{"@context":"https:\/\/schema.org","@graph":[{"@type":"WebPage","@id":"https:\/\/gooddealersmeds.com\/es\/product\/comprar-fentanilo-tabletas-online\/","url":"https:\/\/gooddealersmeds.com\/es\/product\/comprar-fentanilo-tabletas-online\/","name":"Compre tabletas de fentanilo en l\u00ednea sin receta | Good Dealers Meds","isPartOf":{"@id":"https:\/\/gooddealersmeds.com\/es\/#website"},"primaryImageOfPage":{"@id":"https:\/\/gooddealersmeds.com\/es\/product\/comprar-fentanilo-tabletas-online\/#primaryimage"},"image":{"@id":"https:\/\/gooddealersmeds.com\/es\/product\/comprar-fentanilo-tabletas-online\/#primaryimage"},"thumbnailUrl":"https:\/\/gooddealersmeds.com\/es\/wp-content\/uploads\/sites\/4\/2022\/03\/buy-fentanyl-tablets-online.jpg","datePublished":"2022-03-18T23:47:24+00:00","dateModified":"2023-01-02T17:10:49+00:00","description":"Compre tabletas de fentanilo en l\u00ednea de GoodDealersMeds. Pastillas de fentanilo a la venta en todo el mundo. Ordene ahora y obtenga su entrega en la puerta de su casa.","breadcrumb":{"@id":"https:\/\/gooddealersmeds.com\/es\/product\/comprar-fentanilo-tabletas-online\/#breadcrumb"},"inLanguage":"en-US","potentialAction":[{"@type":"ReadAction","target":["https:\/\/gooddealersmeds.com\/es\/product\/comprar-fentanilo-tabletas-online\/"]}]},{"@type":"ImageObject","inLanguage":"en-US","@id":"https:\/\/gooddealersmeds.com\/es\/product\/comprar-fentanilo-tabletas-online\/#primaryimage","url":"https:\/\/gooddealersmeds.com\/es\/wp-content\/uploads\/sites\/4\/2022\/03\/buy-fentanyl-tablets-online.jpg","contentUrl":"https:\/\/gooddealersmeds.com\/es\/wp-content\/uploads\/sites\/4\/2022\/03\/buy-fentanyl-tablets-online.jpg","width":600,"height":600,"caption":"Buy Fentanyl Tablets Online"},{"@type":"BreadcrumbList","@id":"https:\/\/gooddealersmeds.com\/es\/product\/comprar-fentanilo-tabletas-online\/#breadcrumb","itemListElement":[{"@type":"ListItem","position":1,"name":"Home","item":"https:\/\/gooddealersmeds.com\/es\/"},{"@type":"ListItem","position":2,"name":"Productos","item":"https:\/\/gooddealersmeds.com\/es\/productos\/"},{"@type":"ListItem","position":3,"name":"Compre tabletas de fentanilo en l\u00ednea"}]},{"@type":"WebSite","@id":"https:\/\/gooddealersmeds.com\/es\/#website","url":"https:\/\/gooddealersmeds.com\/es\/","name":"Good Dealers Meds","description":"All our best","publisher":{"@id":"https:\/\/gooddealersmeds.com\/es\/#organization"},"potentialAction":[{"@type":"SearchAction","target":{"@type":"EntryPoint","urlTemplate":"https:\/\/gooddealersmeds.com\/es\/?s={search_term_string}"},"query-input":{"@type":"PropertyValueSpecification","valueRequired":true,"valueName":"search_term_string"}}],"inLanguage":"en-US"},{"@type":"Organization","@id":"https:\/\/gooddealersmeds.com\/es\/#organization","name":"Good Dealers Meds","url":"https:\/\/gooddealersmeds.com\/es\/","logo":{"@type":"ImageObject","inLanguage":"en-US","@id":"https:\/\/gooddealersmeds.com\/es\/#\/schema\/logo\/image\/","url":"https:\/\/gooddealersmeds.com\/es\/wp-content\/uploads\/sites\/4\/2022\/03\/gooddealersmeds__logo__20220317T222800Z.00.png","contentUrl":"https:\/\/gooddealersmeds.com\/es\/wp-content\/uploads\/sites\/4\/2022\/03\/gooddealersmeds__logo__20220317T222800Z.00.png","width":500,"height":325,"caption":"Good Dealers Meds"},"image":{"@id":"https:\/\/gooddealersmeds.com\/es\/#\/schema\/logo\/image\/"}}]}},"_links":{"self":[{"href":"https:\/\/gooddealersmeds.com\/es\/wp-json\/wp\/v2\/product\/1588","targetHints":{"allow":["GET"]}}],"collection":[{"href":"https:\/\/gooddealersmeds.com\/es\/wp-json\/wp\/v2\/product"}],"about":[{"href":"https:\/\/gooddealersmeds.com\/es\/wp-json\/wp\/v2\/types\/product"}],"replies":[{"embeddable":true,"href":"https:\/\/gooddealersmeds.com\/es\/wp-json\/wp\/v2\/comments?post=1588"}],"wp:featuredmedia":[{"embeddable":true,"href":"https:\/\/gooddealersmeds.com\/es\/wp-json\/wp\/v2\/media\/1596"}],"wp:attachment":[{"href":"https:\/\/gooddealersmeds.com\/es\/wp-json\/wp\/v2\/media?parent=1588"}],"wp:term":[{"taxonomy":"product_brand","embeddable":true,"href":"https:\/\/gooddealersmeds.com\/es\/wp-json\/wp\/v2\/product_brand?post=1588"},{"taxonomy":"product_cat","embeddable":true,"href":"https:\/\/gooddealersmeds.com\/es\/wp-json\/wp\/v2\/product_cat?post=1588"},{"taxonomy":"product_tag","embeddable":true,"href":"https:\/\/gooddealersmeds.com\/es\/wp-json\/wp\/v2\/product_tag?post=1588"}],"curies":[{"name":"wp","href":"https:\/\/api.w.org\/{rel}","templated":true}]}}