{"id":1582,"date":"2022-03-18T23:46:33","date_gmt":"2022-03-18T23:46:33","guid":{"rendered":"https:\/\/gooddealersmeds.com\/es\/?post_type=product&#038;p=1582"},"modified":"2023-01-02T17:16:18","modified_gmt":"2023-01-02T17:16:18","slug":"capsula-de-anfetamina","status":"publish","type":"product","link":"https:\/\/gooddealersmeds.com\/es\/product\/capsula-de-anfetamina\/","title":{"rendered":"Comprar c\u00e1psula de anfetamina en l\u00ednea"},"content":{"rendered":"<h2>C\u00e1psula de anfetamina para la venta<\/h2>\n<p>Comprar anfetamina en l\u00ednea, Anfetamina (contratada de <u>a<\/u>lpha\u2013<u>m<\/u>ethyl<u>ph<\/u>en<u>et<\/u>hyl<u>amina<\/u>) es un estimulante del sistema nervioso central (SNC) comercializado bajo la marca Evekeo, entre otros. En primer lugar, se utiliza en el tratamiento del TDAH, la narcolepsia y la obesidad. Adem\u00e1s, las anfetaminas son drogas estimulantes, lo que significa que aceleran los mensajes que viajan entre el cerebro y el cuerpo. Polvo de anfetamina. Pida anfetamina en l\u00ednea.<\/p>\n<p>Adem\u00e1s, la anfetamina tambi\u00e9n se usa como potenciador del rendimiento deportivo y potenciador cognitivo, y recreativamente como afrodis\u00edaco y euforizante. Adem\u00e1s, es un medicamento recetado en muchos pa\u00edses, y la posesi\u00f3n y distribuci\u00f3n no autorizadas de anfetamina a menudo se controlan estrictamente debido a los importantes riesgos para la salud asociados con el uso recreativo. Polvo de anfetamina.<\/p>\n<h3>Informaci\u00f3n adicional<\/h3>\n<p>Los m\u00e9dicos prescriben legalmente algunos tipos de anfetaminas para tratar afecciones como el TDAH y la narcolepsia (donde una persona tiene una necesidad incontrolable de dormir).<\/p>\n<p>Adem\u00e1s, la apariencia de las anfetaminas var\u00eda. Adem\u00e1s, pueden estar en forma de polvo, tabletas, cristales y c\u00e1psulas. Adem\u00e1s, empaquetamos en &#8216;l\u00e1minas&#8217; (papel de aluminio), bolsas de pl\u00e1stico o globos peque\u00f1os al momento del env\u00edo. Ordene anfetamina en l\u00ednea.<\/p>\n<p>El polvo de anfetamina puede variar en color desde el blanco hasta el marr\u00f3n, a veces puede tener rastros de gris o rosa. Tiene un olor fuerte y un sabor amargo. Adem\u00e1s, las c\u00e1psulas y tabletas de anfetamina var\u00edan considerablemente en tama\u00f1o y color. Venta de anfetaminas.<\/p>\n<p>Adem\u00e1s, las anfetaminas producidas ilegalmente pueden ser una mezcla de drogas, agentes aglutinantes, cafe\u00edna y az\u00facar. Ordene anfetamina en l\u00ednea.<\/p>\n<h3>C\u00f3mo usar<\/h3>\n<p>Las anfetaminas generalmente se tragan, inyectan o fuman. Tambi\u00e9n se inhalan. Compre polvo de anfetamina en l\u00ednea.<\/p>\n<h3>Efectos de las anfetaminas<\/h3>\n<p>Primero, las anfetaminas afectan a todos de manera diferente, seg\u00fan el tama\u00f1o, el peso y la salud, si la persona est\u00e1 acostumbrada a tomarlas, si otras drogas son tomado aproximadamente al mismo tiempo, la cantidad tomada, la concentraci\u00f3n de la droga (var\u00eda de lote a lote con drogas producidas ilegalmente). Compre Anfetamina en l\u00ednea.<\/p>\n<p>Por lo tanto, los efectos de las anfetaminas pueden sentirse inmediatamente (si se inyectan o fuman) o dentro de los 30 minutos (si se inhalan o tragan). Compre Anfetamina en l\u00ednea.<\/p>\n<p>Adem\u00e1s, se pueden experimentar los siguientes efectos:<\/p>\n<ul>\n<li>Felicidad y confianza<\/li>\n<li>Hablar m\u00e1s y sentirse con energ\u00eda<\/li>\n<li>Repetir cosas simples como picaz\u00f3n y rascarse<\/li>\n<li>Pupilas dilatadas y boca seca<\/li>\n<li>Latidos card\u00edacos y respiraci\u00f3n acelerados<\/li>\n<li>Rechinar los dientes<\/li>\n<li>Disminuci\u00f3n apetito<\/li>\n<li>Sudoraci\u00f3n excesiva<\/li>\n<li>Aumento del deseo sexual<\/li>\n<\/ul>\n<p>Adem\u00e1s, el uso de una droga depresora como el alcohol, las benzodiazepinas o el cannabis para ayudar con el &#8216;ven Los efectos down&#8217; pueden resultar en un ciclo de dependencia de ambos tipos de drogas. Adem\u00e1s, compre anfetamina en l\u00ednea. <a href=\"https:\/\/gooddealersmeds.com\/es\/product\/amphetamine-capsule\/\">Venta de anfetamina de alta calidad<\/a><\/p>\n<h3>Psicosis anfetam\u00ednica<\/h3>\n<p>Y alta Las dosis y el uso intensivo frecuente tambi\u00e9n pueden crear una &#8216;psicosis anfetam\u00ednica&#8217;, caracterizada por delirios paranoides, alucinaciones y comportamiento agresivo o violento fuera de lo normal. Adem\u00e1s, estos s\u00edntomas suelen desaparecer unos d\u00edas despu\u00e9s de que la persona deja de consumir anfetaminas.<\/p>\n<h3>Mezclar anfetaminas con otras drogas<\/h3>\n<p>En primer lugar, las interacciones entre medicamentos pueden cambiar el funcionamiento de las anfetaminas o aumentar el riesgo de sufrir graves efectos secundarios. Mantenga una lista de todos los productos que usa (incluidos los medicamentos con y sin receta y los productos a base de hierbas) y comp\u00e1rtala con nosotros:<\/p>\n<p>Adem\u00e1s, las anfetaminas y algunos antidepresivos pueden elevar la presi\u00f3n arterial, lo que puede provocar latidos card\u00edacos irregulares. , insuficiencia cardiaca y accidente cerebrovascular. Anfetamina de la mejor calidad a la venta en l\u00ednea en <span style=\"color: #333333\"><a style=\"color: #333333\" href=\"https:\/\/gooddealersmeds.com\/es\/\">Good Dealers Meds<\/a> <\/span>.<\/p>\n<p>Adem\u00e1s, mezclar anfetaminas con alcohol, cannabis o Las benzodiazepinas someten al cuerpo a un alto grado de estr\u00e9s mientras intenta lidiar con los efectos contradictorios de ambos tipos de drogas, lo que puede conducir a una sobredosis. Venta de anfetaminas.<\/p>\n","protected":false},"excerpt":{"rendered":"<p>Compre Anfetamina en l\u00ednea de un proveedor confiable y obtenga la mejor calidad. Le brindamos la mejor experiencia de env\u00edo. Compra metanfetamina.<\/p>\n","protected":false},"featured_media":1950,"comment_status":"open","ping_status":"closed","template":"","meta":{"inline_featured_image":false},"product_brand":[],"product_cat":[346],"product_tag":[],"class_list":{"0":"post-1582","1":"product","2":"type-product","3":"status-publish","4":"has-post-thumbnail","6":"product_cat-estimulantes","7":"pa_pills-100-pills","8":"pa_pills-1000-pills","9":"pa_pills-30-pills","10":"pa_pills-300-pills","11":"pa_pills-50-pills","12":"pa_pills-500-pills","14":"first","15":"instock","16":"featured","17":"shipping-taxable","18":"purchasable","19":"product-type-variable","20":"has-default-attributes"},"yoast_head":"<!-- This site is optimized with the Yoast SEO Premium plugin v20.6 (Yoast SEO v27.3) - https:\/\/yoast.com\/product\/yoast-seo-premium-wordpress\/ -->\n<title>Comprar anfetamina en l\u00ednea | Anfetamina a la venta | Good Dealers Meds<\/title>\n<meta name=\"description\" content=\"Comprar anfetamina en l\u00ednea a un precio econ\u00f3mico de Good Dealers Meds en la mejor calidad para el tratamiento del TDAH, la narcolepsia y la obesidad.\" \/>\n<meta name=\"robots\" content=\"index, follow, max-snippet:-1, max-image-preview:large, max-video-preview:-1\" \/>\n<link rel=\"canonical\" href=\"https:\/\/gooddealersmeds.com\/es\/product\/capsula-de-anfetamina\/\" \/>\n<meta property=\"og:locale\" content=\"en_US\" \/>\n<meta property=\"og:type\" content=\"article\" \/>\n<meta property=\"og:title\" content=\"Comprar c\u00e1psula de anfetamina en l\u00ednea\" \/>\n<meta property=\"og:description\" content=\"Comprar anfetamina en l\u00ednea a un precio econ\u00f3mico de Good Dealers Meds en la mejor calidad para el tratamiento del TDAH, la narcolepsia y la obesidad.\" \/>\n<meta property=\"og:url\" content=\"https:\/\/gooddealersmeds.com\/es\/product\/capsula-de-anfetamina\/\" \/>\n<meta property=\"og:site_name\" content=\"Good Dealers Meds\" \/>\n<meta property=\"article:modified_time\" content=\"2023-01-02T17:16:18+00:00\" \/>\n<meta property=\"og:image\" content=\"https:\/\/gooddealersmeds.com\/es\/wp-content\/uploads\/sites\/4\/2022\/03\/Amphetamine-Capsule.jpg\" \/>\n\t<meta property=\"og:image:width\" content=\"400\" \/>\n\t<meta property=\"og:image:height\" content=\"533\" \/>\n\t<meta property=\"og:image:type\" content=\"image\/jpeg\" \/>\n<meta name=\"twitter:card\" content=\"summary_large_image\" \/>\n<meta name=\"twitter:label1\" content=\"Est. reading time\" \/>\n\t<meta name=\"twitter:data1\" content=\"4 minutes\" \/>\n<script type=\"application\/ld+json\" class=\"yoast-schema-graph\">{\"@context\":\"https:\\\/\\\/schema.org\",\"@graph\":[{\"@type\":\"WebPage\",\"@id\":\"https:\\\/\\\/gooddealersmeds.com\\\/es\\\/product\\\/capsula-de-anfetamina\\\/\",\"url\":\"https:\\\/\\\/gooddealersmeds.com\\\/es\\\/product\\\/capsula-de-anfetamina\\\/\",\"name\":\"Comprar anfetamina en l\u00ednea | Anfetamina a la venta | Good Dealers Meds\",\"isPartOf\":{\"@id\":\"https:\\\/\\\/gooddealersmeds.com\\\/es\\\/#website\"},\"primaryImageOfPage\":{\"@id\":\"https:\\\/\\\/gooddealersmeds.com\\\/es\\\/product\\\/capsula-de-anfetamina\\\/#primaryimage\"},\"image\":{\"@id\":\"https:\\\/\\\/gooddealersmeds.com\\\/es\\\/product\\\/capsula-de-anfetamina\\\/#primaryimage\"},\"thumbnailUrl\":\"https:\\\/\\\/gooddealersmeds.com\\\/es\\\/wp-content\\\/uploads\\\/sites\\\/4\\\/2022\\\/03\\\/Amphetamine-Capsule.jpg\",\"datePublished\":\"2022-03-18T23:46:33+00:00\",\"dateModified\":\"2023-01-02T17:16:18+00:00\",\"description\":\"Comprar anfetamina en l\u00ednea a un precio econ\u00f3mico de Good Dealers Meds en la mejor calidad para el tratamiento del TDAH, la narcolepsia y la obesidad.\",\"breadcrumb\":{\"@id\":\"https:\\\/\\\/gooddealersmeds.com\\\/es\\\/product\\\/capsula-de-anfetamina\\\/#breadcrumb\"},\"inLanguage\":\"en-US\",\"potentialAction\":[{\"@type\":\"ReadAction\",\"target\":[\"https:\\\/\\\/gooddealersmeds.com\\\/es\\\/product\\\/capsula-de-anfetamina\\\/\"]}]},{\"@type\":\"ImageObject\",\"inLanguage\":\"en-US\",\"@id\":\"https:\\\/\\\/gooddealersmeds.com\\\/es\\\/product\\\/capsula-de-anfetamina\\\/#primaryimage\",\"url\":\"https:\\\/\\\/gooddealersmeds.com\\\/es\\\/wp-content\\\/uploads\\\/sites\\\/4\\\/2022\\\/03\\\/Amphetamine-Capsule.jpg\",\"contentUrl\":\"https:\\\/\\\/gooddealersmeds.com\\\/es\\\/wp-content\\\/uploads\\\/sites\\\/4\\\/2022\\\/03\\\/Amphetamine-Capsule.jpg\",\"width\":400,\"height\":533,\"caption\":\"Buy Amphetamine Online\"},{\"@type\":\"BreadcrumbList\",\"@id\":\"https:\\\/\\\/gooddealersmeds.com\\\/es\\\/product\\\/capsula-de-anfetamina\\\/#breadcrumb\",\"itemListElement\":[{\"@type\":\"ListItem\",\"position\":1,\"name\":\"Home\",\"item\":\"https:\\\/\\\/gooddealersmeds.com\\\/es\\\/\"},{\"@type\":\"ListItem\",\"position\":2,\"name\":\"Productos\",\"item\":\"https:\\\/\\\/gooddealersmeds.com\\\/es\\\/productos\\\/\"},{\"@type\":\"ListItem\",\"position\":3,\"name\":\"Comprar c\u00e1psula de anfetamina en l\u00ednea\"}]},{\"@type\":\"WebSite\",\"@id\":\"https:\\\/\\\/gooddealersmeds.com\\\/es\\\/#website\",\"url\":\"https:\\\/\\\/gooddealersmeds.com\\\/es\\\/\",\"name\":\"Good Dealers Meds\",\"description\":\"All our best\",\"publisher\":{\"@id\":\"https:\\\/\\\/gooddealersmeds.com\\\/es\\\/#organization\"},\"potentialAction\":[{\"@type\":\"SearchAction\",\"target\":{\"@type\":\"EntryPoint\",\"urlTemplate\":\"https:\\\/\\\/gooddealersmeds.com\\\/es\\\/?s={search_term_string}\"},\"query-input\":{\"@type\":\"PropertyValueSpecification\",\"valueRequired\":true,\"valueName\":\"search_term_string\"}}],\"inLanguage\":\"en-US\"},{\"@type\":\"Organization\",\"@id\":\"https:\\\/\\\/gooddealersmeds.com\\\/es\\\/#organization\",\"name\":\"Good Dealers Meds\",\"url\":\"https:\\\/\\\/gooddealersmeds.com\\\/es\\\/\",\"logo\":{\"@type\":\"ImageObject\",\"inLanguage\":\"en-US\",\"@id\":\"https:\\\/\\\/gooddealersmeds.com\\\/es\\\/#\\\/schema\\\/logo\\\/image\\\/\",\"url\":\"https:\\\/\\\/gooddealersmeds.com\\\/es\\\/wp-content\\\/uploads\\\/sites\\\/4\\\/2022\\\/03\\\/gooddealersmeds__logo__20220317T222800Z.00.png\",\"contentUrl\":\"https:\\\/\\\/gooddealersmeds.com\\\/es\\\/wp-content\\\/uploads\\\/sites\\\/4\\\/2022\\\/03\\\/gooddealersmeds__logo__20220317T222800Z.00.png\",\"width\":500,\"height\":325,\"caption\":\"Good Dealers Meds\"},\"image\":{\"@id\":\"https:\\\/\\\/gooddealersmeds.com\\\/es\\\/#\\\/schema\\\/logo\\\/image\\\/\"}}]}<\/script>\n<!-- \/ Yoast SEO Premium plugin. -->","yoast_head_json":{"title":"Comprar anfetamina en l\u00ednea | Anfetamina a la venta | Good Dealers Meds","description":"Comprar anfetamina en l\u00ednea a un precio econ\u00f3mico de Good Dealers Meds en la mejor calidad para el tratamiento del TDAH, la narcolepsia y la obesidad.","robots":{"index":"index","follow":"follow","max-snippet":"max-snippet:-1","max-image-preview":"max-image-preview:large","max-video-preview":"max-video-preview:-1"},"canonical":"https:\/\/gooddealersmeds.com\/es\/product\/capsula-de-anfetamina\/","og_locale":"en_US","og_type":"article","og_title":"Comprar c\u00e1psula de anfetamina en l\u00ednea","og_description":"Comprar anfetamina en l\u00ednea a un precio econ\u00f3mico de Good Dealers Meds en la mejor calidad para el tratamiento del TDAH, la narcolepsia y la obesidad.","og_url":"https:\/\/gooddealersmeds.com\/es\/product\/capsula-de-anfetamina\/","og_site_name":"Good Dealers Meds","article_modified_time":"2023-01-02T17:16:18+00:00","og_image":[{"width":400,"height":533,"url":"https:\/\/gooddealersmeds.com\/es\/wp-content\/uploads\/sites\/4\/2022\/03\/Amphetamine-Capsule.jpg","type":"image\/jpeg"}],"twitter_card":"summary_large_image","twitter_misc":{"Est. reading time":"4 minutes"},"schema":{"@context":"https:\/\/schema.org","@graph":[{"@type":"WebPage","@id":"https:\/\/gooddealersmeds.com\/es\/product\/capsula-de-anfetamina\/","url":"https:\/\/gooddealersmeds.com\/es\/product\/capsula-de-anfetamina\/","name":"Comprar anfetamina en l\u00ednea | Anfetamina a la venta | Good Dealers Meds","isPartOf":{"@id":"https:\/\/gooddealersmeds.com\/es\/#website"},"primaryImageOfPage":{"@id":"https:\/\/gooddealersmeds.com\/es\/product\/capsula-de-anfetamina\/#primaryimage"},"image":{"@id":"https:\/\/gooddealersmeds.com\/es\/product\/capsula-de-anfetamina\/#primaryimage"},"thumbnailUrl":"https:\/\/gooddealersmeds.com\/es\/wp-content\/uploads\/sites\/4\/2022\/03\/Amphetamine-Capsule.jpg","datePublished":"2022-03-18T23:46:33+00:00","dateModified":"2023-01-02T17:16:18+00:00","description":"Comprar anfetamina en l\u00ednea a un precio econ\u00f3mico de Good Dealers Meds en la mejor calidad para el tratamiento del TDAH, la narcolepsia y la obesidad.","breadcrumb":{"@id":"https:\/\/gooddealersmeds.com\/es\/product\/capsula-de-anfetamina\/#breadcrumb"},"inLanguage":"en-US","potentialAction":[{"@type":"ReadAction","target":["https:\/\/gooddealersmeds.com\/es\/product\/capsula-de-anfetamina\/"]}]},{"@type":"ImageObject","inLanguage":"en-US","@id":"https:\/\/gooddealersmeds.com\/es\/product\/capsula-de-anfetamina\/#primaryimage","url":"https:\/\/gooddealersmeds.com\/es\/wp-content\/uploads\/sites\/4\/2022\/03\/Amphetamine-Capsule.jpg","contentUrl":"https:\/\/gooddealersmeds.com\/es\/wp-content\/uploads\/sites\/4\/2022\/03\/Amphetamine-Capsule.jpg","width":400,"height":533,"caption":"Buy Amphetamine Online"},{"@type":"BreadcrumbList","@id":"https:\/\/gooddealersmeds.com\/es\/product\/capsula-de-anfetamina\/#breadcrumb","itemListElement":[{"@type":"ListItem","position":1,"name":"Home","item":"https:\/\/gooddealersmeds.com\/es\/"},{"@type":"ListItem","position":2,"name":"Productos","item":"https:\/\/gooddealersmeds.com\/es\/productos\/"},{"@type":"ListItem","position":3,"name":"Comprar c\u00e1psula de anfetamina en l\u00ednea"}]},{"@type":"WebSite","@id":"https:\/\/gooddealersmeds.com\/es\/#website","url":"https:\/\/gooddealersmeds.com\/es\/","name":"Good Dealers Meds","description":"All our best","publisher":{"@id":"https:\/\/gooddealersmeds.com\/es\/#organization"},"potentialAction":[{"@type":"SearchAction","target":{"@type":"EntryPoint","urlTemplate":"https:\/\/gooddealersmeds.com\/es\/?s={search_term_string}"},"query-input":{"@type":"PropertyValueSpecification","valueRequired":true,"valueName":"search_term_string"}}],"inLanguage":"en-US"},{"@type":"Organization","@id":"https:\/\/gooddealersmeds.com\/es\/#organization","name":"Good Dealers Meds","url":"https:\/\/gooddealersmeds.com\/es\/","logo":{"@type":"ImageObject","inLanguage":"en-US","@id":"https:\/\/gooddealersmeds.com\/es\/#\/schema\/logo\/image\/","url":"https:\/\/gooddealersmeds.com\/es\/wp-content\/uploads\/sites\/4\/2022\/03\/gooddealersmeds__logo__20220317T222800Z.00.png","contentUrl":"https:\/\/gooddealersmeds.com\/es\/wp-content\/uploads\/sites\/4\/2022\/03\/gooddealersmeds__logo__20220317T222800Z.00.png","width":500,"height":325,"caption":"Good Dealers Meds"},"image":{"@id":"https:\/\/gooddealersmeds.com\/es\/#\/schema\/logo\/image\/"}}]}},"_links":{"self":[{"href":"https:\/\/gooddealersmeds.com\/es\/wp-json\/wp\/v2\/product\/1582","targetHints":{"allow":["GET"]}}],"collection":[{"href":"https:\/\/gooddealersmeds.com\/es\/wp-json\/wp\/v2\/product"}],"about":[{"href":"https:\/\/gooddealersmeds.com\/es\/wp-json\/wp\/v2\/types\/product"}],"replies":[{"embeddable":true,"href":"https:\/\/gooddealersmeds.com\/es\/wp-json\/wp\/v2\/comments?post=1582"}],"wp:featuredmedia":[{"embeddable":true,"href":"https:\/\/gooddealersmeds.com\/es\/wp-json\/wp\/v2\/media\/1950"}],"wp:attachment":[{"href":"https:\/\/gooddealersmeds.com\/es\/wp-json\/wp\/v2\/media?parent=1582"}],"wp:term":[{"taxonomy":"product_brand","embeddable":true,"href":"https:\/\/gooddealersmeds.com\/es\/wp-json\/wp\/v2\/product_brand?post=1582"},{"taxonomy":"product_cat","embeddable":true,"href":"https:\/\/gooddealersmeds.com\/es\/wp-json\/wp\/v2\/product_cat?post=1582"},{"taxonomy":"product_tag","embeddable":true,"href":"https:\/\/gooddealersmeds.com\/es\/wp-json\/wp\/v2\/product_tag?post=1582"}],"curies":[{"name":"wp","href":"https:\/\/api.w.org\/{rel}","templated":true}]}}