{"id":1572,"date":"2022-03-18T01:52:51","date_gmt":"2022-03-18T01:52:51","guid":{"rendered":"https:\/\/gooddealersmeds.com\/es\/?post_type=product&#038;p=1572"},"modified":"2023-01-02T17:27:35","modified_gmt":"2023-01-02T17:27:35","slug":"mdma-extasis-o-molly","status":"publish","type":"product","link":"https:\/\/gooddealersmeds.com\/es\/product\/mdma-extasis-o-molly\/","title":{"rendered":"MDMA (\u00c9xtasis o Molly)"},"content":{"rendered":"<h2><strong>Compre MDMA en l\u00ednea (MOLLY\/\u00c9XTASIS)<\/strong><\/h2>\n<p>&#8220;Comprar MDMA en l\u00ednea<strong><em>&#8221; <\/em><\/strong>de <span style=\"color: #333333\"><a style=\"color: #333333\" href=\"https:\/\/gooddealersmeds.com\/es\/\">Good Dealers Meds<\/a><\/span>. La MDMA o 3,4-Metilendioximetanfetamina com\u00fanmente conocida como <a href=\"https:\/\/gooddealersmeds.com\/es\/product\/mdma-ecstasy-or-molly\/\">\u00e9xtasis<\/a> puede ser una droga que altera la mente utilizado principalmente como <span style=\"color: #333333\"><a style=\"color: #333333\" href=\"https:\/\/en.wikipedia.org\/wiki\/Narcotic\">narc\u00f3tico<\/a>. Los efectos deseados de la MDMA incluyen sensaciones alteradas y aumento de la energ\u00eda, la empat\u00eda y el placer.<\/span><\/p>\n<p>La prueba ABON MDMA es un ensayo inmunocromatogr\u00e1fico r\u00e1pido de un solo paso dise\u00f1ado para la detecci\u00f3n cualitativa del metabolito de la droga en la orina humana en un punto de corte. concentraci\u00f3n.<\/p>\n<p>La mayor\u00eda de las investigaciones anteriores se han concentrado en los peligros relacionados con el uso no cl\u00ednico (&#8220;recreativo&#8221;) de MDMA. El tema de si los usuarios recreativos de MDMA podr\u00edan experimentar alg\u00fan impacto favorable a largo plazo del uso de MDMA surge de las posibles ventajas que ofrece la psicoterapia asistida por MDMA.<\/p>\n<p><strong>\u00bfC\u00d3MO AFECTA LA MDMA AL CEREBRO?<\/strong><\/p>\n<p>La MDMA aumenta las actividades de tres sustancias qu\u00edmicas cerebrales que son:<\/p>\n<ul>\n<li>La DOPAMINA aumenta la energ\u00eda\/actividad y act\u00faa como un sistema para fortalecer el comportamiento.<\/li>\n<li>NOREPINEFRINA: aumenta el pulso y los signos vitales, que son riesgosos para las personas con problemas card\u00edacos y vasculares. Comprar MDMA en l\u00ednea<\/li>\n<li>SEROTONINA: afecta el estado de \u00e1nimo, el apetito, el sue\u00f1o y otras funciones. Tambi\u00e9n desencadena hormonas que pueden afectar la excitaci\u00f3n sexual y la confianza. Es probable que la liberaci\u00f3n de grandes cantidades de serotonina provoque la cercan\u00eda emocional, el estado de \u00e1nimo elevado y la empat\u00eda que sienten quienes consumen MDMA.<\/li>\n<\/ul>\n<p><strong>OTROS EFECTOS EN LA SALUD INCLUYEN:<\/strong><\/p>\n<ul>\n<li>N\u00e1useas<\/li>\n<li>Calambres musculares<\/li>\n<li>Apretar los dientes involuntariamente<\/li>\n<li>Visi\u00f3n borrosa<\/li>\n<li>Escalofr\u00edos<\/li>\n<li>Sudoraci\u00f3n<\/li>\n<\/ul>\n","protected":false},"excerpt":{"rendered":"<p>La MDMA o 3,4-metilendioximetanfetamina, com\u00fanmente conocida como \u00e9xtasis, puede ser una droga que altera la mente y se usa principalmente como narc\u00f3tico. Los efectos deseados de la MDMA incluyen sensaciones alteradas y mayor energ\u00eda, empat\u00eda y placer.<\/p>\n","protected":false},"featured_media":1581,"comment_status":"open","ping_status":"closed","template":"","meta":{"inline_featured_image":false},"product_brand":[],"product_cat":[345],"product_tag":[],"class_list":{"0":"post-1572","1":"product","2":"type-product","3":"status-publish","4":"has-post-thumbnail","6":"product_cat-drogas-psicodlicas","7":"pa_pills-100-pills","8":"pa_pills-1000-pills","9":"pa_pills-30-pills","10":"pa_pills-300-pills","11":"pa_pills-50-pills","12":"pa_pills-500-pills","14":"first","15":"instock","16":"featured","17":"shipping-taxable","18":"purchasable","19":"product-type-variable","20":"has-default-attributes"},"yoast_head":"<!-- This site is optimized with the Yoast SEO Premium plugin v20.6 (Yoast SEO v27.3) - https:\/\/yoast.com\/product\/yoast-seo-premium-wordpress\/ -->\n<title>Comprar MDMA en l\u00ednea sin receta | MDMA a la venta | GoodDealersMeds<\/title>\n<meta name=\"description\" content=\"Comprar MDMA en l\u00ednea, com\u00fanmente conocida como \u00e9xtasis, puede ser una droga que altera la mente que se usa principalmente como narc\u00f3tico de Good Dealers Meds.\" \/>\n<meta name=\"robots\" content=\"index, follow, max-snippet:-1, max-image-preview:large, max-video-preview:-1\" \/>\n<link rel=\"canonical\" href=\"https:\/\/gooddealersmeds.com\/es\/product\/mdma-extasis-o-molly\/\" \/>\n<meta property=\"og:locale\" content=\"en_US\" \/>\n<meta property=\"og:type\" content=\"article\" \/>\n<meta property=\"og:title\" content=\"MDMA (\u00c9xtasis o Molly)\" \/>\n<meta property=\"og:description\" content=\"Comprar MDMA en l\u00ednea, com\u00fanmente conocida como \u00e9xtasis, puede ser una droga que altera la mente que se usa principalmente como narc\u00f3tico de Good Dealers Meds.\" \/>\n<meta property=\"og:url\" content=\"https:\/\/gooddealersmeds.com\/es\/product\/mdma-extasis-o-molly\/\" \/>\n<meta property=\"og:site_name\" content=\"Good Dealers Meds\" \/>\n<meta property=\"article:modified_time\" content=\"2023-01-02T17:27:35+00:00\" \/>\n<meta property=\"og:image\" content=\"https:\/\/gooddealersmeds.com\/es\/wp-content\/uploads\/sites\/4\/2022\/03\/MDMA-Ecstasy-or-Molly-1.jpeg\" \/>\n\t<meta property=\"og:image:width\" content=\"600\" \/>\n\t<meta property=\"og:image:height\" content=\"600\" \/>\n\t<meta property=\"og:image:type\" content=\"image\/jpeg\" \/>\n<meta name=\"twitter:card\" content=\"summary_large_image\" \/>\n<meta name=\"twitter:label1\" content=\"Est. reading time\" \/>\n\t<meta name=\"twitter:data1\" content=\"1 minute\" \/>\n<script type=\"application\/ld+json\" class=\"yoast-schema-graph\">{\"@context\":\"https:\\\/\\\/schema.org\",\"@graph\":[{\"@type\":\"WebPage\",\"@id\":\"https:\\\/\\\/gooddealersmeds.com\\\/es\\\/product\\\/mdma-extasis-o-molly\\\/\",\"url\":\"https:\\\/\\\/gooddealersmeds.com\\\/es\\\/product\\\/mdma-extasis-o-molly\\\/\",\"name\":\"Comprar MDMA en l\u00ednea sin receta | MDMA a la venta | GoodDealersMeds\",\"isPartOf\":{\"@id\":\"https:\\\/\\\/gooddealersmeds.com\\\/es\\\/#website\"},\"primaryImageOfPage\":{\"@id\":\"https:\\\/\\\/gooddealersmeds.com\\\/es\\\/product\\\/mdma-extasis-o-molly\\\/#primaryimage\"},\"image\":{\"@id\":\"https:\\\/\\\/gooddealersmeds.com\\\/es\\\/product\\\/mdma-extasis-o-molly\\\/#primaryimage\"},\"thumbnailUrl\":\"https:\\\/\\\/gooddealersmeds.com\\\/es\\\/wp-content\\\/uploads\\\/sites\\\/4\\\/2022\\\/03\\\/MDMA-Ecstasy-or-Molly-1.jpeg\",\"datePublished\":\"2022-03-18T01:52:51+00:00\",\"dateModified\":\"2023-01-02T17:27:35+00:00\",\"description\":\"Comprar MDMA en l\u00ednea, com\u00fanmente conocida como \u00e9xtasis, puede ser una droga que altera la mente que se usa principalmente como narc\u00f3tico de Good Dealers Meds.\",\"breadcrumb\":{\"@id\":\"https:\\\/\\\/gooddealersmeds.com\\\/es\\\/product\\\/mdma-extasis-o-molly\\\/#breadcrumb\"},\"inLanguage\":\"en-US\",\"potentialAction\":[{\"@type\":\"ReadAction\",\"target\":[\"https:\\\/\\\/gooddealersmeds.com\\\/es\\\/product\\\/mdma-extasis-o-molly\\\/\"]}]},{\"@type\":\"ImageObject\",\"inLanguage\":\"en-US\",\"@id\":\"https:\\\/\\\/gooddealersmeds.com\\\/es\\\/product\\\/mdma-extasis-o-molly\\\/#primaryimage\",\"url\":\"https:\\\/\\\/gooddealersmeds.com\\\/es\\\/wp-content\\\/uploads\\\/sites\\\/4\\\/2022\\\/03\\\/MDMA-Ecstasy-or-Molly-1.jpeg\",\"contentUrl\":\"https:\\\/\\\/gooddealersmeds.com\\\/es\\\/wp-content\\\/uploads\\\/sites\\\/4\\\/2022\\\/03\\\/MDMA-Ecstasy-or-Molly-1.jpeg\",\"width\":600,\"height\":600,\"caption\":\"Buy MDMA Online\"},{\"@type\":\"BreadcrumbList\",\"@id\":\"https:\\\/\\\/gooddealersmeds.com\\\/es\\\/product\\\/mdma-extasis-o-molly\\\/#breadcrumb\",\"itemListElement\":[{\"@type\":\"ListItem\",\"position\":1,\"name\":\"Home\",\"item\":\"https:\\\/\\\/gooddealersmeds.com\\\/es\\\/\"},{\"@type\":\"ListItem\",\"position\":2,\"name\":\"Productos\",\"item\":\"https:\\\/\\\/gooddealersmeds.com\\\/es\\\/productos\\\/\"},{\"@type\":\"ListItem\",\"position\":3,\"name\":\"MDMA (\u00c9xtasis o Molly)\"}]},{\"@type\":\"WebSite\",\"@id\":\"https:\\\/\\\/gooddealersmeds.com\\\/es\\\/#website\",\"url\":\"https:\\\/\\\/gooddealersmeds.com\\\/es\\\/\",\"name\":\"Good Dealers Meds\",\"description\":\"All our best\",\"publisher\":{\"@id\":\"https:\\\/\\\/gooddealersmeds.com\\\/es\\\/#organization\"},\"potentialAction\":[{\"@type\":\"SearchAction\",\"target\":{\"@type\":\"EntryPoint\",\"urlTemplate\":\"https:\\\/\\\/gooddealersmeds.com\\\/es\\\/?s={search_term_string}\"},\"query-input\":{\"@type\":\"PropertyValueSpecification\",\"valueRequired\":true,\"valueName\":\"search_term_string\"}}],\"inLanguage\":\"en-US\"},{\"@type\":\"Organization\",\"@id\":\"https:\\\/\\\/gooddealersmeds.com\\\/es\\\/#organization\",\"name\":\"Good Dealers Meds\",\"url\":\"https:\\\/\\\/gooddealersmeds.com\\\/es\\\/\",\"logo\":{\"@type\":\"ImageObject\",\"inLanguage\":\"en-US\",\"@id\":\"https:\\\/\\\/gooddealersmeds.com\\\/es\\\/#\\\/schema\\\/logo\\\/image\\\/\",\"url\":\"https:\\\/\\\/gooddealersmeds.com\\\/es\\\/wp-content\\\/uploads\\\/sites\\\/4\\\/2022\\\/03\\\/gooddealersmeds__logo__20220317T222800Z.00.png\",\"contentUrl\":\"https:\\\/\\\/gooddealersmeds.com\\\/es\\\/wp-content\\\/uploads\\\/sites\\\/4\\\/2022\\\/03\\\/gooddealersmeds__logo__20220317T222800Z.00.png\",\"width\":500,\"height\":325,\"caption\":\"Good Dealers Meds\"},\"image\":{\"@id\":\"https:\\\/\\\/gooddealersmeds.com\\\/es\\\/#\\\/schema\\\/logo\\\/image\\\/\"}}]}<\/script>\n<!-- \/ Yoast SEO Premium plugin. -->","yoast_head_json":{"title":"Comprar MDMA en l\u00ednea sin receta | MDMA a la venta | GoodDealersMeds","description":"Comprar MDMA en l\u00ednea, com\u00fanmente conocida como \u00e9xtasis, puede ser una droga que altera la mente que se usa principalmente como narc\u00f3tico de Good Dealers Meds.","robots":{"index":"index","follow":"follow","max-snippet":"max-snippet:-1","max-image-preview":"max-image-preview:large","max-video-preview":"max-video-preview:-1"},"canonical":"https:\/\/gooddealersmeds.com\/es\/product\/mdma-extasis-o-molly\/","og_locale":"en_US","og_type":"article","og_title":"MDMA (\u00c9xtasis o Molly)","og_description":"Comprar MDMA en l\u00ednea, com\u00fanmente conocida como \u00e9xtasis, puede ser una droga que altera la mente que se usa principalmente como narc\u00f3tico de Good Dealers Meds.","og_url":"https:\/\/gooddealersmeds.com\/es\/product\/mdma-extasis-o-molly\/","og_site_name":"Good Dealers Meds","article_modified_time":"2023-01-02T17:27:35+00:00","og_image":[{"width":600,"height":600,"url":"https:\/\/gooddealersmeds.com\/es\/wp-content\/uploads\/sites\/4\/2022\/03\/MDMA-Ecstasy-or-Molly-1.jpeg","type":"image\/jpeg"}],"twitter_card":"summary_large_image","twitter_misc":{"Est. reading time":"1 minute"},"schema":{"@context":"https:\/\/schema.org","@graph":[{"@type":"WebPage","@id":"https:\/\/gooddealersmeds.com\/es\/product\/mdma-extasis-o-molly\/","url":"https:\/\/gooddealersmeds.com\/es\/product\/mdma-extasis-o-molly\/","name":"Comprar MDMA en l\u00ednea sin receta | MDMA a la venta | GoodDealersMeds","isPartOf":{"@id":"https:\/\/gooddealersmeds.com\/es\/#website"},"primaryImageOfPage":{"@id":"https:\/\/gooddealersmeds.com\/es\/product\/mdma-extasis-o-molly\/#primaryimage"},"image":{"@id":"https:\/\/gooddealersmeds.com\/es\/product\/mdma-extasis-o-molly\/#primaryimage"},"thumbnailUrl":"https:\/\/gooddealersmeds.com\/es\/wp-content\/uploads\/sites\/4\/2022\/03\/MDMA-Ecstasy-or-Molly-1.jpeg","datePublished":"2022-03-18T01:52:51+00:00","dateModified":"2023-01-02T17:27:35+00:00","description":"Comprar MDMA en l\u00ednea, com\u00fanmente conocida como \u00e9xtasis, puede ser una droga que altera la mente que se usa principalmente como narc\u00f3tico de Good Dealers Meds.","breadcrumb":{"@id":"https:\/\/gooddealersmeds.com\/es\/product\/mdma-extasis-o-molly\/#breadcrumb"},"inLanguage":"en-US","potentialAction":[{"@type":"ReadAction","target":["https:\/\/gooddealersmeds.com\/es\/product\/mdma-extasis-o-molly\/"]}]},{"@type":"ImageObject","inLanguage":"en-US","@id":"https:\/\/gooddealersmeds.com\/es\/product\/mdma-extasis-o-molly\/#primaryimage","url":"https:\/\/gooddealersmeds.com\/es\/wp-content\/uploads\/sites\/4\/2022\/03\/MDMA-Ecstasy-or-Molly-1.jpeg","contentUrl":"https:\/\/gooddealersmeds.com\/es\/wp-content\/uploads\/sites\/4\/2022\/03\/MDMA-Ecstasy-or-Molly-1.jpeg","width":600,"height":600,"caption":"Buy MDMA Online"},{"@type":"BreadcrumbList","@id":"https:\/\/gooddealersmeds.com\/es\/product\/mdma-extasis-o-molly\/#breadcrumb","itemListElement":[{"@type":"ListItem","position":1,"name":"Home","item":"https:\/\/gooddealersmeds.com\/es\/"},{"@type":"ListItem","position":2,"name":"Productos","item":"https:\/\/gooddealersmeds.com\/es\/productos\/"},{"@type":"ListItem","position":3,"name":"MDMA (\u00c9xtasis o Molly)"}]},{"@type":"WebSite","@id":"https:\/\/gooddealersmeds.com\/es\/#website","url":"https:\/\/gooddealersmeds.com\/es\/","name":"Good Dealers Meds","description":"All our best","publisher":{"@id":"https:\/\/gooddealersmeds.com\/es\/#organization"},"potentialAction":[{"@type":"SearchAction","target":{"@type":"EntryPoint","urlTemplate":"https:\/\/gooddealersmeds.com\/es\/?s={search_term_string}"},"query-input":{"@type":"PropertyValueSpecification","valueRequired":true,"valueName":"search_term_string"}}],"inLanguage":"en-US"},{"@type":"Organization","@id":"https:\/\/gooddealersmeds.com\/es\/#organization","name":"Good Dealers Meds","url":"https:\/\/gooddealersmeds.com\/es\/","logo":{"@type":"ImageObject","inLanguage":"en-US","@id":"https:\/\/gooddealersmeds.com\/es\/#\/schema\/logo\/image\/","url":"https:\/\/gooddealersmeds.com\/es\/wp-content\/uploads\/sites\/4\/2022\/03\/gooddealersmeds__logo__20220317T222800Z.00.png","contentUrl":"https:\/\/gooddealersmeds.com\/es\/wp-content\/uploads\/sites\/4\/2022\/03\/gooddealersmeds__logo__20220317T222800Z.00.png","width":500,"height":325,"caption":"Good Dealers Meds"},"image":{"@id":"https:\/\/gooddealersmeds.com\/es\/#\/schema\/logo\/image\/"}}]}},"_links":{"self":[{"href":"https:\/\/gooddealersmeds.com\/es\/wp-json\/wp\/v2\/product\/1572","targetHints":{"allow":["GET"]}}],"collection":[{"href":"https:\/\/gooddealersmeds.com\/es\/wp-json\/wp\/v2\/product"}],"about":[{"href":"https:\/\/gooddealersmeds.com\/es\/wp-json\/wp\/v2\/types\/product"}],"replies":[{"embeddable":true,"href":"https:\/\/gooddealersmeds.com\/es\/wp-json\/wp\/v2\/comments?post=1572"}],"wp:featuredmedia":[{"embeddable":true,"href":"https:\/\/gooddealersmeds.com\/es\/wp-json\/wp\/v2\/media\/1581"}],"wp:attachment":[{"href":"https:\/\/gooddealersmeds.com\/es\/wp-json\/wp\/v2\/media?parent=1572"}],"wp:term":[{"taxonomy":"product_brand","embeddable":true,"href":"https:\/\/gooddealersmeds.com\/es\/wp-json\/wp\/v2\/product_brand?post=1572"},{"taxonomy":"product_cat","embeddable":true,"href":"https:\/\/gooddealersmeds.com\/es\/wp-json\/wp\/v2\/product_cat?post=1572"},{"taxonomy":"product_tag","embeddable":true,"href":"https:\/\/gooddealersmeds.com\/es\/wp-json\/wp\/v2\/product_tag?post=1572"}],"curies":[{"name":"wp","href":"https:\/\/api.w.org\/{rel}","templated":true}]}}