{"id":1563,"date":"2022-03-18T01:19:50","date_gmt":"2022-03-18T01:19:50","guid":{"rendered":"https:\/\/gooddealersmeds.com\/es\/?post_type=product&#038;p=1563"},"modified":"2023-01-02T17:29:52","modified_gmt":"2023-01-02T17:29:52","slug":"comprar-anfetamina-en-polvo-online","status":"publish","type":"product","link":"https:\/\/gooddealersmeds.com\/es\/product\/comprar-anfetamina-en-polvo-online\/","title":{"rendered":"Comprar polvo de anfetamina en l\u00ednea"},"content":{"rendered":"<h2>Polvo de anfetamina a la venta de primera categor\u00eda<\/h2>\n<p>Comprar polvo de anfetamina en l\u00ednea. Las anfetaminas son medicamentos estimulantes que estimulan la actividad de ciertas sustancias qu\u00edmicas del cerebro. Estos medicamentos contienen anfetamina, un estimulante del sistema nervioso central que se usa para tratar el trastorno por d\u00e9ficit de atenci\u00f3n con hiperactividad, la narcolepsia y la obesidad. En la mayor\u00eda de los casos, dos qu\u00edmicos se unen para formarlo. Hay dos de ellos: levoanfetamina y dextroanfetamina. El medicamento real que se usa para tratar el TDAH es la dextroanfetamina. La levoanfetamina, por otro lado, es un psicoestimulante que promueve el estado de alerta y la concentraci\u00f3n.<\/p>\n<p>La dexanfetamina, el sulfato y la metanfetamina, una versi\u00f3n m\u00e1s potente de la anfetamina, son otros ejemplos. Sin embargo, los medicamentos que contienen anfetaminas se venden bajo una variedad de marcas en Europa. <a href=\"https:\/\/gooddealersmeds.com\/es\/product\/comprar-anfetamina-en-polvo-online\/\">Venta de polvo de anfetamina<\/a>\u00a0se usa para tratar el trastorno por d\u00e9ficit de atenci\u00f3n con hiperactividad por v\u00eda m\u00e9dica por m\u00e9dicos con recomendaci\u00f3n .<\/p>\n<p>El polvo se ingiere o se inhala. El sulfato de anfetamina no es lo suficientemente vol\u00e1til para ser fumado A diferencia de la sal de clorhidrato de metanfetamina.<\/p>\n<p><strong>Efectos<\/strong><\/p>\n<p>Primero, afecta a todos de manera diferente, dependiendo del tama\u00f1o, peso, y la salud, si el individuo est\u00e1 acostumbrado a tomarlo, si se toman otras drogas al mismo tiempo, la cantidad consumida y la potencia de la droga (var\u00eda de lote a lote con drogas producidas ilegalmente).<\/p>\n<p>Como Como resultado, sus efectos se pueden sentir inmediatamente (si se inyecta o se fuma) o dentro de los 30 minutos (si se inhala o se ingiere).<\/p>\n<p>Se pueden experimentar los siguientes efectos:<\/p>\n<ul>\n<li>Felicidad y confianza<\/li>\n<li>Hablar m\u00e1s y sentirse en\u00e9rgico<\/li>\n<li>Repetir cosas simples como comez\u00f3n y rascado<\/li>\n<li>Pupilas dilatadas y boca seca<\/li>\n<li>Latidos card\u00edacos r\u00e1pidos y la respiraci\u00f3n<\/li>\n<li>Rechinar los dientes<\/li>\n<li>Reducci\u00f3n del apetito<\/li>\n<li>Sudoraci\u00f3n excesiva<\/li>\n<li>Aumento del deseo sexual<\/li>\n<\/ul>\n<p><strong>\u00bfC\u00f3mo funciona el polvo de anfetamina?<\/strong><\/p>\n<p>T debe tomarse de acuerdo con las instrucciones del m\u00e9dico para las necesidades m\u00e9dicas. Comience con la menor cantidad posible con fines recreativos para asegurarse de que la sustancia no tenga una influencia negativa. La dosis suave es de 5 a 20 mg, mientras que cualquier dosis superior se considera una dosis fuerte (40 a 70 mg).<\/p>\n<p><strong>Efectos secundarios<\/strong><\/p>\n<p>Latidos card\u00edacos irregulares, presi\u00f3n arterial alta y temperatura alta. Tambi\u00e9n hay posibilidades de que los vasos sangu\u00edneos estallen, de un ataque al coraz\u00f3n o de un derrame cerebral. Incluso puede producirse la muerte.<\/p>\n<p>Puedes comprar Anfetamina en Polvo Online en nuestra <a href=\"https:\/\/gooddealersmeds.com\/es\/products\/\">tienda<\/a> con env\u00edo seguro a toda Europa .<\/p>\n","protected":false},"excerpt":{"rendered":"<p>Compre polvo de anfetamina en l\u00ednea de un proveedor confiable y obtenga la mejor calidad. Le brindamos la mejor experiencia de env\u00edo. Compra metanfetamina.<\/p>\n","protected":false},"featured_media":1571,"comment_status":"open","ping_status":"closed","template":"","meta":{"inline_featured_image":false},"product_brand":[],"product_cat":[343],"product_tag":[],"class_list":{"0":"post-1563","1":"product","2":"type-product","3":"status-publish","4":"has-post-thumbnail","6":"product_cat-otros","7":"pa_grams-1-kg-1000-g","8":"pa_grams-100-g","9":"pa_grams-20-g","10":"pa_grams-200-g","11":"pa_grams-250-g","12":"pa_grams-35-g","13":"pa_grams-50-g","14":"pa_grams-500-g","16":"first","17":"instock","18":"featured","19":"shipping-taxable","20":"purchasable","21":"product-type-variable","22":"has-default-attributes"},"yoast_head":"<!-- This site is optimized with the Yoast SEO Premium plugin v20.6 (Yoast SEO v27.4) - https:\/\/yoast.com\/product\/yoast-seo-premium-wordpress\/ -->\n<title>Comprar polvo de anfetamina en l\u00ednea | Good Dealers Meds<\/title>\n<meta name=\"description\" content=\"Comprar polvo de anfetamina en l\u00ednea de un proveedor confiable y obtenga la mejor calidad. Le brindamos la mejor experiencia de env\u00edo.\" \/>\n<meta name=\"robots\" content=\"index, follow, max-snippet:-1, max-image-preview:large, max-video-preview:-1\" \/>\n<link rel=\"canonical\" href=\"https:\/\/gooddealersmeds.com\/es\/product\/comprar-anfetamina-en-polvo-online\/\" \/>\n<meta property=\"og:locale\" content=\"en_US\" \/>\n<meta property=\"og:type\" content=\"article\" \/>\n<meta property=\"og:title\" content=\"Comprar polvo de anfetamina en l\u00ednea\" \/>\n<meta property=\"og:description\" content=\"Comprar polvo de anfetamina en l\u00ednea de un proveedor confiable y obtenga la mejor calidad. Le brindamos la mejor experiencia de env\u00edo.\" \/>\n<meta property=\"og:url\" content=\"https:\/\/gooddealersmeds.com\/es\/product\/comprar-anfetamina-en-polvo-online\/\" \/>\n<meta property=\"og:site_name\" content=\"Good Dealers Meds\" \/>\n<meta property=\"article:modified_time\" content=\"2023-01-02T17:29:52+00:00\" \/>\n<meta property=\"og:image\" content=\"https:\/\/gooddealersmeds.com\/es\/wp-content\/uploads\/sites\/4\/2022\/03\/AMPHETAMINE-POWDER.jpg\" \/>\n\t<meta property=\"og:image:width\" content=\"480\" \/>\n\t<meta property=\"og:image:height\" content=\"480\" \/>\n\t<meta property=\"og:image:type\" content=\"image\/jpeg\" \/>\n<meta name=\"twitter:card\" content=\"summary_large_image\" \/>\n<meta name=\"twitter:label1\" content=\"Est. reading time\" \/>\n\t<meta name=\"twitter:data1\" content=\"2 minutes\" \/>\n<script type=\"application\/ld+json\" class=\"yoast-schema-graph\">{\"@context\":\"https:\\\/\\\/schema.org\",\"@graph\":[{\"@type\":\"WebPage\",\"@id\":\"https:\\\/\\\/gooddealersmeds.com\\\/es\\\/product\\\/comprar-anfetamina-en-polvo-online\\\/\",\"url\":\"https:\\\/\\\/gooddealersmeds.com\\\/es\\\/product\\\/comprar-anfetamina-en-polvo-online\\\/\",\"name\":\"Comprar polvo de anfetamina en l\u00ednea | Good Dealers Meds\",\"isPartOf\":{\"@id\":\"https:\\\/\\\/gooddealersmeds.com\\\/es\\\/#website\"},\"primaryImageOfPage\":{\"@id\":\"https:\\\/\\\/gooddealersmeds.com\\\/es\\\/product\\\/comprar-anfetamina-en-polvo-online\\\/#primaryimage\"},\"image\":{\"@id\":\"https:\\\/\\\/gooddealersmeds.com\\\/es\\\/product\\\/comprar-anfetamina-en-polvo-online\\\/#primaryimage\"},\"thumbnailUrl\":\"https:\\\/\\\/gooddealersmeds.com\\\/es\\\/wp-content\\\/uploads\\\/sites\\\/4\\\/2022\\\/03\\\/AMPHETAMINE-POWDER.jpg\",\"datePublished\":\"2022-03-18T01:19:50+00:00\",\"dateModified\":\"2023-01-02T17:29:52+00:00\",\"description\":\"Comprar polvo de anfetamina en l\u00ednea de un proveedor confiable y obtenga la mejor calidad. Le brindamos la mejor experiencia de env\u00edo.\",\"breadcrumb\":{\"@id\":\"https:\\\/\\\/gooddealersmeds.com\\\/es\\\/product\\\/comprar-anfetamina-en-polvo-online\\\/#breadcrumb\"},\"inLanguage\":\"en-US\",\"potentialAction\":[{\"@type\":\"ReadAction\",\"target\":[\"https:\\\/\\\/gooddealersmeds.com\\\/es\\\/product\\\/comprar-anfetamina-en-polvo-online\\\/\"]}]},{\"@type\":\"ImageObject\",\"inLanguage\":\"en-US\",\"@id\":\"https:\\\/\\\/gooddealersmeds.com\\\/es\\\/product\\\/comprar-anfetamina-en-polvo-online\\\/#primaryimage\",\"url\":\"https:\\\/\\\/gooddealersmeds.com\\\/es\\\/wp-content\\\/uploads\\\/sites\\\/4\\\/2022\\\/03\\\/AMPHETAMINE-POWDER.jpg\",\"contentUrl\":\"https:\\\/\\\/gooddealersmeds.com\\\/es\\\/wp-content\\\/uploads\\\/sites\\\/4\\\/2022\\\/03\\\/AMPHETAMINE-POWDER.jpg\",\"width\":480,\"height\":480,\"caption\":\"Buy Amphetamine Powder Online\"},{\"@type\":\"BreadcrumbList\",\"@id\":\"https:\\\/\\\/gooddealersmeds.com\\\/es\\\/product\\\/comprar-anfetamina-en-polvo-online\\\/#breadcrumb\",\"itemListElement\":[{\"@type\":\"ListItem\",\"position\":1,\"name\":\"Home\",\"item\":\"https:\\\/\\\/gooddealersmeds.com\\\/es\\\/\"},{\"@type\":\"ListItem\",\"position\":2,\"name\":\"Productos\",\"item\":\"https:\\\/\\\/gooddealersmeds.com\\\/es\\\/productos\\\/\"},{\"@type\":\"ListItem\",\"position\":3,\"name\":\"Comprar polvo de anfetamina en l\u00ednea\"}]},{\"@type\":\"WebSite\",\"@id\":\"https:\\\/\\\/gooddealersmeds.com\\\/es\\\/#website\",\"url\":\"https:\\\/\\\/gooddealersmeds.com\\\/es\\\/\",\"name\":\"Good Dealers Meds\",\"description\":\"All our best\",\"publisher\":{\"@id\":\"https:\\\/\\\/gooddealersmeds.com\\\/es\\\/#organization\"},\"potentialAction\":[{\"@type\":\"SearchAction\",\"target\":{\"@type\":\"EntryPoint\",\"urlTemplate\":\"https:\\\/\\\/gooddealersmeds.com\\\/es\\\/?s={search_term_string}\"},\"query-input\":{\"@type\":\"PropertyValueSpecification\",\"valueRequired\":true,\"valueName\":\"search_term_string\"}}],\"inLanguage\":\"en-US\"},{\"@type\":\"Organization\",\"@id\":\"https:\\\/\\\/gooddealersmeds.com\\\/es\\\/#organization\",\"name\":\"Good Dealers Meds\",\"url\":\"https:\\\/\\\/gooddealersmeds.com\\\/es\\\/\",\"logo\":{\"@type\":\"ImageObject\",\"inLanguage\":\"en-US\",\"@id\":\"https:\\\/\\\/gooddealersmeds.com\\\/es\\\/#\\\/schema\\\/logo\\\/image\\\/\",\"url\":\"https:\\\/\\\/gooddealersmeds.com\\\/es\\\/wp-content\\\/uploads\\\/sites\\\/4\\\/2022\\\/03\\\/gooddealersmeds__logo__20220317T222800Z.00.png\",\"contentUrl\":\"https:\\\/\\\/gooddealersmeds.com\\\/es\\\/wp-content\\\/uploads\\\/sites\\\/4\\\/2022\\\/03\\\/gooddealersmeds__logo__20220317T222800Z.00.png\",\"width\":500,\"height\":325,\"caption\":\"Good Dealers Meds\"},\"image\":{\"@id\":\"https:\\\/\\\/gooddealersmeds.com\\\/es\\\/#\\\/schema\\\/logo\\\/image\\\/\"}}]}<\/script>\n<!-- \/ Yoast SEO Premium plugin. -->","yoast_head_json":{"title":"Comprar polvo de anfetamina en l\u00ednea | Good Dealers Meds","description":"Comprar polvo de anfetamina en l\u00ednea de un proveedor confiable y obtenga la mejor calidad. Le brindamos la mejor experiencia de env\u00edo.","robots":{"index":"index","follow":"follow","max-snippet":"max-snippet:-1","max-image-preview":"max-image-preview:large","max-video-preview":"max-video-preview:-1"},"canonical":"https:\/\/gooddealersmeds.com\/es\/product\/comprar-anfetamina-en-polvo-online\/","og_locale":"en_US","og_type":"article","og_title":"Comprar polvo de anfetamina en l\u00ednea","og_description":"Comprar polvo de anfetamina en l\u00ednea de un proveedor confiable y obtenga la mejor calidad. Le brindamos la mejor experiencia de env\u00edo.","og_url":"https:\/\/gooddealersmeds.com\/es\/product\/comprar-anfetamina-en-polvo-online\/","og_site_name":"Good Dealers Meds","article_modified_time":"2023-01-02T17:29:52+00:00","og_image":[{"width":480,"height":480,"url":"https:\/\/gooddealersmeds.com\/es\/wp-content\/uploads\/sites\/4\/2022\/03\/AMPHETAMINE-POWDER.jpg","type":"image\/jpeg"}],"twitter_card":"summary_large_image","twitter_misc":{"Est. reading time":"2 minutes"},"schema":{"@context":"https:\/\/schema.org","@graph":[{"@type":"WebPage","@id":"https:\/\/gooddealersmeds.com\/es\/product\/comprar-anfetamina-en-polvo-online\/","url":"https:\/\/gooddealersmeds.com\/es\/product\/comprar-anfetamina-en-polvo-online\/","name":"Comprar polvo de anfetamina en l\u00ednea | Good Dealers Meds","isPartOf":{"@id":"https:\/\/gooddealersmeds.com\/es\/#website"},"primaryImageOfPage":{"@id":"https:\/\/gooddealersmeds.com\/es\/product\/comprar-anfetamina-en-polvo-online\/#primaryimage"},"image":{"@id":"https:\/\/gooddealersmeds.com\/es\/product\/comprar-anfetamina-en-polvo-online\/#primaryimage"},"thumbnailUrl":"https:\/\/gooddealersmeds.com\/es\/wp-content\/uploads\/sites\/4\/2022\/03\/AMPHETAMINE-POWDER.jpg","datePublished":"2022-03-18T01:19:50+00:00","dateModified":"2023-01-02T17:29:52+00:00","description":"Comprar polvo de anfetamina en l\u00ednea de un proveedor confiable y obtenga la mejor calidad. Le brindamos la mejor experiencia de env\u00edo.","breadcrumb":{"@id":"https:\/\/gooddealersmeds.com\/es\/product\/comprar-anfetamina-en-polvo-online\/#breadcrumb"},"inLanguage":"en-US","potentialAction":[{"@type":"ReadAction","target":["https:\/\/gooddealersmeds.com\/es\/product\/comprar-anfetamina-en-polvo-online\/"]}]},{"@type":"ImageObject","inLanguage":"en-US","@id":"https:\/\/gooddealersmeds.com\/es\/product\/comprar-anfetamina-en-polvo-online\/#primaryimage","url":"https:\/\/gooddealersmeds.com\/es\/wp-content\/uploads\/sites\/4\/2022\/03\/AMPHETAMINE-POWDER.jpg","contentUrl":"https:\/\/gooddealersmeds.com\/es\/wp-content\/uploads\/sites\/4\/2022\/03\/AMPHETAMINE-POWDER.jpg","width":480,"height":480,"caption":"Buy Amphetamine Powder Online"},{"@type":"BreadcrumbList","@id":"https:\/\/gooddealersmeds.com\/es\/product\/comprar-anfetamina-en-polvo-online\/#breadcrumb","itemListElement":[{"@type":"ListItem","position":1,"name":"Home","item":"https:\/\/gooddealersmeds.com\/es\/"},{"@type":"ListItem","position":2,"name":"Productos","item":"https:\/\/gooddealersmeds.com\/es\/productos\/"},{"@type":"ListItem","position":3,"name":"Comprar polvo de anfetamina en l\u00ednea"}]},{"@type":"WebSite","@id":"https:\/\/gooddealersmeds.com\/es\/#website","url":"https:\/\/gooddealersmeds.com\/es\/","name":"Good Dealers Meds","description":"All our best","publisher":{"@id":"https:\/\/gooddealersmeds.com\/es\/#organization"},"potentialAction":[{"@type":"SearchAction","target":{"@type":"EntryPoint","urlTemplate":"https:\/\/gooddealersmeds.com\/es\/?s={search_term_string}"},"query-input":{"@type":"PropertyValueSpecification","valueRequired":true,"valueName":"search_term_string"}}],"inLanguage":"en-US"},{"@type":"Organization","@id":"https:\/\/gooddealersmeds.com\/es\/#organization","name":"Good Dealers Meds","url":"https:\/\/gooddealersmeds.com\/es\/","logo":{"@type":"ImageObject","inLanguage":"en-US","@id":"https:\/\/gooddealersmeds.com\/es\/#\/schema\/logo\/image\/","url":"https:\/\/gooddealersmeds.com\/es\/wp-content\/uploads\/sites\/4\/2022\/03\/gooddealersmeds__logo__20220317T222800Z.00.png","contentUrl":"https:\/\/gooddealersmeds.com\/es\/wp-content\/uploads\/sites\/4\/2022\/03\/gooddealersmeds__logo__20220317T222800Z.00.png","width":500,"height":325,"caption":"Good Dealers Meds"},"image":{"@id":"https:\/\/gooddealersmeds.com\/es\/#\/schema\/logo\/image\/"}}]}},"_links":{"self":[{"href":"https:\/\/gooddealersmeds.com\/es\/wp-json\/wp\/v2\/product\/1563","targetHints":{"allow":["GET"]}}],"collection":[{"href":"https:\/\/gooddealersmeds.com\/es\/wp-json\/wp\/v2\/product"}],"about":[{"href":"https:\/\/gooddealersmeds.com\/es\/wp-json\/wp\/v2\/types\/product"}],"replies":[{"embeddable":true,"href":"https:\/\/gooddealersmeds.com\/es\/wp-json\/wp\/v2\/comments?post=1563"}],"wp:featuredmedia":[{"embeddable":true,"href":"https:\/\/gooddealersmeds.com\/es\/wp-json\/wp\/v2\/media\/1571"}],"wp:attachment":[{"href":"https:\/\/gooddealersmeds.com\/es\/wp-json\/wp\/v2\/media?parent=1563"}],"wp:term":[{"taxonomy":"product_brand","embeddable":true,"href":"https:\/\/gooddealersmeds.com\/es\/wp-json\/wp\/v2\/product_brand?post=1563"},{"taxonomy":"product_cat","embeddable":true,"href":"https:\/\/gooddealersmeds.com\/es\/wp-json\/wp\/v2\/product_cat?post=1563"},{"taxonomy":"product_tag","embeddable":true,"href":"https:\/\/gooddealersmeds.com\/es\/wp-json\/wp\/v2\/product_tag?post=1563"}],"curies":[{"name":"wp","href":"https:\/\/api.w.org\/{rel}","templated":true}]}}