{"id":1554,"date":"2022-03-18T00:49:43","date_gmt":"2022-03-18T00:49:43","guid":{"rendered":"https:\/\/gooddealersmeds.com\/es\/?post_type=product&#038;p=1554"},"modified":"2023-01-02T17:31:39","modified_gmt":"2023-01-02T17:31:39","slug":"efedrina-hcl","status":"publish","type":"product","link":"https:\/\/gooddealersmeds.com\/es\/product\/efedrina-hcl\/","title":{"rendered":"Comprar efedrina HCL en l\u00ednea"},"content":{"rendered":"<h2>Compre efedrina en l\u00ednea sin receta a un precio asequible<\/h2>\n<p>La efedrina es un medicamento y estimulante. A menudo se usa para prevenir la presi\u00f3n arterial baja durante la anestesia espinal. Tambi\u00e9n se ha utilizado para <a href=\"https:\/\/www.cdc.gov\/asthma\/faqs.htm\" target=\"_blank\"><span style=\"color: #333333\">asma<\/span><\/a>, narcolepsia y obesidad, pero no es el tratamiento preferido. Tiene un beneficio poco claro en la congesti\u00f3n nasal. Se puede tomar por v\u00eda oral o por inyecci\u00f3n en un m\u00fasculo, una vena o justo debajo de la piel. compre este producto con nosotros, el inicio con el uso intravenoso es r\u00e1pido, mientras que la inyecci\u00f3n en un m\u00fasculo puede demorar 20 minutos, y por v\u00eda oral puede demorar una hora para que surta efecto. Cuando se administra por inyecci\u00f3n, dura aproximadamente una hora y cuando se toma por v\u00eda oral puede durar hasta cuatro horas. <a href=\"https:\/\/gooddealersmeds.com\/es\/product\/ephedrine-hcl\/\">efedrina a la venta<\/a> en l\u00ednea desde <span style=\"color: #333333\"><a style=\"color: #333333\" href=\"https:\/\/gooddealersmeds.com\/es\/\" target=\"_blank\">Good Dealers Meds<\/a><\/span>.<\/p>\n<p>Si bien es probable que sea seguro durante el embarazo, su uso en esta poblaci\u00f3n est\u00e1 poco estudiado. No se recomienda su uso durante la lactancia. La efedrina funciona aumentando la actividad de los receptores adren\u00e9rgicos \u03b1 y \u03b2.<\/p>\n<p>La efedrina se usa para el alivio temporal de la dificultad para respirar, la opresi\u00f3n en el pecho y las sibilancias debido al asma bronquial. La efedrina tambi\u00e9n se puede usar para otras afecciones seg\u00fan lo determine su m\u00e9dico.<\/p>\n<p>La efedrina es un descongestionante y broncodilatador. Funciona al reducir la inflamaci\u00f3n y la constricci\u00f3n de los vasos sangu\u00edneos en las fosas nasales y al ensanchar las v\u00edas respiratorias de los pulmones, lo que le permite respirar m\u00e1s f\u00e1cilmente. Comprar efedrina en l\u00ednea<\/p>\n<p>Con la experiencia y la naturaleza genuina de nuestros medicamentos, hemos ayudado a muchos pacientes. para obtener una buena salud. Nuestro eficiente equipo de farmac\u00e9uticos y t\u00e9cnicos se esfuerza por brindar un servicio r\u00e1pido y amigable. La calidad y la precisi\u00f3n son valores que nos negamos a comprometer. comprar efedrina en l\u00ednea<\/p>\n","protected":false},"excerpt":{"rendered":"<p>La efedrina se usa para el alivio temporal de la dificultad para respirar, opresi\u00f3n en el pecho y sibilancias debido al asma bronquial.<\/p>\n","protected":false},"featured_media":1562,"comment_status":"open","ping_status":"closed","template":"","meta":{"inline_featured_image":false},"product_brand":[],"product_cat":[346],"product_tag":[],"class_list":{"0":"post-1554","1":"product","2":"type-product","3":"status-publish","4":"has-post-thumbnail","6":"product_cat-estimulantes","7":"pa_pills-100-pills","8":"pa_pills-1000-pills","9":"pa_pills-30-pills","10":"pa_pills-300-pills","11":"pa_pills-50-pills","12":"pa_pills-500-pills","14":"first","15":"instock","16":"featured","17":"shipping-taxable","18":"purchasable","19":"product-type-variable","20":"has-default-attributes"},"yoast_head":"<!-- This site is optimized with the Yoast SEO Premium plugin v20.6 (Yoast SEO v27.3) - https:\/\/yoast.com\/product\/yoast-seo-premium-wordpress\/ -->\n<title>Comprar efedrina en l\u00ednea sin receta | Good Dealers Meds<\/title>\n<meta name=\"description\" content=\"Comprar efedrina en l\u00ednea con la mejor calidad de Good Dealers. Medicamentos utilizados para el alivio temporal de la dificultad para respirar, opresi\u00f3n en el pecho y sibilancias.\" \/>\n<meta name=\"robots\" content=\"index, follow, max-snippet:-1, max-image-preview:large, max-video-preview:-1\" \/>\n<link rel=\"canonical\" href=\"https:\/\/gooddealersmeds.com\/es\/product\/efedrina-hcl\/\" \/>\n<meta property=\"og:locale\" content=\"en_US\" \/>\n<meta property=\"og:type\" content=\"article\" \/>\n<meta property=\"og:title\" content=\"Comprar efedrina HCL en l\u00ednea\" \/>\n<meta property=\"og:description\" content=\"Comprar efedrina en l\u00ednea con la mejor calidad de Good Dealers. Medicamentos utilizados para el alivio temporal de la dificultad para respirar, opresi\u00f3n en el pecho y sibilancias.\" \/>\n<meta property=\"og:url\" content=\"https:\/\/gooddealersmeds.com\/es\/product\/efedrina-hcl\/\" \/>\n<meta property=\"og:site_name\" content=\"Good Dealers Meds\" \/>\n<meta property=\"article:modified_time\" content=\"2023-01-02T17:31:39+00:00\" \/>\n<meta property=\"og:image\" content=\"https:\/\/gooddealersmeds.com\/es\/wp-content\/uploads\/sites\/4\/2022\/03\/buy-ephedrine-online.jpg\" \/>\n\t<meta property=\"og:image:width\" content=\"900\" \/>\n\t<meta property=\"og:image:height\" content=\"800\" \/>\n\t<meta property=\"og:image:type\" content=\"image\/jpeg\" \/>\n<meta name=\"twitter:card\" content=\"summary_large_image\" \/>\n<meta name=\"twitter:label1\" content=\"Est. reading time\" \/>\n\t<meta name=\"twitter:data1\" content=\"2 minutes\" \/>\n<script type=\"application\/ld+json\" class=\"yoast-schema-graph\">{\"@context\":\"https:\\\/\\\/schema.org\",\"@graph\":[{\"@type\":\"WebPage\",\"@id\":\"https:\\\/\\\/gooddealersmeds.com\\\/es\\\/product\\\/efedrina-hcl\\\/\",\"url\":\"https:\\\/\\\/gooddealersmeds.com\\\/es\\\/product\\\/efedrina-hcl\\\/\",\"name\":\"Comprar efedrina en l\u00ednea sin receta | Good Dealers Meds\",\"isPartOf\":{\"@id\":\"https:\\\/\\\/gooddealersmeds.com\\\/es\\\/#website\"},\"primaryImageOfPage\":{\"@id\":\"https:\\\/\\\/gooddealersmeds.com\\\/es\\\/product\\\/efedrina-hcl\\\/#primaryimage\"},\"image\":{\"@id\":\"https:\\\/\\\/gooddealersmeds.com\\\/es\\\/product\\\/efedrina-hcl\\\/#primaryimage\"},\"thumbnailUrl\":\"https:\\\/\\\/gooddealersmeds.com\\\/es\\\/wp-content\\\/uploads\\\/sites\\\/4\\\/2022\\\/03\\\/buy-ephedrine-online.jpg\",\"datePublished\":\"2022-03-18T00:49:43+00:00\",\"dateModified\":\"2023-01-02T17:31:39+00:00\",\"description\":\"Comprar efedrina en l\u00ednea con la mejor calidad de Good Dealers. Medicamentos utilizados para el alivio temporal de la dificultad para respirar, opresi\u00f3n en el pecho y sibilancias.\",\"breadcrumb\":{\"@id\":\"https:\\\/\\\/gooddealersmeds.com\\\/es\\\/product\\\/efedrina-hcl\\\/#breadcrumb\"},\"inLanguage\":\"en-US\",\"potentialAction\":[{\"@type\":\"ReadAction\",\"target\":[\"https:\\\/\\\/gooddealersmeds.com\\\/es\\\/product\\\/efedrina-hcl\\\/\"]}]},{\"@type\":\"ImageObject\",\"inLanguage\":\"en-US\",\"@id\":\"https:\\\/\\\/gooddealersmeds.com\\\/es\\\/product\\\/efedrina-hcl\\\/#primaryimage\",\"url\":\"https:\\\/\\\/gooddealersmeds.com\\\/es\\\/wp-content\\\/uploads\\\/sites\\\/4\\\/2022\\\/03\\\/buy-ephedrine-online.jpg\",\"contentUrl\":\"https:\\\/\\\/gooddealersmeds.com\\\/es\\\/wp-content\\\/uploads\\\/sites\\\/4\\\/2022\\\/03\\\/buy-ephedrine-online.jpg\",\"width\":900,\"height\":800,\"caption\":\"Buy Ephedrine Online\"},{\"@type\":\"BreadcrumbList\",\"@id\":\"https:\\\/\\\/gooddealersmeds.com\\\/es\\\/product\\\/efedrina-hcl\\\/#breadcrumb\",\"itemListElement\":[{\"@type\":\"ListItem\",\"position\":1,\"name\":\"Home\",\"item\":\"https:\\\/\\\/gooddealersmeds.com\\\/es\\\/\"},{\"@type\":\"ListItem\",\"position\":2,\"name\":\"Productos\",\"item\":\"https:\\\/\\\/gooddealersmeds.com\\\/es\\\/productos\\\/\"},{\"@type\":\"ListItem\",\"position\":3,\"name\":\"Comprar efedrina HCL en l\u00ednea\"}]},{\"@type\":\"WebSite\",\"@id\":\"https:\\\/\\\/gooddealersmeds.com\\\/es\\\/#website\",\"url\":\"https:\\\/\\\/gooddealersmeds.com\\\/es\\\/\",\"name\":\"Good Dealers Meds\",\"description\":\"All our best\",\"publisher\":{\"@id\":\"https:\\\/\\\/gooddealersmeds.com\\\/es\\\/#organization\"},\"potentialAction\":[{\"@type\":\"SearchAction\",\"target\":{\"@type\":\"EntryPoint\",\"urlTemplate\":\"https:\\\/\\\/gooddealersmeds.com\\\/es\\\/?s={search_term_string}\"},\"query-input\":{\"@type\":\"PropertyValueSpecification\",\"valueRequired\":true,\"valueName\":\"search_term_string\"}}],\"inLanguage\":\"en-US\"},{\"@type\":\"Organization\",\"@id\":\"https:\\\/\\\/gooddealersmeds.com\\\/es\\\/#organization\",\"name\":\"Good Dealers Meds\",\"url\":\"https:\\\/\\\/gooddealersmeds.com\\\/es\\\/\",\"logo\":{\"@type\":\"ImageObject\",\"inLanguage\":\"en-US\",\"@id\":\"https:\\\/\\\/gooddealersmeds.com\\\/es\\\/#\\\/schema\\\/logo\\\/image\\\/\",\"url\":\"https:\\\/\\\/gooddealersmeds.com\\\/es\\\/wp-content\\\/uploads\\\/sites\\\/4\\\/2022\\\/03\\\/gooddealersmeds__logo__20220317T222800Z.00.png\",\"contentUrl\":\"https:\\\/\\\/gooddealersmeds.com\\\/es\\\/wp-content\\\/uploads\\\/sites\\\/4\\\/2022\\\/03\\\/gooddealersmeds__logo__20220317T222800Z.00.png\",\"width\":500,\"height\":325,\"caption\":\"Good Dealers Meds\"},\"image\":{\"@id\":\"https:\\\/\\\/gooddealersmeds.com\\\/es\\\/#\\\/schema\\\/logo\\\/image\\\/\"}}]}<\/script>\n<!-- \/ Yoast SEO Premium plugin. -->","yoast_head_json":{"title":"Comprar efedrina en l\u00ednea sin receta | Good Dealers Meds","description":"Comprar efedrina en l\u00ednea con la mejor calidad de Good Dealers. Medicamentos utilizados para el alivio temporal de la dificultad para respirar, opresi\u00f3n en el pecho y sibilancias.","robots":{"index":"index","follow":"follow","max-snippet":"max-snippet:-1","max-image-preview":"max-image-preview:large","max-video-preview":"max-video-preview:-1"},"canonical":"https:\/\/gooddealersmeds.com\/es\/product\/efedrina-hcl\/","og_locale":"en_US","og_type":"article","og_title":"Comprar efedrina HCL en l\u00ednea","og_description":"Comprar efedrina en l\u00ednea con la mejor calidad de Good Dealers. Medicamentos utilizados para el alivio temporal de la dificultad para respirar, opresi\u00f3n en el pecho y sibilancias.","og_url":"https:\/\/gooddealersmeds.com\/es\/product\/efedrina-hcl\/","og_site_name":"Good Dealers Meds","article_modified_time":"2023-01-02T17:31:39+00:00","og_image":[{"width":900,"height":800,"url":"https:\/\/gooddealersmeds.com\/es\/wp-content\/uploads\/sites\/4\/2022\/03\/buy-ephedrine-online.jpg","type":"image\/jpeg"}],"twitter_card":"summary_large_image","twitter_misc":{"Est. reading time":"2 minutes"},"schema":{"@context":"https:\/\/schema.org","@graph":[{"@type":"WebPage","@id":"https:\/\/gooddealersmeds.com\/es\/product\/efedrina-hcl\/","url":"https:\/\/gooddealersmeds.com\/es\/product\/efedrina-hcl\/","name":"Comprar efedrina en l\u00ednea sin receta | Good Dealers Meds","isPartOf":{"@id":"https:\/\/gooddealersmeds.com\/es\/#website"},"primaryImageOfPage":{"@id":"https:\/\/gooddealersmeds.com\/es\/product\/efedrina-hcl\/#primaryimage"},"image":{"@id":"https:\/\/gooddealersmeds.com\/es\/product\/efedrina-hcl\/#primaryimage"},"thumbnailUrl":"https:\/\/gooddealersmeds.com\/es\/wp-content\/uploads\/sites\/4\/2022\/03\/buy-ephedrine-online.jpg","datePublished":"2022-03-18T00:49:43+00:00","dateModified":"2023-01-02T17:31:39+00:00","description":"Comprar efedrina en l\u00ednea con la mejor calidad de Good Dealers. Medicamentos utilizados para el alivio temporal de la dificultad para respirar, opresi\u00f3n en el pecho y sibilancias.","breadcrumb":{"@id":"https:\/\/gooddealersmeds.com\/es\/product\/efedrina-hcl\/#breadcrumb"},"inLanguage":"en-US","potentialAction":[{"@type":"ReadAction","target":["https:\/\/gooddealersmeds.com\/es\/product\/efedrina-hcl\/"]}]},{"@type":"ImageObject","inLanguage":"en-US","@id":"https:\/\/gooddealersmeds.com\/es\/product\/efedrina-hcl\/#primaryimage","url":"https:\/\/gooddealersmeds.com\/es\/wp-content\/uploads\/sites\/4\/2022\/03\/buy-ephedrine-online.jpg","contentUrl":"https:\/\/gooddealersmeds.com\/es\/wp-content\/uploads\/sites\/4\/2022\/03\/buy-ephedrine-online.jpg","width":900,"height":800,"caption":"Buy Ephedrine Online"},{"@type":"BreadcrumbList","@id":"https:\/\/gooddealersmeds.com\/es\/product\/efedrina-hcl\/#breadcrumb","itemListElement":[{"@type":"ListItem","position":1,"name":"Home","item":"https:\/\/gooddealersmeds.com\/es\/"},{"@type":"ListItem","position":2,"name":"Productos","item":"https:\/\/gooddealersmeds.com\/es\/productos\/"},{"@type":"ListItem","position":3,"name":"Comprar efedrina HCL en l\u00ednea"}]},{"@type":"WebSite","@id":"https:\/\/gooddealersmeds.com\/es\/#website","url":"https:\/\/gooddealersmeds.com\/es\/","name":"Good Dealers Meds","description":"All our best","publisher":{"@id":"https:\/\/gooddealersmeds.com\/es\/#organization"},"potentialAction":[{"@type":"SearchAction","target":{"@type":"EntryPoint","urlTemplate":"https:\/\/gooddealersmeds.com\/es\/?s={search_term_string}"},"query-input":{"@type":"PropertyValueSpecification","valueRequired":true,"valueName":"search_term_string"}}],"inLanguage":"en-US"},{"@type":"Organization","@id":"https:\/\/gooddealersmeds.com\/es\/#organization","name":"Good Dealers Meds","url":"https:\/\/gooddealersmeds.com\/es\/","logo":{"@type":"ImageObject","inLanguage":"en-US","@id":"https:\/\/gooddealersmeds.com\/es\/#\/schema\/logo\/image\/","url":"https:\/\/gooddealersmeds.com\/es\/wp-content\/uploads\/sites\/4\/2022\/03\/gooddealersmeds__logo__20220317T222800Z.00.png","contentUrl":"https:\/\/gooddealersmeds.com\/es\/wp-content\/uploads\/sites\/4\/2022\/03\/gooddealersmeds__logo__20220317T222800Z.00.png","width":500,"height":325,"caption":"Good Dealers Meds"},"image":{"@id":"https:\/\/gooddealersmeds.com\/es\/#\/schema\/logo\/image\/"}}]}},"_links":{"self":[{"href":"https:\/\/gooddealersmeds.com\/es\/wp-json\/wp\/v2\/product\/1554","targetHints":{"allow":["GET"]}}],"collection":[{"href":"https:\/\/gooddealersmeds.com\/es\/wp-json\/wp\/v2\/product"}],"about":[{"href":"https:\/\/gooddealersmeds.com\/es\/wp-json\/wp\/v2\/types\/product"}],"replies":[{"embeddable":true,"href":"https:\/\/gooddealersmeds.com\/es\/wp-json\/wp\/v2\/comments?post=1554"}],"wp:featuredmedia":[{"embeddable":true,"href":"https:\/\/gooddealersmeds.com\/es\/wp-json\/wp\/v2\/media\/1562"}],"wp:attachment":[{"href":"https:\/\/gooddealersmeds.com\/es\/wp-json\/wp\/v2\/media?parent=1554"}],"wp:term":[{"taxonomy":"product_brand","embeddable":true,"href":"https:\/\/gooddealersmeds.com\/es\/wp-json\/wp\/v2\/product_brand?post=1554"},{"taxonomy":"product_cat","embeddable":true,"href":"https:\/\/gooddealersmeds.com\/es\/wp-json\/wp\/v2\/product_cat?post=1554"},{"taxonomy":"product_tag","embeddable":true,"href":"https:\/\/gooddealersmeds.com\/es\/wp-json\/wp\/v2\/product_tag?post=1554"}],"curies":[{"name":"wp","href":"https:\/\/api.w.org\/{rel}","templated":true}]}}