{"id":1544,"date":"2022-03-18T00:24:33","date_gmt":"2022-03-18T00:24:33","guid":{"rendered":"https:\/\/gooddealersmeds.com\/es\/?post_type=product&#038;p=1544"},"modified":"2023-01-02T17:33:21","modified_gmt":"2023-01-02T17:33:21","slug":"oxicontin","status":"publish","type":"product","link":"https:\/\/gooddealersmeds.com\/es\/product\/oxicontin\/","title":{"rendered":"Oxycontin a la venta"},"content":{"rendered":"<h2>Compre Oxycontin en l\u00ednea<\/h2>\n<p class=\"p1\">&#8220;Comprar Oxycontin en l\u00ednea&#8221;, este medicamento se usa para ayudar a aliviar el dolor continuo intenso (como como debido al c\u00e1ncer). La oxicodona pertenece a una clase de medicamentos conocidos como analg\u00e9sicos opioides. Funciona en el cerebro para cambiar la forma en que su cuerpo se siente y responde al dolor. <a href=\"https:\/\/gooddealersmeds.com\/es\/product\/oxycontin\/\">Comprar Oxycontin<\/a> online, comprar oxy online sin receta<\/p>\n<p class=\"p1\">Las mayores fortalezas de este medicamento (m\u00e1s de 40 miligramos por tableta) debe usarse solo si ha estado tomando regularmente cantidades moderadas a grandes de analg\u00e9sicos opioides. Estas concentraciones pueden causar una sobredosis (incluso la muerte) si las toma una persona que no ha estado tomando opioides con regularidad.<\/p>\n<p class=\"p1\">No use la forma de liberaci\u00f3n prolongada de oxicodona para aliviar el dolor leve o eso desaparecer\u00e1 en unos d\u00edas. Este medicamento no es para uso ocasional (&#8220;seg\u00fan sea necesario&#8221;).<\/p>\n<p class=\"p1\">Este medicamento se usa para ayudar a aliviar el dolor continuo intenso (como el causado por el c\u00e1ncer). La oxicodona pertenece a una clase de medicamentos conocidos como analg\u00e9sicos opioides. Funciona en el cerebro para cambiar la forma en que su cuerpo se siente y responde al dolor.<\/p>\n<p class=\"p1\">No use la forma de liberaci\u00f3n prolongada de oxicodona para aliviar el dolor leve o que desaparecer\u00e1 en unos pocos d\u00edas. Este medicamento no es para uso ocasional (&#8220;seg\u00fan sea necesario&#8221;). Comprar Oxycontin en l\u00ednea<\/p>\n<h3 class=\"p1\"><strong>Uso indebido, abuso y desviaci\u00f3n de opioides<\/strong><\/h3>\n<p class=\" p1\">Oxicodona es un agonista opioide del tipo morfina. Tales drogas son buscadas por drogadictos y personas con trastornos de adicci\u00f3n y est\u00e1n sujetas a desv\u00edo criminal. <span style=\"color: #000000\"><a style=\"color: #000000\" href=\"https:\/\/gooddealersmeds.com\/es\/products\/\">Se puede abusar de la oxicodona<\/a><\/span> de manera similar a otros agonistas opioides, legales o il\u00edcitos. Esto debe tenerse en cuenta al recetar o dispensar OxyContin en situaciones en las que el m\u00e9dico o el farmac\u00e9utico est\u00e9n preocupados por un mayor riesgo de mal uso, abuso o desviaci\u00f3n. Se ha informado que se abusa de OxyContin triturando, masticando, inhalando o inyectando el producto disuelto.<\/p>\n<h3 class=\"p1\"><strong>PRECAUCIONES<\/strong><\/h3>\n<p class=\"p1 \">Los analg\u00e9sicos opioides tienen un \u00edndice terap\u00e9utico estrecho en ciertas poblaciones de pacientes, especialmente cuando se combinan con f\u00e1rmacos depresores del SNC, y deben reservarse para casos en los que los beneficios de la analgesia opioide superan los riesgos conocidos de depresi\u00f3n respiratoria, estado mental alterado e hipotensi\u00f3n postural. El uso de Oxycontin est\u00e1 asociado con mayores riesgos potenciales y debe usarse solo con precauci\u00f3n en las siguientes condiciones: alcoholismo agudo; insuficiencia adrenocortical (p. ej., enfermedad de Addison); depresi\u00f3n o coma del SNC; Delirium tremens; pacientes debilitados; cifoescoliosis asociada con depresi\u00f3n respiratoria; mixedema o hipotiroidismo; hipertrofia prost\u00e1tica o estenosis uretral; deterioro grave de la funci\u00f3n hep\u00e1tica, pulmonar o renal; y psicosis t\u00f3xica. La administraci\u00f3n de oxicodona puede oscurecer el diagn\u00f3stico o el curso cl\u00ednico en pacientes con <span style=\"color: #333333\"><a style=\"color: #333333\" href=\"https:\/\/www.mountsinai.org\/health -library\/symptoms\/abdominal-dolor\">condiciones abdominales<\/a><\/span>. La oxicodona puede agravar las convulsiones en pacientes con trastornos convulsivos y todos los opioides pueden inducir o agravar las convulsiones en algunos entornos cl\u00ednicos.<\/p>\n","protected":false},"excerpt":{"rendered":"<p>Oxycontin 40 mg es un analg\u00e9sico. Se utiliza para tratar el dolor constante que dura m\u00e1s de unos pocos d\u00edas. Lo utilizan personas que han estado tomando analg\u00e9sicos opi\u00e1ceos o narc\u00f3ticos<\/p>\n","protected":false},"featured_media":1553,"comment_status":"open","ping_status":"closed","template":"","meta":{"inline_featured_image":false},"product_brand":[],"product_cat":[347],"product_tag":[86,88,85,89,87,90,91,92],"class_list":{"0":"post-1544","1":"product","2":"type-product","3":"status-publish","4":"has-post-thumbnail","6":"product_cat-opioide-analgsico","7":"product_tag-comprar-online-oxycontin","8":"product_tag-comprar-oxycontin-online-farmacia","9":"product_tag-comprar-legal-oxycontin-online","10":"product_tag-comprar-oxycontin-online-es","11":"product_tag-comprar-oxycontin-en-linea-sin-receta","12":"product_tag-oxycontin-en-venta-australia","13":"product_tag-oxycontin-pastillas-para-la-venta","14":"product_tag-oxycontin-tabletas-para-la-venta","15":"pa_pills-100-pills","16":"pa_pills-1000-pills","17":"pa_pills-30-pills","18":"pa_pills-300-pills","19":"pa_pills-50-pills","20":"pa_pills-500-pills","22":"first","23":"instock","24":"featured","25":"shipping-taxable","26":"purchasable","27":"product-type-variable","28":"has-default-attributes"},"yoast_head":"<!-- This site is optimized with the Yoast SEO Premium plugin v20.6 (Yoast SEO v27.3) - https:\/\/yoast.com\/product\/yoast-seo-premium-wordpress\/ -->\n<title>Comprar Oxycontin en l\u00ednea | Comprar Oxy en l\u00ednea sin receta<\/title>\n<meta name=\"description\" content=\"Oxycontin se usa para ayudar a aliviar el dolor intenso. Influye en el cerebro para permitir que el cuerpo resista el dolor. Comprar Oxycontin en l\u00ednea, compre oxy en l\u00ednea.\" \/>\n<meta name=\"robots\" content=\"index, follow, max-snippet:-1, max-image-preview:large, max-video-preview:-1\" \/>\n<link rel=\"canonical\" href=\"https:\/\/gooddealersmeds.com\/es\/product\/oxicontin\/\" \/>\n<meta property=\"og:locale\" content=\"en_US\" \/>\n<meta property=\"og:type\" content=\"article\" \/>\n<meta property=\"og:title\" content=\"Oxycontin a la venta\" \/>\n<meta property=\"og:description\" content=\"Oxycontin se usa para ayudar a aliviar el dolor intenso. Influye en el cerebro para permitir que el cuerpo resista el dolor. Comprar Oxycontin en l\u00ednea, compre oxy en l\u00ednea.\" \/>\n<meta property=\"og:url\" content=\"https:\/\/gooddealersmeds.com\/es\/product\/oxicontin\/\" \/>\n<meta property=\"og:site_name\" content=\"Good Dealers Meds\" \/>\n<meta property=\"article:modified_time\" content=\"2023-01-02T17:33:21+00:00\" \/>\n<meta property=\"og:image\" content=\"https:\/\/gooddealersmeds.com\/es\/wp-content\/uploads\/sites\/4\/2022\/03\/Buy-Oxycontin-online-one.jpg\" \/>\n\t<meta property=\"og:image:width\" content=\"600\" \/>\n\t<meta property=\"og:image:height\" content=\"450\" \/>\n\t<meta property=\"og:image:type\" content=\"image\/jpeg\" \/>\n<meta name=\"twitter:card\" content=\"summary_large_image\" \/>\n<meta name=\"twitter:label1\" content=\"Est. reading time\" \/>\n\t<meta name=\"twitter:data1\" content=\"3 minutes\" \/>\n<script type=\"application\/ld+json\" class=\"yoast-schema-graph\">{\"@context\":\"https:\\\/\\\/schema.org\",\"@graph\":[{\"@type\":\"WebPage\",\"@id\":\"https:\\\/\\\/gooddealersmeds.com\\\/es\\\/product\\\/oxicontin\\\/\",\"url\":\"https:\\\/\\\/gooddealersmeds.com\\\/es\\\/product\\\/oxicontin\\\/\",\"name\":\"Comprar Oxycontin en l\u00ednea | Comprar Oxy en l\u00ednea sin receta\",\"isPartOf\":{\"@id\":\"https:\\\/\\\/gooddealersmeds.com\\\/es\\\/#website\"},\"primaryImageOfPage\":{\"@id\":\"https:\\\/\\\/gooddealersmeds.com\\\/es\\\/product\\\/oxicontin\\\/#primaryimage\"},\"image\":{\"@id\":\"https:\\\/\\\/gooddealersmeds.com\\\/es\\\/product\\\/oxicontin\\\/#primaryimage\"},\"thumbnailUrl\":\"https:\\\/\\\/gooddealersmeds.com\\\/es\\\/wp-content\\\/uploads\\\/sites\\\/4\\\/2022\\\/03\\\/Buy-Oxycontin-online-one.jpg\",\"datePublished\":\"2022-03-18T00:24:33+00:00\",\"dateModified\":\"2023-01-02T17:33:21+00:00\",\"description\":\"Oxycontin se usa para ayudar a aliviar el dolor intenso. Influye en el cerebro para permitir que el cuerpo resista el dolor. Comprar Oxycontin en l\u00ednea, compre oxy en l\u00ednea.\",\"breadcrumb\":{\"@id\":\"https:\\\/\\\/gooddealersmeds.com\\\/es\\\/product\\\/oxicontin\\\/#breadcrumb\"},\"inLanguage\":\"en-US\",\"potentialAction\":[{\"@type\":\"ReadAction\",\"target\":[\"https:\\\/\\\/gooddealersmeds.com\\\/es\\\/product\\\/oxicontin\\\/\"]}]},{\"@type\":\"ImageObject\",\"inLanguage\":\"en-US\",\"@id\":\"https:\\\/\\\/gooddealersmeds.com\\\/es\\\/product\\\/oxicontin\\\/#primaryimage\",\"url\":\"https:\\\/\\\/gooddealersmeds.com\\\/es\\\/wp-content\\\/uploads\\\/sites\\\/4\\\/2022\\\/03\\\/Buy-Oxycontin-online-one.jpg\",\"contentUrl\":\"https:\\\/\\\/gooddealersmeds.com\\\/es\\\/wp-content\\\/uploads\\\/sites\\\/4\\\/2022\\\/03\\\/Buy-Oxycontin-online-one.jpg\",\"width\":600,\"height\":450,\"caption\":\"Buy Oxycontin Online\"},{\"@type\":\"BreadcrumbList\",\"@id\":\"https:\\\/\\\/gooddealersmeds.com\\\/es\\\/product\\\/oxicontin\\\/#breadcrumb\",\"itemListElement\":[{\"@type\":\"ListItem\",\"position\":1,\"name\":\"Home\",\"item\":\"https:\\\/\\\/gooddealersmeds.com\\\/es\\\/\"},{\"@type\":\"ListItem\",\"position\":2,\"name\":\"Productos\",\"item\":\"https:\\\/\\\/gooddealersmeds.com\\\/es\\\/productos\\\/\"},{\"@type\":\"ListItem\",\"position\":3,\"name\":\"Oxycontin a la venta\"}]},{\"@type\":\"WebSite\",\"@id\":\"https:\\\/\\\/gooddealersmeds.com\\\/es\\\/#website\",\"url\":\"https:\\\/\\\/gooddealersmeds.com\\\/es\\\/\",\"name\":\"Good Dealers Meds\",\"description\":\"All our best\",\"publisher\":{\"@id\":\"https:\\\/\\\/gooddealersmeds.com\\\/es\\\/#organization\"},\"potentialAction\":[{\"@type\":\"SearchAction\",\"target\":{\"@type\":\"EntryPoint\",\"urlTemplate\":\"https:\\\/\\\/gooddealersmeds.com\\\/es\\\/?s={search_term_string}\"},\"query-input\":{\"@type\":\"PropertyValueSpecification\",\"valueRequired\":true,\"valueName\":\"search_term_string\"}}],\"inLanguage\":\"en-US\"},{\"@type\":\"Organization\",\"@id\":\"https:\\\/\\\/gooddealersmeds.com\\\/es\\\/#organization\",\"name\":\"Good Dealers Meds\",\"url\":\"https:\\\/\\\/gooddealersmeds.com\\\/es\\\/\",\"logo\":{\"@type\":\"ImageObject\",\"inLanguage\":\"en-US\",\"@id\":\"https:\\\/\\\/gooddealersmeds.com\\\/es\\\/#\\\/schema\\\/logo\\\/image\\\/\",\"url\":\"https:\\\/\\\/gooddealersmeds.com\\\/es\\\/wp-content\\\/uploads\\\/sites\\\/4\\\/2022\\\/03\\\/gooddealersmeds__logo__20220317T222800Z.00.png\",\"contentUrl\":\"https:\\\/\\\/gooddealersmeds.com\\\/es\\\/wp-content\\\/uploads\\\/sites\\\/4\\\/2022\\\/03\\\/gooddealersmeds__logo__20220317T222800Z.00.png\",\"width\":500,\"height\":325,\"caption\":\"Good Dealers Meds\"},\"image\":{\"@id\":\"https:\\\/\\\/gooddealersmeds.com\\\/es\\\/#\\\/schema\\\/logo\\\/image\\\/\"}}]}<\/script>\n<!-- \/ Yoast SEO Premium plugin. -->","yoast_head_json":{"title":"Comprar Oxycontin en l\u00ednea | Comprar Oxy en l\u00ednea sin receta","description":"Oxycontin se usa para ayudar a aliviar el dolor intenso. Influye en el cerebro para permitir que el cuerpo resista el dolor. Comprar Oxycontin en l\u00ednea, compre oxy en l\u00ednea.","robots":{"index":"index","follow":"follow","max-snippet":"max-snippet:-1","max-image-preview":"max-image-preview:large","max-video-preview":"max-video-preview:-1"},"canonical":"https:\/\/gooddealersmeds.com\/es\/product\/oxicontin\/","og_locale":"en_US","og_type":"article","og_title":"Oxycontin a la venta","og_description":"Oxycontin se usa para ayudar a aliviar el dolor intenso. Influye en el cerebro para permitir que el cuerpo resista el dolor. Comprar Oxycontin en l\u00ednea, compre oxy en l\u00ednea.","og_url":"https:\/\/gooddealersmeds.com\/es\/product\/oxicontin\/","og_site_name":"Good Dealers Meds","article_modified_time":"2023-01-02T17:33:21+00:00","og_image":[{"width":600,"height":450,"url":"https:\/\/gooddealersmeds.com\/es\/wp-content\/uploads\/sites\/4\/2022\/03\/Buy-Oxycontin-online-one.jpg","type":"image\/jpeg"}],"twitter_card":"summary_large_image","twitter_misc":{"Est. reading time":"3 minutes"},"schema":{"@context":"https:\/\/schema.org","@graph":[{"@type":"WebPage","@id":"https:\/\/gooddealersmeds.com\/es\/product\/oxicontin\/","url":"https:\/\/gooddealersmeds.com\/es\/product\/oxicontin\/","name":"Comprar Oxycontin en l\u00ednea | Comprar Oxy en l\u00ednea sin receta","isPartOf":{"@id":"https:\/\/gooddealersmeds.com\/es\/#website"},"primaryImageOfPage":{"@id":"https:\/\/gooddealersmeds.com\/es\/product\/oxicontin\/#primaryimage"},"image":{"@id":"https:\/\/gooddealersmeds.com\/es\/product\/oxicontin\/#primaryimage"},"thumbnailUrl":"https:\/\/gooddealersmeds.com\/es\/wp-content\/uploads\/sites\/4\/2022\/03\/Buy-Oxycontin-online-one.jpg","datePublished":"2022-03-18T00:24:33+00:00","dateModified":"2023-01-02T17:33:21+00:00","description":"Oxycontin se usa para ayudar a aliviar el dolor intenso. Influye en el cerebro para permitir que el cuerpo resista el dolor. Comprar Oxycontin en l\u00ednea, compre oxy en l\u00ednea.","breadcrumb":{"@id":"https:\/\/gooddealersmeds.com\/es\/product\/oxicontin\/#breadcrumb"},"inLanguage":"en-US","potentialAction":[{"@type":"ReadAction","target":["https:\/\/gooddealersmeds.com\/es\/product\/oxicontin\/"]}]},{"@type":"ImageObject","inLanguage":"en-US","@id":"https:\/\/gooddealersmeds.com\/es\/product\/oxicontin\/#primaryimage","url":"https:\/\/gooddealersmeds.com\/es\/wp-content\/uploads\/sites\/4\/2022\/03\/Buy-Oxycontin-online-one.jpg","contentUrl":"https:\/\/gooddealersmeds.com\/es\/wp-content\/uploads\/sites\/4\/2022\/03\/Buy-Oxycontin-online-one.jpg","width":600,"height":450,"caption":"Buy Oxycontin Online"},{"@type":"BreadcrumbList","@id":"https:\/\/gooddealersmeds.com\/es\/product\/oxicontin\/#breadcrumb","itemListElement":[{"@type":"ListItem","position":1,"name":"Home","item":"https:\/\/gooddealersmeds.com\/es\/"},{"@type":"ListItem","position":2,"name":"Productos","item":"https:\/\/gooddealersmeds.com\/es\/productos\/"},{"@type":"ListItem","position":3,"name":"Oxycontin a la venta"}]},{"@type":"WebSite","@id":"https:\/\/gooddealersmeds.com\/es\/#website","url":"https:\/\/gooddealersmeds.com\/es\/","name":"Good Dealers Meds","description":"All our best","publisher":{"@id":"https:\/\/gooddealersmeds.com\/es\/#organization"},"potentialAction":[{"@type":"SearchAction","target":{"@type":"EntryPoint","urlTemplate":"https:\/\/gooddealersmeds.com\/es\/?s={search_term_string}"},"query-input":{"@type":"PropertyValueSpecification","valueRequired":true,"valueName":"search_term_string"}}],"inLanguage":"en-US"},{"@type":"Organization","@id":"https:\/\/gooddealersmeds.com\/es\/#organization","name":"Good Dealers Meds","url":"https:\/\/gooddealersmeds.com\/es\/","logo":{"@type":"ImageObject","inLanguage":"en-US","@id":"https:\/\/gooddealersmeds.com\/es\/#\/schema\/logo\/image\/","url":"https:\/\/gooddealersmeds.com\/es\/wp-content\/uploads\/sites\/4\/2022\/03\/gooddealersmeds__logo__20220317T222800Z.00.png","contentUrl":"https:\/\/gooddealersmeds.com\/es\/wp-content\/uploads\/sites\/4\/2022\/03\/gooddealersmeds__logo__20220317T222800Z.00.png","width":500,"height":325,"caption":"Good Dealers Meds"},"image":{"@id":"https:\/\/gooddealersmeds.com\/es\/#\/schema\/logo\/image\/"}}]}},"_links":{"self":[{"href":"https:\/\/gooddealersmeds.com\/es\/wp-json\/wp\/v2\/product\/1544","targetHints":{"allow":["GET"]}}],"collection":[{"href":"https:\/\/gooddealersmeds.com\/es\/wp-json\/wp\/v2\/product"}],"about":[{"href":"https:\/\/gooddealersmeds.com\/es\/wp-json\/wp\/v2\/types\/product"}],"replies":[{"embeddable":true,"href":"https:\/\/gooddealersmeds.com\/es\/wp-json\/wp\/v2\/comments?post=1544"}],"wp:featuredmedia":[{"embeddable":true,"href":"https:\/\/gooddealersmeds.com\/es\/wp-json\/wp\/v2\/media\/1553"}],"wp:attachment":[{"href":"https:\/\/gooddealersmeds.com\/es\/wp-json\/wp\/v2\/media?parent=1544"}],"wp:term":[{"taxonomy":"product_brand","embeddable":true,"href":"https:\/\/gooddealersmeds.com\/es\/wp-json\/wp\/v2\/product_brand?post=1544"},{"taxonomy":"product_cat","embeddable":true,"href":"https:\/\/gooddealersmeds.com\/es\/wp-json\/wp\/v2\/product_cat?post=1544"},{"taxonomy":"product_tag","embeddable":true,"href":"https:\/\/gooddealersmeds.com\/es\/wp-json\/wp\/v2\/product_tag?post=1544"}],"curies":[{"name":"wp","href":"https:\/\/api.w.org\/{rel}","templated":true}]}}