{"id":1524,"date":"2022-03-17T23:13:27","date_gmt":"2022-03-17T23:13:27","guid":{"rendered":"https:\/\/gooddealersmeds.com\/es\/?post_type=product&#038;p=1524"},"modified":"2023-01-01T04:08:24","modified_gmt":"2023-01-01T04:08:24","slug":"comprar-adderall-online","status":"publish","type":"product","link":"https:\/\/gooddealersmeds.com\/es\/product\/comprar-adderall-online\/","title":{"rendered":"Comprar Adderall en l\u00ednea"},"content":{"rendered":"<h2>Comprar Adderall en l\u00ednea de primera categor\u00eda<\/h2>\n<p>La mayor\u00eda de los clientes que buscan un suministro de Adderall gen\u00e9rico para 30 d\u00edas prefieren adquirir y renovar su receta de una fuente confiable. Nuestro objetivo es proporcionar un lugar donde los pacientes puedan obtener sus recetas independientemente de su cobertura de seguro o situaci\u00f3n financiera. \u00a1Con nuestra ayuda, puede comprar f\u00e1cilmente Adderall en l\u00ednea y administrar sus recetas!<\/p>\n<p>El Adderall gen\u00e9rico (dextroanfetamina\/anfetamina) es una mezcla de dos medicamentos estimulantes del sistema nervioso central que se usan para tratar el trastorno por d\u00e9ficit de atenci\u00f3n con hiperactividad: TDAH. Funciona al aumentar la norepinefrina y la dopamina, dos sustancias qu\u00edmicas naturales en el cerebro que estimulan la actividad cerebral y pueden ayudarlo a prestar atenci\u00f3n, concentrarse en una tarea y controlar los problemas de comportamiento. Funciona cambiando las cantidades de ciertas mol\u00e9culas qu\u00edmicas en el cerebro.<\/p>\n<p>La anfetamina\/dextroanfetamina pertenece a la clase de drogas estimulantes. Tambi\u00e9n puede ayudar con la organizaci\u00f3n del trabajo y el desarrollo de habilidades para escuchar. Este medicamento tambi\u00e9n se usa para tratar un trastorno del sue\u00f1o espec\u00edfico conocido como narcolepsia para ayudarlo a mantenerse despierto durante el d\u00eda. No debe usarse para tratar el cansancio o para posponer el acostarse en personas que no tienen problemas para dormir. Comprar Adderall en l\u00ednea<\/p>\n<p><strong>\u00bfPor qu\u00e9 deber\u00eda pedirnos Adderall?<\/strong><\/p>\n<p>La dosificaci\u00f3n depender\u00e1 de su afecci\u00f3n m\u00e9dica y de su respuesta al tratamiento. Para obtener los mayores beneficios de este medicamento, t\u00f3melo con frecuencia. T\u00f3melo a la misma hora todos los d\u00edas para ayudar en la memoria. Los qu\u00edmicos inactivos en este producto pueden causar reacciones al\u00e9rgicas u otras complicaciones.<\/p>\n<p>Con la farmacia en l\u00ednea adecuada, puede encontrar recargas para su <a href=\"https:\/\/gooddealersmeds.com\/es\/product\/buy -adderall-online\/\">Adderall<\/a> receta a precios razonables. Queremos romper las barreras entre los pacientes y los medicamentos que necesitan para vivir sus vidas con efectos secundarios m\u00ednimos. Al obtener un suministro de Adderall gen\u00e9rico con nosotros, obtiene acceso a la forma m\u00e1s econ\u00f3mica de obtener sus medicamentos para el TDAH.<\/p>\n<p>Puede comprar Adderall en l\u00ednea en nuestro <a href=\"https:\/\/gooddealersmeds.com \/es\/products\/\">tienda<\/a> con env\u00edo seguro a toda Europa.<\/p>\n","protected":false},"excerpt":{"rendered":"<p>El TDAH y la narcolepsia son dos trastornos principales que podr\u00edan devastar la vida com\u00fan de las personas en todo el mundo. El TDAH en general es un trastorno de hipersensibilidad por d\u00e9ficit de atenci\u00f3n, en el que la mayor\u00eda de las personas no pueden prestar atenci\u00f3n o concentrarse en ciertas tareas y cosas de la vida. Esto se debe al desequilibrio en las sustancias qu\u00edmicas del cerebro que conduce a la falta de atenci\u00f3n. Uno puede hacer uso de medicamentos Adderall para tratar el problema de la falta de atenci\u00f3n, la narcolepsia y la hiperactividad. La sensaci\u00f3n de distracci\u00f3n es muy com\u00fan en los trastornos de TDAH y en la narcolepsia; la gente tiende a dormir incluso durante las horas impares del tiempo. Dicho todo esto, Adderall puede convertirse en un h\u00e1bito si se usa incorrectamente sin la consulta adecuada de un m\u00e9dico. Adem\u00e1s, aseg\u00farese de no proporcionar Adderall 30 mg a extra\u00f1os desconocidos o amigos con antecedentes de adicci\u00f3n y abuso de drogas.<\/p>\n","protected":false},"featured_media":1532,"comment_status":"open","ping_status":"closed","template":"","meta":{"inline_featured_image":false},"product_brand":[],"product_cat":[346],"product_tag":[],"class_list":{"0":"post-1524","1":"product","2":"type-product","3":"status-publish","4":"has-post-thumbnail","6":"product_cat-estimulantes","7":"pa_pills-100-pills","8":"pa_pills-1000-pills","9":"pa_pills-30-pills","10":"pa_pills-300-pills","11":"pa_pills-50-pills","12":"pa_pills-500-pills","14":"first","15":"instock","16":"featured","17":"shipping-taxable","18":"purchasable","19":"product-type-variable","20":"has-default-attributes"},"yoast_head":"<!-- This site is optimized with the Yoast SEO Premium plugin v20.6 (Yoast SEO v27.3) - https:\/\/yoast.com\/product\/yoast-seo-premium-wordpress\/ -->\n<title>Comprar Adderall en l\u00ednea | Adderall barato para la venta 30mg<\/title>\n<meta name=\"description\" content=\"Comprar Adderall en l\u00ednea de 30 mg sin receta a un precio econ\u00f3mico de Good Dealers Meds para el tratamiento del TDAH y la narcolepsia.\" \/>\n<meta name=\"robots\" content=\"index, follow, max-snippet:-1, max-image-preview:large, max-video-preview:-1\" \/>\n<link rel=\"canonical\" href=\"https:\/\/gooddealersmeds.com\/es\/product\/comprar-adderall-online\/\" \/>\n<meta property=\"og:locale\" content=\"en_US\" \/>\n<meta property=\"og:type\" content=\"article\" \/>\n<meta property=\"og:title\" content=\"Comprar Adderall en l\u00ednea\" \/>\n<meta property=\"og:description\" content=\"Comprar Adderall en l\u00ednea de 30 mg sin receta a un precio econ\u00f3mico de Good Dealers Meds para el tratamiento del TDAH y la narcolepsia.\" \/>\n<meta property=\"og:url\" content=\"https:\/\/gooddealersmeds.com\/es\/product\/comprar-adderall-online\/\" \/>\n<meta property=\"og:site_name\" content=\"Good Dealers Meds\" \/>\n<meta property=\"article:modified_time\" content=\"2023-01-01T04:08:24+00:00\" \/>\n<meta property=\"og:image\" content=\"https:\/\/gooddealersmeds.com\/es\/wp-content\/uploads\/sites\/4\/2022\/03\/buy-adderall-online1.jpg\" \/>\n\t<meta property=\"og:image:width\" content=\"300\" \/>\n\t<meta property=\"og:image:height\" content=\"300\" \/>\n\t<meta property=\"og:image:type\" content=\"image\/jpeg\" \/>\n<meta name=\"twitter:card\" content=\"summary_large_image\" \/>\n<meta name=\"twitter:label1\" content=\"Est. reading time\" \/>\n\t<meta name=\"twitter:data1\" content=\"2 minutes\" \/>\n<script type=\"application\/ld+json\" class=\"yoast-schema-graph\">{\"@context\":\"https:\\\/\\\/schema.org\",\"@graph\":[{\"@type\":\"WebPage\",\"@id\":\"https:\\\/\\\/gooddealersmeds.com\\\/es\\\/product\\\/comprar-adderall-online\\\/\",\"url\":\"https:\\\/\\\/gooddealersmeds.com\\\/es\\\/product\\\/comprar-adderall-online\\\/\",\"name\":\"Comprar Adderall en l\u00ednea | Adderall barato para la venta 30mg\",\"isPartOf\":{\"@id\":\"https:\\\/\\\/gooddealersmeds.com\\\/es\\\/#website\"},\"primaryImageOfPage\":{\"@id\":\"https:\\\/\\\/gooddealersmeds.com\\\/es\\\/product\\\/comprar-adderall-online\\\/#primaryimage\"},\"image\":{\"@id\":\"https:\\\/\\\/gooddealersmeds.com\\\/es\\\/product\\\/comprar-adderall-online\\\/#primaryimage\"},\"thumbnailUrl\":\"https:\\\/\\\/gooddealersmeds.com\\\/es\\\/wp-content\\\/uploads\\\/sites\\\/4\\\/2022\\\/03\\\/buy-adderall-online1.jpg\",\"datePublished\":\"2022-03-17T23:13:27+00:00\",\"dateModified\":\"2023-01-01T04:08:24+00:00\",\"description\":\"Comprar Adderall en l\u00ednea de 30 mg sin receta a un precio econ\u00f3mico de Good Dealers Meds para el tratamiento del TDAH y la narcolepsia.\",\"breadcrumb\":{\"@id\":\"https:\\\/\\\/gooddealersmeds.com\\\/es\\\/product\\\/comprar-adderall-online\\\/#breadcrumb\"},\"inLanguage\":\"en-US\",\"potentialAction\":[{\"@type\":\"ReadAction\",\"target\":[\"https:\\\/\\\/gooddealersmeds.com\\\/es\\\/product\\\/comprar-adderall-online\\\/\"]}]},{\"@type\":\"ImageObject\",\"inLanguage\":\"en-US\",\"@id\":\"https:\\\/\\\/gooddealersmeds.com\\\/es\\\/product\\\/comprar-adderall-online\\\/#primaryimage\",\"url\":\"https:\\\/\\\/gooddealersmeds.com\\\/es\\\/wp-content\\\/uploads\\\/sites\\\/4\\\/2022\\\/03\\\/buy-adderall-online1.jpg\",\"contentUrl\":\"https:\\\/\\\/gooddealersmeds.com\\\/es\\\/wp-content\\\/uploads\\\/sites\\\/4\\\/2022\\\/03\\\/buy-adderall-online1.jpg\",\"width\":300,\"height\":300,\"caption\":\"Buy Adderall Online\"},{\"@type\":\"BreadcrumbList\",\"@id\":\"https:\\\/\\\/gooddealersmeds.com\\\/es\\\/product\\\/comprar-adderall-online\\\/#breadcrumb\",\"itemListElement\":[{\"@type\":\"ListItem\",\"position\":1,\"name\":\"Home\",\"item\":\"https:\\\/\\\/gooddealersmeds.com\\\/es\\\/\"},{\"@type\":\"ListItem\",\"position\":2,\"name\":\"Productos\",\"item\":\"https:\\\/\\\/gooddealersmeds.com\\\/es\\\/productos\\\/\"},{\"@type\":\"ListItem\",\"position\":3,\"name\":\"Comprar Adderall en l\u00ednea\"}]},{\"@type\":\"WebSite\",\"@id\":\"https:\\\/\\\/gooddealersmeds.com\\\/es\\\/#website\",\"url\":\"https:\\\/\\\/gooddealersmeds.com\\\/es\\\/\",\"name\":\"Good Dealers Meds\",\"description\":\"All our best\",\"publisher\":{\"@id\":\"https:\\\/\\\/gooddealersmeds.com\\\/es\\\/#organization\"},\"potentialAction\":[{\"@type\":\"SearchAction\",\"target\":{\"@type\":\"EntryPoint\",\"urlTemplate\":\"https:\\\/\\\/gooddealersmeds.com\\\/es\\\/?s={search_term_string}\"},\"query-input\":{\"@type\":\"PropertyValueSpecification\",\"valueRequired\":true,\"valueName\":\"search_term_string\"}}],\"inLanguage\":\"en-US\"},{\"@type\":\"Organization\",\"@id\":\"https:\\\/\\\/gooddealersmeds.com\\\/es\\\/#organization\",\"name\":\"Good Dealers Meds\",\"url\":\"https:\\\/\\\/gooddealersmeds.com\\\/es\\\/\",\"logo\":{\"@type\":\"ImageObject\",\"inLanguage\":\"en-US\",\"@id\":\"https:\\\/\\\/gooddealersmeds.com\\\/es\\\/#\\\/schema\\\/logo\\\/image\\\/\",\"url\":\"https:\\\/\\\/gooddealersmeds.com\\\/es\\\/wp-content\\\/uploads\\\/sites\\\/4\\\/2022\\\/03\\\/gooddealersmeds__logo__20220317T222800Z.00.png\",\"contentUrl\":\"https:\\\/\\\/gooddealersmeds.com\\\/es\\\/wp-content\\\/uploads\\\/sites\\\/4\\\/2022\\\/03\\\/gooddealersmeds__logo__20220317T222800Z.00.png\",\"width\":500,\"height\":325,\"caption\":\"Good Dealers Meds\"},\"image\":{\"@id\":\"https:\\\/\\\/gooddealersmeds.com\\\/es\\\/#\\\/schema\\\/logo\\\/image\\\/\"}}]}<\/script>\n<!-- \/ Yoast SEO Premium plugin. -->","yoast_head_json":{"title":"Comprar Adderall en l\u00ednea | Adderall barato para la venta 30mg","description":"Comprar Adderall en l\u00ednea de 30 mg sin receta a un precio econ\u00f3mico de Good Dealers Meds para el tratamiento del TDAH y la narcolepsia.","robots":{"index":"index","follow":"follow","max-snippet":"max-snippet:-1","max-image-preview":"max-image-preview:large","max-video-preview":"max-video-preview:-1"},"canonical":"https:\/\/gooddealersmeds.com\/es\/product\/comprar-adderall-online\/","og_locale":"en_US","og_type":"article","og_title":"Comprar Adderall en l\u00ednea","og_description":"Comprar Adderall en l\u00ednea de 30 mg sin receta a un precio econ\u00f3mico de Good Dealers Meds para el tratamiento del TDAH y la narcolepsia.","og_url":"https:\/\/gooddealersmeds.com\/es\/product\/comprar-adderall-online\/","og_site_name":"Good Dealers Meds","article_modified_time":"2023-01-01T04:08:24+00:00","og_image":[{"width":300,"height":300,"url":"https:\/\/gooddealersmeds.com\/es\/wp-content\/uploads\/sites\/4\/2022\/03\/buy-adderall-online1.jpg","type":"image\/jpeg"}],"twitter_card":"summary_large_image","twitter_misc":{"Est. reading time":"2 minutes"},"schema":{"@context":"https:\/\/schema.org","@graph":[{"@type":"WebPage","@id":"https:\/\/gooddealersmeds.com\/es\/product\/comprar-adderall-online\/","url":"https:\/\/gooddealersmeds.com\/es\/product\/comprar-adderall-online\/","name":"Comprar Adderall en l\u00ednea | Adderall barato para la venta 30mg","isPartOf":{"@id":"https:\/\/gooddealersmeds.com\/es\/#website"},"primaryImageOfPage":{"@id":"https:\/\/gooddealersmeds.com\/es\/product\/comprar-adderall-online\/#primaryimage"},"image":{"@id":"https:\/\/gooddealersmeds.com\/es\/product\/comprar-adderall-online\/#primaryimage"},"thumbnailUrl":"https:\/\/gooddealersmeds.com\/es\/wp-content\/uploads\/sites\/4\/2022\/03\/buy-adderall-online1.jpg","datePublished":"2022-03-17T23:13:27+00:00","dateModified":"2023-01-01T04:08:24+00:00","description":"Comprar Adderall en l\u00ednea de 30 mg sin receta a un precio econ\u00f3mico de Good Dealers Meds para el tratamiento del TDAH y la narcolepsia.","breadcrumb":{"@id":"https:\/\/gooddealersmeds.com\/es\/product\/comprar-adderall-online\/#breadcrumb"},"inLanguage":"en-US","potentialAction":[{"@type":"ReadAction","target":["https:\/\/gooddealersmeds.com\/es\/product\/comprar-adderall-online\/"]}]},{"@type":"ImageObject","inLanguage":"en-US","@id":"https:\/\/gooddealersmeds.com\/es\/product\/comprar-adderall-online\/#primaryimage","url":"https:\/\/gooddealersmeds.com\/es\/wp-content\/uploads\/sites\/4\/2022\/03\/buy-adderall-online1.jpg","contentUrl":"https:\/\/gooddealersmeds.com\/es\/wp-content\/uploads\/sites\/4\/2022\/03\/buy-adderall-online1.jpg","width":300,"height":300,"caption":"Buy Adderall Online"},{"@type":"BreadcrumbList","@id":"https:\/\/gooddealersmeds.com\/es\/product\/comprar-adderall-online\/#breadcrumb","itemListElement":[{"@type":"ListItem","position":1,"name":"Home","item":"https:\/\/gooddealersmeds.com\/es\/"},{"@type":"ListItem","position":2,"name":"Productos","item":"https:\/\/gooddealersmeds.com\/es\/productos\/"},{"@type":"ListItem","position":3,"name":"Comprar Adderall en l\u00ednea"}]},{"@type":"WebSite","@id":"https:\/\/gooddealersmeds.com\/es\/#website","url":"https:\/\/gooddealersmeds.com\/es\/","name":"Good Dealers Meds","description":"All our best","publisher":{"@id":"https:\/\/gooddealersmeds.com\/es\/#organization"},"potentialAction":[{"@type":"SearchAction","target":{"@type":"EntryPoint","urlTemplate":"https:\/\/gooddealersmeds.com\/es\/?s={search_term_string}"},"query-input":{"@type":"PropertyValueSpecification","valueRequired":true,"valueName":"search_term_string"}}],"inLanguage":"en-US"},{"@type":"Organization","@id":"https:\/\/gooddealersmeds.com\/es\/#organization","name":"Good Dealers Meds","url":"https:\/\/gooddealersmeds.com\/es\/","logo":{"@type":"ImageObject","inLanguage":"en-US","@id":"https:\/\/gooddealersmeds.com\/es\/#\/schema\/logo\/image\/","url":"https:\/\/gooddealersmeds.com\/es\/wp-content\/uploads\/sites\/4\/2022\/03\/gooddealersmeds__logo__20220317T222800Z.00.png","contentUrl":"https:\/\/gooddealersmeds.com\/es\/wp-content\/uploads\/sites\/4\/2022\/03\/gooddealersmeds__logo__20220317T222800Z.00.png","width":500,"height":325,"caption":"Good Dealers Meds"},"image":{"@id":"https:\/\/gooddealersmeds.com\/es\/#\/schema\/logo\/image\/"}}]}},"_links":{"self":[{"href":"https:\/\/gooddealersmeds.com\/es\/wp-json\/wp\/v2\/product\/1524","targetHints":{"allow":["GET"]}}],"collection":[{"href":"https:\/\/gooddealersmeds.com\/es\/wp-json\/wp\/v2\/product"}],"about":[{"href":"https:\/\/gooddealersmeds.com\/es\/wp-json\/wp\/v2\/types\/product"}],"replies":[{"embeddable":true,"href":"https:\/\/gooddealersmeds.com\/es\/wp-json\/wp\/v2\/comments?post=1524"}],"wp:featuredmedia":[{"embeddable":true,"href":"https:\/\/gooddealersmeds.com\/es\/wp-json\/wp\/v2\/media\/1532"}],"wp:attachment":[{"href":"https:\/\/gooddealersmeds.com\/es\/wp-json\/wp\/v2\/media?parent=1524"}],"wp:term":[{"taxonomy":"product_brand","embeddable":true,"href":"https:\/\/gooddealersmeds.com\/es\/wp-json\/wp\/v2\/product_brand?post=1524"},{"taxonomy":"product_cat","embeddable":true,"href":"https:\/\/gooddealersmeds.com\/es\/wp-json\/wp\/v2\/product_cat?post=1524"},{"taxonomy":"product_tag","embeddable":true,"href":"https:\/\/gooddealersmeds.com\/es\/wp-json\/wp\/v2\/product_tag?post=1524"}],"curies":[{"name":"wp","href":"https:\/\/api.w.org\/{rel}","templated":true}]}}