{"id":2228,"date":"2023-01-08T18:56:19","date_gmt":"2023-01-08T18:56:19","guid":{"rendered":"https:\/\/gooddealersmeds.com\/de\/?post_type=product&#038;p=2228"},"modified":"2025-01-09T11:26:24","modified_gmt":"2025-01-09T11:26:24","slug":"kaufen-kaliumcyanid","status":"publish","type":"product","link":"https:\/\/gooddealersmeds.com\/de\/product\/kaufen-kaliumcyanid\/","title":{"rendered":"Kaufen Kaliumcyanid"},"content":{"rendered":"<h2><strong>Kaufen Sie Kaliumcyanid online<br \/>\n<\/strong><\/h2>\n<p>Kaliumcyanid ist ein hochgiftiges Salz von anorganischem Cyanid, das Menschen als Ersatz f\u00fcr das beliebtere Natriumcyanid verwenden k\u00f6nnen. Kaliumcyanid online kaufen = Seine chemische Formel ist <a href=\"https:\/\/en.wikipedia.org\/wiki\/Potassium_cyanide\">KCN<\/a>. Die Menschen nehmen haupts\u00e4chlich Kaliumcyanid in Tabletten- oder Pulverform ein. Wenn Sie von uns versenden, betr\u00e4gt die verf\u00fcgbare Dosierung 300 mg orale Pille und die Mindestbestellmenge f\u00fcr 100-Gramm-Pulverform, kaufen Sie legales Kaliumcyanid, kaufen Sie Kaliumcyanid in Kanada, kaufen Sie Kaliumcyanid in den USA, kaufen Sie Kaliumcyanid in Australien, kaufen Sie Kaliumcyanid, kaufen Sie Kalium Cyanid in Gro\u00dfbritannien, Kaliumcyanid in meiner N\u00e4he kaufen, Giftkaliumcyanid kaufen, Kaliumcyanid kaufen, Kaliumcyanid Gold kaufen, Kaliumcyanid Australien kaufen, Kaliumcyanid lose kaufen, wo kann ich Kaliumcyanid in London kaufen, Kaliumcyanid im Gro\u00dfhandel kaufen, wo <a href=\"https:\/\/gooddealersmeds.com\/de\/product\/kaufen-kaliumcyanid\/\">Kaliumcyanid<\/a> weltweit kaufen<\/p>\n<p>Beim Erhitzen von Kaliumcyanid wird Cyanwasserstoffgas freigesetzt, ein sehr t\u00f6dliches chemisches Erstickungsmittel, das die Sauerstoffverwertung des K\u00f6rpers beeintr\u00e4chtigt. Die Exposition gegen\u00fcber Kaliumcyanid kann sehr schnell t\u00f6dlich sein.<\/p>\n<p>Unser Labor produziert und vertreibt Kalium von bester Qualit\u00e4t, das eine farblose kristalline Verbindung ist. Unser Kaliumcyanid ist bei Schmuckh\u00e4ndlern f\u00fcr seine extremen und au\u00dfergew\u00f6hnlich hochwertigen chemischen Vergoldungs- und Poliereigenschaften bekannt. Unser Goldbergbau. organische Synthese. und Galvanikkunden haben nirgendwo hingeschaut, seit sie unser Kaliumcyanid getestet haben. Kaliumcyanid wird als Pulver oder zylindrische Tablette mit einem Gewicht von jeweils 100 Gramm angeboten. Es ist eine anorganische Verbindung mit der Formel KCN. Diese farblose kristalline Verbindung. sieht \u00e4hnlich aus wie Zucker. ist gut wasserl\u00f6slich. Das meiste KCN wird im Goldbergbau verwendet. organische Synthese. Selbstmord begehen und galvanisieren. Kalium-Cyanid online bestellen, Kaufen Sie Kaliumcyanid online<\/p>\n","protected":false},"excerpt":{"rendered":"<p>Kaufen Sie Kaliumcyanid online zu erschwinglichen Preisen und lassen Sie es sich direkt vor Ihre Haust\u00fcr liefern. Wir verschicken Weltweit. Kaliumcyanid zu verkaufen<\/p>\n","protected":false},"featured_media":2258,"comment_status":"open","ping_status":"closed","template":"","meta":{"inline_featured_image":false},"product_brand":[],"product_cat":[343],"product_tag":[],"class_list":{"0":"post-2228","1":"product","2":"type-product","3":"status-publish","4":"has-post-thumbnail","6":"product_cat-andere","8":"first","9":"instock","10":"shipping-taxable","11":"purchasable","12":"product-type-variable","13":"has-default-attributes"},"yoast_head":"<!-- This site is optimized with the Yoast SEO Premium plugin v20.6 (Yoast SEO v27.3) - https:\/\/yoast.com\/product\/yoast-seo-premium-wordpress\/ -->\n<title>Kaufen Sie Kaliumcyanid online | Kaliumcyanid zum Verkauf zu<\/title>\n<meta name=\"description\" content=\"Kaufen Sie Kaliumcyanid online zu erschwinglichen Preisen und lassen Sie es sich direkt vor Ihre Haust\u00fcr liefern. Wir verschicken Weltweit. Kaliumcyanid zu verkaufen\" \/>\n<meta name=\"robots\" content=\"index, follow, max-snippet:-1, max-image-preview:large, max-video-preview:-1\" \/>\n<link rel=\"canonical\" href=\"https:\/\/gooddealersmeds.com\/de\/product\/kaufen-kaliumcyanid\/\" \/>\n<meta property=\"og:locale\" content=\"en_US\" \/>\n<meta property=\"og:type\" content=\"article\" \/>\n<meta property=\"og:title\" content=\"Kaufen Kaliumcyanid\" \/>\n<meta property=\"og:description\" content=\"Kaufen Sie Kaliumcyanid online zu erschwinglichen Preisen und lassen Sie es sich direkt vor Ihre Haust\u00fcr liefern. Wir verschicken Weltweit. Kaliumcyanid zu verkaufen\" \/>\n<meta property=\"og:url\" content=\"https:\/\/gooddealersmeds.com\/de\/product\/kaufen-kaliumcyanid\/\" \/>\n<meta property=\"og:site_name\" content=\"Good Dealers Meds\" \/>\n<meta property=\"article:modified_time\" content=\"2025-01-09T11:26:24+00:00\" \/>\n<meta property=\"og:image\" content=\"https:\/\/gooddealersmeds.com\/de\/wp-content\/uploads\/sites\/3\/2023\/01\/potassium-cyanide.jpg\" \/>\n\t<meta property=\"og:image:width\" content=\"503\" \/>\n\t<meta property=\"og:image:height\" content=\"505\" \/>\n\t<meta property=\"og:image:type\" content=\"image\/jpeg\" \/>\n<meta name=\"twitter:card\" content=\"summary_large_image\" \/>\n<meta name=\"twitter:label1\" content=\"Est. reading time\" \/>\n\t<meta name=\"twitter:data1\" content=\"1 minute\" \/>\n<script type=\"application\/ld+json\" class=\"yoast-schema-graph\">{\"@context\":\"https:\\\/\\\/schema.org\",\"@graph\":[{\"@type\":\"WebPage\",\"@id\":\"https:\\\/\\\/gooddealersmeds.com\\\/de\\\/product\\\/kaufen-kaliumcyanid\\\/\",\"url\":\"https:\\\/\\\/gooddealersmeds.com\\\/de\\\/product\\\/kaufen-kaliumcyanid\\\/\",\"name\":\"Kaufen Sie Kaliumcyanid online | Kaliumcyanid zum Verkauf zu\",\"isPartOf\":{\"@id\":\"https:\\\/\\\/gooddealersmeds.com\\\/de\\\/#website\"},\"primaryImageOfPage\":{\"@id\":\"https:\\\/\\\/gooddealersmeds.com\\\/de\\\/product\\\/kaufen-kaliumcyanid\\\/#primaryimage\"},\"image\":{\"@id\":\"https:\\\/\\\/gooddealersmeds.com\\\/de\\\/product\\\/kaufen-kaliumcyanid\\\/#primaryimage\"},\"thumbnailUrl\":\"https:\\\/\\\/gooddealersmeds.com\\\/de\\\/wp-content\\\/uploads\\\/sites\\\/3\\\/2023\\\/01\\\/potassium-cyanide.jpg\",\"datePublished\":\"2023-01-08T18:56:19+00:00\",\"dateModified\":\"2025-01-09T11:26:24+00:00\",\"description\":\"Kaufen Sie Kaliumcyanid online zu erschwinglichen Preisen und lassen Sie es sich direkt vor Ihre Haust\u00fcr liefern. Wir verschicken Weltweit. Kaliumcyanid zu verkaufen\",\"breadcrumb\":{\"@id\":\"https:\\\/\\\/gooddealersmeds.com\\\/de\\\/product\\\/kaufen-kaliumcyanid\\\/#breadcrumb\"},\"inLanguage\":\"en-US\",\"potentialAction\":[{\"@type\":\"ReadAction\",\"target\":[\"https:\\\/\\\/gooddealersmeds.com\\\/de\\\/product\\\/kaufen-kaliumcyanid\\\/\"]}]},{\"@type\":\"ImageObject\",\"inLanguage\":\"en-US\",\"@id\":\"https:\\\/\\\/gooddealersmeds.com\\\/de\\\/product\\\/kaufen-kaliumcyanid\\\/#primaryimage\",\"url\":\"https:\\\/\\\/gooddealersmeds.com\\\/de\\\/wp-content\\\/uploads\\\/sites\\\/3\\\/2023\\\/01\\\/potassium-cyanide.jpg\",\"contentUrl\":\"https:\\\/\\\/gooddealersmeds.com\\\/de\\\/wp-content\\\/uploads\\\/sites\\\/3\\\/2023\\\/01\\\/potassium-cyanide.jpg\",\"width\":503,\"height\":505},{\"@type\":\"BreadcrumbList\",\"@id\":\"https:\\\/\\\/gooddealersmeds.com\\\/de\\\/product\\\/kaufen-kaliumcyanid\\\/#breadcrumb\",\"itemListElement\":[{\"@type\":\"ListItem\",\"position\":1,\"name\":\"Home\",\"item\":\"https:\\\/\\\/gooddealersmeds.com\\\/de\\\/\"},{\"@type\":\"ListItem\",\"position\":2,\"name\":\"Produkte\",\"item\":\"https:\\\/\\\/gooddealersmeds.com\\\/de\\\/produkte\\\/\"},{\"@type\":\"ListItem\",\"position\":3,\"name\":\"Kaufen Kaliumcyanid\"}]},{\"@type\":\"WebSite\",\"@id\":\"https:\\\/\\\/gooddealersmeds.com\\\/de\\\/#website\",\"url\":\"https:\\\/\\\/gooddealersmeds.com\\\/de\\\/\",\"name\":\"Good Dealers Meds\",\"description\":\"All our best\",\"publisher\":{\"@id\":\"https:\\\/\\\/gooddealersmeds.com\\\/de\\\/#organization\"},\"potentialAction\":[{\"@type\":\"SearchAction\",\"target\":{\"@type\":\"EntryPoint\",\"urlTemplate\":\"https:\\\/\\\/gooddealersmeds.com\\\/de\\\/?s={search_term_string}\"},\"query-input\":{\"@type\":\"PropertyValueSpecification\",\"valueRequired\":true,\"valueName\":\"search_term_string\"}}],\"inLanguage\":\"en-US\"},{\"@type\":\"Organization\",\"@id\":\"https:\\\/\\\/gooddealersmeds.com\\\/de\\\/#organization\",\"name\":\"Good Dealers Meds\",\"url\":\"https:\\\/\\\/gooddealersmeds.com\\\/de\\\/\",\"logo\":{\"@type\":\"ImageObject\",\"inLanguage\":\"en-US\",\"@id\":\"https:\\\/\\\/gooddealersmeds.com\\\/de\\\/#\\\/schema\\\/logo\\\/image\\\/\",\"url\":\"https:\\\/\\\/gooddealersmeds.com\\\/de\\\/wp-content\\\/uploads\\\/sites\\\/3\\\/2022\\\/03\\\/gooddealersmeds__logo__20220317T222800Z.00.png\",\"contentUrl\":\"https:\\\/\\\/gooddealersmeds.com\\\/de\\\/wp-content\\\/uploads\\\/sites\\\/3\\\/2022\\\/03\\\/gooddealersmeds__logo__20220317T222800Z.00.png\",\"width\":500,\"height\":325,\"caption\":\"Good Dealers Meds\"},\"image\":{\"@id\":\"https:\\\/\\\/gooddealersmeds.com\\\/de\\\/#\\\/schema\\\/logo\\\/image\\\/\"}}]}<\/script>\n<!-- \/ Yoast SEO Premium plugin. -->","yoast_head_json":{"title":"Kaufen Sie Kaliumcyanid online | Kaliumcyanid zum Verkauf zu","description":"Kaufen Sie Kaliumcyanid online zu erschwinglichen Preisen und lassen Sie es sich direkt vor Ihre Haust\u00fcr liefern. Wir verschicken Weltweit. Kaliumcyanid zu verkaufen","robots":{"index":"index","follow":"follow","max-snippet":"max-snippet:-1","max-image-preview":"max-image-preview:large","max-video-preview":"max-video-preview:-1"},"canonical":"https:\/\/gooddealersmeds.com\/de\/product\/kaufen-kaliumcyanid\/","og_locale":"en_US","og_type":"article","og_title":"Kaufen Kaliumcyanid","og_description":"Kaufen Sie Kaliumcyanid online zu erschwinglichen Preisen und lassen Sie es sich direkt vor Ihre Haust\u00fcr liefern. Wir verschicken Weltweit. Kaliumcyanid zu verkaufen","og_url":"https:\/\/gooddealersmeds.com\/de\/product\/kaufen-kaliumcyanid\/","og_site_name":"Good Dealers Meds","article_modified_time":"2025-01-09T11:26:24+00:00","og_image":[{"width":503,"height":505,"url":"https:\/\/gooddealersmeds.com\/de\/wp-content\/uploads\/sites\/3\/2023\/01\/potassium-cyanide.jpg","type":"image\/jpeg"}],"twitter_card":"summary_large_image","twitter_misc":{"Est. reading time":"1 minute"},"schema":{"@context":"https:\/\/schema.org","@graph":[{"@type":"WebPage","@id":"https:\/\/gooddealersmeds.com\/de\/product\/kaufen-kaliumcyanid\/","url":"https:\/\/gooddealersmeds.com\/de\/product\/kaufen-kaliumcyanid\/","name":"Kaufen Sie Kaliumcyanid online | Kaliumcyanid zum Verkauf zu","isPartOf":{"@id":"https:\/\/gooddealersmeds.com\/de\/#website"},"primaryImageOfPage":{"@id":"https:\/\/gooddealersmeds.com\/de\/product\/kaufen-kaliumcyanid\/#primaryimage"},"image":{"@id":"https:\/\/gooddealersmeds.com\/de\/product\/kaufen-kaliumcyanid\/#primaryimage"},"thumbnailUrl":"https:\/\/gooddealersmeds.com\/de\/wp-content\/uploads\/sites\/3\/2023\/01\/potassium-cyanide.jpg","datePublished":"2023-01-08T18:56:19+00:00","dateModified":"2025-01-09T11:26:24+00:00","description":"Kaufen Sie Kaliumcyanid online zu erschwinglichen Preisen und lassen Sie es sich direkt vor Ihre Haust\u00fcr liefern. Wir verschicken Weltweit. Kaliumcyanid zu verkaufen","breadcrumb":{"@id":"https:\/\/gooddealersmeds.com\/de\/product\/kaufen-kaliumcyanid\/#breadcrumb"},"inLanguage":"en-US","potentialAction":[{"@type":"ReadAction","target":["https:\/\/gooddealersmeds.com\/de\/product\/kaufen-kaliumcyanid\/"]}]},{"@type":"ImageObject","inLanguage":"en-US","@id":"https:\/\/gooddealersmeds.com\/de\/product\/kaufen-kaliumcyanid\/#primaryimage","url":"https:\/\/gooddealersmeds.com\/de\/wp-content\/uploads\/sites\/3\/2023\/01\/potassium-cyanide.jpg","contentUrl":"https:\/\/gooddealersmeds.com\/de\/wp-content\/uploads\/sites\/3\/2023\/01\/potassium-cyanide.jpg","width":503,"height":505},{"@type":"BreadcrumbList","@id":"https:\/\/gooddealersmeds.com\/de\/product\/kaufen-kaliumcyanid\/#breadcrumb","itemListElement":[{"@type":"ListItem","position":1,"name":"Home","item":"https:\/\/gooddealersmeds.com\/de\/"},{"@type":"ListItem","position":2,"name":"Produkte","item":"https:\/\/gooddealersmeds.com\/de\/produkte\/"},{"@type":"ListItem","position":3,"name":"Kaufen Kaliumcyanid"}]},{"@type":"WebSite","@id":"https:\/\/gooddealersmeds.com\/de\/#website","url":"https:\/\/gooddealersmeds.com\/de\/","name":"Good Dealers Meds","description":"All our best","publisher":{"@id":"https:\/\/gooddealersmeds.com\/de\/#organization"},"potentialAction":[{"@type":"SearchAction","target":{"@type":"EntryPoint","urlTemplate":"https:\/\/gooddealersmeds.com\/de\/?s={search_term_string}"},"query-input":{"@type":"PropertyValueSpecification","valueRequired":true,"valueName":"search_term_string"}}],"inLanguage":"en-US"},{"@type":"Organization","@id":"https:\/\/gooddealersmeds.com\/de\/#organization","name":"Good Dealers Meds","url":"https:\/\/gooddealersmeds.com\/de\/","logo":{"@type":"ImageObject","inLanguage":"en-US","@id":"https:\/\/gooddealersmeds.com\/de\/#\/schema\/logo\/image\/","url":"https:\/\/gooddealersmeds.com\/de\/wp-content\/uploads\/sites\/3\/2022\/03\/gooddealersmeds__logo__20220317T222800Z.00.png","contentUrl":"https:\/\/gooddealersmeds.com\/de\/wp-content\/uploads\/sites\/3\/2022\/03\/gooddealersmeds__logo__20220317T222800Z.00.png","width":500,"height":325,"caption":"Good Dealers Meds"},"image":{"@id":"https:\/\/gooddealersmeds.com\/de\/#\/schema\/logo\/image\/"}}]}},"_links":{"self":[{"href":"https:\/\/gooddealersmeds.com\/de\/wp-json\/wp\/v2\/product\/2228","targetHints":{"allow":["GET"]}}],"collection":[{"href":"https:\/\/gooddealersmeds.com\/de\/wp-json\/wp\/v2\/product"}],"about":[{"href":"https:\/\/gooddealersmeds.com\/de\/wp-json\/wp\/v2\/types\/product"}],"replies":[{"embeddable":true,"href":"https:\/\/gooddealersmeds.com\/de\/wp-json\/wp\/v2\/comments?post=2228"}],"wp:featuredmedia":[{"embeddable":true,"href":"https:\/\/gooddealersmeds.com\/de\/wp-json\/wp\/v2\/media\/2258"}],"wp:attachment":[{"href":"https:\/\/gooddealersmeds.com\/de\/wp-json\/wp\/v2\/media?parent=2228"}],"wp:term":[{"taxonomy":"product_brand","embeddable":true,"href":"https:\/\/gooddealersmeds.com\/de\/wp-json\/wp\/v2\/product_brand?post=2228"},{"taxonomy":"product_cat","embeddable":true,"href":"https:\/\/gooddealersmeds.com\/de\/wp-json\/wp\/v2\/product_cat?post=2228"},{"taxonomy":"product_tag","embeddable":true,"href":"https:\/\/gooddealersmeds.com\/de\/wp-json\/wp\/v2\/product_tag?post=2228"}],"curies":[{"name":"wp","href":"https:\/\/api.w.org\/{rel}","templated":true}]}}