{"id":2227,"date":"2023-01-08T18:56:19","date_gmt":"2023-01-08T18:56:19","guid":{"rendered":"https:\/\/gooddealersmeds.com\/de\/?post_type=product&#038;p=2227"},"modified":"2023-03-12T02:40:53","modified_gmt":"2023-03-12T02:40:53","slug":"gamma-butyrolacton-gbl-flussigkeit","status":"publish","type":"product","link":"https:\/\/gooddealersmeds.com\/de\/product\/gamma-butyrolacton-gbl-flussigkeit\/","title":{"rendered":"Gamma-Butyrolacton (Gbl) Fl\u00fcssigkeit"},"content":{"rendered":"<h2>Wo kann man GBL kaufen, Gamma-Butyrolacton online kaufen<\/h2>\n<p>Wo kann man GBL kaufen. Bezugsquellen f\u00fcr GBL, Gamma-Butyrolacton wurde in Extrakten von Proben von unverf\u00e4lschten Weinen gefunden. Dieser Befund weist darauf hin, dass <a href=\"https:\/\/www.hiv-drogen.de\/\">GBL<\/a>\u00a0eine nat\u00fcrlich vorkommende Komponente in einigen Weinen ist und in \u00e4hnlichen Produkten vorhanden sein kann. Die nachgewiesene Konzentration betrug ungef\u00e4hr 5 \u00b5g\/ml und konnte leicht mit einer einfachen Extraktionstechnik gefolgt von einer GC\/MS-Analyse beobachtet werden. GBL kann in K\u00e4searomen gefunden werden, f\u00fchrt jedoch typischerweise zu einem Gehalt von 0,0002\u00a0%\u00a0GBL\u00a0im fertigen Lebensmittel.<\/p>\n<p>Gamma-Butyrolacton ist eine Chemikalie. Die Menschen verwenden es als Medizin. Achten Sie darauf, Gamma-Butyrolacton (GBL) nicht mit Gamma-Hydroxybutyrat (GHB) zu verwechseln. Trotz ernsthafter Sicherheitsbedenken und Illegalit\u00e4t nehmen Menschen Gamma-Butyrolacton ein, um die sportliche Leistung, den Schlaf sowie die sexuelle Leistungsf\u00e4higkeit und das sexuelle Vergn\u00fcgen zu verbessern. Kaufen Sie Gamma-Butyrolacton online, recherchieren Sie online nach Chemikalien in Europa<\/p>\n<p>Unsere Vorteile. Wo kann man <a href=\"https:\/\/gooddealersmeds.com\/de\/product\/gamma-butyrolacton-gbl-flussigkeit\/\">Gamma-Butyrolacton<\/a> bestellen?<\/p>\n<p>\u2013 Wir verkaufen qualitativ hochwertige Produkte der besten Produzenten,<\/p>\n<p>&#8211; angebotene Ware im Lager verf\u00fcgbar ist,<\/p>\n<p>-Sendungen sind sehr gut verpackt,<\/p>\n<p>-Versand erfolgt immer im Eiltempo,<\/p>\n<p>-Wir sind ein legal operierendes Unternehmen.<\/p>\n<p>&#8211; Sie erhalten immer eine Quittung oder Rechnung zu der gekauften Ware.<\/p>\n<p>GoodDealersMeds bietet das beste Gamma-Butyrolacton. Wir verkaufen qualitativ hochwertige Produkte. Wo kann man Gamma-Butyrolacton kaufen?<\/p>\n<p>Gamma-Butyrolacton in den USA bestellen, Gamma-Butyrolacton bei Amazon bestellen, Gamma-Butyrolacton online in den USA bestellen, Gamma-Butyrolacton-Reiniger in den USA kaufen, wo Gamma-Butyrolactone bestellen, Gamma-Butyrolacton-Reiniger in den USA, Gamma-Butyrolacton zum Verkauf online, Gamma-Butyrolacton kaufen , Gamma-Butyrolacton online bestellen Australien, Gamma-Butyrolacton online zu verkaufen, magischer Reiniger Gamma-Butyrolacton, Gamma-Butyrolacton online bestellen Indien, Gamma-Butyrolacton-Lieferanten<b><\/b><\/p>\n<p>Beschreibung<br \/>\nFarblose Fl\u00fcssigkeit (in kleinen Flaschen gekauft), farbige Kapseln.<br \/>\nTherapeutische Verwendung<br \/>\nAn\u00e4sthetikum mit beruhigender Wirkung. GHB wurde als Pr\u00e4medikation f\u00fcr Operationen und in j\u00fcngerer Zeit zur Behandlung von Schlafst\u00f6rungen eingesetzt.<br \/>\nDer Entzug erzeugt einen aufgeregten Zustand, wie bei anderen Arten von Beruhigungsmitteln<\/p>\n","protected":false},"excerpt":{"rendered":"<p>Wir liefern weltweit hochreines GBL. Wo Sie GBL kaufen k\u00f6nnen. Unsere Qualit\u00e4t ist die beste, die Sie finden k\u00f6nnen. Bestellen Sie GBL hier mit Expressversand.<\/p>\n","protected":false},"featured_media":2257,"comment_status":"open","ping_status":"closed","template":"","meta":{"inline_featured_image":false},"product_brand":[],"product_cat":[344],"product_tag":[],"class_list":{"0":"post-2227","1":"product","2":"type-product","3":"status-publish","4":"has-post-thumbnail","6":"product_cat-forschungschemikalien","8":"first","9":"instock","10":"shipping-taxable","11":"purchasable","12":"product-type-variable","13":"has-default-attributes"},"yoast_head":"<!-- This site is optimized with the Yoast SEO Premium plugin v20.6 (Yoast SEO v27.4) - https:\/\/yoast.com\/product\/yoast-seo-premium-wordpress\/ -->\n<title>Wo kann man GBL kaufen | GBL zu verkaufen | GBL online bestellen<\/title>\n<meta name=\"description\" content=\"Wir liefern weltweit hochreines GBL. Wo kann man GBL kaufen. Unsere Qualit\u00e4t ist die beste, die Sie finden k\u00f6nnen. Bestellen Sie GBL hier mit Expressversand.\" \/>\n<meta name=\"robots\" content=\"index, follow, max-snippet:-1, max-image-preview:large, max-video-preview:-1\" \/>\n<link rel=\"canonical\" href=\"https:\/\/gooddealersmeds.com\/de\/product\/gamma-butyrolacton-gbl-flussigkeit\/\" \/>\n<meta property=\"og:locale\" content=\"en_US\" \/>\n<meta property=\"og:type\" content=\"article\" \/>\n<meta property=\"og:title\" content=\"Gamma-Butyrolacton (Gbl) Fl\u00fcssigkeit\" \/>\n<meta property=\"og:description\" content=\"Wir liefern weltweit hochreines GBL. Wo kann man GBL kaufen. Unsere Qualit\u00e4t ist die beste, die Sie finden k\u00f6nnen. Bestellen Sie GBL hier mit Expressversand.\" \/>\n<meta property=\"og:url\" content=\"https:\/\/gooddealersmeds.com\/de\/product\/gamma-butyrolacton-gbl-flussigkeit\/\" \/>\n<meta property=\"og:site_name\" content=\"Good Dealers Meds\" \/>\n<meta property=\"article:modified_time\" content=\"2023-03-12T02:40:53+00:00\" \/>\n<meta property=\"og:image\" content=\"https:\/\/gooddealersmeds.com\/de\/wp-content\/uploads\/sites\/3\/2023\/01\/ht.jpg\" \/>\n\t<meta property=\"og:image:width\" content=\"600\" \/>\n\t<meta property=\"og:image:height\" content=\"600\" \/>\n\t<meta property=\"og:image:type\" content=\"image\/jpeg\" \/>\n<meta name=\"twitter:card\" content=\"summary_large_image\" \/>\n<meta name=\"twitter:label1\" content=\"Est. reading time\" \/>\n\t<meta name=\"twitter:data1\" content=\"2 minutes\" \/>\n<script type=\"application\/ld+json\" class=\"yoast-schema-graph\">{\"@context\":\"https:\\\/\\\/schema.org\",\"@graph\":[{\"@type\":\"WebPage\",\"@id\":\"https:\\\/\\\/gooddealersmeds.com\\\/de\\\/product\\\/gamma-butyrolacton-gbl-flussigkeit\\\/\",\"url\":\"https:\\\/\\\/gooddealersmeds.com\\\/de\\\/product\\\/gamma-butyrolacton-gbl-flussigkeit\\\/\",\"name\":\"Wo kann man GBL kaufen | GBL zu verkaufen | GBL online bestellen\",\"isPartOf\":{\"@id\":\"https:\\\/\\\/gooddealersmeds.com\\\/de\\\/#website\"},\"primaryImageOfPage\":{\"@id\":\"https:\\\/\\\/gooddealersmeds.com\\\/de\\\/product\\\/gamma-butyrolacton-gbl-flussigkeit\\\/#primaryimage\"},\"image\":{\"@id\":\"https:\\\/\\\/gooddealersmeds.com\\\/de\\\/product\\\/gamma-butyrolacton-gbl-flussigkeit\\\/#primaryimage\"},\"thumbnailUrl\":\"https:\\\/\\\/gooddealersmeds.com\\\/de\\\/wp-content\\\/uploads\\\/sites\\\/3\\\/2023\\\/01\\\/ht.jpg\",\"datePublished\":\"2023-01-08T18:56:19+00:00\",\"dateModified\":\"2023-03-12T02:40:53+00:00\",\"description\":\"Wir liefern weltweit hochreines GBL. Wo kann man GBL kaufen. Unsere Qualit\u00e4t ist die beste, die Sie finden k\u00f6nnen. Bestellen Sie GBL hier mit Expressversand.\",\"breadcrumb\":{\"@id\":\"https:\\\/\\\/gooddealersmeds.com\\\/de\\\/product\\\/gamma-butyrolacton-gbl-flussigkeit\\\/#breadcrumb\"},\"inLanguage\":\"en-US\",\"potentialAction\":[{\"@type\":\"ReadAction\",\"target\":[\"https:\\\/\\\/gooddealersmeds.com\\\/de\\\/product\\\/gamma-butyrolacton-gbl-flussigkeit\\\/\"]}]},{\"@type\":\"ImageObject\",\"inLanguage\":\"en-US\",\"@id\":\"https:\\\/\\\/gooddealersmeds.com\\\/de\\\/product\\\/gamma-butyrolacton-gbl-flussigkeit\\\/#primaryimage\",\"url\":\"https:\\\/\\\/gooddealersmeds.com\\\/de\\\/wp-content\\\/uploads\\\/sites\\\/3\\\/2023\\\/01\\\/ht.jpg\",\"contentUrl\":\"https:\\\/\\\/gooddealersmeds.com\\\/de\\\/wp-content\\\/uploads\\\/sites\\\/3\\\/2023\\\/01\\\/ht.jpg\",\"width\":600,\"height\":600},{\"@type\":\"BreadcrumbList\",\"@id\":\"https:\\\/\\\/gooddealersmeds.com\\\/de\\\/product\\\/gamma-butyrolacton-gbl-flussigkeit\\\/#breadcrumb\",\"itemListElement\":[{\"@type\":\"ListItem\",\"position\":1,\"name\":\"Home\",\"item\":\"https:\\\/\\\/gooddealersmeds.com\\\/de\\\/\"},{\"@type\":\"ListItem\",\"position\":2,\"name\":\"Produkte\",\"item\":\"https:\\\/\\\/gooddealersmeds.com\\\/de\\\/produkte\\\/\"},{\"@type\":\"ListItem\",\"position\":3,\"name\":\"Gamma-Butyrolacton (Gbl) Fl\u00fcssigkeit\"}]},{\"@type\":\"WebSite\",\"@id\":\"https:\\\/\\\/gooddealersmeds.com\\\/de\\\/#website\",\"url\":\"https:\\\/\\\/gooddealersmeds.com\\\/de\\\/\",\"name\":\"Good Dealers Meds\",\"description\":\"All our best\",\"publisher\":{\"@id\":\"https:\\\/\\\/gooddealersmeds.com\\\/de\\\/#organization\"},\"potentialAction\":[{\"@type\":\"SearchAction\",\"target\":{\"@type\":\"EntryPoint\",\"urlTemplate\":\"https:\\\/\\\/gooddealersmeds.com\\\/de\\\/?s={search_term_string}\"},\"query-input\":{\"@type\":\"PropertyValueSpecification\",\"valueRequired\":true,\"valueName\":\"search_term_string\"}}],\"inLanguage\":\"en-US\"},{\"@type\":\"Organization\",\"@id\":\"https:\\\/\\\/gooddealersmeds.com\\\/de\\\/#organization\",\"name\":\"Good Dealers Meds\",\"url\":\"https:\\\/\\\/gooddealersmeds.com\\\/de\\\/\",\"logo\":{\"@type\":\"ImageObject\",\"inLanguage\":\"en-US\",\"@id\":\"https:\\\/\\\/gooddealersmeds.com\\\/de\\\/#\\\/schema\\\/logo\\\/image\\\/\",\"url\":\"https:\\\/\\\/gooddealersmeds.com\\\/de\\\/wp-content\\\/uploads\\\/sites\\\/3\\\/2022\\\/03\\\/gooddealersmeds__logo__20220317T222800Z.00.png\",\"contentUrl\":\"https:\\\/\\\/gooddealersmeds.com\\\/de\\\/wp-content\\\/uploads\\\/sites\\\/3\\\/2022\\\/03\\\/gooddealersmeds__logo__20220317T222800Z.00.png\",\"width\":500,\"height\":325,\"caption\":\"Good Dealers Meds\"},\"image\":{\"@id\":\"https:\\\/\\\/gooddealersmeds.com\\\/de\\\/#\\\/schema\\\/logo\\\/image\\\/\"}}]}<\/script>\n<!-- \/ Yoast SEO Premium plugin. -->","yoast_head_json":{"title":"Wo kann man GBL kaufen | GBL zu verkaufen | GBL online bestellen","description":"Wir liefern weltweit hochreines GBL. Wo kann man GBL kaufen. Unsere Qualit\u00e4t ist die beste, die Sie finden k\u00f6nnen. Bestellen Sie GBL hier mit Expressversand.","robots":{"index":"index","follow":"follow","max-snippet":"max-snippet:-1","max-image-preview":"max-image-preview:large","max-video-preview":"max-video-preview:-1"},"canonical":"https:\/\/gooddealersmeds.com\/de\/product\/gamma-butyrolacton-gbl-flussigkeit\/","og_locale":"en_US","og_type":"article","og_title":"Gamma-Butyrolacton (Gbl) Fl\u00fcssigkeit","og_description":"Wir liefern weltweit hochreines GBL. Wo kann man GBL kaufen. Unsere Qualit\u00e4t ist die beste, die Sie finden k\u00f6nnen. Bestellen Sie GBL hier mit Expressversand.","og_url":"https:\/\/gooddealersmeds.com\/de\/product\/gamma-butyrolacton-gbl-flussigkeit\/","og_site_name":"Good Dealers Meds","article_modified_time":"2023-03-12T02:40:53+00:00","og_image":[{"width":600,"height":600,"url":"https:\/\/gooddealersmeds.com\/de\/wp-content\/uploads\/sites\/3\/2023\/01\/ht.jpg","type":"image\/jpeg"}],"twitter_card":"summary_large_image","twitter_misc":{"Est. reading time":"2 minutes"},"schema":{"@context":"https:\/\/schema.org","@graph":[{"@type":"WebPage","@id":"https:\/\/gooddealersmeds.com\/de\/product\/gamma-butyrolacton-gbl-flussigkeit\/","url":"https:\/\/gooddealersmeds.com\/de\/product\/gamma-butyrolacton-gbl-flussigkeit\/","name":"Wo kann man GBL kaufen | GBL zu verkaufen | GBL online bestellen","isPartOf":{"@id":"https:\/\/gooddealersmeds.com\/de\/#website"},"primaryImageOfPage":{"@id":"https:\/\/gooddealersmeds.com\/de\/product\/gamma-butyrolacton-gbl-flussigkeit\/#primaryimage"},"image":{"@id":"https:\/\/gooddealersmeds.com\/de\/product\/gamma-butyrolacton-gbl-flussigkeit\/#primaryimage"},"thumbnailUrl":"https:\/\/gooddealersmeds.com\/de\/wp-content\/uploads\/sites\/3\/2023\/01\/ht.jpg","datePublished":"2023-01-08T18:56:19+00:00","dateModified":"2023-03-12T02:40:53+00:00","description":"Wir liefern weltweit hochreines GBL. Wo kann man GBL kaufen. Unsere Qualit\u00e4t ist die beste, die Sie finden k\u00f6nnen. Bestellen Sie GBL hier mit Expressversand.","breadcrumb":{"@id":"https:\/\/gooddealersmeds.com\/de\/product\/gamma-butyrolacton-gbl-flussigkeit\/#breadcrumb"},"inLanguage":"en-US","potentialAction":[{"@type":"ReadAction","target":["https:\/\/gooddealersmeds.com\/de\/product\/gamma-butyrolacton-gbl-flussigkeit\/"]}]},{"@type":"ImageObject","inLanguage":"en-US","@id":"https:\/\/gooddealersmeds.com\/de\/product\/gamma-butyrolacton-gbl-flussigkeit\/#primaryimage","url":"https:\/\/gooddealersmeds.com\/de\/wp-content\/uploads\/sites\/3\/2023\/01\/ht.jpg","contentUrl":"https:\/\/gooddealersmeds.com\/de\/wp-content\/uploads\/sites\/3\/2023\/01\/ht.jpg","width":600,"height":600},{"@type":"BreadcrumbList","@id":"https:\/\/gooddealersmeds.com\/de\/product\/gamma-butyrolacton-gbl-flussigkeit\/#breadcrumb","itemListElement":[{"@type":"ListItem","position":1,"name":"Home","item":"https:\/\/gooddealersmeds.com\/de\/"},{"@type":"ListItem","position":2,"name":"Produkte","item":"https:\/\/gooddealersmeds.com\/de\/produkte\/"},{"@type":"ListItem","position":3,"name":"Gamma-Butyrolacton (Gbl) Fl\u00fcssigkeit"}]},{"@type":"WebSite","@id":"https:\/\/gooddealersmeds.com\/de\/#website","url":"https:\/\/gooddealersmeds.com\/de\/","name":"Good Dealers Meds","description":"All our best","publisher":{"@id":"https:\/\/gooddealersmeds.com\/de\/#organization"},"potentialAction":[{"@type":"SearchAction","target":{"@type":"EntryPoint","urlTemplate":"https:\/\/gooddealersmeds.com\/de\/?s={search_term_string}"},"query-input":{"@type":"PropertyValueSpecification","valueRequired":true,"valueName":"search_term_string"}}],"inLanguage":"en-US"},{"@type":"Organization","@id":"https:\/\/gooddealersmeds.com\/de\/#organization","name":"Good Dealers Meds","url":"https:\/\/gooddealersmeds.com\/de\/","logo":{"@type":"ImageObject","inLanguage":"en-US","@id":"https:\/\/gooddealersmeds.com\/de\/#\/schema\/logo\/image\/","url":"https:\/\/gooddealersmeds.com\/de\/wp-content\/uploads\/sites\/3\/2022\/03\/gooddealersmeds__logo__20220317T222800Z.00.png","contentUrl":"https:\/\/gooddealersmeds.com\/de\/wp-content\/uploads\/sites\/3\/2022\/03\/gooddealersmeds__logo__20220317T222800Z.00.png","width":500,"height":325,"caption":"Good Dealers Meds"},"image":{"@id":"https:\/\/gooddealersmeds.com\/de\/#\/schema\/logo\/image\/"}}]}},"_links":{"self":[{"href":"https:\/\/gooddealersmeds.com\/de\/wp-json\/wp\/v2\/product\/2227","targetHints":{"allow":["GET"]}}],"collection":[{"href":"https:\/\/gooddealersmeds.com\/de\/wp-json\/wp\/v2\/product"}],"about":[{"href":"https:\/\/gooddealersmeds.com\/de\/wp-json\/wp\/v2\/types\/product"}],"replies":[{"embeddable":true,"href":"https:\/\/gooddealersmeds.com\/de\/wp-json\/wp\/v2\/comments?post=2227"}],"wp:featuredmedia":[{"embeddable":true,"href":"https:\/\/gooddealersmeds.com\/de\/wp-json\/wp\/v2\/media\/2257"}],"wp:attachment":[{"href":"https:\/\/gooddealersmeds.com\/de\/wp-json\/wp\/v2\/media?parent=2227"}],"wp:term":[{"taxonomy":"product_brand","embeddable":true,"href":"https:\/\/gooddealersmeds.com\/de\/wp-json\/wp\/v2\/product_brand?post=2227"},{"taxonomy":"product_cat","embeddable":true,"href":"https:\/\/gooddealersmeds.com\/de\/wp-json\/wp\/v2\/product_cat?post=2227"},{"taxonomy":"product_tag","embeddable":true,"href":"https:\/\/gooddealersmeds.com\/de\/wp-json\/wp\/v2\/product_tag?post=2227"}],"curies":[{"name":"wp","href":"https:\/\/api.w.org\/{rel}","templated":true}]}}