{"id":2226,"date":"2023-01-08T18:56:19","date_gmt":"2023-01-08T18:56:19","guid":{"rendered":"https:\/\/gooddealersmeds.com\/de\/?post_type=product&#038;p=2226"},"modified":"2023-03-12T02:37:43","modified_gmt":"2023-03-12T02:37:43","slug":"apaan-alpha-phenylacetoacetonitril-online-bestellen","status":"publish","type":"product","link":"https:\/\/gooddealersmeds.com\/de\/product\/apaan-alpha-phenylacetoacetonitril-online-bestellen\/","title":{"rendered":"APAAN (Alpha-Phenylacetoacetonitril) online bestellen"},"content":{"rendered":"<h2>APAAN (alpha-Phenylacetoacetonitril) online kaufen \u2013 APAAN online bestellen<\/h2>\n<p>APAAN online bestellen. APAAN (auch genannt: apane) oder alpha-Phenylacetoacetonitril (englisch: alpha-Phenylacetoacetonitrile) ist eine organische Verbindung, die bei der Herstellung mehrerer Arzneimittel verwendet wird. APAAN enth\u00e4lt eine Nitrilgruppe und einen Benzolring (Phenylgruppe).<\/p>\n<p>Die Substanz dient als Drogenvorstufe zur Herstellung des Stoffes Phenylaceton (auch bekannt als BMK = Benzylmethylketon) und wird zur Herstellung der Stimulanzien Methamphetamin und Amphetamin verwendet. Es gibt andere M\u00f6glichkeiten, Methamphetamin herzustellen. Insbesondere das US-Au\u00dfenministerium nennt die Niederlande als einen Ort, an dem APAAN verwendet wird. [1] Die Europ\u00e4ische Beobachtungsstelle f\u00fcr Drogen und Drogensucht (EBDD) erw\u00e4hnt ausdr\u00fccklich Polen. Kaufen Sie APAAN (<a href=\"https:\/\/gooddealersmeds.com\/de\/product\/apaan-alpha-phenylacetoacetonitril-online-bestellen\/\">alpha-Phenylacetoacetonitril<\/a>) online<\/p>\n<p>&nbsp;<\/p>\n<p>Normalerweise ist es nie schwierig, etwas zu finden, das zum Kauf angeboten wird. Das Problem kommt mit dem Kauf dieses Dings. Wenn es um APAAN geht, gibt es so viele Anbieter, die versprechen, Ihnen das Produkt zu einem sehr erschwinglichen Preis zu verkaufen. Beachten Sie jedoch, dass APAAN in den meisten L\u00e4ndern eine kontrollierte Substanz ist und auf keinen Fall so leicht zug\u00e4nglich sein wird. Der Verkauf von APAAN ist mit zu vielen Risiken verbunden, und dies k\u00f6nnten Betr\u00fcger sein, die versuchen, Sie um Ihr hart verdientes Geld zu betr\u00fcgen.<\/p>\n<h3>Wo bekommen Sie APAAN zum Verkauf?<\/h3>\n<p>Eine einfache M\u00f6glichkeit, APAAN zu erhalten, ist dies \u00fcber einen Online-Shop. Da das Online-Gesch\u00e4ft weiter w\u00e4chst, wird es einfacher, sogar kontrollierte Substanzen zu bekommen. Alles, was Sie tun m\u00fcssen, ist, ein gutes Online-Unternehmen zu finden, das Ihr Produkt diskret liefert. Wir sind ein solches Unternehmen.<\/p>\n<p>Wir verkaufen APAAN und andere verwandte Substanzen zu einem sehr erschwinglichen Preis. Nach l\u00e4ngerer Gesch\u00e4ftst\u00e4tigkeit wissen wir genau, was alle unsere Kunden wollen und verdienen. Bei uns dreht sich alles um hochwertige Dienstleistungen und Produkte. Jedes Mal, wenn Sie bei uns einkaufen, erhalten Sie das Beste.<\/p>\n<p>Bei Lieferungen achten wir auf Diskretion und so schnell wie m\u00f6glich. Ihr Paket wird innerhalb von 24 Stunden nach Eingang Ihrer Zahlung versandt und wir versenden es per Schnelllieferkurier, sodass Sie Ihr Paket in weniger als f\u00fcnf Tagen nach Versand erhalten. Sie erhalten auch eine E-Mail mit der Sendungsverfolgungsnummer Ihres Pakets. Wir erstatten auch Pakete, die unterwegs verloren gehen oder besch\u00e4digt werden. Wir k\u00f6nnen jedoch garantieren, dass diese F\u00e4lle sehr selten sind, da wir uns jeden Tag bem\u00fchen, Ihnen genau die qualitativ hochwertigen Dienstleistungen zu bieten, die Sie verdienen. Bei den Versandkosten handelt es sich um Verpackungs- und Bearbeitungsgeb\u00fchren sowie die Kosten f\u00fcr das Porto. Beachten Sie, dass Ihre Versandkosten von der Bestellmenge und dem Bestimmungsort Ihres Pakets abh\u00e4ngen.<\/p>\n<p>Auch f\u00fcr Ihre Sicherheit sorgen wir. Wir versenden diskret und direkt, um sicherzustellen, dass Ihr Paket mit niemandem in Kontakt kommt. Wir haben auch in die neueste Verschl\u00fcsselungstechnologie investiert, um Ihre pers\u00f6nlichen und finanziellen Informationen vor Hackern zu sch\u00fctzen.<\/p>\n","protected":false},"excerpt":{"rendered":"<p>Bestellen Sie APAAN online, wir sind ein zuverl\u00e4ssiger und vertrauensw\u00fcrdiger Lieferant von APAAN, mit schneller Lieferung100% garantiert &amp; Vertrauensw\u00fcrdige. G\u00fcnstig APAAN online kaufen.<\/p>\n","protected":false},"featured_media":2256,"comment_status":"open","ping_status":"closed","template":"","meta":{"inline_featured_image":false},"product_brand":[],"product_cat":[344],"product_tag":[661,663,665,662,664,666],"class_list":{"0":"post-2226","1":"product","2":"type-product","3":"status-publish","4":"has-post-thumbnail","6":"product_cat-forschungschemikalien","7":"product_tag-alpha-phenylacetoacetonitril-staffelpreis","8":"product_tag-apaan-groshandel-online","9":"product_tag-apaan-gunstig-bestellen","10":"product_tag-apaan-hersteller-online","11":"product_tag-apaan-online-kaufen","12":"product_tag-wo-apaan-online-kaufen","14":"first","15":"instock","16":"shipping-taxable","17":"purchasable","18":"product-type-variable","19":"has-default-attributes"},"yoast_head":"<!-- This site is optimized with the Yoast SEO Premium plugin v20.6 (Yoast SEO v27.3) - https:\/\/yoast.com\/product\/yoast-seo-premium-wordpress\/ -->\n<title>APAAN online bestellen | APAAN zu verkaufen | Kaufen Sie billig APAAN<\/title>\n<meta name=\"description\" content=\"Bestellen Sie APAAN online. Wir sind ein zuverl\u00e4ssiger und vertrauensw\u00fcrdiger Lieferant von APAAN mit schneller Lieferung, 100 % garantiert und vertrauensw\u00fcrdig. G\u00fcnstig APAAN online kaufen.\" \/>\n<meta name=\"robots\" content=\"index, follow, max-snippet:-1, max-image-preview:large, max-video-preview:-1\" \/>\n<link rel=\"canonical\" href=\"https:\/\/gooddealersmeds.com\/de\/product\/apaan-alpha-phenylacetoacetonitril-online-bestellen\/\" \/>\n<meta property=\"og:locale\" content=\"en_US\" \/>\n<meta property=\"og:type\" content=\"article\" \/>\n<meta property=\"og:title\" content=\"APAAN (Alpha-Phenylacetoacetonitril) online bestellen\" \/>\n<meta property=\"og:description\" content=\"Bestellen Sie APAAN online. Wir sind ein zuverl\u00e4ssiger und vertrauensw\u00fcrdiger Lieferant von APAAN mit schneller Lieferung, 100 % garantiert und vertrauensw\u00fcrdig. G\u00fcnstig APAAN online kaufen.\" \/>\n<meta property=\"og:url\" content=\"https:\/\/gooddealersmeds.com\/de\/product\/apaan-alpha-phenylacetoacetonitril-online-bestellen\/\" \/>\n<meta property=\"og:site_name\" content=\"Good Dealers Meds\" \/>\n<meta property=\"article:modified_time\" content=\"2023-03-12T02:37:43+00:00\" \/>\n<meta property=\"og:image\" content=\"https:\/\/gooddealersmeds.com\/de\/wp-content\/uploads\/sites\/3\/2023\/01\/apaan.jpg\" \/>\n\t<meta property=\"og:image:width\" content=\"600\" \/>\n\t<meta property=\"og:image:height\" content=\"600\" \/>\n\t<meta property=\"og:image:type\" content=\"image\/jpeg\" \/>\n<meta name=\"twitter:card\" content=\"summary_large_image\" \/>\n<meta name=\"twitter:label1\" content=\"Est. reading time\" \/>\n\t<meta name=\"twitter:data1\" content=\"2 minutes\" \/>\n<script type=\"application\/ld+json\" class=\"yoast-schema-graph\">{\"@context\":\"https:\\\/\\\/schema.org\",\"@graph\":[{\"@type\":\"WebPage\",\"@id\":\"https:\\\/\\\/gooddealersmeds.com\\\/de\\\/product\\\/apaan-alpha-phenylacetoacetonitril-online-bestellen\\\/\",\"url\":\"https:\\\/\\\/gooddealersmeds.com\\\/de\\\/product\\\/apaan-alpha-phenylacetoacetonitril-online-bestellen\\\/\",\"name\":\"APAAN online bestellen | APAAN zu verkaufen | Kaufen Sie billig APAAN\",\"isPartOf\":{\"@id\":\"https:\\\/\\\/gooddealersmeds.com\\\/de\\\/#website\"},\"primaryImageOfPage\":{\"@id\":\"https:\\\/\\\/gooddealersmeds.com\\\/de\\\/product\\\/apaan-alpha-phenylacetoacetonitril-online-bestellen\\\/#primaryimage\"},\"image\":{\"@id\":\"https:\\\/\\\/gooddealersmeds.com\\\/de\\\/product\\\/apaan-alpha-phenylacetoacetonitril-online-bestellen\\\/#primaryimage\"},\"thumbnailUrl\":\"https:\\\/\\\/gooddealersmeds.com\\\/de\\\/wp-content\\\/uploads\\\/sites\\\/3\\\/2023\\\/01\\\/apaan.jpg\",\"datePublished\":\"2023-01-08T18:56:19+00:00\",\"dateModified\":\"2023-03-12T02:37:43+00:00\",\"description\":\"Bestellen Sie APAAN online. Wir sind ein zuverl\u00e4ssiger und vertrauensw\u00fcrdiger Lieferant von APAAN mit schneller Lieferung, 100 % garantiert und vertrauensw\u00fcrdig. G\u00fcnstig APAAN online kaufen.\",\"breadcrumb\":{\"@id\":\"https:\\\/\\\/gooddealersmeds.com\\\/de\\\/product\\\/apaan-alpha-phenylacetoacetonitril-online-bestellen\\\/#breadcrumb\"},\"inLanguage\":\"en-US\",\"potentialAction\":[{\"@type\":\"ReadAction\",\"target\":[\"https:\\\/\\\/gooddealersmeds.com\\\/de\\\/product\\\/apaan-alpha-phenylacetoacetonitril-online-bestellen\\\/\"]}]},{\"@type\":\"ImageObject\",\"inLanguage\":\"en-US\",\"@id\":\"https:\\\/\\\/gooddealersmeds.com\\\/de\\\/product\\\/apaan-alpha-phenylacetoacetonitril-online-bestellen\\\/#primaryimage\",\"url\":\"https:\\\/\\\/gooddealersmeds.com\\\/de\\\/wp-content\\\/uploads\\\/sites\\\/3\\\/2023\\\/01\\\/apaan.jpg\",\"contentUrl\":\"https:\\\/\\\/gooddealersmeds.com\\\/de\\\/wp-content\\\/uploads\\\/sites\\\/3\\\/2023\\\/01\\\/apaan.jpg\",\"width\":600,\"height\":600},{\"@type\":\"BreadcrumbList\",\"@id\":\"https:\\\/\\\/gooddealersmeds.com\\\/de\\\/product\\\/apaan-alpha-phenylacetoacetonitril-online-bestellen\\\/#breadcrumb\",\"itemListElement\":[{\"@type\":\"ListItem\",\"position\":1,\"name\":\"Home\",\"item\":\"https:\\\/\\\/gooddealersmeds.com\\\/de\\\/\"},{\"@type\":\"ListItem\",\"position\":2,\"name\":\"Produkte\",\"item\":\"https:\\\/\\\/gooddealersmeds.com\\\/de\\\/produkte\\\/\"},{\"@type\":\"ListItem\",\"position\":3,\"name\":\"APAAN (Alpha-Phenylacetoacetonitril) online bestellen\"}]},{\"@type\":\"WebSite\",\"@id\":\"https:\\\/\\\/gooddealersmeds.com\\\/de\\\/#website\",\"url\":\"https:\\\/\\\/gooddealersmeds.com\\\/de\\\/\",\"name\":\"Good Dealers Meds\",\"description\":\"All our best\",\"publisher\":{\"@id\":\"https:\\\/\\\/gooddealersmeds.com\\\/de\\\/#organization\"},\"potentialAction\":[{\"@type\":\"SearchAction\",\"target\":{\"@type\":\"EntryPoint\",\"urlTemplate\":\"https:\\\/\\\/gooddealersmeds.com\\\/de\\\/?s={search_term_string}\"},\"query-input\":{\"@type\":\"PropertyValueSpecification\",\"valueRequired\":true,\"valueName\":\"search_term_string\"}}],\"inLanguage\":\"en-US\"},{\"@type\":\"Organization\",\"@id\":\"https:\\\/\\\/gooddealersmeds.com\\\/de\\\/#organization\",\"name\":\"Good Dealers Meds\",\"url\":\"https:\\\/\\\/gooddealersmeds.com\\\/de\\\/\",\"logo\":{\"@type\":\"ImageObject\",\"inLanguage\":\"en-US\",\"@id\":\"https:\\\/\\\/gooddealersmeds.com\\\/de\\\/#\\\/schema\\\/logo\\\/image\\\/\",\"url\":\"https:\\\/\\\/gooddealersmeds.com\\\/de\\\/wp-content\\\/uploads\\\/sites\\\/3\\\/2022\\\/03\\\/gooddealersmeds__logo__20220317T222800Z.00.png\",\"contentUrl\":\"https:\\\/\\\/gooddealersmeds.com\\\/de\\\/wp-content\\\/uploads\\\/sites\\\/3\\\/2022\\\/03\\\/gooddealersmeds__logo__20220317T222800Z.00.png\",\"width\":500,\"height\":325,\"caption\":\"Good Dealers Meds\"},\"image\":{\"@id\":\"https:\\\/\\\/gooddealersmeds.com\\\/de\\\/#\\\/schema\\\/logo\\\/image\\\/\"}}]}<\/script>\n<!-- \/ Yoast SEO Premium plugin. -->","yoast_head_json":{"title":"APAAN online bestellen | APAAN zu verkaufen | Kaufen Sie billig APAAN","description":"Bestellen Sie APAAN online. Wir sind ein zuverl\u00e4ssiger und vertrauensw\u00fcrdiger Lieferant von APAAN mit schneller Lieferung, 100 % garantiert und vertrauensw\u00fcrdig. G\u00fcnstig APAAN online kaufen.","robots":{"index":"index","follow":"follow","max-snippet":"max-snippet:-1","max-image-preview":"max-image-preview:large","max-video-preview":"max-video-preview:-1"},"canonical":"https:\/\/gooddealersmeds.com\/de\/product\/apaan-alpha-phenylacetoacetonitril-online-bestellen\/","og_locale":"en_US","og_type":"article","og_title":"APAAN (Alpha-Phenylacetoacetonitril) online bestellen","og_description":"Bestellen Sie APAAN online. Wir sind ein zuverl\u00e4ssiger und vertrauensw\u00fcrdiger Lieferant von APAAN mit schneller Lieferung, 100 % garantiert und vertrauensw\u00fcrdig. G\u00fcnstig APAAN online kaufen.","og_url":"https:\/\/gooddealersmeds.com\/de\/product\/apaan-alpha-phenylacetoacetonitril-online-bestellen\/","og_site_name":"Good Dealers Meds","article_modified_time":"2023-03-12T02:37:43+00:00","og_image":[{"width":600,"height":600,"url":"https:\/\/gooddealersmeds.com\/de\/wp-content\/uploads\/sites\/3\/2023\/01\/apaan.jpg","type":"image\/jpeg"}],"twitter_card":"summary_large_image","twitter_misc":{"Est. reading time":"2 minutes"},"schema":{"@context":"https:\/\/schema.org","@graph":[{"@type":"WebPage","@id":"https:\/\/gooddealersmeds.com\/de\/product\/apaan-alpha-phenylacetoacetonitril-online-bestellen\/","url":"https:\/\/gooddealersmeds.com\/de\/product\/apaan-alpha-phenylacetoacetonitril-online-bestellen\/","name":"APAAN online bestellen | APAAN zu verkaufen | Kaufen Sie billig APAAN","isPartOf":{"@id":"https:\/\/gooddealersmeds.com\/de\/#website"},"primaryImageOfPage":{"@id":"https:\/\/gooddealersmeds.com\/de\/product\/apaan-alpha-phenylacetoacetonitril-online-bestellen\/#primaryimage"},"image":{"@id":"https:\/\/gooddealersmeds.com\/de\/product\/apaan-alpha-phenylacetoacetonitril-online-bestellen\/#primaryimage"},"thumbnailUrl":"https:\/\/gooddealersmeds.com\/de\/wp-content\/uploads\/sites\/3\/2023\/01\/apaan.jpg","datePublished":"2023-01-08T18:56:19+00:00","dateModified":"2023-03-12T02:37:43+00:00","description":"Bestellen Sie APAAN online. Wir sind ein zuverl\u00e4ssiger und vertrauensw\u00fcrdiger Lieferant von APAAN mit schneller Lieferung, 100 % garantiert und vertrauensw\u00fcrdig. G\u00fcnstig APAAN online kaufen.","breadcrumb":{"@id":"https:\/\/gooddealersmeds.com\/de\/product\/apaan-alpha-phenylacetoacetonitril-online-bestellen\/#breadcrumb"},"inLanguage":"en-US","potentialAction":[{"@type":"ReadAction","target":["https:\/\/gooddealersmeds.com\/de\/product\/apaan-alpha-phenylacetoacetonitril-online-bestellen\/"]}]},{"@type":"ImageObject","inLanguage":"en-US","@id":"https:\/\/gooddealersmeds.com\/de\/product\/apaan-alpha-phenylacetoacetonitril-online-bestellen\/#primaryimage","url":"https:\/\/gooddealersmeds.com\/de\/wp-content\/uploads\/sites\/3\/2023\/01\/apaan.jpg","contentUrl":"https:\/\/gooddealersmeds.com\/de\/wp-content\/uploads\/sites\/3\/2023\/01\/apaan.jpg","width":600,"height":600},{"@type":"BreadcrumbList","@id":"https:\/\/gooddealersmeds.com\/de\/product\/apaan-alpha-phenylacetoacetonitril-online-bestellen\/#breadcrumb","itemListElement":[{"@type":"ListItem","position":1,"name":"Home","item":"https:\/\/gooddealersmeds.com\/de\/"},{"@type":"ListItem","position":2,"name":"Produkte","item":"https:\/\/gooddealersmeds.com\/de\/produkte\/"},{"@type":"ListItem","position":3,"name":"APAAN (Alpha-Phenylacetoacetonitril) online bestellen"}]},{"@type":"WebSite","@id":"https:\/\/gooddealersmeds.com\/de\/#website","url":"https:\/\/gooddealersmeds.com\/de\/","name":"Good Dealers Meds","description":"All our best","publisher":{"@id":"https:\/\/gooddealersmeds.com\/de\/#organization"},"potentialAction":[{"@type":"SearchAction","target":{"@type":"EntryPoint","urlTemplate":"https:\/\/gooddealersmeds.com\/de\/?s={search_term_string}"},"query-input":{"@type":"PropertyValueSpecification","valueRequired":true,"valueName":"search_term_string"}}],"inLanguage":"en-US"},{"@type":"Organization","@id":"https:\/\/gooddealersmeds.com\/de\/#organization","name":"Good Dealers Meds","url":"https:\/\/gooddealersmeds.com\/de\/","logo":{"@type":"ImageObject","inLanguage":"en-US","@id":"https:\/\/gooddealersmeds.com\/de\/#\/schema\/logo\/image\/","url":"https:\/\/gooddealersmeds.com\/de\/wp-content\/uploads\/sites\/3\/2022\/03\/gooddealersmeds__logo__20220317T222800Z.00.png","contentUrl":"https:\/\/gooddealersmeds.com\/de\/wp-content\/uploads\/sites\/3\/2022\/03\/gooddealersmeds__logo__20220317T222800Z.00.png","width":500,"height":325,"caption":"Good Dealers Meds"},"image":{"@id":"https:\/\/gooddealersmeds.com\/de\/#\/schema\/logo\/image\/"}}]}},"_links":{"self":[{"href":"https:\/\/gooddealersmeds.com\/de\/wp-json\/wp\/v2\/product\/2226","targetHints":{"allow":["GET"]}}],"collection":[{"href":"https:\/\/gooddealersmeds.com\/de\/wp-json\/wp\/v2\/product"}],"about":[{"href":"https:\/\/gooddealersmeds.com\/de\/wp-json\/wp\/v2\/types\/product"}],"replies":[{"embeddable":true,"href":"https:\/\/gooddealersmeds.com\/de\/wp-json\/wp\/v2\/comments?post=2226"}],"wp:featuredmedia":[{"embeddable":true,"href":"https:\/\/gooddealersmeds.com\/de\/wp-json\/wp\/v2\/media\/2256"}],"wp:attachment":[{"href":"https:\/\/gooddealersmeds.com\/de\/wp-json\/wp\/v2\/media?parent=2226"}],"wp:term":[{"taxonomy":"product_brand","embeddable":true,"href":"https:\/\/gooddealersmeds.com\/de\/wp-json\/wp\/v2\/product_brand?post=2226"},{"taxonomy":"product_cat","embeddable":true,"href":"https:\/\/gooddealersmeds.com\/de\/wp-json\/wp\/v2\/product_cat?post=2226"},{"taxonomy":"product_tag","embeddable":true,"href":"https:\/\/gooddealersmeds.com\/de\/wp-json\/wp\/v2\/product_tag?post=2226"}],"curies":[{"name":"wp","href":"https:\/\/api.w.org\/{rel}","templated":true}]}}