{"id":2225,"date":"2023-01-08T18:56:19","date_gmt":"2023-01-08T18:56:19","guid":{"rendered":"https:\/\/gooddealersmeds.com\/de\/?post_type=product&#038;p=2225"},"modified":"2023-03-12T02:48:59","modified_gmt":"2023-03-12T02:48:59","slug":"phenylaceton-flussigkeit-zu-verkaufen","status":"publish","type":"product","link":"https:\/\/gooddealersmeds.com\/de\/product\/phenylaceton-flussigkeit-zu-verkaufen\/","title":{"rendered":"Phenylaceton-Fl\u00fcssigkeit zu verkaufen"},"content":{"rendered":"<h2>Phenylaceton online kaufen \u2013 Phenylaceton-Fl\u00fcssigkeit zum Verkauf<\/h2>\n<p>Benzylmethylketon (Phenylaceton) ist eine organische Verbindung mit der chemischen Formel C6H5CH2COCH3. Phenylaceton-Fl\u00fcssigkeit zu verkaufen, es ist auch ein farbloses \u00d6l, das in organischen L\u00f6sungsmitteln l\u00f6slich ist. Au\u00dferdem wird diese Substanz bei der Herstellung von Methamphetamin und Amphetamin verwendet, wo sie allgemein als <a href=\"https:\/\/en.wikipedia.org\/wiki\/Phenylacetone\">P2P<\/a> bekannt ist. Auch die beliebteste Vorstufe von Amphetamin und Methamphetamin ist Phenyl-2-Propanon oder Phenylaceton. Au\u00dferdem gibt es eine erstaunliche Reihe von Synthesewegen zu dieser Verbindung, sowohl aufgrund der relativ einfachen Struktur der Verbindung als auch wegen ihrer Beliebtheit. Schlie\u00dflich k\u00f6nnen viele der Synthesen auch optimiert werden, um substituierte Phenyl-2-Propanone wie den allseits beliebten MDMA-Vorl\u00e4ufer MDP2P (3,4-Methylendioxyphenyl-2-Propanon) herzustellen, indem Ausgangsmaterialien mit den gew\u00fcnschten aromatischen Substituenten verwendet werden, Phenylaceton-Fl\u00fcssigkeit zu verkaufen<\/p>\n<p>G\u00fcnstiges Phenylaceton zu verkaufen<br \/>\nPhenylaceton hier<br \/>\nPhenylaceton in meiner N\u00e4he<br \/>\nPhenylaceton wo zu bestellen<br \/>\nPhenylaceton-Verteiler<br \/>\nPhenylaceton online bestellen<br \/>\nPhenylaceton online kaufen<br \/>\nist Phenylaceton legal<br \/>\nLegiter Phenylaceton-Lieferant<\/p>\n<h3>Phenylaceton-Fl\u00fcssigkeit zu verkaufen beste Qualit\u00e4t<\/h3>\n<p>Wir sind ma\u00dfgeblich daran beteiligt, unseren wertvollen Kunden Phenylaceton von ausgezeichneter Qualit\u00e4t anzubieten, das mit den folgenden Spezifikationen erh\u00e4ltlich ist:<br \/>\nCAS:103-79-7<br \/>\nSummenformel: C9H10O<br \/>\nFormelgewicht: 134,18<\/p>\n<p>&nbsp;<\/p>\n<p>Als 2-Nitro-1-phenylpropan mit Kaninchenlebermikrosomen behandelt wurde, wurde entdeckt, dass Phenylaceton der Hauptmetabolit war, der produziert wurde. Der Anstieg des Produkts mit mikrosomalem Protein und die Abh\u00e4ngigkeit von NADPH und Sauerstoff dienten als Beweis daf\u00fcr, dass der Prozess enzymatisch war. Zus\u00e4tzlich steigerte die Phenobarbital-Induktion die Phenylaceton-Produktion signifikant. Der Prozess wurde durch Kohlenmonoxid gehemmt, was auf die Anwesenheit eines Metalloenzyms hinweist. H2(18)O-Experimente zeigten, dass der Carbonylsauerstoff aus Wasser stammte. Es wird angenommen, dass ein enzymatischer Prozess der chemischen Hydrolyse eines Zwischenprodukts, wahrscheinlich einer sekund\u00e4ren Salpeters\u00e4ure, im mikrosomalen Metabolismus von 2-Nitro-1-phenylpropan vorausgeht.<\/p>\n","protected":false},"excerpt":{"rendered":"<p>Wir sind die besten Anbieter von Phenylaceton zu erschwinglichen Preisen und garantieren die Lieferung. Bestellen Sie die beste Qualit\u00e4t, Phenylaceton-Fl\u00fcssigkeit zum Verkauf.<\/p>\n","protected":false},"featured_media":2255,"comment_status":"open","ping_status":"closed","template":"","meta":{"inline_featured_image":false},"product_brand":[],"product_cat":[344],"product_tag":[677,640,667,673,674,682,676,678,679,681,680,669,675,668,683,670,671,672,685,684],"class_list":{"0":"post-2225","1":"product","2":"type-product","3":"status-publish","4":"has-post-thumbnail","6":"product_cat-forschungschemikalien","7":"product_tag-legitimer-phenylacetonlieferant","8":"product_tag-p2p","9":"product_tag-phenylaceton-kaufen","10":"product_tag-phenylaceton-online-bestellen","11":"product_tag-phenylaceton-und-methylamin","12":"product_tag-phenylaceton-zu-meth","13":"product_tag-phenylaceton-zu-verkaufen","14":"product_tag-phenylaceton-flussigkeit","15":"product_tag-phenylaceton-flussigkeit-zum-verkauf","16":"product_tag-phenylaceton-lieferanten","17":"product_tag-phenylaceton-preis","18":"product_tag-phenylacetonflussigkeit-kaufen","19":"product_tag-phenylacetonkristall","20":"product_tag-phenylacetonkristall-kaufen","21":"product_tag-was-ist-phenylaceton","22":"product_tag-wie-man-phenylaceton-bekommt","23":"product_tag-wie-man-phenylaceton-herstellt","24":"product_tag-wie-man-phenylaceton-zubereitet","25":"product_tag-wo-kann-ich-phenylaceton-bestellen","26":"product_tag-wo-kann-ich-phenylaceton-kaufen","28":"first","29":"instock","30":"shipping-taxable","31":"purchasable","32":"product-type-variable","33":"has-default-attributes"},"yoast_head":"<!-- This site is optimized with the Yoast SEO Premium plugin v20.6 (Yoast SEO v27.4) - https:\/\/yoast.com\/product\/yoast-seo-premium-wordpress\/ -->\n<title>Phenylaceton-Fl\u00fcssigkeit zu verkaufen | Kaufen Sie hier Phenylaceton<\/title>\n<meta name=\"description\" content=\"Wir sind die besten Anbieter von Phenylaceton zu erschwinglichen Preisen und garantieren die Lieferung. Bestellen Sie die beste Qualit\u00e4t, Phenylaceton-Fl\u00fcssigkeit zu verkaufen\" \/>\n<meta name=\"robots\" content=\"index, follow, max-snippet:-1, max-image-preview:large, max-video-preview:-1\" \/>\n<link rel=\"canonical\" href=\"https:\/\/gooddealersmeds.com\/de\/product\/phenylaceton-flussigkeit-zu-verkaufen\/\" \/>\n<meta property=\"og:locale\" content=\"en_US\" \/>\n<meta property=\"og:type\" content=\"article\" \/>\n<meta property=\"og:title\" content=\"Phenylaceton-Fl\u00fcssigkeit zu verkaufen\" \/>\n<meta property=\"og:description\" content=\"Wir sind die besten Anbieter von Phenylaceton zu erschwinglichen Preisen und garantieren die Lieferung. Bestellen Sie die beste Qualit\u00e4t, Phenylaceton-Fl\u00fcssigkeit zu verkaufen\" \/>\n<meta property=\"og:url\" content=\"https:\/\/gooddealersmeds.com\/de\/product\/phenylaceton-flussigkeit-zu-verkaufen\/\" \/>\n<meta property=\"og:site_name\" content=\"Good Dealers Meds\" \/>\n<meta property=\"article:modified_time\" content=\"2023-03-12T02:48:59+00:00\" \/>\n<meta property=\"og:image\" content=\"https:\/\/gooddealersmeds.com\/de\/wp-content\/uploads\/sites\/3\/2023\/01\/Phenylacetone-Liquid.jpg\" \/>\n\t<meta property=\"og:image:width\" content=\"600\" \/>\n\t<meta property=\"og:image:height\" content=\"600\" \/>\n\t<meta property=\"og:image:type\" content=\"image\/jpeg\" \/>\n<meta name=\"twitter:card\" content=\"summary_large_image\" \/>\n<meta name=\"twitter:label1\" content=\"Est. reading time\" \/>\n\t<meta name=\"twitter:data1\" content=\"2 minutes\" \/>\n<script type=\"application\/ld+json\" class=\"yoast-schema-graph\">{\"@context\":\"https:\\\/\\\/schema.org\",\"@graph\":[{\"@type\":\"WebPage\",\"@id\":\"https:\\\/\\\/gooddealersmeds.com\\\/de\\\/product\\\/phenylaceton-flussigkeit-zu-verkaufen\\\/\",\"url\":\"https:\\\/\\\/gooddealersmeds.com\\\/de\\\/product\\\/phenylaceton-flussigkeit-zu-verkaufen\\\/\",\"name\":\"Phenylaceton-Fl\u00fcssigkeit zu verkaufen | Kaufen Sie hier Phenylaceton\",\"isPartOf\":{\"@id\":\"https:\\\/\\\/gooddealersmeds.com\\\/de\\\/#website\"},\"primaryImageOfPage\":{\"@id\":\"https:\\\/\\\/gooddealersmeds.com\\\/de\\\/product\\\/phenylaceton-flussigkeit-zu-verkaufen\\\/#primaryimage\"},\"image\":{\"@id\":\"https:\\\/\\\/gooddealersmeds.com\\\/de\\\/product\\\/phenylaceton-flussigkeit-zu-verkaufen\\\/#primaryimage\"},\"thumbnailUrl\":\"https:\\\/\\\/gooddealersmeds.com\\\/de\\\/wp-content\\\/uploads\\\/sites\\\/3\\\/2023\\\/01\\\/Phenylacetone-Liquid.jpg\",\"datePublished\":\"2023-01-08T18:56:19+00:00\",\"dateModified\":\"2023-03-12T02:48:59+00:00\",\"description\":\"Wir sind die besten Anbieter von Phenylaceton zu erschwinglichen Preisen und garantieren die Lieferung. Bestellen Sie die beste Qualit\u00e4t, Phenylaceton-Fl\u00fcssigkeit zu verkaufen\",\"breadcrumb\":{\"@id\":\"https:\\\/\\\/gooddealersmeds.com\\\/de\\\/product\\\/phenylaceton-flussigkeit-zu-verkaufen\\\/#breadcrumb\"},\"inLanguage\":\"en-US\",\"potentialAction\":[{\"@type\":\"ReadAction\",\"target\":[\"https:\\\/\\\/gooddealersmeds.com\\\/de\\\/product\\\/phenylaceton-flussigkeit-zu-verkaufen\\\/\"]}]},{\"@type\":\"ImageObject\",\"inLanguage\":\"en-US\",\"@id\":\"https:\\\/\\\/gooddealersmeds.com\\\/de\\\/product\\\/phenylaceton-flussigkeit-zu-verkaufen\\\/#primaryimage\",\"url\":\"https:\\\/\\\/gooddealersmeds.com\\\/de\\\/wp-content\\\/uploads\\\/sites\\\/3\\\/2023\\\/01\\\/Phenylacetone-Liquid.jpg\",\"contentUrl\":\"https:\\\/\\\/gooddealersmeds.com\\\/de\\\/wp-content\\\/uploads\\\/sites\\\/3\\\/2023\\\/01\\\/Phenylacetone-Liquid.jpg\",\"width\":600,\"height\":600},{\"@type\":\"BreadcrumbList\",\"@id\":\"https:\\\/\\\/gooddealersmeds.com\\\/de\\\/product\\\/phenylaceton-flussigkeit-zu-verkaufen\\\/#breadcrumb\",\"itemListElement\":[{\"@type\":\"ListItem\",\"position\":1,\"name\":\"Home\",\"item\":\"https:\\\/\\\/gooddealersmeds.com\\\/de\\\/\"},{\"@type\":\"ListItem\",\"position\":2,\"name\":\"Produkte\",\"item\":\"https:\\\/\\\/gooddealersmeds.com\\\/de\\\/produkte\\\/\"},{\"@type\":\"ListItem\",\"position\":3,\"name\":\"Phenylaceton-Fl\u00fcssigkeit zu verkaufen\"}]},{\"@type\":\"WebSite\",\"@id\":\"https:\\\/\\\/gooddealersmeds.com\\\/de\\\/#website\",\"url\":\"https:\\\/\\\/gooddealersmeds.com\\\/de\\\/\",\"name\":\"Good Dealers Meds\",\"description\":\"All our best\",\"publisher\":{\"@id\":\"https:\\\/\\\/gooddealersmeds.com\\\/de\\\/#organization\"},\"potentialAction\":[{\"@type\":\"SearchAction\",\"target\":{\"@type\":\"EntryPoint\",\"urlTemplate\":\"https:\\\/\\\/gooddealersmeds.com\\\/de\\\/?s={search_term_string}\"},\"query-input\":{\"@type\":\"PropertyValueSpecification\",\"valueRequired\":true,\"valueName\":\"search_term_string\"}}],\"inLanguage\":\"en-US\"},{\"@type\":\"Organization\",\"@id\":\"https:\\\/\\\/gooddealersmeds.com\\\/de\\\/#organization\",\"name\":\"Good Dealers Meds\",\"url\":\"https:\\\/\\\/gooddealersmeds.com\\\/de\\\/\",\"logo\":{\"@type\":\"ImageObject\",\"inLanguage\":\"en-US\",\"@id\":\"https:\\\/\\\/gooddealersmeds.com\\\/de\\\/#\\\/schema\\\/logo\\\/image\\\/\",\"url\":\"https:\\\/\\\/gooddealersmeds.com\\\/de\\\/wp-content\\\/uploads\\\/sites\\\/3\\\/2022\\\/03\\\/gooddealersmeds__logo__20220317T222800Z.00.png\",\"contentUrl\":\"https:\\\/\\\/gooddealersmeds.com\\\/de\\\/wp-content\\\/uploads\\\/sites\\\/3\\\/2022\\\/03\\\/gooddealersmeds__logo__20220317T222800Z.00.png\",\"width\":500,\"height\":325,\"caption\":\"Good Dealers Meds\"},\"image\":{\"@id\":\"https:\\\/\\\/gooddealersmeds.com\\\/de\\\/#\\\/schema\\\/logo\\\/image\\\/\"}}]}<\/script>\n<!-- \/ Yoast SEO Premium plugin. -->","yoast_head_json":{"title":"Phenylaceton-Fl\u00fcssigkeit zu verkaufen | Kaufen Sie hier Phenylaceton","description":"Wir sind die besten Anbieter von Phenylaceton zu erschwinglichen Preisen und garantieren die Lieferung. Bestellen Sie die beste Qualit\u00e4t, Phenylaceton-Fl\u00fcssigkeit zu verkaufen","robots":{"index":"index","follow":"follow","max-snippet":"max-snippet:-1","max-image-preview":"max-image-preview:large","max-video-preview":"max-video-preview:-1"},"canonical":"https:\/\/gooddealersmeds.com\/de\/product\/phenylaceton-flussigkeit-zu-verkaufen\/","og_locale":"en_US","og_type":"article","og_title":"Phenylaceton-Fl\u00fcssigkeit zu verkaufen","og_description":"Wir sind die besten Anbieter von Phenylaceton zu erschwinglichen Preisen und garantieren die Lieferung. Bestellen Sie die beste Qualit\u00e4t, Phenylaceton-Fl\u00fcssigkeit zu verkaufen","og_url":"https:\/\/gooddealersmeds.com\/de\/product\/phenylaceton-flussigkeit-zu-verkaufen\/","og_site_name":"Good Dealers Meds","article_modified_time":"2023-03-12T02:48:59+00:00","og_image":[{"width":600,"height":600,"url":"https:\/\/gooddealersmeds.com\/de\/wp-content\/uploads\/sites\/3\/2023\/01\/Phenylacetone-Liquid.jpg","type":"image\/jpeg"}],"twitter_card":"summary_large_image","twitter_misc":{"Est. reading time":"2 minutes"},"schema":{"@context":"https:\/\/schema.org","@graph":[{"@type":"WebPage","@id":"https:\/\/gooddealersmeds.com\/de\/product\/phenylaceton-flussigkeit-zu-verkaufen\/","url":"https:\/\/gooddealersmeds.com\/de\/product\/phenylaceton-flussigkeit-zu-verkaufen\/","name":"Phenylaceton-Fl\u00fcssigkeit zu verkaufen | Kaufen Sie hier Phenylaceton","isPartOf":{"@id":"https:\/\/gooddealersmeds.com\/de\/#website"},"primaryImageOfPage":{"@id":"https:\/\/gooddealersmeds.com\/de\/product\/phenylaceton-flussigkeit-zu-verkaufen\/#primaryimage"},"image":{"@id":"https:\/\/gooddealersmeds.com\/de\/product\/phenylaceton-flussigkeit-zu-verkaufen\/#primaryimage"},"thumbnailUrl":"https:\/\/gooddealersmeds.com\/de\/wp-content\/uploads\/sites\/3\/2023\/01\/Phenylacetone-Liquid.jpg","datePublished":"2023-01-08T18:56:19+00:00","dateModified":"2023-03-12T02:48:59+00:00","description":"Wir sind die besten Anbieter von Phenylaceton zu erschwinglichen Preisen und garantieren die Lieferung. Bestellen Sie die beste Qualit\u00e4t, Phenylaceton-Fl\u00fcssigkeit zu verkaufen","breadcrumb":{"@id":"https:\/\/gooddealersmeds.com\/de\/product\/phenylaceton-flussigkeit-zu-verkaufen\/#breadcrumb"},"inLanguage":"en-US","potentialAction":[{"@type":"ReadAction","target":["https:\/\/gooddealersmeds.com\/de\/product\/phenylaceton-flussigkeit-zu-verkaufen\/"]}]},{"@type":"ImageObject","inLanguage":"en-US","@id":"https:\/\/gooddealersmeds.com\/de\/product\/phenylaceton-flussigkeit-zu-verkaufen\/#primaryimage","url":"https:\/\/gooddealersmeds.com\/de\/wp-content\/uploads\/sites\/3\/2023\/01\/Phenylacetone-Liquid.jpg","contentUrl":"https:\/\/gooddealersmeds.com\/de\/wp-content\/uploads\/sites\/3\/2023\/01\/Phenylacetone-Liquid.jpg","width":600,"height":600},{"@type":"BreadcrumbList","@id":"https:\/\/gooddealersmeds.com\/de\/product\/phenylaceton-flussigkeit-zu-verkaufen\/#breadcrumb","itemListElement":[{"@type":"ListItem","position":1,"name":"Home","item":"https:\/\/gooddealersmeds.com\/de\/"},{"@type":"ListItem","position":2,"name":"Produkte","item":"https:\/\/gooddealersmeds.com\/de\/produkte\/"},{"@type":"ListItem","position":3,"name":"Phenylaceton-Fl\u00fcssigkeit zu verkaufen"}]},{"@type":"WebSite","@id":"https:\/\/gooddealersmeds.com\/de\/#website","url":"https:\/\/gooddealersmeds.com\/de\/","name":"Good Dealers Meds","description":"All our best","publisher":{"@id":"https:\/\/gooddealersmeds.com\/de\/#organization"},"potentialAction":[{"@type":"SearchAction","target":{"@type":"EntryPoint","urlTemplate":"https:\/\/gooddealersmeds.com\/de\/?s={search_term_string}"},"query-input":{"@type":"PropertyValueSpecification","valueRequired":true,"valueName":"search_term_string"}}],"inLanguage":"en-US"},{"@type":"Organization","@id":"https:\/\/gooddealersmeds.com\/de\/#organization","name":"Good Dealers Meds","url":"https:\/\/gooddealersmeds.com\/de\/","logo":{"@type":"ImageObject","inLanguage":"en-US","@id":"https:\/\/gooddealersmeds.com\/de\/#\/schema\/logo\/image\/","url":"https:\/\/gooddealersmeds.com\/de\/wp-content\/uploads\/sites\/3\/2022\/03\/gooddealersmeds__logo__20220317T222800Z.00.png","contentUrl":"https:\/\/gooddealersmeds.com\/de\/wp-content\/uploads\/sites\/3\/2022\/03\/gooddealersmeds__logo__20220317T222800Z.00.png","width":500,"height":325,"caption":"Good Dealers Meds"},"image":{"@id":"https:\/\/gooddealersmeds.com\/de\/#\/schema\/logo\/image\/"}}]}},"_links":{"self":[{"href":"https:\/\/gooddealersmeds.com\/de\/wp-json\/wp\/v2\/product\/2225","targetHints":{"allow":["GET"]}}],"collection":[{"href":"https:\/\/gooddealersmeds.com\/de\/wp-json\/wp\/v2\/product"}],"about":[{"href":"https:\/\/gooddealersmeds.com\/de\/wp-json\/wp\/v2\/types\/product"}],"replies":[{"embeddable":true,"href":"https:\/\/gooddealersmeds.com\/de\/wp-json\/wp\/v2\/comments?post=2225"}],"wp:featuredmedia":[{"embeddable":true,"href":"https:\/\/gooddealersmeds.com\/de\/wp-json\/wp\/v2\/media\/2255"}],"wp:attachment":[{"href":"https:\/\/gooddealersmeds.com\/de\/wp-json\/wp\/v2\/media?parent=2225"}],"wp:term":[{"taxonomy":"product_brand","embeddable":true,"href":"https:\/\/gooddealersmeds.com\/de\/wp-json\/wp\/v2\/product_brand?post=2225"},{"taxonomy":"product_cat","embeddable":true,"href":"https:\/\/gooddealersmeds.com\/de\/wp-json\/wp\/v2\/product_cat?post=2225"},{"taxonomy":"product_tag","embeddable":true,"href":"https:\/\/gooddealersmeds.com\/de\/wp-json\/wp\/v2\/product_tag?post=2225"}],"curies":[{"name":"wp","href":"https:\/\/api.w.org\/{rel}","templated":true}]}}