{"id":2224,"date":"2023-01-08T18:56:18","date_gmt":"2023-01-08T18:56:18","guid":{"rendered":"https:\/\/gooddealersmeds.com\/de\/?post_type=product&#038;p=2224"},"modified":"2023-03-12T03:07:20","modified_gmt":"2023-03-12T03:07:20","slug":"kaufen-sie-pmk-ol-piperonylmethylketon","status":"publish","type":"product","link":"https:\/\/gooddealersmeds.com\/de\/product\/kaufen-sie-pmk-ol-piperonylmethylketon\/","title":{"rendered":"Kaufen Sie PMK-\u00d6l (Piperonylmethylketon)."},"content":{"rendered":"<h2><strong>PMK-\u00d6l (Piperonylmethylketon) online kaufen<\/strong><\/h2>\n<p>Kaufen Sie PMK-\u00d6l online (Piperonylmethylketon). 3,4-Methylendioxyphenylpropan-2-on oder Piperonylmethylketon (MDP2P oder PMK) ist eine chemische Verbindung, die aus einer Phenylacetoneinheit besteht, die mit einer funktionellen Methylendioxygruppe substituiert ist. Es wird normalerweise entweder aus Safrol (im Gegensatz zu 3-[3,4-(Methylendioxy)phenyl]-2-propen) oder aus dem Isosaphrol-Isomer durch Oxidation unter Verwendung des Wacker-Oxidationsverfahrens oder Peroxys\u00e4ureoxidation synthetisiert. MDP2P ist bei Raumtemperatur instabil und sollte zur ordnungsgem\u00e4\u00dfen Lagerung in den Gefrierschrank gestellt werden, Kaufen Sie PMK-\u00d6l online<\/p>\n<p>MDP2P ist ein Vorl\u00e4ufer in der chemischen Synthese der Verbindungsklasse <a href=\"https:\/\/www.emcdda.europa.eu\/publications\/drug-profiles\/glossary_en\">Methylendioxyphenethylamin<\/a> (MDxx), f\u00fcr die 3,4-Methylendioxy-N-methylamphetamin (MDMA) ein klassisches Beispiel ist, und ist auch ein Zwischenprodukt zwischen der MDxx-Familie und der entfernteren Vorl\u00e4ufer, Safrol oder Isosaphrol. Aufgrund seiner Zuordnung zu den Chemikalienklassen MDxx, MDP2P sowie Safrol und Isosaphrol ist es unter dem Chemikalien- und Chemikaliengesetz der United States Drug Administration\u2019s Controlled Substances Act (USAA) als Chemikalien der Liste I aufgef\u00fchrt. Menschenhandel (CDTA). Es gilt auch in der Europ\u00e4ischen Union als Ausgangsmaterial der Kategorie 1, Kaufen Sie PMK-\u00d6l online<\/p>\n<p>&nbsp;<\/p>\n<p>3, 4-Methylendioxyphenylpropan-2-on<br \/>\nPMK<br \/>\nMDP2P<br \/>\nNSC 16688<br \/>\nPVI-2<\/p>\n<h3>Wo k\u00f6nnen Sie PMK bestellen?<\/h3>\n<p>Bist du vielleicht gerade nachts aufgewacht und dein Verstand war von einem guten Gedanken verzaubert: \u201eKann ich meine eigene Molly\/Ecstasy herstellen? Nun, du kannst, aber es ist schwieriger als du denkst. Dazu ben\u00f6tigen Sie bestimmte Vorstufen wie PMK. Oder m\u00f6chten Sie nicht, dass <a href=\"https:\/\/gooddealersmeds.com\/de\/product\/kaufen-sie-pmk-ol-piperonylmethylketon\/\">PMK<\/a> MDMA herstellt? Sie wollen es f\u00fcr Forschungszwecke oder \u00e4hnliches. Wo kann man es kaufen? Oder wo bekommen Sie PMK? Kaufen Sie PMK-\u00d6l<\/p>\n<p>Amphetamine und Methylendioxyphenethylamine werden unter Verwendung von PMK-Ethylglycidat hergestellt. Au\u00dferdem dient es als Benchmark. Diese Substanz wird f\u00fcr wissenschaftliche Studien und die Entwicklung neuer Medikamente verwendet.<\/p>\n","protected":false},"excerpt":{"rendered":"<p>Kaufen Sie PMK-\u00d6l online. Wir sind ein zuverl\u00e4ssiger und vertrauensw\u00fcrdiger Lieferant von PMK-\u00d6l (Piperonylmethylketon) mit schneller Lieferung, 100% garantiert &amp; Vertrauensw\u00fcrdige.<\/p>\n","protected":false},"featured_media":2254,"comment_status":"open","ping_status":"closed","template":"","meta":{"inline_featured_image":false},"product_brand":[],"product_cat":[344],"product_tag":[],"class_list":{"0":"post-2224","1":"product","2":"type-product","3":"status-publish","4":"has-post-thumbnail","6":"product_cat-forschungschemikalien","8":"first","9":"instock","10":"shipping-taxable","11":"purchasable","12":"product-type-variable","13":"has-default-attributes"},"yoast_head":"<!-- This site is optimized with the Yoast SEO Premium plugin v20.6 (Yoast SEO v27.3) - https:\/\/yoast.com\/product\/yoast-seo-premium-wordpress\/ -->\n<title>PMK-\u00d6l online kaufen | Bestellen Sie PMK (Piperonylmethylketon) \u00d6l<\/title>\n<meta name=\"description\" content=\"Kaufen Sie PMK-\u00d6l online. Wir sind ein zuverl\u00e4ssiger und vertrauensw\u00fcrdiger Lieferant von PMK-\u00d6l (Piperonylmethylketon), mit schneller Lieferung, 100% garantiert und vertrauensw\u00fcrdig.\" \/>\n<meta name=\"robots\" content=\"index, follow, max-snippet:-1, max-image-preview:large, max-video-preview:-1\" \/>\n<link rel=\"canonical\" href=\"https:\/\/gooddealersmeds.com\/de\/product\/kaufen-sie-pmk-ol-piperonylmethylketon\/\" \/>\n<meta property=\"og:locale\" content=\"en_US\" \/>\n<meta property=\"og:type\" content=\"article\" \/>\n<meta property=\"og:title\" content=\"Kaufen Sie PMK-\u00d6l (Piperonylmethylketon).\" \/>\n<meta property=\"og:description\" content=\"Kaufen Sie PMK-\u00d6l online. Wir sind ein zuverl\u00e4ssiger und vertrauensw\u00fcrdiger Lieferant von PMK-\u00d6l (Piperonylmethylketon), mit schneller Lieferung, 100% garantiert und vertrauensw\u00fcrdig.\" \/>\n<meta property=\"og:url\" content=\"https:\/\/gooddealersmeds.com\/de\/product\/kaufen-sie-pmk-ol-piperonylmethylketon\/\" \/>\n<meta property=\"og:site_name\" content=\"Good Dealers Meds\" \/>\n<meta property=\"article:modified_time\" content=\"2023-03-12T03:07:20+00:00\" \/>\n<meta property=\"og:image\" content=\"https:\/\/gooddealersmeds.com\/de\/wp-content\/uploads\/sites\/3\/2023\/01\/PMK-Piperonyl-Methyl-Ketone-Oil-1.jpg\" \/>\n\t<meta property=\"og:image:width\" content=\"600\" \/>\n\t<meta property=\"og:image:height\" content=\"600\" \/>\n\t<meta property=\"og:image:type\" content=\"image\/jpeg\" \/>\n<meta name=\"twitter:card\" content=\"summary_large_image\" \/>\n<meta name=\"twitter:label1\" content=\"Est. reading time\" \/>\n\t<meta name=\"twitter:data1\" content=\"1 minute\" \/>\n<script type=\"application\/ld+json\" class=\"yoast-schema-graph\">{\"@context\":\"https:\\\/\\\/schema.org\",\"@graph\":[{\"@type\":\"WebPage\",\"@id\":\"https:\\\/\\\/gooddealersmeds.com\\\/de\\\/product\\\/kaufen-sie-pmk-ol-piperonylmethylketon\\\/\",\"url\":\"https:\\\/\\\/gooddealersmeds.com\\\/de\\\/product\\\/kaufen-sie-pmk-ol-piperonylmethylketon\\\/\",\"name\":\"PMK-\u00d6l online kaufen | Bestellen Sie PMK (Piperonylmethylketon) \u00d6l\",\"isPartOf\":{\"@id\":\"https:\\\/\\\/gooddealersmeds.com\\\/de\\\/#website\"},\"primaryImageOfPage\":{\"@id\":\"https:\\\/\\\/gooddealersmeds.com\\\/de\\\/product\\\/kaufen-sie-pmk-ol-piperonylmethylketon\\\/#primaryimage\"},\"image\":{\"@id\":\"https:\\\/\\\/gooddealersmeds.com\\\/de\\\/product\\\/kaufen-sie-pmk-ol-piperonylmethylketon\\\/#primaryimage\"},\"thumbnailUrl\":\"https:\\\/\\\/gooddealersmeds.com\\\/de\\\/wp-content\\\/uploads\\\/sites\\\/3\\\/2023\\\/01\\\/PMK-Piperonyl-Methyl-Ketone-Oil-1.jpg\",\"datePublished\":\"2023-01-08T18:56:18+00:00\",\"dateModified\":\"2023-03-12T03:07:20+00:00\",\"description\":\"Kaufen Sie PMK-\u00d6l online. Wir sind ein zuverl\u00e4ssiger und vertrauensw\u00fcrdiger Lieferant von PMK-\u00d6l (Piperonylmethylketon), mit schneller Lieferung, 100% garantiert und vertrauensw\u00fcrdig.\",\"breadcrumb\":{\"@id\":\"https:\\\/\\\/gooddealersmeds.com\\\/de\\\/product\\\/kaufen-sie-pmk-ol-piperonylmethylketon\\\/#breadcrumb\"},\"inLanguage\":\"en-US\",\"potentialAction\":[{\"@type\":\"ReadAction\",\"target\":[\"https:\\\/\\\/gooddealersmeds.com\\\/de\\\/product\\\/kaufen-sie-pmk-ol-piperonylmethylketon\\\/\"]}]},{\"@type\":\"ImageObject\",\"inLanguage\":\"en-US\",\"@id\":\"https:\\\/\\\/gooddealersmeds.com\\\/de\\\/product\\\/kaufen-sie-pmk-ol-piperonylmethylketon\\\/#primaryimage\",\"url\":\"https:\\\/\\\/gooddealersmeds.com\\\/de\\\/wp-content\\\/uploads\\\/sites\\\/3\\\/2023\\\/01\\\/PMK-Piperonyl-Methyl-Ketone-Oil-1.jpg\",\"contentUrl\":\"https:\\\/\\\/gooddealersmeds.com\\\/de\\\/wp-content\\\/uploads\\\/sites\\\/3\\\/2023\\\/01\\\/PMK-Piperonyl-Methyl-Ketone-Oil-1.jpg\",\"width\":600,\"height\":600},{\"@type\":\"BreadcrumbList\",\"@id\":\"https:\\\/\\\/gooddealersmeds.com\\\/de\\\/product\\\/kaufen-sie-pmk-ol-piperonylmethylketon\\\/#breadcrumb\",\"itemListElement\":[{\"@type\":\"ListItem\",\"position\":1,\"name\":\"Home\",\"item\":\"https:\\\/\\\/gooddealersmeds.com\\\/de\\\/\"},{\"@type\":\"ListItem\",\"position\":2,\"name\":\"Produkte\",\"item\":\"https:\\\/\\\/gooddealersmeds.com\\\/de\\\/produkte\\\/\"},{\"@type\":\"ListItem\",\"position\":3,\"name\":\"Kaufen Sie PMK-\u00d6l (Piperonylmethylketon).\"}]},{\"@type\":\"WebSite\",\"@id\":\"https:\\\/\\\/gooddealersmeds.com\\\/de\\\/#website\",\"url\":\"https:\\\/\\\/gooddealersmeds.com\\\/de\\\/\",\"name\":\"Good Dealers Meds\",\"description\":\"All our best\",\"publisher\":{\"@id\":\"https:\\\/\\\/gooddealersmeds.com\\\/de\\\/#organization\"},\"potentialAction\":[{\"@type\":\"SearchAction\",\"target\":{\"@type\":\"EntryPoint\",\"urlTemplate\":\"https:\\\/\\\/gooddealersmeds.com\\\/de\\\/?s={search_term_string}\"},\"query-input\":{\"@type\":\"PropertyValueSpecification\",\"valueRequired\":true,\"valueName\":\"search_term_string\"}}],\"inLanguage\":\"en-US\"},{\"@type\":\"Organization\",\"@id\":\"https:\\\/\\\/gooddealersmeds.com\\\/de\\\/#organization\",\"name\":\"Good Dealers Meds\",\"url\":\"https:\\\/\\\/gooddealersmeds.com\\\/de\\\/\",\"logo\":{\"@type\":\"ImageObject\",\"inLanguage\":\"en-US\",\"@id\":\"https:\\\/\\\/gooddealersmeds.com\\\/de\\\/#\\\/schema\\\/logo\\\/image\\\/\",\"url\":\"https:\\\/\\\/gooddealersmeds.com\\\/de\\\/wp-content\\\/uploads\\\/sites\\\/3\\\/2022\\\/03\\\/gooddealersmeds__logo__20220317T222800Z.00.png\",\"contentUrl\":\"https:\\\/\\\/gooddealersmeds.com\\\/de\\\/wp-content\\\/uploads\\\/sites\\\/3\\\/2022\\\/03\\\/gooddealersmeds__logo__20220317T222800Z.00.png\",\"width\":500,\"height\":325,\"caption\":\"Good Dealers Meds\"},\"image\":{\"@id\":\"https:\\\/\\\/gooddealersmeds.com\\\/de\\\/#\\\/schema\\\/logo\\\/image\\\/\"}}]}<\/script>\n<!-- \/ Yoast SEO Premium plugin. -->","yoast_head_json":{"title":"PMK-\u00d6l online kaufen | Bestellen Sie PMK (Piperonylmethylketon) \u00d6l","description":"Kaufen Sie PMK-\u00d6l online. Wir sind ein zuverl\u00e4ssiger und vertrauensw\u00fcrdiger Lieferant von PMK-\u00d6l (Piperonylmethylketon), mit schneller Lieferung, 100% garantiert und vertrauensw\u00fcrdig.","robots":{"index":"index","follow":"follow","max-snippet":"max-snippet:-1","max-image-preview":"max-image-preview:large","max-video-preview":"max-video-preview:-1"},"canonical":"https:\/\/gooddealersmeds.com\/de\/product\/kaufen-sie-pmk-ol-piperonylmethylketon\/","og_locale":"en_US","og_type":"article","og_title":"Kaufen Sie PMK-\u00d6l (Piperonylmethylketon).","og_description":"Kaufen Sie PMK-\u00d6l online. Wir sind ein zuverl\u00e4ssiger und vertrauensw\u00fcrdiger Lieferant von PMK-\u00d6l (Piperonylmethylketon), mit schneller Lieferung, 100% garantiert und vertrauensw\u00fcrdig.","og_url":"https:\/\/gooddealersmeds.com\/de\/product\/kaufen-sie-pmk-ol-piperonylmethylketon\/","og_site_name":"Good Dealers Meds","article_modified_time":"2023-03-12T03:07:20+00:00","og_image":[{"width":600,"height":600,"url":"https:\/\/gooddealersmeds.com\/de\/wp-content\/uploads\/sites\/3\/2023\/01\/PMK-Piperonyl-Methyl-Ketone-Oil-1.jpg","type":"image\/jpeg"}],"twitter_card":"summary_large_image","twitter_misc":{"Est. reading time":"1 minute"},"schema":{"@context":"https:\/\/schema.org","@graph":[{"@type":"WebPage","@id":"https:\/\/gooddealersmeds.com\/de\/product\/kaufen-sie-pmk-ol-piperonylmethylketon\/","url":"https:\/\/gooddealersmeds.com\/de\/product\/kaufen-sie-pmk-ol-piperonylmethylketon\/","name":"PMK-\u00d6l online kaufen | Bestellen Sie PMK (Piperonylmethylketon) \u00d6l","isPartOf":{"@id":"https:\/\/gooddealersmeds.com\/de\/#website"},"primaryImageOfPage":{"@id":"https:\/\/gooddealersmeds.com\/de\/product\/kaufen-sie-pmk-ol-piperonylmethylketon\/#primaryimage"},"image":{"@id":"https:\/\/gooddealersmeds.com\/de\/product\/kaufen-sie-pmk-ol-piperonylmethylketon\/#primaryimage"},"thumbnailUrl":"https:\/\/gooddealersmeds.com\/de\/wp-content\/uploads\/sites\/3\/2023\/01\/PMK-Piperonyl-Methyl-Ketone-Oil-1.jpg","datePublished":"2023-01-08T18:56:18+00:00","dateModified":"2023-03-12T03:07:20+00:00","description":"Kaufen Sie PMK-\u00d6l online. Wir sind ein zuverl\u00e4ssiger und vertrauensw\u00fcrdiger Lieferant von PMK-\u00d6l (Piperonylmethylketon), mit schneller Lieferung, 100% garantiert und vertrauensw\u00fcrdig.","breadcrumb":{"@id":"https:\/\/gooddealersmeds.com\/de\/product\/kaufen-sie-pmk-ol-piperonylmethylketon\/#breadcrumb"},"inLanguage":"en-US","potentialAction":[{"@type":"ReadAction","target":["https:\/\/gooddealersmeds.com\/de\/product\/kaufen-sie-pmk-ol-piperonylmethylketon\/"]}]},{"@type":"ImageObject","inLanguage":"en-US","@id":"https:\/\/gooddealersmeds.com\/de\/product\/kaufen-sie-pmk-ol-piperonylmethylketon\/#primaryimage","url":"https:\/\/gooddealersmeds.com\/de\/wp-content\/uploads\/sites\/3\/2023\/01\/PMK-Piperonyl-Methyl-Ketone-Oil-1.jpg","contentUrl":"https:\/\/gooddealersmeds.com\/de\/wp-content\/uploads\/sites\/3\/2023\/01\/PMK-Piperonyl-Methyl-Ketone-Oil-1.jpg","width":600,"height":600},{"@type":"BreadcrumbList","@id":"https:\/\/gooddealersmeds.com\/de\/product\/kaufen-sie-pmk-ol-piperonylmethylketon\/#breadcrumb","itemListElement":[{"@type":"ListItem","position":1,"name":"Home","item":"https:\/\/gooddealersmeds.com\/de\/"},{"@type":"ListItem","position":2,"name":"Produkte","item":"https:\/\/gooddealersmeds.com\/de\/produkte\/"},{"@type":"ListItem","position":3,"name":"Kaufen Sie PMK-\u00d6l (Piperonylmethylketon)."}]},{"@type":"WebSite","@id":"https:\/\/gooddealersmeds.com\/de\/#website","url":"https:\/\/gooddealersmeds.com\/de\/","name":"Good Dealers Meds","description":"All our best","publisher":{"@id":"https:\/\/gooddealersmeds.com\/de\/#organization"},"potentialAction":[{"@type":"SearchAction","target":{"@type":"EntryPoint","urlTemplate":"https:\/\/gooddealersmeds.com\/de\/?s={search_term_string}"},"query-input":{"@type":"PropertyValueSpecification","valueRequired":true,"valueName":"search_term_string"}}],"inLanguage":"en-US"},{"@type":"Organization","@id":"https:\/\/gooddealersmeds.com\/de\/#organization","name":"Good Dealers Meds","url":"https:\/\/gooddealersmeds.com\/de\/","logo":{"@type":"ImageObject","inLanguage":"en-US","@id":"https:\/\/gooddealersmeds.com\/de\/#\/schema\/logo\/image\/","url":"https:\/\/gooddealersmeds.com\/de\/wp-content\/uploads\/sites\/3\/2022\/03\/gooddealersmeds__logo__20220317T222800Z.00.png","contentUrl":"https:\/\/gooddealersmeds.com\/de\/wp-content\/uploads\/sites\/3\/2022\/03\/gooddealersmeds__logo__20220317T222800Z.00.png","width":500,"height":325,"caption":"Good Dealers Meds"},"image":{"@id":"https:\/\/gooddealersmeds.com\/de\/#\/schema\/logo\/image\/"}}]}},"_links":{"self":[{"href":"https:\/\/gooddealersmeds.com\/de\/wp-json\/wp\/v2\/product\/2224","targetHints":{"allow":["GET"]}}],"collection":[{"href":"https:\/\/gooddealersmeds.com\/de\/wp-json\/wp\/v2\/product"}],"about":[{"href":"https:\/\/gooddealersmeds.com\/de\/wp-json\/wp\/v2\/types\/product"}],"replies":[{"embeddable":true,"href":"https:\/\/gooddealersmeds.com\/de\/wp-json\/wp\/v2\/comments?post=2224"}],"wp:featuredmedia":[{"embeddable":true,"href":"https:\/\/gooddealersmeds.com\/de\/wp-json\/wp\/v2\/media\/2254"}],"wp:attachment":[{"href":"https:\/\/gooddealersmeds.com\/de\/wp-json\/wp\/v2\/media?parent=2224"}],"wp:term":[{"taxonomy":"product_brand","embeddable":true,"href":"https:\/\/gooddealersmeds.com\/de\/wp-json\/wp\/v2\/product_brand?post=2224"},{"taxonomy":"product_cat","embeddable":true,"href":"https:\/\/gooddealersmeds.com\/de\/wp-json\/wp\/v2\/product_cat?post=2224"},{"taxonomy":"product_tag","embeddable":true,"href":"https:\/\/gooddealersmeds.com\/de\/wp-json\/wp\/v2\/product_tag?post=2224"}],"curies":[{"name":"wp","href":"https:\/\/api.w.org\/{rel}","templated":true}]}}