{"id":2223,"date":"2023-01-08T18:56:18","date_gmt":"2023-01-08T18:56:18","guid":{"rendered":"https:\/\/gooddealersmeds.com\/de\/?post_type=product&#038;p=2223"},"modified":"2023-03-12T03:16:31","modified_gmt":"2023-03-12T03:16:31","slug":"jwh-250-online-kaufen","status":"publish","type":"product","link":"https:\/\/gooddealersmeds.com\/de\/product\/jwh-250-online-kaufen\/","title":{"rendered":"JWH-250 online kaufen"},"content":{"rendered":"<h2><strong>JWH-250 online kaufen<\/strong><\/h2>\n<p>JWH-250 ist ein Indol-Cannabimimetikum, das eine hohe Affinit\u00e4t zu zentralen und peripheren Cannabinoidrezeptoren aufweist. JWH-250 online kaufen wurde als Bestandteil mehrerer verschiedener \u201eKr\u00e4uter-Weihrauch\u201c-Produkte identifiziert, die oft als \u201enichtmenschlich\u201c verkauft werden. JWH-250 geh\u00f6rt zur Kategorie der synthetischen Cannabinoid-Rezeptor-Agonisten (SCRA)-Medikamente und hat \u00e4hnliche Wirkungen wie THC. Die Menge an JWH-250 in einer Packung kann erheblich variieren, was die Wahrscheinlichkeit einer \u00dcberdosierung erh\u00f6ht, da die Verbraucher nicht genau wissen, was in diesem pflanzlichen Produkt enthalten ist. Berichtete \u00dcberdosierungseffekte umfassen Tachykardie, Bluthochdruck, Agitiertheit, Halluzinationen, leichte Erh\u00f6hung des Blutzuckers, Hypokali\u00e4mie und Erbrechen. <a href=\"https:\/\/gooddealersmeds.com\/de\/product\/jwh-250-online-kaufen\/\">JWH-250<\/a>.<\/p>\n<p>&nbsp;<\/p>\n<p>JWH-250 online kaufen. JWH-250 ist ein synthetischer Cannabinoidrezeptor-Agonist, der seit Ende der 2000er Jahre in Produkten nachgewiesen wird. Es wurde von Dr. John W. Huffman erstellt und ein Bericht dar\u00fcber wurde 2005 von Huffman et al. ver\u00f6ffentlicht. JWH-250 online kaufen<\/p>\n<p>&nbsp;<\/p>\n<p>Das Medikament ist ein Phenylacetylindol und wirkt als Agonist an CB1- und CB2-Rezeptoren. Es hat eine Affinit\u00e4t von ~11 nM zu CB1 und ~33 nM zu CB2.<\/p>\n<p>Wenige Jahre nach der ersten Erw\u00e4hnung in der Literatur kam JWH-250 auf den Markt.<\/p>\n<p>Es wurde auch in Pulvern und Mischungen nachgewiesen, die \u00fcber das Internet an Forscher in Japan verkauft wurden. Diese Proben enthielten 77\u2013165 mg pro Produkt.<\/p>\n<p>Aufgrund der Art und Weise, wie es verkauft wurde, ist es wahrscheinlich, dass Menschen JWH-250 begegnet sind, ohne es zu merken.<\/p>\n<p>Molmasse:\u00a0335,439\u00a0g\/mol<\/p>\n<p>ChEMBL-ID:\u00a0188031<\/p>\n<p>ChemSpider-ID:\u00a023256117<\/p>\n<p>PubChem-Kundennummer:\u00a044397540<\/p>\n<p>Formel: C22H25NO2<\/p>\n<p>&nbsp;<\/p>\n<p>Kaufen Sie legitime JWH-250 zum Verkauf Webseite, wie man billig JWH-250 weltweiter Versand kauft, JWH-250 Medikament zum Verkauf, JWH-250 Badesalz zum Verkauf, JWH-250 zum Verkauf, JWH-250 Pflanzennahrung zum Verkauf, Qualit\u00e4t JWH -250 zu verkaufen, JWH-250 kaufen Websites, wo JWH-250 kaufen, JWH-250 bestellen, JWH-250 Verkauf, wo kann ich JWH-250 kaufen, JWH-250 wo kaufen, bester Ort, um JWH-250 zu kaufen , mJWH-250 Lieferanten, JWH-250 kaufen, reines JWH-250, JWH-250 kaufen, JWH-250 speichern, JWH-250 Gro\u00dfhandel, JWH-250 kaufen, JWH-250 zu verkaufen, JWH-250 kaufen, billig JWH kaufen -250 online, billiges Mephedron online kaufen, wo man billiges JWH-250 kaufen kann Shop, billiges JWH-250 f\u00fcr den Pflanzengebrauch kaufen, wo man JWH-250 f\u00fcr den pers\u00f6nlichen Gebrauch kaufen, billiges JWH-250 kaufen, wo man JWH-250 zum Verkauf bekommt , Bulk JWH-250 kaufen, JWH-250 zu erschwinglichen Preisen kaufen, JWH-250 f\u00fcr den pers\u00f6nlichen Gebrauch kaufen, JWH-250 zum Verkauf kaufen, Qualit\u00e4t JWH-250 zum Verkauf kaufen, JWH-250 im Internet kaufen,<\/p>\n","protected":false},"excerpt":{"rendered":"<p>JWH-250 ist ein Indol-Cannabimimetikum, das eine hohe Affinit\u00e4t zu zentralen und peripheren Cannabinoidrezeptoren aufweist. JWH-250 online kaufen wurde als Bestandteil mehrerer verschiedener \u201eKr\u00e4uter-Weihrauch\u201c-Produkte identifiziert, die oft als \u201enichtmenschlich\u201c verkauft werden.<\/p>\n","protected":false},"featured_media":2253,"comment_status":"open","ping_status":"closed","template":"","meta":{"inline_featured_image":false},"product_brand":[],"product_cat":[344],"product_tag":[],"class_list":{"0":"post-2223","1":"product","2":"type-product","3":"status-publish","4":"has-post-thumbnail","6":"product_cat-forschungschemikalien","8":"first","9":"instock","10":"shipping-taxable","11":"purchasable","12":"product-type-variable","13":"has-default-attributes"},"yoast_head":"<!-- This site is optimized with the Yoast SEO Premium plugin v20.6 (Yoast SEO v27.3) - https:\/\/yoast.com\/product\/yoast-seo-premium-wordpress\/ -->\n<title>JWH-250 online kaufen | JWH-250 bestellen | JWH-250 zu verkaufen<\/title>\n<meta name=\"description\" content=\"Kaufen Sie JWH-250 online zu einem erschwinglichen Preis. Wir sind ein zuverl\u00e4ssiger und vertrauensw\u00fcrdiger Lieferant von JWH-250 mit schneller Lieferung, 100% garantiert und vertrauensw\u00fcrdig.\" \/>\n<meta name=\"robots\" content=\"index, follow, max-snippet:-1, max-image-preview:large, max-video-preview:-1\" \/>\n<link rel=\"canonical\" href=\"https:\/\/gooddealersmeds.com\/de\/product\/jwh-250-online-kaufen\/\" \/>\n<meta property=\"og:locale\" content=\"en_US\" \/>\n<meta property=\"og:type\" content=\"article\" \/>\n<meta property=\"og:title\" content=\"JWH-250 online kaufen\" \/>\n<meta property=\"og:description\" content=\"Kaufen Sie JWH-250 online zu einem erschwinglichen Preis. Wir sind ein zuverl\u00e4ssiger und vertrauensw\u00fcrdiger Lieferant von JWH-250 mit schneller Lieferung, 100% garantiert und vertrauensw\u00fcrdig.\" \/>\n<meta property=\"og:url\" content=\"https:\/\/gooddealersmeds.com\/de\/product\/jwh-250-online-kaufen\/\" \/>\n<meta property=\"og:site_name\" content=\"Good Dealers Meds\" \/>\n<meta property=\"article:modified_time\" content=\"2023-03-12T03:16:31+00:00\" \/>\n<meta property=\"og:image\" content=\"https:\/\/gooddealersmeds.com\/de\/wp-content\/uploads\/sites\/3\/2023\/01\/jhw.png\" \/>\n\t<meta property=\"og:image:width\" content=\"267\" \/>\n\t<meta property=\"og:image:height\" content=\"189\" \/>\n\t<meta property=\"og:image:type\" content=\"image\/png\" \/>\n<meta name=\"twitter:card\" content=\"summary_large_image\" \/>\n<meta name=\"twitter:label1\" content=\"Est. reading time\" \/>\n\t<meta name=\"twitter:data1\" content=\"2 minutes\" \/>\n<script type=\"application\/ld+json\" class=\"yoast-schema-graph\">{\"@context\":\"https:\\\/\\\/schema.org\",\"@graph\":[{\"@type\":\"WebPage\",\"@id\":\"https:\\\/\\\/gooddealersmeds.com\\\/de\\\/product\\\/jwh-250-online-kaufen\\\/\",\"url\":\"https:\\\/\\\/gooddealersmeds.com\\\/de\\\/product\\\/jwh-250-online-kaufen\\\/\",\"name\":\"JWH-250 online kaufen | JWH-250 bestellen | JWH-250 zu verkaufen\",\"isPartOf\":{\"@id\":\"https:\\\/\\\/gooddealersmeds.com\\\/de\\\/#website\"},\"primaryImageOfPage\":{\"@id\":\"https:\\\/\\\/gooddealersmeds.com\\\/de\\\/product\\\/jwh-250-online-kaufen\\\/#primaryimage\"},\"image\":{\"@id\":\"https:\\\/\\\/gooddealersmeds.com\\\/de\\\/product\\\/jwh-250-online-kaufen\\\/#primaryimage\"},\"thumbnailUrl\":\"https:\\\/\\\/gooddealersmeds.com\\\/de\\\/wp-content\\\/uploads\\\/sites\\\/3\\\/2023\\\/01\\\/jhw.png\",\"datePublished\":\"2023-01-08T18:56:18+00:00\",\"dateModified\":\"2023-03-12T03:16:31+00:00\",\"description\":\"Kaufen Sie JWH-250 online zu einem erschwinglichen Preis. Wir sind ein zuverl\u00e4ssiger und vertrauensw\u00fcrdiger Lieferant von JWH-250 mit schneller Lieferung, 100% garantiert und vertrauensw\u00fcrdig.\",\"breadcrumb\":{\"@id\":\"https:\\\/\\\/gooddealersmeds.com\\\/de\\\/product\\\/jwh-250-online-kaufen\\\/#breadcrumb\"},\"inLanguage\":\"en-US\",\"potentialAction\":[{\"@type\":\"ReadAction\",\"target\":[\"https:\\\/\\\/gooddealersmeds.com\\\/de\\\/product\\\/jwh-250-online-kaufen\\\/\"]}]},{\"@type\":\"ImageObject\",\"inLanguage\":\"en-US\",\"@id\":\"https:\\\/\\\/gooddealersmeds.com\\\/de\\\/product\\\/jwh-250-online-kaufen\\\/#primaryimage\",\"url\":\"https:\\\/\\\/gooddealersmeds.com\\\/de\\\/wp-content\\\/uploads\\\/sites\\\/3\\\/2023\\\/01\\\/jhw.png\",\"contentUrl\":\"https:\\\/\\\/gooddealersmeds.com\\\/de\\\/wp-content\\\/uploads\\\/sites\\\/3\\\/2023\\\/01\\\/jhw.png\",\"width\":267,\"height\":189},{\"@type\":\"BreadcrumbList\",\"@id\":\"https:\\\/\\\/gooddealersmeds.com\\\/de\\\/product\\\/jwh-250-online-kaufen\\\/#breadcrumb\",\"itemListElement\":[{\"@type\":\"ListItem\",\"position\":1,\"name\":\"Home\",\"item\":\"https:\\\/\\\/gooddealersmeds.com\\\/de\\\/\"},{\"@type\":\"ListItem\",\"position\":2,\"name\":\"Produkte\",\"item\":\"https:\\\/\\\/gooddealersmeds.com\\\/de\\\/produkte\\\/\"},{\"@type\":\"ListItem\",\"position\":3,\"name\":\"JWH-250 online kaufen\"}]},{\"@type\":\"WebSite\",\"@id\":\"https:\\\/\\\/gooddealersmeds.com\\\/de\\\/#website\",\"url\":\"https:\\\/\\\/gooddealersmeds.com\\\/de\\\/\",\"name\":\"Good Dealers Meds\",\"description\":\"All our best\",\"publisher\":{\"@id\":\"https:\\\/\\\/gooddealersmeds.com\\\/de\\\/#organization\"},\"potentialAction\":[{\"@type\":\"SearchAction\",\"target\":{\"@type\":\"EntryPoint\",\"urlTemplate\":\"https:\\\/\\\/gooddealersmeds.com\\\/de\\\/?s={search_term_string}\"},\"query-input\":{\"@type\":\"PropertyValueSpecification\",\"valueRequired\":true,\"valueName\":\"search_term_string\"}}],\"inLanguage\":\"en-US\"},{\"@type\":\"Organization\",\"@id\":\"https:\\\/\\\/gooddealersmeds.com\\\/de\\\/#organization\",\"name\":\"Good Dealers Meds\",\"url\":\"https:\\\/\\\/gooddealersmeds.com\\\/de\\\/\",\"logo\":{\"@type\":\"ImageObject\",\"inLanguage\":\"en-US\",\"@id\":\"https:\\\/\\\/gooddealersmeds.com\\\/de\\\/#\\\/schema\\\/logo\\\/image\\\/\",\"url\":\"https:\\\/\\\/gooddealersmeds.com\\\/de\\\/wp-content\\\/uploads\\\/sites\\\/3\\\/2022\\\/03\\\/gooddealersmeds__logo__20220317T222800Z.00.png\",\"contentUrl\":\"https:\\\/\\\/gooddealersmeds.com\\\/de\\\/wp-content\\\/uploads\\\/sites\\\/3\\\/2022\\\/03\\\/gooddealersmeds__logo__20220317T222800Z.00.png\",\"width\":500,\"height\":325,\"caption\":\"Good Dealers Meds\"},\"image\":{\"@id\":\"https:\\\/\\\/gooddealersmeds.com\\\/de\\\/#\\\/schema\\\/logo\\\/image\\\/\"}}]}<\/script>\n<!-- \/ Yoast SEO Premium plugin. -->","yoast_head_json":{"title":"JWH-250 online kaufen | JWH-250 bestellen | JWH-250 zu verkaufen","description":"Kaufen Sie JWH-250 online zu einem erschwinglichen Preis. Wir sind ein zuverl\u00e4ssiger und vertrauensw\u00fcrdiger Lieferant von JWH-250 mit schneller Lieferung, 100% garantiert und vertrauensw\u00fcrdig.","robots":{"index":"index","follow":"follow","max-snippet":"max-snippet:-1","max-image-preview":"max-image-preview:large","max-video-preview":"max-video-preview:-1"},"canonical":"https:\/\/gooddealersmeds.com\/de\/product\/jwh-250-online-kaufen\/","og_locale":"en_US","og_type":"article","og_title":"JWH-250 online kaufen","og_description":"Kaufen Sie JWH-250 online zu einem erschwinglichen Preis. Wir sind ein zuverl\u00e4ssiger und vertrauensw\u00fcrdiger Lieferant von JWH-250 mit schneller Lieferung, 100% garantiert und vertrauensw\u00fcrdig.","og_url":"https:\/\/gooddealersmeds.com\/de\/product\/jwh-250-online-kaufen\/","og_site_name":"Good Dealers Meds","article_modified_time":"2023-03-12T03:16:31+00:00","og_image":[{"width":267,"height":189,"url":"https:\/\/gooddealersmeds.com\/de\/wp-content\/uploads\/sites\/3\/2023\/01\/jhw.png","type":"image\/png"}],"twitter_card":"summary_large_image","twitter_misc":{"Est. reading time":"2 minutes"},"schema":{"@context":"https:\/\/schema.org","@graph":[{"@type":"WebPage","@id":"https:\/\/gooddealersmeds.com\/de\/product\/jwh-250-online-kaufen\/","url":"https:\/\/gooddealersmeds.com\/de\/product\/jwh-250-online-kaufen\/","name":"JWH-250 online kaufen | JWH-250 bestellen | JWH-250 zu verkaufen","isPartOf":{"@id":"https:\/\/gooddealersmeds.com\/de\/#website"},"primaryImageOfPage":{"@id":"https:\/\/gooddealersmeds.com\/de\/product\/jwh-250-online-kaufen\/#primaryimage"},"image":{"@id":"https:\/\/gooddealersmeds.com\/de\/product\/jwh-250-online-kaufen\/#primaryimage"},"thumbnailUrl":"https:\/\/gooddealersmeds.com\/de\/wp-content\/uploads\/sites\/3\/2023\/01\/jhw.png","datePublished":"2023-01-08T18:56:18+00:00","dateModified":"2023-03-12T03:16:31+00:00","description":"Kaufen Sie JWH-250 online zu einem erschwinglichen Preis. Wir sind ein zuverl\u00e4ssiger und vertrauensw\u00fcrdiger Lieferant von JWH-250 mit schneller Lieferung, 100% garantiert und vertrauensw\u00fcrdig.","breadcrumb":{"@id":"https:\/\/gooddealersmeds.com\/de\/product\/jwh-250-online-kaufen\/#breadcrumb"},"inLanguage":"en-US","potentialAction":[{"@type":"ReadAction","target":["https:\/\/gooddealersmeds.com\/de\/product\/jwh-250-online-kaufen\/"]}]},{"@type":"ImageObject","inLanguage":"en-US","@id":"https:\/\/gooddealersmeds.com\/de\/product\/jwh-250-online-kaufen\/#primaryimage","url":"https:\/\/gooddealersmeds.com\/de\/wp-content\/uploads\/sites\/3\/2023\/01\/jhw.png","contentUrl":"https:\/\/gooddealersmeds.com\/de\/wp-content\/uploads\/sites\/3\/2023\/01\/jhw.png","width":267,"height":189},{"@type":"BreadcrumbList","@id":"https:\/\/gooddealersmeds.com\/de\/product\/jwh-250-online-kaufen\/#breadcrumb","itemListElement":[{"@type":"ListItem","position":1,"name":"Home","item":"https:\/\/gooddealersmeds.com\/de\/"},{"@type":"ListItem","position":2,"name":"Produkte","item":"https:\/\/gooddealersmeds.com\/de\/produkte\/"},{"@type":"ListItem","position":3,"name":"JWH-250 online kaufen"}]},{"@type":"WebSite","@id":"https:\/\/gooddealersmeds.com\/de\/#website","url":"https:\/\/gooddealersmeds.com\/de\/","name":"Good Dealers Meds","description":"All our best","publisher":{"@id":"https:\/\/gooddealersmeds.com\/de\/#organization"},"potentialAction":[{"@type":"SearchAction","target":{"@type":"EntryPoint","urlTemplate":"https:\/\/gooddealersmeds.com\/de\/?s={search_term_string}"},"query-input":{"@type":"PropertyValueSpecification","valueRequired":true,"valueName":"search_term_string"}}],"inLanguage":"en-US"},{"@type":"Organization","@id":"https:\/\/gooddealersmeds.com\/de\/#organization","name":"Good Dealers Meds","url":"https:\/\/gooddealersmeds.com\/de\/","logo":{"@type":"ImageObject","inLanguage":"en-US","@id":"https:\/\/gooddealersmeds.com\/de\/#\/schema\/logo\/image\/","url":"https:\/\/gooddealersmeds.com\/de\/wp-content\/uploads\/sites\/3\/2022\/03\/gooddealersmeds__logo__20220317T222800Z.00.png","contentUrl":"https:\/\/gooddealersmeds.com\/de\/wp-content\/uploads\/sites\/3\/2022\/03\/gooddealersmeds__logo__20220317T222800Z.00.png","width":500,"height":325,"caption":"Good Dealers Meds"},"image":{"@id":"https:\/\/gooddealersmeds.com\/de\/#\/schema\/logo\/image\/"}}]}},"_links":{"self":[{"href":"https:\/\/gooddealersmeds.com\/de\/wp-json\/wp\/v2\/product\/2223","targetHints":{"allow":["GET"]}}],"collection":[{"href":"https:\/\/gooddealersmeds.com\/de\/wp-json\/wp\/v2\/product"}],"about":[{"href":"https:\/\/gooddealersmeds.com\/de\/wp-json\/wp\/v2\/types\/product"}],"replies":[{"embeddable":true,"href":"https:\/\/gooddealersmeds.com\/de\/wp-json\/wp\/v2\/comments?post=2223"}],"wp:featuredmedia":[{"embeddable":true,"href":"https:\/\/gooddealersmeds.com\/de\/wp-json\/wp\/v2\/media\/2253"}],"wp:attachment":[{"href":"https:\/\/gooddealersmeds.com\/de\/wp-json\/wp\/v2\/media?parent=2223"}],"wp:term":[{"taxonomy":"product_brand","embeddable":true,"href":"https:\/\/gooddealersmeds.com\/de\/wp-json\/wp\/v2\/product_brand?post=2223"},{"taxonomy":"product_cat","embeddable":true,"href":"https:\/\/gooddealersmeds.com\/de\/wp-json\/wp\/v2\/product_cat?post=2223"},{"taxonomy":"product_tag","embeddable":true,"href":"https:\/\/gooddealersmeds.com\/de\/wp-json\/wp\/v2\/product_tag?post=2223"}],"curies":[{"name":"wp","href":"https:\/\/api.w.org\/{rel}","templated":true}]}}