{"id":2222,"date":"2023-01-08T18:56:18","date_gmt":"2023-01-08T18:56:18","guid":{"rendered":"https:\/\/gooddealersmeds.com\/de\/?post_type=product&#038;p=2222"},"modified":"2023-03-12T03:21:04","modified_gmt":"2023-03-12T03:21:04","slug":"jwh-018-online-kaufen","status":"publish","type":"product","link":"https:\/\/gooddealersmeds.com\/de\/product\/jwh-018-online-kaufen\/","title":{"rendered":"JWH-018 online kaufen"},"content":{"rendered":"<h2>JWH 018 Pulver: Kaufen Sie JWH-018 online<\/h2>\n<p>JWH-018 Online kaufen ist ein analytisches Referenzmaterial, das als\u00a0<a href=\"https:\/\/www.frontiersin.org\/articles\/10.3389\/fpsyt.2018.00055\/full\">synthetisches Cannabinoid<\/a> klassifiziert ist. 1. Kommt in Kr\u00e4utermischungen vom Typ Spice\/K2 vor und kann neurotoxische Eigenschaften haben. JWH-018 wurde auch von drei verschiedenen nicht-traditionellen Online-Quellen bezogen: <a href=\"https:\/\/gooddealersmeds.com\/de\/product\/jwh-018-online-kaufen\/\">jwh018 <\/a>.<\/p>\n<p>Sehen und kaufen Sie JWH 018 in hoher Reinheit. JWH-018 ist ein synthetischer Cannabinoid-Agonist ohne die klassische chemische Struktur von Cannabinoiden. Es wurde in der Forschung als Forschungswerkzeug verwendet.<\/p>\n<p>JWH-018 bestellen<br \/>\nwo kann ich JWH-018 kaufen<br \/>\nJWH-018 zu verkaufen<br \/>\nJWH-018<br \/>\nKaufen Sie JWH-018 online<br \/>\nJWH-018 hier kaufen<\/p>\n<p>&nbsp;<\/p>\n<p><strong>JWH-018 zu verkaufen<\/strong><\/p>\n<p>Wir sind bestrebt, Kunden auf der ganzen Welt bei ihren unterschiedlichen Bed\u00fcrfnissen zu unterst\u00fctzen, indem wir umfassende und professionelle Dienstleistungen anbieten. Genie\u00dfen Sie bei unseren Gesch\u00e4ftspartnern und Kunden einen guten Ruf f\u00fcr qualitativ hochwertige Produkte, pflegen Sie mit jahrelanger Erfahrung h\u00f6chste Standards bei der Herstellung unserer Produkte und der Auswahl aller Produkte, die wir in unser Sortiment aufnehmen.<\/p>\n<p>In dieser Branche haben wir uns einen Ruf als einer der vertrauensw\u00fcrdigsten Lieferanten in Gro\u00dfbritannien, Europa und der Welt aufgebaut.<\/p>\n<p>Wir wissen, dass es viele verschiedene Optionen f\u00fcr die Lieferung Ihrer Forschungschemikalien gibt,<\/p>\n<p>Nehmen Sie sich also bitte einen Moment Zeit, um zu lesen, was uns von den anderen unterscheidet.<\/p>\n<p>JWH-018 online bestellen<br \/>\nG\u00fcnstige JWH-018 zu verkaufen<br \/>\nJWH-018 hier<br \/>\nJWH-018 in meiner N\u00e4he<br \/>\nJWH-018 wo bestellen<br \/>\nJWH-018 Verteiler<\/p>\n","protected":false},"excerpt":{"rendered":"<p><strong>JWH 018 online kaufen:<\/strong><\/p>\n<p>Viele JWH 018 Kunden bestellen bei uns. Wir verkaufen die beste Qualit\u00e4t JWH-018 online und unsere beste Zahlungsmethode. Sie k\u00f6nnen JWH-018 bestellen und \u00fcber Nacht liefern lassen, die Lieferung erfolgt sorgf\u00e4ltig, es ist keine Unterschrift erforderlich. Gooddealchem.com ist Ihre L\u00f6sung, um JWH-018 online zu kaufen.<\/p>\n","protected":false},"featured_media":2252,"comment_status":"open","ping_status":"closed","template":"","meta":{"inline_featured_image":false},"product_brand":[],"product_cat":[344],"product_tag":[688,687,686],"class_list":{"0":"post-2222","1":"product","2":"type-product","3":"status-publish","4":"has-post-thumbnail","6":"product_cat-forschungschemikalien","7":"product_tag-ein-legitimer-jwh-018-lieferant","8":"product_tag-ist-jwh-018-legal","9":"product_tag-wenn-sie-jwh-018-online-kaufen","11":"first","12":"instock","13":"shipping-taxable","14":"purchasable","15":"product-type-variable","16":"has-default-attributes"},"yoast_head":"<!-- This site is optimized with the Yoast SEO Premium plugin v20.6 (Yoast SEO v27.3) - https:\/\/yoast.com\/product\/yoast-seo-premium-wordpress\/ -->\n<title>JWH-018 online kaufen | JWH-018 hier bestellen | JWH-018 zu verkaufen.<\/title>\n<meta name=\"description\" content=\"Kaufen Sie JWH-018 online, wir sind die besten Anbieter von JWH-018 zu erschwinglichen Preisen und garantieren die Lieferung. Bestellen Sie das beste Qualit\u00e4tsprodukt.\" \/>\n<meta name=\"robots\" content=\"index, follow, max-snippet:-1, max-image-preview:large, max-video-preview:-1\" \/>\n<link rel=\"canonical\" href=\"https:\/\/gooddealersmeds.com\/de\/product\/jwh-018-online-kaufen\/\" \/>\n<meta property=\"og:locale\" content=\"en_US\" \/>\n<meta property=\"og:type\" content=\"article\" \/>\n<meta property=\"og:title\" content=\"JWH-018 online kaufen\" \/>\n<meta property=\"og:description\" content=\"Kaufen Sie JWH-018 online, wir sind die besten Anbieter von JWH-018 zu erschwinglichen Preisen und garantieren die Lieferung. Bestellen Sie das beste Qualit\u00e4tsprodukt.\" \/>\n<meta property=\"og:url\" content=\"https:\/\/gooddealersmeds.com\/de\/product\/jwh-018-online-kaufen\/\" \/>\n<meta property=\"og:site_name\" content=\"Good Dealers Meds\" \/>\n<meta property=\"article:modified_time\" content=\"2023-03-12T03:21:04+00:00\" \/>\n<meta property=\"og:image\" content=\"https:\/\/gooddealersmeds.com\/de\/wp-content\/uploads\/sites\/3\/2023\/01\/JHW-018-1.jpg\" \/>\n\t<meta property=\"og:image:width\" content=\"600\" \/>\n\t<meta property=\"og:image:height\" content=\"600\" \/>\n\t<meta property=\"og:image:type\" content=\"image\/jpeg\" \/>\n<meta name=\"twitter:card\" content=\"summary_large_image\" \/>\n<meta name=\"twitter:label1\" content=\"Est. reading time\" \/>\n\t<meta name=\"twitter:data1\" content=\"1 minute\" \/>\n<script type=\"application\/ld+json\" class=\"yoast-schema-graph\">{\"@context\":\"https:\\\/\\\/schema.org\",\"@graph\":[{\"@type\":\"WebPage\",\"@id\":\"https:\\\/\\\/gooddealersmeds.com\\\/de\\\/product\\\/jwh-018-online-kaufen\\\/\",\"url\":\"https:\\\/\\\/gooddealersmeds.com\\\/de\\\/product\\\/jwh-018-online-kaufen\\\/\",\"name\":\"JWH-018 online kaufen | JWH-018 hier bestellen | JWH-018 zu verkaufen.\",\"isPartOf\":{\"@id\":\"https:\\\/\\\/gooddealersmeds.com\\\/de\\\/#website\"},\"primaryImageOfPage\":{\"@id\":\"https:\\\/\\\/gooddealersmeds.com\\\/de\\\/product\\\/jwh-018-online-kaufen\\\/#primaryimage\"},\"image\":{\"@id\":\"https:\\\/\\\/gooddealersmeds.com\\\/de\\\/product\\\/jwh-018-online-kaufen\\\/#primaryimage\"},\"thumbnailUrl\":\"https:\\\/\\\/gooddealersmeds.com\\\/de\\\/wp-content\\\/uploads\\\/sites\\\/3\\\/2023\\\/01\\\/JHW-018-1.jpg\",\"datePublished\":\"2023-01-08T18:56:18+00:00\",\"dateModified\":\"2023-03-12T03:21:04+00:00\",\"description\":\"Kaufen Sie JWH-018 online, wir sind die besten Anbieter von JWH-018 zu erschwinglichen Preisen und garantieren die Lieferung. Bestellen Sie das beste Qualit\u00e4tsprodukt.\",\"breadcrumb\":{\"@id\":\"https:\\\/\\\/gooddealersmeds.com\\\/de\\\/product\\\/jwh-018-online-kaufen\\\/#breadcrumb\"},\"inLanguage\":\"en-US\",\"potentialAction\":[{\"@type\":\"ReadAction\",\"target\":[\"https:\\\/\\\/gooddealersmeds.com\\\/de\\\/product\\\/jwh-018-online-kaufen\\\/\"]}]},{\"@type\":\"ImageObject\",\"inLanguage\":\"en-US\",\"@id\":\"https:\\\/\\\/gooddealersmeds.com\\\/de\\\/product\\\/jwh-018-online-kaufen\\\/#primaryimage\",\"url\":\"https:\\\/\\\/gooddealersmeds.com\\\/de\\\/wp-content\\\/uploads\\\/sites\\\/3\\\/2023\\\/01\\\/JHW-018-1.jpg\",\"contentUrl\":\"https:\\\/\\\/gooddealersmeds.com\\\/de\\\/wp-content\\\/uploads\\\/sites\\\/3\\\/2023\\\/01\\\/JHW-018-1.jpg\",\"width\":600,\"height\":600},{\"@type\":\"BreadcrumbList\",\"@id\":\"https:\\\/\\\/gooddealersmeds.com\\\/de\\\/product\\\/jwh-018-online-kaufen\\\/#breadcrumb\",\"itemListElement\":[{\"@type\":\"ListItem\",\"position\":1,\"name\":\"Home\",\"item\":\"https:\\\/\\\/gooddealersmeds.com\\\/de\\\/\"},{\"@type\":\"ListItem\",\"position\":2,\"name\":\"Produkte\",\"item\":\"https:\\\/\\\/gooddealersmeds.com\\\/de\\\/produkte\\\/\"},{\"@type\":\"ListItem\",\"position\":3,\"name\":\"JWH-018 online kaufen\"}]},{\"@type\":\"WebSite\",\"@id\":\"https:\\\/\\\/gooddealersmeds.com\\\/de\\\/#website\",\"url\":\"https:\\\/\\\/gooddealersmeds.com\\\/de\\\/\",\"name\":\"Good Dealers Meds\",\"description\":\"All our best\",\"publisher\":{\"@id\":\"https:\\\/\\\/gooddealersmeds.com\\\/de\\\/#organization\"},\"potentialAction\":[{\"@type\":\"SearchAction\",\"target\":{\"@type\":\"EntryPoint\",\"urlTemplate\":\"https:\\\/\\\/gooddealersmeds.com\\\/de\\\/?s={search_term_string}\"},\"query-input\":{\"@type\":\"PropertyValueSpecification\",\"valueRequired\":true,\"valueName\":\"search_term_string\"}}],\"inLanguage\":\"en-US\"},{\"@type\":\"Organization\",\"@id\":\"https:\\\/\\\/gooddealersmeds.com\\\/de\\\/#organization\",\"name\":\"Good Dealers Meds\",\"url\":\"https:\\\/\\\/gooddealersmeds.com\\\/de\\\/\",\"logo\":{\"@type\":\"ImageObject\",\"inLanguage\":\"en-US\",\"@id\":\"https:\\\/\\\/gooddealersmeds.com\\\/de\\\/#\\\/schema\\\/logo\\\/image\\\/\",\"url\":\"https:\\\/\\\/gooddealersmeds.com\\\/de\\\/wp-content\\\/uploads\\\/sites\\\/3\\\/2022\\\/03\\\/gooddealersmeds__logo__20220317T222800Z.00.png\",\"contentUrl\":\"https:\\\/\\\/gooddealersmeds.com\\\/de\\\/wp-content\\\/uploads\\\/sites\\\/3\\\/2022\\\/03\\\/gooddealersmeds__logo__20220317T222800Z.00.png\",\"width\":500,\"height\":325,\"caption\":\"Good Dealers Meds\"},\"image\":{\"@id\":\"https:\\\/\\\/gooddealersmeds.com\\\/de\\\/#\\\/schema\\\/logo\\\/image\\\/\"}}]}<\/script>\n<!-- \/ Yoast SEO Premium plugin. -->","yoast_head_json":{"title":"JWH-018 online kaufen | JWH-018 hier bestellen | JWH-018 zu verkaufen.","description":"Kaufen Sie JWH-018 online, wir sind die besten Anbieter von JWH-018 zu erschwinglichen Preisen und garantieren die Lieferung. Bestellen Sie das beste Qualit\u00e4tsprodukt.","robots":{"index":"index","follow":"follow","max-snippet":"max-snippet:-1","max-image-preview":"max-image-preview:large","max-video-preview":"max-video-preview:-1"},"canonical":"https:\/\/gooddealersmeds.com\/de\/product\/jwh-018-online-kaufen\/","og_locale":"en_US","og_type":"article","og_title":"JWH-018 online kaufen","og_description":"Kaufen Sie JWH-018 online, wir sind die besten Anbieter von JWH-018 zu erschwinglichen Preisen und garantieren die Lieferung. Bestellen Sie das beste Qualit\u00e4tsprodukt.","og_url":"https:\/\/gooddealersmeds.com\/de\/product\/jwh-018-online-kaufen\/","og_site_name":"Good Dealers Meds","article_modified_time":"2023-03-12T03:21:04+00:00","og_image":[{"width":600,"height":600,"url":"https:\/\/gooddealersmeds.com\/de\/wp-content\/uploads\/sites\/3\/2023\/01\/JHW-018-1.jpg","type":"image\/jpeg"}],"twitter_card":"summary_large_image","twitter_misc":{"Est. reading time":"1 minute"},"schema":{"@context":"https:\/\/schema.org","@graph":[{"@type":"WebPage","@id":"https:\/\/gooddealersmeds.com\/de\/product\/jwh-018-online-kaufen\/","url":"https:\/\/gooddealersmeds.com\/de\/product\/jwh-018-online-kaufen\/","name":"JWH-018 online kaufen | JWH-018 hier bestellen | JWH-018 zu verkaufen.","isPartOf":{"@id":"https:\/\/gooddealersmeds.com\/de\/#website"},"primaryImageOfPage":{"@id":"https:\/\/gooddealersmeds.com\/de\/product\/jwh-018-online-kaufen\/#primaryimage"},"image":{"@id":"https:\/\/gooddealersmeds.com\/de\/product\/jwh-018-online-kaufen\/#primaryimage"},"thumbnailUrl":"https:\/\/gooddealersmeds.com\/de\/wp-content\/uploads\/sites\/3\/2023\/01\/JHW-018-1.jpg","datePublished":"2023-01-08T18:56:18+00:00","dateModified":"2023-03-12T03:21:04+00:00","description":"Kaufen Sie JWH-018 online, wir sind die besten Anbieter von JWH-018 zu erschwinglichen Preisen und garantieren die Lieferung. Bestellen Sie das beste Qualit\u00e4tsprodukt.","breadcrumb":{"@id":"https:\/\/gooddealersmeds.com\/de\/product\/jwh-018-online-kaufen\/#breadcrumb"},"inLanguage":"en-US","potentialAction":[{"@type":"ReadAction","target":["https:\/\/gooddealersmeds.com\/de\/product\/jwh-018-online-kaufen\/"]}]},{"@type":"ImageObject","inLanguage":"en-US","@id":"https:\/\/gooddealersmeds.com\/de\/product\/jwh-018-online-kaufen\/#primaryimage","url":"https:\/\/gooddealersmeds.com\/de\/wp-content\/uploads\/sites\/3\/2023\/01\/JHW-018-1.jpg","contentUrl":"https:\/\/gooddealersmeds.com\/de\/wp-content\/uploads\/sites\/3\/2023\/01\/JHW-018-1.jpg","width":600,"height":600},{"@type":"BreadcrumbList","@id":"https:\/\/gooddealersmeds.com\/de\/product\/jwh-018-online-kaufen\/#breadcrumb","itemListElement":[{"@type":"ListItem","position":1,"name":"Home","item":"https:\/\/gooddealersmeds.com\/de\/"},{"@type":"ListItem","position":2,"name":"Produkte","item":"https:\/\/gooddealersmeds.com\/de\/produkte\/"},{"@type":"ListItem","position":3,"name":"JWH-018 online kaufen"}]},{"@type":"WebSite","@id":"https:\/\/gooddealersmeds.com\/de\/#website","url":"https:\/\/gooddealersmeds.com\/de\/","name":"Good Dealers Meds","description":"All our best","publisher":{"@id":"https:\/\/gooddealersmeds.com\/de\/#organization"},"potentialAction":[{"@type":"SearchAction","target":{"@type":"EntryPoint","urlTemplate":"https:\/\/gooddealersmeds.com\/de\/?s={search_term_string}"},"query-input":{"@type":"PropertyValueSpecification","valueRequired":true,"valueName":"search_term_string"}}],"inLanguage":"en-US"},{"@type":"Organization","@id":"https:\/\/gooddealersmeds.com\/de\/#organization","name":"Good Dealers Meds","url":"https:\/\/gooddealersmeds.com\/de\/","logo":{"@type":"ImageObject","inLanguage":"en-US","@id":"https:\/\/gooddealersmeds.com\/de\/#\/schema\/logo\/image\/","url":"https:\/\/gooddealersmeds.com\/de\/wp-content\/uploads\/sites\/3\/2022\/03\/gooddealersmeds__logo__20220317T222800Z.00.png","contentUrl":"https:\/\/gooddealersmeds.com\/de\/wp-content\/uploads\/sites\/3\/2022\/03\/gooddealersmeds__logo__20220317T222800Z.00.png","width":500,"height":325,"caption":"Good Dealers Meds"},"image":{"@id":"https:\/\/gooddealersmeds.com\/de\/#\/schema\/logo\/image\/"}}]}},"_links":{"self":[{"href":"https:\/\/gooddealersmeds.com\/de\/wp-json\/wp\/v2\/product\/2222","targetHints":{"allow":["GET"]}}],"collection":[{"href":"https:\/\/gooddealersmeds.com\/de\/wp-json\/wp\/v2\/product"}],"about":[{"href":"https:\/\/gooddealersmeds.com\/de\/wp-json\/wp\/v2\/types\/product"}],"replies":[{"embeddable":true,"href":"https:\/\/gooddealersmeds.com\/de\/wp-json\/wp\/v2\/comments?post=2222"}],"wp:featuredmedia":[{"embeddable":true,"href":"https:\/\/gooddealersmeds.com\/de\/wp-json\/wp\/v2\/media\/2252"}],"wp:attachment":[{"href":"https:\/\/gooddealersmeds.com\/de\/wp-json\/wp\/v2\/media?parent=2222"}],"wp:term":[{"taxonomy":"product_brand","embeddable":true,"href":"https:\/\/gooddealersmeds.com\/de\/wp-json\/wp\/v2\/product_brand?post=2222"},{"taxonomy":"product_cat","embeddable":true,"href":"https:\/\/gooddealersmeds.com\/de\/wp-json\/wp\/v2\/product_cat?post=2222"},{"taxonomy":"product_tag","embeddable":true,"href":"https:\/\/gooddealersmeds.com\/de\/wp-json\/wp\/v2\/product_tag?post=2222"}],"curies":[{"name":"wp","href":"https:\/\/api.w.org\/{rel}","templated":true}]}}