{"id":2221,"date":"2023-01-08T18:56:18","date_gmt":"2023-01-08T18:56:18","guid":{"rendered":"https:\/\/gooddealersmeds.com\/de\/?post_type=product&#038;p=2221"},"modified":"2023-03-12T02:44:07","modified_gmt":"2023-03-12T02:44:07","slug":"caluanie-muelear-oxidize-kaufen","status":"publish","type":"product","link":"https:\/\/gooddealersmeds.com\/de\/product\/caluanie-muelear-oxidize-kaufen\/","title":{"rendered":"Caluanie Muelear Oxidize kaufen"},"content":{"rendered":"<h2><strong>Caluanie Muelear Oxidize online\u00a0<\/strong><\/h2>\n<p>Kaufen Sie Caluanie Muelear Oxidize , das\u00a0<a href=\"https:\/\/en.wikipedia.org\/wiki\/Research_chemical\">chemische<\/a>\u00a0Produkt von Caluanie ist eine hellbraune viskose Fl\u00fcssigkeit, die aus gewonnen wird<\/p>\n<p>Caluanie wird in der Chemie- und Farbenindustrie als hygroskopisches Mittel verwendet und findet breite Anwendung in der Beschichtungs-, Farben-, Kunststoff- und Druckfarbenindustrie.<\/p>\n<p>&nbsp;<\/p>\n<p><strong>Wir bieten Caluanie Muelear Oxidize zum Verkauf an.<\/strong><\/p>\n<p>Produkte:\u00a0Caluanie Muelear Oxidize\u00a0(Caluanie roh 99\u00a0% hergestellt von Muelearoxide), Caluanie (Thermostat mit oxidativer Verteilung, schweres Wasser):<\/p>\n<p>Dieses Produkt wird zum Zerkleinern und Verarbeiten von Edelmetallen und Halbedelsteinen verwendet. Es wird bei der Verarbeitung von Edel- und Halbedelsteinen sowie zum Zerkleinern von Metallen in der chemischen Industrie verwendet. Caluanie Mulear Oxid online USA<\/p>\n<p>Verf\u00fcgbare Verpackungen: 5L und 20L, 50L, 100L Gro\u00dfpackung oder auf Anfrage des K\u00e4ufers.,<\/p>\n<p>Kaufen Sie Caluanie Mulear Oxide online Europa<br \/>\nWo kann man Caluanie Mulear Oxide online in Europa kaufen<br \/>\nGro\u00dfhandel Caluanie Mulear Oxide online Europa<\/p>\n<p>Wir sind ein zuverl\u00e4ssiges Zulieferunternehmen und erreichen in allen L\u00e4ndern 100% Erfolg.<br \/>\nSchweres Wasser ver\u00e4ndert die Eigenschaften von Metallen und macht sie spr\u00f6de. Aber zum Zeitpunkt der starken Wasserverdunstung kehrt das Metall in seinen urspr\u00fcnglichen Zustand zur\u00fcck<\/p>\n<p>Caluanie Muelear Oxidieren bestellen<br \/>\nWo kann ich Caluanie Muelear Oxidize kaufen?<br \/>\nCaluanie Muelear Oxidize zu verkaufen<br \/>\nCaluanie Muelear Oxidieren<br \/>\nKaufen Sie Caluanie Muelear Oxidize online<br \/>\nCaluanie Muelear Oxidize hier kaufen<br \/>\nCaluanie Muelear Oxidieren<br \/>\nCaluanie Muelear Oxidize online bestellen<br \/>\nG\u00fcnstige Caluanie Muelear Oxidize zu verkaufen<br \/>\nCaluanie Muelear Hier oxidieren<br \/>\nCaluanie Muelear Oxidize in meiner N\u00e4he<br \/>\nCaluanie Muelear Oxidize wo bestellen<br \/>\nCaluanie Muelear Oxidize-Verteiler<\/p>\n<p>Bestellen Sie Caluanie Mulear Oxide online Europa<br \/>\nWo kann man Caluanie Mulear Oxide online in Europa bestellen?<br \/>\nGro\u00dfhandel Caluanie Mulear Oxide online<\/p>\n<p>Wir bieten Caluanie Muelear Oxidize zum Kauf an<\/p>\n","protected":false},"excerpt":{"rendered":"<p><strong>Kaufen Sie in den USA hergestelltes Caluanie Muelear Oxidize f\u00fcr die Metallzerkleinerung<\/strong><\/p>\n<p>Wir bieten Caluanie Muelear Oxidize zum Kauf an. Produkt: Caluanie Muelear Oxidize (Raw Caluanie 99% hergestellt aus Muelearoxidize) Caluanie (Thermostat f\u00fcr oxidative Partisanisierung, schweres Wasser): Preis pro Karton (1 St\u00fcck) -5 L.<\/p>\n","protected":false},"featured_media":2251,"comment_status":"open","ping_status":"closed","template":"","meta":{"inline_featured_image":false},"product_brand":[],"product_cat":[344],"product_tag":[618,694,690,692,689,693,697,698,695,691,696,699],"class_list":{"0":"post-2221","1":"product","2":"type-product","3":"status-publish","4":"has-post-thumbnail","6":"product_cat-forschungschemikalien","7":"product_tag-caluanie-muelear-oxidize","8":"product_tag-caluanie-muelear-oxidize-bestellen","9":"product_tag-caluanie-muelear-oxidize-handler","10":"product_tag-caluanie-muelear-oxidize-hier","11":"product_tag-caluanie-muelear-oxidize-hier-kaufen","12":"product_tag-caluanie-muelear-oxidize-in-meiner-nahe","13":"product_tag-caluanie-muelear-oxidize-online-bestellen","14":"product_tag-caluanie-muelear-oxidize-online-kaufen","15":"product_tag-caluanie-muelear-oxidize-wo-bestellen","16":"product_tag-caluanie-muelear-oxidize-zu-verkaufen","17":"product_tag-gunstiges-caluanie-muelear-oxidize-zu-verkaufen","18":"product_tag-wo-kann-ich-caluanie-muelear-oxidize-kaufen","20":"first","21":"instock","22":"shipping-taxable","23":"purchasable","24":"product-type-variable","25":"has-default-attributes"},"yoast_head":"<!-- This site is optimized with the Yoast SEO Premium plugin v20.6 (Yoast SEO v27.3) - https:\/\/yoast.com\/product\/yoast-seo-premium-wordpress\/ -->\n<title>Kaufen Sie Caluanie Muelear Oxidize | Caluanie Muelear zu Verkaufen.<\/title>\n<meta name=\"description\" content=\"Wir sind der beste Anbieter von Caluanie Muelear Oxidize zu erschwinglichen Preisen und garantieren die Lieferung. Caluanie Muelear Oxidize kaufen.\" \/>\n<meta name=\"robots\" content=\"index, follow, max-snippet:-1, max-image-preview:large, max-video-preview:-1\" \/>\n<link rel=\"canonical\" href=\"https:\/\/gooddealersmeds.com\/de\/product\/caluanie-muelear-oxidize-kaufen\/\" \/>\n<meta property=\"og:locale\" content=\"en_US\" \/>\n<meta property=\"og:type\" content=\"article\" \/>\n<meta property=\"og:title\" content=\"Caluanie Muelear Oxidize kaufen\" \/>\n<meta property=\"og:description\" content=\"Wir sind der beste Anbieter von Caluanie Muelear Oxidize zu erschwinglichen Preisen und garantieren die Lieferung. Caluanie Muelear Oxidize kaufen.\" \/>\n<meta property=\"og:url\" content=\"https:\/\/gooddealersmeds.com\/de\/product\/caluanie-muelear-oxidize-kaufen\/\" \/>\n<meta property=\"og:site_name\" content=\"Good Dealers Meds\" \/>\n<meta property=\"article:modified_time\" content=\"2023-03-12T02:44:07+00:00\" \/>\n<meta property=\"og:image\" content=\"https:\/\/gooddealersmeds.com\/de\/wp-content\/uploads\/sites\/3\/2023\/01\/Caluanie-Muelear-Oxidize-for-sal.jpg\" \/>\n\t<meta property=\"og:image:width\" content=\"600\" \/>\n\t<meta property=\"og:image:height\" content=\"600\" \/>\n\t<meta property=\"og:image:type\" content=\"image\/jpeg\" \/>\n<meta name=\"twitter:card\" content=\"summary_large_image\" \/>\n<meta name=\"twitter:label1\" content=\"Est. reading time\" \/>\n\t<meta name=\"twitter:data1\" content=\"1 minute\" \/>\n<script type=\"application\/ld+json\" class=\"yoast-schema-graph\">{\"@context\":\"https:\\\/\\\/schema.org\",\"@graph\":[{\"@type\":\"WebPage\",\"@id\":\"https:\\\/\\\/gooddealersmeds.com\\\/de\\\/product\\\/caluanie-muelear-oxidize-kaufen\\\/\",\"url\":\"https:\\\/\\\/gooddealersmeds.com\\\/de\\\/product\\\/caluanie-muelear-oxidize-kaufen\\\/\",\"name\":\"Kaufen Sie Caluanie Muelear Oxidize | Caluanie Muelear zu Verkaufen.\",\"isPartOf\":{\"@id\":\"https:\\\/\\\/gooddealersmeds.com\\\/de\\\/#website\"},\"primaryImageOfPage\":{\"@id\":\"https:\\\/\\\/gooddealersmeds.com\\\/de\\\/product\\\/caluanie-muelear-oxidize-kaufen\\\/#primaryimage\"},\"image\":{\"@id\":\"https:\\\/\\\/gooddealersmeds.com\\\/de\\\/product\\\/caluanie-muelear-oxidize-kaufen\\\/#primaryimage\"},\"thumbnailUrl\":\"https:\\\/\\\/gooddealersmeds.com\\\/de\\\/wp-content\\\/uploads\\\/sites\\\/3\\\/2023\\\/01\\\/Caluanie-Muelear-Oxidize-for-sal.jpg\",\"datePublished\":\"2023-01-08T18:56:18+00:00\",\"dateModified\":\"2023-03-12T02:44:07+00:00\",\"description\":\"Wir sind der beste Anbieter von Caluanie Muelear Oxidize zu erschwinglichen Preisen und garantieren die Lieferung. Caluanie Muelear Oxidize kaufen.\",\"breadcrumb\":{\"@id\":\"https:\\\/\\\/gooddealersmeds.com\\\/de\\\/product\\\/caluanie-muelear-oxidize-kaufen\\\/#breadcrumb\"},\"inLanguage\":\"en-US\",\"potentialAction\":[{\"@type\":\"ReadAction\",\"target\":[\"https:\\\/\\\/gooddealersmeds.com\\\/de\\\/product\\\/caluanie-muelear-oxidize-kaufen\\\/\"]}]},{\"@type\":\"ImageObject\",\"inLanguage\":\"en-US\",\"@id\":\"https:\\\/\\\/gooddealersmeds.com\\\/de\\\/product\\\/caluanie-muelear-oxidize-kaufen\\\/#primaryimage\",\"url\":\"https:\\\/\\\/gooddealersmeds.com\\\/de\\\/wp-content\\\/uploads\\\/sites\\\/3\\\/2023\\\/01\\\/Caluanie-Muelear-Oxidize-for-sal.jpg\",\"contentUrl\":\"https:\\\/\\\/gooddealersmeds.com\\\/de\\\/wp-content\\\/uploads\\\/sites\\\/3\\\/2023\\\/01\\\/Caluanie-Muelear-Oxidize-for-sal.jpg\",\"width\":600,\"height\":600},{\"@type\":\"BreadcrumbList\",\"@id\":\"https:\\\/\\\/gooddealersmeds.com\\\/de\\\/product\\\/caluanie-muelear-oxidize-kaufen\\\/#breadcrumb\",\"itemListElement\":[{\"@type\":\"ListItem\",\"position\":1,\"name\":\"Home\",\"item\":\"https:\\\/\\\/gooddealersmeds.com\\\/de\\\/\"},{\"@type\":\"ListItem\",\"position\":2,\"name\":\"Produkte\",\"item\":\"https:\\\/\\\/gooddealersmeds.com\\\/de\\\/produkte\\\/\"},{\"@type\":\"ListItem\",\"position\":3,\"name\":\"Caluanie Muelear Oxidize kaufen\"}]},{\"@type\":\"WebSite\",\"@id\":\"https:\\\/\\\/gooddealersmeds.com\\\/de\\\/#website\",\"url\":\"https:\\\/\\\/gooddealersmeds.com\\\/de\\\/\",\"name\":\"Good Dealers Meds\",\"description\":\"All our best\",\"publisher\":{\"@id\":\"https:\\\/\\\/gooddealersmeds.com\\\/de\\\/#organization\"},\"potentialAction\":[{\"@type\":\"SearchAction\",\"target\":{\"@type\":\"EntryPoint\",\"urlTemplate\":\"https:\\\/\\\/gooddealersmeds.com\\\/de\\\/?s={search_term_string}\"},\"query-input\":{\"@type\":\"PropertyValueSpecification\",\"valueRequired\":true,\"valueName\":\"search_term_string\"}}],\"inLanguage\":\"en-US\"},{\"@type\":\"Organization\",\"@id\":\"https:\\\/\\\/gooddealersmeds.com\\\/de\\\/#organization\",\"name\":\"Good Dealers Meds\",\"url\":\"https:\\\/\\\/gooddealersmeds.com\\\/de\\\/\",\"logo\":{\"@type\":\"ImageObject\",\"inLanguage\":\"en-US\",\"@id\":\"https:\\\/\\\/gooddealersmeds.com\\\/de\\\/#\\\/schema\\\/logo\\\/image\\\/\",\"url\":\"https:\\\/\\\/gooddealersmeds.com\\\/de\\\/wp-content\\\/uploads\\\/sites\\\/3\\\/2022\\\/03\\\/gooddealersmeds__logo__20220317T222800Z.00.png\",\"contentUrl\":\"https:\\\/\\\/gooddealersmeds.com\\\/de\\\/wp-content\\\/uploads\\\/sites\\\/3\\\/2022\\\/03\\\/gooddealersmeds__logo__20220317T222800Z.00.png\",\"width\":500,\"height\":325,\"caption\":\"Good Dealers Meds\"},\"image\":{\"@id\":\"https:\\\/\\\/gooddealersmeds.com\\\/de\\\/#\\\/schema\\\/logo\\\/image\\\/\"}}]}<\/script>\n<!-- \/ Yoast SEO Premium plugin. -->","yoast_head_json":{"title":"Kaufen Sie Caluanie Muelear Oxidize | Caluanie Muelear zu Verkaufen.","description":"Wir sind der beste Anbieter von Caluanie Muelear Oxidize zu erschwinglichen Preisen und garantieren die Lieferung. Caluanie Muelear Oxidize kaufen.","robots":{"index":"index","follow":"follow","max-snippet":"max-snippet:-1","max-image-preview":"max-image-preview:large","max-video-preview":"max-video-preview:-1"},"canonical":"https:\/\/gooddealersmeds.com\/de\/product\/caluanie-muelear-oxidize-kaufen\/","og_locale":"en_US","og_type":"article","og_title":"Caluanie Muelear Oxidize kaufen","og_description":"Wir sind der beste Anbieter von Caluanie Muelear Oxidize zu erschwinglichen Preisen und garantieren die Lieferung. Caluanie Muelear Oxidize kaufen.","og_url":"https:\/\/gooddealersmeds.com\/de\/product\/caluanie-muelear-oxidize-kaufen\/","og_site_name":"Good Dealers Meds","article_modified_time":"2023-03-12T02:44:07+00:00","og_image":[{"width":600,"height":600,"url":"https:\/\/gooddealersmeds.com\/de\/wp-content\/uploads\/sites\/3\/2023\/01\/Caluanie-Muelear-Oxidize-for-sal.jpg","type":"image\/jpeg"}],"twitter_card":"summary_large_image","twitter_misc":{"Est. reading time":"1 minute"},"schema":{"@context":"https:\/\/schema.org","@graph":[{"@type":"WebPage","@id":"https:\/\/gooddealersmeds.com\/de\/product\/caluanie-muelear-oxidize-kaufen\/","url":"https:\/\/gooddealersmeds.com\/de\/product\/caluanie-muelear-oxidize-kaufen\/","name":"Kaufen Sie Caluanie Muelear Oxidize | Caluanie Muelear zu Verkaufen.","isPartOf":{"@id":"https:\/\/gooddealersmeds.com\/de\/#website"},"primaryImageOfPage":{"@id":"https:\/\/gooddealersmeds.com\/de\/product\/caluanie-muelear-oxidize-kaufen\/#primaryimage"},"image":{"@id":"https:\/\/gooddealersmeds.com\/de\/product\/caluanie-muelear-oxidize-kaufen\/#primaryimage"},"thumbnailUrl":"https:\/\/gooddealersmeds.com\/de\/wp-content\/uploads\/sites\/3\/2023\/01\/Caluanie-Muelear-Oxidize-for-sal.jpg","datePublished":"2023-01-08T18:56:18+00:00","dateModified":"2023-03-12T02:44:07+00:00","description":"Wir sind der beste Anbieter von Caluanie Muelear Oxidize zu erschwinglichen Preisen und garantieren die Lieferung. Caluanie Muelear Oxidize kaufen.","breadcrumb":{"@id":"https:\/\/gooddealersmeds.com\/de\/product\/caluanie-muelear-oxidize-kaufen\/#breadcrumb"},"inLanguage":"en-US","potentialAction":[{"@type":"ReadAction","target":["https:\/\/gooddealersmeds.com\/de\/product\/caluanie-muelear-oxidize-kaufen\/"]}]},{"@type":"ImageObject","inLanguage":"en-US","@id":"https:\/\/gooddealersmeds.com\/de\/product\/caluanie-muelear-oxidize-kaufen\/#primaryimage","url":"https:\/\/gooddealersmeds.com\/de\/wp-content\/uploads\/sites\/3\/2023\/01\/Caluanie-Muelear-Oxidize-for-sal.jpg","contentUrl":"https:\/\/gooddealersmeds.com\/de\/wp-content\/uploads\/sites\/3\/2023\/01\/Caluanie-Muelear-Oxidize-for-sal.jpg","width":600,"height":600},{"@type":"BreadcrumbList","@id":"https:\/\/gooddealersmeds.com\/de\/product\/caluanie-muelear-oxidize-kaufen\/#breadcrumb","itemListElement":[{"@type":"ListItem","position":1,"name":"Home","item":"https:\/\/gooddealersmeds.com\/de\/"},{"@type":"ListItem","position":2,"name":"Produkte","item":"https:\/\/gooddealersmeds.com\/de\/produkte\/"},{"@type":"ListItem","position":3,"name":"Caluanie Muelear Oxidize kaufen"}]},{"@type":"WebSite","@id":"https:\/\/gooddealersmeds.com\/de\/#website","url":"https:\/\/gooddealersmeds.com\/de\/","name":"Good Dealers Meds","description":"All our best","publisher":{"@id":"https:\/\/gooddealersmeds.com\/de\/#organization"},"potentialAction":[{"@type":"SearchAction","target":{"@type":"EntryPoint","urlTemplate":"https:\/\/gooddealersmeds.com\/de\/?s={search_term_string}"},"query-input":{"@type":"PropertyValueSpecification","valueRequired":true,"valueName":"search_term_string"}}],"inLanguage":"en-US"},{"@type":"Organization","@id":"https:\/\/gooddealersmeds.com\/de\/#organization","name":"Good Dealers Meds","url":"https:\/\/gooddealersmeds.com\/de\/","logo":{"@type":"ImageObject","inLanguage":"en-US","@id":"https:\/\/gooddealersmeds.com\/de\/#\/schema\/logo\/image\/","url":"https:\/\/gooddealersmeds.com\/de\/wp-content\/uploads\/sites\/3\/2022\/03\/gooddealersmeds__logo__20220317T222800Z.00.png","contentUrl":"https:\/\/gooddealersmeds.com\/de\/wp-content\/uploads\/sites\/3\/2022\/03\/gooddealersmeds__logo__20220317T222800Z.00.png","width":500,"height":325,"caption":"Good Dealers Meds"},"image":{"@id":"https:\/\/gooddealersmeds.com\/de\/#\/schema\/logo\/image\/"}}]}},"_links":{"self":[{"href":"https:\/\/gooddealersmeds.com\/de\/wp-json\/wp\/v2\/product\/2221","targetHints":{"allow":["GET"]}}],"collection":[{"href":"https:\/\/gooddealersmeds.com\/de\/wp-json\/wp\/v2\/product"}],"about":[{"href":"https:\/\/gooddealersmeds.com\/de\/wp-json\/wp\/v2\/types\/product"}],"replies":[{"embeddable":true,"href":"https:\/\/gooddealersmeds.com\/de\/wp-json\/wp\/v2\/comments?post=2221"}],"wp:featuredmedia":[{"embeddable":true,"href":"https:\/\/gooddealersmeds.com\/de\/wp-json\/wp\/v2\/media\/2251"}],"wp:attachment":[{"href":"https:\/\/gooddealersmeds.com\/de\/wp-json\/wp\/v2\/media?parent=2221"}],"wp:term":[{"taxonomy":"product_brand","embeddable":true,"href":"https:\/\/gooddealersmeds.com\/de\/wp-json\/wp\/v2\/product_brand?post=2221"},{"taxonomy":"product_cat","embeddable":true,"href":"https:\/\/gooddealersmeds.com\/de\/wp-json\/wp\/v2\/product_cat?post=2221"},{"taxonomy":"product_tag","embeddable":true,"href":"https:\/\/gooddealersmeds.com\/de\/wp-json\/wp\/v2\/product_tag?post=2221"}],"curies":[{"name":"wp","href":"https:\/\/api.w.org\/{rel}","templated":true}]}}