{"id":2220,"date":"2023-01-08T18:56:18","date_gmt":"2023-01-08T18:56:18","guid":{"rendered":"https:\/\/gooddealersmeds.com\/de\/?post_type=product&#038;p=2220"},"modified":"2023-03-12T02:42:11","modified_gmt":"2023-03-12T02:42:11","slug":"kaufen-sie-a-oil-amphetaminol","status":"publish","type":"product","link":"https:\/\/gooddealersmeds.com\/de\/product\/kaufen-sie-a-oil-amphetaminol\/","title":{"rendered":"Kaufen Sie A-\u00d6l (Amphetamin\u00f6l)"},"content":{"rendered":"<h2><strong>Amphetamin\u00f6l (A-\u00d6l) jetzt online kaufen<\/strong><\/h2>\n<p>Amphetamin\u00f6l (A-\u00d6l) online kaufen. <a href=\"https:\/\/www.emcdda.europa.eu\/publications\/drug-profiles\/amphetamine_en\">A-Amphetamin<\/a>\u00a0\u00d6l wird in der Pot-Reaktion zur Synthese von Amphetamin verwendet, aber dieses Medikament ist schwierig herzustellen isolieren und reinigen. Beim Erhitzen mit Ameisens\u00e4ure bildet N-Formylamphetamin ein Gemisch aus Phenylacton und Formamphetamid, das zu Amphetaminhydrochlorid hydrolysiert wird. Amphetamin\u00f6l wird nach Neutralisation mit einer weicheren Base erhalten. Das Amphetamin\u00f6l wird dann dampfdestilliert, um reines Amphetamin herzustellen. Schwefels\u00e4ure wird dann verwendet, um basisches Amphetamin zu behandeln, um ein kristallines Salz herzustellen. Amphetamin\u00f6l (A-\u00d6l) online bestellen, Online-Amphetamin\u00f6llieferant, Amphetamin\u00f6l in gro\u00dfen Mengen zu einem g\u00fcnstigen Preis bestellen, Amphetamin\u00f6l auch A-\u00d6l nennen, Wie man Amphetamin\u00f6l verwendet,<\/p>\n<p>Eine andere M\u00f6glichkeit besteht darin, Amphetamin durch reduktive Aminierung von Phenylaceton zu synthetisieren. Im Fall von Ammoniakgas entsteht Phenylaceton durch Amphetamin, wenn es katalytisch reduziert wird (Pd\/C oder Pt2O).<\/p>\n<p>Synthese von Methamphetamin und verstecktem Amphetamin mit -\u00f6lreduziertem Amphetamin. Der Reduktionsschritt in der Synthese an einem Punkt ist zentral f\u00fcr die verschiedenen ver\u00f6ffentlichten Wege zur Synthese von Amphetamin und Methamphetamin. Von den 95 Referenzen, die f\u00fcr die Synthese in Betracht gezogen wurden, verwendeten alle bis auf zehn einen reduktionistischen Ansatz. Angesichts dieser Vielfalt betrachten wir einen \u00dcberblick \u00fcber die Chemie und eine Diskussion der Literatur zu Verbundwerkstoffen. wo man Amphetamin\u00f6l bestellt, A-\u00d6l online bestellt, Amphetamin\u00f6l zum Verkauf, Wie man Amphetamin\u00f6l bekommt, Amphetamin\u00f6l bestellen, A-\u00d6l zum Verkauf, Wie man A-\u00d6l online kauft,<\/p>\n","protected":false},"excerpt":{"rendered":"<p>Amphetamin\u00f6l (A-\u00d6l) online kaufen. A-Amphetamin\u00f6l wird in der Topfreaktion zur Synthese von Amphetamin verwendet, aber dieses Medikament ist schwer zu isolieren und zu reinigen.<\/p>\n","protected":false},"featured_media":2250,"comment_status":"open","ping_status":"closed","template":"","meta":{"inline_featured_image":false},"product_brand":[],"product_cat":[344],"product_tag":[],"class_list":{"0":"post-2220","1":"product","2":"type-product","3":"status-publish","4":"has-post-thumbnail","6":"product_cat-forschungschemikalien","8":"first","9":"instock","10":"shipping-taxable","11":"purchasable","12":"product-type-variable","13":"has-default-attributes"},"yoast_head":"<!-- This site is optimized with the Yoast SEO Premium plugin v20.6 (Yoast SEO v27.4) - https:\/\/yoast.com\/product\/yoast-seo-premium-wordpress\/ -->\n<title>Amphetamin\u00f6l (A-\u00d6l) online kaufen | Amphetamin\u00f6l (A-\u00d6l) zu verkaufen<\/title>\n<meta name=\"description\" content=\"Kaufen Sie Amphetamin\u00f6l (A-\u00d6l) online zu erschwinglichen Preisen und lassen Sie es an Ihre Haust\u00fcr liefern. Wir verschicken Weltweit. Amphetamin\u00f6l bestellen\" \/>\n<meta name=\"robots\" content=\"index, follow, max-snippet:-1, max-image-preview:large, max-video-preview:-1\" \/>\n<link rel=\"canonical\" href=\"https:\/\/gooddealersmeds.com\/de\/product\/kaufen-sie-a-oil-amphetaminol\/\" \/>\n<meta property=\"og:locale\" content=\"en_US\" \/>\n<meta property=\"og:type\" content=\"article\" \/>\n<meta property=\"og:title\" content=\"Kaufen Sie A-\u00d6l (Amphetamin\u00f6l)\" \/>\n<meta property=\"og:description\" content=\"Kaufen Sie Amphetamin\u00f6l (A-\u00d6l) online zu erschwinglichen Preisen und lassen Sie es an Ihre Haust\u00fcr liefern. Wir verschicken Weltweit. Amphetamin\u00f6l bestellen\" \/>\n<meta property=\"og:url\" content=\"https:\/\/gooddealersmeds.com\/de\/product\/kaufen-sie-a-oil-amphetaminol\/\" \/>\n<meta property=\"og:site_name\" content=\"Good Dealers Meds\" \/>\n<meta property=\"article:modified_time\" content=\"2023-03-12T02:42:11+00:00\" \/>\n<meta property=\"og:image\" content=\"https:\/\/gooddealersmeds.com\/de\/wp-content\/uploads\/sites\/3\/2023\/01\/A-Oil-Amphetamine-Oil-1.jpg\" \/>\n\t<meta property=\"og:image:width\" content=\"600\" \/>\n\t<meta property=\"og:image:height\" content=\"600\" \/>\n\t<meta property=\"og:image:type\" content=\"image\/jpeg\" \/>\n<meta name=\"twitter:card\" content=\"summary_large_image\" \/>\n<meta name=\"twitter:label1\" content=\"Est. reading time\" \/>\n\t<meta name=\"twitter:data1\" content=\"1 minute\" \/>\n<script type=\"application\/ld+json\" class=\"yoast-schema-graph\">{\"@context\":\"https:\\\/\\\/schema.org\",\"@graph\":[{\"@type\":\"WebPage\",\"@id\":\"https:\\\/\\\/gooddealersmeds.com\\\/de\\\/product\\\/kaufen-sie-a-oil-amphetaminol\\\/\",\"url\":\"https:\\\/\\\/gooddealersmeds.com\\\/de\\\/product\\\/kaufen-sie-a-oil-amphetaminol\\\/\",\"name\":\"Amphetamin\u00f6l (A-\u00d6l) online kaufen | Amphetamin\u00f6l (A-\u00d6l) zu verkaufen\",\"isPartOf\":{\"@id\":\"https:\\\/\\\/gooddealersmeds.com\\\/de\\\/#website\"},\"primaryImageOfPage\":{\"@id\":\"https:\\\/\\\/gooddealersmeds.com\\\/de\\\/product\\\/kaufen-sie-a-oil-amphetaminol\\\/#primaryimage\"},\"image\":{\"@id\":\"https:\\\/\\\/gooddealersmeds.com\\\/de\\\/product\\\/kaufen-sie-a-oil-amphetaminol\\\/#primaryimage\"},\"thumbnailUrl\":\"https:\\\/\\\/gooddealersmeds.com\\\/de\\\/wp-content\\\/uploads\\\/sites\\\/3\\\/2023\\\/01\\\/A-Oil-Amphetamine-Oil-1.jpg\",\"datePublished\":\"2023-01-08T18:56:18+00:00\",\"dateModified\":\"2023-03-12T02:42:11+00:00\",\"description\":\"Kaufen Sie Amphetamin\u00f6l (A-\u00d6l) online zu erschwinglichen Preisen und lassen Sie es an Ihre Haust\u00fcr liefern. Wir verschicken Weltweit. Amphetamin\u00f6l bestellen\",\"breadcrumb\":{\"@id\":\"https:\\\/\\\/gooddealersmeds.com\\\/de\\\/product\\\/kaufen-sie-a-oil-amphetaminol\\\/#breadcrumb\"},\"inLanguage\":\"en-US\",\"potentialAction\":[{\"@type\":\"ReadAction\",\"target\":[\"https:\\\/\\\/gooddealersmeds.com\\\/de\\\/product\\\/kaufen-sie-a-oil-amphetaminol\\\/\"]}]},{\"@type\":\"ImageObject\",\"inLanguage\":\"en-US\",\"@id\":\"https:\\\/\\\/gooddealersmeds.com\\\/de\\\/product\\\/kaufen-sie-a-oil-amphetaminol\\\/#primaryimage\",\"url\":\"https:\\\/\\\/gooddealersmeds.com\\\/de\\\/wp-content\\\/uploads\\\/sites\\\/3\\\/2023\\\/01\\\/A-Oil-Amphetamine-Oil-1.jpg\",\"contentUrl\":\"https:\\\/\\\/gooddealersmeds.com\\\/de\\\/wp-content\\\/uploads\\\/sites\\\/3\\\/2023\\\/01\\\/A-Oil-Amphetamine-Oil-1.jpg\",\"width\":600,\"height\":600},{\"@type\":\"BreadcrumbList\",\"@id\":\"https:\\\/\\\/gooddealersmeds.com\\\/de\\\/product\\\/kaufen-sie-a-oil-amphetaminol\\\/#breadcrumb\",\"itemListElement\":[{\"@type\":\"ListItem\",\"position\":1,\"name\":\"Home\",\"item\":\"https:\\\/\\\/gooddealersmeds.com\\\/de\\\/\"},{\"@type\":\"ListItem\",\"position\":2,\"name\":\"Produkte\",\"item\":\"https:\\\/\\\/gooddealersmeds.com\\\/de\\\/produkte\\\/\"},{\"@type\":\"ListItem\",\"position\":3,\"name\":\"Kaufen Sie A-\u00d6l (Amphetamin\u00f6l)\"}]},{\"@type\":\"WebSite\",\"@id\":\"https:\\\/\\\/gooddealersmeds.com\\\/de\\\/#website\",\"url\":\"https:\\\/\\\/gooddealersmeds.com\\\/de\\\/\",\"name\":\"Good Dealers Meds\",\"description\":\"All our best\",\"publisher\":{\"@id\":\"https:\\\/\\\/gooddealersmeds.com\\\/de\\\/#organization\"},\"potentialAction\":[{\"@type\":\"SearchAction\",\"target\":{\"@type\":\"EntryPoint\",\"urlTemplate\":\"https:\\\/\\\/gooddealersmeds.com\\\/de\\\/?s={search_term_string}\"},\"query-input\":{\"@type\":\"PropertyValueSpecification\",\"valueRequired\":true,\"valueName\":\"search_term_string\"}}],\"inLanguage\":\"en-US\"},{\"@type\":\"Organization\",\"@id\":\"https:\\\/\\\/gooddealersmeds.com\\\/de\\\/#organization\",\"name\":\"Good Dealers Meds\",\"url\":\"https:\\\/\\\/gooddealersmeds.com\\\/de\\\/\",\"logo\":{\"@type\":\"ImageObject\",\"inLanguage\":\"en-US\",\"@id\":\"https:\\\/\\\/gooddealersmeds.com\\\/de\\\/#\\\/schema\\\/logo\\\/image\\\/\",\"url\":\"https:\\\/\\\/gooddealersmeds.com\\\/de\\\/wp-content\\\/uploads\\\/sites\\\/3\\\/2022\\\/03\\\/gooddealersmeds__logo__20220317T222800Z.00.png\",\"contentUrl\":\"https:\\\/\\\/gooddealersmeds.com\\\/de\\\/wp-content\\\/uploads\\\/sites\\\/3\\\/2022\\\/03\\\/gooddealersmeds__logo__20220317T222800Z.00.png\",\"width\":500,\"height\":325,\"caption\":\"Good Dealers Meds\"},\"image\":{\"@id\":\"https:\\\/\\\/gooddealersmeds.com\\\/de\\\/#\\\/schema\\\/logo\\\/image\\\/\"}}]}<\/script>\n<!-- \/ Yoast SEO Premium plugin. -->","yoast_head_json":{"title":"Amphetamin\u00f6l (A-\u00d6l) online kaufen | Amphetamin\u00f6l (A-\u00d6l) zu verkaufen","description":"Kaufen Sie Amphetamin\u00f6l (A-\u00d6l) online zu erschwinglichen Preisen und lassen Sie es an Ihre Haust\u00fcr liefern. Wir verschicken Weltweit. Amphetamin\u00f6l bestellen","robots":{"index":"index","follow":"follow","max-snippet":"max-snippet:-1","max-image-preview":"max-image-preview:large","max-video-preview":"max-video-preview:-1"},"canonical":"https:\/\/gooddealersmeds.com\/de\/product\/kaufen-sie-a-oil-amphetaminol\/","og_locale":"en_US","og_type":"article","og_title":"Kaufen Sie A-\u00d6l (Amphetamin\u00f6l)","og_description":"Kaufen Sie Amphetamin\u00f6l (A-\u00d6l) online zu erschwinglichen Preisen und lassen Sie es an Ihre Haust\u00fcr liefern. Wir verschicken Weltweit. Amphetamin\u00f6l bestellen","og_url":"https:\/\/gooddealersmeds.com\/de\/product\/kaufen-sie-a-oil-amphetaminol\/","og_site_name":"Good Dealers Meds","article_modified_time":"2023-03-12T02:42:11+00:00","og_image":[{"width":600,"height":600,"url":"https:\/\/gooddealersmeds.com\/de\/wp-content\/uploads\/sites\/3\/2023\/01\/A-Oil-Amphetamine-Oil-1.jpg","type":"image\/jpeg"}],"twitter_card":"summary_large_image","twitter_misc":{"Est. reading time":"1 minute"},"schema":{"@context":"https:\/\/schema.org","@graph":[{"@type":"WebPage","@id":"https:\/\/gooddealersmeds.com\/de\/product\/kaufen-sie-a-oil-amphetaminol\/","url":"https:\/\/gooddealersmeds.com\/de\/product\/kaufen-sie-a-oil-amphetaminol\/","name":"Amphetamin\u00f6l (A-\u00d6l) online kaufen | Amphetamin\u00f6l (A-\u00d6l) zu verkaufen","isPartOf":{"@id":"https:\/\/gooddealersmeds.com\/de\/#website"},"primaryImageOfPage":{"@id":"https:\/\/gooddealersmeds.com\/de\/product\/kaufen-sie-a-oil-amphetaminol\/#primaryimage"},"image":{"@id":"https:\/\/gooddealersmeds.com\/de\/product\/kaufen-sie-a-oil-amphetaminol\/#primaryimage"},"thumbnailUrl":"https:\/\/gooddealersmeds.com\/de\/wp-content\/uploads\/sites\/3\/2023\/01\/A-Oil-Amphetamine-Oil-1.jpg","datePublished":"2023-01-08T18:56:18+00:00","dateModified":"2023-03-12T02:42:11+00:00","description":"Kaufen Sie Amphetamin\u00f6l (A-\u00d6l) online zu erschwinglichen Preisen und lassen Sie es an Ihre Haust\u00fcr liefern. Wir verschicken Weltweit. Amphetamin\u00f6l bestellen","breadcrumb":{"@id":"https:\/\/gooddealersmeds.com\/de\/product\/kaufen-sie-a-oil-amphetaminol\/#breadcrumb"},"inLanguage":"en-US","potentialAction":[{"@type":"ReadAction","target":["https:\/\/gooddealersmeds.com\/de\/product\/kaufen-sie-a-oil-amphetaminol\/"]}]},{"@type":"ImageObject","inLanguage":"en-US","@id":"https:\/\/gooddealersmeds.com\/de\/product\/kaufen-sie-a-oil-amphetaminol\/#primaryimage","url":"https:\/\/gooddealersmeds.com\/de\/wp-content\/uploads\/sites\/3\/2023\/01\/A-Oil-Amphetamine-Oil-1.jpg","contentUrl":"https:\/\/gooddealersmeds.com\/de\/wp-content\/uploads\/sites\/3\/2023\/01\/A-Oil-Amphetamine-Oil-1.jpg","width":600,"height":600},{"@type":"BreadcrumbList","@id":"https:\/\/gooddealersmeds.com\/de\/product\/kaufen-sie-a-oil-amphetaminol\/#breadcrumb","itemListElement":[{"@type":"ListItem","position":1,"name":"Home","item":"https:\/\/gooddealersmeds.com\/de\/"},{"@type":"ListItem","position":2,"name":"Produkte","item":"https:\/\/gooddealersmeds.com\/de\/produkte\/"},{"@type":"ListItem","position":3,"name":"Kaufen Sie A-\u00d6l (Amphetamin\u00f6l)"}]},{"@type":"WebSite","@id":"https:\/\/gooddealersmeds.com\/de\/#website","url":"https:\/\/gooddealersmeds.com\/de\/","name":"Good Dealers Meds","description":"All our best","publisher":{"@id":"https:\/\/gooddealersmeds.com\/de\/#organization"},"potentialAction":[{"@type":"SearchAction","target":{"@type":"EntryPoint","urlTemplate":"https:\/\/gooddealersmeds.com\/de\/?s={search_term_string}"},"query-input":{"@type":"PropertyValueSpecification","valueRequired":true,"valueName":"search_term_string"}}],"inLanguage":"en-US"},{"@type":"Organization","@id":"https:\/\/gooddealersmeds.com\/de\/#organization","name":"Good Dealers Meds","url":"https:\/\/gooddealersmeds.com\/de\/","logo":{"@type":"ImageObject","inLanguage":"en-US","@id":"https:\/\/gooddealersmeds.com\/de\/#\/schema\/logo\/image\/","url":"https:\/\/gooddealersmeds.com\/de\/wp-content\/uploads\/sites\/3\/2022\/03\/gooddealersmeds__logo__20220317T222800Z.00.png","contentUrl":"https:\/\/gooddealersmeds.com\/de\/wp-content\/uploads\/sites\/3\/2022\/03\/gooddealersmeds__logo__20220317T222800Z.00.png","width":500,"height":325,"caption":"Good Dealers Meds"},"image":{"@id":"https:\/\/gooddealersmeds.com\/de\/#\/schema\/logo\/image\/"}}]}},"_links":{"self":[{"href":"https:\/\/gooddealersmeds.com\/de\/wp-json\/wp\/v2\/product\/2220","targetHints":{"allow":["GET"]}}],"collection":[{"href":"https:\/\/gooddealersmeds.com\/de\/wp-json\/wp\/v2\/product"}],"about":[{"href":"https:\/\/gooddealersmeds.com\/de\/wp-json\/wp\/v2\/types\/product"}],"replies":[{"embeddable":true,"href":"https:\/\/gooddealersmeds.com\/de\/wp-json\/wp\/v2\/comments?post=2220"}],"wp:featuredmedia":[{"embeddable":true,"href":"https:\/\/gooddealersmeds.com\/de\/wp-json\/wp\/v2\/media\/2250"}],"wp:attachment":[{"href":"https:\/\/gooddealersmeds.com\/de\/wp-json\/wp\/v2\/media?parent=2220"}],"wp:term":[{"taxonomy":"product_brand","embeddable":true,"href":"https:\/\/gooddealersmeds.com\/de\/wp-json\/wp\/v2\/product_brand?post=2220"},{"taxonomy":"product_cat","embeddable":true,"href":"https:\/\/gooddealersmeds.com\/de\/wp-json\/wp\/v2\/product_cat?post=2220"},{"taxonomy":"product_tag","embeddable":true,"href":"https:\/\/gooddealersmeds.com\/de\/wp-json\/wp\/v2\/product_tag?post=2220"}],"curies":[{"name":"wp","href":"https:\/\/api.w.org\/{rel}","templated":true}]}}