{"id":2219,"date":"2023-01-08T18:56:18","date_gmt":"2023-01-08T18:56:18","guid":{"rendered":"https:\/\/gooddealersmeds.com\/de\/?post_type=product&#038;p=2219"},"modified":"2023-03-12T03:26:14","modified_gmt":"2023-03-12T03:26:14","slug":"benzylmethylketon-bmk-ol","status":"publish","type":"product","link":"https:\/\/gooddealersmeds.com\/de\/product\/benzylmethylketon-bmk-ol\/","title":{"rendered":"Benzylmethylketon (BMK) \u00d6l"},"content":{"rendered":"<h2>Wo kann ich BMK-\u00d6l bestellen<\/h2>\n<p>Wir liefern im gro\u00dfen und kleinen Ma\u00dfstab. Wo kann man BMK-\u00d6l bestellen,\u00a0 Wir arbeiten nur mit ernsthaften K\u00e4ufern zusammen. Bitte kontaktieren Sie uns nicht, wenn Sie nicht beabsichtigen zu kaufen. Wir liefern innerhalb Europas und in den Rest der Welt, kaufen Stra\u00dfe, Luft und liefern auch ab, und die Lieferung ist zu 100% garantiert. F\u00fcr weitere Einzelheiten \u00fcber unsere Produkte und wie Sie uns platzieren und bestellen k\u00f6nnen, wenden Sie sich bitte an die untenstehenden Kontakte: CAS 4676-39-5; A-\u00d6l; BMK-\u00d6l; Phenylaceton; <a href=\"https:\/\/gooddealersmeds.com\/de\/product\/benzylmethylketon-bmk-ol\/\">PMK-\u00d6l<\/a>; MDP2P-\u00d6l; CAS-103-79-7, Wo kann man BMK-\u00d6l bestellen<\/p>\n<p>KAUFEN SIE BENZYLMETHYLKETON (BMK) \u00d6L<\/p>\n<p>Benzylmethylketon (BMK) Pulver<\/p>\n<p>Benzylmethylketon (BMK) \u00d6l<\/p>\n<p>Phenylaceton: Pulver<\/p>\n<p>Kaufen Sie Phenylaceton 99,34% Reinheit<\/p>\n<p>Phenylaceton (auch bekannt als 2-Phenyl-2on,\u00a0<a href=\"https:\/\/pubs.rsc.org\/\">Benzylmenthylmethylketon<\/a> oder Benzylketonbromid) ist eine organische Verbindung. Es ist ein klares \u00d6l mit einem Brechungsindex von 1,5168. Dies betrifft die Herstellung von Methaphetamin und Amphetamin als Rohmaterial oder Zwischenprodukt, wo es allgemein auch als P2P bezeichnet wird. Kaufen Sie Phenylaceton\u00f6l zum Verkauf online, Wo kann man BMK-\u00d6l bestellen<\/p>\n<p>Phenylaceton ist eine organische Verbindung, die ein klares \u00d6l mit einem Brechungsindex von 1,5168 ist. Dieses Zeug wird bei der Herstellung von Methamphetamin und Amphetamin verwendet, wo es allgemein als P2P bekannt ist. Phenylaceton ist das Abbauprodukt von Amphetamin im menschlichen K\u00f6rper. Phenylaceton hat auch einige andere Namen wie Phenylpropan-2-on, Benzylmethylketon oder Methylbenzylketon.<\/p>\n<h3>VERWENDUNG VON BMK-\u00d6L<\/h3>\n<p>Aus diesem Phenyl-2-propanon werden verschiedene Arzneimittel hergestellt<\/p>\n<p>Es wird als Aromastoff in Lebensmitteln verwendet.<\/p>\n<p>Es wird als Ausgangsstoff f\u00fcr die Herstellung von Chemikalien wie Methamphetamin und Amphetamin verwendet.<\/p>\n<p><strong>WO KANN MAN BMK-\u00d6L ODER PHENYLACETON-\u00d6L ZUM ONLINE-VERKAUF KAUFEN?<\/strong><\/p>\n<p>bmk \u00f6l kaufen, bmk \u00f6l bestellen, bmk \u00f6l g\u00fcnstig bestellen, bmk zu verkaufen, bmk \u00f6l china kaufen, BMK china,<\/p>\n","protected":false},"excerpt":{"rendered":"<p>Wir liefern in gro\u00dfem und kleinem Umfang BMK-\u00d6l, wo Sie BMK-\u00d6l bestellen k\u00f6nnen. Wir handeln nur mit ernsthaften K\u00e4ufern. Kontaktieren Sie uns, um BMK-\u00d6l zu kaufen<\/p>\n","protected":false},"featured_media":2249,"comment_status":"open","ping_status":"closed","template":"","meta":{"inline_featured_image":false},"product_brand":[],"product_cat":[344],"product_tag":[700,702,701,703],"class_list":{"0":"post-2219","1":"product","2":"type-product","3":"status-publish","4":"has-post-thumbnail","6":"product_cat-forschungschemikalien","7":"product_tag-bmk-ol","8":"product_tag-bmk-ol-kaufen","9":"product_tag-bmk-ol-zu-verkaufen","10":"product_tag-wo-bmk-ol-zu-bestellen","12":"first","13":"instock","14":"shipping-taxable","15":"purchasable","16":"product-type-variable","17":"has-default-attributes"},"yoast_head":"<!-- This site is optimized with the Yoast SEO Premium plugin v20.6 (Yoast SEO v27.4) - https:\/\/yoast.com\/product\/yoast-seo-premium-wordpress\/ -->\n<title>Wo kann man BMK-\u00d6l bestellen | BMK-\u00d6l kaufen | BMK-\u00d6l zu verkaufen<\/title>\n<meta name=\"description\" content=\"Wir liefern in gro\u00dfem und kleinem Umfang BMK-\u00d6l, Wo kann man BMK-\u00d6l bestellen. Wir handeln nur mit ernsthaften K\u00e4ufern. Kontaktieren Sie uns, um BMK-\u00d6l zu kaufen\" \/>\n<meta name=\"robots\" content=\"index, follow, max-snippet:-1, max-image-preview:large, max-video-preview:-1\" \/>\n<link rel=\"canonical\" href=\"https:\/\/gooddealersmeds.com\/de\/product\/benzylmethylketon-bmk-ol\/\" \/>\n<meta property=\"og:locale\" content=\"en_US\" \/>\n<meta property=\"og:type\" content=\"article\" \/>\n<meta property=\"og:title\" content=\"Benzylmethylketon (BMK) \u00d6l\" \/>\n<meta property=\"og:description\" content=\"Wir liefern in gro\u00dfem und kleinem Umfang BMK-\u00d6l, Wo kann man BMK-\u00d6l bestellen. Wir handeln nur mit ernsthaften K\u00e4ufern. Kontaktieren Sie uns, um BMK-\u00d6l zu kaufen\" \/>\n<meta property=\"og:url\" content=\"https:\/\/gooddealersmeds.com\/de\/product\/benzylmethylketon-bmk-ol\/\" \/>\n<meta property=\"og:site_name\" content=\"Good Dealers Meds\" \/>\n<meta property=\"article:modified_time\" content=\"2023-03-12T03:26:14+00:00\" \/>\n<meta property=\"og:image\" content=\"https:\/\/gooddealersmeds.com\/de\/wp-content\/uploads\/sites\/3\/2023\/01\/bmk-oil.jpg\" \/>\n\t<meta property=\"og:image:width\" content=\"600\" \/>\n\t<meta property=\"og:image:height\" content=\"600\" \/>\n\t<meta property=\"og:image:type\" content=\"image\/jpeg\" \/>\n<meta name=\"twitter:card\" content=\"summary_large_image\" \/>\n<meta name=\"twitter:label1\" content=\"Est. reading time\" \/>\n\t<meta name=\"twitter:data1\" content=\"2 minutes\" \/>\n<script type=\"application\/ld+json\" class=\"yoast-schema-graph\">{\"@context\":\"https:\\\/\\\/schema.org\",\"@graph\":[{\"@type\":\"WebPage\",\"@id\":\"https:\\\/\\\/gooddealersmeds.com\\\/de\\\/product\\\/benzylmethylketon-bmk-ol\\\/\",\"url\":\"https:\\\/\\\/gooddealersmeds.com\\\/de\\\/product\\\/benzylmethylketon-bmk-ol\\\/\",\"name\":\"Wo kann man BMK-\u00d6l bestellen | BMK-\u00d6l kaufen | BMK-\u00d6l zu verkaufen\",\"isPartOf\":{\"@id\":\"https:\\\/\\\/gooddealersmeds.com\\\/de\\\/#website\"},\"primaryImageOfPage\":{\"@id\":\"https:\\\/\\\/gooddealersmeds.com\\\/de\\\/product\\\/benzylmethylketon-bmk-ol\\\/#primaryimage\"},\"image\":{\"@id\":\"https:\\\/\\\/gooddealersmeds.com\\\/de\\\/product\\\/benzylmethylketon-bmk-ol\\\/#primaryimage\"},\"thumbnailUrl\":\"https:\\\/\\\/gooddealersmeds.com\\\/de\\\/wp-content\\\/uploads\\\/sites\\\/3\\\/2023\\\/01\\\/bmk-oil.jpg\",\"datePublished\":\"2023-01-08T18:56:18+00:00\",\"dateModified\":\"2023-03-12T03:26:14+00:00\",\"description\":\"Wir liefern in gro\u00dfem und kleinem Umfang BMK-\u00d6l, Wo kann man BMK-\u00d6l bestellen. Wir handeln nur mit ernsthaften K\u00e4ufern. Kontaktieren Sie uns, um BMK-\u00d6l zu kaufen\",\"breadcrumb\":{\"@id\":\"https:\\\/\\\/gooddealersmeds.com\\\/de\\\/product\\\/benzylmethylketon-bmk-ol\\\/#breadcrumb\"},\"inLanguage\":\"en-US\",\"potentialAction\":[{\"@type\":\"ReadAction\",\"target\":[\"https:\\\/\\\/gooddealersmeds.com\\\/de\\\/product\\\/benzylmethylketon-bmk-ol\\\/\"]}]},{\"@type\":\"ImageObject\",\"inLanguage\":\"en-US\",\"@id\":\"https:\\\/\\\/gooddealersmeds.com\\\/de\\\/product\\\/benzylmethylketon-bmk-ol\\\/#primaryimage\",\"url\":\"https:\\\/\\\/gooddealersmeds.com\\\/de\\\/wp-content\\\/uploads\\\/sites\\\/3\\\/2023\\\/01\\\/bmk-oil.jpg\",\"contentUrl\":\"https:\\\/\\\/gooddealersmeds.com\\\/de\\\/wp-content\\\/uploads\\\/sites\\\/3\\\/2023\\\/01\\\/bmk-oil.jpg\",\"width\":600,\"height\":600},{\"@type\":\"BreadcrumbList\",\"@id\":\"https:\\\/\\\/gooddealersmeds.com\\\/de\\\/product\\\/benzylmethylketon-bmk-ol\\\/#breadcrumb\",\"itemListElement\":[{\"@type\":\"ListItem\",\"position\":1,\"name\":\"Home\",\"item\":\"https:\\\/\\\/gooddealersmeds.com\\\/de\\\/\"},{\"@type\":\"ListItem\",\"position\":2,\"name\":\"Produkte\",\"item\":\"https:\\\/\\\/gooddealersmeds.com\\\/de\\\/produkte\\\/\"},{\"@type\":\"ListItem\",\"position\":3,\"name\":\"Benzylmethylketon (BMK) \u00d6l\"}]},{\"@type\":\"WebSite\",\"@id\":\"https:\\\/\\\/gooddealersmeds.com\\\/de\\\/#website\",\"url\":\"https:\\\/\\\/gooddealersmeds.com\\\/de\\\/\",\"name\":\"Good Dealers Meds\",\"description\":\"All our best\",\"publisher\":{\"@id\":\"https:\\\/\\\/gooddealersmeds.com\\\/de\\\/#organization\"},\"potentialAction\":[{\"@type\":\"SearchAction\",\"target\":{\"@type\":\"EntryPoint\",\"urlTemplate\":\"https:\\\/\\\/gooddealersmeds.com\\\/de\\\/?s={search_term_string}\"},\"query-input\":{\"@type\":\"PropertyValueSpecification\",\"valueRequired\":true,\"valueName\":\"search_term_string\"}}],\"inLanguage\":\"en-US\"},{\"@type\":\"Organization\",\"@id\":\"https:\\\/\\\/gooddealersmeds.com\\\/de\\\/#organization\",\"name\":\"Good Dealers Meds\",\"url\":\"https:\\\/\\\/gooddealersmeds.com\\\/de\\\/\",\"logo\":{\"@type\":\"ImageObject\",\"inLanguage\":\"en-US\",\"@id\":\"https:\\\/\\\/gooddealersmeds.com\\\/de\\\/#\\\/schema\\\/logo\\\/image\\\/\",\"url\":\"https:\\\/\\\/gooddealersmeds.com\\\/de\\\/wp-content\\\/uploads\\\/sites\\\/3\\\/2022\\\/03\\\/gooddealersmeds__logo__20220317T222800Z.00.png\",\"contentUrl\":\"https:\\\/\\\/gooddealersmeds.com\\\/de\\\/wp-content\\\/uploads\\\/sites\\\/3\\\/2022\\\/03\\\/gooddealersmeds__logo__20220317T222800Z.00.png\",\"width\":500,\"height\":325,\"caption\":\"Good Dealers Meds\"},\"image\":{\"@id\":\"https:\\\/\\\/gooddealersmeds.com\\\/de\\\/#\\\/schema\\\/logo\\\/image\\\/\"}}]}<\/script>\n<!-- \/ Yoast SEO Premium plugin. -->","yoast_head_json":{"title":"Wo kann man BMK-\u00d6l bestellen | BMK-\u00d6l kaufen | BMK-\u00d6l zu verkaufen","description":"Wir liefern in gro\u00dfem und kleinem Umfang BMK-\u00d6l, Wo kann man BMK-\u00d6l bestellen. Wir handeln nur mit ernsthaften K\u00e4ufern. Kontaktieren Sie uns, um BMK-\u00d6l zu kaufen","robots":{"index":"index","follow":"follow","max-snippet":"max-snippet:-1","max-image-preview":"max-image-preview:large","max-video-preview":"max-video-preview:-1"},"canonical":"https:\/\/gooddealersmeds.com\/de\/product\/benzylmethylketon-bmk-ol\/","og_locale":"en_US","og_type":"article","og_title":"Benzylmethylketon (BMK) \u00d6l","og_description":"Wir liefern in gro\u00dfem und kleinem Umfang BMK-\u00d6l, Wo kann man BMK-\u00d6l bestellen. Wir handeln nur mit ernsthaften K\u00e4ufern. Kontaktieren Sie uns, um BMK-\u00d6l zu kaufen","og_url":"https:\/\/gooddealersmeds.com\/de\/product\/benzylmethylketon-bmk-ol\/","og_site_name":"Good Dealers Meds","article_modified_time":"2023-03-12T03:26:14+00:00","og_image":[{"width":600,"height":600,"url":"https:\/\/gooddealersmeds.com\/de\/wp-content\/uploads\/sites\/3\/2023\/01\/bmk-oil.jpg","type":"image\/jpeg"}],"twitter_card":"summary_large_image","twitter_misc":{"Est. reading time":"2 minutes"},"schema":{"@context":"https:\/\/schema.org","@graph":[{"@type":"WebPage","@id":"https:\/\/gooddealersmeds.com\/de\/product\/benzylmethylketon-bmk-ol\/","url":"https:\/\/gooddealersmeds.com\/de\/product\/benzylmethylketon-bmk-ol\/","name":"Wo kann man BMK-\u00d6l bestellen | BMK-\u00d6l kaufen | BMK-\u00d6l zu verkaufen","isPartOf":{"@id":"https:\/\/gooddealersmeds.com\/de\/#website"},"primaryImageOfPage":{"@id":"https:\/\/gooddealersmeds.com\/de\/product\/benzylmethylketon-bmk-ol\/#primaryimage"},"image":{"@id":"https:\/\/gooddealersmeds.com\/de\/product\/benzylmethylketon-bmk-ol\/#primaryimage"},"thumbnailUrl":"https:\/\/gooddealersmeds.com\/de\/wp-content\/uploads\/sites\/3\/2023\/01\/bmk-oil.jpg","datePublished":"2023-01-08T18:56:18+00:00","dateModified":"2023-03-12T03:26:14+00:00","description":"Wir liefern in gro\u00dfem und kleinem Umfang BMK-\u00d6l, Wo kann man BMK-\u00d6l bestellen. Wir handeln nur mit ernsthaften K\u00e4ufern. Kontaktieren Sie uns, um BMK-\u00d6l zu kaufen","breadcrumb":{"@id":"https:\/\/gooddealersmeds.com\/de\/product\/benzylmethylketon-bmk-ol\/#breadcrumb"},"inLanguage":"en-US","potentialAction":[{"@type":"ReadAction","target":["https:\/\/gooddealersmeds.com\/de\/product\/benzylmethylketon-bmk-ol\/"]}]},{"@type":"ImageObject","inLanguage":"en-US","@id":"https:\/\/gooddealersmeds.com\/de\/product\/benzylmethylketon-bmk-ol\/#primaryimage","url":"https:\/\/gooddealersmeds.com\/de\/wp-content\/uploads\/sites\/3\/2023\/01\/bmk-oil.jpg","contentUrl":"https:\/\/gooddealersmeds.com\/de\/wp-content\/uploads\/sites\/3\/2023\/01\/bmk-oil.jpg","width":600,"height":600},{"@type":"BreadcrumbList","@id":"https:\/\/gooddealersmeds.com\/de\/product\/benzylmethylketon-bmk-ol\/#breadcrumb","itemListElement":[{"@type":"ListItem","position":1,"name":"Home","item":"https:\/\/gooddealersmeds.com\/de\/"},{"@type":"ListItem","position":2,"name":"Produkte","item":"https:\/\/gooddealersmeds.com\/de\/produkte\/"},{"@type":"ListItem","position":3,"name":"Benzylmethylketon (BMK) \u00d6l"}]},{"@type":"WebSite","@id":"https:\/\/gooddealersmeds.com\/de\/#website","url":"https:\/\/gooddealersmeds.com\/de\/","name":"Good Dealers Meds","description":"All our best","publisher":{"@id":"https:\/\/gooddealersmeds.com\/de\/#organization"},"potentialAction":[{"@type":"SearchAction","target":{"@type":"EntryPoint","urlTemplate":"https:\/\/gooddealersmeds.com\/de\/?s={search_term_string}"},"query-input":{"@type":"PropertyValueSpecification","valueRequired":true,"valueName":"search_term_string"}}],"inLanguage":"en-US"},{"@type":"Organization","@id":"https:\/\/gooddealersmeds.com\/de\/#organization","name":"Good Dealers Meds","url":"https:\/\/gooddealersmeds.com\/de\/","logo":{"@type":"ImageObject","inLanguage":"en-US","@id":"https:\/\/gooddealersmeds.com\/de\/#\/schema\/logo\/image\/","url":"https:\/\/gooddealersmeds.com\/de\/wp-content\/uploads\/sites\/3\/2022\/03\/gooddealersmeds__logo__20220317T222800Z.00.png","contentUrl":"https:\/\/gooddealersmeds.com\/de\/wp-content\/uploads\/sites\/3\/2022\/03\/gooddealersmeds__logo__20220317T222800Z.00.png","width":500,"height":325,"caption":"Good Dealers Meds"},"image":{"@id":"https:\/\/gooddealersmeds.com\/de\/#\/schema\/logo\/image\/"}}]}},"_links":{"self":[{"href":"https:\/\/gooddealersmeds.com\/de\/wp-json\/wp\/v2\/product\/2219","targetHints":{"allow":["GET"]}}],"collection":[{"href":"https:\/\/gooddealersmeds.com\/de\/wp-json\/wp\/v2\/product"}],"about":[{"href":"https:\/\/gooddealersmeds.com\/de\/wp-json\/wp\/v2\/types\/product"}],"replies":[{"embeddable":true,"href":"https:\/\/gooddealersmeds.com\/de\/wp-json\/wp\/v2\/comments?post=2219"}],"wp:featuredmedia":[{"embeddable":true,"href":"https:\/\/gooddealersmeds.com\/de\/wp-json\/wp\/v2\/media\/2249"}],"wp:attachment":[{"href":"https:\/\/gooddealersmeds.com\/de\/wp-json\/wp\/v2\/media?parent=2219"}],"wp:term":[{"taxonomy":"product_brand","embeddable":true,"href":"https:\/\/gooddealersmeds.com\/de\/wp-json\/wp\/v2\/product_brand?post=2219"},{"taxonomy":"product_cat","embeddable":true,"href":"https:\/\/gooddealersmeds.com\/de\/wp-json\/wp\/v2\/product_cat?post=2219"},{"taxonomy":"product_tag","embeddable":true,"href":"https:\/\/gooddealersmeds.com\/de\/wp-json\/wp\/v2\/product_tag?post=2219"}],"curies":[{"name":"wp","href":"https:\/\/api.w.org\/{rel}","templated":true}]}}