{"id":2009,"date":"2022-07-03T14:50:24","date_gmt":"2022-07-03T14:50:24","guid":{"rendered":"https:\/\/gooddealersmeds.com\/de\/?post_type=product&#038;p=2009"},"modified":"2022-12-18T19:53:58","modified_gmt":"2022-12-18T19:53:58","slug":"kaufen-liquid-lsd-200ug-drop-online","status":"publish","type":"product","link":"https:\/\/gooddealersmeds.com\/de\/product\/kaufen-liquid-lsd-200ug-drop-online\/","title":{"rendered":"Kaufen Sie fl\u00fcssiges LSD 200ug Drop online"},"content":{"rendered":"<h2>Kaufen Sie fl\u00fcssiges LSD 200ug Tropfen online bei uns.<\/h2>\n<p>Suchen Sie nach einer M\u00f6glichkeit, Kaufen Sie fl\u00fcssige LSD-Tropfen?<\/p>\n<p><a href=\"https:\/\/gooddealersmeds.com\/de\/product\/buy -liquid-lsd-200ug-drop-online\/\">Liquid LSD 200ug drop<\/a> ist eine Droge, die f\u00fcr entspannende und therapeutische Zwecke verwendet werden kann.<\/p>\n<p>Nun, es gibt zwei Hauptwege: durch Tropfen direkt unter die Zunge geben oder mit Alkohol oder Wasser mischen und wie einen Cocktail trinken. Die letztere Methode wird im Allgemeinen als gef\u00e4hrlicher angesehen, weil sie mehr Vorsicht erfordert und schneller eine st\u00e4rkere Wirkung auf den K\u00f6rper entfaltet, als es f\u00fcr so ziemlich jede andere Substanz erforderlich ist \u2013 aber wenn Sie das nicht allzu sehr beunruhigt, dann machen Sie weiter und verwenden Sie eine von beiden Methode!<\/p>\n<p>Denken Sie daran, dass sogar ein einzelner Tropfen fl\u00fcssiges LSD zu stark sein kann.<\/p>\n<p>Wenn Sie neu in diesem Bereich sind, nehmen Sie einen Tropfen. Es ist immer noch sehr stark und wird eine gute Wirkung auf Ihren K\u00f6rper haben, aber es wird nicht so lange anhalten.<\/p>\n<h2>Warum Liquid LSD 200ug Tropfen online bestellen?<\/h2>\n<p>Wir wissen, dass der Kauf von fl\u00fcssigem LSD nicht so einfach ist, wie Ihren \u00f6rtlichen Drogendealer zu treffen. Es braucht Zeit, Wissen und Geld \u2013 und wenn Sie online einkaufen m\u00f6chten, m\u00fcssen Sie sich wahrscheinlich mit zwielichtigen H\u00e4ndlern herumschlagen, die Sie \u00fcbers Ohr hauen wollen. Kaufen Sie fl\u00fcssige LSD-Tropfen<\/p>\n<p>Egal wo auf dieser Welt Sie leben , k\u00f6nnen Sie problemlos eine zuverl\u00e4ssige Quelle f\u00fcr <a href=\"https:\/\/de.wikipedia.org\/wiki\/LSD\">LSD<\/a> und andere Drogen finden.<\/p>\n<h3>Wo kann man fl\u00fcssiges LSD 200 ug Tropfen online kaufen?<\/h3>\n<p>Um von den Vorteilen dieses Medikaments zu profitieren, ben\u00f6tigen Sie einen fl\u00fcssigen LSD-Tropfen von 200 ug. Sie k\u00f6nnen es online bei Good Dealers Meds kaufen.<\/p>\n<p>Wir haben die besten Angebote im Internet und unsere Preise sind immer wettbewerbsf\u00e4hig. Wir haben \u00fcber 10 Jahre Erfahrung in der Branche, also vertrauen Sie uns, wenn wir sagen, dass Sie viel bekommen. Ihre Suche nach dem Online-Kauf der Liquid LSD 200ug Drops ist also vorbei!<\/p>\n","protected":false},"excerpt":{"rendered":"<p><strong>LSD steht f\u00fcr Lysergs\u00e4urediethylamid<\/strong><\/p>\n<p>Es ist ein Medikament, das als klare, farblose Fl\u00fcssigkeit vorliegt. Es ist in fl\u00fcssigen Tropfen erh\u00e4ltlich. LSD wird normalerweise oral eingenommen. Manche Menschen inhalieren es durch die Nase (Schnupfen) oder injizieren es in eine Vene (Aufschie\u00dfen). fl\u00fcssiges LSD 200ug &amp; Drop zum Verkauf Online Billig. Der Kauf von LSD ist auf unserer Website sehr einfach. Es ist leicht im Online-Shop erh\u00e4ltlich.<\/p>\n<p>1 ml = 20 Tropfen = 20 L\u00f6scher<\/p>\n","protected":false},"featured_media":2010,"comment_status":"open","ping_status":"closed","template":"","meta":{"inline_featured_image":false},"product_brand":[],"product_cat":[345],"product_tag":[107,105,578,580,582,579,586,584,587,575,585,574,576,583,577,581],"class_list":{"0":"post-2009","1":"product","2":"type-product","3":"status-publish","4":"has-post-thumbnail","6":"product_cat-psychedelische-drogen","7":"product_tag-buy","8":"product_tag-canada","9":"product_tag-liquid-lsd-200ug-drop-zum-verkauf","10":"product_tag-liquid-lsd-200ug-online-kaufen","11":"product_tag-liquid-lsd-200ug-drop-zum-verkauf-in-den-usa","12":"product_tag-liquid-lsd-zu-verkaufen","13":"product_tag-how-to-order-liquid-lsd-200ug-drop","14":"product_tag-ist-liquid-lsd-200ug-drop-legal-in-usa","15":"product_tag-ist-liquid-lsd-200ug-drop-legal-in-kanada","16":"product_tag-kaufen-liquid-lsd-200ug-drop","17":"product_tag-kaufen-flssigkeit-lsd-200ug-drop-pillen-online-usa","18":"product_tag-liquid-lsd-kaufen-200ug-drop-online-liquid-lsd-kaufen","19":"product_tag-liquid-lsd-online-kaufen","20":"product_tag-du-kannst-noch-flssigen-lsd-200ug-tropfen-bekommen","21":"product_tag-where-to-buy-liquid-lsd-200ug-drop","22":"product_tag-where-to-buy-liquid-lsd-200ug-drop-online","24":"first","25":"instock","26":"shipping-taxable","27":"purchasable","28":"product-type-variable","29":"has-default-attributes"},"yoast_head":"<!-- This site is optimized with the Yoast SEO Premium plugin v20.6 (Yoast SEO v27.4) - https:\/\/yoast.com\/product\/yoast-seo-premium-wordpress\/ -->\n<title>Kaufen Sie fl\u00fcssige LSD-Tropfen (200ug) - LSD | Good Dealers Meds<\/title>\n<meta name=\"description\" content=\"Kaufen Sie fl\u00fcssige LSD-Tropfen online zu einem g\u00fcnstigen Preis mit h\u00f6chster Reinheit. Es ist leicht im Online-Shop von Europa erh\u00e4ltlich.\" \/>\n<meta name=\"robots\" content=\"index, follow, max-snippet:-1, max-image-preview:large, max-video-preview:-1\" \/>\n<link rel=\"canonical\" href=\"https:\/\/gooddealersmeds.com\/de\/product\/kaufen-liquid-lsd-200ug-drop-online\/\" \/>\n<meta property=\"og:locale\" content=\"en_US\" \/>\n<meta property=\"og:type\" content=\"article\" \/>\n<meta property=\"og:title\" content=\"Kaufen Sie fl\u00fcssiges LSD 200ug Drop online\" \/>\n<meta property=\"og:description\" content=\"Kaufen Sie fl\u00fcssige LSD-Tropfen online zu einem g\u00fcnstigen Preis mit h\u00f6chster Reinheit. Es ist leicht im Online-Shop von Europa erh\u00e4ltlich.\" \/>\n<meta property=\"og:url\" content=\"https:\/\/gooddealersmeds.com\/de\/product\/kaufen-liquid-lsd-200ug-drop-online\/\" \/>\n<meta property=\"og:site_name\" content=\"Good Dealers Meds\" \/>\n<meta property=\"article:modified_time\" content=\"2022-12-18T19:53:58+00:00\" \/>\n<meta property=\"og:image\" content=\"https:\/\/gooddealersmeds.com\/de\/wp-content\/uploads\/sites\/3\/2022\/07\/buy-liquid-lsd-200ug-drop-online-cheap-1.jpg\" \/>\n\t<meta property=\"og:image:width\" content=\"600\" \/>\n\t<meta property=\"og:image:height\" content=\"600\" \/>\n\t<meta property=\"og:image:type\" content=\"image\/jpeg\" \/>\n<meta name=\"twitter:card\" content=\"summary_large_image\" \/>\n<meta name=\"twitter:label1\" content=\"Est. reading time\" \/>\n\t<meta name=\"twitter:data1\" content=\"2 minutes\" \/>\n<script type=\"application\/ld+json\" class=\"yoast-schema-graph\">{\"@context\":\"https:\\\/\\\/schema.org\",\"@graph\":[{\"@type\":\"WebPage\",\"@id\":\"https:\\\/\\\/gooddealersmeds.com\\\/de\\\/product\\\/kaufen-liquid-lsd-200ug-drop-online\\\/\",\"url\":\"https:\\\/\\\/gooddealersmeds.com\\\/de\\\/product\\\/kaufen-liquid-lsd-200ug-drop-online\\\/\",\"name\":\"Kaufen Sie fl\u00fcssige LSD-Tropfen (200ug) - LSD | Good Dealers Meds\",\"isPartOf\":{\"@id\":\"https:\\\/\\\/gooddealersmeds.com\\\/de\\\/#website\"},\"primaryImageOfPage\":{\"@id\":\"https:\\\/\\\/gooddealersmeds.com\\\/de\\\/product\\\/kaufen-liquid-lsd-200ug-drop-online\\\/#primaryimage\"},\"image\":{\"@id\":\"https:\\\/\\\/gooddealersmeds.com\\\/de\\\/product\\\/kaufen-liquid-lsd-200ug-drop-online\\\/#primaryimage\"},\"thumbnailUrl\":\"https:\\\/\\\/gooddealersmeds.com\\\/de\\\/wp-content\\\/uploads\\\/sites\\\/3\\\/2022\\\/07\\\/buy-liquid-lsd-200ug-drop-online-cheap-1.jpg\",\"datePublished\":\"2022-07-03T14:50:24+00:00\",\"dateModified\":\"2022-12-18T19:53:58+00:00\",\"description\":\"Kaufen Sie fl\u00fcssige LSD-Tropfen online zu einem g\u00fcnstigen Preis mit h\u00f6chster Reinheit. Es ist leicht im Online-Shop von Europa erh\u00e4ltlich.\",\"breadcrumb\":{\"@id\":\"https:\\\/\\\/gooddealersmeds.com\\\/de\\\/product\\\/kaufen-liquid-lsd-200ug-drop-online\\\/#breadcrumb\"},\"inLanguage\":\"en-US\",\"potentialAction\":[{\"@type\":\"ReadAction\",\"target\":[\"https:\\\/\\\/gooddealersmeds.com\\\/de\\\/product\\\/kaufen-liquid-lsd-200ug-drop-online\\\/\"]}]},{\"@type\":\"ImageObject\",\"inLanguage\":\"en-US\",\"@id\":\"https:\\\/\\\/gooddealersmeds.com\\\/de\\\/product\\\/kaufen-liquid-lsd-200ug-drop-online\\\/#primaryimage\",\"url\":\"https:\\\/\\\/gooddealersmeds.com\\\/de\\\/wp-content\\\/uploads\\\/sites\\\/3\\\/2022\\\/07\\\/buy-liquid-lsd-200ug-drop-online-cheap-1.jpg\",\"contentUrl\":\"https:\\\/\\\/gooddealersmeds.com\\\/de\\\/wp-content\\\/uploads\\\/sites\\\/3\\\/2022\\\/07\\\/buy-liquid-lsd-200ug-drop-online-cheap-1.jpg\",\"width\":600,\"height\":600,\"caption\":\"Buy liquid LSD Drop\"},{\"@type\":\"BreadcrumbList\",\"@id\":\"https:\\\/\\\/gooddealersmeds.com\\\/de\\\/product\\\/kaufen-liquid-lsd-200ug-drop-online\\\/#breadcrumb\",\"itemListElement\":[{\"@type\":\"ListItem\",\"position\":1,\"name\":\"Home\",\"item\":\"https:\\\/\\\/gooddealersmeds.com\\\/de\\\/\"},{\"@type\":\"ListItem\",\"position\":2,\"name\":\"Produkte\",\"item\":\"https:\\\/\\\/gooddealersmeds.com\\\/de\\\/produkte\\\/\"},{\"@type\":\"ListItem\",\"position\":3,\"name\":\"Kaufen Sie fl\u00fcssiges LSD 200ug Drop online\"}]},{\"@type\":\"WebSite\",\"@id\":\"https:\\\/\\\/gooddealersmeds.com\\\/de\\\/#website\",\"url\":\"https:\\\/\\\/gooddealersmeds.com\\\/de\\\/\",\"name\":\"Good Dealers Meds\",\"description\":\"All our best\",\"publisher\":{\"@id\":\"https:\\\/\\\/gooddealersmeds.com\\\/de\\\/#organization\"},\"potentialAction\":[{\"@type\":\"SearchAction\",\"target\":{\"@type\":\"EntryPoint\",\"urlTemplate\":\"https:\\\/\\\/gooddealersmeds.com\\\/de\\\/?s={search_term_string}\"},\"query-input\":{\"@type\":\"PropertyValueSpecification\",\"valueRequired\":true,\"valueName\":\"search_term_string\"}}],\"inLanguage\":\"en-US\"},{\"@type\":\"Organization\",\"@id\":\"https:\\\/\\\/gooddealersmeds.com\\\/de\\\/#organization\",\"name\":\"Good Dealers Meds\",\"url\":\"https:\\\/\\\/gooddealersmeds.com\\\/de\\\/\",\"logo\":{\"@type\":\"ImageObject\",\"inLanguage\":\"en-US\",\"@id\":\"https:\\\/\\\/gooddealersmeds.com\\\/de\\\/#\\\/schema\\\/logo\\\/image\\\/\",\"url\":\"https:\\\/\\\/gooddealersmeds.com\\\/de\\\/wp-content\\\/uploads\\\/sites\\\/3\\\/2022\\\/03\\\/gooddealersmeds__logo__20220317T222800Z.00.png\",\"contentUrl\":\"https:\\\/\\\/gooddealersmeds.com\\\/de\\\/wp-content\\\/uploads\\\/sites\\\/3\\\/2022\\\/03\\\/gooddealersmeds__logo__20220317T222800Z.00.png\",\"width\":500,\"height\":325,\"caption\":\"Good Dealers Meds\"},\"image\":{\"@id\":\"https:\\\/\\\/gooddealersmeds.com\\\/de\\\/#\\\/schema\\\/logo\\\/image\\\/\"}}]}<\/script>\n<!-- \/ Yoast SEO Premium plugin. -->","yoast_head_json":{"title":"Kaufen Sie fl\u00fcssige LSD-Tropfen (200ug) - LSD | Good Dealers Meds","description":"Kaufen Sie fl\u00fcssige LSD-Tropfen online zu einem g\u00fcnstigen Preis mit h\u00f6chster Reinheit. Es ist leicht im Online-Shop von Europa erh\u00e4ltlich.","robots":{"index":"index","follow":"follow","max-snippet":"max-snippet:-1","max-image-preview":"max-image-preview:large","max-video-preview":"max-video-preview:-1"},"canonical":"https:\/\/gooddealersmeds.com\/de\/product\/kaufen-liquid-lsd-200ug-drop-online\/","og_locale":"en_US","og_type":"article","og_title":"Kaufen Sie fl\u00fcssiges LSD 200ug Drop online","og_description":"Kaufen Sie fl\u00fcssige LSD-Tropfen online zu einem g\u00fcnstigen Preis mit h\u00f6chster Reinheit. Es ist leicht im Online-Shop von Europa erh\u00e4ltlich.","og_url":"https:\/\/gooddealersmeds.com\/de\/product\/kaufen-liquid-lsd-200ug-drop-online\/","og_site_name":"Good Dealers Meds","article_modified_time":"2022-12-18T19:53:58+00:00","og_image":[{"width":600,"height":600,"url":"https:\/\/gooddealersmeds.com\/de\/wp-content\/uploads\/sites\/3\/2022\/07\/buy-liquid-lsd-200ug-drop-online-cheap-1.jpg","type":"image\/jpeg"}],"twitter_card":"summary_large_image","twitter_misc":{"Est. reading time":"2 minutes"},"schema":{"@context":"https:\/\/schema.org","@graph":[{"@type":"WebPage","@id":"https:\/\/gooddealersmeds.com\/de\/product\/kaufen-liquid-lsd-200ug-drop-online\/","url":"https:\/\/gooddealersmeds.com\/de\/product\/kaufen-liquid-lsd-200ug-drop-online\/","name":"Kaufen Sie fl\u00fcssige LSD-Tropfen (200ug) - LSD | Good Dealers Meds","isPartOf":{"@id":"https:\/\/gooddealersmeds.com\/de\/#website"},"primaryImageOfPage":{"@id":"https:\/\/gooddealersmeds.com\/de\/product\/kaufen-liquid-lsd-200ug-drop-online\/#primaryimage"},"image":{"@id":"https:\/\/gooddealersmeds.com\/de\/product\/kaufen-liquid-lsd-200ug-drop-online\/#primaryimage"},"thumbnailUrl":"https:\/\/gooddealersmeds.com\/de\/wp-content\/uploads\/sites\/3\/2022\/07\/buy-liquid-lsd-200ug-drop-online-cheap-1.jpg","datePublished":"2022-07-03T14:50:24+00:00","dateModified":"2022-12-18T19:53:58+00:00","description":"Kaufen Sie fl\u00fcssige LSD-Tropfen online zu einem g\u00fcnstigen Preis mit h\u00f6chster Reinheit. Es ist leicht im Online-Shop von Europa erh\u00e4ltlich.","breadcrumb":{"@id":"https:\/\/gooddealersmeds.com\/de\/product\/kaufen-liquid-lsd-200ug-drop-online\/#breadcrumb"},"inLanguage":"en-US","potentialAction":[{"@type":"ReadAction","target":["https:\/\/gooddealersmeds.com\/de\/product\/kaufen-liquid-lsd-200ug-drop-online\/"]}]},{"@type":"ImageObject","inLanguage":"en-US","@id":"https:\/\/gooddealersmeds.com\/de\/product\/kaufen-liquid-lsd-200ug-drop-online\/#primaryimage","url":"https:\/\/gooddealersmeds.com\/de\/wp-content\/uploads\/sites\/3\/2022\/07\/buy-liquid-lsd-200ug-drop-online-cheap-1.jpg","contentUrl":"https:\/\/gooddealersmeds.com\/de\/wp-content\/uploads\/sites\/3\/2022\/07\/buy-liquid-lsd-200ug-drop-online-cheap-1.jpg","width":600,"height":600,"caption":"Buy liquid LSD Drop"},{"@type":"BreadcrumbList","@id":"https:\/\/gooddealersmeds.com\/de\/product\/kaufen-liquid-lsd-200ug-drop-online\/#breadcrumb","itemListElement":[{"@type":"ListItem","position":1,"name":"Home","item":"https:\/\/gooddealersmeds.com\/de\/"},{"@type":"ListItem","position":2,"name":"Produkte","item":"https:\/\/gooddealersmeds.com\/de\/produkte\/"},{"@type":"ListItem","position":3,"name":"Kaufen Sie fl\u00fcssiges LSD 200ug Drop online"}]},{"@type":"WebSite","@id":"https:\/\/gooddealersmeds.com\/de\/#website","url":"https:\/\/gooddealersmeds.com\/de\/","name":"Good Dealers Meds","description":"All our best","publisher":{"@id":"https:\/\/gooddealersmeds.com\/de\/#organization"},"potentialAction":[{"@type":"SearchAction","target":{"@type":"EntryPoint","urlTemplate":"https:\/\/gooddealersmeds.com\/de\/?s={search_term_string}"},"query-input":{"@type":"PropertyValueSpecification","valueRequired":true,"valueName":"search_term_string"}}],"inLanguage":"en-US"},{"@type":"Organization","@id":"https:\/\/gooddealersmeds.com\/de\/#organization","name":"Good Dealers Meds","url":"https:\/\/gooddealersmeds.com\/de\/","logo":{"@type":"ImageObject","inLanguage":"en-US","@id":"https:\/\/gooddealersmeds.com\/de\/#\/schema\/logo\/image\/","url":"https:\/\/gooddealersmeds.com\/de\/wp-content\/uploads\/sites\/3\/2022\/03\/gooddealersmeds__logo__20220317T222800Z.00.png","contentUrl":"https:\/\/gooddealersmeds.com\/de\/wp-content\/uploads\/sites\/3\/2022\/03\/gooddealersmeds__logo__20220317T222800Z.00.png","width":500,"height":325,"caption":"Good Dealers Meds"},"image":{"@id":"https:\/\/gooddealersmeds.com\/de\/#\/schema\/logo\/image\/"}}]}},"_links":{"self":[{"href":"https:\/\/gooddealersmeds.com\/de\/wp-json\/wp\/v2\/product\/2009","targetHints":{"allow":["GET"]}}],"collection":[{"href":"https:\/\/gooddealersmeds.com\/de\/wp-json\/wp\/v2\/product"}],"about":[{"href":"https:\/\/gooddealersmeds.com\/de\/wp-json\/wp\/v2\/types\/product"}],"replies":[{"embeddable":true,"href":"https:\/\/gooddealersmeds.com\/de\/wp-json\/wp\/v2\/comments?post=2009"}],"wp:featuredmedia":[{"embeddable":true,"href":"https:\/\/gooddealersmeds.com\/de\/wp-json\/wp\/v2\/media\/2010"}],"wp:attachment":[{"href":"https:\/\/gooddealersmeds.com\/de\/wp-json\/wp\/v2\/media?parent=2009"}],"wp:term":[{"taxonomy":"product_brand","embeddable":true,"href":"https:\/\/gooddealersmeds.com\/de\/wp-json\/wp\/v2\/product_brand?post=2009"},{"taxonomy":"product_cat","embeddable":true,"href":"https:\/\/gooddealersmeds.com\/de\/wp-json\/wp\/v2\/product_cat?post=2009"},{"taxonomy":"product_tag","embeddable":true,"href":"https:\/\/gooddealersmeds.com\/de\/wp-json\/wp\/v2\/product_tag?post=2009"}],"curies":[{"name":"wp","href":"https:\/\/api.w.org\/{rel}","templated":true}]}}