{"id":2002,"date":"2022-08-01T19:12:36","date_gmt":"2022-08-01T19:12:36","guid":{"rendered":"https:\/\/gooddealersmeds.com\/de\/?post_type=product&#038;p=2002"},"modified":"2022-12-18T19:41:38","modified_gmt":"2022-12-18T19:41:38","slug":"kaufen-qualitat-phencyclidin-pcp-flussigkeit","status":"publish","type":"product","link":"https:\/\/gooddealersmeds.com\/de\/product\/kaufen-qualitat-phencyclidin-pcp-flussigkeit\/","title":{"rendered":"Kaufen Sie hochwertiges Phencyclidin (PCP) Liquid"},"content":{"rendered":"<h2>Phencyclidin-Fl\u00fcssigkeit (PCP) zum Verkauf Top-Qualit\u00e4t<\/h2>\n<p>Phencyclidine Liquid (PCP) ist eine psychedelische Droge, die wegen ihrer F\u00e4higkeit eingenommen wird, die Realit\u00e4t zu ver\u00e4ndern. Es ist eine Freizeitdroge; es kann auch injiziert werden, da es in fl\u00fcssigem Zustand ist Kaufen Sie Phencyclidin-Fl\u00fcssigkeit. Es k\u00f6nnte je nach individuellen Vorlieben auch mit Tabak oder Marihuana gemischt werden, <a href=\"https:\/\/gooddealersmeds.com\/de\/product\/buy-quality-phencyclidine-pcp-liquid\/\">wo Phencyclidine Liquid zu bestellen<\/a>. Phencyclidin geh\u00f6rt zur Arzneistoffklasse der Arylcyclohexylamine und ist ein dissoziatives An\u00e4sthetikum. Es hilft, die Schmerzen je nach eingenommener Dosis erheblich zu lindern; es k\u00f6nnte auch als An\u00e4sthetikum, Stimulans oder Beruhigungsmittel wirken. Nebenwirkungen wie verschwommenes Sehen, Erbrechen und Schwindel k\u00f6nnen mit der Einnahme signifikant hoher Dosen verbunden sein. Bei m\u00e4\u00dfigem Gebrauch l\u00f6st es sich von der Realit\u00e4t und gibt ein Gef\u00fchl der Euphorie. Es ist bekannt, dass es fast so aussieht, als h\u00e4tten Sie \u00fcbermenschliche Kr\u00e4fte und keine Angst vor irgendetwas.<\/p>\n<p><strong>Verwendung von Phencyclidin\u00a0<\/strong><\/p>\n<p>Phencyclidin-Fl\u00fcssigkeit (PCP) hat eine schnelle Reaktionszeit bei direkter Injektion in den K\u00f6rper. Je nach verwendeter Dosierung nutzt es sich normalerweise nach 6-24 Stunden ab. Die Gefahr erheblicher Nebenwirkungen und \u00dcberdosierung steigt, wenn PCP mit anderen Medikamenten kombiniert wird, einschlie\u00dflich verschreibungspflichtigem, <a href=\"https:\/\/gooddealersmeds.com\/de\/product\/buy-quality-phencyclidine-pcp-liquid\/\">PCP zum Verkauf im Freiverkehr (OTC)<\/a> und andere Freizeit-Opioide. Dies gilt insbesondere, wenn Sie Medikamente kombinieren, die das zentrale Nervensystem unterdr\u00fccken. Es k\u00f6nnte Ihre Atmung erheblich verlangsamen und einen Anstieg des Blutdrucks verursachen.<\/p>\n<p><strong>PCP-Dosis<\/strong><\/p>\n<p>Phencyclidin-Fl\u00fcssigkeit (PCP) sollte nicht oft verwendet werden weil h\u00e4ufiger und langfristiger Gebrauch unangenehme Auswirkungen haben k\u00f6nnte. Es sollte nicht alleine verwendet werden, da der Benutzer Halluzinationen erleben k\u00f6nnte, die zu seltsamem Verhalten und Verwirrung f\u00fchren k\u00f6nnten; Einen Begleiter oder eine Gesellschaft zu haben, w\u00e4re ausgezeichnet und im Falle eines Problems von Vorteil. Bleiben Sie immer hydratisiert, wenn Sie PCP verwenden, um Austrocknung und erh\u00f6hte K\u00f6rpertemperatur zu vermeiden. Es ist immer eine gute Idee, PCP nicht mit Alkohol zu mischen. Es besteht die Gefahr, von diesem Medikament abh\u00e4ngig zu werden, insbesondere wenn Sie es st\u00e4ndig einnehmen, es sollte in moderaten Dosen eingenommen werden, und Sie k\u00f6nnen sich an unsere \u00c4rzte wenden, um eine angemessene Aufkl\u00e4rung \u00fcber die Verwendung zu erhalten.\u00a0Kaufen Sie Phencyclidin-Fl\u00fcssigkeit<\/p>\n","protected":false},"excerpt":{"rendered":"<p>Phencyclidin-Fl\u00fcssigkeit (PCP) zum Verkauf Top-Qualit\u00e4t Phencyclidine Liquid (PCP) ist eine psychedelische Droge, die wegen ihrer F\u00e4higkeit eingenommen wird, die Realit\u00e4t zu ver\u00e4ndern. Es ist eine Freizeitdroge; es kann auch injiziert werden, da es in fl\u00fcssigem Zustand ist Kaufen Sie Phencyclidin-Fl\u00fcssigkeit. Es k\u00f6nnte je nach individuellen Vorlieben auch mit Tabak oder Marihuana gemischt werden, wo Phencyclidine&#8230;<\/p>\n","protected":false},"featured_media":2003,"comment_status":"open","ping_status":"closed","template":"","meta":{"inline_featured_image":false},"product_brand":[],"product_cat":[345],"product_tag":[],"class_list":{"0":"post-2002","1":"product","2":"type-product","3":"status-publish","4":"has-post-thumbnail","6":"product_cat-psychedelische-drogen","8":"first","9":"instock","10":"shipping-taxable","11":"product-type-simple"},"yoast_head":"<!-- This site is optimized with the Yoast SEO Premium plugin v20.6 (Yoast SEO v27.3) - https:\/\/yoast.com\/product\/yoast-seo-premium-wordpress\/ -->\n<title>Kaufen Sie Phencyclidin-Fl\u00fcssigkeit - Bestellen PCP| Good Dealers Meds<\/title>\n<meta name=\"description\" content=\"Kaufen Sie Phencyclidin-Fl\u00fcssigkeit (auch bekannt als Engelsstaub) zu einem erschwinglichen Preis von vertrauensw\u00fcrdigen Lieferanten mit h\u00f6chster Reinheit.\" \/>\n<meta name=\"robots\" content=\"index, follow, max-snippet:-1, max-image-preview:large, max-video-preview:-1\" \/>\n<link rel=\"canonical\" href=\"https:\/\/gooddealersmeds.com\/de\/product\/kaufen-qualitat-phencyclidin-pcp-flussigkeit\/\" \/>\n<meta property=\"og:locale\" content=\"en_US\" \/>\n<meta property=\"og:type\" content=\"article\" \/>\n<meta property=\"og:title\" content=\"Kaufen Sie hochwertiges Phencyclidin (PCP) Liquid\" \/>\n<meta property=\"og:description\" content=\"Kaufen Sie Phencyclidin-Fl\u00fcssigkeit (auch bekannt als Engelsstaub) zu einem erschwinglichen Preis von vertrauensw\u00fcrdigen Lieferanten mit h\u00f6chster Reinheit.\" \/>\n<meta property=\"og:url\" content=\"https:\/\/gooddealersmeds.com\/de\/product\/kaufen-qualitat-phencyclidin-pcp-flussigkeit\/\" \/>\n<meta property=\"og:site_name\" content=\"Good Dealers Meds\" \/>\n<meta property=\"article:modified_time\" content=\"2022-12-18T19:41:38+00:00\" \/>\n<meta property=\"og:image\" content=\"https:\/\/gooddealersmeds.com\/de\/wp-content\/uploads\/sites\/3\/2022\/07\/pcp-angel-dust-solution.jpg\" \/>\n\t<meta property=\"og:image:width\" content=\"718\" \/>\n\t<meta property=\"og:image:height\" content=\"539\" \/>\n\t<meta property=\"og:image:type\" content=\"image\/jpeg\" \/>\n<meta name=\"twitter:card\" content=\"summary_large_image\" \/>\n<meta name=\"twitter:label1\" content=\"Est. reading time\" \/>\n\t<meta name=\"twitter:data1\" content=\"2 minutes\" \/>\n<script type=\"application\/ld+json\" class=\"yoast-schema-graph\">{\"@context\":\"https:\\\/\\\/schema.org\",\"@graph\":[{\"@type\":\"WebPage\",\"@id\":\"https:\\\/\\\/gooddealersmeds.com\\\/de\\\/product\\\/kaufen-qualitat-phencyclidin-pcp-flussigkeit\\\/\",\"url\":\"https:\\\/\\\/gooddealersmeds.com\\\/de\\\/product\\\/kaufen-qualitat-phencyclidin-pcp-flussigkeit\\\/\",\"name\":\"Kaufen Sie Phencyclidin-Fl\u00fcssigkeit - Bestellen PCP| Good Dealers Meds\",\"isPartOf\":{\"@id\":\"https:\\\/\\\/gooddealersmeds.com\\\/de\\\/#website\"},\"primaryImageOfPage\":{\"@id\":\"https:\\\/\\\/gooddealersmeds.com\\\/de\\\/product\\\/kaufen-qualitat-phencyclidin-pcp-flussigkeit\\\/#primaryimage\"},\"image\":{\"@id\":\"https:\\\/\\\/gooddealersmeds.com\\\/de\\\/product\\\/kaufen-qualitat-phencyclidin-pcp-flussigkeit\\\/#primaryimage\"},\"thumbnailUrl\":\"https:\\\/\\\/gooddealersmeds.com\\\/de\\\/wp-content\\\/uploads\\\/sites\\\/3\\\/2022\\\/07\\\/pcp-angel-dust-solution.jpg\",\"datePublished\":\"2022-08-01T19:12:36+00:00\",\"dateModified\":\"2022-12-18T19:41:38+00:00\",\"description\":\"Kaufen Sie Phencyclidin-Fl\u00fcssigkeit (auch bekannt als Engelsstaub) zu einem erschwinglichen Preis von vertrauensw\u00fcrdigen Lieferanten mit h\u00f6chster Reinheit.\",\"breadcrumb\":{\"@id\":\"https:\\\/\\\/gooddealersmeds.com\\\/de\\\/product\\\/kaufen-qualitat-phencyclidin-pcp-flussigkeit\\\/#breadcrumb\"},\"inLanguage\":\"en-US\",\"potentialAction\":[{\"@type\":\"ReadAction\",\"target\":[\"https:\\\/\\\/gooddealersmeds.com\\\/de\\\/product\\\/kaufen-qualitat-phencyclidin-pcp-flussigkeit\\\/\"]}]},{\"@type\":\"ImageObject\",\"inLanguage\":\"en-US\",\"@id\":\"https:\\\/\\\/gooddealersmeds.com\\\/de\\\/product\\\/kaufen-qualitat-phencyclidin-pcp-flussigkeit\\\/#primaryimage\",\"url\":\"https:\\\/\\\/gooddealersmeds.com\\\/de\\\/wp-content\\\/uploads\\\/sites\\\/3\\\/2022\\\/07\\\/pcp-angel-dust-solution.jpg\",\"contentUrl\":\"https:\\\/\\\/gooddealersmeds.com\\\/de\\\/wp-content\\\/uploads\\\/sites\\\/3\\\/2022\\\/07\\\/pcp-angel-dust-solution.jpg\",\"width\":718,\"height\":539,\"caption\":\"buy pcp powder\"},{\"@type\":\"BreadcrumbList\",\"@id\":\"https:\\\/\\\/gooddealersmeds.com\\\/de\\\/product\\\/kaufen-qualitat-phencyclidin-pcp-flussigkeit\\\/#breadcrumb\",\"itemListElement\":[{\"@type\":\"ListItem\",\"position\":1,\"name\":\"Home\",\"item\":\"https:\\\/\\\/gooddealersmeds.com\\\/de\\\/\"},{\"@type\":\"ListItem\",\"position\":2,\"name\":\"Produkte\",\"item\":\"https:\\\/\\\/gooddealersmeds.com\\\/de\\\/produkte\\\/\"},{\"@type\":\"ListItem\",\"position\":3,\"name\":\"Kaufen Sie hochwertiges Phencyclidin (PCP) Liquid\"}]},{\"@type\":\"WebSite\",\"@id\":\"https:\\\/\\\/gooddealersmeds.com\\\/de\\\/#website\",\"url\":\"https:\\\/\\\/gooddealersmeds.com\\\/de\\\/\",\"name\":\"Good Dealers Meds\",\"description\":\"All our best\",\"publisher\":{\"@id\":\"https:\\\/\\\/gooddealersmeds.com\\\/de\\\/#organization\"},\"potentialAction\":[{\"@type\":\"SearchAction\",\"target\":{\"@type\":\"EntryPoint\",\"urlTemplate\":\"https:\\\/\\\/gooddealersmeds.com\\\/de\\\/?s={search_term_string}\"},\"query-input\":{\"@type\":\"PropertyValueSpecification\",\"valueRequired\":true,\"valueName\":\"search_term_string\"}}],\"inLanguage\":\"en-US\"},{\"@type\":\"Organization\",\"@id\":\"https:\\\/\\\/gooddealersmeds.com\\\/de\\\/#organization\",\"name\":\"Good Dealers Meds\",\"url\":\"https:\\\/\\\/gooddealersmeds.com\\\/de\\\/\",\"logo\":{\"@type\":\"ImageObject\",\"inLanguage\":\"en-US\",\"@id\":\"https:\\\/\\\/gooddealersmeds.com\\\/de\\\/#\\\/schema\\\/logo\\\/image\\\/\",\"url\":\"https:\\\/\\\/gooddealersmeds.com\\\/de\\\/wp-content\\\/uploads\\\/sites\\\/3\\\/2022\\\/03\\\/gooddealersmeds__logo__20220317T222800Z.00.png\",\"contentUrl\":\"https:\\\/\\\/gooddealersmeds.com\\\/de\\\/wp-content\\\/uploads\\\/sites\\\/3\\\/2022\\\/03\\\/gooddealersmeds__logo__20220317T222800Z.00.png\",\"width\":500,\"height\":325,\"caption\":\"Good Dealers Meds\"},\"image\":{\"@id\":\"https:\\\/\\\/gooddealersmeds.com\\\/de\\\/#\\\/schema\\\/logo\\\/image\\\/\"}}]}<\/script>\n<!-- \/ Yoast SEO Premium plugin. -->","yoast_head_json":{"title":"Kaufen Sie Phencyclidin-Fl\u00fcssigkeit - Bestellen PCP| Good Dealers Meds","description":"Kaufen Sie Phencyclidin-Fl\u00fcssigkeit (auch bekannt als Engelsstaub) zu einem erschwinglichen Preis von vertrauensw\u00fcrdigen Lieferanten mit h\u00f6chster Reinheit.","robots":{"index":"index","follow":"follow","max-snippet":"max-snippet:-1","max-image-preview":"max-image-preview:large","max-video-preview":"max-video-preview:-1"},"canonical":"https:\/\/gooddealersmeds.com\/de\/product\/kaufen-qualitat-phencyclidin-pcp-flussigkeit\/","og_locale":"en_US","og_type":"article","og_title":"Kaufen Sie hochwertiges Phencyclidin (PCP) Liquid","og_description":"Kaufen Sie Phencyclidin-Fl\u00fcssigkeit (auch bekannt als Engelsstaub) zu einem erschwinglichen Preis von vertrauensw\u00fcrdigen Lieferanten mit h\u00f6chster Reinheit.","og_url":"https:\/\/gooddealersmeds.com\/de\/product\/kaufen-qualitat-phencyclidin-pcp-flussigkeit\/","og_site_name":"Good Dealers Meds","article_modified_time":"2022-12-18T19:41:38+00:00","og_image":[{"width":718,"height":539,"url":"https:\/\/gooddealersmeds.com\/de\/wp-content\/uploads\/sites\/3\/2022\/07\/pcp-angel-dust-solution.jpg","type":"image\/jpeg"}],"twitter_card":"summary_large_image","twitter_misc":{"Est. reading time":"2 minutes"},"schema":{"@context":"https:\/\/schema.org","@graph":[{"@type":"WebPage","@id":"https:\/\/gooddealersmeds.com\/de\/product\/kaufen-qualitat-phencyclidin-pcp-flussigkeit\/","url":"https:\/\/gooddealersmeds.com\/de\/product\/kaufen-qualitat-phencyclidin-pcp-flussigkeit\/","name":"Kaufen Sie Phencyclidin-Fl\u00fcssigkeit - Bestellen PCP| Good Dealers Meds","isPartOf":{"@id":"https:\/\/gooddealersmeds.com\/de\/#website"},"primaryImageOfPage":{"@id":"https:\/\/gooddealersmeds.com\/de\/product\/kaufen-qualitat-phencyclidin-pcp-flussigkeit\/#primaryimage"},"image":{"@id":"https:\/\/gooddealersmeds.com\/de\/product\/kaufen-qualitat-phencyclidin-pcp-flussigkeit\/#primaryimage"},"thumbnailUrl":"https:\/\/gooddealersmeds.com\/de\/wp-content\/uploads\/sites\/3\/2022\/07\/pcp-angel-dust-solution.jpg","datePublished":"2022-08-01T19:12:36+00:00","dateModified":"2022-12-18T19:41:38+00:00","description":"Kaufen Sie Phencyclidin-Fl\u00fcssigkeit (auch bekannt als Engelsstaub) zu einem erschwinglichen Preis von vertrauensw\u00fcrdigen Lieferanten mit h\u00f6chster Reinheit.","breadcrumb":{"@id":"https:\/\/gooddealersmeds.com\/de\/product\/kaufen-qualitat-phencyclidin-pcp-flussigkeit\/#breadcrumb"},"inLanguage":"en-US","potentialAction":[{"@type":"ReadAction","target":["https:\/\/gooddealersmeds.com\/de\/product\/kaufen-qualitat-phencyclidin-pcp-flussigkeit\/"]}]},{"@type":"ImageObject","inLanguage":"en-US","@id":"https:\/\/gooddealersmeds.com\/de\/product\/kaufen-qualitat-phencyclidin-pcp-flussigkeit\/#primaryimage","url":"https:\/\/gooddealersmeds.com\/de\/wp-content\/uploads\/sites\/3\/2022\/07\/pcp-angel-dust-solution.jpg","contentUrl":"https:\/\/gooddealersmeds.com\/de\/wp-content\/uploads\/sites\/3\/2022\/07\/pcp-angel-dust-solution.jpg","width":718,"height":539,"caption":"buy pcp powder"},{"@type":"BreadcrumbList","@id":"https:\/\/gooddealersmeds.com\/de\/product\/kaufen-qualitat-phencyclidin-pcp-flussigkeit\/#breadcrumb","itemListElement":[{"@type":"ListItem","position":1,"name":"Home","item":"https:\/\/gooddealersmeds.com\/de\/"},{"@type":"ListItem","position":2,"name":"Produkte","item":"https:\/\/gooddealersmeds.com\/de\/produkte\/"},{"@type":"ListItem","position":3,"name":"Kaufen Sie hochwertiges Phencyclidin (PCP) Liquid"}]},{"@type":"WebSite","@id":"https:\/\/gooddealersmeds.com\/de\/#website","url":"https:\/\/gooddealersmeds.com\/de\/","name":"Good Dealers Meds","description":"All our best","publisher":{"@id":"https:\/\/gooddealersmeds.com\/de\/#organization"},"potentialAction":[{"@type":"SearchAction","target":{"@type":"EntryPoint","urlTemplate":"https:\/\/gooddealersmeds.com\/de\/?s={search_term_string}"},"query-input":{"@type":"PropertyValueSpecification","valueRequired":true,"valueName":"search_term_string"}}],"inLanguage":"en-US"},{"@type":"Organization","@id":"https:\/\/gooddealersmeds.com\/de\/#organization","name":"Good Dealers Meds","url":"https:\/\/gooddealersmeds.com\/de\/","logo":{"@type":"ImageObject","inLanguage":"en-US","@id":"https:\/\/gooddealersmeds.com\/de\/#\/schema\/logo\/image\/","url":"https:\/\/gooddealersmeds.com\/de\/wp-content\/uploads\/sites\/3\/2022\/03\/gooddealersmeds__logo__20220317T222800Z.00.png","contentUrl":"https:\/\/gooddealersmeds.com\/de\/wp-content\/uploads\/sites\/3\/2022\/03\/gooddealersmeds__logo__20220317T222800Z.00.png","width":500,"height":325,"caption":"Good Dealers Meds"},"image":{"@id":"https:\/\/gooddealersmeds.com\/de\/#\/schema\/logo\/image\/"}}]}},"_links":{"self":[{"href":"https:\/\/gooddealersmeds.com\/de\/wp-json\/wp\/v2\/product\/2002","targetHints":{"allow":["GET"]}}],"collection":[{"href":"https:\/\/gooddealersmeds.com\/de\/wp-json\/wp\/v2\/product"}],"about":[{"href":"https:\/\/gooddealersmeds.com\/de\/wp-json\/wp\/v2\/types\/product"}],"replies":[{"embeddable":true,"href":"https:\/\/gooddealersmeds.com\/de\/wp-json\/wp\/v2\/comments?post=2002"}],"wp:featuredmedia":[{"embeddable":true,"href":"https:\/\/gooddealersmeds.com\/de\/wp-json\/wp\/v2\/media\/2003"}],"wp:attachment":[{"href":"https:\/\/gooddealersmeds.com\/de\/wp-json\/wp\/v2\/media?parent=2002"}],"wp:term":[{"taxonomy":"product_brand","embeddable":true,"href":"https:\/\/gooddealersmeds.com\/de\/wp-json\/wp\/v2\/product_brand?post=2002"},{"taxonomy":"product_cat","embeddable":true,"href":"https:\/\/gooddealersmeds.com\/de\/wp-json\/wp\/v2\/product_cat?post=2002"},{"taxonomy":"product_tag","embeddable":true,"href":"https:\/\/gooddealersmeds.com\/de\/wp-json\/wp\/v2\/product_tag?post=2002"}],"curies":[{"name":"wp","href":"https:\/\/api.w.org\/{rel}","templated":true}]}}