{"id":2001,"date":"2022-07-03T14:45:15","date_gmt":"2022-07-03T14:45:15","guid":{"rendered":"https:\/\/gooddealersmeds.com\/de\/?post_type=product&#038;p=2001"},"modified":"2022-12-21T15:58:37","modified_gmt":"2022-12-21T15:58:37","slug":"ketamin-pulver-online-kaufen","status":"publish","type":"product","link":"https:\/\/gooddealersmeds.com\/de\/product\/ketamin-pulver-online-kaufen\/","title":{"rendered":"Kaufen Sie Ketaminpulver online"},"content":{"rendered":"<h2>Kaufen Sie Ketaminpulver &#8211; Was ist Ketaminpulver und wie wirkt es?<\/h2>\n<p>Ketamin ist ein dissoziatives An\u00e4sthetikum. Es wird von \u00c4rzten verwendet, um eine Vollnarkose einzuleiten &#8211; Kaufen Sie Ketaminpulver online. Es kann zur Behandlung von Depressionen bei Patienten angewendet werden, die auf andere Behandlungsformen nicht gut ansprechen. Es kann verwendet werden, um Angstprobleme zu behandeln. Alkohol und Ketamin wirken d\u00e4mpfend auf das zentrale Nervensystem, und daher ist Ketamin in Kombination mit Alkohol nicht ratsam, da es t\u00f6dliche Wirkungen haben k\u00f6nnte. Es ist eine beliebte Freizeitdroge, die bei Einnahme ein Gef\u00fchl der Euphorie hervorrufen kann. Es kann auch verwendet werden, um Schmerzen zu lindern, insbesondere wenn andere Medikamente nicht zu wirken scheinen. Ketamin wirkt nicht wie andere An\u00e4sthetika, die Schmerzsignale blockieren, es wirkt so, dass es das Gehirn vom K\u00f6rper trennt. Es behindert die F\u00e4higkeit des Gehirns, Schmerzsignale zu verarbeiten. Ketamin ist daf\u00fcr bekannt, die neuronale Aktivit\u00e4t zu erh\u00f6hen, und einige Studien haben gezeigt, dass dies der Fall ist. <a href=\"https:\/\/gooddealersmeds.com\/de\/product\/buy-ketamine-powder-online\/\">Wie kann ich Ketamin bestellen<\/a><\/p>\n<h3>Wo ist der richtige Ort, um Ketamin zu kaufen?<\/h3>\n<p>zur Behandlung einiger psychischer Erkrankungen eingesetzt werden. Es kann verwendet werden, um Schmerzen zu lindern, die durch Brandverletzungen verursacht werden. Es kann verwendet werden, um Verletzungen zu behandeln, die auf dem Schlachtfeld erlitten wurden. Es wurde auch zur Schmerzbehandlung bei Kindern eingesetzt, die aufgrund von Nebenwirkungen oder Allergien keine anderen An\u00e4sthetika verwenden k\u00f6nnen. Die Wirkung ist in der Regel einige Minuten nach der Einnahme sp\u00fcrbar. Die Reaktionszeit h\u00e4ngt von der Art der Verwendung ab &#8211; Ketaminpulver zum Verkauf. Nach der Einnahme dauert es einige Sekunden bis zu 30 Minuten, bis es zu wirken beginnt. Es wurde berichtet, dass die Benutzer von Ketamin ein High erleben, das sie gl\u00fccklich und entspannt f\u00fchlen l\u00e4sst. Dar\u00fcber hinaus k\u00f6nnten sie sich aufgrund der Tatsache, dass es sich um ein dissoziatives An\u00e4sthetikum handelt, von ihrem K\u00f6rper losgel\u00f6st f\u00fchlen. Das Medikament beeinflusst Glutaminrezeptoren und repariert und reaktiviert Synapsen, wodurch es die Anpassungsf\u00e4higkeit des Gehirns verbessert, was helfen kann, Depressionen zu \u00fcberwinden. Kaufen Sie Ketaminpulver online<\/p>\n<h4>Wie man Ketamin bestellt und wie man es verwendet<\/h4>\n<p>Es wurde berichtet, dass Ketamin Antidepressiva oder Psychotherapie wirksam macht auch wenn sie anfangs nicht so effektiv waren. Das k\u00f6nnte auch erkl\u00e4ren, warum Ketamin Antidepressiva oder Psychotherapie effektiv machen kann, nachdem sie es vorher nicht waren. Einige Benutzer behaupten, dass es ein angenehmes Gef\u00fchl vermittelt und ihnen das Gef\u00fchl gibt, eins mit dem Kosmos zu sein. Nehmen Sie es in der Gesellschaft von Freunden in Ruhe ein &#8211; bestellen Sie hier Ketaminpulver, eine entspannte Umgebung kann spirituell und beruhigend sein; Die Einnahme in einem Club kann mit erh\u00f6hter Energie und einem guten High berauschend sein.<\/p>\n<p>&nbsp;<\/p>\n<p>Ketamin kann auch andere ung\u00fcnstige Nebenwirkungen haben, wie Angst, Schwindel oder Verlust von Gleichgewicht. Es ist auch eine sehr s\u00fcchtig machende Droge, es ist geruchs- und farblos und kann sch\u00e4dlich sein, wenn nicht richtig darauf geachtet wird. Ketamin zum Verkauf Konsultieren Sie unsere \u00c4rzte f\u00fcr eine angemessene Beratung.<\/p>\n","protected":false},"excerpt":{"rendered":"<p>Ketaminpulver online kaufen. Ketamin-HCL-Pulver zum Verkauf online kaufen \u2013 Ketaminpulver zum Verkauf online \u2013 Ketaminpulver bestellen<\/p>\n","protected":false},"featured_media":2008,"comment_status":"open","ping_status":"closed","template":"","meta":{"inline_featured_image":false},"product_brand":[],"product_cat":[345],"product_tag":[107,563,562,561,571,105,572,570,573,566,565,568,109,108,203,110,569,104,106,564,567],"class_list":{"0":"post-2001","1":"product","2":"type-product","3":"status-publish","4":"has-post-thumbnail","6":"product_cat-psychedelische-drogen","7":"product_tag-buy","8":"product_tag-buy-ketamine-online","9":"product_tag-buy-ketamine-powder","10":"product_tag-buy-ketamine-powder-online-buy-powder","11":"product_tag-buy-ketamine-powder-online-usa","12":"product_tag-canada","13":"product_tag-how-to-order-ketamine-powder","14":"product_tag-ist-ketamin-pulver-legal-in-den-usa","15":"product_tag-ist-ketamin-pulver-legal-in-kanada","16":"product_tag-ketamin-zum-verkauf","17":"product_tag-ketamin-pulver-zu-verkaufen","18":"product_tag-ketamin-pulver-zum-verkauf-in-den-usa","19":"product_tag-lieferanten","20":"product_tag-online","21":"product_tag-pulver-online-kaufen","22":"product_tag-safe-delivery","23":"product_tag-du-kannst-noch-ketamin-pulver-bekommen","24":"product_tag-vereinigte-staaten-von-amerika","25":"product_tag-vereinigtes-knigreich","26":"product_tag-where-to-buy-ketamine-powder","27":"product_tag-where-to-buy-ketamine-powder-online","29":"first","30":"instock","31":"shipping-taxable","32":"purchasable","33":"product-type-variable","34":"has-default-attributes"},"yoast_head":"<!-- This site is optimized with the Yoast SEO Premium plugin v20.6 (Yoast SEO v27.3) - https:\/\/yoast.com\/product\/yoast-seo-premium-wordpress\/ -->\n<title>Kaufen Sie Ketaminpulver online - Ketaminpulver | Good Dealers Meds<\/title>\n<meta name=\"description\" content=\"Kaufen Sie Ketaminpulver online. Ketamin HCL zum Verkauf \u2013 Bestellen Sie Ketamin zu einem erschwinglichen Preis mit garantierter Zufriedenheit und schneller Lieferung.\" \/>\n<meta name=\"robots\" content=\"index, follow, max-snippet:-1, max-image-preview:large, max-video-preview:-1\" \/>\n<link rel=\"canonical\" href=\"https:\/\/gooddealersmeds.com\/de\/product\/ketamin-pulver-online-kaufen\/\" \/>\n<meta property=\"og:locale\" content=\"en_US\" \/>\n<meta property=\"og:type\" content=\"article\" \/>\n<meta property=\"og:title\" content=\"Kaufen Sie Ketaminpulver online\" \/>\n<meta property=\"og:description\" content=\"Kaufen Sie Ketaminpulver online. Ketamin HCL zum Verkauf \u2013 Bestellen Sie Ketamin zu einem erschwinglichen Preis mit garantierter Zufriedenheit und schneller Lieferung.\" \/>\n<meta property=\"og:url\" content=\"https:\/\/gooddealersmeds.com\/de\/product\/ketamin-pulver-online-kaufen\/\" \/>\n<meta property=\"og:site_name\" content=\"Good Dealers Meds\" \/>\n<meta property=\"article:modified_time\" content=\"2022-12-21T15:58:37+00:00\" \/>\n<meta property=\"og:image\" content=\"https:\/\/gooddealersmeds.com\/de\/wp-content\/uploads\/sites\/3\/2022\/07\/ketamine-powder.jpg\" \/>\n\t<meta property=\"og:image:width\" content=\"600\" \/>\n\t<meta property=\"og:image:height\" content=\"600\" \/>\n\t<meta property=\"og:image:type\" content=\"image\/jpeg\" \/>\n<meta name=\"twitter:card\" content=\"summary_large_image\" \/>\n<meta name=\"twitter:label1\" content=\"Est. reading time\" \/>\n\t<meta name=\"twitter:data1\" content=\"3 minutes\" \/>\n<script type=\"application\/ld+json\" class=\"yoast-schema-graph\">{\"@context\":\"https:\\\/\\\/schema.org\",\"@graph\":[{\"@type\":\"WebPage\",\"@id\":\"https:\\\/\\\/gooddealersmeds.com\\\/de\\\/product\\\/ketamin-pulver-online-kaufen\\\/\",\"url\":\"https:\\\/\\\/gooddealersmeds.com\\\/de\\\/product\\\/ketamin-pulver-online-kaufen\\\/\",\"name\":\"Kaufen Sie Ketaminpulver online - Ketaminpulver | Good Dealers Meds\",\"isPartOf\":{\"@id\":\"https:\\\/\\\/gooddealersmeds.com\\\/de\\\/#website\"},\"primaryImageOfPage\":{\"@id\":\"https:\\\/\\\/gooddealersmeds.com\\\/de\\\/product\\\/ketamin-pulver-online-kaufen\\\/#primaryimage\"},\"image\":{\"@id\":\"https:\\\/\\\/gooddealersmeds.com\\\/de\\\/product\\\/ketamin-pulver-online-kaufen\\\/#primaryimage\"},\"thumbnailUrl\":\"https:\\\/\\\/gooddealersmeds.com\\\/de\\\/wp-content\\\/uploads\\\/sites\\\/3\\\/2022\\\/07\\\/ketamine-powder.jpg\",\"datePublished\":\"2022-07-03T14:45:15+00:00\",\"dateModified\":\"2022-12-21T15:58:37+00:00\",\"description\":\"Kaufen Sie Ketaminpulver online. Ketamin HCL zum Verkauf \u2013 Bestellen Sie Ketamin zu einem erschwinglichen Preis mit garantierter Zufriedenheit und schneller Lieferung.\",\"breadcrumb\":{\"@id\":\"https:\\\/\\\/gooddealersmeds.com\\\/de\\\/product\\\/ketamin-pulver-online-kaufen\\\/#breadcrumb\"},\"inLanguage\":\"en-US\",\"potentialAction\":[{\"@type\":\"ReadAction\",\"target\":[\"https:\\\/\\\/gooddealersmeds.com\\\/de\\\/product\\\/ketamin-pulver-online-kaufen\\\/\"]}]},{\"@type\":\"ImageObject\",\"inLanguage\":\"en-US\",\"@id\":\"https:\\\/\\\/gooddealersmeds.com\\\/de\\\/product\\\/ketamin-pulver-online-kaufen\\\/#primaryimage\",\"url\":\"https:\\\/\\\/gooddealersmeds.com\\\/de\\\/wp-content\\\/uploads\\\/sites\\\/3\\\/2022\\\/07\\\/ketamine-powder.jpg\",\"contentUrl\":\"https:\\\/\\\/gooddealersmeds.com\\\/de\\\/wp-content\\\/uploads\\\/sites\\\/3\\\/2022\\\/07\\\/ketamine-powder.jpg\",\"width\":600,\"height\":600,\"caption\":\"Buy Ketamine Powder Online\"},{\"@type\":\"BreadcrumbList\",\"@id\":\"https:\\\/\\\/gooddealersmeds.com\\\/de\\\/product\\\/ketamin-pulver-online-kaufen\\\/#breadcrumb\",\"itemListElement\":[{\"@type\":\"ListItem\",\"position\":1,\"name\":\"Home\",\"item\":\"https:\\\/\\\/gooddealersmeds.com\\\/de\\\/\"},{\"@type\":\"ListItem\",\"position\":2,\"name\":\"Produkte\",\"item\":\"https:\\\/\\\/gooddealersmeds.com\\\/de\\\/produkte\\\/\"},{\"@type\":\"ListItem\",\"position\":3,\"name\":\"Kaufen Sie Ketaminpulver online\"}]},{\"@type\":\"WebSite\",\"@id\":\"https:\\\/\\\/gooddealersmeds.com\\\/de\\\/#website\",\"url\":\"https:\\\/\\\/gooddealersmeds.com\\\/de\\\/\",\"name\":\"Good Dealers Meds\",\"description\":\"All our best\",\"publisher\":{\"@id\":\"https:\\\/\\\/gooddealersmeds.com\\\/de\\\/#organization\"},\"potentialAction\":[{\"@type\":\"SearchAction\",\"target\":{\"@type\":\"EntryPoint\",\"urlTemplate\":\"https:\\\/\\\/gooddealersmeds.com\\\/de\\\/?s={search_term_string}\"},\"query-input\":{\"@type\":\"PropertyValueSpecification\",\"valueRequired\":true,\"valueName\":\"search_term_string\"}}],\"inLanguage\":\"en-US\"},{\"@type\":\"Organization\",\"@id\":\"https:\\\/\\\/gooddealersmeds.com\\\/de\\\/#organization\",\"name\":\"Good Dealers Meds\",\"url\":\"https:\\\/\\\/gooddealersmeds.com\\\/de\\\/\",\"logo\":{\"@type\":\"ImageObject\",\"inLanguage\":\"en-US\",\"@id\":\"https:\\\/\\\/gooddealersmeds.com\\\/de\\\/#\\\/schema\\\/logo\\\/image\\\/\",\"url\":\"https:\\\/\\\/gooddealersmeds.com\\\/de\\\/wp-content\\\/uploads\\\/sites\\\/3\\\/2022\\\/03\\\/gooddealersmeds__logo__20220317T222800Z.00.png\",\"contentUrl\":\"https:\\\/\\\/gooddealersmeds.com\\\/de\\\/wp-content\\\/uploads\\\/sites\\\/3\\\/2022\\\/03\\\/gooddealersmeds__logo__20220317T222800Z.00.png\",\"width\":500,\"height\":325,\"caption\":\"Good Dealers Meds\"},\"image\":{\"@id\":\"https:\\\/\\\/gooddealersmeds.com\\\/de\\\/#\\\/schema\\\/logo\\\/image\\\/\"}}]}<\/script>\n<!-- \/ Yoast SEO Premium plugin. -->","yoast_head_json":{"title":"Kaufen Sie Ketaminpulver online - Ketaminpulver | Good Dealers Meds","description":"Kaufen Sie Ketaminpulver online. Ketamin HCL zum Verkauf \u2013 Bestellen Sie Ketamin zu einem erschwinglichen Preis mit garantierter Zufriedenheit und schneller Lieferung.","robots":{"index":"index","follow":"follow","max-snippet":"max-snippet:-1","max-image-preview":"max-image-preview:large","max-video-preview":"max-video-preview:-1"},"canonical":"https:\/\/gooddealersmeds.com\/de\/product\/ketamin-pulver-online-kaufen\/","og_locale":"en_US","og_type":"article","og_title":"Kaufen Sie Ketaminpulver online","og_description":"Kaufen Sie Ketaminpulver online. Ketamin HCL zum Verkauf \u2013 Bestellen Sie Ketamin zu einem erschwinglichen Preis mit garantierter Zufriedenheit und schneller Lieferung.","og_url":"https:\/\/gooddealersmeds.com\/de\/product\/ketamin-pulver-online-kaufen\/","og_site_name":"Good Dealers Meds","article_modified_time":"2022-12-21T15:58:37+00:00","og_image":[{"width":600,"height":600,"url":"https:\/\/gooddealersmeds.com\/de\/wp-content\/uploads\/sites\/3\/2022\/07\/ketamine-powder.jpg","type":"image\/jpeg"}],"twitter_card":"summary_large_image","twitter_misc":{"Est. reading time":"3 minutes"},"schema":{"@context":"https:\/\/schema.org","@graph":[{"@type":"WebPage","@id":"https:\/\/gooddealersmeds.com\/de\/product\/ketamin-pulver-online-kaufen\/","url":"https:\/\/gooddealersmeds.com\/de\/product\/ketamin-pulver-online-kaufen\/","name":"Kaufen Sie Ketaminpulver online - Ketaminpulver | Good Dealers Meds","isPartOf":{"@id":"https:\/\/gooddealersmeds.com\/de\/#website"},"primaryImageOfPage":{"@id":"https:\/\/gooddealersmeds.com\/de\/product\/ketamin-pulver-online-kaufen\/#primaryimage"},"image":{"@id":"https:\/\/gooddealersmeds.com\/de\/product\/ketamin-pulver-online-kaufen\/#primaryimage"},"thumbnailUrl":"https:\/\/gooddealersmeds.com\/de\/wp-content\/uploads\/sites\/3\/2022\/07\/ketamine-powder.jpg","datePublished":"2022-07-03T14:45:15+00:00","dateModified":"2022-12-21T15:58:37+00:00","description":"Kaufen Sie Ketaminpulver online. Ketamin HCL zum Verkauf \u2013 Bestellen Sie Ketamin zu einem erschwinglichen Preis mit garantierter Zufriedenheit und schneller Lieferung.","breadcrumb":{"@id":"https:\/\/gooddealersmeds.com\/de\/product\/ketamin-pulver-online-kaufen\/#breadcrumb"},"inLanguage":"en-US","potentialAction":[{"@type":"ReadAction","target":["https:\/\/gooddealersmeds.com\/de\/product\/ketamin-pulver-online-kaufen\/"]}]},{"@type":"ImageObject","inLanguage":"en-US","@id":"https:\/\/gooddealersmeds.com\/de\/product\/ketamin-pulver-online-kaufen\/#primaryimage","url":"https:\/\/gooddealersmeds.com\/de\/wp-content\/uploads\/sites\/3\/2022\/07\/ketamine-powder.jpg","contentUrl":"https:\/\/gooddealersmeds.com\/de\/wp-content\/uploads\/sites\/3\/2022\/07\/ketamine-powder.jpg","width":600,"height":600,"caption":"Buy Ketamine Powder Online"},{"@type":"BreadcrumbList","@id":"https:\/\/gooddealersmeds.com\/de\/product\/ketamin-pulver-online-kaufen\/#breadcrumb","itemListElement":[{"@type":"ListItem","position":1,"name":"Home","item":"https:\/\/gooddealersmeds.com\/de\/"},{"@type":"ListItem","position":2,"name":"Produkte","item":"https:\/\/gooddealersmeds.com\/de\/produkte\/"},{"@type":"ListItem","position":3,"name":"Kaufen Sie Ketaminpulver online"}]},{"@type":"WebSite","@id":"https:\/\/gooddealersmeds.com\/de\/#website","url":"https:\/\/gooddealersmeds.com\/de\/","name":"Good Dealers Meds","description":"All our best","publisher":{"@id":"https:\/\/gooddealersmeds.com\/de\/#organization"},"potentialAction":[{"@type":"SearchAction","target":{"@type":"EntryPoint","urlTemplate":"https:\/\/gooddealersmeds.com\/de\/?s={search_term_string}"},"query-input":{"@type":"PropertyValueSpecification","valueRequired":true,"valueName":"search_term_string"}}],"inLanguage":"en-US"},{"@type":"Organization","@id":"https:\/\/gooddealersmeds.com\/de\/#organization","name":"Good Dealers Meds","url":"https:\/\/gooddealersmeds.com\/de\/","logo":{"@type":"ImageObject","inLanguage":"en-US","@id":"https:\/\/gooddealersmeds.com\/de\/#\/schema\/logo\/image\/","url":"https:\/\/gooddealersmeds.com\/de\/wp-content\/uploads\/sites\/3\/2022\/03\/gooddealersmeds__logo__20220317T222800Z.00.png","contentUrl":"https:\/\/gooddealersmeds.com\/de\/wp-content\/uploads\/sites\/3\/2022\/03\/gooddealersmeds__logo__20220317T222800Z.00.png","width":500,"height":325,"caption":"Good Dealers Meds"},"image":{"@id":"https:\/\/gooddealersmeds.com\/de\/#\/schema\/logo\/image\/"}}]}},"_links":{"self":[{"href":"https:\/\/gooddealersmeds.com\/de\/wp-json\/wp\/v2\/product\/2001","targetHints":{"allow":["GET"]}}],"collection":[{"href":"https:\/\/gooddealersmeds.com\/de\/wp-json\/wp\/v2\/product"}],"about":[{"href":"https:\/\/gooddealersmeds.com\/de\/wp-json\/wp\/v2\/types\/product"}],"replies":[{"embeddable":true,"href":"https:\/\/gooddealersmeds.com\/de\/wp-json\/wp\/v2\/comments?post=2001"}],"wp:featuredmedia":[{"embeddable":true,"href":"https:\/\/gooddealersmeds.com\/de\/wp-json\/wp\/v2\/media\/2008"}],"wp:attachment":[{"href":"https:\/\/gooddealersmeds.com\/de\/wp-json\/wp\/v2\/media?parent=2001"}],"wp:term":[{"taxonomy":"product_brand","embeddable":true,"href":"https:\/\/gooddealersmeds.com\/de\/wp-json\/wp\/v2\/product_brand?post=2001"},{"taxonomy":"product_cat","embeddable":true,"href":"https:\/\/gooddealersmeds.com\/de\/wp-json\/wp\/v2\/product_cat?post=2001"},{"taxonomy":"product_tag","embeddable":true,"href":"https:\/\/gooddealersmeds.com\/de\/wp-json\/wp\/v2\/product_tag?post=2001"}],"curies":[{"name":"wp","href":"https:\/\/api.w.org\/{rel}","templated":true}]}}