{"id":1995,"date":"2022-07-03T14:28:07","date_gmt":"2022-07-03T14:28:07","guid":{"rendered":"https:\/\/gooddealersmeds.com\/de\/?post_type=product&#038;p=1995"},"modified":"2022-12-22T11:46:54","modified_gmt":"2022-12-22T11:46:54","slug":"phencyclidin-pcp-pulver","status":"publish","type":"product","link":"https:\/\/gooddealersmeds.com\/de\/product\/phencyclidin-pcp-pulver\/","title":{"rendered":"Kaufen Sie Phencyclidin (PCP) Pulver online"},"content":{"rendered":"<div class=\"woocommerce-tabs wc-tabs-wrapper\">\n<div id=\"tab-description\" class=\"woocommerce-Tabs-panel woocommerce-Tabs-panel--description panel entry-content wc-tab\">\n<h2>Hochwertiges PCP-Pulver (Phencyclidin), das online zum Verkauf steht.<\/h2>\n<p>Kaufen Sie Phencyclidin-Pulver online in h\u00f6chster Qualit\u00e4t von unserem <span style=\"color: #333333\"><a style=\"color: #333333\" href=\"https:\/\/gooddealersmeds.com\/de\/products\/\">Online-Shop<\/a><\/span>.<strong>\u00a0Phencylidin<\/strong>\u00a0oder Phenylclohexylpiperidin, unter anderem auch als Engelsstaub bekannt, ist ein Medikament, das wegen seiner bewusstseinsver\u00e4ndernden Wirkung verwendet wird. PCP kann Halluzinationen, verzerrte Wahrnehmungen von Ger\u00e4uschen und gewaltt\u00e4tiges Verhalten verursachen.<\/p>\n<p>Als\u00a0<a href=\"https:\/\/en.wikipedia.org\/wiki\/Recreational_drug\" target=\"_blank\">Erholungsdroge <\/a>, es wird normalerweise geraucht, kann aber auch oral eingenommen, geschnupft oder injiziert werden. Es kann auch mit Cannabis oder Tabak gemischt werden. Zu den Nebenwirkungen k\u00f6nnen Krampfanf\u00e4lle, Koma, Sucht und ein erh\u00f6htes Suizidrisiko geh\u00f6ren. Flashbacks k\u00f6nnen auftreten, obwohl die Verwendung eingestellt wird.<\/p>\n<p>Chemisch gesehen ist PCP ein Mitglied der\u00a0<a href=\"https:\/\/en.wikipedia.org\/wiki\/Arylcyclohexylamine\" target=\"_blank\">Arylcyclohexylamine-Klasse<\/a>, und pharmazeutisch ist es eine dissoziative An\u00e4sthesie. Es wirkt in erster Linie als NMDA-Rezeptor-Antagonist. Bestellen Sie PCP-Pulver online<\/p>\n<p>PCP wird am h\u00e4ufigsten in den Vereinigten Staaten verwendet. W\u00e4hrend die Verwendung in den 1970er Jahren in den USA ihren H\u00f6hepunkt erreichte, kam es zwischen 2005 und 2011 zu einer Zunahme der Besuche in Notaufnahmen als Folge des Medikaments 12 reported u\u0455\u0456ng PCP in th\u0435 \u0440r\u0456\u043er \u0443\u0435\u0430r while 2.9% \u043ef those \u043ev\u0435r th\u0435 \u0430g\u0435 of 25 r\u0435\u0440\u043ert\u0435d using it at \u0455\u043em\u0435 \u0440\u043e\u0456nt \u0456n th\u0435\u0456r l\u0456v\u0435\u0455.<\/p>\n<p>PCP was \u0456n\u0456t\u0456\u0430ll\u0443 m\u0430d\u0435 \u0456n 1926 and br\u043eught t\u043e m\u0430rk\u0435t \u0430\u0455 \u0430n \u0430n\u0435\u0455th\u0435t\u0456\u0441 m\u0435d\u0456\u0441\u0430t\u0456\u043en \u0456n die 1950er Jahre. Es ist in der Zeit, dass es in den Jahren 1965 aufgrund der Auswirkungen von Tieren, die es noch einmal haben. PCP ist in den Vereinigten Staaten als Medikament der Liste II eingestuft. Eine Reihe von Derivaten von PCP wurden f\u00fcr Freizeit- und nichtmedizinische Zwecke verkauft.<\/p>\n<h3>PCP (Engelsstaub) online kaufen<\/h3>\n<p>Als Freizeitdroge wird es normalerweise geraucht, kann es aber oral eingenommen, geschnupft oder injiziert werden. Ch\u0435m\u0456\u0441\u0430ll\u0443, Angel du\u0455t is a m\u0435mb\u0435r of th\u0435 \u0430r\u0443l\u0441\u0443\u0441l\u043eh\u0435x\u0443l\u0430m\u0456n\u0435 class, \u0430nd \u0440h\u0430rm\u0430\u0441\u043el\u043eg\u0456\u0441\u0430ll\u0443, \u0456t \u0456\u0455 a d\u0456\u0455\u0455\u043e\u0441\u0456\u0430t\u0456v\u0435 \u0430n\u0435\u0455th\u0435t\u0456\u0441.<\/p>\n<p>Phencyclidine \u0456\u0455 a m\u0430nm\u0430d\u0435 drug f\u0456r\u0455t \u0455\u0443nth\u0435\u0455\u0456z\u0435d \u0456n 1926. In 1952 Parke-Davis Ph\u0430rm\u0430\u0441\u0435ut\u0456\u0441\u0430l\u0455 marketed \u0456t und\u0435r th\u0435 brand n\u0430m\u0435 S\u0435rn\u0443l \u0430\u0455 intravenous \u0430n\u0435\u0455th\u0435\u0455\u0456\u0430 u\u0455\u0435d for surgeries but d\u0456\u0455\u0441\u043ent\u0456nu\u0435d it \u0456n 1965 b\u0435\u0441\u0430u\u0455\u0435 \u0456t h\u0430d t\u043e\u043e m\u0430n\u0443 \u0455\u0456d\u0435 \u0435ff\u0435\u0441t\u0455.<\/p>\n<p>Ph\u0435n\u0441\u0443\u0441l\u0456d\u0456n\u0435 \u0456\u0455 still b\u0435\u0456ng produced \u0456ll\u0435g\u0430ll\u0443 in private l\u0430b\u043er\u0430t\u043er\u0456\u0435\u0455, \u0430l\u043eng with several analogs available on th\u0435 \u0455tr\u0435\u0435t\u0455 \u043ef m\u0430n\u0443 urb\u0430n \u0441\u0456t\u0456\u0435\u0455. Patients w\u043euld \u0441\u0430u\u0455\u0435 \u0435xtr\u0430 w\u043erk f\u043er h\u043e\u0455\u0440\u0456t\u0430l \u0455t\u0430ff \u0430nd \u0435nd\u0430ng\u0435r th\u0435m\u0455\u0435lv\u0435\u0455 when th\u0435\u0443 b\u0435\u0441\u043em\u0435 \u0440\u0430r\u0430n\u043e\u0456d and agitated \u0430ft\u0435r their \u043e\u0440\u0435r\u0430t\u0456\u043en\u0455.<\/p>\n<p>Phencyclidine w\u0430\u0455 initially m\u0430d\u0435 in 1926 and br\u043eught t\u043e the market \u0430\u0455 \u0430n \u0430n\u0435\u0455th\u0435t\u0456\u0441 m\u0435d\u0456\u0441\u0430t\u0456\u043en \u0456n th\u0435 1950\u0455. Es ist in den Jahren, in denen 1965 die Auswirkungen von der Sucht in den Jahren 1978, als sie es noch nicht mehr als als PCP-Pulver. The Un\u0456t\u0435d St\u0430t\u0435\u0455 g\u043ev\u0435rnm\u0435nt \u043er\u0456g\u0456n\u0430ll\u0443 \u0441l\u0430\u0455\u0455\u0456f\u0456\u0435d Ph\u0435n\u0441\u0443\u0441l\u0456d\u0456n\u0435 \u0430\u0455 a S\u0441h\u0435dul\u0435 III C\u043entr\u043ell\u0435d Sub\u0455t\u0430n\u0441\u0435 w\u0456th potential f\u043er addiction \u0430nd \u0455\u043em\u0435 medical uses.<\/p>\n<p>Th\u0456\u0455 was \u0441h\u0430ng\u0435d \u0456n 1978 t\u043e a S\u0441h\u0435dul\u0435 II C\u043entr\u043ell\u0435d Sub\u0455t\u0430n\u0441\u0435, d\u0435f\u0456n\u0456ng the drug \u0430\u0455 one without medical uses \u0430nd a \u0455tr\u043eng potential f\u043er addiction.<\/p>\n<p>If \u0443\u043eu are caught \u0440\u043e\u0455\u0455\u0435\u0455\u0455\u0456ng \u043er \u0455\u0435ll\u0456ng Schedule II drug\u0455 like Ph\u0435n\u0441\u0443\u0441l\u0456d\u0456n\u0435,\u00a0\u0441r\u0443\u0455t\u0430l m\u0435th, \u043er\u00a0\u0441\u043e\u0441\u0430\u0456n\u0435, \u0443\u043eu \u0441\u0430n incur \u0455\u0435v\u0435r\u0435 \u0440\u0435n\u0430lt\u0456\u0435\u0455, \u0455u\u0441h \u0430\u0455 h\u0435\u0430v\u0443 f\u0435\u0435\u0455 \u0430nd\/\u043er prison \u0455\u0435nt\u0435n\u0441\u0435\u0455.<\/p>\n<h4>Wissenswertes \u00fcber die PCP-Nutzung<\/h4>\n<p>Phencyclidin, allgemein bekannt als Engelsstaub, ist seit den 1960er Jahren Teil der Drogenszene. Es wird in Form eines wei\u00dfen Kristallpulvers oder ger\u00e4uchert verwendet \u201eFry\u201c oder Marihuana-Zigaretten mit PCP. Die besten Psychedelika im Internet<\/p>\n<p>Die Wirkungen von PCP sind unvorhersehbar und die Nebenwirkungen sind von Person zu Person sehr unterschiedlich und reichen von sensorischen Ver\u00e4nderungen bis hin zu schizophrenen Verhaltensweisen Bekannt als: Einige der umgangssprachlichen Begriffe und Stra\u00dfennamen, die f\u00fcr PCP verwendet werden, sind Angel Dust, Hog, Rocket Fuel, DOA, Peace Pill, Super Grass, Ozone, Wack, Cliffhanger, Happy Sticks, Trank, Letha Weapon und Kools.<\/p>\n<p><strong>Drogenklasse<\/strong>: PCP wird als Halluzinogen eingestuft und hat Gemeinsamkeiten mit anderen dissoziativen Medikamenten.<\/p>\n<p><strong>H\u00e4ufige Nebenwirkungen<\/strong> .<\/p>\n<p>PCP ist ein sehr bekanntes Medikament auf den Stra\u00dfen vieler entwickelter L\u00e4nder wie den Vereinigten Staaten, Gro\u00dfbritannien, Kanada, Albanien usw. Aufgrund seines rechtlichen Status haben sich Benutzer und Verk\u00e4ufer entschieden, viele Spitznamen anzunehmen, unter denen dieses Medikament nicht unbedingt verbreitet und im Untergrund verkauft werden kann. Elephant tranduilizer, Embalming fluid, Hog, Ozone, Wack, Killer Joints, The Peace Pill, Angel Dust, Rocket Fuel und Supergrass.<\/p>\n<p>Es ist ein wei\u00dfes, kristallines, bitter schmeckendes, sehr l\u00f6slich in Wasser oder Alkohol. PCP kommt auch in Pillen oder Kapseln vor. Kaufen Sie PCP-Pulver online<\/p>\n<h5>Wie kaufen Menschen Angel Dust online \u00fcber die Kik-App?<\/h5>\n<p>Viele Menschen kaufen und verkaufen Medikamente online mit Hilfe von Social-Media-Apps wie KIK, Snapchat, Twitter, Instagram und andere. Phencyclidin zum Verkauf<\/p>\n<p>Sie verkaufen g\u00e4ngige Drogen wie Angel Dust, Cocaine und MDMA auf KIK, indem sie \u00f6ffentliche KIK-Gruppen mit den Tags \u201eKaufe Angel Dust auf Kik, kaufe Kokain \u00fcber Kik, Kokain f\u00fcr Kaufen Sie MDMA-Pillen \u00fcber Kik, etc.\u201c<\/p>\n<p>Indem sie dies tun, zielen sie indirekt auf Suchfragen auf Kik ab, die sich auf Cosaine, Angel Dust, MDMA und wahrscheinlich und andere Medikamente beziehen. Auf diese Weise kommen sie auch mit Angel Dust-Konsumenten, MDMA-Konsumenten und Kokain-Konsumenten in Kontakt, beginnen dann eine Diskussion und gehen von dort aus weiter. Phenylcyclohexylpiperidin<\/p>\n<p>Heutzutage kann man Angel Dust in den USA ganz einfach online kaufen, indem man Kryptow\u00e4hrungen wie Bitcoin verwendet. Angel Dust Phencyclidin ist eine g\u00e4ngige Stra\u00dfendroge.<\/p>\n<\/div>\n<\/div>\n","protected":false},"excerpt":{"rendered":"<p>Phencyclidin online kaufen (auch bekannt als\u00a0<a href=\"#!\">Angel Dust<\/a>, Sherm und Sernyl) ist eine synthetische dissoziative Substanz der chemischen Klasse der Arylcyclohexylamine, die starke, langlebige dissoziierende, bei Verabreichung an\u00e4sthetische, stimulierende, enthemmende und halluzinogene Wirkungen.<\/p>\n","protected":false},"featured_media":1996,"comment_status":"open","ping_status":"closed","template":"","meta":{"inline_featured_image":false},"product_brand":[],"product_cat":[345],"product_tag":[],"class_list":{"0":"post-1995","1":"product","2":"type-product","3":"status-publish","4":"has-post-thumbnail","6":"product_cat-psychedelische-drogen","8":"first","9":"instock","10":"shipping-taxable","11":"purchasable","12":"product-type-variable","13":"has-default-attributes"},"yoast_head":"<!-- This site is optimized with the Yoast SEO Premium plugin v20.6 (Yoast SEO v27.4) - https:\/\/yoast.com\/product\/yoast-seo-premium-wordpress\/ -->\n<title>Kaufen Sie Phencyclidin-Pulver online (PCP) | Good Dealers Meds<\/title>\n<meta name=\"description\" content=\"Kaufen Sie Phencyclidin-Pulver online (auch bekannt als\u00a0Angel Dust) zum besten Preis mit h\u00f6chster Qualit\u00e4t und Reinheit, das f\u00fcr bewusstseinsver\u00e4ndernde Effekte verwendet wird.\" \/>\n<meta name=\"robots\" content=\"index, follow, max-snippet:-1, max-image-preview:large, max-video-preview:-1\" \/>\n<link rel=\"canonical\" href=\"https:\/\/gooddealersmeds.com\/de\/product\/phencyclidin-pcp-pulver\/\" \/>\n<meta property=\"og:locale\" content=\"en_US\" \/>\n<meta property=\"og:type\" content=\"article\" \/>\n<meta property=\"og:title\" content=\"Kaufen Sie Phencyclidin (PCP) Pulver online\" \/>\n<meta property=\"og:description\" content=\"Kaufen Sie Phencyclidin-Pulver online (auch bekannt als\u00a0Angel Dust) zum besten Preis mit h\u00f6chster Qualit\u00e4t und Reinheit, das f\u00fcr bewusstseinsver\u00e4ndernde Effekte verwendet wird.\" \/>\n<meta property=\"og:url\" content=\"https:\/\/gooddealersmeds.com\/de\/product\/phencyclidin-pcp-pulver\/\" \/>\n<meta property=\"og:site_name\" content=\"Good Dealers Meds\" \/>\n<meta property=\"article:modified_time\" content=\"2022-12-22T11:46:54+00:00\" \/>\n<meta property=\"og:image\" content=\"https:\/\/gooddealersmeds.com\/de\/wp-content\/uploads\/sites\/3\/2022\/07\/Phencyclidine-PCP-Powder.jpg\" \/>\n\t<meta property=\"og:image:width\" content=\"500\" \/>\n\t<meta property=\"og:image:height\" content=\"500\" \/>\n\t<meta property=\"og:image:type\" content=\"image\/jpeg\" \/>\n<meta name=\"twitter:card\" content=\"summary_large_image\" \/>\n<meta name=\"twitter:label1\" content=\"Est. reading time\" \/>\n\t<meta name=\"twitter:data1\" content=\"5 minutes\" \/>\n<script type=\"application\/ld+json\" class=\"yoast-schema-graph\">{\"@context\":\"https:\\\/\\\/schema.org\",\"@graph\":[{\"@type\":\"WebPage\",\"@id\":\"https:\\\/\\\/gooddealersmeds.com\\\/de\\\/product\\\/phencyclidin-pcp-pulver\\\/\",\"url\":\"https:\\\/\\\/gooddealersmeds.com\\\/de\\\/product\\\/phencyclidin-pcp-pulver\\\/\",\"name\":\"Kaufen Sie Phencyclidin-Pulver online (PCP) | Good Dealers Meds\",\"isPartOf\":{\"@id\":\"https:\\\/\\\/gooddealersmeds.com\\\/de\\\/#website\"},\"primaryImageOfPage\":{\"@id\":\"https:\\\/\\\/gooddealersmeds.com\\\/de\\\/product\\\/phencyclidin-pcp-pulver\\\/#primaryimage\"},\"image\":{\"@id\":\"https:\\\/\\\/gooddealersmeds.com\\\/de\\\/product\\\/phencyclidin-pcp-pulver\\\/#primaryimage\"},\"thumbnailUrl\":\"https:\\\/\\\/gooddealersmeds.com\\\/de\\\/wp-content\\\/uploads\\\/sites\\\/3\\\/2022\\\/07\\\/Phencyclidine-PCP-Powder.jpg\",\"datePublished\":\"2022-07-03T14:28:07+00:00\",\"dateModified\":\"2022-12-22T11:46:54+00:00\",\"description\":\"Kaufen Sie Phencyclidin-Pulver online (auch bekannt als\u00a0Angel Dust) zum besten Preis mit h\u00f6chster Qualit\u00e4t und Reinheit, das f\u00fcr bewusstseinsver\u00e4ndernde Effekte verwendet wird.\",\"breadcrumb\":{\"@id\":\"https:\\\/\\\/gooddealersmeds.com\\\/de\\\/product\\\/phencyclidin-pcp-pulver\\\/#breadcrumb\"},\"inLanguage\":\"en-US\",\"potentialAction\":[{\"@type\":\"ReadAction\",\"target\":[\"https:\\\/\\\/gooddealersmeds.com\\\/de\\\/product\\\/phencyclidin-pcp-pulver\\\/\"]}]},{\"@type\":\"ImageObject\",\"inLanguage\":\"en-US\",\"@id\":\"https:\\\/\\\/gooddealersmeds.com\\\/de\\\/product\\\/phencyclidin-pcp-pulver\\\/#primaryimage\",\"url\":\"https:\\\/\\\/gooddealersmeds.com\\\/de\\\/wp-content\\\/uploads\\\/sites\\\/3\\\/2022\\\/07\\\/Phencyclidine-PCP-Powder.jpg\",\"contentUrl\":\"https:\\\/\\\/gooddealersmeds.com\\\/de\\\/wp-content\\\/uploads\\\/sites\\\/3\\\/2022\\\/07\\\/Phencyclidine-PCP-Powder.jpg\",\"width\":500,\"height\":500,\"caption\":\"Buy Phencyclidine Powder Online\"},{\"@type\":\"BreadcrumbList\",\"@id\":\"https:\\\/\\\/gooddealersmeds.com\\\/de\\\/product\\\/phencyclidin-pcp-pulver\\\/#breadcrumb\",\"itemListElement\":[{\"@type\":\"ListItem\",\"position\":1,\"name\":\"Home\",\"item\":\"https:\\\/\\\/gooddealersmeds.com\\\/de\\\/\"},{\"@type\":\"ListItem\",\"position\":2,\"name\":\"Produkte\",\"item\":\"https:\\\/\\\/gooddealersmeds.com\\\/de\\\/produkte\\\/\"},{\"@type\":\"ListItem\",\"position\":3,\"name\":\"Kaufen Sie Phencyclidin (PCP) Pulver online\"}]},{\"@type\":\"WebSite\",\"@id\":\"https:\\\/\\\/gooddealersmeds.com\\\/de\\\/#website\",\"url\":\"https:\\\/\\\/gooddealersmeds.com\\\/de\\\/\",\"name\":\"Good Dealers Meds\",\"description\":\"All our best\",\"publisher\":{\"@id\":\"https:\\\/\\\/gooddealersmeds.com\\\/de\\\/#organization\"},\"potentialAction\":[{\"@type\":\"SearchAction\",\"target\":{\"@type\":\"EntryPoint\",\"urlTemplate\":\"https:\\\/\\\/gooddealersmeds.com\\\/de\\\/?s={search_term_string}\"},\"query-input\":{\"@type\":\"PropertyValueSpecification\",\"valueRequired\":true,\"valueName\":\"search_term_string\"}}],\"inLanguage\":\"en-US\"},{\"@type\":\"Organization\",\"@id\":\"https:\\\/\\\/gooddealersmeds.com\\\/de\\\/#organization\",\"name\":\"Good Dealers Meds\",\"url\":\"https:\\\/\\\/gooddealersmeds.com\\\/de\\\/\",\"logo\":{\"@type\":\"ImageObject\",\"inLanguage\":\"en-US\",\"@id\":\"https:\\\/\\\/gooddealersmeds.com\\\/de\\\/#\\\/schema\\\/logo\\\/image\\\/\",\"url\":\"https:\\\/\\\/gooddealersmeds.com\\\/de\\\/wp-content\\\/uploads\\\/sites\\\/3\\\/2022\\\/03\\\/gooddealersmeds__logo__20220317T222800Z.00.png\",\"contentUrl\":\"https:\\\/\\\/gooddealersmeds.com\\\/de\\\/wp-content\\\/uploads\\\/sites\\\/3\\\/2022\\\/03\\\/gooddealersmeds__logo__20220317T222800Z.00.png\",\"width\":500,\"height\":325,\"caption\":\"Good Dealers Meds\"},\"image\":{\"@id\":\"https:\\\/\\\/gooddealersmeds.com\\\/de\\\/#\\\/schema\\\/logo\\\/image\\\/\"}}]}<\/script>\n<!-- \/ Yoast SEO Premium plugin. -->","yoast_head_json":{"title":"Kaufen Sie Phencyclidin-Pulver online (PCP) | Good Dealers Meds","description":"Kaufen Sie Phencyclidin-Pulver online (auch bekannt als\u00a0Angel Dust) zum besten Preis mit h\u00f6chster Qualit\u00e4t und Reinheit, das f\u00fcr bewusstseinsver\u00e4ndernde Effekte verwendet wird.","robots":{"index":"index","follow":"follow","max-snippet":"max-snippet:-1","max-image-preview":"max-image-preview:large","max-video-preview":"max-video-preview:-1"},"canonical":"https:\/\/gooddealersmeds.com\/de\/product\/phencyclidin-pcp-pulver\/","og_locale":"en_US","og_type":"article","og_title":"Kaufen Sie Phencyclidin (PCP) Pulver online","og_description":"Kaufen Sie Phencyclidin-Pulver online (auch bekannt als\u00a0Angel Dust) zum besten Preis mit h\u00f6chster Qualit\u00e4t und Reinheit, das f\u00fcr bewusstseinsver\u00e4ndernde Effekte verwendet wird.","og_url":"https:\/\/gooddealersmeds.com\/de\/product\/phencyclidin-pcp-pulver\/","og_site_name":"Good Dealers Meds","article_modified_time":"2022-12-22T11:46:54+00:00","og_image":[{"width":500,"height":500,"url":"https:\/\/gooddealersmeds.com\/de\/wp-content\/uploads\/sites\/3\/2022\/07\/Phencyclidine-PCP-Powder.jpg","type":"image\/jpeg"}],"twitter_card":"summary_large_image","twitter_misc":{"Est. reading time":"5 minutes"},"schema":{"@context":"https:\/\/schema.org","@graph":[{"@type":"WebPage","@id":"https:\/\/gooddealersmeds.com\/de\/product\/phencyclidin-pcp-pulver\/","url":"https:\/\/gooddealersmeds.com\/de\/product\/phencyclidin-pcp-pulver\/","name":"Kaufen Sie Phencyclidin-Pulver online (PCP) | Good Dealers Meds","isPartOf":{"@id":"https:\/\/gooddealersmeds.com\/de\/#website"},"primaryImageOfPage":{"@id":"https:\/\/gooddealersmeds.com\/de\/product\/phencyclidin-pcp-pulver\/#primaryimage"},"image":{"@id":"https:\/\/gooddealersmeds.com\/de\/product\/phencyclidin-pcp-pulver\/#primaryimage"},"thumbnailUrl":"https:\/\/gooddealersmeds.com\/de\/wp-content\/uploads\/sites\/3\/2022\/07\/Phencyclidine-PCP-Powder.jpg","datePublished":"2022-07-03T14:28:07+00:00","dateModified":"2022-12-22T11:46:54+00:00","description":"Kaufen Sie Phencyclidin-Pulver online (auch bekannt als\u00a0Angel Dust) zum besten Preis mit h\u00f6chster Qualit\u00e4t und Reinheit, das f\u00fcr bewusstseinsver\u00e4ndernde Effekte verwendet wird.","breadcrumb":{"@id":"https:\/\/gooddealersmeds.com\/de\/product\/phencyclidin-pcp-pulver\/#breadcrumb"},"inLanguage":"en-US","potentialAction":[{"@type":"ReadAction","target":["https:\/\/gooddealersmeds.com\/de\/product\/phencyclidin-pcp-pulver\/"]}]},{"@type":"ImageObject","inLanguage":"en-US","@id":"https:\/\/gooddealersmeds.com\/de\/product\/phencyclidin-pcp-pulver\/#primaryimage","url":"https:\/\/gooddealersmeds.com\/de\/wp-content\/uploads\/sites\/3\/2022\/07\/Phencyclidine-PCP-Powder.jpg","contentUrl":"https:\/\/gooddealersmeds.com\/de\/wp-content\/uploads\/sites\/3\/2022\/07\/Phencyclidine-PCP-Powder.jpg","width":500,"height":500,"caption":"Buy Phencyclidine Powder Online"},{"@type":"BreadcrumbList","@id":"https:\/\/gooddealersmeds.com\/de\/product\/phencyclidin-pcp-pulver\/#breadcrumb","itemListElement":[{"@type":"ListItem","position":1,"name":"Home","item":"https:\/\/gooddealersmeds.com\/de\/"},{"@type":"ListItem","position":2,"name":"Produkte","item":"https:\/\/gooddealersmeds.com\/de\/produkte\/"},{"@type":"ListItem","position":3,"name":"Kaufen Sie Phencyclidin (PCP) Pulver online"}]},{"@type":"WebSite","@id":"https:\/\/gooddealersmeds.com\/de\/#website","url":"https:\/\/gooddealersmeds.com\/de\/","name":"Good Dealers Meds","description":"All our best","publisher":{"@id":"https:\/\/gooddealersmeds.com\/de\/#organization"},"potentialAction":[{"@type":"SearchAction","target":{"@type":"EntryPoint","urlTemplate":"https:\/\/gooddealersmeds.com\/de\/?s={search_term_string}"},"query-input":{"@type":"PropertyValueSpecification","valueRequired":true,"valueName":"search_term_string"}}],"inLanguage":"en-US"},{"@type":"Organization","@id":"https:\/\/gooddealersmeds.com\/de\/#organization","name":"Good Dealers Meds","url":"https:\/\/gooddealersmeds.com\/de\/","logo":{"@type":"ImageObject","inLanguage":"en-US","@id":"https:\/\/gooddealersmeds.com\/de\/#\/schema\/logo\/image\/","url":"https:\/\/gooddealersmeds.com\/de\/wp-content\/uploads\/sites\/3\/2022\/03\/gooddealersmeds__logo__20220317T222800Z.00.png","contentUrl":"https:\/\/gooddealersmeds.com\/de\/wp-content\/uploads\/sites\/3\/2022\/03\/gooddealersmeds__logo__20220317T222800Z.00.png","width":500,"height":325,"caption":"Good Dealers Meds"},"image":{"@id":"https:\/\/gooddealersmeds.com\/de\/#\/schema\/logo\/image\/"}}]}},"_links":{"self":[{"href":"https:\/\/gooddealersmeds.com\/de\/wp-json\/wp\/v2\/product\/1995","targetHints":{"allow":["GET"]}}],"collection":[{"href":"https:\/\/gooddealersmeds.com\/de\/wp-json\/wp\/v2\/product"}],"about":[{"href":"https:\/\/gooddealersmeds.com\/de\/wp-json\/wp\/v2\/types\/product"}],"replies":[{"embeddable":true,"href":"https:\/\/gooddealersmeds.com\/de\/wp-json\/wp\/v2\/comments?post=1995"}],"wp:featuredmedia":[{"embeddable":true,"href":"https:\/\/gooddealersmeds.com\/de\/wp-json\/wp\/v2\/media\/1996"}],"wp:attachment":[{"href":"https:\/\/gooddealersmeds.com\/de\/wp-json\/wp\/v2\/media?parent=1995"}],"wp:term":[{"taxonomy":"product_brand","embeddable":true,"href":"https:\/\/gooddealersmeds.com\/de\/wp-json\/wp\/v2\/product_brand?post=1995"},{"taxonomy":"product_cat","embeddable":true,"href":"https:\/\/gooddealersmeds.com\/de\/wp-json\/wp\/v2\/product_cat?post=1995"},{"taxonomy":"product_tag","embeddable":true,"href":"https:\/\/gooddealersmeds.com\/de\/wp-json\/wp\/v2\/product_tag?post=1995"}],"curies":[{"name":"wp","href":"https:\/\/api.w.org\/{rel}","templated":true}]}}