{"id":1986,"date":"2022-07-03T13:54:43","date_gmt":"2022-07-03T13:54:43","guid":{"rendered":"https:\/\/gooddealersmeds.com\/de\/?post_type=product&#038;p=1986"},"modified":"2022-12-22T20:20:47","modified_gmt":"2022-12-22T20:20:47","slug":"al-lad-150mcg-blotter","status":"publish","type":"product","link":"https:\/\/gooddealersmeds.com\/de\/product\/al-lad-150mcg-blotter\/","title":{"rendered":"Kaufen Sie AL-LAD 150mcg Blotter"},"content":{"rendered":"<h2>Kaufen Sie AL-LAD 150 mcg Blotter online bei Good Dearlers Meds.<\/h2>\n<p>AL-LAD 150mcg Blotters Online ist eine psychedelische Chemikalie der Lysergamid-Klasse. Im Vergleich zu 1P-LSD und LSD-25 hat es verst\u00e4rkte visuelle Halluzinationen und milde psychologische Wirkungen. Diese wurde erstmals Mitte der 1980er Jahre zu Forschungszwecken entwickelt. Diese wurde erstmals Mitte der 1980er Jahre zu Forschungszwecken entwickelt. Diese wurde erstmals Mitte der 1980er Jahre zu Forschungszwecken entwickelt. Es ist jedoch jetzt f\u00fcr den Freizeitgebrauch verf\u00fcgbar.<\/p>\n<p>AL-LAD 150 mcg Blotters Online wird oft als das &#8220;Freizeit-&#8221; der Lysergamid-Analoga bezeichnet.<\/p>\n<p>Es ist auch bekannt als starkes Entaktogen \u2013 wodurch Sie sich sich selbst und anderen n\u00e4her f\u00fchlen \u2013 und eine niedrige Dosis kann starke Wirkungen hervorrufen, ohne k\u00f6rperliche Beschwerden zu verursachen.<\/p>\n<p>&nbsp;<\/p>\n<p><strong>Warum AL-LAD 150 mcg Blotter online kaufen?<\/strong><\/p>\n<p>&nbsp;<\/p>\n<p>AL-LAD wird oft von Menschen verwendet, die eine Alternative zu LSD suchen, aufgrund seiner h\u00f6heren Potenz, milderen Wirkung und Niedrigere Kosten. Es ist eine perfekte Idee, Forschungschemikalien online zu kaufen, um Geld zu sparen. Mit keinem dieser Produkte sind versteckte Kosten verbunden, da sie zu einem erschwinglichen Preis verkauft werden. Als zus\u00e4tzlichen Komfort k\u00f6nnen Sie sie direkt an Ihre Haust\u00fcr liefern lassen, ohne sich um irgendwelche Probleme k\u00fcmmern zu m\u00fcssen.<\/p>\n<p><strong>\u00a0<\/strong><\/p>\n<p><strong>Der beste Ort, um AL-LAD 150 mcg Blotter online zu kaufen<\/strong><\/p>\n<p>Wenn Sie <a href=\"https:\/\/gooddealersmeds.com\/de\/product\/al-lad-150mcg-blotters\/\">kaufen m\u00f6chten AL-LAD 150 mcg Blotter online<\/a>, Sie sind gerade am besten Ort gelandet. GoodDealersMeds bietet AL-LAD 150-mcg-Blotter zu erschwinglichen Preisen f\u00fcr alle Bestellungen, die \u00fcber unsere Website ODER \u00fcber Anrufe unter +31645886273 aufgegeben werden.<\/p>\n<p>Kaufen Sie AL-LAD 150-mcg-Blotter noch heute online, um etwas Geld zu sparen.<\/p>\n","protected":false},"excerpt":{"rendered":"<p>AL-LAD, technisch als 6-Allyl-6-nor-lysergic acid diethylamide bezeichnet, ist ein relativ neues Analogon von LSD-25. Es wird vermutet, dass es einen \u00e4hnlichen Wirkungsmechanismus hat, der haupts\u00e4chlich durch Bindung an die Serotoninrezeptoren des Gehirns wirkt. Es wird auch angenommen, dass es ein Prodrug von LSD-25 ist, obwohl dies in einer Laborumgebung nicht best\u00e4tigt wurde.<\/p>\n","protected":false},"featured_media":1987,"comment_status":"open","ping_status":"closed","template":"","meta":{"inline_featured_image":false},"product_brand":[],"product_cat":[345],"product_tag":[],"class_list":{"0":"post-1986","1":"product","2":"type-product","3":"status-publish","4":"has-post-thumbnail","6":"product_cat-psychedelische-drogen","8":"first","9":"instock","10":"shipping-taxable","11":"purchasable","12":"product-type-variable","13":"has-default-attributes"},"yoast_head":"<!-- This site is optimized with the Yoast SEO Premium plugin v20.6 (Yoast SEO v27.4) - https:\/\/yoast.com\/product\/yoast-seo-premium-wordpress\/ -->\n<title>Kaufen Sie AL-LAD L\u00f6schbl\u00e4tter | AL-LAD-Bestellung Good Dealers Meds<\/title>\n<meta name=\"description\" content=\"Kaufen Sie AL-LAD Blotters Online (6-Allyl-6-nor-LSD oder N-AN-ally-nor-lysergic) ist eine psychedelische Chemikalie der Lysergamide-Klasse.\" \/>\n<meta name=\"robots\" content=\"index, follow, max-snippet:-1, max-image-preview:large, max-video-preview:-1\" \/>\n<link rel=\"canonical\" href=\"https:\/\/gooddealersmeds.com\/de\/product\/al-lad-150mcg-blotter\/\" \/>\n<meta property=\"og:locale\" content=\"en_US\" \/>\n<meta property=\"og:type\" content=\"article\" \/>\n<meta property=\"og:title\" content=\"Kaufen Sie AL-LAD 150mcg Blotter\" \/>\n<meta property=\"og:description\" content=\"Kaufen Sie AL-LAD Blotters Online (6-Allyl-6-nor-LSD oder N-AN-ally-nor-lysergic) ist eine psychedelische Chemikalie der Lysergamide-Klasse.\" \/>\n<meta property=\"og:url\" content=\"https:\/\/gooddealersmeds.com\/de\/product\/al-lad-150mcg-blotter\/\" \/>\n<meta property=\"og:site_name\" content=\"Good Dealers Meds\" \/>\n<meta property=\"article:modified_time\" content=\"2022-12-22T20:20:47+00:00\" \/>\n<meta property=\"og:image\" content=\"https:\/\/gooddealersmeds.com\/de\/wp-content\/uploads\/sites\/3\/2022\/07\/AL-LAD-150mcg-Blotters.webp\" \/>\n\t<meta property=\"og:image:width\" content=\"1553\" \/>\n\t<meta property=\"og:image:height\" content=\"1553\" \/>\n\t<meta property=\"og:image:type\" content=\"image\/webp\" \/>\n<meta name=\"twitter:card\" content=\"summary_large_image\" \/>\n<meta name=\"twitter:label1\" content=\"Est. reading time\" \/>\n\t<meta name=\"twitter:data1\" content=\"1 minute\" \/>\n<script type=\"application\/ld+json\" class=\"yoast-schema-graph\">{\"@context\":\"https:\\\/\\\/schema.org\",\"@graph\":[{\"@type\":\"WebPage\",\"@id\":\"https:\\\/\\\/gooddealersmeds.com\\\/de\\\/product\\\/al-lad-150mcg-blotter\\\/\",\"url\":\"https:\\\/\\\/gooddealersmeds.com\\\/de\\\/product\\\/al-lad-150mcg-blotter\\\/\",\"name\":\"Kaufen Sie AL-LAD L\u00f6schbl\u00e4tter | AL-LAD-Bestellung Good Dealers Meds\",\"isPartOf\":{\"@id\":\"https:\\\/\\\/gooddealersmeds.com\\\/de\\\/#website\"},\"primaryImageOfPage\":{\"@id\":\"https:\\\/\\\/gooddealersmeds.com\\\/de\\\/product\\\/al-lad-150mcg-blotter\\\/#primaryimage\"},\"image\":{\"@id\":\"https:\\\/\\\/gooddealersmeds.com\\\/de\\\/product\\\/al-lad-150mcg-blotter\\\/#primaryimage\"},\"thumbnailUrl\":\"https:\\\/\\\/gooddealersmeds.com\\\/de\\\/wp-content\\\/uploads\\\/sites\\\/3\\\/2022\\\/07\\\/AL-LAD-150mcg-Blotters.webp\",\"datePublished\":\"2022-07-03T13:54:43+00:00\",\"dateModified\":\"2022-12-22T20:20:47+00:00\",\"description\":\"Kaufen Sie AL-LAD Blotters Online (6-Allyl-6-nor-LSD oder N-AN-ally-nor-lysergic) ist eine psychedelische Chemikalie der Lysergamide-Klasse.\",\"breadcrumb\":{\"@id\":\"https:\\\/\\\/gooddealersmeds.com\\\/de\\\/product\\\/al-lad-150mcg-blotter\\\/#breadcrumb\"},\"inLanguage\":\"en-US\",\"potentialAction\":[{\"@type\":\"ReadAction\",\"target\":[\"https:\\\/\\\/gooddealersmeds.com\\\/de\\\/product\\\/al-lad-150mcg-blotter\\\/\"]}]},{\"@type\":\"ImageObject\",\"inLanguage\":\"en-US\",\"@id\":\"https:\\\/\\\/gooddealersmeds.com\\\/de\\\/product\\\/al-lad-150mcg-blotter\\\/#primaryimage\",\"url\":\"https:\\\/\\\/gooddealersmeds.com\\\/de\\\/wp-content\\\/uploads\\\/sites\\\/3\\\/2022\\\/07\\\/AL-LAD-150mcg-Blotters.webp\",\"contentUrl\":\"https:\\\/\\\/gooddealersmeds.com\\\/de\\\/wp-content\\\/uploads\\\/sites\\\/3\\\/2022\\\/07\\\/AL-LAD-150mcg-Blotters.webp\",\"width\":1553,\"height\":1553,\"caption\":\"AL-LAD Blotters\"},{\"@type\":\"BreadcrumbList\",\"@id\":\"https:\\\/\\\/gooddealersmeds.com\\\/de\\\/product\\\/al-lad-150mcg-blotter\\\/#breadcrumb\",\"itemListElement\":[{\"@type\":\"ListItem\",\"position\":1,\"name\":\"Home\",\"item\":\"https:\\\/\\\/gooddealersmeds.com\\\/de\\\/\"},{\"@type\":\"ListItem\",\"position\":2,\"name\":\"Produkte\",\"item\":\"https:\\\/\\\/gooddealersmeds.com\\\/de\\\/produkte\\\/\"},{\"@type\":\"ListItem\",\"position\":3,\"name\":\"Kaufen Sie AL-LAD 150mcg Blotter\"}]},{\"@type\":\"WebSite\",\"@id\":\"https:\\\/\\\/gooddealersmeds.com\\\/de\\\/#website\",\"url\":\"https:\\\/\\\/gooddealersmeds.com\\\/de\\\/\",\"name\":\"Good Dealers Meds\",\"description\":\"All our best\",\"publisher\":{\"@id\":\"https:\\\/\\\/gooddealersmeds.com\\\/de\\\/#organization\"},\"potentialAction\":[{\"@type\":\"SearchAction\",\"target\":{\"@type\":\"EntryPoint\",\"urlTemplate\":\"https:\\\/\\\/gooddealersmeds.com\\\/de\\\/?s={search_term_string}\"},\"query-input\":{\"@type\":\"PropertyValueSpecification\",\"valueRequired\":true,\"valueName\":\"search_term_string\"}}],\"inLanguage\":\"en-US\"},{\"@type\":\"Organization\",\"@id\":\"https:\\\/\\\/gooddealersmeds.com\\\/de\\\/#organization\",\"name\":\"Good Dealers Meds\",\"url\":\"https:\\\/\\\/gooddealersmeds.com\\\/de\\\/\",\"logo\":{\"@type\":\"ImageObject\",\"inLanguage\":\"en-US\",\"@id\":\"https:\\\/\\\/gooddealersmeds.com\\\/de\\\/#\\\/schema\\\/logo\\\/image\\\/\",\"url\":\"https:\\\/\\\/gooddealersmeds.com\\\/de\\\/wp-content\\\/uploads\\\/sites\\\/3\\\/2022\\\/03\\\/gooddealersmeds__logo__20220317T222800Z.00.png\",\"contentUrl\":\"https:\\\/\\\/gooddealersmeds.com\\\/de\\\/wp-content\\\/uploads\\\/sites\\\/3\\\/2022\\\/03\\\/gooddealersmeds__logo__20220317T222800Z.00.png\",\"width\":500,\"height\":325,\"caption\":\"Good Dealers Meds\"},\"image\":{\"@id\":\"https:\\\/\\\/gooddealersmeds.com\\\/de\\\/#\\\/schema\\\/logo\\\/image\\\/\"}}]}<\/script>\n<!-- \/ Yoast SEO Premium plugin. -->","yoast_head_json":{"title":"Kaufen Sie AL-LAD L\u00f6schbl\u00e4tter | AL-LAD-Bestellung Good Dealers Meds","description":"Kaufen Sie AL-LAD Blotters Online (6-Allyl-6-nor-LSD oder N-AN-ally-nor-lysergic) ist eine psychedelische Chemikalie der Lysergamide-Klasse.","robots":{"index":"index","follow":"follow","max-snippet":"max-snippet:-1","max-image-preview":"max-image-preview:large","max-video-preview":"max-video-preview:-1"},"canonical":"https:\/\/gooddealersmeds.com\/de\/product\/al-lad-150mcg-blotter\/","og_locale":"en_US","og_type":"article","og_title":"Kaufen Sie AL-LAD 150mcg Blotter","og_description":"Kaufen Sie AL-LAD Blotters Online (6-Allyl-6-nor-LSD oder N-AN-ally-nor-lysergic) ist eine psychedelische Chemikalie der Lysergamide-Klasse.","og_url":"https:\/\/gooddealersmeds.com\/de\/product\/al-lad-150mcg-blotter\/","og_site_name":"Good Dealers Meds","article_modified_time":"2022-12-22T20:20:47+00:00","og_image":[{"width":1553,"height":1553,"url":"https:\/\/gooddealersmeds.com\/de\/wp-content\/uploads\/sites\/3\/2022\/07\/AL-LAD-150mcg-Blotters.webp","type":"image\/webp"}],"twitter_card":"summary_large_image","twitter_misc":{"Est. reading time":"1 minute"},"schema":{"@context":"https:\/\/schema.org","@graph":[{"@type":"WebPage","@id":"https:\/\/gooddealersmeds.com\/de\/product\/al-lad-150mcg-blotter\/","url":"https:\/\/gooddealersmeds.com\/de\/product\/al-lad-150mcg-blotter\/","name":"Kaufen Sie AL-LAD L\u00f6schbl\u00e4tter | AL-LAD-Bestellung Good Dealers Meds","isPartOf":{"@id":"https:\/\/gooddealersmeds.com\/de\/#website"},"primaryImageOfPage":{"@id":"https:\/\/gooddealersmeds.com\/de\/product\/al-lad-150mcg-blotter\/#primaryimage"},"image":{"@id":"https:\/\/gooddealersmeds.com\/de\/product\/al-lad-150mcg-blotter\/#primaryimage"},"thumbnailUrl":"https:\/\/gooddealersmeds.com\/de\/wp-content\/uploads\/sites\/3\/2022\/07\/AL-LAD-150mcg-Blotters.webp","datePublished":"2022-07-03T13:54:43+00:00","dateModified":"2022-12-22T20:20:47+00:00","description":"Kaufen Sie AL-LAD Blotters Online (6-Allyl-6-nor-LSD oder N-AN-ally-nor-lysergic) ist eine psychedelische Chemikalie der Lysergamide-Klasse.","breadcrumb":{"@id":"https:\/\/gooddealersmeds.com\/de\/product\/al-lad-150mcg-blotter\/#breadcrumb"},"inLanguage":"en-US","potentialAction":[{"@type":"ReadAction","target":["https:\/\/gooddealersmeds.com\/de\/product\/al-lad-150mcg-blotter\/"]}]},{"@type":"ImageObject","inLanguage":"en-US","@id":"https:\/\/gooddealersmeds.com\/de\/product\/al-lad-150mcg-blotter\/#primaryimage","url":"https:\/\/gooddealersmeds.com\/de\/wp-content\/uploads\/sites\/3\/2022\/07\/AL-LAD-150mcg-Blotters.webp","contentUrl":"https:\/\/gooddealersmeds.com\/de\/wp-content\/uploads\/sites\/3\/2022\/07\/AL-LAD-150mcg-Blotters.webp","width":1553,"height":1553,"caption":"AL-LAD Blotters"},{"@type":"BreadcrumbList","@id":"https:\/\/gooddealersmeds.com\/de\/product\/al-lad-150mcg-blotter\/#breadcrumb","itemListElement":[{"@type":"ListItem","position":1,"name":"Home","item":"https:\/\/gooddealersmeds.com\/de\/"},{"@type":"ListItem","position":2,"name":"Produkte","item":"https:\/\/gooddealersmeds.com\/de\/produkte\/"},{"@type":"ListItem","position":3,"name":"Kaufen Sie AL-LAD 150mcg Blotter"}]},{"@type":"WebSite","@id":"https:\/\/gooddealersmeds.com\/de\/#website","url":"https:\/\/gooddealersmeds.com\/de\/","name":"Good Dealers Meds","description":"All our best","publisher":{"@id":"https:\/\/gooddealersmeds.com\/de\/#organization"},"potentialAction":[{"@type":"SearchAction","target":{"@type":"EntryPoint","urlTemplate":"https:\/\/gooddealersmeds.com\/de\/?s={search_term_string}"},"query-input":{"@type":"PropertyValueSpecification","valueRequired":true,"valueName":"search_term_string"}}],"inLanguage":"en-US"},{"@type":"Organization","@id":"https:\/\/gooddealersmeds.com\/de\/#organization","name":"Good Dealers Meds","url":"https:\/\/gooddealersmeds.com\/de\/","logo":{"@type":"ImageObject","inLanguage":"en-US","@id":"https:\/\/gooddealersmeds.com\/de\/#\/schema\/logo\/image\/","url":"https:\/\/gooddealersmeds.com\/de\/wp-content\/uploads\/sites\/3\/2022\/03\/gooddealersmeds__logo__20220317T222800Z.00.png","contentUrl":"https:\/\/gooddealersmeds.com\/de\/wp-content\/uploads\/sites\/3\/2022\/03\/gooddealersmeds__logo__20220317T222800Z.00.png","width":500,"height":325,"caption":"Good Dealers Meds"},"image":{"@id":"https:\/\/gooddealersmeds.com\/de\/#\/schema\/logo\/image\/"}}]}},"_links":{"self":[{"href":"https:\/\/gooddealersmeds.com\/de\/wp-json\/wp\/v2\/product\/1986","targetHints":{"allow":["GET"]}}],"collection":[{"href":"https:\/\/gooddealersmeds.com\/de\/wp-json\/wp\/v2\/product"}],"about":[{"href":"https:\/\/gooddealersmeds.com\/de\/wp-json\/wp\/v2\/types\/product"}],"replies":[{"embeddable":true,"href":"https:\/\/gooddealersmeds.com\/de\/wp-json\/wp\/v2\/comments?post=1986"}],"wp:featuredmedia":[{"embeddable":true,"href":"https:\/\/gooddealersmeds.com\/de\/wp-json\/wp\/v2\/media\/1987"}],"wp:attachment":[{"href":"https:\/\/gooddealersmeds.com\/de\/wp-json\/wp\/v2\/media?parent=1986"}],"wp:term":[{"taxonomy":"product_brand","embeddable":true,"href":"https:\/\/gooddealersmeds.com\/de\/wp-json\/wp\/v2\/product_brand?post=1986"},{"taxonomy":"product_cat","embeddable":true,"href":"https:\/\/gooddealersmeds.com\/de\/wp-json\/wp\/v2\/product_cat?post=1986"},{"taxonomy":"product_tag","embeddable":true,"href":"https:\/\/gooddealersmeds.com\/de\/wp-json\/wp\/v2\/product_tag?post=1986"}],"curies":[{"name":"wp","href":"https:\/\/api.w.org\/{rel}","templated":true}]}}