{"id":1984,"date":"2022-07-03T13:39:25","date_gmt":"2022-07-03T13:39:25","guid":{"rendered":"https:\/\/gooddealersmeds.com\/de\/?post_type=product&#038;p=1984"},"modified":"2022-12-22T20:35:09","modified_gmt":"2022-12-22T20:35:09","slug":"kaufen-gamma-hydroxybutyrat-ghb-liquid","status":"publish","type":"product","link":"https:\/\/gooddealersmeds.com\/de\/product\/kaufen-gamma-hydroxybutyrat-ghb-liquid\/","title":{"rendered":"Kaufen Sie fl\u00fcssiges Gamma-Hydroxybutyrat (GHB)."},"content":{"rendered":"<h2>Kaufen Sie GHB Liquid online mit Garantie<\/h2>\n<p>Gamma-Hydroxybutyrat (GHB) ist ein Beruhigungsmittel, das oral, durch Injektion oder in einem Drogenverdampfer verdampft werden kann. Es ist eine klare Fl\u00fcssigkeit mit beruhigender Wirkung und kann Schl\u00e4frigkeit und Beeintr\u00e4chtigung der Motorik verursachen. Wo kann man GHB-Fl\u00fcssigkeit kaufen<\/p>\n<p>GHB wird manchmal auch als &#8220;Designerdroge&#8221; oder &#8220;<a href=\"https:\/\/gooddealersmeds.com\/de\/product\/kaufen-gamma-hydroxybutyrat-ghb-liquid\/\">Fl\u00fcssige Ekstase<\/a>&#8220;, weil es urspr\u00fcnglich in den 1960er Jahren von Wissenschaftlern entwickelt wurde. Der urspr\u00fcngliche Zweck von GHB bestand darin, Menschen mit Narkolepsie dabei zu helfen, leichter einzuschlafen; Dieses Medikament wurde jedoch bald bei Clubbesuchern und Clubg\u00e4ngern beliebt, die es als Droge verwendeten, um sich am Trinken zu erfreuen, ohne tats\u00e4chlich berauscht zu werden. Seitdem wurde GHB auf viele andere Arten verwendet: zur Behandlung von \u00fcberm\u00e4\u00dfiger Tagesm\u00fcdigkeit und manchmal von <a href=\"https:\/\/www.drugcom.de\/drogenlexikon\/buchstabe-g\/ghb\/#:~:text=GHB%20ist%20auch%20unter%20den,der%20Medizin%20als%20Narkosemittel%20verwendet.\">Opioiden<\/a>.<\/p>\n<p><strong>\u00a0<\/strong><\/p>\n<p><strong>Warum GHB online kaufen? <\/strong><\/p>\n<p><strong>\u00a0<\/strong><\/p>\n<p>Es gibt viele Gr\u00fcnde, das GHB-Liquid online zu kaufen. Lassen Sie uns Ihnen einige davon nennen:<\/p>\n<ul>\n<li>Indem Sie GHB online kaufen, k\u00f6nnen Sie Ihr Medikament zu attraktiven Preisen erwerben. Manchmal bieten Online-Apotheken auch Kundenkarten oder Aktionscodes an, um von den Rabattm\u00f6glichkeiten zu profitieren.<\/li>\n<li>Im Internet finden Sie mehrere Websites, die fl\u00fcssiges GHB verkaufen. So ist es einfacher, Preise online zu vergleichen.<\/li>\n<li>Medikamente wie Gamma-Hydroxybutyrat (GHB) sind in Drogerien oft selten zu finden. Daher k\u00f6nnen Sie sie online kaufen.<\/li>\n<li>Holen Sie sich Ihre Bestellung, indem Sie einfach auf ein paar Schaltfl\u00e4chen tippen \u2013 so einfach ist das!<\/li>\n<\/ul>\n<p><strong>\u00a0<\/strong><\/p>\n<h3><strong>Wo kann ich GHB online kaufen?<\/strong><\/h3>\n<p>&nbsp;<\/p>\n<p>Viele Drogerien bieten GHB online an, aber der beste Ort ist GoodDealersMeds. Wir bieten kostenlosen Versand, damit Sie Ihre Lieblingsmedikamente schnell und bequem von \u00fcberall auf der Welt bestellen k\u00f6nnen. Wo kann man GHB-Fl\u00fcssigkeit kaufen<\/p>\n","protected":false},"excerpt":{"rendered":"<p>Gamma-Hydroxybutyrat ist ein Beruhigungsmittel, das sowohl als verschreibungspflichtiges Schlafmittel als auch als Freizeit-Rauschmittel verwendet wird, wo man GHB bekommt. Es ist bekannt f\u00fcr seine F\u00e4higkeit, bei hohen Dosen einen kurzen (mehrere Stunden) koma\u00e4hnlichen Schlaf zu induzieren.<\/p>\n","protected":false},"featured_media":1985,"comment_status":"open","ping_status":"closed","template":"","meta":{"inline_featured_image":false},"product_brand":[],"product_cat":[345],"product_tag":[525,542,551,527,555,523,531,546,547,532,543,534,533,535,526,545,537,549,539,554,530,538,541,553,524,540,552,529,528,550,544,536],"class_list":{"0":"post-1984","1":"product","2":"type-product","3":"status-publish","4":"has-post-thumbnail","6":"product_cat-psychedelische-drogen","7":"product_tag-billig-dieldrin-online","8":"product_tag-billig-gamma-hydroxybutyrat-online","9":"product_tag-buy-bromomethane-online","10":"product_tag-buy-endosulfan-online","11":"product_tag-buy-methylhexanamine-online","12":"product_tag-dieldrin-online-kaufen","13":"product_tag-gamma-butyrolacton-als-medikament","14":"product_tag-kaufen-grohandel-gamma-butyrolacton","15":"product_tag-kaufen-grohandel-gamma-butyrolacton-online","16":"product_tag-gamma-butyrolacton-zum-verkauf","17":"product_tag-gamma-butyrolacton-grohandel","18":"product_tag-gamma-hydroxybutyrat-kaufen","19":"product_tag-ghb-kaufen-australien","20":"product_tag-ghb-kaufen-kanada","21":"product_tag-how-to-buy-dieldrin-online","22":"product_tag-how-to-buy-gamma-butyrolactone","23":"product_tag-how-to-order-ghb-online","24":"product_tag-kaufen-einzelhandel-gamma-butyrolacton","25":"product_tag-kaufen-gamma-hydroxybutyrat-online","26":"product_tag-legal-brommethan-online","27":"product_tag-legal-endosulfan-online","28":"product_tag-legal-gamma-hydroxybutyrat-online","29":"product_tag-kaufen-legal-gamma-hydroxybutyrat-online","30":"product_tag-where-to-buy-bromomethane-online","31":"product_tag-where-to-buy-dieldrin-online","32":"product_tag-where-to-buy-gamma-hydroxybutyrate-online","33":"product_tag-wholesale-bromomethane-online","34":"product_tag-wholesale-endosulfan-online","35":"product_tag-wo-zu-kaufen-endosulfan-online","36":"product_tag-wo-zu-kaufen-einzelhandel-gamma-butyrolacton-online","37":"product_tag-wo-zu-kaufen-gamma-butyrolacton","38":"product_tag-wo-zu-bestellen-ghb-online","40":"first","41":"instock","42":"shipping-taxable","43":"purchasable","44":"product-type-simple"},"yoast_head":"<!-- This site is optimized with the Yoast SEO Premium plugin v20.6 (Yoast SEO v27.4) - https:\/\/yoast.com\/product\/yoast-seo-premium-wordpress\/ -->\n<title>Wo kann man GHB-Fl\u00fcssigkeit kaufen -GHB | Good Dealers Meds<\/title>\n<meta name=\"description\" content=\"Wo kann man GHB-Fl\u00fcssigkeit kaufen online bei unseren H\u00e4ndlern, die sowohl als verschreibungspflichtiges Schlafmittel als auch als Freizeit-Rauschmittel verwendet wird.\" \/>\n<meta name=\"robots\" content=\"index, follow, max-snippet:-1, max-image-preview:large, max-video-preview:-1\" \/>\n<link rel=\"canonical\" href=\"https:\/\/gooddealersmeds.com\/de\/product\/kaufen-gamma-hydroxybutyrat-ghb-liquid\/\" \/>\n<meta property=\"og:locale\" content=\"en_US\" \/>\n<meta property=\"og:type\" content=\"article\" \/>\n<meta property=\"og:title\" content=\"Kaufen Sie fl\u00fcssiges Gamma-Hydroxybutyrat (GHB).\" \/>\n<meta property=\"og:description\" content=\"Wo kann man GHB-Fl\u00fcssigkeit kaufen online bei unseren H\u00e4ndlern, die sowohl als verschreibungspflichtiges Schlafmittel als auch als Freizeit-Rauschmittel verwendet wird.\" \/>\n<meta property=\"og:url\" content=\"https:\/\/gooddealersmeds.com\/de\/product\/kaufen-gamma-hydroxybutyrat-ghb-liquid\/\" \/>\n<meta property=\"og:site_name\" content=\"Good Dealers Meds\" \/>\n<meta property=\"article:modified_time\" content=\"2022-12-22T20:35:09+00:00\" \/>\n<meta property=\"og:image\" content=\"https:\/\/gooddealersmeds.com\/de\/wp-content\/uploads\/sites\/3\/2022\/07\/Buy-Gamma-Hydroxybutyrate-Ghb-Liquid.jpg\" \/>\n\t<meta property=\"og:image:width\" content=\"600\" \/>\n\t<meta property=\"og:image:height\" content=\"600\" \/>\n\t<meta property=\"og:image:type\" content=\"image\/jpeg\" \/>\n<meta name=\"twitter:card\" content=\"summary_large_image\" \/>\n<meta name=\"twitter:label1\" content=\"Est. reading time\" \/>\n\t<meta name=\"twitter:data1\" content=\"1 minute\" \/>\n<script type=\"application\/ld+json\" class=\"yoast-schema-graph\">{\"@context\":\"https:\\\/\\\/schema.org\",\"@graph\":[{\"@type\":\"WebPage\",\"@id\":\"https:\\\/\\\/gooddealersmeds.com\\\/de\\\/product\\\/kaufen-gamma-hydroxybutyrat-ghb-liquid\\\/\",\"url\":\"https:\\\/\\\/gooddealersmeds.com\\\/de\\\/product\\\/kaufen-gamma-hydroxybutyrat-ghb-liquid\\\/\",\"name\":\"Wo kann man GHB-Fl\u00fcssigkeit kaufen -GHB | Good Dealers Meds\",\"isPartOf\":{\"@id\":\"https:\\\/\\\/gooddealersmeds.com\\\/de\\\/#website\"},\"primaryImageOfPage\":{\"@id\":\"https:\\\/\\\/gooddealersmeds.com\\\/de\\\/product\\\/kaufen-gamma-hydroxybutyrat-ghb-liquid\\\/#primaryimage\"},\"image\":{\"@id\":\"https:\\\/\\\/gooddealersmeds.com\\\/de\\\/product\\\/kaufen-gamma-hydroxybutyrat-ghb-liquid\\\/#primaryimage\"},\"thumbnailUrl\":\"https:\\\/\\\/gooddealersmeds.com\\\/de\\\/wp-content\\\/uploads\\\/sites\\\/3\\\/2022\\\/07\\\/Buy-Gamma-Hydroxybutyrate-Ghb-Liquid.jpg\",\"datePublished\":\"2022-07-03T13:39:25+00:00\",\"dateModified\":\"2022-12-22T20:35:09+00:00\",\"description\":\"Wo kann man GHB-Fl\u00fcssigkeit kaufen online bei unseren H\u00e4ndlern, die sowohl als verschreibungspflichtiges Schlafmittel als auch als Freizeit-Rauschmittel verwendet wird.\",\"breadcrumb\":{\"@id\":\"https:\\\/\\\/gooddealersmeds.com\\\/de\\\/product\\\/kaufen-gamma-hydroxybutyrat-ghb-liquid\\\/#breadcrumb\"},\"inLanguage\":\"en-US\",\"potentialAction\":[{\"@type\":\"ReadAction\",\"target\":[\"https:\\\/\\\/gooddealersmeds.com\\\/de\\\/product\\\/kaufen-gamma-hydroxybutyrat-ghb-liquid\\\/\"]}]},{\"@type\":\"ImageObject\",\"inLanguage\":\"en-US\",\"@id\":\"https:\\\/\\\/gooddealersmeds.com\\\/de\\\/product\\\/kaufen-gamma-hydroxybutyrat-ghb-liquid\\\/#primaryimage\",\"url\":\"https:\\\/\\\/gooddealersmeds.com\\\/de\\\/wp-content\\\/uploads\\\/sites\\\/3\\\/2022\\\/07\\\/Buy-Gamma-Hydroxybutyrate-Ghb-Liquid.jpg\",\"contentUrl\":\"https:\\\/\\\/gooddealersmeds.com\\\/de\\\/wp-content\\\/uploads\\\/sites\\\/3\\\/2022\\\/07\\\/Buy-Gamma-Hydroxybutyrate-Ghb-Liquid.jpg\",\"width\":600,\"height\":600,\"caption\":\"Buy Gamma Hydroxybutyrate Liquid\"},{\"@type\":\"BreadcrumbList\",\"@id\":\"https:\\\/\\\/gooddealersmeds.com\\\/de\\\/product\\\/kaufen-gamma-hydroxybutyrat-ghb-liquid\\\/#breadcrumb\",\"itemListElement\":[{\"@type\":\"ListItem\",\"position\":1,\"name\":\"Home\",\"item\":\"https:\\\/\\\/gooddealersmeds.com\\\/de\\\/\"},{\"@type\":\"ListItem\",\"position\":2,\"name\":\"Produkte\",\"item\":\"https:\\\/\\\/gooddealersmeds.com\\\/de\\\/produkte\\\/\"},{\"@type\":\"ListItem\",\"position\":3,\"name\":\"Kaufen Sie fl\u00fcssiges Gamma-Hydroxybutyrat (GHB).\"}]},{\"@type\":\"WebSite\",\"@id\":\"https:\\\/\\\/gooddealersmeds.com\\\/de\\\/#website\",\"url\":\"https:\\\/\\\/gooddealersmeds.com\\\/de\\\/\",\"name\":\"Good Dealers Meds\",\"description\":\"All our best\",\"publisher\":{\"@id\":\"https:\\\/\\\/gooddealersmeds.com\\\/de\\\/#organization\"},\"potentialAction\":[{\"@type\":\"SearchAction\",\"target\":{\"@type\":\"EntryPoint\",\"urlTemplate\":\"https:\\\/\\\/gooddealersmeds.com\\\/de\\\/?s={search_term_string}\"},\"query-input\":{\"@type\":\"PropertyValueSpecification\",\"valueRequired\":true,\"valueName\":\"search_term_string\"}}],\"inLanguage\":\"en-US\"},{\"@type\":\"Organization\",\"@id\":\"https:\\\/\\\/gooddealersmeds.com\\\/de\\\/#organization\",\"name\":\"Good Dealers Meds\",\"url\":\"https:\\\/\\\/gooddealersmeds.com\\\/de\\\/\",\"logo\":{\"@type\":\"ImageObject\",\"inLanguage\":\"en-US\",\"@id\":\"https:\\\/\\\/gooddealersmeds.com\\\/de\\\/#\\\/schema\\\/logo\\\/image\\\/\",\"url\":\"https:\\\/\\\/gooddealersmeds.com\\\/de\\\/wp-content\\\/uploads\\\/sites\\\/3\\\/2022\\\/03\\\/gooddealersmeds__logo__20220317T222800Z.00.png\",\"contentUrl\":\"https:\\\/\\\/gooddealersmeds.com\\\/de\\\/wp-content\\\/uploads\\\/sites\\\/3\\\/2022\\\/03\\\/gooddealersmeds__logo__20220317T222800Z.00.png\",\"width\":500,\"height\":325,\"caption\":\"Good Dealers Meds\"},\"image\":{\"@id\":\"https:\\\/\\\/gooddealersmeds.com\\\/de\\\/#\\\/schema\\\/logo\\\/image\\\/\"}}]}<\/script>\n<!-- \/ Yoast SEO Premium plugin. -->","yoast_head_json":{"title":"Wo kann man GHB-Fl\u00fcssigkeit kaufen -GHB | Good Dealers Meds","description":"Wo kann man GHB-Fl\u00fcssigkeit kaufen online bei unseren H\u00e4ndlern, die sowohl als verschreibungspflichtiges Schlafmittel als auch als Freizeit-Rauschmittel verwendet wird.","robots":{"index":"index","follow":"follow","max-snippet":"max-snippet:-1","max-image-preview":"max-image-preview:large","max-video-preview":"max-video-preview:-1"},"canonical":"https:\/\/gooddealersmeds.com\/de\/product\/kaufen-gamma-hydroxybutyrat-ghb-liquid\/","og_locale":"en_US","og_type":"article","og_title":"Kaufen Sie fl\u00fcssiges Gamma-Hydroxybutyrat (GHB).","og_description":"Wo kann man GHB-Fl\u00fcssigkeit kaufen online bei unseren H\u00e4ndlern, die sowohl als verschreibungspflichtiges Schlafmittel als auch als Freizeit-Rauschmittel verwendet wird.","og_url":"https:\/\/gooddealersmeds.com\/de\/product\/kaufen-gamma-hydroxybutyrat-ghb-liquid\/","og_site_name":"Good Dealers Meds","article_modified_time":"2022-12-22T20:35:09+00:00","og_image":[{"width":600,"height":600,"url":"https:\/\/gooddealersmeds.com\/de\/wp-content\/uploads\/sites\/3\/2022\/07\/Buy-Gamma-Hydroxybutyrate-Ghb-Liquid.jpg","type":"image\/jpeg"}],"twitter_card":"summary_large_image","twitter_misc":{"Est. reading time":"1 minute"},"schema":{"@context":"https:\/\/schema.org","@graph":[{"@type":"WebPage","@id":"https:\/\/gooddealersmeds.com\/de\/product\/kaufen-gamma-hydroxybutyrat-ghb-liquid\/","url":"https:\/\/gooddealersmeds.com\/de\/product\/kaufen-gamma-hydroxybutyrat-ghb-liquid\/","name":"Wo kann man GHB-Fl\u00fcssigkeit kaufen -GHB | Good Dealers Meds","isPartOf":{"@id":"https:\/\/gooddealersmeds.com\/de\/#website"},"primaryImageOfPage":{"@id":"https:\/\/gooddealersmeds.com\/de\/product\/kaufen-gamma-hydroxybutyrat-ghb-liquid\/#primaryimage"},"image":{"@id":"https:\/\/gooddealersmeds.com\/de\/product\/kaufen-gamma-hydroxybutyrat-ghb-liquid\/#primaryimage"},"thumbnailUrl":"https:\/\/gooddealersmeds.com\/de\/wp-content\/uploads\/sites\/3\/2022\/07\/Buy-Gamma-Hydroxybutyrate-Ghb-Liquid.jpg","datePublished":"2022-07-03T13:39:25+00:00","dateModified":"2022-12-22T20:35:09+00:00","description":"Wo kann man GHB-Fl\u00fcssigkeit kaufen online bei unseren H\u00e4ndlern, die sowohl als verschreibungspflichtiges Schlafmittel als auch als Freizeit-Rauschmittel verwendet wird.","breadcrumb":{"@id":"https:\/\/gooddealersmeds.com\/de\/product\/kaufen-gamma-hydroxybutyrat-ghb-liquid\/#breadcrumb"},"inLanguage":"en-US","potentialAction":[{"@type":"ReadAction","target":["https:\/\/gooddealersmeds.com\/de\/product\/kaufen-gamma-hydroxybutyrat-ghb-liquid\/"]}]},{"@type":"ImageObject","inLanguage":"en-US","@id":"https:\/\/gooddealersmeds.com\/de\/product\/kaufen-gamma-hydroxybutyrat-ghb-liquid\/#primaryimage","url":"https:\/\/gooddealersmeds.com\/de\/wp-content\/uploads\/sites\/3\/2022\/07\/Buy-Gamma-Hydroxybutyrate-Ghb-Liquid.jpg","contentUrl":"https:\/\/gooddealersmeds.com\/de\/wp-content\/uploads\/sites\/3\/2022\/07\/Buy-Gamma-Hydroxybutyrate-Ghb-Liquid.jpg","width":600,"height":600,"caption":"Buy Gamma Hydroxybutyrate Liquid"},{"@type":"BreadcrumbList","@id":"https:\/\/gooddealersmeds.com\/de\/product\/kaufen-gamma-hydroxybutyrat-ghb-liquid\/#breadcrumb","itemListElement":[{"@type":"ListItem","position":1,"name":"Home","item":"https:\/\/gooddealersmeds.com\/de\/"},{"@type":"ListItem","position":2,"name":"Produkte","item":"https:\/\/gooddealersmeds.com\/de\/produkte\/"},{"@type":"ListItem","position":3,"name":"Kaufen Sie fl\u00fcssiges Gamma-Hydroxybutyrat (GHB)."}]},{"@type":"WebSite","@id":"https:\/\/gooddealersmeds.com\/de\/#website","url":"https:\/\/gooddealersmeds.com\/de\/","name":"Good Dealers Meds","description":"All our best","publisher":{"@id":"https:\/\/gooddealersmeds.com\/de\/#organization"},"potentialAction":[{"@type":"SearchAction","target":{"@type":"EntryPoint","urlTemplate":"https:\/\/gooddealersmeds.com\/de\/?s={search_term_string}"},"query-input":{"@type":"PropertyValueSpecification","valueRequired":true,"valueName":"search_term_string"}}],"inLanguage":"en-US"},{"@type":"Organization","@id":"https:\/\/gooddealersmeds.com\/de\/#organization","name":"Good Dealers Meds","url":"https:\/\/gooddealersmeds.com\/de\/","logo":{"@type":"ImageObject","inLanguage":"en-US","@id":"https:\/\/gooddealersmeds.com\/de\/#\/schema\/logo\/image\/","url":"https:\/\/gooddealersmeds.com\/de\/wp-content\/uploads\/sites\/3\/2022\/03\/gooddealersmeds__logo__20220317T222800Z.00.png","contentUrl":"https:\/\/gooddealersmeds.com\/de\/wp-content\/uploads\/sites\/3\/2022\/03\/gooddealersmeds__logo__20220317T222800Z.00.png","width":500,"height":325,"caption":"Good Dealers Meds"},"image":{"@id":"https:\/\/gooddealersmeds.com\/de\/#\/schema\/logo\/image\/"}}]}},"_links":{"self":[{"href":"https:\/\/gooddealersmeds.com\/de\/wp-json\/wp\/v2\/product\/1984","targetHints":{"allow":["GET"]}}],"collection":[{"href":"https:\/\/gooddealersmeds.com\/de\/wp-json\/wp\/v2\/product"}],"about":[{"href":"https:\/\/gooddealersmeds.com\/de\/wp-json\/wp\/v2\/types\/product"}],"replies":[{"embeddable":true,"href":"https:\/\/gooddealersmeds.com\/de\/wp-json\/wp\/v2\/comments?post=1984"}],"wp:featuredmedia":[{"embeddable":true,"href":"https:\/\/gooddealersmeds.com\/de\/wp-json\/wp\/v2\/media\/1985"}],"wp:attachment":[{"href":"https:\/\/gooddealersmeds.com\/de\/wp-json\/wp\/v2\/media?parent=1984"}],"wp:term":[{"taxonomy":"product_brand","embeddable":true,"href":"https:\/\/gooddealersmeds.com\/de\/wp-json\/wp\/v2\/product_brand?post=1984"},{"taxonomy":"product_cat","embeddable":true,"href":"https:\/\/gooddealersmeds.com\/de\/wp-json\/wp\/v2\/product_cat?post=1984"},{"taxonomy":"product_tag","embeddable":true,"href":"https:\/\/gooddealersmeds.com\/de\/wp-json\/wp\/v2\/product_tag?post=1984"}],"curies":[{"name":"wp","href":"https:\/\/api.w.org\/{rel}","templated":true}]}}