{"id":1974,"date":"2022-07-03T13:35:45","date_gmt":"2022-07-03T13:35:45","guid":{"rendered":"https:\/\/gooddealersmeds.com\/de\/?post_type=product&#038;p=1974"},"modified":"2022-12-22T20:43:49","modified_gmt":"2022-12-22T20:43:49","slug":"gamma-hydroxybutyrat-ghb-pulver","status":"publish","type":"product","link":"https:\/\/gooddealersmeds.com\/de\/product\/gamma-hydroxybutyrat-ghb-pulver\/","title":{"rendered":"Kaufen Sie Gamma-Hydroxybutyrat (GHB) Pulver"},"content":{"rendered":"<h2><strong>Kaufen Sie Gamma-Hydroxybutyrat (GHB) Pulver online<\/strong><\/h2>\n<p>Gamma-Hydroxybutyrat (GHB)-Pulver ist ein Medikament ( Kaufen Sie Gamma-Hydroxybutyrat-Pulver ), das als Beruhigungsmittel auf das zentrale Nervensystem wirkt, was das Gehirn beeinflusst, Herz und andere Organe. Es wird verwendet, um Angstzust\u00e4nde zu reduzieren, Schlaf zu induzieren und die Stimmung zu verbessern. GHB-Pulver kann in kleinen Mengen verwendet werden, um leichte F\u00e4lle von Schlaflosigkeit zu behandeln oder einem Kater nach starkem Alkoholkonsum vorzubeugen.<\/p>\n<p>GHB-Pulver oder -Fl\u00fcssigkeit sind beide Formen derselben Droge, die <a href=\"https:\/\/de.wikipedia.org\/wiki\/K.-o.-Tropfen\">Gamma-Hydroxybutyrat<\/a> (GHB) enth\u00e4lt. Es ist eine s\u00fcchtig machende Substanz, die alkohol\u00e4hnliche Wirkungen auf K\u00f6rper und Geist hat, wenn sie im Laufe der Zeit in gro\u00dfen Dosen konsumiert wird.<\/p>\n<p>&nbsp;<\/p>\n<p><strong>Warum<\/strong> <strong>Kaufen Sie Gamma-Hydroxybutyrat (GHB)-Pulver online?<\/strong><\/p>\n<p>Der Online-Kauf von Medikamenten wie GHB-Pulver hat unser Leben viel einfacher gemacht. Fr\u00fcher war es nicht einfach, solche Medikamente online zu kaufen. Der Online-Kauf von GHB-Pulver ist jetzt nur noch einen Knopfdruck entfernt. Sie brauchen nur auf eine Schaltfl\u00e4che zu klicken, und Ihre Bestellung wird aufgegeben.<\/p>\n<p>&nbsp;<\/p>\n<h3><strong>Bestellen Sie jetzt Gamma-Hydroxybutyrat (GHB) Pulver.<\/strong><\/h3>\n<p><a href=\"https:\/\/gooddealersmeds.com\/de\/product\/gamma-hydroxybutyrate-ghb-powder\/\">GHB-Pulver<\/a> ist online \u00fcber mehrere Quellen erh\u00e4ltlich, darunter Spezialapotheken und Online-Drogerien . Der beste Ort, um GHB online zu kaufen, ist Good Dealers Meds, das viele M\u00f6glichkeiten bietet, diese beliebte illegale Droge zu einem erschwinglichen Preis zu erwerben.<\/p>\n<p>&nbsp;<\/p>\n<p>Zus\u00e4tzlich zum breiten Sortiment von Good Dealers Meds Produkte und konkurrenzf\u00e4hige Preise profitieren Benutzer auch vom hervorragenden Kundendienstteam von Good Dealers Meds, das bei Bedarf au\u00dfergew\u00f6hnliche Unterst\u00fctzung bietet. Kaufen Sie Gamma-Hydroxybutyrat-Pulver<\/p>\n","protected":false},"excerpt":{"rendered":"<p>Suchen Sie, wo Sie GHB-Pulver kaufen k\u00f6nnen? dann k\u00f6nnen wir Ihnen ein hochreines Qualit\u00e4tsprodukt zu einem erschwinglichen Preis liefern.<\/p>\n","protected":false},"featured_media":1975,"comment_status":"open","ping_status":"closed","template":"","meta":{"inline_featured_image":false},"product_brand":[],"product_cat":[345],"product_tag":[519,594,522,593],"class_list":{"0":"post-1974","1":"product","2":"type-product","3":"status-publish","4":"has-post-thumbnail","6":"product_cat-psychedelische-drogen","7":"product_tag-ghb-pulver-online-kaufen","8":"product_tag-ghb-pulver-zum-verkauf","9":"product_tag-wo-kann-ich-ghb-pulver-bekommen","10":"product_tag-wo-bekomme-ich-ghb-pulver","12":"first","13":"instock","14":"shipping-taxable","15":"purchasable","16":"product-type-variable","17":"has-default-attributes"},"yoast_head":"<!-- This site is optimized with the Yoast SEO Premium plugin v20.6 (Yoast SEO v27.3) - https:\/\/yoast.com\/product\/yoast-seo-premium-wordpress\/ -->\n<title>Kaufen Sie Gamma-Hydroxybutyrat-Pulver (GHB) | Good Dealers Meds<\/title>\n<meta name=\"description\" content=\"Suchen Sie, wo Sie Gamma-Hydroxybutyrat-Pulver kaufen k\u00f6nnen? Wir k\u00f6nnen Ihnen ein hochreines Qualit\u00e4tsprodukt zu einem erschwinglichen Preis liefern.\" \/>\n<meta name=\"robots\" content=\"index, follow, max-snippet:-1, max-image-preview:large, max-video-preview:-1\" \/>\n<link rel=\"canonical\" href=\"https:\/\/gooddealersmeds.com\/de\/product\/gamma-hydroxybutyrat-ghb-pulver\/\" \/>\n<meta property=\"og:locale\" content=\"en_US\" \/>\n<meta property=\"og:type\" content=\"article\" \/>\n<meta property=\"og:title\" content=\"Kaufen Sie Gamma-Hydroxybutyrat (GHB) Pulver\" \/>\n<meta property=\"og:description\" content=\"Suchen Sie, wo Sie Gamma-Hydroxybutyrat-Pulver kaufen k\u00f6nnen? Wir k\u00f6nnen Ihnen ein hochreines Qualit\u00e4tsprodukt zu einem erschwinglichen Preis liefern.\" \/>\n<meta property=\"og:url\" content=\"https:\/\/gooddealersmeds.com\/de\/product\/gamma-hydroxybutyrat-ghb-pulver\/\" \/>\n<meta property=\"og:site_name\" content=\"Good Dealers Meds\" \/>\n<meta property=\"article:modified_time\" content=\"2022-12-22T20:43:49+00:00\" \/>\n<meta property=\"og:image\" content=\"https:\/\/gooddealersmeds.com\/de\/wp-content\/uploads\/sites\/3\/2022\/07\/Gamma-Hydroxybutyrate-Ghb-Powder.jpg\" \/>\n\t<meta property=\"og:image:width\" content=\"600\" \/>\n\t<meta property=\"og:image:height\" content=\"600\" \/>\n\t<meta property=\"og:image:type\" content=\"image\/jpeg\" \/>\n<meta name=\"twitter:card\" content=\"summary_large_image\" \/>\n<meta name=\"twitter:label1\" content=\"Est. reading time\" \/>\n\t<meta name=\"twitter:data1\" content=\"1 minute\" \/>\n<script type=\"application\/ld+json\" class=\"yoast-schema-graph\">{\"@context\":\"https:\\\/\\\/schema.org\",\"@graph\":[{\"@type\":\"WebPage\",\"@id\":\"https:\\\/\\\/gooddealersmeds.com\\\/de\\\/product\\\/gamma-hydroxybutyrat-ghb-pulver\\\/\",\"url\":\"https:\\\/\\\/gooddealersmeds.com\\\/de\\\/product\\\/gamma-hydroxybutyrat-ghb-pulver\\\/\",\"name\":\"Kaufen Sie Gamma-Hydroxybutyrat-Pulver (GHB) | Good Dealers Meds\",\"isPartOf\":{\"@id\":\"https:\\\/\\\/gooddealersmeds.com\\\/de\\\/#website\"},\"primaryImageOfPage\":{\"@id\":\"https:\\\/\\\/gooddealersmeds.com\\\/de\\\/product\\\/gamma-hydroxybutyrat-ghb-pulver\\\/#primaryimage\"},\"image\":{\"@id\":\"https:\\\/\\\/gooddealersmeds.com\\\/de\\\/product\\\/gamma-hydroxybutyrat-ghb-pulver\\\/#primaryimage\"},\"thumbnailUrl\":\"https:\\\/\\\/gooddealersmeds.com\\\/de\\\/wp-content\\\/uploads\\\/sites\\\/3\\\/2022\\\/07\\\/Gamma-Hydroxybutyrate-Ghb-Powder.jpg\",\"datePublished\":\"2022-07-03T13:35:45+00:00\",\"dateModified\":\"2022-12-22T20:43:49+00:00\",\"description\":\"Suchen Sie, wo Sie Gamma-Hydroxybutyrat-Pulver kaufen k\u00f6nnen? Wir k\u00f6nnen Ihnen ein hochreines Qualit\u00e4tsprodukt zu einem erschwinglichen Preis liefern.\",\"breadcrumb\":{\"@id\":\"https:\\\/\\\/gooddealersmeds.com\\\/de\\\/product\\\/gamma-hydroxybutyrat-ghb-pulver\\\/#breadcrumb\"},\"inLanguage\":\"en-US\",\"potentialAction\":[{\"@type\":\"ReadAction\",\"target\":[\"https:\\\/\\\/gooddealersmeds.com\\\/de\\\/product\\\/gamma-hydroxybutyrat-ghb-pulver\\\/\"]}]},{\"@type\":\"ImageObject\",\"inLanguage\":\"en-US\",\"@id\":\"https:\\\/\\\/gooddealersmeds.com\\\/de\\\/product\\\/gamma-hydroxybutyrat-ghb-pulver\\\/#primaryimage\",\"url\":\"https:\\\/\\\/gooddealersmeds.com\\\/de\\\/wp-content\\\/uploads\\\/sites\\\/3\\\/2022\\\/07\\\/Gamma-Hydroxybutyrate-Ghb-Powder.jpg\",\"contentUrl\":\"https:\\\/\\\/gooddealersmeds.com\\\/de\\\/wp-content\\\/uploads\\\/sites\\\/3\\\/2022\\\/07\\\/Gamma-Hydroxybutyrate-Ghb-Powder.jpg\",\"width\":600,\"height\":600,\"caption\":\"Buy Gamma Hydroxybutyrate Powder\"},{\"@type\":\"BreadcrumbList\",\"@id\":\"https:\\\/\\\/gooddealersmeds.com\\\/de\\\/product\\\/gamma-hydroxybutyrat-ghb-pulver\\\/#breadcrumb\",\"itemListElement\":[{\"@type\":\"ListItem\",\"position\":1,\"name\":\"Home\",\"item\":\"https:\\\/\\\/gooddealersmeds.com\\\/de\\\/\"},{\"@type\":\"ListItem\",\"position\":2,\"name\":\"Produkte\",\"item\":\"https:\\\/\\\/gooddealersmeds.com\\\/de\\\/produkte\\\/\"},{\"@type\":\"ListItem\",\"position\":3,\"name\":\"Kaufen Sie Gamma-Hydroxybutyrat (GHB) Pulver\"}]},{\"@type\":\"WebSite\",\"@id\":\"https:\\\/\\\/gooddealersmeds.com\\\/de\\\/#website\",\"url\":\"https:\\\/\\\/gooddealersmeds.com\\\/de\\\/\",\"name\":\"Good Dealers Meds\",\"description\":\"All our best\",\"publisher\":{\"@id\":\"https:\\\/\\\/gooddealersmeds.com\\\/de\\\/#organization\"},\"potentialAction\":[{\"@type\":\"SearchAction\",\"target\":{\"@type\":\"EntryPoint\",\"urlTemplate\":\"https:\\\/\\\/gooddealersmeds.com\\\/de\\\/?s={search_term_string}\"},\"query-input\":{\"@type\":\"PropertyValueSpecification\",\"valueRequired\":true,\"valueName\":\"search_term_string\"}}],\"inLanguage\":\"en-US\"},{\"@type\":\"Organization\",\"@id\":\"https:\\\/\\\/gooddealersmeds.com\\\/de\\\/#organization\",\"name\":\"Good Dealers Meds\",\"url\":\"https:\\\/\\\/gooddealersmeds.com\\\/de\\\/\",\"logo\":{\"@type\":\"ImageObject\",\"inLanguage\":\"en-US\",\"@id\":\"https:\\\/\\\/gooddealersmeds.com\\\/de\\\/#\\\/schema\\\/logo\\\/image\\\/\",\"url\":\"https:\\\/\\\/gooddealersmeds.com\\\/de\\\/wp-content\\\/uploads\\\/sites\\\/3\\\/2022\\\/03\\\/gooddealersmeds__logo__20220317T222800Z.00.png\",\"contentUrl\":\"https:\\\/\\\/gooddealersmeds.com\\\/de\\\/wp-content\\\/uploads\\\/sites\\\/3\\\/2022\\\/03\\\/gooddealersmeds__logo__20220317T222800Z.00.png\",\"width\":500,\"height\":325,\"caption\":\"Good Dealers Meds\"},\"image\":{\"@id\":\"https:\\\/\\\/gooddealersmeds.com\\\/de\\\/#\\\/schema\\\/logo\\\/image\\\/\"}}]}<\/script>\n<!-- \/ Yoast SEO Premium plugin. -->","yoast_head_json":{"title":"Kaufen Sie Gamma-Hydroxybutyrat-Pulver (GHB) | Good Dealers Meds","description":"Suchen Sie, wo Sie Gamma-Hydroxybutyrat-Pulver kaufen k\u00f6nnen? Wir k\u00f6nnen Ihnen ein hochreines Qualit\u00e4tsprodukt zu einem erschwinglichen Preis liefern.","robots":{"index":"index","follow":"follow","max-snippet":"max-snippet:-1","max-image-preview":"max-image-preview:large","max-video-preview":"max-video-preview:-1"},"canonical":"https:\/\/gooddealersmeds.com\/de\/product\/gamma-hydroxybutyrat-ghb-pulver\/","og_locale":"en_US","og_type":"article","og_title":"Kaufen Sie Gamma-Hydroxybutyrat (GHB) Pulver","og_description":"Suchen Sie, wo Sie Gamma-Hydroxybutyrat-Pulver kaufen k\u00f6nnen? Wir k\u00f6nnen Ihnen ein hochreines Qualit\u00e4tsprodukt zu einem erschwinglichen Preis liefern.","og_url":"https:\/\/gooddealersmeds.com\/de\/product\/gamma-hydroxybutyrat-ghb-pulver\/","og_site_name":"Good Dealers Meds","article_modified_time":"2022-12-22T20:43:49+00:00","og_image":[{"width":600,"height":600,"url":"https:\/\/gooddealersmeds.com\/de\/wp-content\/uploads\/sites\/3\/2022\/07\/Gamma-Hydroxybutyrate-Ghb-Powder.jpg","type":"image\/jpeg"}],"twitter_card":"summary_large_image","twitter_misc":{"Est. reading time":"1 minute"},"schema":{"@context":"https:\/\/schema.org","@graph":[{"@type":"WebPage","@id":"https:\/\/gooddealersmeds.com\/de\/product\/gamma-hydroxybutyrat-ghb-pulver\/","url":"https:\/\/gooddealersmeds.com\/de\/product\/gamma-hydroxybutyrat-ghb-pulver\/","name":"Kaufen Sie Gamma-Hydroxybutyrat-Pulver (GHB) | Good Dealers Meds","isPartOf":{"@id":"https:\/\/gooddealersmeds.com\/de\/#website"},"primaryImageOfPage":{"@id":"https:\/\/gooddealersmeds.com\/de\/product\/gamma-hydroxybutyrat-ghb-pulver\/#primaryimage"},"image":{"@id":"https:\/\/gooddealersmeds.com\/de\/product\/gamma-hydroxybutyrat-ghb-pulver\/#primaryimage"},"thumbnailUrl":"https:\/\/gooddealersmeds.com\/de\/wp-content\/uploads\/sites\/3\/2022\/07\/Gamma-Hydroxybutyrate-Ghb-Powder.jpg","datePublished":"2022-07-03T13:35:45+00:00","dateModified":"2022-12-22T20:43:49+00:00","description":"Suchen Sie, wo Sie Gamma-Hydroxybutyrat-Pulver kaufen k\u00f6nnen? Wir k\u00f6nnen Ihnen ein hochreines Qualit\u00e4tsprodukt zu einem erschwinglichen Preis liefern.","breadcrumb":{"@id":"https:\/\/gooddealersmeds.com\/de\/product\/gamma-hydroxybutyrat-ghb-pulver\/#breadcrumb"},"inLanguage":"en-US","potentialAction":[{"@type":"ReadAction","target":["https:\/\/gooddealersmeds.com\/de\/product\/gamma-hydroxybutyrat-ghb-pulver\/"]}]},{"@type":"ImageObject","inLanguage":"en-US","@id":"https:\/\/gooddealersmeds.com\/de\/product\/gamma-hydroxybutyrat-ghb-pulver\/#primaryimage","url":"https:\/\/gooddealersmeds.com\/de\/wp-content\/uploads\/sites\/3\/2022\/07\/Gamma-Hydroxybutyrate-Ghb-Powder.jpg","contentUrl":"https:\/\/gooddealersmeds.com\/de\/wp-content\/uploads\/sites\/3\/2022\/07\/Gamma-Hydroxybutyrate-Ghb-Powder.jpg","width":600,"height":600,"caption":"Buy Gamma Hydroxybutyrate Powder"},{"@type":"BreadcrumbList","@id":"https:\/\/gooddealersmeds.com\/de\/product\/gamma-hydroxybutyrat-ghb-pulver\/#breadcrumb","itemListElement":[{"@type":"ListItem","position":1,"name":"Home","item":"https:\/\/gooddealersmeds.com\/de\/"},{"@type":"ListItem","position":2,"name":"Produkte","item":"https:\/\/gooddealersmeds.com\/de\/produkte\/"},{"@type":"ListItem","position":3,"name":"Kaufen Sie Gamma-Hydroxybutyrat (GHB) Pulver"}]},{"@type":"WebSite","@id":"https:\/\/gooddealersmeds.com\/de\/#website","url":"https:\/\/gooddealersmeds.com\/de\/","name":"Good Dealers Meds","description":"All our best","publisher":{"@id":"https:\/\/gooddealersmeds.com\/de\/#organization"},"potentialAction":[{"@type":"SearchAction","target":{"@type":"EntryPoint","urlTemplate":"https:\/\/gooddealersmeds.com\/de\/?s={search_term_string}"},"query-input":{"@type":"PropertyValueSpecification","valueRequired":true,"valueName":"search_term_string"}}],"inLanguage":"en-US"},{"@type":"Organization","@id":"https:\/\/gooddealersmeds.com\/de\/#organization","name":"Good Dealers Meds","url":"https:\/\/gooddealersmeds.com\/de\/","logo":{"@type":"ImageObject","inLanguage":"en-US","@id":"https:\/\/gooddealersmeds.com\/de\/#\/schema\/logo\/image\/","url":"https:\/\/gooddealersmeds.com\/de\/wp-content\/uploads\/sites\/3\/2022\/03\/gooddealersmeds__logo__20220317T222800Z.00.png","contentUrl":"https:\/\/gooddealersmeds.com\/de\/wp-content\/uploads\/sites\/3\/2022\/03\/gooddealersmeds__logo__20220317T222800Z.00.png","width":500,"height":325,"caption":"Good Dealers Meds"},"image":{"@id":"https:\/\/gooddealersmeds.com\/de\/#\/schema\/logo\/image\/"}}]}},"_links":{"self":[{"href":"https:\/\/gooddealersmeds.com\/de\/wp-json\/wp\/v2\/product\/1974","targetHints":{"allow":["GET"]}}],"collection":[{"href":"https:\/\/gooddealersmeds.com\/de\/wp-json\/wp\/v2\/product"}],"about":[{"href":"https:\/\/gooddealersmeds.com\/de\/wp-json\/wp\/v2\/types\/product"}],"replies":[{"embeddable":true,"href":"https:\/\/gooddealersmeds.com\/de\/wp-json\/wp\/v2\/comments?post=1974"}],"wp:featuredmedia":[{"embeddable":true,"href":"https:\/\/gooddealersmeds.com\/de\/wp-json\/wp\/v2\/media\/1975"}],"wp:attachment":[{"href":"https:\/\/gooddealersmeds.com\/de\/wp-json\/wp\/v2\/media?parent=1974"}],"wp:term":[{"taxonomy":"product_brand","embeddable":true,"href":"https:\/\/gooddealersmeds.com\/de\/wp-json\/wp\/v2\/product_brand?post=1974"},{"taxonomy":"product_cat","embeddable":true,"href":"https:\/\/gooddealersmeds.com\/de\/wp-json\/wp\/v2\/product_cat?post=1974"},{"taxonomy":"product_tag","embeddable":true,"href":"https:\/\/gooddealersmeds.com\/de\/wp-json\/wp\/v2\/product_tag?post=1974"}],"curies":[{"name":"wp","href":"https:\/\/api.w.org\/{rel}","templated":true}]}}