{"id":1967,"date":"2022-07-03T13:18:30","date_gmt":"2022-07-03T13:18:30","guid":{"rendered":"https:\/\/gooddealersmeds.com\/de\/?post_type=product&#038;p=1967"},"modified":"2022-12-22T21:59:02","modified_gmt":"2022-12-22T21:59:02","slug":"nembutal-pulver-kaufen","status":"publish","type":"product","link":"https:\/\/gooddealersmeds.com\/de\/product\/nembutal-pulver-kaufen\/","title":{"rendered":"Kaufen Sie Reinheit Nembutalpulver"},"content":{"rendered":"<h2>Bestellen Sie Nembutalpulver bei uns zu den besten Preisen<\/h2>\n<p>Kaufen Sie reines Nembutalpulver in unserem Online-Shop. Wenn Sie bereit sind, Nembutal-Pulver online von den besten Nembutal-Lieferanten ( Nembutalpulver zu verkaufen ) zu kaufen, dann ist unsere Apotheke der richtige Ort, um dies zu tun. Setzen Sie sich noch heute mit uns in Verbindung und lassen Sie Ihre Anforderungen in K\u00fcrze erf\u00fcllen. Ihr Medikament wird Sie an Ihrem bevorzugten Ort erreichen. wo Sie Nembutal-Pulver jetzt zum besten Preis online bekommen k\u00f6nnen! ist bei Good Dealers Meds<\/p>\n<p>Haben Sie nachts Probleme beim Schlafen? F\u00fchlen Sie sich morgens nach dem Aufwachen m\u00fcde? Schlafentzug kann Ihren Tagesablauf st\u00f6ren. Es macht Sie nicht nur weniger leistungsf\u00e4hig, sondern kann auch schwerwiegende Folgen wie Fettleibigkeit, ein geschw\u00e4chtes Immunsystem und Herzprobleme haben. Eine der schwierigsten Herausforderungen, denen wir gegen\u00fcberstehen, ist die Ver\u00e4nderung unserer Lebensweise. Vielleicht m\u00f6chten Sie es tun, aber aufgrund langer Arbeitszeiten und anderer Verpflichtungen kehren Sie immer wieder zum Anfang zur\u00fcck.<\/p>\n<p><strong>Welches ist der richtige Ort, um Nembutalpulver zu kaufen?<\/strong><\/p>\n<p>Nembutalpulver ist bekannt daf\u00fcr, den Schlaf bei Patienten mit Schlafproblemen wie Schlaflosigkeit oder Schlafst\u00f6rungen zu induzieren. In vielen F\u00e4llen wird es auch als Beruhigungsmittel gegen Nervosit\u00e4t eingesetzt. Wenn Sie die gleichen Ziele verfolgen, ist es eine kluge Entscheidung, <a href=\"https:\/\/gooddealersmeds.com\/de\/product\/nembutal-pulver-kaufen\/\">Nembutal-Pulver<\/a> online in unserer Online-Apotheke zu kaufen.<\/p>\n<p>Die Qualit\u00e4t von Arzneimitteln spielt eine wesentliche Rolle bei der Bestimmung der Art der Wirkung, die sie auf Ihren K\u00f6rper haben werden. Man sollte davon absehen, Medikamente zu kaufen, die nicht f\u00fcr den menschlichen Verzehr zugelassen sind.<\/p>\n<h3><strong>Kontaktieren Sie uns jetzt, um Ihre Bestellung f\u00fcr Nembutal aufzugeben<\/strong><\/h3>\n<p>Wenn Sie Nembutalpulver in unserem Online-Shop bestellen, k\u00f6nnen Sie sich auf seine Qualit\u00e4t verlassen. Wir arbeiten nachhaltig, um maximale Ergebnisse mit unseren Produkten zu garantieren. Wir bieten qualitativ hochwertiges Nembutal mit einer Reinheit von 99,8 % zu den besten wettbewerbsf\u00e4higen Preisen. Wir haben unsere Superlative gebaut<br \/>\nRuf, indem wir unseren Kunden exzellente Qualit\u00e4t\/hochreines Nembutal mit diskreter Lieferung und freundlichem Kundendienst anbieten. Wir bieten hervorragende Reinheit, sichere Zahlung, sehr diskrete, schnelle und effektive Lieferung. Nembutalpulver zu verkaufen<\/p>\n","protected":false},"excerpt":{"rendered":"<p>Wir bieten alle oben beschriebenen Produkte zu sehr erschwinglichen Preisen und liefern an jeden Ort auf der ganzen Welt. Daher sind wir stolz darauf, dass unsere Versanddienste zu 100 % garantiert und sicher sind. Unsere Produkte sind gut gesichert, um jegliches Abh\u00f6ren zu vermeiden. Unsere Hauptprodukte sind: Nembutal-Pulver, Barbiturat-Testkit, Nembutal-Pillen, orale Fl\u00fcssigkeit und alles in unserem Online-Shop.<\/p>\n","protected":false},"featured_media":1968,"comment_status":"open","ping_status":"closed","template":"","meta":{"inline_featured_image":false},"product_brand":[],"product_cat":[343],"product_tag":[],"class_list":{"0":"post-1967","1":"product","2":"type-product","3":"status-publish","4":"has-post-thumbnail","6":"product_cat-andere","8":"first","9":"instock","10":"shipping-taxable","11":"purchasable","12":"product-type-variable","13":"has-default-attributes"},"yoast_head":"<!-- This site is optimized with the Yoast SEO Premium plugin v20.6 (Yoast SEO v27.3) - https:\/\/yoast.com\/product\/yoast-seo-premium-wordpress\/ -->\n<title>Nembutalpulver zu verkaufen - Kaufen Sie Pentobarbital<\/title>\n<meta name=\"description\" content=\"Nembutalpulver zu verkaufen (Pentobarbital) und zu Ihnen nach Hause liefern lassen. Wir liefern es an jeden Ort\/jedes Land auf der ganzen Welt.\" \/>\n<meta name=\"robots\" content=\"index, follow, max-snippet:-1, max-image-preview:large, max-video-preview:-1\" \/>\n<link rel=\"canonical\" href=\"https:\/\/gooddealersmeds.com\/de\/product\/nembutal-pulver-kaufen\/\" \/>\n<meta property=\"og:locale\" content=\"en_US\" \/>\n<meta property=\"og:type\" content=\"article\" \/>\n<meta property=\"og:title\" content=\"Kaufen Sie Reinheit Nembutalpulver\" \/>\n<meta property=\"og:description\" content=\"Nembutalpulver zu verkaufen (Pentobarbital) und zu Ihnen nach Hause liefern lassen. Wir liefern es an jeden Ort\/jedes Land auf der ganzen Welt.\" \/>\n<meta property=\"og:url\" content=\"https:\/\/gooddealersmeds.com\/de\/product\/nembutal-pulver-kaufen\/\" \/>\n<meta property=\"og:site_name\" content=\"Good Dealers Meds\" \/>\n<meta property=\"article:modified_time\" content=\"2022-12-22T21:59:02+00:00\" \/>\n<meta property=\"og:image\" content=\"https:\/\/gooddealersmeds.com\/de\/wp-content\/uploads\/sites\/3\/2022\/07\/nembutal-powder.jpg\" \/>\n\t<meta property=\"og:image:width\" content=\"600\" \/>\n\t<meta property=\"og:image:height\" content=\"450\" \/>\n\t<meta property=\"og:image:type\" content=\"image\/jpeg\" \/>\n<meta name=\"twitter:card\" content=\"summary_large_image\" \/>\n<meta name=\"twitter:label1\" content=\"Est. reading time\" \/>\n\t<meta name=\"twitter:data1\" content=\"2 minutes\" \/>\n<script type=\"application\/ld+json\" class=\"yoast-schema-graph\">{\"@context\":\"https:\\\/\\\/schema.org\",\"@graph\":[{\"@type\":\"WebPage\",\"@id\":\"https:\\\/\\\/gooddealersmeds.com\\\/de\\\/product\\\/nembutal-pulver-kaufen\\\/\",\"url\":\"https:\\\/\\\/gooddealersmeds.com\\\/de\\\/product\\\/nembutal-pulver-kaufen\\\/\",\"name\":\"Nembutalpulver zu verkaufen - Kaufen Sie Pentobarbital\",\"isPartOf\":{\"@id\":\"https:\\\/\\\/gooddealersmeds.com\\\/de\\\/#website\"},\"primaryImageOfPage\":{\"@id\":\"https:\\\/\\\/gooddealersmeds.com\\\/de\\\/product\\\/nembutal-pulver-kaufen\\\/#primaryimage\"},\"image\":{\"@id\":\"https:\\\/\\\/gooddealersmeds.com\\\/de\\\/product\\\/nembutal-pulver-kaufen\\\/#primaryimage\"},\"thumbnailUrl\":\"https:\\\/\\\/gooddealersmeds.com\\\/de\\\/wp-content\\\/uploads\\\/sites\\\/3\\\/2022\\\/07\\\/nembutal-powder.jpg\",\"datePublished\":\"2022-07-03T13:18:30+00:00\",\"dateModified\":\"2022-12-22T21:59:02+00:00\",\"description\":\"Nembutalpulver zu verkaufen (Pentobarbital) und zu Ihnen nach Hause liefern lassen. Wir liefern es an jeden Ort\\\/jedes Land auf der ganzen Welt.\",\"breadcrumb\":{\"@id\":\"https:\\\/\\\/gooddealersmeds.com\\\/de\\\/product\\\/nembutal-pulver-kaufen\\\/#breadcrumb\"},\"inLanguage\":\"en-US\",\"potentialAction\":[{\"@type\":\"ReadAction\",\"target\":[\"https:\\\/\\\/gooddealersmeds.com\\\/de\\\/product\\\/nembutal-pulver-kaufen\\\/\"]}]},{\"@type\":\"ImageObject\",\"inLanguage\":\"en-US\",\"@id\":\"https:\\\/\\\/gooddealersmeds.com\\\/de\\\/product\\\/nembutal-pulver-kaufen\\\/#primaryimage\",\"url\":\"https:\\\/\\\/gooddealersmeds.com\\\/de\\\/wp-content\\\/uploads\\\/sites\\\/3\\\/2022\\\/07\\\/nembutal-powder.jpg\",\"contentUrl\":\"https:\\\/\\\/gooddealersmeds.com\\\/de\\\/wp-content\\\/uploads\\\/sites\\\/3\\\/2022\\\/07\\\/nembutal-powder.jpg\",\"width\":600,\"height\":450,\"caption\":\"Nembutal Powder Online\"},{\"@type\":\"BreadcrumbList\",\"@id\":\"https:\\\/\\\/gooddealersmeds.com\\\/de\\\/product\\\/nembutal-pulver-kaufen\\\/#breadcrumb\",\"itemListElement\":[{\"@type\":\"ListItem\",\"position\":1,\"name\":\"Home\",\"item\":\"https:\\\/\\\/gooddealersmeds.com\\\/de\\\/\"},{\"@type\":\"ListItem\",\"position\":2,\"name\":\"Produkte\",\"item\":\"https:\\\/\\\/gooddealersmeds.com\\\/de\\\/produkte\\\/\"},{\"@type\":\"ListItem\",\"position\":3,\"name\":\"Kaufen Sie Reinheit Nembutalpulver\"}]},{\"@type\":\"WebSite\",\"@id\":\"https:\\\/\\\/gooddealersmeds.com\\\/de\\\/#website\",\"url\":\"https:\\\/\\\/gooddealersmeds.com\\\/de\\\/\",\"name\":\"Good Dealers Meds\",\"description\":\"All our best\",\"publisher\":{\"@id\":\"https:\\\/\\\/gooddealersmeds.com\\\/de\\\/#organization\"},\"potentialAction\":[{\"@type\":\"SearchAction\",\"target\":{\"@type\":\"EntryPoint\",\"urlTemplate\":\"https:\\\/\\\/gooddealersmeds.com\\\/de\\\/?s={search_term_string}\"},\"query-input\":{\"@type\":\"PropertyValueSpecification\",\"valueRequired\":true,\"valueName\":\"search_term_string\"}}],\"inLanguage\":\"en-US\"},{\"@type\":\"Organization\",\"@id\":\"https:\\\/\\\/gooddealersmeds.com\\\/de\\\/#organization\",\"name\":\"Good Dealers Meds\",\"url\":\"https:\\\/\\\/gooddealersmeds.com\\\/de\\\/\",\"logo\":{\"@type\":\"ImageObject\",\"inLanguage\":\"en-US\",\"@id\":\"https:\\\/\\\/gooddealersmeds.com\\\/de\\\/#\\\/schema\\\/logo\\\/image\\\/\",\"url\":\"https:\\\/\\\/gooddealersmeds.com\\\/de\\\/wp-content\\\/uploads\\\/sites\\\/3\\\/2022\\\/03\\\/gooddealersmeds__logo__20220317T222800Z.00.png\",\"contentUrl\":\"https:\\\/\\\/gooddealersmeds.com\\\/de\\\/wp-content\\\/uploads\\\/sites\\\/3\\\/2022\\\/03\\\/gooddealersmeds__logo__20220317T222800Z.00.png\",\"width\":500,\"height\":325,\"caption\":\"Good Dealers Meds\"},\"image\":{\"@id\":\"https:\\\/\\\/gooddealersmeds.com\\\/de\\\/#\\\/schema\\\/logo\\\/image\\\/\"}}]}<\/script>\n<!-- \/ Yoast SEO Premium plugin. -->","yoast_head_json":{"title":"Nembutalpulver zu verkaufen - Kaufen Sie Pentobarbital","description":"Nembutalpulver zu verkaufen (Pentobarbital) und zu Ihnen nach Hause liefern lassen. Wir liefern es an jeden Ort\/jedes Land auf der ganzen Welt.","robots":{"index":"index","follow":"follow","max-snippet":"max-snippet:-1","max-image-preview":"max-image-preview:large","max-video-preview":"max-video-preview:-1"},"canonical":"https:\/\/gooddealersmeds.com\/de\/product\/nembutal-pulver-kaufen\/","og_locale":"en_US","og_type":"article","og_title":"Kaufen Sie Reinheit Nembutalpulver","og_description":"Nembutalpulver zu verkaufen (Pentobarbital) und zu Ihnen nach Hause liefern lassen. Wir liefern es an jeden Ort\/jedes Land auf der ganzen Welt.","og_url":"https:\/\/gooddealersmeds.com\/de\/product\/nembutal-pulver-kaufen\/","og_site_name":"Good Dealers Meds","article_modified_time":"2022-12-22T21:59:02+00:00","og_image":[{"width":600,"height":450,"url":"https:\/\/gooddealersmeds.com\/de\/wp-content\/uploads\/sites\/3\/2022\/07\/nembutal-powder.jpg","type":"image\/jpeg"}],"twitter_card":"summary_large_image","twitter_misc":{"Est. reading time":"2 minutes"},"schema":{"@context":"https:\/\/schema.org","@graph":[{"@type":"WebPage","@id":"https:\/\/gooddealersmeds.com\/de\/product\/nembutal-pulver-kaufen\/","url":"https:\/\/gooddealersmeds.com\/de\/product\/nembutal-pulver-kaufen\/","name":"Nembutalpulver zu verkaufen - Kaufen Sie Pentobarbital","isPartOf":{"@id":"https:\/\/gooddealersmeds.com\/de\/#website"},"primaryImageOfPage":{"@id":"https:\/\/gooddealersmeds.com\/de\/product\/nembutal-pulver-kaufen\/#primaryimage"},"image":{"@id":"https:\/\/gooddealersmeds.com\/de\/product\/nembutal-pulver-kaufen\/#primaryimage"},"thumbnailUrl":"https:\/\/gooddealersmeds.com\/de\/wp-content\/uploads\/sites\/3\/2022\/07\/nembutal-powder.jpg","datePublished":"2022-07-03T13:18:30+00:00","dateModified":"2022-12-22T21:59:02+00:00","description":"Nembutalpulver zu verkaufen (Pentobarbital) und zu Ihnen nach Hause liefern lassen. Wir liefern es an jeden Ort\/jedes Land auf der ganzen Welt.","breadcrumb":{"@id":"https:\/\/gooddealersmeds.com\/de\/product\/nembutal-pulver-kaufen\/#breadcrumb"},"inLanguage":"en-US","potentialAction":[{"@type":"ReadAction","target":["https:\/\/gooddealersmeds.com\/de\/product\/nembutal-pulver-kaufen\/"]}]},{"@type":"ImageObject","inLanguage":"en-US","@id":"https:\/\/gooddealersmeds.com\/de\/product\/nembutal-pulver-kaufen\/#primaryimage","url":"https:\/\/gooddealersmeds.com\/de\/wp-content\/uploads\/sites\/3\/2022\/07\/nembutal-powder.jpg","contentUrl":"https:\/\/gooddealersmeds.com\/de\/wp-content\/uploads\/sites\/3\/2022\/07\/nembutal-powder.jpg","width":600,"height":450,"caption":"Nembutal Powder Online"},{"@type":"BreadcrumbList","@id":"https:\/\/gooddealersmeds.com\/de\/product\/nembutal-pulver-kaufen\/#breadcrumb","itemListElement":[{"@type":"ListItem","position":1,"name":"Home","item":"https:\/\/gooddealersmeds.com\/de\/"},{"@type":"ListItem","position":2,"name":"Produkte","item":"https:\/\/gooddealersmeds.com\/de\/produkte\/"},{"@type":"ListItem","position":3,"name":"Kaufen Sie Reinheit Nembutalpulver"}]},{"@type":"WebSite","@id":"https:\/\/gooddealersmeds.com\/de\/#website","url":"https:\/\/gooddealersmeds.com\/de\/","name":"Good Dealers Meds","description":"All our best","publisher":{"@id":"https:\/\/gooddealersmeds.com\/de\/#organization"},"potentialAction":[{"@type":"SearchAction","target":{"@type":"EntryPoint","urlTemplate":"https:\/\/gooddealersmeds.com\/de\/?s={search_term_string}"},"query-input":{"@type":"PropertyValueSpecification","valueRequired":true,"valueName":"search_term_string"}}],"inLanguage":"en-US"},{"@type":"Organization","@id":"https:\/\/gooddealersmeds.com\/de\/#organization","name":"Good Dealers Meds","url":"https:\/\/gooddealersmeds.com\/de\/","logo":{"@type":"ImageObject","inLanguage":"en-US","@id":"https:\/\/gooddealersmeds.com\/de\/#\/schema\/logo\/image\/","url":"https:\/\/gooddealersmeds.com\/de\/wp-content\/uploads\/sites\/3\/2022\/03\/gooddealersmeds__logo__20220317T222800Z.00.png","contentUrl":"https:\/\/gooddealersmeds.com\/de\/wp-content\/uploads\/sites\/3\/2022\/03\/gooddealersmeds__logo__20220317T222800Z.00.png","width":500,"height":325,"caption":"Good Dealers Meds"},"image":{"@id":"https:\/\/gooddealersmeds.com\/de\/#\/schema\/logo\/image\/"}}]}},"_links":{"self":[{"href":"https:\/\/gooddealersmeds.com\/de\/wp-json\/wp\/v2\/product\/1967","targetHints":{"allow":["GET"]}}],"collection":[{"href":"https:\/\/gooddealersmeds.com\/de\/wp-json\/wp\/v2\/product"}],"about":[{"href":"https:\/\/gooddealersmeds.com\/de\/wp-json\/wp\/v2\/types\/product"}],"replies":[{"embeddable":true,"href":"https:\/\/gooddealersmeds.com\/de\/wp-json\/wp\/v2\/comments?post=1967"}],"wp:featuredmedia":[{"embeddable":true,"href":"https:\/\/gooddealersmeds.com\/de\/wp-json\/wp\/v2\/media\/1968"}],"wp:attachment":[{"href":"https:\/\/gooddealersmeds.com\/de\/wp-json\/wp\/v2\/media?parent=1967"}],"wp:term":[{"taxonomy":"product_brand","embeddable":true,"href":"https:\/\/gooddealersmeds.com\/de\/wp-json\/wp\/v2\/product_brand?post=1967"},{"taxonomy":"product_cat","embeddable":true,"href":"https:\/\/gooddealersmeds.com\/de\/wp-json\/wp\/v2\/product_cat?post=1967"},{"taxonomy":"product_tag","embeddable":true,"href":"https:\/\/gooddealersmeds.com\/de\/wp-json\/wp\/v2\/product_tag?post=1967"}],"curies":[{"name":"wp","href":"https:\/\/api.w.org\/{rel}","templated":true}]}}