{"id":1965,"date":"2022-07-03T13:10:22","date_gmt":"2022-07-03T13:10:22","guid":{"rendered":"https:\/\/gooddealersmeds.com\/de\/?post_type=product&#038;p=1965"},"modified":"2022-12-22T22:04:32","modified_gmt":"2022-12-22T22:04:32","slug":"konzert-online-kaufen","status":"publish","type":"product","link":"https:\/\/gooddealersmeds.com\/de\/product\/konzert-online-kaufen\/","title":{"rendered":"Concerta online kaufen"},"content":{"rendered":"<h2>Concerta online zu verkaufen<\/h2>\n<p>Concerta ist ein Medikament, das bei der Behandlung von Aufmerksamkeitsdefizitst\u00f6rungen (ADS) bei Erwachsenen hilft. Concerta online kaufen, Es enth\u00e4lt Methylphenidat, das Menschen helfen soll, sich besser zu konzentrieren und zu konzentrieren. Concerta behandelt ADS bei Erwachsenen, die auf andere Behandlungen nicht gut ansprechen. Es kann auch zur Behandlung von Narkolepsie bei Erwachsenen mit \u00fcberm\u00e4\u00dfiger Tagesschl\u00e4frigkeit eingesetzt werden.<\/p>\n<p>Das Medikament ist in Tablettenform erh\u00e4ltlich und wird einmal t\u00e4glich mit oder ohne Nahrung eingenommen. Mischen Sie es nicht mit Alkohol oder anderen Drogen. Es ist ein lang wirkendes Medikament, das 12 Stunden nach der Einnahme anh\u00e4lt, sodass es Ihnen helfen kann, den ganzen Tag \u00fcber konzentriert und wachsam zu bleiben.<\/p>\n<p>Es hat auch ein geringes Missbrauchspotenzial, was bedeutet, dass dies unwahrscheinlich ist Nebenwirkungen wie Bluthochdruck oder Herzprobleme hervorrufen. Concerta wirkt, indem es den Dopaminspiegel in Ihrem Gehirn erh\u00f6ht, was hilft, die Konzentration, Aufmerksamkeit und Impulskontrolle zu verbessern.<\/p>\n<p>Kurz gesagt, Concerta wurde Menschen verschrieben, die Probleme haben, sich zu konzentrieren und aufmerksam zu sein. Es hilft auch, Hyperaktivit\u00e4t zu kontrollieren, wie z. B. Herumzappeln oder zu viel Bewegung, wenn Sie es nicht sollten.<\/p>\n<p>Verwenden Sie dieses Medikament nicht, wenn Sie schwanger sind oder stillen, da das Risiko von angeborenen Behinderungen oder Entzugserscheinungen besteht wenn Sie die Einnahme des Medikaments nach l\u00e4ngerer Einnahme (mehr als zwei Wochen) pl\u00f6tzlich abbrechen.<\/p>\n<p><strong>\u00a0<\/strong><\/p>\n<p><strong>Warum Concerta online bestellen?<\/strong><\/p>\n<p>strong&gt;<\/p>\n<p><strong>\u00a0<\/strong><\/p>\n<p>Der Online-Kauf von Concerta bietet viele Vorteile. Angenommen, Sie m\u00fcssen Ihrem Verk\u00e4ufer kein Rezept vorlegen, um <a href=\"https:\/\/gooddealersmeds.com\/de\/product\/buy-concerta-online\/\">Concerta online zu kaufen<\/a>. Wenn Sie nur \u00fcber 21 Jahre alt sind, k\u00f6nnen Sie loslegen. Au\u00dferdem k\u00f6nnen Sie Ihr gew\u00fcnschtes Produkt ohne weitere Einschr\u00e4nkungen bestellen. Auch das, ohne den Hintern zu bewegen oder hart zu arbeiten.<\/p>\n<p><strong>\u00a0<\/strong><\/p>\n<p><strong>Wo kann man Concerta am besten online kaufen?<\/strong><\/p>\n<p>strong&gt;<\/p>\n<p><strong>\u00a0<\/strong><\/p>\n<p>Konzertapulver kann online gekauft werden. Der beste Ort, um Methylphenidat online zu kaufen, ist von einem zuverl\u00e4ssigen Unternehmen wie GoodDealersMeds, da wir seit \u00fcber 10 Jahren im Gesch\u00e4ft sind und uns als zuverl\u00e4ssig erwiesen haben. Wir haben viele Produkte, einschlie\u00dflich Methylphenidat, aber unser Hauptaugenmerk liegt darauf, qualitativ hochwertigen Service und Kundenzufriedenheit zu bieten.<\/p>\n","protected":false},"excerpt":{"rendered":"<p><strong>Concerta zum Verkauf online wird verwendet, um die Aufmerksamkeitsdefizit-Hyperaktivit\u00e4tsst\u00f6rung zu behandeln \u2013 ADHS.<\/strong><\/p>\n<p>Es funktioniert, indem es die Mengen bestimmter nat\u00fcrlicher Substanzen im Gehirn ver\u00e4ndert. Methylphenidat geh\u00f6rt zu einer Klasse von Arzneimitteln, die als Stimulanzien bekannt sind. Es kann helfen, Ihre Aufmerksamkeit zu steigern, sich auf eine Aktivit\u00e4t zu konzentrieren und Verhaltensprobleme zu kontrollieren. Es kann Ihnen auch helfen, Ihre Aufgaben zu organisieren und Ihre H\u00f6rf\u00e4higkeiten zu verbessern.<\/p>\n","protected":false},"featured_media":1966,"comment_status":"open","ping_status":"closed","template":"","meta":{"inline_featured_image":false},"product_brand":[],"product_cat":[346],"product_tag":[],"class_list":{"0":"post-1965","1":"product","2":"type-product","3":"status-publish","4":"has-post-thumbnail","6":"product_cat-stimulanzien","8":"first","9":"instock","10":"shipping-taxable","11":"purchasable","12":"product-type-simple"},"yoast_head":"<!-- This site is optimized with the Yoast SEO Premium plugin v20.6 (Yoast SEO v27.3) - https:\/\/yoast.com\/product\/yoast-seo-premium-wordpress\/ -->\n<title>Concerta online kaufen (Methylphenidat HCL) | Good Dealers Meds<\/title>\n<meta name=\"description\" content=\"Concerta online kaufen; zur Behandlung der Aufmerksamkeitsdefizit-Hyperaktivit\u00e4tsst\u00f6rung. Es funktioniert, indem es nat\u00fcrliche Substanzen im Gehirn ver\u00e4ndert.\" \/>\n<meta name=\"robots\" content=\"index, follow, max-snippet:-1, max-image-preview:large, max-video-preview:-1\" \/>\n<link rel=\"canonical\" href=\"https:\/\/gooddealersmeds.com\/de\/product\/konzert-online-kaufen\/\" \/>\n<meta property=\"og:locale\" content=\"en_US\" \/>\n<meta property=\"og:type\" content=\"article\" \/>\n<meta property=\"og:title\" content=\"Concerta online kaufen\" \/>\n<meta property=\"og:description\" content=\"Concerta online kaufen; zur Behandlung der Aufmerksamkeitsdefizit-Hyperaktivit\u00e4tsst\u00f6rung. Es funktioniert, indem es nat\u00fcrliche Substanzen im Gehirn ver\u00e4ndert.\" \/>\n<meta property=\"og:url\" content=\"https:\/\/gooddealersmeds.com\/de\/product\/konzert-online-kaufen\/\" \/>\n<meta property=\"og:site_name\" content=\"Good Dealers Meds\" \/>\n<meta property=\"article:modified_time\" content=\"2022-12-22T22:04:32+00:00\" \/>\n<meta property=\"og:image\" content=\"https:\/\/gooddealersmeds.com\/de\/wp-content\/uploads\/sites\/3\/2022\/07\/concerta-36mg-500x500-1.png\" \/>\n\t<meta property=\"og:image:width\" content=\"500\" \/>\n\t<meta property=\"og:image:height\" content=\"500\" \/>\n\t<meta property=\"og:image:type\" content=\"image\/png\" \/>\n<meta name=\"twitter:card\" content=\"summary_large_image\" \/>\n<meta name=\"twitter:label1\" content=\"Est. reading time\" \/>\n\t<meta name=\"twitter:data1\" content=\"2 minutes\" \/>\n<script type=\"application\/ld+json\" class=\"yoast-schema-graph\">{\"@context\":\"https:\\\/\\\/schema.org\",\"@graph\":[{\"@type\":\"WebPage\",\"@id\":\"https:\\\/\\\/gooddealersmeds.com\\\/de\\\/product\\\/konzert-online-kaufen\\\/\",\"url\":\"https:\\\/\\\/gooddealersmeds.com\\\/de\\\/product\\\/konzert-online-kaufen\\\/\",\"name\":\"Concerta online kaufen (Methylphenidat HCL) | Good Dealers Meds\",\"isPartOf\":{\"@id\":\"https:\\\/\\\/gooddealersmeds.com\\\/de\\\/#website\"},\"primaryImageOfPage\":{\"@id\":\"https:\\\/\\\/gooddealersmeds.com\\\/de\\\/product\\\/konzert-online-kaufen\\\/#primaryimage\"},\"image\":{\"@id\":\"https:\\\/\\\/gooddealersmeds.com\\\/de\\\/product\\\/konzert-online-kaufen\\\/#primaryimage\"},\"thumbnailUrl\":\"https:\\\/\\\/gooddealersmeds.com\\\/de\\\/wp-content\\\/uploads\\\/sites\\\/3\\\/2022\\\/07\\\/concerta-36mg-500x500-1.png\",\"datePublished\":\"2022-07-03T13:10:22+00:00\",\"dateModified\":\"2022-12-22T22:04:32+00:00\",\"description\":\"Concerta online kaufen; zur Behandlung der Aufmerksamkeitsdefizit-Hyperaktivit\u00e4tsst\u00f6rung. Es funktioniert, indem es nat\u00fcrliche Substanzen im Gehirn ver\u00e4ndert.\",\"breadcrumb\":{\"@id\":\"https:\\\/\\\/gooddealersmeds.com\\\/de\\\/product\\\/konzert-online-kaufen\\\/#breadcrumb\"},\"inLanguage\":\"en-US\",\"potentialAction\":[{\"@type\":\"ReadAction\",\"target\":[\"https:\\\/\\\/gooddealersmeds.com\\\/de\\\/product\\\/konzert-online-kaufen\\\/\"]}]},{\"@type\":\"ImageObject\",\"inLanguage\":\"en-US\",\"@id\":\"https:\\\/\\\/gooddealersmeds.com\\\/de\\\/product\\\/konzert-online-kaufen\\\/#primaryimage\",\"url\":\"https:\\\/\\\/gooddealersmeds.com\\\/de\\\/wp-content\\\/uploads\\\/sites\\\/3\\\/2022\\\/07\\\/concerta-36mg-500x500-1.png\",\"contentUrl\":\"https:\\\/\\\/gooddealersmeds.com\\\/de\\\/wp-content\\\/uploads\\\/sites\\\/3\\\/2022\\\/07\\\/concerta-36mg-500x500-1.png\",\"width\":500,\"height\":500,\"caption\":\"Buy Concerta Online\"},{\"@type\":\"BreadcrumbList\",\"@id\":\"https:\\\/\\\/gooddealersmeds.com\\\/de\\\/product\\\/konzert-online-kaufen\\\/#breadcrumb\",\"itemListElement\":[{\"@type\":\"ListItem\",\"position\":1,\"name\":\"Home\",\"item\":\"https:\\\/\\\/gooddealersmeds.com\\\/de\\\/\"},{\"@type\":\"ListItem\",\"position\":2,\"name\":\"Produkte\",\"item\":\"https:\\\/\\\/gooddealersmeds.com\\\/de\\\/produkte\\\/\"},{\"@type\":\"ListItem\",\"position\":3,\"name\":\"Concerta online kaufen\"}]},{\"@type\":\"WebSite\",\"@id\":\"https:\\\/\\\/gooddealersmeds.com\\\/de\\\/#website\",\"url\":\"https:\\\/\\\/gooddealersmeds.com\\\/de\\\/\",\"name\":\"Good Dealers Meds\",\"description\":\"All our best\",\"publisher\":{\"@id\":\"https:\\\/\\\/gooddealersmeds.com\\\/de\\\/#organization\"},\"potentialAction\":[{\"@type\":\"SearchAction\",\"target\":{\"@type\":\"EntryPoint\",\"urlTemplate\":\"https:\\\/\\\/gooddealersmeds.com\\\/de\\\/?s={search_term_string}\"},\"query-input\":{\"@type\":\"PropertyValueSpecification\",\"valueRequired\":true,\"valueName\":\"search_term_string\"}}],\"inLanguage\":\"en-US\"},{\"@type\":\"Organization\",\"@id\":\"https:\\\/\\\/gooddealersmeds.com\\\/de\\\/#organization\",\"name\":\"Good Dealers Meds\",\"url\":\"https:\\\/\\\/gooddealersmeds.com\\\/de\\\/\",\"logo\":{\"@type\":\"ImageObject\",\"inLanguage\":\"en-US\",\"@id\":\"https:\\\/\\\/gooddealersmeds.com\\\/de\\\/#\\\/schema\\\/logo\\\/image\\\/\",\"url\":\"https:\\\/\\\/gooddealersmeds.com\\\/de\\\/wp-content\\\/uploads\\\/sites\\\/3\\\/2022\\\/03\\\/gooddealersmeds__logo__20220317T222800Z.00.png\",\"contentUrl\":\"https:\\\/\\\/gooddealersmeds.com\\\/de\\\/wp-content\\\/uploads\\\/sites\\\/3\\\/2022\\\/03\\\/gooddealersmeds__logo__20220317T222800Z.00.png\",\"width\":500,\"height\":325,\"caption\":\"Good Dealers Meds\"},\"image\":{\"@id\":\"https:\\\/\\\/gooddealersmeds.com\\\/de\\\/#\\\/schema\\\/logo\\\/image\\\/\"}}]}<\/script>\n<!-- \/ Yoast SEO Premium plugin. -->","yoast_head_json":{"title":"Concerta online kaufen (Methylphenidat HCL) | Good Dealers Meds","description":"Concerta online kaufen; zur Behandlung der Aufmerksamkeitsdefizit-Hyperaktivit\u00e4tsst\u00f6rung. Es funktioniert, indem es nat\u00fcrliche Substanzen im Gehirn ver\u00e4ndert.","robots":{"index":"index","follow":"follow","max-snippet":"max-snippet:-1","max-image-preview":"max-image-preview:large","max-video-preview":"max-video-preview:-1"},"canonical":"https:\/\/gooddealersmeds.com\/de\/product\/konzert-online-kaufen\/","og_locale":"en_US","og_type":"article","og_title":"Concerta online kaufen","og_description":"Concerta online kaufen; zur Behandlung der Aufmerksamkeitsdefizit-Hyperaktivit\u00e4tsst\u00f6rung. Es funktioniert, indem es nat\u00fcrliche Substanzen im Gehirn ver\u00e4ndert.","og_url":"https:\/\/gooddealersmeds.com\/de\/product\/konzert-online-kaufen\/","og_site_name":"Good Dealers Meds","article_modified_time":"2022-12-22T22:04:32+00:00","og_image":[{"width":500,"height":500,"url":"https:\/\/gooddealersmeds.com\/de\/wp-content\/uploads\/sites\/3\/2022\/07\/concerta-36mg-500x500-1.png","type":"image\/png"}],"twitter_card":"summary_large_image","twitter_misc":{"Est. reading time":"2 minutes"},"schema":{"@context":"https:\/\/schema.org","@graph":[{"@type":"WebPage","@id":"https:\/\/gooddealersmeds.com\/de\/product\/konzert-online-kaufen\/","url":"https:\/\/gooddealersmeds.com\/de\/product\/konzert-online-kaufen\/","name":"Concerta online kaufen (Methylphenidat HCL) | Good Dealers Meds","isPartOf":{"@id":"https:\/\/gooddealersmeds.com\/de\/#website"},"primaryImageOfPage":{"@id":"https:\/\/gooddealersmeds.com\/de\/product\/konzert-online-kaufen\/#primaryimage"},"image":{"@id":"https:\/\/gooddealersmeds.com\/de\/product\/konzert-online-kaufen\/#primaryimage"},"thumbnailUrl":"https:\/\/gooddealersmeds.com\/de\/wp-content\/uploads\/sites\/3\/2022\/07\/concerta-36mg-500x500-1.png","datePublished":"2022-07-03T13:10:22+00:00","dateModified":"2022-12-22T22:04:32+00:00","description":"Concerta online kaufen; zur Behandlung der Aufmerksamkeitsdefizit-Hyperaktivit\u00e4tsst\u00f6rung. Es funktioniert, indem es nat\u00fcrliche Substanzen im Gehirn ver\u00e4ndert.","breadcrumb":{"@id":"https:\/\/gooddealersmeds.com\/de\/product\/konzert-online-kaufen\/#breadcrumb"},"inLanguage":"en-US","potentialAction":[{"@type":"ReadAction","target":["https:\/\/gooddealersmeds.com\/de\/product\/konzert-online-kaufen\/"]}]},{"@type":"ImageObject","inLanguage":"en-US","@id":"https:\/\/gooddealersmeds.com\/de\/product\/konzert-online-kaufen\/#primaryimage","url":"https:\/\/gooddealersmeds.com\/de\/wp-content\/uploads\/sites\/3\/2022\/07\/concerta-36mg-500x500-1.png","contentUrl":"https:\/\/gooddealersmeds.com\/de\/wp-content\/uploads\/sites\/3\/2022\/07\/concerta-36mg-500x500-1.png","width":500,"height":500,"caption":"Buy Concerta Online"},{"@type":"BreadcrumbList","@id":"https:\/\/gooddealersmeds.com\/de\/product\/konzert-online-kaufen\/#breadcrumb","itemListElement":[{"@type":"ListItem","position":1,"name":"Home","item":"https:\/\/gooddealersmeds.com\/de\/"},{"@type":"ListItem","position":2,"name":"Produkte","item":"https:\/\/gooddealersmeds.com\/de\/produkte\/"},{"@type":"ListItem","position":3,"name":"Concerta online kaufen"}]},{"@type":"WebSite","@id":"https:\/\/gooddealersmeds.com\/de\/#website","url":"https:\/\/gooddealersmeds.com\/de\/","name":"Good Dealers Meds","description":"All our best","publisher":{"@id":"https:\/\/gooddealersmeds.com\/de\/#organization"},"potentialAction":[{"@type":"SearchAction","target":{"@type":"EntryPoint","urlTemplate":"https:\/\/gooddealersmeds.com\/de\/?s={search_term_string}"},"query-input":{"@type":"PropertyValueSpecification","valueRequired":true,"valueName":"search_term_string"}}],"inLanguage":"en-US"},{"@type":"Organization","@id":"https:\/\/gooddealersmeds.com\/de\/#organization","name":"Good Dealers Meds","url":"https:\/\/gooddealersmeds.com\/de\/","logo":{"@type":"ImageObject","inLanguage":"en-US","@id":"https:\/\/gooddealersmeds.com\/de\/#\/schema\/logo\/image\/","url":"https:\/\/gooddealersmeds.com\/de\/wp-content\/uploads\/sites\/3\/2022\/03\/gooddealersmeds__logo__20220317T222800Z.00.png","contentUrl":"https:\/\/gooddealersmeds.com\/de\/wp-content\/uploads\/sites\/3\/2022\/03\/gooddealersmeds__logo__20220317T222800Z.00.png","width":500,"height":325,"caption":"Good Dealers Meds"},"image":{"@id":"https:\/\/gooddealersmeds.com\/de\/#\/schema\/logo\/image\/"}}]}},"_links":{"self":[{"href":"https:\/\/gooddealersmeds.com\/de\/wp-json\/wp\/v2\/product\/1965","targetHints":{"allow":["GET"]}}],"collection":[{"href":"https:\/\/gooddealersmeds.com\/de\/wp-json\/wp\/v2\/product"}],"about":[{"href":"https:\/\/gooddealersmeds.com\/de\/wp-json\/wp\/v2\/types\/product"}],"replies":[{"embeddable":true,"href":"https:\/\/gooddealersmeds.com\/de\/wp-json\/wp\/v2\/comments?post=1965"}],"wp:featuredmedia":[{"embeddable":true,"href":"https:\/\/gooddealersmeds.com\/de\/wp-json\/wp\/v2\/media\/1966"}],"wp:attachment":[{"href":"https:\/\/gooddealersmeds.com\/de\/wp-json\/wp\/v2\/media?parent=1965"}],"wp:term":[{"taxonomy":"product_brand","embeddable":true,"href":"https:\/\/gooddealersmeds.com\/de\/wp-json\/wp\/v2\/product_brand?post=1965"},{"taxonomy":"product_cat","embeddable":true,"href":"https:\/\/gooddealersmeds.com\/de\/wp-json\/wp\/v2\/product_cat?post=1965"},{"taxonomy":"product_tag","embeddable":true,"href":"https:\/\/gooddealersmeds.com\/de\/wp-json\/wp\/v2\/product_tag?post=1965"}],"curies":[{"name":"wp","href":"https:\/\/api.w.org\/{rel}","templated":true}]}}