{"id":1951,"date":"2022-07-03T13:05:03","date_gmt":"2022-07-03T13:05:03","guid":{"rendered":"https:\/\/gooddealersmeds.com\/de\/?post_type=product&#038;p=1951"},"modified":"2022-12-22T22:11:53","modified_gmt":"2022-12-22T22:11:53","slug":"ritalin-pillen-kaufen","status":"publish","type":"product","link":"https:\/\/gooddealersmeds.com\/de\/product\/ritalin-pillen-kaufen\/","title":{"rendered":"Kaufen Sie Ritalin-Pillen"},"content":{"rendered":"<h2>Ritalin-Pillen zum Verkauf in unserem Online-Shop ohne Rezept.<\/h2>\n<p>Kaufen Sie Ritalin-Pillen ohne Rezept in unserem Online-Shop. <a href=\"https:\/\/de.wikipedia.org\/wiki\/Methylphenidat\">Ritalin Tablet<\/a> ist ein Stimulans des zentralen Nervensystems, das die Aufmerksamkeitsdefizit-Hyperaktivit\u00e4tsst\u00f6rung (ADHS) behandelt. Diese St\u00f6rung umfasst unkontrollierbare Handlungen, gr\u00f6\u00dfere Schwierigkeiten, sich zu konzentrieren und ruhig zu bleiben, verglichen mit anderen Menschen derselben Altersgruppe. Diese Pille behandelt auch Narkolepsie, eine Schlafst\u00f6rung, die pl\u00f6tzliche Schlafanf\u00e4lle und Tagesm\u00fcdigkeit verursacht. Diese Pille kann Ihnen auch helfen, Ihre Aufgaben zu organisieren und Ihr H\u00f6rverst\u00e4ndnis zu verbessern. Dar\u00fcber hinaus reduziert diese Tablette die Symptome von Verhaltensproblemen und erh\u00f6ht Ihre F\u00e4higkeit, konzentriert zu bleiben und aufmerksam zu sein. Ritalin wird auch in der Beratung oder anderen Therapien verwendet.<\/p>\n<p>Ritalin ist ein starkes Stimulans, das Ihnen helfen kann, die Symptome der Aufmerksamkeitsdefizitst\u00f6rung zu reduzieren. \u00c4rzte und Apotheker betrachten Ritalin als eines der wirksamsten Mittel gegen Tagesm\u00fcdigkeit oder unerwartete Schlafattacken. Ritalin ist innerhalb von zwanzig bis drei\u00dfig Minuten nach der Verabreichung wirksam und hat eine Halbwertszeit von etwa acht Stunden. Dar\u00fcber hinaus hilft Ihnen diese Pille, sich zu konzentrieren und auf Ihre Aufgaben zu achten.<\/p>\n<h3>Was ist Ritalin und wie wirkt es?<\/h3>\n<p>Ritalin ist eine der besten Optionen zur Vorbeugung und Behandlung von Aufmerksamkeitsdefizit-Hyperaktivit\u00e4tsst\u00f6rungen oder Schlafproblemen. Mit dieser Tablette k\u00f6nnen Sie die Menge an nat\u00fcrlichen Substanzen in Ihrem Gehirn ver\u00e4ndern. Dar\u00fcber hinaus gilt Ritalin als sicher f\u00fcr Kinder ab sechs Jahren, Erwachsene und \u00e4ltere Menschen mit Aufmerksamkeitsdefizit-Hyperaktivit\u00e4tsst\u00f6rung oder Schlafproblemen.<\/p>\n<p>Methylphenidathydrochlorid, der Wirkstoff in Ritalin, geh\u00f6rt zu einer Klasse von Medikamente, die als Stimulanzien des zentralen Nervensystems bekannt sind. Diese Stimulanzien erh\u00f6hen den Katecholaminspiegel (eine Chemikalie) in Ihrem Gehirn, was Energie, Wachsamkeit und Aufmerksamkeit steigert.<\/p>\n<p>Ritalin wirkt, indem es die Konzentration nat\u00fcrlicher Substanzen im Gehirn (Katecholamin) ver\u00e4ndert. Dieses Medikament hilft Ihnen auch, konzentriert zu bleiben, Ihre Aufmerksamkeit zu verbessern und Verhaltensprobleme zu bew\u00e4ltigen.<\/p>\n<p>Normalerweise wird empfohlen, Ritalin auf Anraten Ihres Arztes zu verwenden. Aber um die Aufmerksamkeitsdefizit-Hyperaktivit\u00e4tsst\u00f6rung oder pl\u00f6tzliche Schlafattacken zu behandeln, werden Sie Ritalin als Langzeitbehandlung verwenden. Sie k\u00f6nnen Ritalin-Tabletten in unserem <a href=\"https:\/\/gooddealersmeds.com\/de\/products\/\">Online-Shop<\/a> mit sicherem Versand kaufen. Kaufen Sie Ritalin-Pillen<\/p>\n<p>&nbsp;<\/p>\n","protected":false},"excerpt":{"rendered":"<p>Kaufen Sie Ritalin LA 10 mg Kapseln 30 online, jetzt verf\u00fcgbar. St\u00f6bern Sie in unserem Online-Shop. Holen Sie sich online Ritalin 100% Zufriedenheitsgarantie. Wie bekomme ich Ritalin ohne Rezept.<\/p>\n","protected":false},"featured_media":1963,"comment_status":"open","ping_status":"closed","template":"","meta":{"inline_featured_image":false},"product_brand":[],"product_cat":[346],"product_tag":[502,503,504,508,509,510,505,506,507,596,597,512,513,595,514],"class_list":{"0":"post-1951","1":"product","2":"type-product","3":"status-publish","4":"has-post-thumbnail","6":"product_cat-stimulanzien","7":"product_tag-buy-20mg-ritalin-online","8":"product_tag-buy-generic-ritalin-online","9":"product_tag-buy-online-prescription-ritalin-no-prescribed","10":"product_tag-buy-ritalin-online-forum","11":"product_tag-buy-ritalin-online-no-rx","12":"product_tag-buy-ritalin-pills","13":"product_tag-ritalin-10mg-online-kaufen","14":"product_tag-ritalin-10mg-online-in-den-usa-kaufen","15":"product_tag-ritalin-online-kaufen","16":"product_tag-kein-empfang-erforderlich","17":"product_tag-kein-rezept-erforderlich","18":"product_tag-reddit-kaufen-ritalin-online-ohne-rezept","19":"product_tag-ritalin-buy-online","20":"product_tag-wo-kann-man-ritalin-online-kaufen","21":"product_tag-wo-man-ritalin-online-kaufen-kann","23":"first","24":"instock","25":"shipping-taxable","26":"purchasable","27":"product-type-variable","28":"has-default-attributes"},"yoast_head":"<!-- This site is optimized with the Yoast SEO Premium plugin v20.6 (Yoast SEO v27.3) - https:\/\/yoast.com\/product\/yoast-seo-premium-wordpress\/ -->\n<title>Kaufen Sie Ritalin-Pillen - Ritalin zu verkaufen | Good Dealers Meds<\/title>\n<meta name=\"description\" content=\"Kaufen Sie Ritalin-Pillen 10mg Tabletten 30mg online. St\u00f6bern Sie in unserem Online-Shop ohne Rezept. Holen Sie sich Online Ritalin mit 100% Zufriedenheit.\" \/>\n<meta name=\"robots\" content=\"index, follow, max-snippet:-1, max-image-preview:large, max-video-preview:-1\" \/>\n<link rel=\"canonical\" href=\"https:\/\/gooddealersmeds.com\/de\/product\/ritalin-pillen-kaufen\/\" \/>\n<meta property=\"og:locale\" content=\"en_US\" \/>\n<meta property=\"og:type\" content=\"article\" \/>\n<meta property=\"og:title\" content=\"Kaufen Sie Ritalin-Pillen\" \/>\n<meta property=\"og:description\" content=\"Kaufen Sie Ritalin-Pillen 10mg Tabletten 30mg online. St\u00f6bern Sie in unserem Online-Shop ohne Rezept. Holen Sie sich Online Ritalin mit 100% Zufriedenheit.\" \/>\n<meta property=\"og:url\" content=\"https:\/\/gooddealersmeds.com\/de\/product\/ritalin-pillen-kaufen\/\" \/>\n<meta property=\"og:site_name\" content=\"Good Dealers Meds\" \/>\n<meta property=\"article:modified_time\" content=\"2022-12-22T22:11:53+00:00\" \/>\n<meta property=\"og:image\" content=\"https:\/\/gooddealersmeds.com\/de\/wp-content\/uploads\/sites\/3\/2022\/07\/buy-ritalin-online.jpg\" \/>\n\t<meta property=\"og:image:width\" content=\"1464\" \/>\n\t<meta property=\"og:image:height\" content=\"975\" \/>\n\t<meta property=\"og:image:type\" content=\"image\/jpeg\" \/>\n<meta name=\"twitter:card\" content=\"summary_large_image\" \/>\n<meta name=\"twitter:label1\" content=\"Est. reading time\" \/>\n\t<meta name=\"twitter:data1\" content=\"2 minutes\" \/>\n<script type=\"application\/ld+json\" class=\"yoast-schema-graph\">{\"@context\":\"https:\\\/\\\/schema.org\",\"@graph\":[{\"@type\":\"WebPage\",\"@id\":\"https:\\\/\\\/gooddealersmeds.com\\\/de\\\/product\\\/ritalin-pillen-kaufen\\\/\",\"url\":\"https:\\\/\\\/gooddealersmeds.com\\\/de\\\/product\\\/ritalin-pillen-kaufen\\\/\",\"name\":\"Kaufen Sie Ritalin-Pillen - Ritalin zu verkaufen | Good Dealers Meds\",\"isPartOf\":{\"@id\":\"https:\\\/\\\/gooddealersmeds.com\\\/de\\\/#website\"},\"primaryImageOfPage\":{\"@id\":\"https:\\\/\\\/gooddealersmeds.com\\\/de\\\/product\\\/ritalin-pillen-kaufen\\\/#primaryimage\"},\"image\":{\"@id\":\"https:\\\/\\\/gooddealersmeds.com\\\/de\\\/product\\\/ritalin-pillen-kaufen\\\/#primaryimage\"},\"thumbnailUrl\":\"https:\\\/\\\/gooddealersmeds.com\\\/de\\\/wp-content\\\/uploads\\\/sites\\\/3\\\/2022\\\/07\\\/buy-ritalin-online.jpg\",\"datePublished\":\"2022-07-03T13:05:03+00:00\",\"dateModified\":\"2022-12-22T22:11:53+00:00\",\"description\":\"Kaufen Sie Ritalin-Pillen 10mg Tabletten 30mg online. St\u00f6bern Sie in unserem Online-Shop ohne Rezept. Holen Sie sich Online Ritalin mit 100% Zufriedenheit.\",\"breadcrumb\":{\"@id\":\"https:\\\/\\\/gooddealersmeds.com\\\/de\\\/product\\\/ritalin-pillen-kaufen\\\/#breadcrumb\"},\"inLanguage\":\"en-US\",\"potentialAction\":[{\"@type\":\"ReadAction\",\"target\":[\"https:\\\/\\\/gooddealersmeds.com\\\/de\\\/product\\\/ritalin-pillen-kaufen\\\/\"]}]},{\"@type\":\"ImageObject\",\"inLanguage\":\"en-US\",\"@id\":\"https:\\\/\\\/gooddealersmeds.com\\\/de\\\/product\\\/ritalin-pillen-kaufen\\\/#primaryimage\",\"url\":\"https:\\\/\\\/gooddealersmeds.com\\\/de\\\/wp-content\\\/uploads\\\/sites\\\/3\\\/2022\\\/07\\\/buy-ritalin-online.jpg\",\"contentUrl\":\"https:\\\/\\\/gooddealersmeds.com\\\/de\\\/wp-content\\\/uploads\\\/sites\\\/3\\\/2022\\\/07\\\/buy-ritalin-online.jpg\",\"width\":1464,\"height\":975,\"caption\":\"Buy Ritalin Pills\"},{\"@type\":\"BreadcrumbList\",\"@id\":\"https:\\\/\\\/gooddealersmeds.com\\\/de\\\/product\\\/ritalin-pillen-kaufen\\\/#breadcrumb\",\"itemListElement\":[{\"@type\":\"ListItem\",\"position\":1,\"name\":\"Home\",\"item\":\"https:\\\/\\\/gooddealersmeds.com\\\/de\\\/\"},{\"@type\":\"ListItem\",\"position\":2,\"name\":\"Produkte\",\"item\":\"https:\\\/\\\/gooddealersmeds.com\\\/de\\\/produkte\\\/\"},{\"@type\":\"ListItem\",\"position\":3,\"name\":\"Kaufen Sie Ritalin-Pillen\"}]},{\"@type\":\"WebSite\",\"@id\":\"https:\\\/\\\/gooddealersmeds.com\\\/de\\\/#website\",\"url\":\"https:\\\/\\\/gooddealersmeds.com\\\/de\\\/\",\"name\":\"Good Dealers Meds\",\"description\":\"All our best\",\"publisher\":{\"@id\":\"https:\\\/\\\/gooddealersmeds.com\\\/de\\\/#organization\"},\"potentialAction\":[{\"@type\":\"SearchAction\",\"target\":{\"@type\":\"EntryPoint\",\"urlTemplate\":\"https:\\\/\\\/gooddealersmeds.com\\\/de\\\/?s={search_term_string}\"},\"query-input\":{\"@type\":\"PropertyValueSpecification\",\"valueRequired\":true,\"valueName\":\"search_term_string\"}}],\"inLanguage\":\"en-US\"},{\"@type\":\"Organization\",\"@id\":\"https:\\\/\\\/gooddealersmeds.com\\\/de\\\/#organization\",\"name\":\"Good Dealers Meds\",\"url\":\"https:\\\/\\\/gooddealersmeds.com\\\/de\\\/\",\"logo\":{\"@type\":\"ImageObject\",\"inLanguage\":\"en-US\",\"@id\":\"https:\\\/\\\/gooddealersmeds.com\\\/de\\\/#\\\/schema\\\/logo\\\/image\\\/\",\"url\":\"https:\\\/\\\/gooddealersmeds.com\\\/de\\\/wp-content\\\/uploads\\\/sites\\\/3\\\/2022\\\/03\\\/gooddealersmeds__logo__20220317T222800Z.00.png\",\"contentUrl\":\"https:\\\/\\\/gooddealersmeds.com\\\/de\\\/wp-content\\\/uploads\\\/sites\\\/3\\\/2022\\\/03\\\/gooddealersmeds__logo__20220317T222800Z.00.png\",\"width\":500,\"height\":325,\"caption\":\"Good Dealers Meds\"},\"image\":{\"@id\":\"https:\\\/\\\/gooddealersmeds.com\\\/de\\\/#\\\/schema\\\/logo\\\/image\\\/\"}}]}<\/script>\n<!-- \/ Yoast SEO Premium plugin. -->","yoast_head_json":{"title":"Kaufen Sie Ritalin-Pillen - Ritalin zu verkaufen | Good Dealers Meds","description":"Kaufen Sie Ritalin-Pillen 10mg Tabletten 30mg online. St\u00f6bern Sie in unserem Online-Shop ohne Rezept. Holen Sie sich Online Ritalin mit 100% Zufriedenheit.","robots":{"index":"index","follow":"follow","max-snippet":"max-snippet:-1","max-image-preview":"max-image-preview:large","max-video-preview":"max-video-preview:-1"},"canonical":"https:\/\/gooddealersmeds.com\/de\/product\/ritalin-pillen-kaufen\/","og_locale":"en_US","og_type":"article","og_title":"Kaufen Sie Ritalin-Pillen","og_description":"Kaufen Sie Ritalin-Pillen 10mg Tabletten 30mg online. St\u00f6bern Sie in unserem Online-Shop ohne Rezept. Holen Sie sich Online Ritalin mit 100% Zufriedenheit.","og_url":"https:\/\/gooddealersmeds.com\/de\/product\/ritalin-pillen-kaufen\/","og_site_name":"Good Dealers Meds","article_modified_time":"2022-12-22T22:11:53+00:00","og_image":[{"width":1464,"height":975,"url":"https:\/\/gooddealersmeds.com\/de\/wp-content\/uploads\/sites\/3\/2022\/07\/buy-ritalin-online.jpg","type":"image\/jpeg"}],"twitter_card":"summary_large_image","twitter_misc":{"Est. reading time":"2 minutes"},"schema":{"@context":"https:\/\/schema.org","@graph":[{"@type":"WebPage","@id":"https:\/\/gooddealersmeds.com\/de\/product\/ritalin-pillen-kaufen\/","url":"https:\/\/gooddealersmeds.com\/de\/product\/ritalin-pillen-kaufen\/","name":"Kaufen Sie Ritalin-Pillen - Ritalin zu verkaufen | Good Dealers Meds","isPartOf":{"@id":"https:\/\/gooddealersmeds.com\/de\/#website"},"primaryImageOfPage":{"@id":"https:\/\/gooddealersmeds.com\/de\/product\/ritalin-pillen-kaufen\/#primaryimage"},"image":{"@id":"https:\/\/gooddealersmeds.com\/de\/product\/ritalin-pillen-kaufen\/#primaryimage"},"thumbnailUrl":"https:\/\/gooddealersmeds.com\/de\/wp-content\/uploads\/sites\/3\/2022\/07\/buy-ritalin-online.jpg","datePublished":"2022-07-03T13:05:03+00:00","dateModified":"2022-12-22T22:11:53+00:00","description":"Kaufen Sie Ritalin-Pillen 10mg Tabletten 30mg online. St\u00f6bern Sie in unserem Online-Shop ohne Rezept. Holen Sie sich Online Ritalin mit 100% Zufriedenheit.","breadcrumb":{"@id":"https:\/\/gooddealersmeds.com\/de\/product\/ritalin-pillen-kaufen\/#breadcrumb"},"inLanguage":"en-US","potentialAction":[{"@type":"ReadAction","target":["https:\/\/gooddealersmeds.com\/de\/product\/ritalin-pillen-kaufen\/"]}]},{"@type":"ImageObject","inLanguage":"en-US","@id":"https:\/\/gooddealersmeds.com\/de\/product\/ritalin-pillen-kaufen\/#primaryimage","url":"https:\/\/gooddealersmeds.com\/de\/wp-content\/uploads\/sites\/3\/2022\/07\/buy-ritalin-online.jpg","contentUrl":"https:\/\/gooddealersmeds.com\/de\/wp-content\/uploads\/sites\/3\/2022\/07\/buy-ritalin-online.jpg","width":1464,"height":975,"caption":"Buy Ritalin Pills"},{"@type":"BreadcrumbList","@id":"https:\/\/gooddealersmeds.com\/de\/product\/ritalin-pillen-kaufen\/#breadcrumb","itemListElement":[{"@type":"ListItem","position":1,"name":"Home","item":"https:\/\/gooddealersmeds.com\/de\/"},{"@type":"ListItem","position":2,"name":"Produkte","item":"https:\/\/gooddealersmeds.com\/de\/produkte\/"},{"@type":"ListItem","position":3,"name":"Kaufen Sie Ritalin-Pillen"}]},{"@type":"WebSite","@id":"https:\/\/gooddealersmeds.com\/de\/#website","url":"https:\/\/gooddealersmeds.com\/de\/","name":"Good Dealers Meds","description":"All our best","publisher":{"@id":"https:\/\/gooddealersmeds.com\/de\/#organization"},"potentialAction":[{"@type":"SearchAction","target":{"@type":"EntryPoint","urlTemplate":"https:\/\/gooddealersmeds.com\/de\/?s={search_term_string}"},"query-input":{"@type":"PropertyValueSpecification","valueRequired":true,"valueName":"search_term_string"}}],"inLanguage":"en-US"},{"@type":"Organization","@id":"https:\/\/gooddealersmeds.com\/de\/#organization","name":"Good Dealers Meds","url":"https:\/\/gooddealersmeds.com\/de\/","logo":{"@type":"ImageObject","inLanguage":"en-US","@id":"https:\/\/gooddealersmeds.com\/de\/#\/schema\/logo\/image\/","url":"https:\/\/gooddealersmeds.com\/de\/wp-content\/uploads\/sites\/3\/2022\/03\/gooddealersmeds__logo__20220317T222800Z.00.png","contentUrl":"https:\/\/gooddealersmeds.com\/de\/wp-content\/uploads\/sites\/3\/2022\/03\/gooddealersmeds__logo__20220317T222800Z.00.png","width":500,"height":325,"caption":"Good Dealers Meds"},"image":{"@id":"https:\/\/gooddealersmeds.com\/de\/#\/schema\/logo\/image\/"}}]}},"_links":{"self":[{"href":"https:\/\/gooddealersmeds.com\/de\/wp-json\/wp\/v2\/product\/1951","targetHints":{"allow":["GET"]}}],"collection":[{"href":"https:\/\/gooddealersmeds.com\/de\/wp-json\/wp\/v2\/product"}],"about":[{"href":"https:\/\/gooddealersmeds.com\/de\/wp-json\/wp\/v2\/types\/product"}],"replies":[{"embeddable":true,"href":"https:\/\/gooddealersmeds.com\/de\/wp-json\/wp\/v2\/comments?post=1951"}],"wp:featuredmedia":[{"embeddable":true,"href":"https:\/\/gooddealersmeds.com\/de\/wp-json\/wp\/v2\/media\/1963"}],"wp:attachment":[{"href":"https:\/\/gooddealersmeds.com\/de\/wp-json\/wp\/v2\/media?parent=1951"}],"wp:term":[{"taxonomy":"product_brand","embeddable":true,"href":"https:\/\/gooddealersmeds.com\/de\/wp-json\/wp\/v2\/product_brand?post=1951"},{"taxonomy":"product_cat","embeddable":true,"href":"https:\/\/gooddealersmeds.com\/de\/wp-json\/wp\/v2\/product_cat?post=1951"},{"taxonomy":"product_tag","embeddable":true,"href":"https:\/\/gooddealersmeds.com\/de\/wp-json\/wp\/v2\/product_tag?post=1951"}],"curies":[{"name":"wp","href":"https:\/\/api.w.org\/{rel}","templated":true}]}}