{"id":1944,"date":"2022-07-03T12:27:49","date_gmt":"2022-07-03T12:27:49","guid":{"rendered":"https:\/\/gooddealersmeds.com\/de\/?post_type=product&#038;p=1944"},"modified":"2022-12-23T21:55:45","modified_gmt":"2022-12-23T21:55:45","slug":"kaufen-dexedrin-er-pillen-online","status":"publish","type":"product","link":"https:\/\/gooddealersmeds.com\/de\/product\/kaufen-dexedrin-er-pillen-online\/","title":{"rendered":"Kaufen Sie Dexedrin Er Pillen online"},"content":{"rendered":"<h2>Dexedrine Er Pills zum Verkauf in unserem Shop zu einem erschwinglichen Preis<\/h2>\n<p>Kaufen Sie Dexedrin er Pillen, Lieferung \u00fcber Nacht in alle europ\u00e4ischen Staaten m\u00f6glich. Dexedrin geh\u00f6rt zur Familie der Medikamente, die als Stimulanzien bekannt sind. Dexedrin (Dexamphetamin) ist ein Medikament, das zur Behandlung von Aufmerksamkeitsdefizit-Hyperaktivit\u00e4tsst\u00f6rung (ADHS) und Narkolepsie (Einschlafen zu unpassenden Zeiten ohne jegliche Kontrolle) verwendet wird. Es wirkt zur Behandlung von Narkolepsie, indem es als Gehirnstimulans wirkt. Sie k\u00f6nnen Dexedrine Er Pills online zum Verkauf bei Good Dealers Meds kaufen.<\/p>\n<p><strong>Verwendung von Dexedrin Er Pillen<\/strong><\/p>\n<p>Dieses Medikament wird zur Behandlung von ADHS, auch bekannt als Aufmerksamkeitsdefizit-Hyperaktivit\u00e4tsst\u00f6rung, verwendet. Es funktioniert, indem es die Konzentrationen bestimmter nat\u00fcrlicher Chemikalien im Gehirn ver\u00e4ndert. Dextroamphetamin ist eine Art von Medizin, die als Herzschrittmacher bekannt ist. Dies kann Ihnen helfen, Ihre F\u00e4higkeit zu verbessern, sich auf eine Aktivit\u00e4t zu konzentrieren und Verhaltensprobleme zu kontrollieren. Es kann Ihnen auch dabei helfen, Ihre Aufgaben zu organisieren und zu verbessern. Dieses Arzneimittel wird auch zur Behandlung von Schlafproblemen (Narkolepsie) angewendet, wodurch Sie den ganzen Tag \u00fcber wach bleiben k\u00f6nnen. Es sollte nicht verwendet werden, um Ersch\u00f6pfung zu heilen oder Menschen, die keine Schlafst\u00f6rung haben, vom Schlafen abzuhalten.<\/p>\n<h3>Zus\u00e4tzlich zu seiner gew\u00fcnschten Wirkung kann dieses Medikament einige Wirkungen haben, insbesondere:<\/h3>\n<ul>\n<li>Es kann Ihren Appetit verringern<\/li>\n<li>Es kann je nach Person Durchfall oder Verstopfung verursachen<\/li>\n<li>Es kann Kopfschmerzen verursachen<\/li>\n<li>Es kann verursachen Schlafst\u00f6rungen oder Schlaflosigkeit<\/li>\n<\/ul>\n<p><a href=\"https:\/\/gooddealersmeds.com\/de\/product\/buy-dexedrine-er-pills-online\/\">Dexedrine<\/a> Er Pillen sollten, wie die meisten Arzneimittel, bei Raumtemperatur gelagert werden. Es sollte an einem sicheren Ort fern von \u00fcberm\u00e4\u00dfiger Hitze, Feuchtigkeit und direkter Sonneneinstrahlung aufbewahrt werden. Stellen Sie sicher, dass alle Reste ordnungsgem\u00e4\u00df entsorgt werden.<\/p>\n<p>Nehmen Sie dieses Medikament mit oder ohne Nahrung ein, normalerweise 1 bis 3 Mal pro Tag, wie von Ihrem Arzt empfohlen. Die erste Dosis wird normalerweise morgens als erstes verabreicht. Wenn Ihr Arzt Ihnen mehr Dosen verschreibt, nehmen Sie diese wie angegeben ein, im Allgemeinen im Abstand von 4-6 Stunden. Die Einnahme dieses Medikaments sp\u00e4t am Tag kann das Schlafen erschweren.<\/p>\n<p>Sie k\u00f6nnen Dexedrine Er-Pillen (15-mg-Tabletten) online ohne Rezept (kein RX) bei Good Dealers Meds Online kaufen. Kaufen Sie Dexedrin er Pillen<\/p>\n","protected":false},"excerpt":{"rendered":"<p>Kaufen Sie Dexedrine Er Pillen online ohne Rezept. Bestellen Sie Dexedrin ganz schnell und einfach. Unser Lieferservice liefert Ihnen Ihre Bestellung f\u00fcr Dextroamphetamin in k\u00fcrzester Zeit!<\/p>\n","protected":false},"featured_media":1949,"comment_status":"open","ping_status":"closed","template":"","meta":{"inline_featured_image":false},"product_brand":[],"product_cat":[346],"product_tag":[499,500,491,496,497,498,492,494,493,495,501],"class_list":{"0":"post-1944","1":"product","2":"type-product","3":"status-publish","4":"has-post-thumbnail","6":"product_cat-stimulanzien","7":"product_tag-dextroamphetamin-5mg-anbieter","8":"product_tag-dexedrin-online-bestellen","9":"product_tag-buy-cheap-dexedrine","10":"product_tag-kaufen-dexedrin-australien","11":"product_tag-dexedrine-5mg-usa","12":"product_tag-dextroamphetamin-5mg-usa","13":"product_tag-kaufen-dexedrin-5mg-kanada","14":"product_tag-dexedrin-5mg-tabletten-online-kaufen","15":"product_tag-kaufen-dexedrin-5mg-online","16":"product_tag-kaufen-dexedrin-5mg-usa","17":"product_tag-kaufen-dexedrine-online","19":"first","20":"instock","21":"shipping-taxable","22":"purchasable","23":"product-type-variable","24":"has-default-attributes"},"yoast_head":"<!-- This site is optimized with the Yoast SEO Premium plugin v20.6 (Yoast SEO v27.3) - https:\/\/yoast.com\/product\/yoast-seo-premium-wordpress\/ -->\n<title>Kaufen Sie Dexedrin er Pillen online ohne Rezept | Good Dealers Meds<\/title>\n<meta name=\"description\" content=\"Kaufen Sie Dexedrin Er Pillen online ohne Rezept. Bestellen Sie Dexedrin online in unserem Online-Shop und erhalten Sie eine sehr schnelle Lieferung weltweit.\" \/>\n<meta name=\"robots\" content=\"index, follow, max-snippet:-1, max-image-preview:large, max-video-preview:-1\" \/>\n<link rel=\"canonical\" href=\"https:\/\/gooddealersmeds.com\/de\/product\/kaufen-dexedrin-er-pillen-online\/\" \/>\n<meta property=\"og:locale\" content=\"en_US\" \/>\n<meta property=\"og:type\" content=\"article\" \/>\n<meta property=\"og:title\" content=\"Kaufen Sie Dexedrin Er Pillen online\" \/>\n<meta property=\"og:description\" content=\"Kaufen Sie Dexedrin Er Pillen online ohne Rezept. Bestellen Sie Dexedrin online in unserem Online-Shop und erhalten Sie eine sehr schnelle Lieferung weltweit.\" \/>\n<meta property=\"og:url\" content=\"https:\/\/gooddealersmeds.com\/de\/product\/kaufen-dexedrin-er-pillen-online\/\" \/>\n<meta property=\"og:site_name\" content=\"Good Dealers Meds\" \/>\n<meta property=\"article:modified_time\" content=\"2022-12-23T21:55:45+00:00\" \/>\n<meta property=\"og:image\" content=\"https:\/\/gooddealersmeds.com\/de\/wp-content\/uploads\/sites\/3\/2022\/07\/Buy-Dexedrine-Er-Pills-Online.png\" \/>\n\t<meta property=\"og:image:width\" content=\"600\" \/>\n\t<meta property=\"og:image:height\" content=\"600\" \/>\n\t<meta property=\"og:image:type\" content=\"image\/png\" \/>\n<meta name=\"twitter:card\" content=\"summary_large_image\" \/>\n<meta name=\"twitter:label1\" content=\"Est. reading time\" \/>\n\t<meta name=\"twitter:data1\" content=\"2 minutes\" \/>\n<script type=\"application\/ld+json\" class=\"yoast-schema-graph\">{\"@context\":\"https:\\\/\\\/schema.org\",\"@graph\":[{\"@type\":\"WebPage\",\"@id\":\"https:\\\/\\\/gooddealersmeds.com\\\/de\\\/product\\\/kaufen-dexedrin-er-pillen-online\\\/\",\"url\":\"https:\\\/\\\/gooddealersmeds.com\\\/de\\\/product\\\/kaufen-dexedrin-er-pillen-online\\\/\",\"name\":\"Kaufen Sie Dexedrin er Pillen online ohne Rezept | Good Dealers Meds\",\"isPartOf\":{\"@id\":\"https:\\\/\\\/gooddealersmeds.com\\\/de\\\/#website\"},\"primaryImageOfPage\":{\"@id\":\"https:\\\/\\\/gooddealersmeds.com\\\/de\\\/product\\\/kaufen-dexedrin-er-pillen-online\\\/#primaryimage\"},\"image\":{\"@id\":\"https:\\\/\\\/gooddealersmeds.com\\\/de\\\/product\\\/kaufen-dexedrin-er-pillen-online\\\/#primaryimage\"},\"thumbnailUrl\":\"https:\\\/\\\/gooddealersmeds.com\\\/de\\\/wp-content\\\/uploads\\\/sites\\\/3\\\/2022\\\/07\\\/Buy-Dexedrine-Er-Pills-Online.png\",\"datePublished\":\"2022-07-03T12:27:49+00:00\",\"dateModified\":\"2022-12-23T21:55:45+00:00\",\"description\":\"Kaufen Sie Dexedrin Er Pillen online ohne Rezept. Bestellen Sie Dexedrin online in unserem Online-Shop und erhalten Sie eine sehr schnelle Lieferung weltweit.\",\"breadcrumb\":{\"@id\":\"https:\\\/\\\/gooddealersmeds.com\\\/de\\\/product\\\/kaufen-dexedrin-er-pillen-online\\\/#breadcrumb\"},\"inLanguage\":\"en-US\",\"potentialAction\":[{\"@type\":\"ReadAction\",\"target\":[\"https:\\\/\\\/gooddealersmeds.com\\\/de\\\/product\\\/kaufen-dexedrin-er-pillen-online\\\/\"]}]},{\"@type\":\"ImageObject\",\"inLanguage\":\"en-US\",\"@id\":\"https:\\\/\\\/gooddealersmeds.com\\\/de\\\/product\\\/kaufen-dexedrin-er-pillen-online\\\/#primaryimage\",\"url\":\"https:\\\/\\\/gooddealersmeds.com\\\/de\\\/wp-content\\\/uploads\\\/sites\\\/3\\\/2022\\\/07\\\/Buy-Dexedrine-Er-Pills-Online.png\",\"contentUrl\":\"https:\\\/\\\/gooddealersmeds.com\\\/de\\\/wp-content\\\/uploads\\\/sites\\\/3\\\/2022\\\/07\\\/Buy-Dexedrine-Er-Pills-Online.png\",\"width\":600,\"height\":600,\"caption\":\"Buy Dexedrine Er Pills Online\"},{\"@type\":\"BreadcrumbList\",\"@id\":\"https:\\\/\\\/gooddealersmeds.com\\\/de\\\/product\\\/kaufen-dexedrin-er-pillen-online\\\/#breadcrumb\",\"itemListElement\":[{\"@type\":\"ListItem\",\"position\":1,\"name\":\"Home\",\"item\":\"https:\\\/\\\/gooddealersmeds.com\\\/de\\\/\"},{\"@type\":\"ListItem\",\"position\":2,\"name\":\"Produkte\",\"item\":\"https:\\\/\\\/gooddealersmeds.com\\\/de\\\/produkte\\\/\"},{\"@type\":\"ListItem\",\"position\":3,\"name\":\"Kaufen Sie Dexedrin Er Pillen online\"}]},{\"@type\":\"WebSite\",\"@id\":\"https:\\\/\\\/gooddealersmeds.com\\\/de\\\/#website\",\"url\":\"https:\\\/\\\/gooddealersmeds.com\\\/de\\\/\",\"name\":\"Good Dealers Meds\",\"description\":\"All our best\",\"publisher\":{\"@id\":\"https:\\\/\\\/gooddealersmeds.com\\\/de\\\/#organization\"},\"potentialAction\":[{\"@type\":\"SearchAction\",\"target\":{\"@type\":\"EntryPoint\",\"urlTemplate\":\"https:\\\/\\\/gooddealersmeds.com\\\/de\\\/?s={search_term_string}\"},\"query-input\":{\"@type\":\"PropertyValueSpecification\",\"valueRequired\":true,\"valueName\":\"search_term_string\"}}],\"inLanguage\":\"en-US\"},{\"@type\":\"Organization\",\"@id\":\"https:\\\/\\\/gooddealersmeds.com\\\/de\\\/#organization\",\"name\":\"Good Dealers Meds\",\"url\":\"https:\\\/\\\/gooddealersmeds.com\\\/de\\\/\",\"logo\":{\"@type\":\"ImageObject\",\"inLanguage\":\"en-US\",\"@id\":\"https:\\\/\\\/gooddealersmeds.com\\\/de\\\/#\\\/schema\\\/logo\\\/image\\\/\",\"url\":\"https:\\\/\\\/gooddealersmeds.com\\\/de\\\/wp-content\\\/uploads\\\/sites\\\/3\\\/2022\\\/03\\\/gooddealersmeds__logo__20220317T222800Z.00.png\",\"contentUrl\":\"https:\\\/\\\/gooddealersmeds.com\\\/de\\\/wp-content\\\/uploads\\\/sites\\\/3\\\/2022\\\/03\\\/gooddealersmeds__logo__20220317T222800Z.00.png\",\"width\":500,\"height\":325,\"caption\":\"Good Dealers Meds\"},\"image\":{\"@id\":\"https:\\\/\\\/gooddealersmeds.com\\\/de\\\/#\\\/schema\\\/logo\\\/image\\\/\"}}]}<\/script>\n<!-- \/ Yoast SEO Premium plugin. -->","yoast_head_json":{"title":"Kaufen Sie Dexedrin er Pillen online ohne Rezept | Good Dealers Meds","description":"Kaufen Sie Dexedrin Er Pillen online ohne Rezept. Bestellen Sie Dexedrin online in unserem Online-Shop und erhalten Sie eine sehr schnelle Lieferung weltweit.","robots":{"index":"index","follow":"follow","max-snippet":"max-snippet:-1","max-image-preview":"max-image-preview:large","max-video-preview":"max-video-preview:-1"},"canonical":"https:\/\/gooddealersmeds.com\/de\/product\/kaufen-dexedrin-er-pillen-online\/","og_locale":"en_US","og_type":"article","og_title":"Kaufen Sie Dexedrin Er Pillen online","og_description":"Kaufen Sie Dexedrin Er Pillen online ohne Rezept. Bestellen Sie Dexedrin online in unserem Online-Shop und erhalten Sie eine sehr schnelle Lieferung weltweit.","og_url":"https:\/\/gooddealersmeds.com\/de\/product\/kaufen-dexedrin-er-pillen-online\/","og_site_name":"Good Dealers Meds","article_modified_time":"2022-12-23T21:55:45+00:00","og_image":[{"width":600,"height":600,"url":"https:\/\/gooddealersmeds.com\/de\/wp-content\/uploads\/sites\/3\/2022\/07\/Buy-Dexedrine-Er-Pills-Online.png","type":"image\/png"}],"twitter_card":"summary_large_image","twitter_misc":{"Est. reading time":"2 minutes"},"schema":{"@context":"https:\/\/schema.org","@graph":[{"@type":"WebPage","@id":"https:\/\/gooddealersmeds.com\/de\/product\/kaufen-dexedrin-er-pillen-online\/","url":"https:\/\/gooddealersmeds.com\/de\/product\/kaufen-dexedrin-er-pillen-online\/","name":"Kaufen Sie Dexedrin er Pillen online ohne Rezept | Good Dealers Meds","isPartOf":{"@id":"https:\/\/gooddealersmeds.com\/de\/#website"},"primaryImageOfPage":{"@id":"https:\/\/gooddealersmeds.com\/de\/product\/kaufen-dexedrin-er-pillen-online\/#primaryimage"},"image":{"@id":"https:\/\/gooddealersmeds.com\/de\/product\/kaufen-dexedrin-er-pillen-online\/#primaryimage"},"thumbnailUrl":"https:\/\/gooddealersmeds.com\/de\/wp-content\/uploads\/sites\/3\/2022\/07\/Buy-Dexedrine-Er-Pills-Online.png","datePublished":"2022-07-03T12:27:49+00:00","dateModified":"2022-12-23T21:55:45+00:00","description":"Kaufen Sie Dexedrin Er Pillen online ohne Rezept. Bestellen Sie Dexedrin online in unserem Online-Shop und erhalten Sie eine sehr schnelle Lieferung weltweit.","breadcrumb":{"@id":"https:\/\/gooddealersmeds.com\/de\/product\/kaufen-dexedrin-er-pillen-online\/#breadcrumb"},"inLanguage":"en-US","potentialAction":[{"@type":"ReadAction","target":["https:\/\/gooddealersmeds.com\/de\/product\/kaufen-dexedrin-er-pillen-online\/"]}]},{"@type":"ImageObject","inLanguage":"en-US","@id":"https:\/\/gooddealersmeds.com\/de\/product\/kaufen-dexedrin-er-pillen-online\/#primaryimage","url":"https:\/\/gooddealersmeds.com\/de\/wp-content\/uploads\/sites\/3\/2022\/07\/Buy-Dexedrine-Er-Pills-Online.png","contentUrl":"https:\/\/gooddealersmeds.com\/de\/wp-content\/uploads\/sites\/3\/2022\/07\/Buy-Dexedrine-Er-Pills-Online.png","width":600,"height":600,"caption":"Buy Dexedrine Er Pills Online"},{"@type":"BreadcrumbList","@id":"https:\/\/gooddealersmeds.com\/de\/product\/kaufen-dexedrin-er-pillen-online\/#breadcrumb","itemListElement":[{"@type":"ListItem","position":1,"name":"Home","item":"https:\/\/gooddealersmeds.com\/de\/"},{"@type":"ListItem","position":2,"name":"Produkte","item":"https:\/\/gooddealersmeds.com\/de\/produkte\/"},{"@type":"ListItem","position":3,"name":"Kaufen Sie Dexedrin Er Pillen online"}]},{"@type":"WebSite","@id":"https:\/\/gooddealersmeds.com\/de\/#website","url":"https:\/\/gooddealersmeds.com\/de\/","name":"Good Dealers Meds","description":"All our best","publisher":{"@id":"https:\/\/gooddealersmeds.com\/de\/#organization"},"potentialAction":[{"@type":"SearchAction","target":{"@type":"EntryPoint","urlTemplate":"https:\/\/gooddealersmeds.com\/de\/?s={search_term_string}"},"query-input":{"@type":"PropertyValueSpecification","valueRequired":true,"valueName":"search_term_string"}}],"inLanguage":"en-US"},{"@type":"Organization","@id":"https:\/\/gooddealersmeds.com\/de\/#organization","name":"Good Dealers Meds","url":"https:\/\/gooddealersmeds.com\/de\/","logo":{"@type":"ImageObject","inLanguage":"en-US","@id":"https:\/\/gooddealersmeds.com\/de\/#\/schema\/logo\/image\/","url":"https:\/\/gooddealersmeds.com\/de\/wp-content\/uploads\/sites\/3\/2022\/03\/gooddealersmeds__logo__20220317T222800Z.00.png","contentUrl":"https:\/\/gooddealersmeds.com\/de\/wp-content\/uploads\/sites\/3\/2022\/03\/gooddealersmeds__logo__20220317T222800Z.00.png","width":500,"height":325,"caption":"Good Dealers Meds"},"image":{"@id":"https:\/\/gooddealersmeds.com\/de\/#\/schema\/logo\/image\/"}}]}},"_links":{"self":[{"href":"https:\/\/gooddealersmeds.com\/de\/wp-json\/wp\/v2\/product\/1944","targetHints":{"allow":["GET"]}}],"collection":[{"href":"https:\/\/gooddealersmeds.com\/de\/wp-json\/wp\/v2\/product"}],"about":[{"href":"https:\/\/gooddealersmeds.com\/de\/wp-json\/wp\/v2\/types\/product"}],"replies":[{"embeddable":true,"href":"https:\/\/gooddealersmeds.com\/de\/wp-json\/wp\/v2\/comments?post=1944"}],"wp:featuredmedia":[{"embeddable":true,"href":"https:\/\/gooddealersmeds.com\/de\/wp-json\/wp\/v2\/media\/1949"}],"wp:attachment":[{"href":"https:\/\/gooddealersmeds.com\/de\/wp-json\/wp\/v2\/media?parent=1944"}],"wp:term":[{"taxonomy":"product_brand","embeddable":true,"href":"https:\/\/gooddealersmeds.com\/de\/wp-json\/wp\/v2\/product_brand?post=1944"},{"taxonomy":"product_cat","embeddable":true,"href":"https:\/\/gooddealersmeds.com\/de\/wp-json\/wp\/v2\/product_cat?post=1944"},{"taxonomy":"product_tag","embeddable":true,"href":"https:\/\/gooddealersmeds.com\/de\/wp-json\/wp\/v2\/product_tag?post=1944"}],"curies":[{"name":"wp","href":"https:\/\/api.w.org\/{rel}","templated":true}]}}