{"id":1938,"date":"2022-07-03T12:27:31","date_gmt":"2022-07-03T12:27:31","guid":{"rendered":"https:\/\/gooddealersmeds.com\/de\/?post_type=product&#038;p=1938"},"modified":"2022-12-23T21:54:58","modified_gmt":"2022-12-23T21:54:58","slug":"kaufen-dexedrin-5mg-pillen-online","status":"publish","type":"product","link":"https:\/\/gooddealersmeds.com\/de\/product\/kaufen-dexedrin-5mg-pillen-online\/","title":{"rendered":"Kaufen Sie Dexedrin 5 mg Tabletten online"},"content":{"rendered":"<h2>Bestellen Sie Dexedrin 5 mg Tabletten online in unserem Shop<\/h2>\n<p>Dexedrin ist ein Medikament zur Behandlung der Aufmerksamkeitsdefizit-Hyperaktivit\u00e4tsst\u00f6rung (<a href=\"https:\/\/de.wikipedia.org\/wiki\/Methylphenidat\">ADHS<\/a>). Es ist ein Amphetamin, was bedeutet, dass es wirkt, indem es das zentrale Nervensystem stimuliert. Kaufen Sie Dexedrin 5 mg Tabletten<\/p>\n<p>Dexedrin enth\u00e4lt D-Amphetaminsalze und wird oral oder durch Injektion verabreicht. Es kann mit oder ohne Nahrung eingenommen werden. Die empfohlene Dosierung f\u00fcr Erwachsene betr\u00e4gt 10 mg einmal t\u00e4glich, aber manche Menschen ben\u00f6tigen je nach ihren individuellen Bed\u00fcrfnissen mehr oder weniger. Es sollte jedoch beachtet werden, dass es gef\u00e4hrlich sein kann, wenn es in h\u00f6heren Dosen eingenommen wird, als von Ihrem Arzt verschrieben.<\/p>\n<p>Dexedrin ist in Tablettenform erh\u00e4ltlich und kann einmal t\u00e4glich eingenommen werden. Es ist in St\u00e4rken von 5 mg bis 60 mg pro Tag erh\u00e4ltlich. Die empfohlene Dosis h\u00e4ngt von Alter und Gewicht ab, aber die meisten Erwachsenen nehmen t\u00e4glich 15 mg oder weniger ein.<\/p>\n<p>&nbsp;<\/p>\n<p><strong>Warum Dexedrin 5 mg Tabletten online kaufen?<\/strong><\/p>\n<p>Vielleicht m\u00f6chten Sie Ihre verschreibungspflichtigen Medikamente online kaufen, wenn Sie etwas Geld sparen m\u00f6chten. Sie k\u00f6nnen beim Online-Kauf Rabatte erhalten, und es ist super einfach. Hier ist der Grund:<\/p>\n<p>Der Online-Kauf von Medikamenten kann den Preis drastisch senken.<br \/>\nSie haben mehr M\u00f6glichkeiten als je zuvor, da Drogerien alles von Generika bis hin zu Markenprodukten anbieten.<br \/>\nIn der Apotheke m\u00fcssen Sie nicht lange anstehen.<br \/>\nSie m\u00fcssen sich keine Sorgen machen, betrogen zu werden oder jemanden zu sehen, den Sie kennen, der versucht, Ihnen etwas zu verkaufen.<\/p>\n<h3>Wo kann man Dexedrin bestellen?<\/h3>\n<p>Viele Drogerien verkaufen Dexedrin 5 mg Tabletten online, aber nur, wenn sie Zugang zu qualitativ hochwertigen Lieferanten haben! Die gute Nachricht ist jedoch, dass Sie <a href=\"https:\/\/gooddealersmeds.com\/de\/product\/kaufen-dexedrin-5mg-pillen-online\/\">Dexedrin 5 mg Tabletten<\/a> auch online bei Good Dealers Meds kaufen k\u00f6nnen.<\/p>\n<p>Sie erhalten alle Details zu Ihrer Bestellung, bevor Sie mit dem Kaufvorgang fortfahren, sodass Sie sich um nichts k\u00fcmmern m\u00fcssen!<\/p>\n","protected":false},"excerpt":{"rendered":"<p>Kaufen Sie Dexedrin 5 mg Tabletten online ohne Rezept. Bestellen Sie Dexedrin ganz schnell und einfach. Unser Lieferservice liefert Ihnen Ihre Bestellung f\u00fcr Dextroamphetamin in k\u00fcrzester Zeit!<\/p>\n","protected":false},"featured_media":1943,"comment_status":"open","ping_status":"closed","template":"","meta":{"inline_featured_image":false},"product_brand":[],"product_cat":[346],"product_tag":[499,500,491,496,497,498,492,494,493,495,501],"class_list":{"0":"post-1938","1":"product","2":"type-product","3":"status-publish","4":"has-post-thumbnail","6":"product_cat-stimulanzien","7":"product_tag-dextroamphetamin-5mg-anbieter","8":"product_tag-dexedrin-online-bestellen","9":"product_tag-buy-cheap-dexedrine","10":"product_tag-kaufen-dexedrin-australien","11":"product_tag-dexedrine-5mg-usa","12":"product_tag-dextroamphetamin-5mg-usa","13":"product_tag-kaufen-dexedrin-5mg-kanada","14":"product_tag-dexedrin-5mg-tabletten-online-kaufen","15":"product_tag-kaufen-dexedrin-5mg-online","16":"product_tag-kaufen-dexedrin-5mg-usa","17":"product_tag-kaufen-dexedrine-online","19":"first","20":"instock","21":"shipping-taxable","22":"purchasable","23":"product-type-variable","24":"has-default-attributes"},"yoast_head":"<!-- This site is optimized with the Yoast SEO Premium plugin v20.6 (Yoast SEO v27.4) - https:\/\/yoast.com\/product\/yoast-seo-premium-wordpress\/ -->\n<title>Kaufen Sie Dexedrin 5 mg Tabletten online | Good Dealers Meds<\/title>\n<meta name=\"description\" content=\"Kaufen Sie Dexedrin 5 mg Tabletten online ohne Rezept. Bestellen Sie Dexedrin und erhalten Sie in k\u00fcrzester Zeit einen Lieferservice vor Ihrer Haust\u00fcr!\" \/>\n<meta name=\"robots\" content=\"index, follow, max-snippet:-1, max-image-preview:large, max-video-preview:-1\" \/>\n<link rel=\"canonical\" href=\"https:\/\/gooddealersmeds.com\/de\/product\/kaufen-dexedrin-5mg-pillen-online\/\" \/>\n<meta property=\"og:locale\" content=\"en_US\" \/>\n<meta property=\"og:type\" content=\"article\" \/>\n<meta property=\"og:title\" content=\"Kaufen Sie Dexedrin 5 mg Tabletten online\" \/>\n<meta property=\"og:description\" content=\"Kaufen Sie Dexedrin 5 mg Tabletten online ohne Rezept. Bestellen Sie Dexedrin und erhalten Sie in k\u00fcrzester Zeit einen Lieferservice vor Ihrer Haust\u00fcr!\" \/>\n<meta property=\"og:url\" content=\"https:\/\/gooddealersmeds.com\/de\/product\/kaufen-dexedrin-5mg-pillen-online\/\" \/>\n<meta property=\"og:site_name\" content=\"Good Dealers Meds\" \/>\n<meta property=\"article:modified_time\" content=\"2022-12-23T21:54:58+00:00\" \/>\n<meta property=\"og:image\" content=\"https:\/\/gooddealersmeds.com\/de\/wp-content\/uploads\/sites\/3\/2022\/07\/Buy-Dexedrine-5mg-Pills-Online.jpg\" \/>\n\t<meta property=\"og:image:width\" content=\"600\" \/>\n\t<meta property=\"og:image:height\" content=\"600\" \/>\n\t<meta property=\"og:image:type\" content=\"image\/jpeg\" \/>\n<meta name=\"twitter:card\" content=\"summary_large_image\" \/>\n<meta name=\"twitter:label1\" content=\"Est. reading time\" \/>\n\t<meta name=\"twitter:data1\" content=\"2 minutes\" \/>\n<script type=\"application\/ld+json\" class=\"yoast-schema-graph\">{\"@context\":\"https:\\\/\\\/schema.org\",\"@graph\":[{\"@type\":\"WebPage\",\"@id\":\"https:\\\/\\\/gooddealersmeds.com\\\/de\\\/product\\\/kaufen-dexedrin-5mg-pillen-online\\\/\",\"url\":\"https:\\\/\\\/gooddealersmeds.com\\\/de\\\/product\\\/kaufen-dexedrin-5mg-pillen-online\\\/\",\"name\":\"Kaufen Sie Dexedrin 5 mg Tabletten online | Good Dealers Meds\",\"isPartOf\":{\"@id\":\"https:\\\/\\\/gooddealersmeds.com\\\/de\\\/#website\"},\"primaryImageOfPage\":{\"@id\":\"https:\\\/\\\/gooddealersmeds.com\\\/de\\\/product\\\/kaufen-dexedrin-5mg-pillen-online\\\/#primaryimage\"},\"image\":{\"@id\":\"https:\\\/\\\/gooddealersmeds.com\\\/de\\\/product\\\/kaufen-dexedrin-5mg-pillen-online\\\/#primaryimage\"},\"thumbnailUrl\":\"https:\\\/\\\/gooddealersmeds.com\\\/de\\\/wp-content\\\/uploads\\\/sites\\\/3\\\/2022\\\/07\\\/Buy-Dexedrine-5mg-Pills-Online.jpg\",\"datePublished\":\"2022-07-03T12:27:31+00:00\",\"dateModified\":\"2022-12-23T21:54:58+00:00\",\"description\":\"Kaufen Sie Dexedrin 5 mg Tabletten online ohne Rezept. Bestellen Sie Dexedrin und erhalten Sie in k\u00fcrzester Zeit einen Lieferservice vor Ihrer Haust\u00fcr!\",\"breadcrumb\":{\"@id\":\"https:\\\/\\\/gooddealersmeds.com\\\/de\\\/product\\\/kaufen-dexedrin-5mg-pillen-online\\\/#breadcrumb\"},\"inLanguage\":\"en-US\",\"potentialAction\":[{\"@type\":\"ReadAction\",\"target\":[\"https:\\\/\\\/gooddealersmeds.com\\\/de\\\/product\\\/kaufen-dexedrin-5mg-pillen-online\\\/\"]}]},{\"@type\":\"ImageObject\",\"inLanguage\":\"en-US\",\"@id\":\"https:\\\/\\\/gooddealersmeds.com\\\/de\\\/product\\\/kaufen-dexedrin-5mg-pillen-online\\\/#primaryimage\",\"url\":\"https:\\\/\\\/gooddealersmeds.com\\\/de\\\/wp-content\\\/uploads\\\/sites\\\/3\\\/2022\\\/07\\\/Buy-Dexedrine-5mg-Pills-Online.jpg\",\"contentUrl\":\"https:\\\/\\\/gooddealersmeds.com\\\/de\\\/wp-content\\\/uploads\\\/sites\\\/3\\\/2022\\\/07\\\/Buy-Dexedrine-5mg-Pills-Online.jpg\",\"width\":600,\"height\":600,\"caption\":\"Buy Dexedrine 5mg Pills\"},{\"@type\":\"BreadcrumbList\",\"@id\":\"https:\\\/\\\/gooddealersmeds.com\\\/de\\\/product\\\/kaufen-dexedrin-5mg-pillen-online\\\/#breadcrumb\",\"itemListElement\":[{\"@type\":\"ListItem\",\"position\":1,\"name\":\"Home\",\"item\":\"https:\\\/\\\/gooddealersmeds.com\\\/de\\\/\"},{\"@type\":\"ListItem\",\"position\":2,\"name\":\"Produkte\",\"item\":\"https:\\\/\\\/gooddealersmeds.com\\\/de\\\/produkte\\\/\"},{\"@type\":\"ListItem\",\"position\":3,\"name\":\"Kaufen Sie Dexedrin 5 mg Tabletten online\"}]},{\"@type\":\"WebSite\",\"@id\":\"https:\\\/\\\/gooddealersmeds.com\\\/de\\\/#website\",\"url\":\"https:\\\/\\\/gooddealersmeds.com\\\/de\\\/\",\"name\":\"Good Dealers Meds\",\"description\":\"All our best\",\"publisher\":{\"@id\":\"https:\\\/\\\/gooddealersmeds.com\\\/de\\\/#organization\"},\"potentialAction\":[{\"@type\":\"SearchAction\",\"target\":{\"@type\":\"EntryPoint\",\"urlTemplate\":\"https:\\\/\\\/gooddealersmeds.com\\\/de\\\/?s={search_term_string}\"},\"query-input\":{\"@type\":\"PropertyValueSpecification\",\"valueRequired\":true,\"valueName\":\"search_term_string\"}}],\"inLanguage\":\"en-US\"},{\"@type\":\"Organization\",\"@id\":\"https:\\\/\\\/gooddealersmeds.com\\\/de\\\/#organization\",\"name\":\"Good Dealers Meds\",\"url\":\"https:\\\/\\\/gooddealersmeds.com\\\/de\\\/\",\"logo\":{\"@type\":\"ImageObject\",\"inLanguage\":\"en-US\",\"@id\":\"https:\\\/\\\/gooddealersmeds.com\\\/de\\\/#\\\/schema\\\/logo\\\/image\\\/\",\"url\":\"https:\\\/\\\/gooddealersmeds.com\\\/de\\\/wp-content\\\/uploads\\\/sites\\\/3\\\/2022\\\/03\\\/gooddealersmeds__logo__20220317T222800Z.00.png\",\"contentUrl\":\"https:\\\/\\\/gooddealersmeds.com\\\/de\\\/wp-content\\\/uploads\\\/sites\\\/3\\\/2022\\\/03\\\/gooddealersmeds__logo__20220317T222800Z.00.png\",\"width\":500,\"height\":325,\"caption\":\"Good Dealers Meds\"},\"image\":{\"@id\":\"https:\\\/\\\/gooddealersmeds.com\\\/de\\\/#\\\/schema\\\/logo\\\/image\\\/\"}}]}<\/script>\n<!-- \/ Yoast SEO Premium plugin. -->","yoast_head_json":{"title":"Kaufen Sie Dexedrin 5 mg Tabletten online | Good Dealers Meds","description":"Kaufen Sie Dexedrin 5 mg Tabletten online ohne Rezept. Bestellen Sie Dexedrin und erhalten Sie in k\u00fcrzester Zeit einen Lieferservice vor Ihrer Haust\u00fcr!","robots":{"index":"index","follow":"follow","max-snippet":"max-snippet:-1","max-image-preview":"max-image-preview:large","max-video-preview":"max-video-preview:-1"},"canonical":"https:\/\/gooddealersmeds.com\/de\/product\/kaufen-dexedrin-5mg-pillen-online\/","og_locale":"en_US","og_type":"article","og_title":"Kaufen Sie Dexedrin 5 mg Tabletten online","og_description":"Kaufen Sie Dexedrin 5 mg Tabletten online ohne Rezept. Bestellen Sie Dexedrin und erhalten Sie in k\u00fcrzester Zeit einen Lieferservice vor Ihrer Haust\u00fcr!","og_url":"https:\/\/gooddealersmeds.com\/de\/product\/kaufen-dexedrin-5mg-pillen-online\/","og_site_name":"Good Dealers Meds","article_modified_time":"2022-12-23T21:54:58+00:00","og_image":[{"width":600,"height":600,"url":"https:\/\/gooddealersmeds.com\/de\/wp-content\/uploads\/sites\/3\/2022\/07\/Buy-Dexedrine-5mg-Pills-Online.jpg","type":"image\/jpeg"}],"twitter_card":"summary_large_image","twitter_misc":{"Est. reading time":"2 minutes"},"schema":{"@context":"https:\/\/schema.org","@graph":[{"@type":"WebPage","@id":"https:\/\/gooddealersmeds.com\/de\/product\/kaufen-dexedrin-5mg-pillen-online\/","url":"https:\/\/gooddealersmeds.com\/de\/product\/kaufen-dexedrin-5mg-pillen-online\/","name":"Kaufen Sie Dexedrin 5 mg Tabletten online | Good Dealers Meds","isPartOf":{"@id":"https:\/\/gooddealersmeds.com\/de\/#website"},"primaryImageOfPage":{"@id":"https:\/\/gooddealersmeds.com\/de\/product\/kaufen-dexedrin-5mg-pillen-online\/#primaryimage"},"image":{"@id":"https:\/\/gooddealersmeds.com\/de\/product\/kaufen-dexedrin-5mg-pillen-online\/#primaryimage"},"thumbnailUrl":"https:\/\/gooddealersmeds.com\/de\/wp-content\/uploads\/sites\/3\/2022\/07\/Buy-Dexedrine-5mg-Pills-Online.jpg","datePublished":"2022-07-03T12:27:31+00:00","dateModified":"2022-12-23T21:54:58+00:00","description":"Kaufen Sie Dexedrin 5 mg Tabletten online ohne Rezept. Bestellen Sie Dexedrin und erhalten Sie in k\u00fcrzester Zeit einen Lieferservice vor Ihrer Haust\u00fcr!","breadcrumb":{"@id":"https:\/\/gooddealersmeds.com\/de\/product\/kaufen-dexedrin-5mg-pillen-online\/#breadcrumb"},"inLanguage":"en-US","potentialAction":[{"@type":"ReadAction","target":["https:\/\/gooddealersmeds.com\/de\/product\/kaufen-dexedrin-5mg-pillen-online\/"]}]},{"@type":"ImageObject","inLanguage":"en-US","@id":"https:\/\/gooddealersmeds.com\/de\/product\/kaufen-dexedrin-5mg-pillen-online\/#primaryimage","url":"https:\/\/gooddealersmeds.com\/de\/wp-content\/uploads\/sites\/3\/2022\/07\/Buy-Dexedrine-5mg-Pills-Online.jpg","contentUrl":"https:\/\/gooddealersmeds.com\/de\/wp-content\/uploads\/sites\/3\/2022\/07\/Buy-Dexedrine-5mg-Pills-Online.jpg","width":600,"height":600,"caption":"Buy Dexedrine 5mg Pills"},{"@type":"BreadcrumbList","@id":"https:\/\/gooddealersmeds.com\/de\/product\/kaufen-dexedrin-5mg-pillen-online\/#breadcrumb","itemListElement":[{"@type":"ListItem","position":1,"name":"Home","item":"https:\/\/gooddealersmeds.com\/de\/"},{"@type":"ListItem","position":2,"name":"Produkte","item":"https:\/\/gooddealersmeds.com\/de\/produkte\/"},{"@type":"ListItem","position":3,"name":"Kaufen Sie Dexedrin 5 mg Tabletten online"}]},{"@type":"WebSite","@id":"https:\/\/gooddealersmeds.com\/de\/#website","url":"https:\/\/gooddealersmeds.com\/de\/","name":"Good Dealers Meds","description":"All our best","publisher":{"@id":"https:\/\/gooddealersmeds.com\/de\/#organization"},"potentialAction":[{"@type":"SearchAction","target":{"@type":"EntryPoint","urlTemplate":"https:\/\/gooddealersmeds.com\/de\/?s={search_term_string}"},"query-input":{"@type":"PropertyValueSpecification","valueRequired":true,"valueName":"search_term_string"}}],"inLanguage":"en-US"},{"@type":"Organization","@id":"https:\/\/gooddealersmeds.com\/de\/#organization","name":"Good Dealers Meds","url":"https:\/\/gooddealersmeds.com\/de\/","logo":{"@type":"ImageObject","inLanguage":"en-US","@id":"https:\/\/gooddealersmeds.com\/de\/#\/schema\/logo\/image\/","url":"https:\/\/gooddealersmeds.com\/de\/wp-content\/uploads\/sites\/3\/2022\/03\/gooddealersmeds__logo__20220317T222800Z.00.png","contentUrl":"https:\/\/gooddealersmeds.com\/de\/wp-content\/uploads\/sites\/3\/2022\/03\/gooddealersmeds__logo__20220317T222800Z.00.png","width":500,"height":325,"caption":"Good Dealers Meds"},"image":{"@id":"https:\/\/gooddealersmeds.com\/de\/#\/schema\/logo\/image\/"}}]}},"_links":{"self":[{"href":"https:\/\/gooddealersmeds.com\/de\/wp-json\/wp\/v2\/product\/1938","targetHints":{"allow":["GET"]}}],"collection":[{"href":"https:\/\/gooddealersmeds.com\/de\/wp-json\/wp\/v2\/product"}],"about":[{"href":"https:\/\/gooddealersmeds.com\/de\/wp-json\/wp\/v2\/types\/product"}],"replies":[{"embeddable":true,"href":"https:\/\/gooddealersmeds.com\/de\/wp-json\/wp\/v2\/comments?post=1938"}],"wp:featuredmedia":[{"embeddable":true,"href":"https:\/\/gooddealersmeds.com\/de\/wp-json\/wp\/v2\/media\/1943"}],"wp:attachment":[{"href":"https:\/\/gooddealersmeds.com\/de\/wp-json\/wp\/v2\/media?parent=1938"}],"wp:term":[{"taxonomy":"product_brand","embeddable":true,"href":"https:\/\/gooddealersmeds.com\/de\/wp-json\/wp\/v2\/product_brand?post=1938"},{"taxonomy":"product_cat","embeddable":true,"href":"https:\/\/gooddealersmeds.com\/de\/wp-json\/wp\/v2\/product_cat?post=1938"},{"taxonomy":"product_tag","embeddable":true,"href":"https:\/\/gooddealersmeds.com\/de\/wp-json\/wp\/v2\/product_tag?post=1938"}],"curies":[{"name":"wp","href":"https:\/\/api.w.org\/{rel}","templated":true}]}}