{"id":1932,"date":"2022-07-03T12:18:16","date_gmt":"2022-07-03T12:18:16","guid":{"rendered":"https:\/\/gooddealersmeds.com\/de\/?post_type=product&#038;p=1932"},"modified":"2022-12-23T22:28:15","modified_gmt":"2022-12-23T22:28:15","slug":"4-fea-medikamente","status":"publish","type":"product","link":"https:\/\/gooddealersmeds.com\/de\/product\/4-fea-medikamente\/","title":{"rendered":"Kaufen Sie 4-FEA-Medikamente online"},"content":{"rendered":"<h2>Kaufen Sie 4-FEA-Medikamente online<\/h2>\n<p>Kortikosteroide sind eine Gruppe von Medikamenten, die seit Jahren zur Behandlung aller m\u00f6glichen Erkrankungen, Kaufen Sie 4-FEA online &#8211;\u00a0 einschlie\u00dflich Asthma und allergischer Reaktionen, verwendet werden. Sie werden auch zur Behandlung von bipolaren St\u00f6rungen und anderen psychischen Erkrankungen eingesetzt.<\/p>\n<p>Aber jetzt ist eine neue Generation von Kortikosteroiden verf\u00fcgbar \u2013 und sie ist sicherer denn je! Diese neuere Generation kommt in Form von <a href=\"https:\/\/gooddealersmeds.com\/de\/product\/4-fea-drugs\/\">4-FEA-Medikamenten<\/a> daher. Diese Medikamente sind so konzipiert, dass sie f\u00fcr Ihren K\u00f6rper schonender sind als andere herk\u00f6mmliche Kortikosteroide, sodass Sie sie verwenden k\u00f6nnen, ohne sich Gedanken \u00fcber Nebenwirkungen machen zu m\u00fcssen.<\/p>\n<p>Sie fragen sich: \u201eWie wirken 4-FEA-Medikamente?\u201c<\/p>\n<p>4-FEA-Medikamente wirken, indem sie Entz\u00fcndungen in Ihrem K\u00f6rper reduzieren. Sie reduzieren auch Schwellungen und helfen Ihrem Immunsystem, Infektionen abzuwehren. Da sie nicht die gleichen Nebenwirkungen haben wie andere medikament\u00f6se Behandlungsoptionen, sind sie perfekt f\u00fcr Menschen, die etwas wollen, das schnell wirkt, ohne Schmerzen oder Beschwerden zu verursachen.<\/p>\n<p>&nbsp;<\/p>\n<h3><strong>Warum 4-FEA-Medikamente online bestellen?<\/strong><\/h3>\n<p>&nbsp;<\/p>\n<p>Mit dem Online-Kauf von 4-FEA-Medikamenten sind keine Risiken verbunden, die bei Ihnen bestehen k\u00f6nnten Kaufen Sie sie pers\u00f6nlich.<\/p>\n<p>Der Online-Kauf von 4-FEA-Medikamenten kann billiger sein als der Kauf in einem B\u00fcro oder einer Apotheke. Wenn Sie sich nach Preisen f\u00fcr 4-FEA-Medikamente umsehen, achten Sie darauf, verschiedene Websites zu vergleichen und zu sehen, was sie zu bieten haben.<\/p>\n<p>Wenn Sie 4-FEA-Medikamente kaufen, k\u00f6nnen Sie auf alle Ihre Medikamente gleichzeitig zugreifen. Besonders wenn Sie Probleme haben, sich an die F\u00e4lligkeit Ihrer Rezepte zu erinnern, m\u00fcssen Sie nicht mehr mehrere Apotheken aufsuchen, um Ihre Medikamente zu erhalten.<\/p>\n<p>&nbsp;<\/p>\n<h4><strong>Wo Sie einkaufen k\u00f6nnen 4 -FEA-Medikamente online?<\/strong><\/h4>\n<p>&nbsp;<\/p>\n<p>Sie k\u00f6nnen 4-FEA-Medikamente online bei Good Dealers Meds zu erschwinglichen Preisen kaufen. Wir bieten Ihnen die besten Preise f\u00fcr Ihren Einkauf und k\u00fcmmern uns um alles, was Sie sich beim Online-Einkauf von Medikamenten w\u00fcnschen: zum Beispiel Qualit\u00e4t, Komfort und Privatsph\u00e4re.<\/p>\n","protected":false},"excerpt":{"rendered":"<p>4-FEA-Medikamente online kaufen ist ein Stimulans, das mit Methamphetamin und 4-Fluoramphetamin verwandt ist. Es wurde berichtet, dass es als Designerdroge verkauft wird, aber \u00fcber seine Pharmakologie oder Toxikologie ist wenig bekannt.<\/p>\n","protected":false},"featured_media":1937,"comment_status":"open","ping_status":"closed","template":"","meta":{"inline_featured_image":false},"product_brand":[],"product_cat":[344],"product_tag":[],"class_list":{"0":"post-1932","1":"product","2":"type-product","3":"status-publish","4":"has-post-thumbnail","6":"product_cat-forschungschemikalien","8":"first","9":"instock","10":"shipping-taxable","11":"purchasable","12":"product-type-variable","13":"has-default-attributes"},"yoast_head":"<!-- This site is optimized with the Yoast SEO Premium plugin v20.6 (Yoast SEO v27.3) - https:\/\/yoast.com\/product\/yoast-seo-premium-wordpress\/ -->\n<title>Kaufen Sie 4-FEA online | 4-FEA zu verkaufen | Good Dealers Meds<\/title>\n<meta name=\"description\" content=\"Kaufen Sie 4-FEA online ist ein Stimulans, das mit Methamphetamin und 4-Fluoramphetamin von Good Dealers Meds verwandt ist. 4-FEA-Medikamente zum Verkauf\" \/>\n<meta name=\"robots\" content=\"index, follow, max-snippet:-1, max-image-preview:large, max-video-preview:-1\" \/>\n<link rel=\"canonical\" href=\"https:\/\/gooddealersmeds.com\/de\/product\/4-fea-medikamente\/\" \/>\n<meta property=\"og:locale\" content=\"en_US\" \/>\n<meta property=\"og:type\" content=\"article\" \/>\n<meta property=\"og:title\" content=\"Kaufen Sie 4-FEA-Medikamente online\" \/>\n<meta property=\"og:description\" content=\"Kaufen Sie 4-FEA online ist ein Stimulans, das mit Methamphetamin und 4-Fluoramphetamin von Good Dealers Meds verwandt ist. 4-FEA-Medikamente zum Verkauf\" \/>\n<meta property=\"og:url\" content=\"https:\/\/gooddealersmeds.com\/de\/product\/4-fea-medikamente\/\" \/>\n<meta property=\"og:site_name\" content=\"Good Dealers Meds\" \/>\n<meta property=\"article:modified_time\" content=\"2022-12-23T22:28:15+00:00\" \/>\n<meta property=\"og:image\" content=\"https:\/\/gooddealersmeds.com\/de\/wp-content\/uploads\/sites\/3\/2022\/07\/4-FEA-Drugs.jpg\" \/>\n\t<meta property=\"og:image:width\" content=\"600\" \/>\n\t<meta property=\"og:image:height\" content=\"600\" \/>\n\t<meta property=\"og:image:type\" content=\"image\/jpeg\" \/>\n<meta name=\"twitter:card\" content=\"summary_large_image\" \/>\n<meta name=\"twitter:label1\" content=\"Est. reading time\" \/>\n\t<meta name=\"twitter:data1\" content=\"2 minutes\" \/>\n<script type=\"application\/ld+json\" class=\"yoast-schema-graph\">{\"@context\":\"https:\\\/\\\/schema.org\",\"@graph\":[{\"@type\":\"WebPage\",\"@id\":\"https:\\\/\\\/gooddealersmeds.com\\\/de\\\/product\\\/4-fea-medikamente\\\/\",\"url\":\"https:\\\/\\\/gooddealersmeds.com\\\/de\\\/product\\\/4-fea-medikamente\\\/\",\"name\":\"Kaufen Sie 4-FEA online | 4-FEA zu verkaufen | Good Dealers Meds\",\"isPartOf\":{\"@id\":\"https:\\\/\\\/gooddealersmeds.com\\\/de\\\/#website\"},\"primaryImageOfPage\":{\"@id\":\"https:\\\/\\\/gooddealersmeds.com\\\/de\\\/product\\\/4-fea-medikamente\\\/#primaryimage\"},\"image\":{\"@id\":\"https:\\\/\\\/gooddealersmeds.com\\\/de\\\/product\\\/4-fea-medikamente\\\/#primaryimage\"},\"thumbnailUrl\":\"https:\\\/\\\/gooddealersmeds.com\\\/de\\\/wp-content\\\/uploads\\\/sites\\\/3\\\/2022\\\/07\\\/4-FEA-Drugs.jpg\",\"datePublished\":\"2022-07-03T12:18:16+00:00\",\"dateModified\":\"2022-12-23T22:28:15+00:00\",\"description\":\"Kaufen Sie 4-FEA online ist ein Stimulans, das mit Methamphetamin und 4-Fluoramphetamin von Good Dealers Meds verwandt ist. 4-FEA-Medikamente zum Verkauf\",\"breadcrumb\":{\"@id\":\"https:\\\/\\\/gooddealersmeds.com\\\/de\\\/product\\\/4-fea-medikamente\\\/#breadcrumb\"},\"inLanguage\":\"en-US\",\"potentialAction\":[{\"@type\":\"ReadAction\",\"target\":[\"https:\\\/\\\/gooddealersmeds.com\\\/de\\\/product\\\/4-fea-medikamente\\\/\"]}]},{\"@type\":\"ImageObject\",\"inLanguage\":\"en-US\",\"@id\":\"https:\\\/\\\/gooddealersmeds.com\\\/de\\\/product\\\/4-fea-medikamente\\\/#primaryimage\",\"url\":\"https:\\\/\\\/gooddealersmeds.com\\\/de\\\/wp-content\\\/uploads\\\/sites\\\/3\\\/2022\\\/07\\\/4-FEA-Drugs.jpg\",\"contentUrl\":\"https:\\\/\\\/gooddealersmeds.com\\\/de\\\/wp-content\\\/uploads\\\/sites\\\/3\\\/2022\\\/07\\\/4-FEA-Drugs.jpg\",\"width\":600,\"height\":600,\"caption\":\"4-FEA Drugs\"},{\"@type\":\"BreadcrumbList\",\"@id\":\"https:\\\/\\\/gooddealersmeds.com\\\/de\\\/product\\\/4-fea-medikamente\\\/#breadcrumb\",\"itemListElement\":[{\"@type\":\"ListItem\",\"position\":1,\"name\":\"Home\",\"item\":\"https:\\\/\\\/gooddealersmeds.com\\\/de\\\/\"},{\"@type\":\"ListItem\",\"position\":2,\"name\":\"Produkte\",\"item\":\"https:\\\/\\\/gooddealersmeds.com\\\/de\\\/produkte\\\/\"},{\"@type\":\"ListItem\",\"position\":3,\"name\":\"Kaufen Sie 4-FEA-Medikamente online\"}]},{\"@type\":\"WebSite\",\"@id\":\"https:\\\/\\\/gooddealersmeds.com\\\/de\\\/#website\",\"url\":\"https:\\\/\\\/gooddealersmeds.com\\\/de\\\/\",\"name\":\"Good Dealers Meds\",\"description\":\"All our best\",\"publisher\":{\"@id\":\"https:\\\/\\\/gooddealersmeds.com\\\/de\\\/#organization\"},\"potentialAction\":[{\"@type\":\"SearchAction\",\"target\":{\"@type\":\"EntryPoint\",\"urlTemplate\":\"https:\\\/\\\/gooddealersmeds.com\\\/de\\\/?s={search_term_string}\"},\"query-input\":{\"@type\":\"PropertyValueSpecification\",\"valueRequired\":true,\"valueName\":\"search_term_string\"}}],\"inLanguage\":\"en-US\"},{\"@type\":\"Organization\",\"@id\":\"https:\\\/\\\/gooddealersmeds.com\\\/de\\\/#organization\",\"name\":\"Good Dealers Meds\",\"url\":\"https:\\\/\\\/gooddealersmeds.com\\\/de\\\/\",\"logo\":{\"@type\":\"ImageObject\",\"inLanguage\":\"en-US\",\"@id\":\"https:\\\/\\\/gooddealersmeds.com\\\/de\\\/#\\\/schema\\\/logo\\\/image\\\/\",\"url\":\"https:\\\/\\\/gooddealersmeds.com\\\/de\\\/wp-content\\\/uploads\\\/sites\\\/3\\\/2022\\\/03\\\/gooddealersmeds__logo__20220317T222800Z.00.png\",\"contentUrl\":\"https:\\\/\\\/gooddealersmeds.com\\\/de\\\/wp-content\\\/uploads\\\/sites\\\/3\\\/2022\\\/03\\\/gooddealersmeds__logo__20220317T222800Z.00.png\",\"width\":500,\"height\":325,\"caption\":\"Good Dealers Meds\"},\"image\":{\"@id\":\"https:\\\/\\\/gooddealersmeds.com\\\/de\\\/#\\\/schema\\\/logo\\\/image\\\/\"}}]}<\/script>\n<!-- \/ Yoast SEO Premium plugin. -->","yoast_head_json":{"title":"Kaufen Sie 4-FEA online | 4-FEA zu verkaufen | Good Dealers Meds","description":"Kaufen Sie 4-FEA online ist ein Stimulans, das mit Methamphetamin und 4-Fluoramphetamin von Good Dealers Meds verwandt ist. 4-FEA-Medikamente zum Verkauf","robots":{"index":"index","follow":"follow","max-snippet":"max-snippet:-1","max-image-preview":"max-image-preview:large","max-video-preview":"max-video-preview:-1"},"canonical":"https:\/\/gooddealersmeds.com\/de\/product\/4-fea-medikamente\/","og_locale":"en_US","og_type":"article","og_title":"Kaufen Sie 4-FEA-Medikamente online","og_description":"Kaufen Sie 4-FEA online ist ein Stimulans, das mit Methamphetamin und 4-Fluoramphetamin von Good Dealers Meds verwandt ist. 4-FEA-Medikamente zum Verkauf","og_url":"https:\/\/gooddealersmeds.com\/de\/product\/4-fea-medikamente\/","og_site_name":"Good Dealers Meds","article_modified_time":"2022-12-23T22:28:15+00:00","og_image":[{"width":600,"height":600,"url":"https:\/\/gooddealersmeds.com\/de\/wp-content\/uploads\/sites\/3\/2022\/07\/4-FEA-Drugs.jpg","type":"image\/jpeg"}],"twitter_card":"summary_large_image","twitter_misc":{"Est. reading time":"2 minutes"},"schema":{"@context":"https:\/\/schema.org","@graph":[{"@type":"WebPage","@id":"https:\/\/gooddealersmeds.com\/de\/product\/4-fea-medikamente\/","url":"https:\/\/gooddealersmeds.com\/de\/product\/4-fea-medikamente\/","name":"Kaufen Sie 4-FEA online | 4-FEA zu verkaufen | Good Dealers Meds","isPartOf":{"@id":"https:\/\/gooddealersmeds.com\/de\/#website"},"primaryImageOfPage":{"@id":"https:\/\/gooddealersmeds.com\/de\/product\/4-fea-medikamente\/#primaryimage"},"image":{"@id":"https:\/\/gooddealersmeds.com\/de\/product\/4-fea-medikamente\/#primaryimage"},"thumbnailUrl":"https:\/\/gooddealersmeds.com\/de\/wp-content\/uploads\/sites\/3\/2022\/07\/4-FEA-Drugs.jpg","datePublished":"2022-07-03T12:18:16+00:00","dateModified":"2022-12-23T22:28:15+00:00","description":"Kaufen Sie 4-FEA online ist ein Stimulans, das mit Methamphetamin und 4-Fluoramphetamin von Good Dealers Meds verwandt ist. 4-FEA-Medikamente zum Verkauf","breadcrumb":{"@id":"https:\/\/gooddealersmeds.com\/de\/product\/4-fea-medikamente\/#breadcrumb"},"inLanguage":"en-US","potentialAction":[{"@type":"ReadAction","target":["https:\/\/gooddealersmeds.com\/de\/product\/4-fea-medikamente\/"]}]},{"@type":"ImageObject","inLanguage":"en-US","@id":"https:\/\/gooddealersmeds.com\/de\/product\/4-fea-medikamente\/#primaryimage","url":"https:\/\/gooddealersmeds.com\/de\/wp-content\/uploads\/sites\/3\/2022\/07\/4-FEA-Drugs.jpg","contentUrl":"https:\/\/gooddealersmeds.com\/de\/wp-content\/uploads\/sites\/3\/2022\/07\/4-FEA-Drugs.jpg","width":600,"height":600,"caption":"4-FEA Drugs"},{"@type":"BreadcrumbList","@id":"https:\/\/gooddealersmeds.com\/de\/product\/4-fea-medikamente\/#breadcrumb","itemListElement":[{"@type":"ListItem","position":1,"name":"Home","item":"https:\/\/gooddealersmeds.com\/de\/"},{"@type":"ListItem","position":2,"name":"Produkte","item":"https:\/\/gooddealersmeds.com\/de\/produkte\/"},{"@type":"ListItem","position":3,"name":"Kaufen Sie 4-FEA-Medikamente online"}]},{"@type":"WebSite","@id":"https:\/\/gooddealersmeds.com\/de\/#website","url":"https:\/\/gooddealersmeds.com\/de\/","name":"Good Dealers Meds","description":"All our best","publisher":{"@id":"https:\/\/gooddealersmeds.com\/de\/#organization"},"potentialAction":[{"@type":"SearchAction","target":{"@type":"EntryPoint","urlTemplate":"https:\/\/gooddealersmeds.com\/de\/?s={search_term_string}"},"query-input":{"@type":"PropertyValueSpecification","valueRequired":true,"valueName":"search_term_string"}}],"inLanguage":"en-US"},{"@type":"Organization","@id":"https:\/\/gooddealersmeds.com\/de\/#organization","name":"Good Dealers Meds","url":"https:\/\/gooddealersmeds.com\/de\/","logo":{"@type":"ImageObject","inLanguage":"en-US","@id":"https:\/\/gooddealersmeds.com\/de\/#\/schema\/logo\/image\/","url":"https:\/\/gooddealersmeds.com\/de\/wp-content\/uploads\/sites\/3\/2022\/03\/gooddealersmeds__logo__20220317T222800Z.00.png","contentUrl":"https:\/\/gooddealersmeds.com\/de\/wp-content\/uploads\/sites\/3\/2022\/03\/gooddealersmeds__logo__20220317T222800Z.00.png","width":500,"height":325,"caption":"Good Dealers Meds"},"image":{"@id":"https:\/\/gooddealersmeds.com\/de\/#\/schema\/logo\/image\/"}}]}},"_links":{"self":[{"href":"https:\/\/gooddealersmeds.com\/de\/wp-json\/wp\/v2\/product\/1932","targetHints":{"allow":["GET"]}}],"collection":[{"href":"https:\/\/gooddealersmeds.com\/de\/wp-json\/wp\/v2\/product"}],"about":[{"href":"https:\/\/gooddealersmeds.com\/de\/wp-json\/wp\/v2\/types\/product"}],"replies":[{"embeddable":true,"href":"https:\/\/gooddealersmeds.com\/de\/wp-json\/wp\/v2\/comments?post=1932"}],"wp:featuredmedia":[{"embeddable":true,"href":"https:\/\/gooddealersmeds.com\/de\/wp-json\/wp\/v2\/media\/1937"}],"wp:attachment":[{"href":"https:\/\/gooddealersmeds.com\/de\/wp-json\/wp\/v2\/media?parent=1932"}],"wp:term":[{"taxonomy":"product_brand","embeddable":true,"href":"https:\/\/gooddealersmeds.com\/de\/wp-json\/wp\/v2\/product_brand?post=1932"},{"taxonomy":"product_cat","embeddable":true,"href":"https:\/\/gooddealersmeds.com\/de\/wp-json\/wp\/v2\/product_cat?post=1932"},{"taxonomy":"product_tag","embeddable":true,"href":"https:\/\/gooddealersmeds.com\/de\/wp-json\/wp\/v2\/product_tag?post=1932"}],"curies":[{"name":"wp","href":"https:\/\/api.w.org\/{rel}","templated":true}]}}