{"id":1925,"date":"2022-07-03T12:14:01","date_gmt":"2022-07-03T12:14:01","guid":{"rendered":"https:\/\/gooddealersmeds.com\/de\/?post_type=product&#038;p=1925"},"modified":"2022-12-26T10:51:24","modified_gmt":"2022-12-26T10:51:24","slug":"2-oxo-pce-medikamente","status":"publish","type":"product","link":"https:\/\/gooddealersmeds.com\/de\/product\/2-oxo-pce-medikamente\/","title":{"rendered":"Bestellen Sie 2 Oxo pce -Medikamente"},"content":{"rendered":"<h2>2 Oxo Pce-Medikamente zum Online-Verkauf<\/h2>\n<p>Oxo Pce-Medikamente sind eine Art von Medizin, die zur Behandlung von niedrigem Blutzucker verwendet werden kann. Kaufen Sie 2 Oxo-Pce, Sie wirken, indem sie der Bauchspeicheldr\u00fcse helfen, die Hormone Insulin und Glukagon herzustellen, die helfen, Ihren Blutzuckerspiegel stabil zu halten.<\/p>\n<p>Im Gegensatz zu den meisten anderen Entz\u00fcndungshemmern wirkt Oxo-Pce bei mehr als nur einer Art von Entz\u00fcndung. Es hilft bei rheumatoider Arthritis, Osteoarthritis und anderen entz\u00fcndlichen Erkrankungen wie Psoriasis und Gicht.<\/p>\n<p>Das Medikament hat sich auch bei der Verringerung der durch Osteoarthritis und rheumatoide Arthritis (RA) verursachten Morgensteifigkeit als wirksam erwiesen. Dies hilft Menschen, den ganzen Tag \u00fcber normal aufzustehen und zu funktionieren, ohne sich um steife Gelenke sorgen zu m\u00fcssen, die es schwierig machen, sich zu bewegen oder grundlegende Aufgaben wie das morgendliche Aufstehen aus dem Bett zu erledigen.<\/p>\n<p>&nbsp;<\/p>\n<p><strong>Warum 2 Oxo Pce-Medikamente online kaufen?<\/strong><\/p>\n<p>Die Hauptgr\u00fcnde f\u00fcr den Online-Kauf von 2 Oxo Pce-Medikamenten k\u00f6nnen drei sein:<\/p>\n<ul>\n<li>Bequemlichkeit<\/li>\n<li>Datenschutz<\/li>\n<li>Qualit\u00e4t<\/li>\n<\/ul>\n<p>Wenn Sie bei Ihrem Einkauf die beste Mischung aus all diesen drei Komponenten genie\u00dfen m\u00f6chten, m\u00fcssen Sie sich f\u00fcr den Online-Kauf entscheiden .<\/p>\n<p>&nbsp;<\/p>\n<p><strong>Der beste Ort, um 2 Oxo Pce-Medikamente online zu bestellen<\/strong><\/p>\n<p><strong>\u00a0<\/strong><\/p>\n<p><a href=\"https:\/\/gooddealersmeds.com\/de\/product\/2-oxo-pce-drugs\/\">Good Dealers Meds<\/a> ist der beste Ort, um 2 Oxo-PCE-Medikamente zu verkaufen online. Wir verkaufen eine gro\u00dfe Auswahl an verschiedenen Arten von Medikamenten, darunter 2 Oxo Pce Drugs, sodass Sie sicher finden, was Sie brauchen. Wenn Sie nach einer einfachen M\u00f6glichkeit suchen, Ihre Arthritissymptome zu behandeln, ohne jeden Monat einen Arm und ein Bein f\u00fcr verschreibungspflichtige Medikamente auszugeben, k\u00f6nnten 2 Oxo Pce Drugs genau das Richtige f\u00fcr Sie sein! Kaufen Sie 2 Oxo-Pce<\/p>\n","protected":false},"excerpt":{"rendered":"<p>Kaufen Sie 2\u2032-OXO-PCE-Medikamente online, es handelt sich um hochwertige Forschungschemikalien. Sie k\u00f6nnen 2\u2032-Oxo-PCE (Eticylidon, O-PCE) online zum Gro\u00dfhandelspreis vom Vertrauenslieferanten Virgin Health Pharmacy kaufen.<\/p>\n","protected":false},"featured_media":1931,"comment_status":"open","ping_status":"closed","template":"","meta":{"inline_featured_image":false},"product_brand":[],"product_cat":[344],"product_tag":[],"class_list":{"0":"post-1925","1":"product","2":"type-product","3":"status-publish","4":"has-post-thumbnail","6":"product_cat-forschungschemikalien","8":"first","9":"instock","10":"shipping-taxable","11":"purchasable","12":"product-type-variable","13":"has-default-attributes"},"yoast_head":"<!-- This site is optimized with the Yoast SEO Premium plugin v20.6 (Yoast SEO v27.3) - https:\/\/yoast.com\/product\/yoast-seo-premium-wordpress\/ -->\n<title>Kaufen Sie 2 Oxo-Pce - 2 Oxo PCE zum Verkauf | Good Dealers Meds<\/title>\n<meta name=\"description\" content=\"Kaufen Sie 2 Oxo-Pce online (auch als Eticcyclidone bekannt) zum Gro\u00dfhandelspreis von vertrauensw\u00fcrdigen Lieferanten mit h\u00f6chster Reinheit.\" \/>\n<meta name=\"robots\" content=\"index, follow, max-snippet:-1, max-image-preview:large, max-video-preview:-1\" \/>\n<link rel=\"canonical\" href=\"https:\/\/gooddealersmeds.com\/de\/product\/2-oxo-pce-medikamente\/\" \/>\n<meta property=\"og:locale\" content=\"en_US\" \/>\n<meta property=\"og:type\" content=\"article\" \/>\n<meta property=\"og:title\" content=\"Bestellen Sie 2 Oxo pce -Medikamente\" \/>\n<meta property=\"og:description\" content=\"Kaufen Sie 2 Oxo-Pce online (auch als Eticcyclidone bekannt) zum Gro\u00dfhandelspreis von vertrauensw\u00fcrdigen Lieferanten mit h\u00f6chster Reinheit.\" \/>\n<meta property=\"og:url\" content=\"https:\/\/gooddealersmeds.com\/de\/product\/2-oxo-pce-medikamente\/\" \/>\n<meta property=\"og:site_name\" content=\"Good Dealers Meds\" \/>\n<meta property=\"article:modified_time\" content=\"2022-12-26T10:51:24+00:00\" \/>\n<meta property=\"og:image\" content=\"https:\/\/gooddealersmeds.com\/de\/wp-content\/uploads\/sites\/3\/2022\/07\/2-Oxo-Pce-Drugs.jpg\" \/>\n\t<meta property=\"og:image:width\" content=\"600\" \/>\n\t<meta property=\"og:image:height\" content=\"600\" \/>\n\t<meta property=\"og:image:type\" content=\"image\/jpeg\" \/>\n<meta name=\"twitter:card\" content=\"summary_large_image\" \/>\n<meta name=\"twitter:label1\" content=\"Est. reading time\" \/>\n\t<meta name=\"twitter:data1\" content=\"1 minute\" \/>\n<script type=\"application\/ld+json\" class=\"yoast-schema-graph\">{\"@context\":\"https:\\\/\\\/schema.org\",\"@graph\":[{\"@type\":\"WebPage\",\"@id\":\"https:\\\/\\\/gooddealersmeds.com\\\/de\\\/product\\\/2-oxo-pce-medikamente\\\/\",\"url\":\"https:\\\/\\\/gooddealersmeds.com\\\/de\\\/product\\\/2-oxo-pce-medikamente\\\/\",\"name\":\"Kaufen Sie 2 Oxo-Pce - 2 Oxo PCE zum Verkauf | Good Dealers Meds\",\"isPartOf\":{\"@id\":\"https:\\\/\\\/gooddealersmeds.com\\\/de\\\/#website\"},\"primaryImageOfPage\":{\"@id\":\"https:\\\/\\\/gooddealersmeds.com\\\/de\\\/product\\\/2-oxo-pce-medikamente\\\/#primaryimage\"},\"image\":{\"@id\":\"https:\\\/\\\/gooddealersmeds.com\\\/de\\\/product\\\/2-oxo-pce-medikamente\\\/#primaryimage\"},\"thumbnailUrl\":\"https:\\\/\\\/gooddealersmeds.com\\\/de\\\/wp-content\\\/uploads\\\/sites\\\/3\\\/2022\\\/07\\\/2-Oxo-Pce-Drugs.jpg\",\"datePublished\":\"2022-07-03T12:14:01+00:00\",\"dateModified\":\"2022-12-26T10:51:24+00:00\",\"description\":\"Kaufen Sie 2 Oxo-Pce online (auch als Eticcyclidone bekannt) zum Gro\u00dfhandelspreis von vertrauensw\u00fcrdigen Lieferanten mit h\u00f6chster Reinheit.\",\"breadcrumb\":{\"@id\":\"https:\\\/\\\/gooddealersmeds.com\\\/de\\\/product\\\/2-oxo-pce-medikamente\\\/#breadcrumb\"},\"inLanguage\":\"en-US\",\"potentialAction\":[{\"@type\":\"ReadAction\",\"target\":[\"https:\\\/\\\/gooddealersmeds.com\\\/de\\\/product\\\/2-oxo-pce-medikamente\\\/\"]}]},{\"@type\":\"ImageObject\",\"inLanguage\":\"en-US\",\"@id\":\"https:\\\/\\\/gooddealersmeds.com\\\/de\\\/product\\\/2-oxo-pce-medikamente\\\/#primaryimage\",\"url\":\"https:\\\/\\\/gooddealersmeds.com\\\/de\\\/wp-content\\\/uploads\\\/sites\\\/3\\\/2022\\\/07\\\/2-Oxo-Pce-Drugs.jpg\",\"contentUrl\":\"https:\\\/\\\/gooddealersmeds.com\\\/de\\\/wp-content\\\/uploads\\\/sites\\\/3\\\/2022\\\/07\\\/2-Oxo-Pce-Drugs.jpg\",\"width\":600,\"height\":600,\"caption\":\"Buy 2 Oxo Pce Drugs Online\"},{\"@type\":\"BreadcrumbList\",\"@id\":\"https:\\\/\\\/gooddealersmeds.com\\\/de\\\/product\\\/2-oxo-pce-medikamente\\\/#breadcrumb\",\"itemListElement\":[{\"@type\":\"ListItem\",\"position\":1,\"name\":\"Home\",\"item\":\"https:\\\/\\\/gooddealersmeds.com\\\/de\\\/\"},{\"@type\":\"ListItem\",\"position\":2,\"name\":\"Produkte\",\"item\":\"https:\\\/\\\/gooddealersmeds.com\\\/de\\\/produkte\\\/\"},{\"@type\":\"ListItem\",\"position\":3,\"name\":\"Bestellen Sie 2 Oxo pce -Medikamente\"}]},{\"@type\":\"WebSite\",\"@id\":\"https:\\\/\\\/gooddealersmeds.com\\\/de\\\/#website\",\"url\":\"https:\\\/\\\/gooddealersmeds.com\\\/de\\\/\",\"name\":\"Good Dealers Meds\",\"description\":\"All our best\",\"publisher\":{\"@id\":\"https:\\\/\\\/gooddealersmeds.com\\\/de\\\/#organization\"},\"potentialAction\":[{\"@type\":\"SearchAction\",\"target\":{\"@type\":\"EntryPoint\",\"urlTemplate\":\"https:\\\/\\\/gooddealersmeds.com\\\/de\\\/?s={search_term_string}\"},\"query-input\":{\"@type\":\"PropertyValueSpecification\",\"valueRequired\":true,\"valueName\":\"search_term_string\"}}],\"inLanguage\":\"en-US\"},{\"@type\":\"Organization\",\"@id\":\"https:\\\/\\\/gooddealersmeds.com\\\/de\\\/#organization\",\"name\":\"Good Dealers Meds\",\"url\":\"https:\\\/\\\/gooddealersmeds.com\\\/de\\\/\",\"logo\":{\"@type\":\"ImageObject\",\"inLanguage\":\"en-US\",\"@id\":\"https:\\\/\\\/gooddealersmeds.com\\\/de\\\/#\\\/schema\\\/logo\\\/image\\\/\",\"url\":\"https:\\\/\\\/gooddealersmeds.com\\\/de\\\/wp-content\\\/uploads\\\/sites\\\/3\\\/2022\\\/03\\\/gooddealersmeds__logo__20220317T222800Z.00.png\",\"contentUrl\":\"https:\\\/\\\/gooddealersmeds.com\\\/de\\\/wp-content\\\/uploads\\\/sites\\\/3\\\/2022\\\/03\\\/gooddealersmeds__logo__20220317T222800Z.00.png\",\"width\":500,\"height\":325,\"caption\":\"Good Dealers Meds\"},\"image\":{\"@id\":\"https:\\\/\\\/gooddealersmeds.com\\\/de\\\/#\\\/schema\\\/logo\\\/image\\\/\"}}]}<\/script>\n<!-- \/ Yoast SEO Premium plugin. -->","yoast_head_json":{"title":"Kaufen Sie 2 Oxo-Pce - 2 Oxo PCE zum Verkauf | Good Dealers Meds","description":"Kaufen Sie 2 Oxo-Pce online (auch als Eticcyclidone bekannt) zum Gro\u00dfhandelspreis von vertrauensw\u00fcrdigen Lieferanten mit h\u00f6chster Reinheit.","robots":{"index":"index","follow":"follow","max-snippet":"max-snippet:-1","max-image-preview":"max-image-preview:large","max-video-preview":"max-video-preview:-1"},"canonical":"https:\/\/gooddealersmeds.com\/de\/product\/2-oxo-pce-medikamente\/","og_locale":"en_US","og_type":"article","og_title":"Bestellen Sie 2 Oxo pce -Medikamente","og_description":"Kaufen Sie 2 Oxo-Pce online (auch als Eticcyclidone bekannt) zum Gro\u00dfhandelspreis von vertrauensw\u00fcrdigen Lieferanten mit h\u00f6chster Reinheit.","og_url":"https:\/\/gooddealersmeds.com\/de\/product\/2-oxo-pce-medikamente\/","og_site_name":"Good Dealers Meds","article_modified_time":"2022-12-26T10:51:24+00:00","og_image":[{"width":600,"height":600,"url":"https:\/\/gooddealersmeds.com\/de\/wp-content\/uploads\/sites\/3\/2022\/07\/2-Oxo-Pce-Drugs.jpg","type":"image\/jpeg"}],"twitter_card":"summary_large_image","twitter_misc":{"Est. reading time":"1 minute"},"schema":{"@context":"https:\/\/schema.org","@graph":[{"@type":"WebPage","@id":"https:\/\/gooddealersmeds.com\/de\/product\/2-oxo-pce-medikamente\/","url":"https:\/\/gooddealersmeds.com\/de\/product\/2-oxo-pce-medikamente\/","name":"Kaufen Sie 2 Oxo-Pce - 2 Oxo PCE zum Verkauf | Good Dealers Meds","isPartOf":{"@id":"https:\/\/gooddealersmeds.com\/de\/#website"},"primaryImageOfPage":{"@id":"https:\/\/gooddealersmeds.com\/de\/product\/2-oxo-pce-medikamente\/#primaryimage"},"image":{"@id":"https:\/\/gooddealersmeds.com\/de\/product\/2-oxo-pce-medikamente\/#primaryimage"},"thumbnailUrl":"https:\/\/gooddealersmeds.com\/de\/wp-content\/uploads\/sites\/3\/2022\/07\/2-Oxo-Pce-Drugs.jpg","datePublished":"2022-07-03T12:14:01+00:00","dateModified":"2022-12-26T10:51:24+00:00","description":"Kaufen Sie 2 Oxo-Pce online (auch als Eticcyclidone bekannt) zum Gro\u00dfhandelspreis von vertrauensw\u00fcrdigen Lieferanten mit h\u00f6chster Reinheit.","breadcrumb":{"@id":"https:\/\/gooddealersmeds.com\/de\/product\/2-oxo-pce-medikamente\/#breadcrumb"},"inLanguage":"en-US","potentialAction":[{"@type":"ReadAction","target":["https:\/\/gooddealersmeds.com\/de\/product\/2-oxo-pce-medikamente\/"]}]},{"@type":"ImageObject","inLanguage":"en-US","@id":"https:\/\/gooddealersmeds.com\/de\/product\/2-oxo-pce-medikamente\/#primaryimage","url":"https:\/\/gooddealersmeds.com\/de\/wp-content\/uploads\/sites\/3\/2022\/07\/2-Oxo-Pce-Drugs.jpg","contentUrl":"https:\/\/gooddealersmeds.com\/de\/wp-content\/uploads\/sites\/3\/2022\/07\/2-Oxo-Pce-Drugs.jpg","width":600,"height":600,"caption":"Buy 2 Oxo Pce Drugs Online"},{"@type":"BreadcrumbList","@id":"https:\/\/gooddealersmeds.com\/de\/product\/2-oxo-pce-medikamente\/#breadcrumb","itemListElement":[{"@type":"ListItem","position":1,"name":"Home","item":"https:\/\/gooddealersmeds.com\/de\/"},{"@type":"ListItem","position":2,"name":"Produkte","item":"https:\/\/gooddealersmeds.com\/de\/produkte\/"},{"@type":"ListItem","position":3,"name":"Bestellen Sie 2 Oxo pce -Medikamente"}]},{"@type":"WebSite","@id":"https:\/\/gooddealersmeds.com\/de\/#website","url":"https:\/\/gooddealersmeds.com\/de\/","name":"Good Dealers Meds","description":"All our best","publisher":{"@id":"https:\/\/gooddealersmeds.com\/de\/#organization"},"potentialAction":[{"@type":"SearchAction","target":{"@type":"EntryPoint","urlTemplate":"https:\/\/gooddealersmeds.com\/de\/?s={search_term_string}"},"query-input":{"@type":"PropertyValueSpecification","valueRequired":true,"valueName":"search_term_string"}}],"inLanguage":"en-US"},{"@type":"Organization","@id":"https:\/\/gooddealersmeds.com\/de\/#organization","name":"Good Dealers Meds","url":"https:\/\/gooddealersmeds.com\/de\/","logo":{"@type":"ImageObject","inLanguage":"en-US","@id":"https:\/\/gooddealersmeds.com\/de\/#\/schema\/logo\/image\/","url":"https:\/\/gooddealersmeds.com\/de\/wp-content\/uploads\/sites\/3\/2022\/03\/gooddealersmeds__logo__20220317T222800Z.00.png","contentUrl":"https:\/\/gooddealersmeds.com\/de\/wp-content\/uploads\/sites\/3\/2022\/03\/gooddealersmeds__logo__20220317T222800Z.00.png","width":500,"height":325,"caption":"Good Dealers Meds"},"image":{"@id":"https:\/\/gooddealersmeds.com\/de\/#\/schema\/logo\/image\/"}}]}},"_links":{"self":[{"href":"https:\/\/gooddealersmeds.com\/de\/wp-json\/wp\/v2\/product\/1925","targetHints":{"allow":["GET"]}}],"collection":[{"href":"https:\/\/gooddealersmeds.com\/de\/wp-json\/wp\/v2\/product"}],"about":[{"href":"https:\/\/gooddealersmeds.com\/de\/wp-json\/wp\/v2\/types\/product"}],"replies":[{"embeddable":true,"href":"https:\/\/gooddealersmeds.com\/de\/wp-json\/wp\/v2\/comments?post=1925"}],"wp:featuredmedia":[{"embeddable":true,"href":"https:\/\/gooddealersmeds.com\/de\/wp-json\/wp\/v2\/media\/1931"}],"wp:attachment":[{"href":"https:\/\/gooddealersmeds.com\/de\/wp-json\/wp\/v2\/media?parent=1925"}],"wp:term":[{"taxonomy":"product_brand","embeddable":true,"href":"https:\/\/gooddealersmeds.com\/de\/wp-json\/wp\/v2\/product_brand?post=1925"},{"taxonomy":"product_cat","embeddable":true,"href":"https:\/\/gooddealersmeds.com\/de\/wp-json\/wp\/v2\/product_cat?post=1925"},{"taxonomy":"product_tag","embeddable":true,"href":"https:\/\/gooddealersmeds.com\/de\/wp-json\/wp\/v2\/product_tag?post=1925"}],"curies":[{"name":"wp","href":"https:\/\/api.w.org\/{rel}","templated":true}]}}