{"id":1918,"date":"2022-07-03T12:09:15","date_gmt":"2022-07-03T12:09:15","guid":{"rendered":"https:\/\/gooddealersmeds.com\/de\/?post_type=product&#038;p=1918"},"modified":"2022-12-26T10:54:40","modified_gmt":"2022-12-26T10:54:40","slug":"2-a1mp-medikament","status":"publish","type":"product","link":"https:\/\/gooddealersmeds.com\/de\/product\/2-a1mp-medikament\/","title":{"rendered":"2- A1MP-Medikament zum Verkauf"},"content":{"rendered":"<h2>Kaufen Sie Qualit\u00e4t 2-A1MP-Medikament online<\/h2>\n<p>Vielleicht haben Sie schon einmal von <a href=\"https:\/\/en.wikipedia.org\/wiki\/5-Methoxymethylone\">2-A1MP<\/a> geh\u00f6rt, aber was ist das? Es ist ein von der FDA zugelassenes Medikament, das zur Behandlung von Menschen mit Typ-2-Diabetes eingesetzt wird. Es wirkt, indem es den Blutzuckerspiegel senkt \u2013 und es hat sich in klinischen Studien als sicher und wirksam erwiesen. Wo kann man 2-A1MP kaufen<\/p>\n<p>2-A1MP-Medikament online\u00a0ist ein Medikament, das zur Behandlung von Brustkrebs eingesetzt werden kann. Das Medikament reduziert das Risiko eines erneuten Auftretens von Brustkrebs und verbessert dessen Fortschreiten. Es wirkt, indem es \u00d6strogenrezeptoren hemmt und die Wirkung von \u00d6strogen auf Gewebe im K\u00f6rper blockiert. Das Medikament hilft auch bei der Reduzierung von Entz\u00fcndungen und verhindert die Ausbreitung von Krebszellen.<\/p>\n<p>&nbsp;<\/p>\n<p><strong>Warum 2-A1MP Drugs Online bestellen?<\/strong><\/p>\n<p>Wenn Sie auf der Suche nach einem Produkt sind, das von der FDA zugelassen wurde und bei der Behandlung Ihrer Erkrankung wirksam ist, sollten Sie den Kauf von 2- A1MP Drug Online in Betracht ziehen. Dieses Medikament kann Ihnen helfen, eine bessere Blutzuckerkontrolle zu erreichen und Ihr Risiko f\u00fcr Komplikationen durch Diabetes zu senken. Es hat auch geringere Nebenwirkungen als andere Medikamente auf dem heutigen Markt.<\/p>\n<p><strong>\u00a0<\/strong><\/p>\n<p><strong>Was ist der beste Ort, um 2-A1MP Drug Online zu kaufen?\u00a0<\/strong><\/p>\n<p>Sie k\u00f6nnen 2- A1MP Drug online an vielen verschiedenen Orten kaufen. Sie k\u00f6nnen es bei Ihrem Arzt oder \u00fcber eine Apotheke wie CVS Health oder Walgreens kaufen. Wenn dies f\u00fcr Sie keine Option ist, empfehlen wir die Verwendung einer Online-Apotheke wie Good Dealers Meds.<\/p>\n<p>Der beste Ort, um dieses Medikament zu kaufen, ist online unter <a href=\"https:\/\/gooddealersmeds.com\/de\/product\/2-a1mp-medikament\/\">Good Dealers Meds<\/a>, weil es zu einem g\u00fcnstigeren Preis mit qualitativ besseren Produkten und Dienstleistungen erh\u00e4ltlich ist. Wo kann man 2-A1MP kaufen<\/p>\n<p>&nbsp;<\/p>\n","protected":false},"excerpt":{"rendered":"<p>2-A1MP-Medikament online kaufen ist eine chemische Verbindung der Cathinon-Klasse, die online als Designerdroge verkauft wurde. Es ist die Beta-Keton-Version von 5-Methoxy-MDMA.<\/p>\n","protected":false},"featured_media":1924,"comment_status":"open","ping_status":"closed","template":"","meta":{"inline_featured_image":false},"product_brand":[],"product_cat":[344],"product_tag":[],"class_list":{"0":"post-1918","1":"product","2":"type-product","3":"status-publish","4":"has-post-thumbnail","6":"product_cat-forschungschemikalien","8":"first","9":"instock","10":"shipping-taxable","11":"purchasable","12":"product-type-variable","13":"has-default-attributes"},"yoast_head":"<!-- This site is optimized with the Yoast SEO Premium plugin v20.6 (Yoast SEO v27.3) - https:\/\/yoast.com\/product\/yoast-seo-premium-wordpress\/ -->\n<title>Wo kann man 2-A1MP kaufen - Bestellen 2-A1MP | Good Dealers Meds<\/title>\n<meta name=\"description\" content=\"Wo kann man 2-A1MP kaufen (allgemein bekannt als 5-Methoxymethylon) online zum Gro\u00dfhandelspreis von vertrauensw\u00fcrdigen Lieferanten mit h\u00f6chster Reinheit.\" \/>\n<meta name=\"robots\" content=\"index, follow, max-snippet:-1, max-image-preview:large, max-video-preview:-1\" \/>\n<link rel=\"canonical\" href=\"https:\/\/gooddealersmeds.com\/de\/product\/2-a1mp-medikament\/\" \/>\n<meta property=\"og:locale\" content=\"en_US\" \/>\n<meta property=\"og:type\" content=\"article\" \/>\n<meta property=\"og:title\" content=\"2- A1MP-Medikament zum Verkauf\" \/>\n<meta property=\"og:description\" content=\"Wo kann man 2-A1MP kaufen (allgemein bekannt als 5-Methoxymethylon) online zum Gro\u00dfhandelspreis von vertrauensw\u00fcrdigen Lieferanten mit h\u00f6chster Reinheit.\" \/>\n<meta property=\"og:url\" content=\"https:\/\/gooddealersmeds.com\/de\/product\/2-a1mp-medikament\/\" \/>\n<meta property=\"og:site_name\" content=\"Good Dealers Meds\" \/>\n<meta property=\"article:modified_time\" content=\"2022-12-26T10:54:40+00:00\" \/>\n<meta property=\"og:image\" content=\"https:\/\/gooddealersmeds.com\/de\/wp-content\/uploads\/sites\/3\/2022\/07\/Buy-2-A1MP-drug-online.jpg\" \/>\n\t<meta property=\"og:image:width\" content=\"600\" \/>\n\t<meta property=\"og:image:height\" content=\"600\" \/>\n\t<meta property=\"og:image:type\" content=\"image\/jpeg\" \/>\n<meta name=\"twitter:card\" content=\"summary_large_image\" \/>\n<meta name=\"twitter:label1\" content=\"Est. reading time\" \/>\n\t<meta name=\"twitter:data1\" content=\"1 minute\" \/>\n<script type=\"application\/ld+json\" class=\"yoast-schema-graph\">{\"@context\":\"https:\\\/\\\/schema.org\",\"@graph\":[{\"@type\":\"WebPage\",\"@id\":\"https:\\\/\\\/gooddealersmeds.com\\\/de\\\/product\\\/2-a1mp-medikament\\\/\",\"url\":\"https:\\\/\\\/gooddealersmeds.com\\\/de\\\/product\\\/2-a1mp-medikament\\\/\",\"name\":\"Wo kann man 2-A1MP kaufen - Bestellen 2-A1MP | Good Dealers Meds\",\"isPartOf\":{\"@id\":\"https:\\\/\\\/gooddealersmeds.com\\\/de\\\/#website\"},\"primaryImageOfPage\":{\"@id\":\"https:\\\/\\\/gooddealersmeds.com\\\/de\\\/product\\\/2-a1mp-medikament\\\/#primaryimage\"},\"image\":{\"@id\":\"https:\\\/\\\/gooddealersmeds.com\\\/de\\\/product\\\/2-a1mp-medikament\\\/#primaryimage\"},\"thumbnailUrl\":\"https:\\\/\\\/gooddealersmeds.com\\\/de\\\/wp-content\\\/uploads\\\/sites\\\/3\\\/2022\\\/07\\\/Buy-2-A1MP-drug-online.jpg\",\"datePublished\":\"2022-07-03T12:09:15+00:00\",\"dateModified\":\"2022-12-26T10:54:40+00:00\",\"description\":\"Wo kann man 2-A1MP kaufen (allgemein bekannt als 5-Methoxymethylon) online zum Gro\u00dfhandelspreis von vertrauensw\u00fcrdigen Lieferanten mit h\u00f6chster Reinheit.\",\"breadcrumb\":{\"@id\":\"https:\\\/\\\/gooddealersmeds.com\\\/de\\\/product\\\/2-a1mp-medikament\\\/#breadcrumb\"},\"inLanguage\":\"en-US\",\"potentialAction\":[{\"@type\":\"ReadAction\",\"target\":[\"https:\\\/\\\/gooddealersmeds.com\\\/de\\\/product\\\/2-a1mp-medikament\\\/\"]}]},{\"@type\":\"ImageObject\",\"inLanguage\":\"en-US\",\"@id\":\"https:\\\/\\\/gooddealersmeds.com\\\/de\\\/product\\\/2-a1mp-medikament\\\/#primaryimage\",\"url\":\"https:\\\/\\\/gooddealersmeds.com\\\/de\\\/wp-content\\\/uploads\\\/sites\\\/3\\\/2022\\\/07\\\/Buy-2-A1MP-drug-online.jpg\",\"contentUrl\":\"https:\\\/\\\/gooddealersmeds.com\\\/de\\\/wp-content\\\/uploads\\\/sites\\\/3\\\/2022\\\/07\\\/Buy-2-A1MP-drug-online.jpg\",\"width\":600,\"height\":600,\"caption\":\"Buy 2-A1MP drug online\"},{\"@type\":\"BreadcrumbList\",\"@id\":\"https:\\\/\\\/gooddealersmeds.com\\\/de\\\/product\\\/2-a1mp-medikament\\\/#breadcrumb\",\"itemListElement\":[{\"@type\":\"ListItem\",\"position\":1,\"name\":\"Home\",\"item\":\"https:\\\/\\\/gooddealersmeds.com\\\/de\\\/\"},{\"@type\":\"ListItem\",\"position\":2,\"name\":\"Produkte\",\"item\":\"https:\\\/\\\/gooddealersmeds.com\\\/de\\\/produkte\\\/\"},{\"@type\":\"ListItem\",\"position\":3,\"name\":\"2- A1MP-Medikament zum Verkauf\"}]},{\"@type\":\"WebSite\",\"@id\":\"https:\\\/\\\/gooddealersmeds.com\\\/de\\\/#website\",\"url\":\"https:\\\/\\\/gooddealersmeds.com\\\/de\\\/\",\"name\":\"Good Dealers Meds\",\"description\":\"All our best\",\"publisher\":{\"@id\":\"https:\\\/\\\/gooddealersmeds.com\\\/de\\\/#organization\"},\"potentialAction\":[{\"@type\":\"SearchAction\",\"target\":{\"@type\":\"EntryPoint\",\"urlTemplate\":\"https:\\\/\\\/gooddealersmeds.com\\\/de\\\/?s={search_term_string}\"},\"query-input\":{\"@type\":\"PropertyValueSpecification\",\"valueRequired\":true,\"valueName\":\"search_term_string\"}}],\"inLanguage\":\"en-US\"},{\"@type\":\"Organization\",\"@id\":\"https:\\\/\\\/gooddealersmeds.com\\\/de\\\/#organization\",\"name\":\"Good Dealers Meds\",\"url\":\"https:\\\/\\\/gooddealersmeds.com\\\/de\\\/\",\"logo\":{\"@type\":\"ImageObject\",\"inLanguage\":\"en-US\",\"@id\":\"https:\\\/\\\/gooddealersmeds.com\\\/de\\\/#\\\/schema\\\/logo\\\/image\\\/\",\"url\":\"https:\\\/\\\/gooddealersmeds.com\\\/de\\\/wp-content\\\/uploads\\\/sites\\\/3\\\/2022\\\/03\\\/gooddealersmeds__logo__20220317T222800Z.00.png\",\"contentUrl\":\"https:\\\/\\\/gooddealersmeds.com\\\/de\\\/wp-content\\\/uploads\\\/sites\\\/3\\\/2022\\\/03\\\/gooddealersmeds__logo__20220317T222800Z.00.png\",\"width\":500,\"height\":325,\"caption\":\"Good Dealers Meds\"},\"image\":{\"@id\":\"https:\\\/\\\/gooddealersmeds.com\\\/de\\\/#\\\/schema\\\/logo\\\/image\\\/\"}}]}<\/script>\n<!-- \/ Yoast SEO Premium plugin. -->","yoast_head_json":{"title":"Wo kann man 2-A1MP kaufen - Bestellen 2-A1MP | Good Dealers Meds","description":"Wo kann man 2-A1MP kaufen (allgemein bekannt als 5-Methoxymethylon) online zum Gro\u00dfhandelspreis von vertrauensw\u00fcrdigen Lieferanten mit h\u00f6chster Reinheit.","robots":{"index":"index","follow":"follow","max-snippet":"max-snippet:-1","max-image-preview":"max-image-preview:large","max-video-preview":"max-video-preview:-1"},"canonical":"https:\/\/gooddealersmeds.com\/de\/product\/2-a1mp-medikament\/","og_locale":"en_US","og_type":"article","og_title":"2- A1MP-Medikament zum Verkauf","og_description":"Wo kann man 2-A1MP kaufen (allgemein bekannt als 5-Methoxymethylon) online zum Gro\u00dfhandelspreis von vertrauensw\u00fcrdigen Lieferanten mit h\u00f6chster Reinheit.","og_url":"https:\/\/gooddealersmeds.com\/de\/product\/2-a1mp-medikament\/","og_site_name":"Good Dealers Meds","article_modified_time":"2022-12-26T10:54:40+00:00","og_image":[{"width":600,"height":600,"url":"https:\/\/gooddealersmeds.com\/de\/wp-content\/uploads\/sites\/3\/2022\/07\/Buy-2-A1MP-drug-online.jpg","type":"image\/jpeg"}],"twitter_card":"summary_large_image","twitter_misc":{"Est. reading time":"1 minute"},"schema":{"@context":"https:\/\/schema.org","@graph":[{"@type":"WebPage","@id":"https:\/\/gooddealersmeds.com\/de\/product\/2-a1mp-medikament\/","url":"https:\/\/gooddealersmeds.com\/de\/product\/2-a1mp-medikament\/","name":"Wo kann man 2-A1MP kaufen - Bestellen 2-A1MP | Good Dealers Meds","isPartOf":{"@id":"https:\/\/gooddealersmeds.com\/de\/#website"},"primaryImageOfPage":{"@id":"https:\/\/gooddealersmeds.com\/de\/product\/2-a1mp-medikament\/#primaryimage"},"image":{"@id":"https:\/\/gooddealersmeds.com\/de\/product\/2-a1mp-medikament\/#primaryimage"},"thumbnailUrl":"https:\/\/gooddealersmeds.com\/de\/wp-content\/uploads\/sites\/3\/2022\/07\/Buy-2-A1MP-drug-online.jpg","datePublished":"2022-07-03T12:09:15+00:00","dateModified":"2022-12-26T10:54:40+00:00","description":"Wo kann man 2-A1MP kaufen (allgemein bekannt als 5-Methoxymethylon) online zum Gro\u00dfhandelspreis von vertrauensw\u00fcrdigen Lieferanten mit h\u00f6chster Reinheit.","breadcrumb":{"@id":"https:\/\/gooddealersmeds.com\/de\/product\/2-a1mp-medikament\/#breadcrumb"},"inLanguage":"en-US","potentialAction":[{"@type":"ReadAction","target":["https:\/\/gooddealersmeds.com\/de\/product\/2-a1mp-medikament\/"]}]},{"@type":"ImageObject","inLanguage":"en-US","@id":"https:\/\/gooddealersmeds.com\/de\/product\/2-a1mp-medikament\/#primaryimage","url":"https:\/\/gooddealersmeds.com\/de\/wp-content\/uploads\/sites\/3\/2022\/07\/Buy-2-A1MP-drug-online.jpg","contentUrl":"https:\/\/gooddealersmeds.com\/de\/wp-content\/uploads\/sites\/3\/2022\/07\/Buy-2-A1MP-drug-online.jpg","width":600,"height":600,"caption":"Buy 2-A1MP drug online"},{"@type":"BreadcrumbList","@id":"https:\/\/gooddealersmeds.com\/de\/product\/2-a1mp-medikament\/#breadcrumb","itemListElement":[{"@type":"ListItem","position":1,"name":"Home","item":"https:\/\/gooddealersmeds.com\/de\/"},{"@type":"ListItem","position":2,"name":"Produkte","item":"https:\/\/gooddealersmeds.com\/de\/produkte\/"},{"@type":"ListItem","position":3,"name":"2- A1MP-Medikament zum Verkauf"}]},{"@type":"WebSite","@id":"https:\/\/gooddealersmeds.com\/de\/#website","url":"https:\/\/gooddealersmeds.com\/de\/","name":"Good Dealers Meds","description":"All our best","publisher":{"@id":"https:\/\/gooddealersmeds.com\/de\/#organization"},"potentialAction":[{"@type":"SearchAction","target":{"@type":"EntryPoint","urlTemplate":"https:\/\/gooddealersmeds.com\/de\/?s={search_term_string}"},"query-input":{"@type":"PropertyValueSpecification","valueRequired":true,"valueName":"search_term_string"}}],"inLanguage":"en-US"},{"@type":"Organization","@id":"https:\/\/gooddealersmeds.com\/de\/#organization","name":"Good Dealers Meds","url":"https:\/\/gooddealersmeds.com\/de\/","logo":{"@type":"ImageObject","inLanguage":"en-US","@id":"https:\/\/gooddealersmeds.com\/de\/#\/schema\/logo\/image\/","url":"https:\/\/gooddealersmeds.com\/de\/wp-content\/uploads\/sites\/3\/2022\/03\/gooddealersmeds__logo__20220317T222800Z.00.png","contentUrl":"https:\/\/gooddealersmeds.com\/de\/wp-content\/uploads\/sites\/3\/2022\/03\/gooddealersmeds__logo__20220317T222800Z.00.png","width":500,"height":325,"caption":"Good Dealers Meds"},"image":{"@id":"https:\/\/gooddealersmeds.com\/de\/#\/schema\/logo\/image\/"}}]}},"_links":{"self":[{"href":"https:\/\/gooddealersmeds.com\/de\/wp-json\/wp\/v2\/product\/1918","targetHints":{"allow":["GET"]}}],"collection":[{"href":"https:\/\/gooddealersmeds.com\/de\/wp-json\/wp\/v2\/product"}],"about":[{"href":"https:\/\/gooddealersmeds.com\/de\/wp-json\/wp\/v2\/types\/product"}],"replies":[{"embeddable":true,"href":"https:\/\/gooddealersmeds.com\/de\/wp-json\/wp\/v2\/comments?post=1918"}],"wp:featuredmedia":[{"embeddable":true,"href":"https:\/\/gooddealersmeds.com\/de\/wp-json\/wp\/v2\/media\/1924"}],"wp:attachment":[{"href":"https:\/\/gooddealersmeds.com\/de\/wp-json\/wp\/v2\/media?parent=1918"}],"wp:term":[{"taxonomy":"product_brand","embeddable":true,"href":"https:\/\/gooddealersmeds.com\/de\/wp-json\/wp\/v2\/product_brand?post=1918"},{"taxonomy":"product_cat","embeddable":true,"href":"https:\/\/gooddealersmeds.com\/de\/wp-json\/wp\/v2\/product_cat?post=1918"},{"taxonomy":"product_tag","embeddable":true,"href":"https:\/\/gooddealersmeds.com\/de\/wp-json\/wp\/v2\/product_tag?post=1918"}],"curies":[{"name":"wp","href":"https:\/\/api.w.org\/{rel}","templated":true}]}}