{"id":1912,"date":"2022-07-03T12:03:51","date_gmt":"2022-07-03T12:03:51","guid":{"rendered":"https:\/\/gooddealersmeds.com\/de\/?post_type=product&#038;p=1912"},"modified":"2022-12-26T10:57:30","modified_gmt":"2022-12-26T10:57:30","slug":"2-fdck-medikament","status":"publish","type":"product","link":"https:\/\/gooddealersmeds.com\/de\/product\/2-fdck-medikament\/","title":{"rendered":"2-Fdck-Medikament online kaufen"},"content":{"rendered":"<h2>Kaufen Sie hochwertiges 2-Fdck-Medikament online<\/h2>\n<p>&nbsp;<\/p>\n<p>Das 2-Fdck-Medikament online ist eine Art von Medikament, das zur Behandlung von Erektionsst\u00f6rungen eingesetzt werden kann Funktionsst\u00f6rungen oder vorzeitige Ejakulation. 2-Fdck-Medikament online kaufen, Es wird allgemein als Viagra, Levitra, Cialis oder Stendra bezeichnet. Dieses Medikament wirkt, indem es die Durchblutung des Penis verbessert und das Blut verdickt, wodurch er l\u00e4nger erigiert bleiben kann.<\/p>\n<p>Das 2-Fdck-Medikament ist online in Form von Tabletten und Injektionen erh\u00e4ltlich, die jeweils einzeln erh\u00e4ltlich sind hat seine eigenen Vor- und Nachteile. Die Injektionsversion kann unmittelbar nach dem Sex eingenommen werden, aber es dauert l\u00e4nger als eine Pillenform, um ihre Wirkung zu entfalten. Die Tablettenform kann bis zu 36 Stunden vor der sexuellen Aktivit\u00e4t eingenommen werden; es kann jedoch bis zu vier Stunden dauern, bis Sie eine Wirkung sp\u00fcren.<\/p>\n<p><strong>\u00a0<\/strong><\/p>\n<p><strong>Warum 2-Fdck-Medikamente online kaufen?<\/strong><\/p>\n<p>&nbsp;<\/p>\n<p>strong&gt;<\/p>\n<p>Das Erste, was den Kauf ausmacht <a href=\"https:\/\/gooddealersmeds.com\/de\/product\/2-fdck- Droge\/\">2-Fdck Drug Online<\/a> ist so gro\u00dfartig, dass es einfach ist. Es gibt keine unordentlichen Rezepte oder langen Papierkram, nur eine einfach zu navigierende Website und vorgefertigte Medikamentenpakete, die Ihnen alles geben, was Sie brauchen, ohne jeglichen Aufwand. 2-Fdck-Medikament online kaufen<\/p>\n<p><strong>\u00a0<\/strong><\/p>\n<p><strong>Die Anlaufstelle, um 2-Fdck-Medikamente online zu kaufen<\/strong><\/p>\n<p><strong>\u00a0<\/strong><\/p>\n<p>M\u00f6chten Sie 2-Fdck-Medikamente online kaufen? Sie sind nicht allein.<\/p>\n<p>Viele Menschen haben festgestellt, dass dieses Produkt ihnen helfen kann, ihr Sexualleben zu verbessern, aber es ist wichtig, beim Kauf dieses Produkts vorsichtig zu sein.<\/p>\n<p>Es gibt viele verschiedene Orte, an denen Sie <a href=\"https:\/\/de.wikibrief.org\/wiki\/2-Fluorodeschloroketamine\">2-Fdck Drug<\/a> Online bestellen k\u00f6nnen, und wenn Sie die Bewertungen nicht sorgf\u00e4ltig lesen, erhalten Sie m\u00f6glicherweise ein Produkt, das nicht so gut funktioniert wie andere. Der beste Ort, um 2-Fdck Drug Online zu kaufen, ist \u00fcber unsere Website, da wir diese Art von Produkt seit Jahren verkaufen und wissen, was funktioniert und was nicht, sodass wir sicherstellen k\u00f6nnen, dass jeder, der bei uns kauft, am Ende auch dabei ist die bestm\u00f6gliche Erfahrung.<\/p>\n","protected":false},"excerpt":{"rendered":"<p>Kaufen Sie das 2-FDCK-Medikament Reinheit online, 2-FDCK (auch bekannt als 2-Fl-2\u2032-Oxo-PCM, Fluoroketamin und 2-Fluorodeschloroketamin) ist ein dissoziatives An\u00e4sthetikum. Es ist ein Analogon von Ketamin, bei dem die Chlorgruppe durch Fluor ersetzt wurde.<\/p>\n","protected":false},"featured_media":1917,"comment_status":"open","ping_status":"closed","template":"","meta":{"inline_featured_image":false},"product_brand":[],"product_cat":[344],"product_tag":[],"class_list":{"0":"post-1912","1":"product","2":"type-product","3":"status-publish","4":"has-post-thumbnail","6":"product_cat-forschungschemikalien","8":"first","9":"instock","10":"shipping-taxable","11":"purchasable","12":"product-type-variable","13":"has-default-attributes"},"yoast_head":"<!-- This site is optimized with the Yoast SEO Premium plugin v20.6 (Yoast SEO v27.3) - https:\/\/yoast.com\/product\/yoast-seo-premium-wordpress\/ -->\n<title>2-Fdck-Medikament online kaufen | 2-Fdck zu verkaufen | Bestellen 2-Fdck<\/title>\n<meta name=\"description\" content=\"Kaufen Sie 2-FDCK-Medikament online, 2-FDCK (auch bekannt als 2-Fl-2\u2032-Oxo-PCM, Fluoroketamin und 2-Fluorodeschloroketamin) ist ein dissoziatives An\u00e4sthetikum.\" \/>\n<meta name=\"robots\" content=\"index, follow, max-snippet:-1, max-image-preview:large, max-video-preview:-1\" \/>\n<link rel=\"canonical\" href=\"https:\/\/gooddealersmeds.com\/de\/product\/2-fdck-medikament\/\" \/>\n<meta property=\"og:locale\" content=\"en_US\" \/>\n<meta property=\"og:type\" content=\"article\" \/>\n<meta property=\"og:title\" content=\"2-Fdck-Medikament online kaufen\" \/>\n<meta property=\"og:description\" content=\"Kaufen Sie 2-FDCK-Medikament online, 2-FDCK (auch bekannt als 2-Fl-2\u2032-Oxo-PCM, Fluoroketamin und 2-Fluorodeschloroketamin) ist ein dissoziatives An\u00e4sthetikum.\" \/>\n<meta property=\"og:url\" content=\"https:\/\/gooddealersmeds.com\/de\/product\/2-fdck-medikament\/\" \/>\n<meta property=\"og:site_name\" content=\"Good Dealers Meds\" \/>\n<meta property=\"article:modified_time\" content=\"2022-12-26T10:57:30+00:00\" \/>\n<meta property=\"og:image\" content=\"https:\/\/gooddealersmeds.com\/de\/wp-content\/uploads\/sites\/3\/2022\/07\/2-Fdck-Drug.jpg\" \/>\n\t<meta property=\"og:image:width\" content=\"600\" \/>\n\t<meta property=\"og:image:height\" content=\"600\" \/>\n\t<meta property=\"og:image:type\" content=\"image\/jpeg\" \/>\n<meta name=\"twitter:card\" content=\"summary_large_image\" \/>\n<meta name=\"twitter:label1\" content=\"Est. reading time\" \/>\n\t<meta name=\"twitter:data1\" content=\"2 minutes\" \/>\n<script type=\"application\/ld+json\" class=\"yoast-schema-graph\">{\"@context\":\"https:\\\/\\\/schema.org\",\"@graph\":[{\"@type\":\"WebPage\",\"@id\":\"https:\\\/\\\/gooddealersmeds.com\\\/de\\\/product\\\/2-fdck-medikament\\\/\",\"url\":\"https:\\\/\\\/gooddealersmeds.com\\\/de\\\/product\\\/2-fdck-medikament\\\/\",\"name\":\"2-Fdck-Medikament online kaufen | 2-Fdck zu verkaufen | Bestellen 2-Fdck\",\"isPartOf\":{\"@id\":\"https:\\\/\\\/gooddealersmeds.com\\\/de\\\/#website\"},\"primaryImageOfPage\":{\"@id\":\"https:\\\/\\\/gooddealersmeds.com\\\/de\\\/product\\\/2-fdck-medikament\\\/#primaryimage\"},\"image\":{\"@id\":\"https:\\\/\\\/gooddealersmeds.com\\\/de\\\/product\\\/2-fdck-medikament\\\/#primaryimage\"},\"thumbnailUrl\":\"https:\\\/\\\/gooddealersmeds.com\\\/de\\\/wp-content\\\/uploads\\\/sites\\\/3\\\/2022\\\/07\\\/2-Fdck-Drug.jpg\",\"datePublished\":\"2022-07-03T12:03:51+00:00\",\"dateModified\":\"2022-12-26T10:57:30+00:00\",\"description\":\"Kaufen Sie 2-FDCK-Medikament online, 2-FDCK (auch bekannt als 2-Fl-2\u2032-Oxo-PCM, Fluoroketamin und 2-Fluorodeschloroketamin) ist ein dissoziatives An\u00e4sthetikum.\",\"breadcrumb\":{\"@id\":\"https:\\\/\\\/gooddealersmeds.com\\\/de\\\/product\\\/2-fdck-medikament\\\/#breadcrumb\"},\"inLanguage\":\"en-US\",\"potentialAction\":[{\"@type\":\"ReadAction\",\"target\":[\"https:\\\/\\\/gooddealersmeds.com\\\/de\\\/product\\\/2-fdck-medikament\\\/\"]}]},{\"@type\":\"ImageObject\",\"inLanguage\":\"en-US\",\"@id\":\"https:\\\/\\\/gooddealersmeds.com\\\/de\\\/product\\\/2-fdck-medikament\\\/#primaryimage\",\"url\":\"https:\\\/\\\/gooddealersmeds.com\\\/de\\\/wp-content\\\/uploads\\\/sites\\\/3\\\/2022\\\/07\\\/2-Fdck-Drug.jpg\",\"contentUrl\":\"https:\\\/\\\/gooddealersmeds.com\\\/de\\\/wp-content\\\/uploads\\\/sites\\\/3\\\/2022\\\/07\\\/2-Fdck-Drug.jpg\",\"width\":600,\"height\":600,\"caption\":\"Buy 2-Fdck Drug Online\"},{\"@type\":\"BreadcrumbList\",\"@id\":\"https:\\\/\\\/gooddealersmeds.com\\\/de\\\/product\\\/2-fdck-medikament\\\/#breadcrumb\",\"itemListElement\":[{\"@type\":\"ListItem\",\"position\":1,\"name\":\"Home\",\"item\":\"https:\\\/\\\/gooddealersmeds.com\\\/de\\\/\"},{\"@type\":\"ListItem\",\"position\":2,\"name\":\"Produkte\",\"item\":\"https:\\\/\\\/gooddealersmeds.com\\\/de\\\/produkte\\\/\"},{\"@type\":\"ListItem\",\"position\":3,\"name\":\"2-Fdck-Medikament online kaufen\"}]},{\"@type\":\"WebSite\",\"@id\":\"https:\\\/\\\/gooddealersmeds.com\\\/de\\\/#website\",\"url\":\"https:\\\/\\\/gooddealersmeds.com\\\/de\\\/\",\"name\":\"Good Dealers Meds\",\"description\":\"All our best\",\"publisher\":{\"@id\":\"https:\\\/\\\/gooddealersmeds.com\\\/de\\\/#organization\"},\"potentialAction\":[{\"@type\":\"SearchAction\",\"target\":{\"@type\":\"EntryPoint\",\"urlTemplate\":\"https:\\\/\\\/gooddealersmeds.com\\\/de\\\/?s={search_term_string}\"},\"query-input\":{\"@type\":\"PropertyValueSpecification\",\"valueRequired\":true,\"valueName\":\"search_term_string\"}}],\"inLanguage\":\"en-US\"},{\"@type\":\"Organization\",\"@id\":\"https:\\\/\\\/gooddealersmeds.com\\\/de\\\/#organization\",\"name\":\"Good Dealers Meds\",\"url\":\"https:\\\/\\\/gooddealersmeds.com\\\/de\\\/\",\"logo\":{\"@type\":\"ImageObject\",\"inLanguage\":\"en-US\",\"@id\":\"https:\\\/\\\/gooddealersmeds.com\\\/de\\\/#\\\/schema\\\/logo\\\/image\\\/\",\"url\":\"https:\\\/\\\/gooddealersmeds.com\\\/de\\\/wp-content\\\/uploads\\\/sites\\\/3\\\/2022\\\/03\\\/gooddealersmeds__logo__20220317T222800Z.00.png\",\"contentUrl\":\"https:\\\/\\\/gooddealersmeds.com\\\/de\\\/wp-content\\\/uploads\\\/sites\\\/3\\\/2022\\\/03\\\/gooddealersmeds__logo__20220317T222800Z.00.png\",\"width\":500,\"height\":325,\"caption\":\"Good Dealers Meds\"},\"image\":{\"@id\":\"https:\\\/\\\/gooddealersmeds.com\\\/de\\\/#\\\/schema\\\/logo\\\/image\\\/\"}}]}<\/script>\n<!-- \/ Yoast SEO Premium plugin. -->","yoast_head_json":{"title":"2-Fdck-Medikament online kaufen | 2-Fdck zu verkaufen | Bestellen 2-Fdck","description":"Kaufen Sie 2-FDCK-Medikament online, 2-FDCK (auch bekannt als 2-Fl-2\u2032-Oxo-PCM, Fluoroketamin und 2-Fluorodeschloroketamin) ist ein dissoziatives An\u00e4sthetikum.","robots":{"index":"index","follow":"follow","max-snippet":"max-snippet:-1","max-image-preview":"max-image-preview:large","max-video-preview":"max-video-preview:-1"},"canonical":"https:\/\/gooddealersmeds.com\/de\/product\/2-fdck-medikament\/","og_locale":"en_US","og_type":"article","og_title":"2-Fdck-Medikament online kaufen","og_description":"Kaufen Sie 2-FDCK-Medikament online, 2-FDCK (auch bekannt als 2-Fl-2\u2032-Oxo-PCM, Fluoroketamin und 2-Fluorodeschloroketamin) ist ein dissoziatives An\u00e4sthetikum.","og_url":"https:\/\/gooddealersmeds.com\/de\/product\/2-fdck-medikament\/","og_site_name":"Good Dealers Meds","article_modified_time":"2022-12-26T10:57:30+00:00","og_image":[{"width":600,"height":600,"url":"https:\/\/gooddealersmeds.com\/de\/wp-content\/uploads\/sites\/3\/2022\/07\/2-Fdck-Drug.jpg","type":"image\/jpeg"}],"twitter_card":"summary_large_image","twitter_misc":{"Est. reading time":"2 minutes"},"schema":{"@context":"https:\/\/schema.org","@graph":[{"@type":"WebPage","@id":"https:\/\/gooddealersmeds.com\/de\/product\/2-fdck-medikament\/","url":"https:\/\/gooddealersmeds.com\/de\/product\/2-fdck-medikament\/","name":"2-Fdck-Medikament online kaufen | 2-Fdck zu verkaufen | Bestellen 2-Fdck","isPartOf":{"@id":"https:\/\/gooddealersmeds.com\/de\/#website"},"primaryImageOfPage":{"@id":"https:\/\/gooddealersmeds.com\/de\/product\/2-fdck-medikament\/#primaryimage"},"image":{"@id":"https:\/\/gooddealersmeds.com\/de\/product\/2-fdck-medikament\/#primaryimage"},"thumbnailUrl":"https:\/\/gooddealersmeds.com\/de\/wp-content\/uploads\/sites\/3\/2022\/07\/2-Fdck-Drug.jpg","datePublished":"2022-07-03T12:03:51+00:00","dateModified":"2022-12-26T10:57:30+00:00","description":"Kaufen Sie 2-FDCK-Medikament online, 2-FDCK (auch bekannt als 2-Fl-2\u2032-Oxo-PCM, Fluoroketamin und 2-Fluorodeschloroketamin) ist ein dissoziatives An\u00e4sthetikum.","breadcrumb":{"@id":"https:\/\/gooddealersmeds.com\/de\/product\/2-fdck-medikament\/#breadcrumb"},"inLanguage":"en-US","potentialAction":[{"@type":"ReadAction","target":["https:\/\/gooddealersmeds.com\/de\/product\/2-fdck-medikament\/"]}]},{"@type":"ImageObject","inLanguage":"en-US","@id":"https:\/\/gooddealersmeds.com\/de\/product\/2-fdck-medikament\/#primaryimage","url":"https:\/\/gooddealersmeds.com\/de\/wp-content\/uploads\/sites\/3\/2022\/07\/2-Fdck-Drug.jpg","contentUrl":"https:\/\/gooddealersmeds.com\/de\/wp-content\/uploads\/sites\/3\/2022\/07\/2-Fdck-Drug.jpg","width":600,"height":600,"caption":"Buy 2-Fdck Drug Online"},{"@type":"BreadcrumbList","@id":"https:\/\/gooddealersmeds.com\/de\/product\/2-fdck-medikament\/#breadcrumb","itemListElement":[{"@type":"ListItem","position":1,"name":"Home","item":"https:\/\/gooddealersmeds.com\/de\/"},{"@type":"ListItem","position":2,"name":"Produkte","item":"https:\/\/gooddealersmeds.com\/de\/produkte\/"},{"@type":"ListItem","position":3,"name":"2-Fdck-Medikament online kaufen"}]},{"@type":"WebSite","@id":"https:\/\/gooddealersmeds.com\/de\/#website","url":"https:\/\/gooddealersmeds.com\/de\/","name":"Good Dealers Meds","description":"All our best","publisher":{"@id":"https:\/\/gooddealersmeds.com\/de\/#organization"},"potentialAction":[{"@type":"SearchAction","target":{"@type":"EntryPoint","urlTemplate":"https:\/\/gooddealersmeds.com\/de\/?s={search_term_string}"},"query-input":{"@type":"PropertyValueSpecification","valueRequired":true,"valueName":"search_term_string"}}],"inLanguage":"en-US"},{"@type":"Organization","@id":"https:\/\/gooddealersmeds.com\/de\/#organization","name":"Good Dealers Meds","url":"https:\/\/gooddealersmeds.com\/de\/","logo":{"@type":"ImageObject","inLanguage":"en-US","@id":"https:\/\/gooddealersmeds.com\/de\/#\/schema\/logo\/image\/","url":"https:\/\/gooddealersmeds.com\/de\/wp-content\/uploads\/sites\/3\/2022\/03\/gooddealersmeds__logo__20220317T222800Z.00.png","contentUrl":"https:\/\/gooddealersmeds.com\/de\/wp-content\/uploads\/sites\/3\/2022\/03\/gooddealersmeds__logo__20220317T222800Z.00.png","width":500,"height":325,"caption":"Good Dealers Meds"},"image":{"@id":"https:\/\/gooddealersmeds.com\/de\/#\/schema\/logo\/image\/"}}]}},"_links":{"self":[{"href":"https:\/\/gooddealersmeds.com\/de\/wp-json\/wp\/v2\/product\/1912","targetHints":{"allow":["GET"]}}],"collection":[{"href":"https:\/\/gooddealersmeds.com\/de\/wp-json\/wp\/v2\/product"}],"about":[{"href":"https:\/\/gooddealersmeds.com\/de\/wp-json\/wp\/v2\/types\/product"}],"replies":[{"embeddable":true,"href":"https:\/\/gooddealersmeds.com\/de\/wp-json\/wp\/v2\/comments?post=1912"}],"wp:featuredmedia":[{"embeddable":true,"href":"https:\/\/gooddealersmeds.com\/de\/wp-json\/wp\/v2\/media\/1917"}],"wp:attachment":[{"href":"https:\/\/gooddealersmeds.com\/de\/wp-json\/wp\/v2\/media?parent=1912"}],"wp:term":[{"taxonomy":"product_brand","embeddable":true,"href":"https:\/\/gooddealersmeds.com\/de\/wp-json\/wp\/v2\/product_brand?post=1912"},{"taxonomy":"product_cat","embeddable":true,"href":"https:\/\/gooddealersmeds.com\/de\/wp-json\/wp\/v2\/product_cat?post=1912"},{"taxonomy":"product_tag","embeddable":true,"href":"https:\/\/gooddealersmeds.com\/de\/wp-json\/wp\/v2\/product_tag?post=1912"}],"curies":[{"name":"wp","href":"https:\/\/api.w.org\/{rel}","templated":true}]}}