{"id":1905,"date":"2022-07-03T11:59:56","date_gmt":"2022-07-03T11:59:56","guid":{"rendered":"https:\/\/gooddealersmeds.com\/de\/?post_type=product&#038;p=1905"},"modified":"2022-10-26T21:03:28","modified_gmt":"2022-10-26T21:03:28","slug":"25i-nboh-drogen","status":"publish","type":"product","link":"https:\/\/gooddealersmeds.com\/de\/product\/25i-nboh-drogen\/","title":{"rendered":"Kaufen Sie 25i NBOH-Medikamente online"},"content":{"rendered":"<p>25i NBOH zu verkaufen, Das 25i-NBOH oder Phenethylamin der Klasse 2C-I-NBOH ist eine neue synthetische psychedelische Substanz, die eng mit dem 25I-NBOMe verwandt ist. Das 25i NBOH ist ein von Phenethylamin abgeleitetes Halluzinogen-2C-I-Derivat. Ein Team der Purdue University entdeckte es im Jahr 2006.<\/p>\n<p>Es wurde als potenzielles Medikament f\u00fcr die Positronen-Emissions-Tomographie-Kartierung von 5-HT2A-Rezeptoren im Gehirn untersucht. Obwohl ihre physiologischen und toxikologischen Eigenschaften nicht vollst\u00e4ndig charakterisiert sind, werden die NBOH-Verbindungen als legale Alternative zu den NBOMe-Verbindungen vorgeschlagen.<\/p>\n<p>NBOH-Verbindungen sind N-Benzylhydroxy-Derivate aus der Familie der 2C-Halluzinogene, die h\u00e4ufig ein Halogen enthalten Gruppe (d. h. Chlor, Brom oder Iod) an Position 4 des A-Rings und eine Hydroxylgruppe an Position 2&#8242; des B-Rings. Obwohl ihre physiologischen und toxikologischen Eigenschaften nicht vollst\u00e4ndig charakterisiert sind, werden die NBOH-Verbindungen als legale Alternative zu den NBOMe-Verbindungen vorgeschlagen.<\/p>\n<ul>\n<li>NBOH-Verbindungen sind inaktiv und sollten nur sublingual und auf eine bestimmte Weise eingenommen werden das erm\u00f6glicht eine schnelle Absorption.<\/li>\n<li>Wenn L\u00f6scher nicht so schnell wirken, wie Sie erwarten, gehen Sie nicht davon aus, dass sie von geringer Qualit\u00e4t sind; Sie k\u00f6nnten ein anderes Medikament enthalten, das l\u00e4nger braucht, um zu wirken.<\/li>\n<li>Dieses Medikament sollte mit Vorsicht angewendet werden. Sie sollten mit einer kleinen Dosis beginnen. Vermeiden Sie die Kombination mit anderen Substanzen wie Alkohol oder verschreibungspflichtigen Medikamenten.<\/li>\n<\/ul>\n<p><strong>Chemie:<\/strong><\/p>\n<p>Phenethylamin 2C-I ist ein Phenethylamin-Derivat von 25I-NBOH. Dieses Medikament ist ein serotoninerges N-Benzyl-Derivat. Die Methoxygruppen CH3O und Jod sind in der chemischen Zusammensetzung von <a href=\"https:\/\/gooddealersmeds.com\/de\/product\/25i-nboh-drogen\/\">25I-NBOH<\/a> vorhanden. 25i NBOH zu verkaufen<\/p>\n<p><strong>Aussehen:<\/strong><\/p>\n<p>Kristalliner Feststoff, Pulver<\/p>\n<p><strong>Versand &amp; Lagerung:<\/strong><\/p>\n<ul>\n<li>Lagerung: -20 C<\/li>\n<li>In nassem Eis<\/li>\n<li>Stabilit\u00e4t: Aprrox. 2 Jahre<\/li>\n<\/ul>\n<p><strong>Vorsicht:<\/strong><\/p>\n<p>Wenn Sie oder jemand, mit dem Sie zusammen sind, krank werden, suchen Sie sofort einen Arzt auf! Rufen Sie sofort das Krankenhaus an und bleiben Sie dort. Wenn Sie an einer Veranstaltung oder einem Festival teilnehmen, steht medizinisches und soziales Personal bereit, um Sie zu unterst\u00fctzen.<\/p>\n<p><strong>Verf\u00fcgbarkeit:<\/strong><\/p>\n<p>Sie k\u00f6nnen 25i NBOH kaufen Medikamente Online aus unserem Shop mit garantierter Lieferung.<\/p>\n","protected":false},"excerpt":{"rendered":"<p>Kaufen Sie 25I-NBOH-Medikamente online, es handelt sich um hochwertige Forschungschemikalien. Sie k\u00f6nnen 25I-NBOH online zum Gro\u00dfhandelspreis vom Vertrauenslieferanten kaufen. Sicherer Versand 25I-NBOH in die USA, BRASILIEN, die EU, das Vereinigte K\u00f6nigreich und andere L\u00e4nder.<\/p>\n","protected":false},"featured_media":1911,"comment_status":"open","ping_status":"closed","template":"","meta":{"inline_featured_image":false},"product_brand":[],"product_cat":[344],"product_tag":[],"class_list":{"0":"post-1905","1":"product","2":"type-product","3":"status-publish","4":"has-post-thumbnail","6":"product_cat-forschungschemikalien","8":"first","9":"instock","10":"shipping-taxable","11":"purchasable","12":"product-type-variable","13":"has-default-attributes"},"yoast_head":"<!-- This site is optimized with the Yoast SEO Premium plugin v20.6 (Yoast SEO v27.3) - https:\/\/yoast.com\/product\/yoast-seo-premium-wordpress\/ -->\n<title>25i NBOH zu verkaufen | Kaufen Sie 25i NBOH in bester Qualit\u00e4t<\/title>\n<meta name=\"description\" content=\"25i NBOH zu verkaufen online zum Gro\u00dfhandelspreis vom Vertrauenslieferanten. Sicherer Versand 25I-NBOH in die USA, BRASILIEN, die EU, das Vereinigte K\u00f6nigreich und andere L\u00e4nder.\" \/>\n<meta name=\"robots\" content=\"index, follow, max-snippet:-1, max-image-preview:large, max-video-preview:-1\" \/>\n<link rel=\"canonical\" href=\"https:\/\/gooddealersmeds.com\/de\/product\/25i-nboh-drogen\/\" \/>\n<meta property=\"og:locale\" content=\"en_US\" \/>\n<meta property=\"og:type\" content=\"article\" \/>\n<meta property=\"og:title\" content=\"Kaufen Sie 25i NBOH-Medikamente online\" \/>\n<meta property=\"og:description\" content=\"25i NBOH zu verkaufen online zum Gro\u00dfhandelspreis vom Vertrauenslieferanten. Sicherer Versand 25I-NBOH in die USA, BRASILIEN, die EU, das Vereinigte K\u00f6nigreich und andere L\u00e4nder.\" \/>\n<meta property=\"og:url\" content=\"https:\/\/gooddealersmeds.com\/de\/product\/25i-nboh-drogen\/\" \/>\n<meta property=\"og:site_name\" content=\"Good Dealers Meds\" \/>\n<meta property=\"article:modified_time\" content=\"2022-10-26T21:03:28+00:00\" \/>\n<meta property=\"og:image\" content=\"https:\/\/gooddealersmeds.com\/de\/wp-content\/uploads\/sites\/3\/2022\/07\/25i-NBOH-Drugs.png\" \/>\n\t<meta property=\"og:image:width\" content=\"600\" \/>\n\t<meta property=\"og:image:height\" content=\"600\" \/>\n\t<meta property=\"og:image:type\" content=\"image\/png\" \/>\n<meta name=\"twitter:card\" content=\"summary_large_image\" \/>\n<meta name=\"twitter:label1\" content=\"Est. reading time\" \/>\n\t<meta name=\"twitter:data1\" content=\"2 minutes\" \/>\n<script type=\"application\/ld+json\" class=\"yoast-schema-graph\">{\"@context\":\"https:\\\/\\\/schema.org\",\"@graph\":[{\"@type\":\"WebPage\",\"@id\":\"https:\\\/\\\/gooddealersmeds.com\\\/de\\\/product\\\/25i-nboh-drogen\\\/\",\"url\":\"https:\\\/\\\/gooddealersmeds.com\\\/de\\\/product\\\/25i-nboh-drogen\\\/\",\"name\":\"25i NBOH zu verkaufen | Kaufen Sie 25i NBOH in bester Qualit\u00e4t\",\"isPartOf\":{\"@id\":\"https:\\\/\\\/gooddealersmeds.com\\\/de\\\/#website\"},\"primaryImageOfPage\":{\"@id\":\"https:\\\/\\\/gooddealersmeds.com\\\/de\\\/product\\\/25i-nboh-drogen\\\/#primaryimage\"},\"image\":{\"@id\":\"https:\\\/\\\/gooddealersmeds.com\\\/de\\\/product\\\/25i-nboh-drogen\\\/#primaryimage\"},\"thumbnailUrl\":\"https:\\\/\\\/gooddealersmeds.com\\\/de\\\/wp-content\\\/uploads\\\/sites\\\/3\\\/2022\\\/07\\\/25i-NBOH-Drugs.png\",\"datePublished\":\"2022-07-03T11:59:56+00:00\",\"dateModified\":\"2022-10-26T21:03:28+00:00\",\"description\":\"25i NBOH zu verkaufen online zum Gro\u00dfhandelspreis vom Vertrauenslieferanten. Sicherer Versand 25I-NBOH in die USA, BRASILIEN, die EU, das Vereinigte K\u00f6nigreich und andere L\u00e4nder.\",\"breadcrumb\":{\"@id\":\"https:\\\/\\\/gooddealersmeds.com\\\/de\\\/product\\\/25i-nboh-drogen\\\/#breadcrumb\"},\"inLanguage\":\"en-US\",\"potentialAction\":[{\"@type\":\"ReadAction\",\"target\":[\"https:\\\/\\\/gooddealersmeds.com\\\/de\\\/product\\\/25i-nboh-drogen\\\/\"]}]},{\"@type\":\"ImageObject\",\"inLanguage\":\"en-US\",\"@id\":\"https:\\\/\\\/gooddealersmeds.com\\\/de\\\/product\\\/25i-nboh-drogen\\\/#primaryimage\",\"url\":\"https:\\\/\\\/gooddealersmeds.com\\\/de\\\/wp-content\\\/uploads\\\/sites\\\/3\\\/2022\\\/07\\\/25i-NBOH-Drugs.png\",\"contentUrl\":\"https:\\\/\\\/gooddealersmeds.com\\\/de\\\/wp-content\\\/uploads\\\/sites\\\/3\\\/2022\\\/07\\\/25i-NBOH-Drugs.png\",\"width\":600,\"height\":600,\"caption\":\"25i NBOH Drugs\"},{\"@type\":\"BreadcrumbList\",\"@id\":\"https:\\\/\\\/gooddealersmeds.com\\\/de\\\/product\\\/25i-nboh-drogen\\\/#breadcrumb\",\"itemListElement\":[{\"@type\":\"ListItem\",\"position\":1,\"name\":\"Home\",\"item\":\"https:\\\/\\\/gooddealersmeds.com\\\/de\\\/\"},{\"@type\":\"ListItem\",\"position\":2,\"name\":\"Produkte\",\"item\":\"https:\\\/\\\/gooddealersmeds.com\\\/de\\\/produkte\\\/\"},{\"@type\":\"ListItem\",\"position\":3,\"name\":\"Kaufen Sie 25i NBOH-Medikamente online\"}]},{\"@type\":\"WebSite\",\"@id\":\"https:\\\/\\\/gooddealersmeds.com\\\/de\\\/#website\",\"url\":\"https:\\\/\\\/gooddealersmeds.com\\\/de\\\/\",\"name\":\"Good Dealers Meds\",\"description\":\"All our best\",\"publisher\":{\"@id\":\"https:\\\/\\\/gooddealersmeds.com\\\/de\\\/#organization\"},\"potentialAction\":[{\"@type\":\"SearchAction\",\"target\":{\"@type\":\"EntryPoint\",\"urlTemplate\":\"https:\\\/\\\/gooddealersmeds.com\\\/de\\\/?s={search_term_string}\"},\"query-input\":{\"@type\":\"PropertyValueSpecification\",\"valueRequired\":true,\"valueName\":\"search_term_string\"}}],\"inLanguage\":\"en-US\"},{\"@type\":\"Organization\",\"@id\":\"https:\\\/\\\/gooddealersmeds.com\\\/de\\\/#organization\",\"name\":\"Good Dealers Meds\",\"url\":\"https:\\\/\\\/gooddealersmeds.com\\\/de\\\/\",\"logo\":{\"@type\":\"ImageObject\",\"inLanguage\":\"en-US\",\"@id\":\"https:\\\/\\\/gooddealersmeds.com\\\/de\\\/#\\\/schema\\\/logo\\\/image\\\/\",\"url\":\"https:\\\/\\\/gooddealersmeds.com\\\/de\\\/wp-content\\\/uploads\\\/sites\\\/3\\\/2022\\\/03\\\/gooddealersmeds__logo__20220317T222800Z.00.png\",\"contentUrl\":\"https:\\\/\\\/gooddealersmeds.com\\\/de\\\/wp-content\\\/uploads\\\/sites\\\/3\\\/2022\\\/03\\\/gooddealersmeds__logo__20220317T222800Z.00.png\",\"width\":500,\"height\":325,\"caption\":\"Good Dealers Meds\"},\"image\":{\"@id\":\"https:\\\/\\\/gooddealersmeds.com\\\/de\\\/#\\\/schema\\\/logo\\\/image\\\/\"}}]}<\/script>\n<!-- \/ Yoast SEO Premium plugin. -->","yoast_head_json":{"title":"25i NBOH zu verkaufen | Kaufen Sie 25i NBOH in bester Qualit\u00e4t","description":"25i NBOH zu verkaufen online zum Gro\u00dfhandelspreis vom Vertrauenslieferanten. Sicherer Versand 25I-NBOH in die USA, BRASILIEN, die EU, das Vereinigte K\u00f6nigreich und andere L\u00e4nder.","robots":{"index":"index","follow":"follow","max-snippet":"max-snippet:-1","max-image-preview":"max-image-preview:large","max-video-preview":"max-video-preview:-1"},"canonical":"https:\/\/gooddealersmeds.com\/de\/product\/25i-nboh-drogen\/","og_locale":"en_US","og_type":"article","og_title":"Kaufen Sie 25i NBOH-Medikamente online","og_description":"25i NBOH zu verkaufen online zum Gro\u00dfhandelspreis vom Vertrauenslieferanten. Sicherer Versand 25I-NBOH in die USA, BRASILIEN, die EU, das Vereinigte K\u00f6nigreich und andere L\u00e4nder.","og_url":"https:\/\/gooddealersmeds.com\/de\/product\/25i-nboh-drogen\/","og_site_name":"Good Dealers Meds","article_modified_time":"2022-10-26T21:03:28+00:00","og_image":[{"width":600,"height":600,"url":"https:\/\/gooddealersmeds.com\/de\/wp-content\/uploads\/sites\/3\/2022\/07\/25i-NBOH-Drugs.png","type":"image\/png"}],"twitter_card":"summary_large_image","twitter_misc":{"Est. reading time":"2 minutes"},"schema":{"@context":"https:\/\/schema.org","@graph":[{"@type":"WebPage","@id":"https:\/\/gooddealersmeds.com\/de\/product\/25i-nboh-drogen\/","url":"https:\/\/gooddealersmeds.com\/de\/product\/25i-nboh-drogen\/","name":"25i NBOH zu verkaufen | Kaufen Sie 25i NBOH in bester Qualit\u00e4t","isPartOf":{"@id":"https:\/\/gooddealersmeds.com\/de\/#website"},"primaryImageOfPage":{"@id":"https:\/\/gooddealersmeds.com\/de\/product\/25i-nboh-drogen\/#primaryimage"},"image":{"@id":"https:\/\/gooddealersmeds.com\/de\/product\/25i-nboh-drogen\/#primaryimage"},"thumbnailUrl":"https:\/\/gooddealersmeds.com\/de\/wp-content\/uploads\/sites\/3\/2022\/07\/25i-NBOH-Drugs.png","datePublished":"2022-07-03T11:59:56+00:00","dateModified":"2022-10-26T21:03:28+00:00","description":"25i NBOH zu verkaufen online zum Gro\u00dfhandelspreis vom Vertrauenslieferanten. Sicherer Versand 25I-NBOH in die USA, BRASILIEN, die EU, das Vereinigte K\u00f6nigreich und andere L\u00e4nder.","breadcrumb":{"@id":"https:\/\/gooddealersmeds.com\/de\/product\/25i-nboh-drogen\/#breadcrumb"},"inLanguage":"en-US","potentialAction":[{"@type":"ReadAction","target":["https:\/\/gooddealersmeds.com\/de\/product\/25i-nboh-drogen\/"]}]},{"@type":"ImageObject","inLanguage":"en-US","@id":"https:\/\/gooddealersmeds.com\/de\/product\/25i-nboh-drogen\/#primaryimage","url":"https:\/\/gooddealersmeds.com\/de\/wp-content\/uploads\/sites\/3\/2022\/07\/25i-NBOH-Drugs.png","contentUrl":"https:\/\/gooddealersmeds.com\/de\/wp-content\/uploads\/sites\/3\/2022\/07\/25i-NBOH-Drugs.png","width":600,"height":600,"caption":"25i NBOH Drugs"},{"@type":"BreadcrumbList","@id":"https:\/\/gooddealersmeds.com\/de\/product\/25i-nboh-drogen\/#breadcrumb","itemListElement":[{"@type":"ListItem","position":1,"name":"Home","item":"https:\/\/gooddealersmeds.com\/de\/"},{"@type":"ListItem","position":2,"name":"Produkte","item":"https:\/\/gooddealersmeds.com\/de\/produkte\/"},{"@type":"ListItem","position":3,"name":"Kaufen Sie 25i NBOH-Medikamente online"}]},{"@type":"WebSite","@id":"https:\/\/gooddealersmeds.com\/de\/#website","url":"https:\/\/gooddealersmeds.com\/de\/","name":"Good Dealers Meds","description":"All our best","publisher":{"@id":"https:\/\/gooddealersmeds.com\/de\/#organization"},"potentialAction":[{"@type":"SearchAction","target":{"@type":"EntryPoint","urlTemplate":"https:\/\/gooddealersmeds.com\/de\/?s={search_term_string}"},"query-input":{"@type":"PropertyValueSpecification","valueRequired":true,"valueName":"search_term_string"}}],"inLanguage":"en-US"},{"@type":"Organization","@id":"https:\/\/gooddealersmeds.com\/de\/#organization","name":"Good Dealers Meds","url":"https:\/\/gooddealersmeds.com\/de\/","logo":{"@type":"ImageObject","inLanguage":"en-US","@id":"https:\/\/gooddealersmeds.com\/de\/#\/schema\/logo\/image\/","url":"https:\/\/gooddealersmeds.com\/de\/wp-content\/uploads\/sites\/3\/2022\/03\/gooddealersmeds__logo__20220317T222800Z.00.png","contentUrl":"https:\/\/gooddealersmeds.com\/de\/wp-content\/uploads\/sites\/3\/2022\/03\/gooddealersmeds__logo__20220317T222800Z.00.png","width":500,"height":325,"caption":"Good Dealers Meds"},"image":{"@id":"https:\/\/gooddealersmeds.com\/de\/#\/schema\/logo\/image\/"}}]}},"_links":{"self":[{"href":"https:\/\/gooddealersmeds.com\/de\/wp-json\/wp\/v2\/product\/1905","targetHints":{"allow":["GET"]}}],"collection":[{"href":"https:\/\/gooddealersmeds.com\/de\/wp-json\/wp\/v2\/product"}],"about":[{"href":"https:\/\/gooddealersmeds.com\/de\/wp-json\/wp\/v2\/types\/product"}],"replies":[{"embeddable":true,"href":"https:\/\/gooddealersmeds.com\/de\/wp-json\/wp\/v2\/comments?post=1905"}],"wp:featuredmedia":[{"embeddable":true,"href":"https:\/\/gooddealersmeds.com\/de\/wp-json\/wp\/v2\/media\/1911"}],"wp:attachment":[{"href":"https:\/\/gooddealersmeds.com\/de\/wp-json\/wp\/v2\/media?parent=1905"}],"wp:term":[{"taxonomy":"product_brand","embeddable":true,"href":"https:\/\/gooddealersmeds.com\/de\/wp-json\/wp\/v2\/product_brand?post=1905"},{"taxonomy":"product_cat","embeddable":true,"href":"https:\/\/gooddealersmeds.com\/de\/wp-json\/wp\/v2\/product_cat?post=1905"},{"taxonomy":"product_tag","embeddable":true,"href":"https:\/\/gooddealersmeds.com\/de\/wp-json\/wp\/v2\/product_tag?post=1905"}],"curies":[{"name":"wp","href":"https:\/\/api.w.org\/{rel}","templated":true}]}}