{"id":1898,"date":"2022-07-03T11:54:52","date_gmt":"2022-07-03T11:54:52","guid":{"rendered":"https:\/\/gooddealersmeds.com\/de\/?post_type=product&#038;p=1898"},"modified":"2022-12-26T11:01:39","modified_gmt":"2022-12-26T11:01:39","slug":"25i-nbome-drug","status":"publish","type":"product","link":"https:\/\/gooddealersmeds.com\/de\/product\/25i-nbome-drug\/","title":{"rendered":"Bestellen Sie 25i NBOME-Medikament"},"content":{"rendered":"<h2>Kaufen Sie hochwertiges 25i NBOME-Medikament online<\/h2>\n<p>25i NBOME-Medikament ist eine Art von Medikament, das zur Behandlung einer Vielzahl von Erkrankungen verwendet wird. Das Medikament ist als 1-Methyl-4-phenyl-1,2,3,6-tetrahydropyridin (MPTP) bekannt und wurde in der Vergangenheit zur Behandlung der Parkinson-Krankheit eingesetzt. Es wurde jedoch aufgrund seiner toxischen Wirkung auf das Gehirn verboten, und es ist klar geworden, dass die Verwendung dieses Medikaments Ihr Nervensystem dauerhaft sch\u00e4digen kann.<\/p>\n<p>Wenn Sie dar\u00fcber nachdenken, 25i zu kaufen <a href=\"https:\/\/gooddealersmeds.com\/de\/product\/25i-nbome-drug\/\">NBOME Drug Online<\/a>, dann sollten Sie wissen, dass dieses Medikament in klinischen Studien verwendet wurde. Die Ergebnisse dieser Studien zeigten, dass es einen allgemeinen Nutzen f\u00fcr Patienten hatte, die an verschiedenen Krebsarten, einschlie\u00dflich Lungenkrebs und Lymphomen, litten. Dar\u00fcber hinaus wurde festgestellt, dass es gegen mehrere Krebsarten gleichzeitig wirksam ist.<\/p>\n<p><strong>\u00a0<\/strong><\/p>\n<p><strong>Warum 25i NBOME-Medikament online kaufen?<\/strong><\/p>\n<p>strong&gt;<\/p>\n<p>Viele Menschen, die dieses Medikament seit Jahren verwenden, haben berichtet, dass sie sich nach zu langer Anwendung depressiv oder unkonzentriert f\u00fchlen. W\u00e4hrend dies daran liegen kann, dass sie ihre Dosisgrenze erreicht oder die Einnahme ganz eingestellt haben, werden einige Menschen weiterhin unter diesen Symptomen leiden, auch nachdem sie die Online-Einnahme von 25i NBOME-Medikamenten eingestellt haben. Das bedeutet, dass es viele Menschen gibt, die aufgrund der Einnahme dieses Medikaments unter Nebenwirkungen gelitten haben, ohne vorher \u00fcber seine Gefahren Bescheid zu wissen!<\/p>\n<p><strong>\u00a0<\/strong><\/p>\n<p><strong>Wo kann man 25i NBOME Drug Online kaufen?<\/strong><\/p>\n<p>Wenn Sie die toxischen Wirkungen auf Ihr Gehirn loswerden m\u00f6chten, sehen Sie sich 25i NBOME Drug Online an. Good Dealers Meds bietet eine gro\u00dfe Auswahl an Produkten f\u00fcr alle Ihre Gehirnbed\u00fcrfnisse.<\/p>\n<p>Wir haben, was Sie brauchen, egal ob Sie nach etwas suchen, das Ihnen hilft, sich zu entspannen oder auf die Beine zu kommen. Wir verkaufen auch andere Medikamente, die n\u00fctzlich sein k\u00f6nnen. Wenn Sie eines dieser Medikamente kaufen m\u00f6chten, ohne in eine echte Apotheke reisen zu m\u00fcssen, dann sind Sie bei uns genau richtig!<\/p>\n<p><strong>\u00a0<\/strong><\/p>\n","protected":false},"excerpt":{"rendered":"<p>Buy 25I NBOMe Drug Online ist eine hochwertige Forschungschemikalie. Sie k\u00f6nnen 25I-NBOMe online zum Gro\u00dfhandelspreis kaufen. Sicherer Versand von 25I-NBOMe in die USA, die EU, das Vereinigte K\u00f6nigreich und andere L\u00e4nder.<\/p>\n","protected":false},"featured_media":1904,"comment_status":"open","ping_status":"closed","template":"","meta":{"inline_featured_image":false},"product_brand":[],"product_cat":[344],"product_tag":[],"class_list":{"0":"post-1898","1":"product","2":"type-product","3":"status-publish","4":"has-post-thumbnail","6":"product_cat-forschungschemikalien","8":"first","9":"instock","10":"shipping-taxable","11":"purchasable","12":"product-type-variable","13":"has-default-attributes"},"yoast_head":"<!-- This site is optimized with the Yoast SEO Premium plugin v20.6 (Yoast SEO v27.5) - https:\/\/yoast.com\/product\/yoast-seo-premium-wordpress\/ -->\n<title>Kaufen Sie 25I NBOMe - 25I NBOMe zum Verkauf | Good Dealers Meds<\/title>\n<meta name=\"description\" content=\"Kaufen Sie 25I NBOMe. Sie k\u00f6nnen 25I-NBOMe online zum Gro\u00dfhandelspreis kaufen. Sicherer Versand von 25I-NBOMe in die USA, die EU, das Vereinigte K\u00f6nigreich und andere L\u00e4nder.\" \/>\n<meta name=\"robots\" content=\"index, follow, max-snippet:-1, max-image-preview:large, max-video-preview:-1\" \/>\n<link rel=\"canonical\" href=\"https:\/\/gooddealersmeds.com\/de\/product\/25i-nbome-drug\/\" \/>\n<meta property=\"og:locale\" content=\"en_US\" \/>\n<meta property=\"og:type\" content=\"article\" \/>\n<meta property=\"og:title\" content=\"Bestellen Sie 25i NBOME-Medikament\" \/>\n<meta property=\"og:description\" content=\"Kaufen Sie 25I NBOMe. Sie k\u00f6nnen 25I-NBOMe online zum Gro\u00dfhandelspreis kaufen. Sicherer Versand von 25I-NBOMe in die USA, die EU, das Vereinigte K\u00f6nigreich und andere L\u00e4nder.\" \/>\n<meta property=\"og:url\" content=\"https:\/\/gooddealersmeds.com\/de\/product\/25i-nbome-drug\/\" \/>\n<meta property=\"og:site_name\" content=\"Good Dealers Meds\" \/>\n<meta property=\"article:modified_time\" content=\"2022-12-26T11:01:39+00:00\" \/>\n<meta property=\"og:image\" content=\"https:\/\/gooddealersmeds.com\/de\/wp-content\/uploads\/sites\/3\/2022\/07\/25i-NBOME-Drug.jpg\" \/>\n\t<meta property=\"og:image:width\" content=\"600\" \/>\n\t<meta property=\"og:image:height\" content=\"600\" \/>\n\t<meta property=\"og:image:type\" content=\"image\/jpeg\" \/>\n<meta name=\"twitter:card\" content=\"summary_large_image\" \/>\n<meta name=\"twitter:label1\" content=\"Est. reading time\" \/>\n\t<meta name=\"twitter:data1\" content=\"2 minutes\" \/>\n<script type=\"application\/ld+json\" class=\"yoast-schema-graph\">{\"@context\":\"https:\\\/\\\/schema.org\",\"@graph\":[{\"@type\":\"WebPage\",\"@id\":\"https:\\\/\\\/gooddealersmeds.com\\\/de\\\/product\\\/25i-nbome-drug\\\/\",\"url\":\"https:\\\/\\\/gooddealersmeds.com\\\/de\\\/product\\\/25i-nbome-drug\\\/\",\"name\":\"Kaufen Sie 25I NBOMe - 25I NBOMe zum Verkauf | Good Dealers Meds\",\"isPartOf\":{\"@id\":\"https:\\\/\\\/gooddealersmeds.com\\\/de\\\/#website\"},\"primaryImageOfPage\":{\"@id\":\"https:\\\/\\\/gooddealersmeds.com\\\/de\\\/product\\\/25i-nbome-drug\\\/#primaryimage\"},\"image\":{\"@id\":\"https:\\\/\\\/gooddealersmeds.com\\\/de\\\/product\\\/25i-nbome-drug\\\/#primaryimage\"},\"thumbnailUrl\":\"https:\\\/\\\/gooddealersmeds.com\\\/de\\\/wp-content\\\/uploads\\\/sites\\\/3\\\/2022\\\/07\\\/25i-NBOME-Drug.jpg\",\"datePublished\":\"2022-07-03T11:54:52+00:00\",\"dateModified\":\"2022-12-26T11:01:39+00:00\",\"description\":\"Kaufen Sie 25I NBOMe. Sie k\u00f6nnen 25I-NBOMe online zum Gro\u00dfhandelspreis kaufen. Sicherer Versand von 25I-NBOMe in die USA, die EU, das Vereinigte K\u00f6nigreich und andere L\u00e4nder.\",\"breadcrumb\":{\"@id\":\"https:\\\/\\\/gooddealersmeds.com\\\/de\\\/product\\\/25i-nbome-drug\\\/#breadcrumb\"},\"inLanguage\":\"en-US\",\"potentialAction\":[{\"@type\":\"ReadAction\",\"target\":[\"https:\\\/\\\/gooddealersmeds.com\\\/de\\\/product\\\/25i-nbome-drug\\\/\"]}]},{\"@type\":\"ImageObject\",\"inLanguage\":\"en-US\",\"@id\":\"https:\\\/\\\/gooddealersmeds.com\\\/de\\\/product\\\/25i-nbome-drug\\\/#primaryimage\",\"url\":\"https:\\\/\\\/gooddealersmeds.com\\\/de\\\/wp-content\\\/uploads\\\/sites\\\/3\\\/2022\\\/07\\\/25i-NBOME-Drug.jpg\",\"contentUrl\":\"https:\\\/\\\/gooddealersmeds.com\\\/de\\\/wp-content\\\/uploads\\\/sites\\\/3\\\/2022\\\/07\\\/25i-NBOME-Drug.jpg\",\"width\":600,\"height\":600,\"caption\":\"Buy 25I NBOMe Drug\"},{\"@type\":\"BreadcrumbList\",\"@id\":\"https:\\\/\\\/gooddealersmeds.com\\\/de\\\/product\\\/25i-nbome-drug\\\/#breadcrumb\",\"itemListElement\":[{\"@type\":\"ListItem\",\"position\":1,\"name\":\"Home\",\"item\":\"https:\\\/\\\/gooddealersmeds.com\\\/de\\\/\"},{\"@type\":\"ListItem\",\"position\":2,\"name\":\"Produkte\",\"item\":\"https:\\\/\\\/gooddealersmeds.com\\\/de\\\/produkte\\\/\"},{\"@type\":\"ListItem\",\"position\":3,\"name\":\"Bestellen Sie 25i NBOME-Medikament\"}]},{\"@type\":\"WebSite\",\"@id\":\"https:\\\/\\\/gooddealersmeds.com\\\/de\\\/#website\",\"url\":\"https:\\\/\\\/gooddealersmeds.com\\\/de\\\/\",\"name\":\"Good Dealers Meds\",\"description\":\"All our best\",\"publisher\":{\"@id\":\"https:\\\/\\\/gooddealersmeds.com\\\/de\\\/#organization\"},\"potentialAction\":[{\"@type\":\"SearchAction\",\"target\":{\"@type\":\"EntryPoint\",\"urlTemplate\":\"https:\\\/\\\/gooddealersmeds.com\\\/de\\\/?s={search_term_string}\"},\"query-input\":{\"@type\":\"PropertyValueSpecification\",\"valueRequired\":true,\"valueName\":\"search_term_string\"}}],\"inLanguage\":\"en-US\"},{\"@type\":\"Organization\",\"@id\":\"https:\\\/\\\/gooddealersmeds.com\\\/de\\\/#organization\",\"name\":\"Good Dealers Meds\",\"url\":\"https:\\\/\\\/gooddealersmeds.com\\\/de\\\/\",\"logo\":{\"@type\":\"ImageObject\",\"inLanguage\":\"en-US\",\"@id\":\"https:\\\/\\\/gooddealersmeds.com\\\/de\\\/#\\\/schema\\\/logo\\\/image\\\/\",\"url\":\"https:\\\/\\\/gooddealersmeds.com\\\/de\\\/wp-content\\\/uploads\\\/sites\\\/3\\\/2022\\\/03\\\/gooddealersmeds__logo__20220317T222800Z.00.png\",\"contentUrl\":\"https:\\\/\\\/gooddealersmeds.com\\\/de\\\/wp-content\\\/uploads\\\/sites\\\/3\\\/2022\\\/03\\\/gooddealersmeds__logo__20220317T222800Z.00.png\",\"width\":500,\"height\":325,\"caption\":\"Good Dealers Meds\"},\"image\":{\"@id\":\"https:\\\/\\\/gooddealersmeds.com\\\/de\\\/#\\\/schema\\\/logo\\\/image\\\/\"}}]}<\/script>\n<!-- \/ Yoast SEO Premium plugin. -->","yoast_head_json":{"title":"Kaufen Sie 25I NBOMe - 25I NBOMe zum Verkauf | Good Dealers Meds","description":"Kaufen Sie 25I NBOMe. Sie k\u00f6nnen 25I-NBOMe online zum Gro\u00dfhandelspreis kaufen. Sicherer Versand von 25I-NBOMe in die USA, die EU, das Vereinigte K\u00f6nigreich und andere L\u00e4nder.","robots":{"index":"index","follow":"follow","max-snippet":"max-snippet:-1","max-image-preview":"max-image-preview:large","max-video-preview":"max-video-preview:-1"},"canonical":"https:\/\/gooddealersmeds.com\/de\/product\/25i-nbome-drug\/","og_locale":"en_US","og_type":"article","og_title":"Bestellen Sie 25i NBOME-Medikament","og_description":"Kaufen Sie 25I NBOMe. Sie k\u00f6nnen 25I-NBOMe online zum Gro\u00dfhandelspreis kaufen. Sicherer Versand von 25I-NBOMe in die USA, die EU, das Vereinigte K\u00f6nigreich und andere L\u00e4nder.","og_url":"https:\/\/gooddealersmeds.com\/de\/product\/25i-nbome-drug\/","og_site_name":"Good Dealers Meds","article_modified_time":"2022-12-26T11:01:39+00:00","og_image":[{"width":600,"height":600,"url":"https:\/\/gooddealersmeds.com\/de\/wp-content\/uploads\/sites\/3\/2022\/07\/25i-NBOME-Drug.jpg","type":"image\/jpeg"}],"twitter_card":"summary_large_image","twitter_misc":{"Est. reading time":"2 minutes"},"schema":{"@context":"https:\/\/schema.org","@graph":[{"@type":"WebPage","@id":"https:\/\/gooddealersmeds.com\/de\/product\/25i-nbome-drug\/","url":"https:\/\/gooddealersmeds.com\/de\/product\/25i-nbome-drug\/","name":"Kaufen Sie 25I NBOMe - 25I NBOMe zum Verkauf | Good Dealers Meds","isPartOf":{"@id":"https:\/\/gooddealersmeds.com\/de\/#website"},"primaryImageOfPage":{"@id":"https:\/\/gooddealersmeds.com\/de\/product\/25i-nbome-drug\/#primaryimage"},"image":{"@id":"https:\/\/gooddealersmeds.com\/de\/product\/25i-nbome-drug\/#primaryimage"},"thumbnailUrl":"https:\/\/gooddealersmeds.com\/de\/wp-content\/uploads\/sites\/3\/2022\/07\/25i-NBOME-Drug.jpg","datePublished":"2022-07-03T11:54:52+00:00","dateModified":"2022-12-26T11:01:39+00:00","description":"Kaufen Sie 25I NBOMe. Sie k\u00f6nnen 25I-NBOMe online zum Gro\u00dfhandelspreis kaufen. Sicherer Versand von 25I-NBOMe in die USA, die EU, das Vereinigte K\u00f6nigreich und andere L\u00e4nder.","breadcrumb":{"@id":"https:\/\/gooddealersmeds.com\/de\/product\/25i-nbome-drug\/#breadcrumb"},"inLanguage":"en-US","potentialAction":[{"@type":"ReadAction","target":["https:\/\/gooddealersmeds.com\/de\/product\/25i-nbome-drug\/"]}]},{"@type":"ImageObject","inLanguage":"en-US","@id":"https:\/\/gooddealersmeds.com\/de\/product\/25i-nbome-drug\/#primaryimage","url":"https:\/\/gooddealersmeds.com\/de\/wp-content\/uploads\/sites\/3\/2022\/07\/25i-NBOME-Drug.jpg","contentUrl":"https:\/\/gooddealersmeds.com\/de\/wp-content\/uploads\/sites\/3\/2022\/07\/25i-NBOME-Drug.jpg","width":600,"height":600,"caption":"Buy 25I NBOMe Drug"},{"@type":"BreadcrumbList","@id":"https:\/\/gooddealersmeds.com\/de\/product\/25i-nbome-drug\/#breadcrumb","itemListElement":[{"@type":"ListItem","position":1,"name":"Home","item":"https:\/\/gooddealersmeds.com\/de\/"},{"@type":"ListItem","position":2,"name":"Produkte","item":"https:\/\/gooddealersmeds.com\/de\/produkte\/"},{"@type":"ListItem","position":3,"name":"Bestellen Sie 25i NBOME-Medikament"}]},{"@type":"WebSite","@id":"https:\/\/gooddealersmeds.com\/de\/#website","url":"https:\/\/gooddealersmeds.com\/de\/","name":"Good Dealers Meds","description":"All our best","publisher":{"@id":"https:\/\/gooddealersmeds.com\/de\/#organization"},"potentialAction":[{"@type":"SearchAction","target":{"@type":"EntryPoint","urlTemplate":"https:\/\/gooddealersmeds.com\/de\/?s={search_term_string}"},"query-input":{"@type":"PropertyValueSpecification","valueRequired":true,"valueName":"search_term_string"}}],"inLanguage":"en-US"},{"@type":"Organization","@id":"https:\/\/gooddealersmeds.com\/de\/#organization","name":"Good Dealers Meds","url":"https:\/\/gooddealersmeds.com\/de\/","logo":{"@type":"ImageObject","inLanguage":"en-US","@id":"https:\/\/gooddealersmeds.com\/de\/#\/schema\/logo\/image\/","url":"https:\/\/gooddealersmeds.com\/de\/wp-content\/uploads\/sites\/3\/2022\/03\/gooddealersmeds__logo__20220317T222800Z.00.png","contentUrl":"https:\/\/gooddealersmeds.com\/de\/wp-content\/uploads\/sites\/3\/2022\/03\/gooddealersmeds__logo__20220317T222800Z.00.png","width":500,"height":325,"caption":"Good Dealers Meds"},"image":{"@id":"https:\/\/gooddealersmeds.com\/de\/#\/schema\/logo\/image\/"}}]}},"_links":{"self":[{"href":"https:\/\/gooddealersmeds.com\/de\/wp-json\/wp\/v2\/product\/1898","targetHints":{"allow":["GET"]}}],"collection":[{"href":"https:\/\/gooddealersmeds.com\/de\/wp-json\/wp\/v2\/product"}],"about":[{"href":"https:\/\/gooddealersmeds.com\/de\/wp-json\/wp\/v2\/types\/product"}],"replies":[{"embeddable":true,"href":"https:\/\/gooddealersmeds.com\/de\/wp-json\/wp\/v2\/comments?post=1898"}],"wp:featuredmedia":[{"embeddable":true,"href":"https:\/\/gooddealersmeds.com\/de\/wp-json\/wp\/v2\/media\/1904"}],"wp:attachment":[{"href":"https:\/\/gooddealersmeds.com\/de\/wp-json\/wp\/v2\/media?parent=1898"}],"wp:term":[{"taxonomy":"product_brand","embeddable":true,"href":"https:\/\/gooddealersmeds.com\/de\/wp-json\/wp\/v2\/product_brand?post=1898"},{"taxonomy":"product_cat","embeddable":true,"href":"https:\/\/gooddealersmeds.com\/de\/wp-json\/wp\/v2\/product_cat?post=1898"},{"taxonomy":"product_tag","embeddable":true,"href":"https:\/\/gooddealersmeds.com\/de\/wp-json\/wp\/v2\/product_tag?post=1898"}],"curies":[{"name":"wp","href":"https:\/\/api.w.org\/{rel}","templated":true}]}}