{"id":1891,"date":"2022-07-03T11:48:53","date_gmt":"2022-07-03T11:48:53","guid":{"rendered":"https:\/\/gooddealersmeds.com\/de\/?post_type=product&#038;p=1891"},"modified":"2022-12-26T11:04:12","modified_gmt":"2022-12-26T11:04:12","slug":"3-meo-pcp-medikament","status":"publish","type":"product","link":"https:\/\/gooddealersmeds.com\/de\/product\/3-meo-pcp-medikament\/","title":{"rendered":"Kaufen Sie 3-MEO PCP-Medikament"},"content":{"rendered":"<h2>Kaufen Sie hochwertiges 3-MEO PCP-Medikament online<\/h2>\n<p>Das Designer-Medikament <a href=\"https:\/\/en.wikipedia.org\/wiki \/3-MeO-PCP\">3-Methoxyphencyclidin<\/a> geh\u00f6rt zur Klasse der dissoziativen Halluzinogene der Arylcyclohexylamine. NMDA-Rezeptoren sind sein prim\u00e4res Ziel, aber es interagiert auch mit den Sigma-1-3-Rezeptoren und dem Serotonin-Transporter. Das Medikament weist keine Opioidaktivit\u00e4t auf und wirkt auch nicht als Dopamin-Wiederaufnahmehemmer. Kaufen Sie das 3-MeO-PCP-Medikament online.<\/p>\n<p>&nbsp;<\/p>\n<p><strong>Was macht den Online-Kauf des 25i-NBOME-Medikaments zum besten?<\/strong><\/p>\n<p>Sie Vielleicht m\u00f6chten Sie 25i NBOME Drug online bestellen, wenn Sie nach einer Behandlungsform suchen, ohne sich Gedanken \u00fcber Nebenwirkungen oder die Kosten in Ihrer \u00f6rtlichen Apotheke machen zu m\u00fcssen. Dar\u00fcber hinaus finden die meisten, dass der Online-Kauf dieser Medikamente viel bequemer und wirtschaftlicher ist, als sie pers\u00f6nlich zu kaufen. Kaufen Sie 3-MeO-PCP online<\/p>\n<p>&nbsp;<\/p>\n<p><strong>Der beste Ort zum Bestellen<\/strong><strong> 3-MEO PCP-Medikament<\/strong><\/p>\n<p>Der beste Ort, um 3-MEO PCP-Medikament online zu kaufen, ist in einer seri\u00f6sen Apotheke oder einem Online-Shop. Sie sollten immer sicherstellen, dass das Unternehmen, das dieses Produkt verkauft, von der FDA zugelassen und von einer anderen Beh\u00f6rde wie der National Association of Boards of Pharmacy (NABP) zertifiziert ist. Dadurch wird sichergestellt, dass sie beim landesweiten Vertrieb ihrer Produkte strenge Richtlinien befolgen.<\/p>\n<p>Und <a href=\"https:\/\/gooddealersmeds.com\/de\/product\/3-meo-pcp-drug \/\">Good Dealers Meds<\/a> ist ein Ort, der alle K\u00e4stchen in der Anforderungsliste ankreuzt.<\/p>\n","protected":false},"excerpt":{"rendered":"<p>Kaufen Sie 3-MeO-PCP-Medikament online im Gro\u00dfhandel vom Hersteller, hohe Qualit\u00e4t zu einem niedrigen Preis mit weltweitem Versand wird als dissoziative Verbindung klassifiziert.<\/p>\n","protected":false},"featured_media":1897,"comment_status":"open","ping_status":"closed","template":"","meta":{"inline_featured_image":false},"product_brand":[],"product_cat":[344],"product_tag":[],"class_list":{"0":"post-1891","1":"product","2":"type-product","3":"status-publish","4":"has-post-thumbnail","6":"product_cat-forschungschemikalien","8":"first","9":"instock","10":"shipping-taxable","11":"purchasable","12":"product-type-variable","13":"has-default-attributes"},"yoast_head":"<!-- This site is optimized with the Yoast SEO Premium plugin v20.6 (Yoast SEO v27.4) - https:\/\/yoast.com\/product\/yoast-seo-premium-wordpress\/ -->\n<title>Kaufen Sie 3-MeO-PCP online | 3-MeO-PCP zum Verkauf<\/title>\n<meta name=\"description\" content=\"Kaufen Sie 3-MeO-PCP online im Gro\u00dfhandel vom Hersteller bei Good Dealers Meds, hohe Qualit\u00e4t zu einem niedrigen Preis mit weltweitem Versand.\" \/>\n<meta name=\"robots\" content=\"index, follow, max-snippet:-1, max-image-preview:large, max-video-preview:-1\" \/>\n<link rel=\"canonical\" href=\"https:\/\/gooddealersmeds.com\/de\/product\/3-meo-pcp-medikament\/\" \/>\n<meta property=\"og:locale\" content=\"en_US\" \/>\n<meta property=\"og:type\" content=\"article\" \/>\n<meta property=\"og:title\" content=\"Kaufen Sie 3-MEO PCP-Medikament\" \/>\n<meta property=\"og:description\" content=\"Kaufen Sie 3-MeO-PCP online im Gro\u00dfhandel vom Hersteller bei Good Dealers Meds, hohe Qualit\u00e4t zu einem niedrigen Preis mit weltweitem Versand.\" \/>\n<meta property=\"og:url\" content=\"https:\/\/gooddealersmeds.com\/de\/product\/3-meo-pcp-medikament\/\" \/>\n<meta property=\"og:site_name\" content=\"Good Dealers Meds\" \/>\n<meta property=\"article:modified_time\" content=\"2022-12-26T11:04:12+00:00\" \/>\n<meta property=\"og:image\" content=\"https:\/\/gooddealersmeds.com\/de\/wp-content\/uploads\/sites\/3\/2022\/07\/3-MEO-PCP-Drug.jpg\" \/>\n\t<meta property=\"og:image:width\" content=\"600\" \/>\n\t<meta property=\"og:image:height\" content=\"600\" \/>\n\t<meta property=\"og:image:type\" content=\"image\/jpeg\" \/>\n<meta name=\"twitter:card\" content=\"summary_large_image\" \/>\n<meta name=\"twitter:label1\" content=\"Est. reading time\" \/>\n\t<meta name=\"twitter:data1\" content=\"1 minute\" \/>\n<script type=\"application\/ld+json\" class=\"yoast-schema-graph\">{\"@context\":\"https:\\\/\\\/schema.org\",\"@graph\":[{\"@type\":\"WebPage\",\"@id\":\"https:\\\/\\\/gooddealersmeds.com\\\/de\\\/product\\\/3-meo-pcp-medikament\\\/\",\"url\":\"https:\\\/\\\/gooddealersmeds.com\\\/de\\\/product\\\/3-meo-pcp-medikament\\\/\",\"name\":\"Kaufen Sie 3-MeO-PCP online | 3-MeO-PCP zum Verkauf\",\"isPartOf\":{\"@id\":\"https:\\\/\\\/gooddealersmeds.com\\\/de\\\/#website\"},\"primaryImageOfPage\":{\"@id\":\"https:\\\/\\\/gooddealersmeds.com\\\/de\\\/product\\\/3-meo-pcp-medikament\\\/#primaryimage\"},\"image\":{\"@id\":\"https:\\\/\\\/gooddealersmeds.com\\\/de\\\/product\\\/3-meo-pcp-medikament\\\/#primaryimage\"},\"thumbnailUrl\":\"https:\\\/\\\/gooddealersmeds.com\\\/de\\\/wp-content\\\/uploads\\\/sites\\\/3\\\/2022\\\/07\\\/3-MEO-PCP-Drug.jpg\",\"datePublished\":\"2022-07-03T11:48:53+00:00\",\"dateModified\":\"2022-12-26T11:04:12+00:00\",\"description\":\"Kaufen Sie 3-MeO-PCP online im Gro\u00dfhandel vom Hersteller bei Good Dealers Meds, hohe Qualit\u00e4t zu einem niedrigen Preis mit weltweitem Versand.\",\"breadcrumb\":{\"@id\":\"https:\\\/\\\/gooddealersmeds.com\\\/de\\\/product\\\/3-meo-pcp-medikament\\\/#breadcrumb\"},\"inLanguage\":\"en-US\",\"potentialAction\":[{\"@type\":\"ReadAction\",\"target\":[\"https:\\\/\\\/gooddealersmeds.com\\\/de\\\/product\\\/3-meo-pcp-medikament\\\/\"]}]},{\"@type\":\"ImageObject\",\"inLanguage\":\"en-US\",\"@id\":\"https:\\\/\\\/gooddealersmeds.com\\\/de\\\/product\\\/3-meo-pcp-medikament\\\/#primaryimage\",\"url\":\"https:\\\/\\\/gooddealersmeds.com\\\/de\\\/wp-content\\\/uploads\\\/sites\\\/3\\\/2022\\\/07\\\/3-MEO-PCP-Drug.jpg\",\"contentUrl\":\"https:\\\/\\\/gooddealersmeds.com\\\/de\\\/wp-content\\\/uploads\\\/sites\\\/3\\\/2022\\\/07\\\/3-MEO-PCP-Drug.jpg\",\"width\":600,\"height\":600,\"caption\":\"Buy 3-MeO-PCP Drug Online\"},{\"@type\":\"BreadcrumbList\",\"@id\":\"https:\\\/\\\/gooddealersmeds.com\\\/de\\\/product\\\/3-meo-pcp-medikament\\\/#breadcrumb\",\"itemListElement\":[{\"@type\":\"ListItem\",\"position\":1,\"name\":\"Home\",\"item\":\"https:\\\/\\\/gooddealersmeds.com\\\/de\\\/\"},{\"@type\":\"ListItem\",\"position\":2,\"name\":\"Produkte\",\"item\":\"https:\\\/\\\/gooddealersmeds.com\\\/de\\\/produkte\\\/\"},{\"@type\":\"ListItem\",\"position\":3,\"name\":\"Kaufen Sie 3-MEO PCP-Medikament\"}]},{\"@type\":\"WebSite\",\"@id\":\"https:\\\/\\\/gooddealersmeds.com\\\/de\\\/#website\",\"url\":\"https:\\\/\\\/gooddealersmeds.com\\\/de\\\/\",\"name\":\"Good Dealers Meds\",\"description\":\"All our best\",\"publisher\":{\"@id\":\"https:\\\/\\\/gooddealersmeds.com\\\/de\\\/#organization\"},\"potentialAction\":[{\"@type\":\"SearchAction\",\"target\":{\"@type\":\"EntryPoint\",\"urlTemplate\":\"https:\\\/\\\/gooddealersmeds.com\\\/de\\\/?s={search_term_string}\"},\"query-input\":{\"@type\":\"PropertyValueSpecification\",\"valueRequired\":true,\"valueName\":\"search_term_string\"}}],\"inLanguage\":\"en-US\"},{\"@type\":\"Organization\",\"@id\":\"https:\\\/\\\/gooddealersmeds.com\\\/de\\\/#organization\",\"name\":\"Good Dealers Meds\",\"url\":\"https:\\\/\\\/gooddealersmeds.com\\\/de\\\/\",\"logo\":{\"@type\":\"ImageObject\",\"inLanguage\":\"en-US\",\"@id\":\"https:\\\/\\\/gooddealersmeds.com\\\/de\\\/#\\\/schema\\\/logo\\\/image\\\/\",\"url\":\"https:\\\/\\\/gooddealersmeds.com\\\/de\\\/wp-content\\\/uploads\\\/sites\\\/3\\\/2022\\\/03\\\/gooddealersmeds__logo__20220317T222800Z.00.png\",\"contentUrl\":\"https:\\\/\\\/gooddealersmeds.com\\\/de\\\/wp-content\\\/uploads\\\/sites\\\/3\\\/2022\\\/03\\\/gooddealersmeds__logo__20220317T222800Z.00.png\",\"width\":500,\"height\":325,\"caption\":\"Good Dealers Meds\"},\"image\":{\"@id\":\"https:\\\/\\\/gooddealersmeds.com\\\/de\\\/#\\\/schema\\\/logo\\\/image\\\/\"}}]}<\/script>\n<!-- \/ Yoast SEO Premium plugin. -->","yoast_head_json":{"title":"Kaufen Sie 3-MeO-PCP online | 3-MeO-PCP zum Verkauf","description":"Kaufen Sie 3-MeO-PCP online im Gro\u00dfhandel vom Hersteller bei Good Dealers Meds, hohe Qualit\u00e4t zu einem niedrigen Preis mit weltweitem Versand.","robots":{"index":"index","follow":"follow","max-snippet":"max-snippet:-1","max-image-preview":"max-image-preview:large","max-video-preview":"max-video-preview:-1"},"canonical":"https:\/\/gooddealersmeds.com\/de\/product\/3-meo-pcp-medikament\/","og_locale":"en_US","og_type":"article","og_title":"Kaufen Sie 3-MEO PCP-Medikament","og_description":"Kaufen Sie 3-MeO-PCP online im Gro\u00dfhandel vom Hersteller bei Good Dealers Meds, hohe Qualit\u00e4t zu einem niedrigen Preis mit weltweitem Versand.","og_url":"https:\/\/gooddealersmeds.com\/de\/product\/3-meo-pcp-medikament\/","og_site_name":"Good Dealers Meds","article_modified_time":"2022-12-26T11:04:12+00:00","og_image":[{"width":600,"height":600,"url":"https:\/\/gooddealersmeds.com\/de\/wp-content\/uploads\/sites\/3\/2022\/07\/3-MEO-PCP-Drug.jpg","type":"image\/jpeg"}],"twitter_card":"summary_large_image","twitter_misc":{"Est. reading time":"1 minute"},"schema":{"@context":"https:\/\/schema.org","@graph":[{"@type":"WebPage","@id":"https:\/\/gooddealersmeds.com\/de\/product\/3-meo-pcp-medikament\/","url":"https:\/\/gooddealersmeds.com\/de\/product\/3-meo-pcp-medikament\/","name":"Kaufen Sie 3-MeO-PCP online | 3-MeO-PCP zum Verkauf","isPartOf":{"@id":"https:\/\/gooddealersmeds.com\/de\/#website"},"primaryImageOfPage":{"@id":"https:\/\/gooddealersmeds.com\/de\/product\/3-meo-pcp-medikament\/#primaryimage"},"image":{"@id":"https:\/\/gooddealersmeds.com\/de\/product\/3-meo-pcp-medikament\/#primaryimage"},"thumbnailUrl":"https:\/\/gooddealersmeds.com\/de\/wp-content\/uploads\/sites\/3\/2022\/07\/3-MEO-PCP-Drug.jpg","datePublished":"2022-07-03T11:48:53+00:00","dateModified":"2022-12-26T11:04:12+00:00","description":"Kaufen Sie 3-MeO-PCP online im Gro\u00dfhandel vom Hersteller bei Good Dealers Meds, hohe Qualit\u00e4t zu einem niedrigen Preis mit weltweitem Versand.","breadcrumb":{"@id":"https:\/\/gooddealersmeds.com\/de\/product\/3-meo-pcp-medikament\/#breadcrumb"},"inLanguage":"en-US","potentialAction":[{"@type":"ReadAction","target":["https:\/\/gooddealersmeds.com\/de\/product\/3-meo-pcp-medikament\/"]}]},{"@type":"ImageObject","inLanguage":"en-US","@id":"https:\/\/gooddealersmeds.com\/de\/product\/3-meo-pcp-medikament\/#primaryimage","url":"https:\/\/gooddealersmeds.com\/de\/wp-content\/uploads\/sites\/3\/2022\/07\/3-MEO-PCP-Drug.jpg","contentUrl":"https:\/\/gooddealersmeds.com\/de\/wp-content\/uploads\/sites\/3\/2022\/07\/3-MEO-PCP-Drug.jpg","width":600,"height":600,"caption":"Buy 3-MeO-PCP Drug Online"},{"@type":"BreadcrumbList","@id":"https:\/\/gooddealersmeds.com\/de\/product\/3-meo-pcp-medikament\/#breadcrumb","itemListElement":[{"@type":"ListItem","position":1,"name":"Home","item":"https:\/\/gooddealersmeds.com\/de\/"},{"@type":"ListItem","position":2,"name":"Produkte","item":"https:\/\/gooddealersmeds.com\/de\/produkte\/"},{"@type":"ListItem","position":3,"name":"Kaufen Sie 3-MEO PCP-Medikament"}]},{"@type":"WebSite","@id":"https:\/\/gooddealersmeds.com\/de\/#website","url":"https:\/\/gooddealersmeds.com\/de\/","name":"Good Dealers Meds","description":"All our best","publisher":{"@id":"https:\/\/gooddealersmeds.com\/de\/#organization"},"potentialAction":[{"@type":"SearchAction","target":{"@type":"EntryPoint","urlTemplate":"https:\/\/gooddealersmeds.com\/de\/?s={search_term_string}"},"query-input":{"@type":"PropertyValueSpecification","valueRequired":true,"valueName":"search_term_string"}}],"inLanguage":"en-US"},{"@type":"Organization","@id":"https:\/\/gooddealersmeds.com\/de\/#organization","name":"Good Dealers Meds","url":"https:\/\/gooddealersmeds.com\/de\/","logo":{"@type":"ImageObject","inLanguage":"en-US","@id":"https:\/\/gooddealersmeds.com\/de\/#\/schema\/logo\/image\/","url":"https:\/\/gooddealersmeds.com\/de\/wp-content\/uploads\/sites\/3\/2022\/03\/gooddealersmeds__logo__20220317T222800Z.00.png","contentUrl":"https:\/\/gooddealersmeds.com\/de\/wp-content\/uploads\/sites\/3\/2022\/03\/gooddealersmeds__logo__20220317T222800Z.00.png","width":500,"height":325,"caption":"Good Dealers Meds"},"image":{"@id":"https:\/\/gooddealersmeds.com\/de\/#\/schema\/logo\/image\/"}}]}},"_links":{"self":[{"href":"https:\/\/gooddealersmeds.com\/de\/wp-json\/wp\/v2\/product\/1891","targetHints":{"allow":["GET"]}}],"collection":[{"href":"https:\/\/gooddealersmeds.com\/de\/wp-json\/wp\/v2\/product"}],"about":[{"href":"https:\/\/gooddealersmeds.com\/de\/wp-json\/wp\/v2\/types\/product"}],"replies":[{"embeddable":true,"href":"https:\/\/gooddealersmeds.com\/de\/wp-json\/wp\/v2\/comments?post=1891"}],"wp:featuredmedia":[{"embeddable":true,"href":"https:\/\/gooddealersmeds.com\/de\/wp-json\/wp\/v2\/media\/1897"}],"wp:attachment":[{"href":"https:\/\/gooddealersmeds.com\/de\/wp-json\/wp\/v2\/media?parent=1891"}],"wp:term":[{"taxonomy":"product_brand","embeddable":true,"href":"https:\/\/gooddealersmeds.com\/de\/wp-json\/wp\/v2\/product_brand?post=1891"},{"taxonomy":"product_cat","embeddable":true,"href":"https:\/\/gooddealersmeds.com\/de\/wp-json\/wp\/v2\/product_cat?post=1891"},{"taxonomy":"product_tag","embeddable":true,"href":"https:\/\/gooddealersmeds.com\/de\/wp-json\/wp\/v2\/product_tag?post=1891"}],"curies":[{"name":"wp","href":"https:\/\/api.w.org\/{rel}","templated":true}]}}