{"id":1885,"date":"2022-07-03T11:42:40","date_gmt":"2022-07-03T11:42:40","guid":{"rendered":"https:\/\/gooddealersmeds.com\/de\/?post_type=product&#038;p=1885"},"modified":"2022-12-26T11:11:26","modified_gmt":"2022-12-26T11:11:26","slug":"4-aco-dmt-medikament","status":"publish","type":"product","link":"https:\/\/gooddealersmeds.com\/de\/product\/4-aco-dmt-medikament\/","title":{"rendered":"Kaufen Sie 4-ACO DMT-Medikament"},"content":{"rendered":"<h2>Kaufen Sie 4-ACO DMT-Medikament online bei Good Dealers Meds.<\/h2>\n<p>4-ACO DMT Drug ist ein psychoaktives Medikament, das aus dem Gift des K\u00f6rpers einer bestimmten K\u00e4ferart hergestellt wird. Der Name bedeutet auf Spanisch \u201evierhundert\u201c. Ureinwohner verwendeten es urspr\u00fcnglich in Mexiko und Mittelamerika f\u00fcr spirituelle Zwecke, aber es ist jetzt in einigen L\u00e4ndern f\u00fcr den Freizeitgebrauch legal. Kaufen Sie 4-ACO-DMT online<\/p>\n<p>Der Wirkstoff in 4-ACO-DMT-Medikament ist 5-Methoxy-N (5-MeO-DIPT). Es ist anderen Tryptaminen wie Psilocybin-Pilzen und Salvia Divinorum \u00e4hnlich, aber st\u00e4rker. Die Wirkung dieses Medikaments h\u00e4lt l\u00e4nger an und wird von Personen, die es in der Freizeit verwenden, weniger wahrscheinlich empfunden als von Personen, die Psilocybin-Pilze oder Salvia Divinorum in der Freizeit verwenden, da es eine viel h\u00f6here Konzentration an 5-MeO-DIPT aufweist als jede dieser anderen Verbindungen.<\/p>\n<p><strong>\u00a0<\/strong><\/p>\n<p><strong>Warum 4-ACO DMT-Medikament online kaufen?<\/strong><\/p>\n<p>Kauf von 4-ACO DMT-Medikament Online ist der beste Weg, das Medikament zu kaufen, da viele Online-Websites narrensichere Bequemlichkeit und Sicherheit bieten. Mit der Einf\u00fchrung des Internets nutzen immer mehr Menschen Online-Websites und Drogerien, um Medikamente zu kaufen, die sie physisch nur schwer kaufen k\u00f6nnen. Kaufen Sie das 4-ACO-DMT-Medikament online<\/p>\n<p><strong>\u00a0<\/strong><\/p>\n<p><strong>Der beste Ort, um das 4-ACO-DMT-Medikament zu bestellen<\/strong><\/p>\n<p>Der beste Ort, um 4-ACO DMT Drug Online zu kaufen, ist <a href=\"https:\/\/gooddealersmeds.com\/de\/product\/4-aco-dmt-drug\/\">Good Dealers Meds<\/a>. Sie bieten eine gro\u00dfe Auswahl an verschiedenen Arten von Medikamenten zu niedrigen Preisen, sodass Sie genau das bekommen, was Sie wollen, ohne sich Sorgen machen zu m\u00fcssen, Ihr Budget zu sprengen!<\/p>\n","protected":false},"excerpt":{"rendered":"<p>Kaufen Sie 4-Aco-DMT-Medikament online, 4-AcO-DMT ist ein synthetisch hergestelltes psychoaktives Medikament und wurde von David Nichols als potenziell n\u00fctzliche Alternative zu Psilocybin f\u00fcr pharmakologische Studien vorgeschlagen.<\/p>\n","protected":false},"featured_media":1890,"comment_status":"open","ping_status":"closed","template":"","meta":{"inline_featured_image":false},"product_brand":[],"product_cat":[344],"product_tag":[],"class_list":{"0":"post-1885","1":"product","2":"type-product","3":"status-publish","4":"has-post-thumbnail","6":"product_cat-forschungschemikalien","8":"first","9":"instock","10":"shipping-taxable","11":"purchasable","12":"product-type-variable","13":"has-default-attributes"},"yoast_head":"<!-- This site is optimized with the Yoast SEO Premium plugin v20.6 (Yoast SEO v27.3) - https:\/\/yoast.com\/product\/yoast-seo-premium-wordpress\/ -->\n<title>Kaufen Sie 4-ACO-DMT online | 4-ACO-DMT zum Verkauf<\/title>\n<meta name=\"description\" content=\"Kaufen Sie 4-ACO-DMT online, synthetisch hergestelltes psychoaktives Medikament, potenziell n\u00fctzliche Alternative zu Psilocybin f\u00fcr pharmakologische Studien.\" \/>\n<meta name=\"robots\" content=\"index, follow, max-snippet:-1, max-image-preview:large, max-video-preview:-1\" \/>\n<link rel=\"canonical\" href=\"https:\/\/gooddealersmeds.com\/de\/product\/4-aco-dmt-medikament\/\" \/>\n<meta property=\"og:locale\" content=\"en_US\" \/>\n<meta property=\"og:type\" content=\"article\" \/>\n<meta property=\"og:title\" content=\"Kaufen Sie 4-ACO DMT-Medikament\" \/>\n<meta property=\"og:description\" content=\"Kaufen Sie 4-ACO-DMT online, synthetisch hergestelltes psychoaktives Medikament, potenziell n\u00fctzliche Alternative zu Psilocybin f\u00fcr pharmakologische Studien.\" \/>\n<meta property=\"og:url\" content=\"https:\/\/gooddealersmeds.com\/de\/product\/4-aco-dmt-medikament\/\" \/>\n<meta property=\"og:site_name\" content=\"Good Dealers Meds\" \/>\n<meta property=\"article:modified_time\" content=\"2022-12-26T11:11:26+00:00\" \/>\n<meta property=\"og:image\" content=\"https:\/\/gooddealersmeds.com\/de\/wp-content\/uploads\/sites\/3\/2022\/07\/Buy-4-Aco-DMT-Quality-Drug-Online.jpg\" \/>\n\t<meta property=\"og:image:width\" content=\"600\" \/>\n\t<meta property=\"og:image:height\" content=\"600\" \/>\n\t<meta property=\"og:image:type\" content=\"image\/jpeg\" \/>\n<meta name=\"twitter:card\" content=\"summary_large_image\" \/>\n<meta name=\"twitter:label1\" content=\"Est. reading time\" \/>\n\t<meta name=\"twitter:data1\" content=\"1 minute\" \/>\n<script type=\"application\/ld+json\" class=\"yoast-schema-graph\">{\"@context\":\"https:\\\/\\\/schema.org\",\"@graph\":[{\"@type\":\"WebPage\",\"@id\":\"https:\\\/\\\/gooddealersmeds.com\\\/de\\\/product\\\/4-aco-dmt-medikament\\\/\",\"url\":\"https:\\\/\\\/gooddealersmeds.com\\\/de\\\/product\\\/4-aco-dmt-medikament\\\/\",\"name\":\"Kaufen Sie 4-ACO-DMT online | 4-ACO-DMT zum Verkauf\",\"isPartOf\":{\"@id\":\"https:\\\/\\\/gooddealersmeds.com\\\/de\\\/#website\"},\"primaryImageOfPage\":{\"@id\":\"https:\\\/\\\/gooddealersmeds.com\\\/de\\\/product\\\/4-aco-dmt-medikament\\\/#primaryimage\"},\"image\":{\"@id\":\"https:\\\/\\\/gooddealersmeds.com\\\/de\\\/product\\\/4-aco-dmt-medikament\\\/#primaryimage\"},\"thumbnailUrl\":\"https:\\\/\\\/gooddealersmeds.com\\\/de\\\/wp-content\\\/uploads\\\/sites\\\/3\\\/2022\\\/07\\\/Buy-4-Aco-DMT-Quality-Drug-Online.jpg\",\"datePublished\":\"2022-07-03T11:42:40+00:00\",\"dateModified\":\"2022-12-26T11:11:26+00:00\",\"description\":\"Kaufen Sie 4-ACO-DMT online, synthetisch hergestelltes psychoaktives Medikament, potenziell n\u00fctzliche Alternative zu Psilocybin f\u00fcr pharmakologische Studien.\",\"breadcrumb\":{\"@id\":\"https:\\\/\\\/gooddealersmeds.com\\\/de\\\/product\\\/4-aco-dmt-medikament\\\/#breadcrumb\"},\"inLanguage\":\"en-US\",\"potentialAction\":[{\"@type\":\"ReadAction\",\"target\":[\"https:\\\/\\\/gooddealersmeds.com\\\/de\\\/product\\\/4-aco-dmt-medikament\\\/\"]}]},{\"@type\":\"ImageObject\",\"inLanguage\":\"en-US\",\"@id\":\"https:\\\/\\\/gooddealersmeds.com\\\/de\\\/product\\\/4-aco-dmt-medikament\\\/#primaryimage\",\"url\":\"https:\\\/\\\/gooddealersmeds.com\\\/de\\\/wp-content\\\/uploads\\\/sites\\\/3\\\/2022\\\/07\\\/Buy-4-Aco-DMT-Quality-Drug-Online.jpg\",\"contentUrl\":\"https:\\\/\\\/gooddealersmeds.com\\\/de\\\/wp-content\\\/uploads\\\/sites\\\/3\\\/2022\\\/07\\\/Buy-4-Aco-DMT-Quality-Drug-Online.jpg\",\"width\":600,\"height\":600,\"caption\":\"Buy 4-ACO-DMT Drug Online\"},{\"@type\":\"BreadcrumbList\",\"@id\":\"https:\\\/\\\/gooddealersmeds.com\\\/de\\\/product\\\/4-aco-dmt-medikament\\\/#breadcrumb\",\"itemListElement\":[{\"@type\":\"ListItem\",\"position\":1,\"name\":\"Home\",\"item\":\"https:\\\/\\\/gooddealersmeds.com\\\/de\\\/\"},{\"@type\":\"ListItem\",\"position\":2,\"name\":\"Produkte\",\"item\":\"https:\\\/\\\/gooddealersmeds.com\\\/de\\\/produkte\\\/\"},{\"@type\":\"ListItem\",\"position\":3,\"name\":\"Kaufen Sie 4-ACO DMT-Medikament\"}]},{\"@type\":\"WebSite\",\"@id\":\"https:\\\/\\\/gooddealersmeds.com\\\/de\\\/#website\",\"url\":\"https:\\\/\\\/gooddealersmeds.com\\\/de\\\/\",\"name\":\"Good Dealers Meds\",\"description\":\"All our best\",\"publisher\":{\"@id\":\"https:\\\/\\\/gooddealersmeds.com\\\/de\\\/#organization\"},\"potentialAction\":[{\"@type\":\"SearchAction\",\"target\":{\"@type\":\"EntryPoint\",\"urlTemplate\":\"https:\\\/\\\/gooddealersmeds.com\\\/de\\\/?s={search_term_string}\"},\"query-input\":{\"@type\":\"PropertyValueSpecification\",\"valueRequired\":true,\"valueName\":\"search_term_string\"}}],\"inLanguage\":\"en-US\"},{\"@type\":\"Organization\",\"@id\":\"https:\\\/\\\/gooddealersmeds.com\\\/de\\\/#organization\",\"name\":\"Good Dealers Meds\",\"url\":\"https:\\\/\\\/gooddealersmeds.com\\\/de\\\/\",\"logo\":{\"@type\":\"ImageObject\",\"inLanguage\":\"en-US\",\"@id\":\"https:\\\/\\\/gooddealersmeds.com\\\/de\\\/#\\\/schema\\\/logo\\\/image\\\/\",\"url\":\"https:\\\/\\\/gooddealersmeds.com\\\/de\\\/wp-content\\\/uploads\\\/sites\\\/3\\\/2022\\\/03\\\/gooddealersmeds__logo__20220317T222800Z.00.png\",\"contentUrl\":\"https:\\\/\\\/gooddealersmeds.com\\\/de\\\/wp-content\\\/uploads\\\/sites\\\/3\\\/2022\\\/03\\\/gooddealersmeds__logo__20220317T222800Z.00.png\",\"width\":500,\"height\":325,\"caption\":\"Good Dealers Meds\"},\"image\":{\"@id\":\"https:\\\/\\\/gooddealersmeds.com\\\/de\\\/#\\\/schema\\\/logo\\\/image\\\/\"}}]}<\/script>\n<!-- \/ Yoast SEO Premium plugin. -->","yoast_head_json":{"title":"Kaufen Sie 4-ACO-DMT online | 4-ACO-DMT zum Verkauf","description":"Kaufen Sie 4-ACO-DMT online, synthetisch hergestelltes psychoaktives Medikament, potenziell n\u00fctzliche Alternative zu Psilocybin f\u00fcr pharmakologische Studien.","robots":{"index":"index","follow":"follow","max-snippet":"max-snippet:-1","max-image-preview":"max-image-preview:large","max-video-preview":"max-video-preview:-1"},"canonical":"https:\/\/gooddealersmeds.com\/de\/product\/4-aco-dmt-medikament\/","og_locale":"en_US","og_type":"article","og_title":"Kaufen Sie 4-ACO DMT-Medikament","og_description":"Kaufen Sie 4-ACO-DMT online, synthetisch hergestelltes psychoaktives Medikament, potenziell n\u00fctzliche Alternative zu Psilocybin f\u00fcr pharmakologische Studien.","og_url":"https:\/\/gooddealersmeds.com\/de\/product\/4-aco-dmt-medikament\/","og_site_name":"Good Dealers Meds","article_modified_time":"2022-12-26T11:11:26+00:00","og_image":[{"width":600,"height":600,"url":"https:\/\/gooddealersmeds.com\/de\/wp-content\/uploads\/sites\/3\/2022\/07\/Buy-4-Aco-DMT-Quality-Drug-Online.jpg","type":"image\/jpeg"}],"twitter_card":"summary_large_image","twitter_misc":{"Est. reading time":"1 minute"},"schema":{"@context":"https:\/\/schema.org","@graph":[{"@type":"WebPage","@id":"https:\/\/gooddealersmeds.com\/de\/product\/4-aco-dmt-medikament\/","url":"https:\/\/gooddealersmeds.com\/de\/product\/4-aco-dmt-medikament\/","name":"Kaufen Sie 4-ACO-DMT online | 4-ACO-DMT zum Verkauf","isPartOf":{"@id":"https:\/\/gooddealersmeds.com\/de\/#website"},"primaryImageOfPage":{"@id":"https:\/\/gooddealersmeds.com\/de\/product\/4-aco-dmt-medikament\/#primaryimage"},"image":{"@id":"https:\/\/gooddealersmeds.com\/de\/product\/4-aco-dmt-medikament\/#primaryimage"},"thumbnailUrl":"https:\/\/gooddealersmeds.com\/de\/wp-content\/uploads\/sites\/3\/2022\/07\/Buy-4-Aco-DMT-Quality-Drug-Online.jpg","datePublished":"2022-07-03T11:42:40+00:00","dateModified":"2022-12-26T11:11:26+00:00","description":"Kaufen Sie 4-ACO-DMT online, synthetisch hergestelltes psychoaktives Medikament, potenziell n\u00fctzliche Alternative zu Psilocybin f\u00fcr pharmakologische Studien.","breadcrumb":{"@id":"https:\/\/gooddealersmeds.com\/de\/product\/4-aco-dmt-medikament\/#breadcrumb"},"inLanguage":"en-US","potentialAction":[{"@type":"ReadAction","target":["https:\/\/gooddealersmeds.com\/de\/product\/4-aco-dmt-medikament\/"]}]},{"@type":"ImageObject","inLanguage":"en-US","@id":"https:\/\/gooddealersmeds.com\/de\/product\/4-aco-dmt-medikament\/#primaryimage","url":"https:\/\/gooddealersmeds.com\/de\/wp-content\/uploads\/sites\/3\/2022\/07\/Buy-4-Aco-DMT-Quality-Drug-Online.jpg","contentUrl":"https:\/\/gooddealersmeds.com\/de\/wp-content\/uploads\/sites\/3\/2022\/07\/Buy-4-Aco-DMT-Quality-Drug-Online.jpg","width":600,"height":600,"caption":"Buy 4-ACO-DMT Drug Online"},{"@type":"BreadcrumbList","@id":"https:\/\/gooddealersmeds.com\/de\/product\/4-aco-dmt-medikament\/#breadcrumb","itemListElement":[{"@type":"ListItem","position":1,"name":"Home","item":"https:\/\/gooddealersmeds.com\/de\/"},{"@type":"ListItem","position":2,"name":"Produkte","item":"https:\/\/gooddealersmeds.com\/de\/produkte\/"},{"@type":"ListItem","position":3,"name":"Kaufen Sie 4-ACO DMT-Medikament"}]},{"@type":"WebSite","@id":"https:\/\/gooddealersmeds.com\/de\/#website","url":"https:\/\/gooddealersmeds.com\/de\/","name":"Good Dealers Meds","description":"All our best","publisher":{"@id":"https:\/\/gooddealersmeds.com\/de\/#organization"},"potentialAction":[{"@type":"SearchAction","target":{"@type":"EntryPoint","urlTemplate":"https:\/\/gooddealersmeds.com\/de\/?s={search_term_string}"},"query-input":{"@type":"PropertyValueSpecification","valueRequired":true,"valueName":"search_term_string"}}],"inLanguage":"en-US"},{"@type":"Organization","@id":"https:\/\/gooddealersmeds.com\/de\/#organization","name":"Good Dealers Meds","url":"https:\/\/gooddealersmeds.com\/de\/","logo":{"@type":"ImageObject","inLanguage":"en-US","@id":"https:\/\/gooddealersmeds.com\/de\/#\/schema\/logo\/image\/","url":"https:\/\/gooddealersmeds.com\/de\/wp-content\/uploads\/sites\/3\/2022\/03\/gooddealersmeds__logo__20220317T222800Z.00.png","contentUrl":"https:\/\/gooddealersmeds.com\/de\/wp-content\/uploads\/sites\/3\/2022\/03\/gooddealersmeds__logo__20220317T222800Z.00.png","width":500,"height":325,"caption":"Good Dealers Meds"},"image":{"@id":"https:\/\/gooddealersmeds.com\/de\/#\/schema\/logo\/image\/"}}]}},"_links":{"self":[{"href":"https:\/\/gooddealersmeds.com\/de\/wp-json\/wp\/v2\/product\/1885","targetHints":{"allow":["GET"]}}],"collection":[{"href":"https:\/\/gooddealersmeds.com\/de\/wp-json\/wp\/v2\/product"}],"about":[{"href":"https:\/\/gooddealersmeds.com\/de\/wp-json\/wp\/v2\/types\/product"}],"replies":[{"embeddable":true,"href":"https:\/\/gooddealersmeds.com\/de\/wp-json\/wp\/v2\/comments?post=1885"}],"wp:featuredmedia":[{"embeddable":true,"href":"https:\/\/gooddealersmeds.com\/de\/wp-json\/wp\/v2\/media\/1890"}],"wp:attachment":[{"href":"https:\/\/gooddealersmeds.com\/de\/wp-json\/wp\/v2\/media?parent=1885"}],"wp:term":[{"taxonomy":"product_brand","embeddable":true,"href":"https:\/\/gooddealersmeds.com\/de\/wp-json\/wp\/v2\/product_brand?post=1885"},{"taxonomy":"product_cat","embeddable":true,"href":"https:\/\/gooddealersmeds.com\/de\/wp-json\/wp\/v2\/product_cat?post=1885"},{"taxonomy":"product_tag","embeddable":true,"href":"https:\/\/gooddealersmeds.com\/de\/wp-json\/wp\/v2\/product_tag?post=1885"}],"curies":[{"name":"wp","href":"https:\/\/api.w.org\/{rel}","templated":true}]}}