{"id":1877,"date":"2022-07-03T11:36:36","date_gmt":"2022-07-03T11:36:36","guid":{"rendered":"https:\/\/gooddealersmeds.com\/de\/?post_type=product&#038;p=1877"},"modified":"2022-12-26T11:10:29","modified_gmt":"2022-12-26T11:10:29","slug":"4-cec-medikament","status":"publish","type":"product","link":"https:\/\/gooddealersmeds.com\/de\/product\/4-cec-medikament\/","title":{"rendered":"Kaufen Sie das 4-CEC-Medikament online"},"content":{"rendered":"<h2>Kaufen Sie das 4-CEC-Medikament online bei GoodDealersMeds<\/h2>\n<p>&nbsp;<\/p>\n<p>4-CEC-Medikament online ist eine neue Art von Medikament wurde entwickelt, um Menschen zu helfen, die unter chronischen Schmerzen leiden. Kaufen Sie 4-CEC online, Es kann bei Patienten eingesetzt werden, die seit langem unter chronischen Schmerzen wie R\u00fcckenschmerzen oder Ischias leiden.<\/p>\n<p>Dieses Medikament ist in Tablettenform erh\u00e4ltlich, kann aber auch durch einfaches Einlegen sublingual eingenommen werden St\u00fcck unter der Zunge f\u00fcr 30 Sekunden oder zwei St\u00fccke auf einmal, wenn Sie diese Methode dem Kauen oder Schlucken von Tabletten im Ganzen vorziehen.<\/p>\n<p>&nbsp;<\/p>\n<h3>Gr\u00fcnde f\u00fcr den Kauf von 4-CEC-Medikament Online.<\/h3>\n<p>Sie sollten <a href=\"https:\/\/infoboerse-neue-drogen.de\/substanzen\/4-cec-4-chloroethcathinon\/\">4-CEC<\/a> Medikament online, weil es nachweislich schneller wirkt als andere Medikamente. Benutzer werden innerhalb weniger Tage nach der Anwendung dieses Medikaments eine Verbesserung ihres Zustands bemerken. Zu den Vorteilen der Online-Verwendung von 4-CEC-Medikament geh\u00f6ren:<\/p>\n<p>&nbsp;<\/p>\n<ol>\n<li>Es verringert das Risiko weiterer Verletzungen und hilft Ihnen, sich schneller von Ihrer aktuellen Verletzung zu erholen;<\/li>\n<li>Es hilft, Entz\u00fcndungen und Schwellungen zu reduzieren, sodass es Ihre Beweglichkeit verbessert;<\/li>\n<li>Es lindert Muskelkr\u00e4mpfe und verbessert die Beweglichkeit, indem es Schmerzen und Steifheit reduziert;<\/li>\n<li>Es hilft, Angstzust\u00e4nde zu lindern und Depression, w\u00e4hrend es Ihre allgemeine Stimmung verbessert;<\/li>\n<li>Es hilft, das Gleichgewicht Ihres K\u00f6rpers nach einem Unfall oder einer Operation wiederherzustellen, indem es Entz\u00fcndungen im verletzten Bereich reduziert;<\/li>\n<li>Es wirkt besser als die meisten anderen Medikamente auf die Markt heute, weil es keine negativen Nebenwirkungen wie Mundtrockenheit oder Verstopfung hat.<\/li>\n<\/ol>\n<p>&nbsp;<\/p>\n<p><strong>Wo kann man 4-CEC-Medikamente online kaufen? <\/strong><\/p>\n<p>Der beste Ort, um <a href=\"https:\/\/gooddealersmeds.com\/de\/product\/4-cec-drug\/\">4-CEC-Medikamente online zu kaufen<\/a> ist Great Dealers Meds. Sie bieten viele verschiedene Arten von Medikamenten zu niedrigen Preisen an, sodass Sie genau das bekommen, was Sie brauchen, ohne sich dar\u00fcber Gedanken zu machen, mehr Geld auszugeben, als Sie gedacht haben. Kaufen Sie 4-CEC online.<\/p>\n","protected":false},"excerpt":{"rendered":"<p>Kaufen Sie 4-CEC-Medikament online, 4-Chlormethcathinon ist ein Stimulans der Cathinon-Klasse, das online als Designerdroge verkauft wurde. Es ist \u00e4hnlich wie 4-CMC (analoges 4-CMC).<\/p>\n","protected":false},"featured_media":1884,"comment_status":"open","ping_status":"closed","template":"","meta":{"inline_featured_image":false},"product_brand":[],"product_cat":[344],"product_tag":[],"class_list":{"0":"post-1877","1":"product","2":"type-product","3":"status-publish","4":"has-post-thumbnail","6":"product_cat-forschungschemikalien","8":"first","9":"instock","10":"shipping-taxable","11":"purchasable","12":"product-type-variable","13":"has-default-attributes"},"yoast_head":"<!-- This site is optimized with the Yoast SEO Premium plugin v20.6 (Yoast SEO v27.3) - https:\/\/yoast.com\/product\/yoast-seo-premium-wordpress\/ -->\n<title>Kaufen Sie 4-CEC online | 4-CEC zu verkaufen | Bestellen Sie 4-CEC<\/title>\n<meta name=\"description\" content=\"Kaufen Sie 4-CEC online. Es ist ein Stimulans der Cathinon-Klasse, das online als Designerdroge verkauft wurde. \u00c4hnlich verh\u00e4lt es sich mit 4-CMC.\" \/>\n<meta name=\"robots\" content=\"index, follow, max-snippet:-1, max-image-preview:large, max-video-preview:-1\" \/>\n<link rel=\"canonical\" href=\"https:\/\/gooddealersmeds.com\/de\/product\/4-cec-medikament\/\" \/>\n<meta property=\"og:locale\" content=\"en_US\" \/>\n<meta property=\"og:type\" content=\"article\" \/>\n<meta property=\"og:title\" content=\"Kaufen Sie das 4-CEC-Medikament online\" \/>\n<meta property=\"og:description\" content=\"Kaufen Sie 4-CEC online. Es ist ein Stimulans der Cathinon-Klasse, das online als Designerdroge verkauft wurde. \u00c4hnlich verh\u00e4lt es sich mit 4-CMC.\" \/>\n<meta property=\"og:url\" content=\"https:\/\/gooddealersmeds.com\/de\/product\/4-cec-medikament\/\" \/>\n<meta property=\"og:site_name\" content=\"Good Dealers Meds\" \/>\n<meta property=\"article:modified_time\" content=\"2022-12-26T11:10:29+00:00\" \/>\n<meta property=\"og:image\" content=\"https:\/\/gooddealersmeds.com\/de\/wp-content\/uploads\/sites\/3\/2022\/07\/4-CEC.jpg\" \/>\n\t<meta property=\"og:image:width\" content=\"600\" \/>\n\t<meta property=\"og:image:height\" content=\"600\" \/>\n\t<meta property=\"og:image:type\" content=\"image\/jpeg\" \/>\n<meta name=\"twitter:card\" content=\"summary_large_image\" \/>\n<meta name=\"twitter:label1\" content=\"Est. reading time\" \/>\n\t<meta name=\"twitter:data1\" content=\"1 minute\" \/>\n<script type=\"application\/ld+json\" class=\"yoast-schema-graph\">{\"@context\":\"https:\\\/\\\/schema.org\",\"@graph\":[{\"@type\":\"WebPage\",\"@id\":\"https:\\\/\\\/gooddealersmeds.com\\\/de\\\/product\\\/4-cec-medikament\\\/\",\"url\":\"https:\\\/\\\/gooddealersmeds.com\\\/de\\\/product\\\/4-cec-medikament\\\/\",\"name\":\"Kaufen Sie 4-CEC online | 4-CEC zu verkaufen | Bestellen Sie 4-CEC\",\"isPartOf\":{\"@id\":\"https:\\\/\\\/gooddealersmeds.com\\\/de\\\/#website\"},\"primaryImageOfPage\":{\"@id\":\"https:\\\/\\\/gooddealersmeds.com\\\/de\\\/product\\\/4-cec-medikament\\\/#primaryimage\"},\"image\":{\"@id\":\"https:\\\/\\\/gooddealersmeds.com\\\/de\\\/product\\\/4-cec-medikament\\\/#primaryimage\"},\"thumbnailUrl\":\"https:\\\/\\\/gooddealersmeds.com\\\/de\\\/wp-content\\\/uploads\\\/sites\\\/3\\\/2022\\\/07\\\/4-CEC.jpg\",\"datePublished\":\"2022-07-03T11:36:36+00:00\",\"dateModified\":\"2022-12-26T11:10:29+00:00\",\"description\":\"Kaufen Sie 4-CEC online. Es ist ein Stimulans der Cathinon-Klasse, das online als Designerdroge verkauft wurde. \u00c4hnlich verh\u00e4lt es sich mit 4-CMC.\",\"breadcrumb\":{\"@id\":\"https:\\\/\\\/gooddealersmeds.com\\\/de\\\/product\\\/4-cec-medikament\\\/#breadcrumb\"},\"inLanguage\":\"en-US\",\"potentialAction\":[{\"@type\":\"ReadAction\",\"target\":[\"https:\\\/\\\/gooddealersmeds.com\\\/de\\\/product\\\/4-cec-medikament\\\/\"]}]},{\"@type\":\"ImageObject\",\"inLanguage\":\"en-US\",\"@id\":\"https:\\\/\\\/gooddealersmeds.com\\\/de\\\/product\\\/4-cec-medikament\\\/#primaryimage\",\"url\":\"https:\\\/\\\/gooddealersmeds.com\\\/de\\\/wp-content\\\/uploads\\\/sites\\\/3\\\/2022\\\/07\\\/4-CEC.jpg\",\"contentUrl\":\"https:\\\/\\\/gooddealersmeds.com\\\/de\\\/wp-content\\\/uploads\\\/sites\\\/3\\\/2022\\\/07\\\/4-CEC.jpg\",\"width\":600,\"height\":600,\"caption\":\"Buy 4-CEC Drug Online\"},{\"@type\":\"BreadcrumbList\",\"@id\":\"https:\\\/\\\/gooddealersmeds.com\\\/de\\\/product\\\/4-cec-medikament\\\/#breadcrumb\",\"itemListElement\":[{\"@type\":\"ListItem\",\"position\":1,\"name\":\"Home\",\"item\":\"https:\\\/\\\/gooddealersmeds.com\\\/de\\\/\"},{\"@type\":\"ListItem\",\"position\":2,\"name\":\"Produkte\",\"item\":\"https:\\\/\\\/gooddealersmeds.com\\\/de\\\/produkte\\\/\"},{\"@type\":\"ListItem\",\"position\":3,\"name\":\"Kaufen Sie das 4-CEC-Medikament online\"}]},{\"@type\":\"WebSite\",\"@id\":\"https:\\\/\\\/gooddealersmeds.com\\\/de\\\/#website\",\"url\":\"https:\\\/\\\/gooddealersmeds.com\\\/de\\\/\",\"name\":\"Good Dealers Meds\",\"description\":\"All our best\",\"publisher\":{\"@id\":\"https:\\\/\\\/gooddealersmeds.com\\\/de\\\/#organization\"},\"potentialAction\":[{\"@type\":\"SearchAction\",\"target\":{\"@type\":\"EntryPoint\",\"urlTemplate\":\"https:\\\/\\\/gooddealersmeds.com\\\/de\\\/?s={search_term_string}\"},\"query-input\":{\"@type\":\"PropertyValueSpecification\",\"valueRequired\":true,\"valueName\":\"search_term_string\"}}],\"inLanguage\":\"en-US\"},{\"@type\":\"Organization\",\"@id\":\"https:\\\/\\\/gooddealersmeds.com\\\/de\\\/#organization\",\"name\":\"Good Dealers Meds\",\"url\":\"https:\\\/\\\/gooddealersmeds.com\\\/de\\\/\",\"logo\":{\"@type\":\"ImageObject\",\"inLanguage\":\"en-US\",\"@id\":\"https:\\\/\\\/gooddealersmeds.com\\\/de\\\/#\\\/schema\\\/logo\\\/image\\\/\",\"url\":\"https:\\\/\\\/gooddealersmeds.com\\\/de\\\/wp-content\\\/uploads\\\/sites\\\/3\\\/2022\\\/03\\\/gooddealersmeds__logo__20220317T222800Z.00.png\",\"contentUrl\":\"https:\\\/\\\/gooddealersmeds.com\\\/de\\\/wp-content\\\/uploads\\\/sites\\\/3\\\/2022\\\/03\\\/gooddealersmeds__logo__20220317T222800Z.00.png\",\"width\":500,\"height\":325,\"caption\":\"Good Dealers Meds\"},\"image\":{\"@id\":\"https:\\\/\\\/gooddealersmeds.com\\\/de\\\/#\\\/schema\\\/logo\\\/image\\\/\"}}]}<\/script>\n<!-- \/ Yoast SEO Premium plugin. -->","yoast_head_json":{"title":"Kaufen Sie 4-CEC online | 4-CEC zu verkaufen | Bestellen Sie 4-CEC","description":"Kaufen Sie 4-CEC online. Es ist ein Stimulans der Cathinon-Klasse, das online als Designerdroge verkauft wurde. \u00c4hnlich verh\u00e4lt es sich mit 4-CMC.","robots":{"index":"index","follow":"follow","max-snippet":"max-snippet:-1","max-image-preview":"max-image-preview:large","max-video-preview":"max-video-preview:-1"},"canonical":"https:\/\/gooddealersmeds.com\/de\/product\/4-cec-medikament\/","og_locale":"en_US","og_type":"article","og_title":"Kaufen Sie das 4-CEC-Medikament online","og_description":"Kaufen Sie 4-CEC online. Es ist ein Stimulans der Cathinon-Klasse, das online als Designerdroge verkauft wurde. \u00c4hnlich verh\u00e4lt es sich mit 4-CMC.","og_url":"https:\/\/gooddealersmeds.com\/de\/product\/4-cec-medikament\/","og_site_name":"Good Dealers Meds","article_modified_time":"2022-12-26T11:10:29+00:00","og_image":[{"width":600,"height":600,"url":"https:\/\/gooddealersmeds.com\/de\/wp-content\/uploads\/sites\/3\/2022\/07\/4-CEC.jpg","type":"image\/jpeg"}],"twitter_card":"summary_large_image","twitter_misc":{"Est. reading time":"1 minute"},"schema":{"@context":"https:\/\/schema.org","@graph":[{"@type":"WebPage","@id":"https:\/\/gooddealersmeds.com\/de\/product\/4-cec-medikament\/","url":"https:\/\/gooddealersmeds.com\/de\/product\/4-cec-medikament\/","name":"Kaufen Sie 4-CEC online | 4-CEC zu verkaufen | Bestellen Sie 4-CEC","isPartOf":{"@id":"https:\/\/gooddealersmeds.com\/de\/#website"},"primaryImageOfPage":{"@id":"https:\/\/gooddealersmeds.com\/de\/product\/4-cec-medikament\/#primaryimage"},"image":{"@id":"https:\/\/gooddealersmeds.com\/de\/product\/4-cec-medikament\/#primaryimage"},"thumbnailUrl":"https:\/\/gooddealersmeds.com\/de\/wp-content\/uploads\/sites\/3\/2022\/07\/4-CEC.jpg","datePublished":"2022-07-03T11:36:36+00:00","dateModified":"2022-12-26T11:10:29+00:00","description":"Kaufen Sie 4-CEC online. Es ist ein Stimulans der Cathinon-Klasse, das online als Designerdroge verkauft wurde. \u00c4hnlich verh\u00e4lt es sich mit 4-CMC.","breadcrumb":{"@id":"https:\/\/gooddealersmeds.com\/de\/product\/4-cec-medikament\/#breadcrumb"},"inLanguage":"en-US","potentialAction":[{"@type":"ReadAction","target":["https:\/\/gooddealersmeds.com\/de\/product\/4-cec-medikament\/"]}]},{"@type":"ImageObject","inLanguage":"en-US","@id":"https:\/\/gooddealersmeds.com\/de\/product\/4-cec-medikament\/#primaryimage","url":"https:\/\/gooddealersmeds.com\/de\/wp-content\/uploads\/sites\/3\/2022\/07\/4-CEC.jpg","contentUrl":"https:\/\/gooddealersmeds.com\/de\/wp-content\/uploads\/sites\/3\/2022\/07\/4-CEC.jpg","width":600,"height":600,"caption":"Buy 4-CEC Drug Online"},{"@type":"BreadcrumbList","@id":"https:\/\/gooddealersmeds.com\/de\/product\/4-cec-medikament\/#breadcrumb","itemListElement":[{"@type":"ListItem","position":1,"name":"Home","item":"https:\/\/gooddealersmeds.com\/de\/"},{"@type":"ListItem","position":2,"name":"Produkte","item":"https:\/\/gooddealersmeds.com\/de\/produkte\/"},{"@type":"ListItem","position":3,"name":"Kaufen Sie das 4-CEC-Medikament online"}]},{"@type":"WebSite","@id":"https:\/\/gooddealersmeds.com\/de\/#website","url":"https:\/\/gooddealersmeds.com\/de\/","name":"Good Dealers Meds","description":"All our best","publisher":{"@id":"https:\/\/gooddealersmeds.com\/de\/#organization"},"potentialAction":[{"@type":"SearchAction","target":{"@type":"EntryPoint","urlTemplate":"https:\/\/gooddealersmeds.com\/de\/?s={search_term_string}"},"query-input":{"@type":"PropertyValueSpecification","valueRequired":true,"valueName":"search_term_string"}}],"inLanguage":"en-US"},{"@type":"Organization","@id":"https:\/\/gooddealersmeds.com\/de\/#organization","name":"Good Dealers Meds","url":"https:\/\/gooddealersmeds.com\/de\/","logo":{"@type":"ImageObject","inLanguage":"en-US","@id":"https:\/\/gooddealersmeds.com\/de\/#\/schema\/logo\/image\/","url":"https:\/\/gooddealersmeds.com\/de\/wp-content\/uploads\/sites\/3\/2022\/03\/gooddealersmeds__logo__20220317T222800Z.00.png","contentUrl":"https:\/\/gooddealersmeds.com\/de\/wp-content\/uploads\/sites\/3\/2022\/03\/gooddealersmeds__logo__20220317T222800Z.00.png","width":500,"height":325,"caption":"Good Dealers Meds"},"image":{"@id":"https:\/\/gooddealersmeds.com\/de\/#\/schema\/logo\/image\/"}}]}},"_links":{"self":[{"href":"https:\/\/gooddealersmeds.com\/de\/wp-json\/wp\/v2\/product\/1877","targetHints":{"allow":["GET"]}}],"collection":[{"href":"https:\/\/gooddealersmeds.com\/de\/wp-json\/wp\/v2\/product"}],"about":[{"href":"https:\/\/gooddealersmeds.com\/de\/wp-json\/wp\/v2\/types\/product"}],"replies":[{"embeddable":true,"href":"https:\/\/gooddealersmeds.com\/de\/wp-json\/wp\/v2\/comments?post=1877"}],"wp:featuredmedia":[{"embeddable":true,"href":"https:\/\/gooddealersmeds.com\/de\/wp-json\/wp\/v2\/media\/1884"}],"wp:attachment":[{"href":"https:\/\/gooddealersmeds.com\/de\/wp-json\/wp\/v2\/media?parent=1877"}],"wp:term":[{"taxonomy":"product_brand","embeddable":true,"href":"https:\/\/gooddealersmeds.com\/de\/wp-json\/wp\/v2\/product_brand?post=1877"},{"taxonomy":"product_cat","embeddable":true,"href":"https:\/\/gooddealersmeds.com\/de\/wp-json\/wp\/v2\/product_cat?post=1877"},{"taxonomy":"product_tag","embeddable":true,"href":"https:\/\/gooddealersmeds.com\/de\/wp-json\/wp\/v2\/product_tag?post=1877"}],"curies":[{"name":"wp","href":"https:\/\/api.w.org\/{rel}","templated":true}]}}