{"id":1875,"date":"2022-06-30T00:12:13","date_gmt":"2022-06-30T00:12:13","guid":{"rendered":"https:\/\/gooddealersmeds.com\/de\/?post_type=product&#038;p=1875"},"modified":"2022-12-26T11:16:39","modified_gmt":"2022-12-26T11:16:39","slug":"lila-konigin","status":"publish","type":"product","link":"https:\/\/gooddealersmeds.com\/de\/product\/lila-konigin\/","title":{"rendered":"Kaufen Sie Purple Queen Weed online"},"content":{"rendered":"<h2><strong>Purple Queen Unkraut online zum Verkauf<\/strong><\/h2>\n<p><a href=\"https:\/\/gooddealersmeds.com\/de\/product\/lila-konigin\/\">Purple Queen online<\/a> ist ein Medikament, das zur Behandlung einer Vielzahl von Erkrankungen eingesetzt wird. Es wurde von der FDA und vielen anderen L\u00e4ndern weltweit zugelassen. Es ist ein starkes Antidepressivum, das die \u00dcbertragung von Serotonin, Noradrenalin, Dopamin und anderen Neurotransmittern in Ihrem Gehirn blockiert. Wenn dies geschieht, werden Sie sich gl\u00fccklicher, entspannter und besser gelaunt f\u00fchlen, Kaufen Sie Purple Queen Weed<\/p>\n<p>Purple Queen Online ist ein Medikament zur Behandlung von Depressionen. Es funktioniert, indem es die Produktion bestimmter Chemikalien im Gehirn f\u00f6rdert.<\/p>\n<p>Purple Queen Online ist nicht jedermanns Sache \u2013 es sollte nur verwendet werden, wenn Sie andere Medikamente ohne Erfolg ausprobiert haben.<\/p>\n<p>Das Die gute Nachricht ist, dass Purple Queen Online von der FDA zugelassen wurde und allgemein als sicher in der Anwendung gilt. Es kann jedoch bei manchen Menschen Nebenwirkungen verursachen, daher ist es wichtig, dass Sie mit Ihrem Arzt sprechen, bevor Sie dieses Medikament einnehmen, wenn Sie Fragen oder Bedenken bez\u00fcglich seiner Anwendung haben.<\/p>\n<p>Purple Queen Online wirkt am besten, wenn es eingenommen wird ein regelm\u00e4\u00dfiger Zeitplan, daher wird es nicht als Ersatz f\u00fcr Therapie- oder Beratungssitzungen empfohlen. Wenn Sie sich entscheiden, es ohne vorherige R\u00fccksprache mit Ihrem Arzt zu versuchen, teilen Sie ihm mit, welche Schritte Sie unternehmen m\u00f6chten, bevor Sie mit der Behandlung mit Purple Queen Online beginnen.<\/p>\n<p>Purple Queen ist in Tablettenform erh\u00e4ltlich, die in einer Flasche mit 120 Tabletten geliefert wird Tabletten (jeweils 30 mg). Dieses Medikament sollte 30 Minuten vor den Mahlzeiten mit viel Wasser eingenommen werden. Kaufen Sie Purple Queen Weed<\/p>\n<p><strong>\u00a0<\/strong><\/p>\n<h3>Warum Purple Queen online kaufen?<\/h3>\n<p>Der beste Weg, um Purple Queen Online zu bekommen, ist, es bei einem vertrauensw\u00fcrdigen H\u00e4ndler zu kaufen, der seit Jahren Drogen verkauft. Sie k\u00f6nnen ihnen vertrauen, weil sie wissen, wie Sie sicherstellen k\u00f6nnen, dass Sie das beste Medikament f\u00fcr Ihre Bed\u00fcrfnisse ohne Probleme oder Nebenwirkungen erhalten. Sie verf\u00fcgen \u00fcber umfangreiches Wissen \u00fcber verschiedene Arten von Medikamenten und wie sie auf Ihren K\u00f6rper wirken, sodass sie schnell und einfach das richtige f\u00fcr Sie finden k\u00f6nnen.<\/p>\n<p>Sie k\u00f6nnen Purple Queen online bei Good Dealers Meds kaufen.<\/p>\n","protected":false},"excerpt":{"rendered":"<p>Purple Queen ist eine reine Indica-K\u00f6nigin. Durch die Kombination der schwer fassbaren und hochgesch\u00e4tzten violetten Ph\u00e4notypen von Kush-Bergsorten haben die Meisterz\u00fcchter von Royal Queen Seeds einen einzigartigen Kush-Hybriden entwickelt. Leuchtende violette Farben, durchdringende Aromen von Kiefern\u00f6l und eine tief durchdringende, k\u00f6rperlich berauschende Wirkung sind von Purple Queen zu erwarten.<\/p>\n","protected":false},"featured_media":1876,"comment_status":"open","ping_status":"closed","template":"","meta":{"inline_featured_image":false},"product_brand":[],"product_cat":[348],"product_tag":[451,481,453,454,459,463,464,465,466,467,460,468,477,478,479,480,456,457,458,476,470,469,472,474,473,471,475,455,461,380,452,482,483,484,411,485,486,487,488,489,490],"class_list":{"0":"post-1875","1":"product","2":"type-product","3":"status-publish","4":"has-post-thumbnail","6":"product_cat-marihuana","7":"product_tag-100-cannabis-l-zum-verkauf","8":"product_tag-billige-cannabissamen-zum-verkauf","9":"product_tag-cannabis-buds-for-sale","10":"product_tag-cannabis-capsules-for-sale","11":"product_tag-cannabis-e-zigaretten-zum-verkauf","12":"product_tag-cannabis-for-sale-online","13":"product_tag-cannabis-for-sale-online-uk","14":"product_tag-cannabis-for-sale-uk","15":"product_tag-cannabis-grow-tents-for-sale","16":"product_tag-cannabis-lights-for-sale","17":"product_tag-cannabis-e-liquid-zum-verkauf","18":"product_tag-cannabis-oil-for-sale","19":"product_tag-cannabis-sale-uk","20":"product_tag-cannabis-seeds-for-sale-in-england","21":"product_tag-cannabis-terpenes-for-sale","22":"product_tag-cannabis-vaporizer-for-sale","23":"product_tag-cannabis-klone-zum-verkauf","24":"product_tag-cannabis-stecklinge-zum-verkauf","25":"product_tag-cannabis-stecklinge-zum-verkauf-uk","26":"product_tag-cannabisharz-zum-verkauf","27":"product_tag-cannabis-l-zu-verkaufen-uk","28":"product_tag-cannabis-l-zum-online-verkauf","29":"product_tag-cannabis-pflanze-zum-verkauf","30":"product_tag-cannabis-pflanzen-zum-verkauf-uk","31":"product_tag-cannabis-pflanzen-zum-verkauf","32":"product_tag-cannabis-pflanze-lebensmittel-zum-verkauf","33":"product_tag-cannabis-pollen-zu-verkaufen","34":"product_tag-cannabis-zigaretten-zum-verkauf","35":"product_tag-cannabis-esswaren-zum-verkauf","36":"product_tag-hanf-zu-verkaufen","37":"product_tag-kann-ich-cannabis-kaufen","38":"product_tag-kruter-cannabis-zu-verkaufen","39":"product_tag-legales-cannabis-zum-verkauf","40":"product_tag-legales-cannabis-zum-verkauf-uk","41":"product_tag-marihuana-zum-verkauf","42":"product_tag-marihuana-l-zu-verkaufen","43":"product_tag-marihuana-samen-zum-verkauf","44":"product_tag-synthetisches-cannabis-zum-verkauf","45":"product_tag-thc-cannabisl-zu-verkaufen","46":"product_tag-wo-bekomme-ich-cannabis","47":"product_tag-wo-cannabis-bestellen","49":"first","50":"instock","51":"shipping-taxable","52":"purchasable","53":"product-type-simple"},"yoast_head":"<!-- This site is optimized with the Yoast SEO Premium plugin v20.6 (Yoast SEO v27.3) - https:\/\/yoast.com\/product\/yoast-seo-premium-wordpress\/ -->\n<title>Kaufen Sie Purple Queen Weed - Marihuana bestellen | Weed bestellen<\/title>\n<meta name=\"description\" content=\"Kaufen Sie Purple Queen Weed zu erschwinglichen Preisen \uff06 erhalten Sie es an Ihre Haust\u00fcr geliefert. Wir versenden weltweit, Zufriedenheit garantiert.\" \/>\n<meta name=\"robots\" content=\"index, follow, max-snippet:-1, max-image-preview:large, max-video-preview:-1\" \/>\n<link rel=\"canonical\" href=\"https:\/\/gooddealersmeds.com\/de\/product\/lila-konigin\/\" \/>\n<meta property=\"og:locale\" content=\"en_US\" \/>\n<meta property=\"og:type\" content=\"article\" \/>\n<meta property=\"og:title\" content=\"Kaufen Sie Purple Queen Weed online\" \/>\n<meta property=\"og:description\" content=\"Kaufen Sie Purple Queen Weed zu erschwinglichen Preisen \uff06 erhalten Sie es an Ihre Haust\u00fcr geliefert. Wir versenden weltweit, Zufriedenheit garantiert.\" \/>\n<meta property=\"og:url\" content=\"https:\/\/gooddealersmeds.com\/de\/product\/lila-konigin\/\" \/>\n<meta property=\"og:site_name\" content=\"Good Dealers Meds\" \/>\n<meta property=\"article:modified_time\" content=\"2022-12-26T11:16:39+00:00\" \/>\n<meta property=\"og:image\" content=\"https:\/\/gooddealersmeds.com\/de\/wp-content\/uploads\/sites\/3\/2022\/06\/PURPLE-QUEEN.jpg\" \/>\n\t<meta property=\"og:image:width\" content=\"600\" \/>\n\t<meta property=\"og:image:height\" content=\"600\" \/>\n\t<meta property=\"og:image:type\" content=\"image\/jpeg\" \/>\n<meta name=\"twitter:card\" content=\"summary_large_image\" \/>\n<meta name=\"twitter:label1\" content=\"Est. reading time\" \/>\n\t<meta name=\"twitter:data1\" content=\"2 minutes\" \/>\n<script type=\"application\/ld+json\" class=\"yoast-schema-graph\">{\"@context\":\"https:\\\/\\\/schema.org\",\"@graph\":[{\"@type\":\"WebPage\",\"@id\":\"https:\\\/\\\/gooddealersmeds.com\\\/de\\\/product\\\/lila-konigin\\\/\",\"url\":\"https:\\\/\\\/gooddealersmeds.com\\\/de\\\/product\\\/lila-konigin\\\/\",\"name\":\"Kaufen Sie Purple Queen Weed - Marihuana bestellen | Weed bestellen\",\"isPartOf\":{\"@id\":\"https:\\\/\\\/gooddealersmeds.com\\\/de\\\/#website\"},\"primaryImageOfPage\":{\"@id\":\"https:\\\/\\\/gooddealersmeds.com\\\/de\\\/product\\\/lila-konigin\\\/#primaryimage\"},\"image\":{\"@id\":\"https:\\\/\\\/gooddealersmeds.com\\\/de\\\/product\\\/lila-konigin\\\/#primaryimage\"},\"thumbnailUrl\":\"https:\\\/\\\/gooddealersmeds.com\\\/de\\\/wp-content\\\/uploads\\\/sites\\\/3\\\/2022\\\/06\\\/PURPLE-QUEEN.jpg\",\"datePublished\":\"2022-06-30T00:12:13+00:00\",\"dateModified\":\"2022-12-26T11:16:39+00:00\",\"description\":\"Kaufen Sie Purple Queen Weed zu erschwinglichen Preisen \uff06 erhalten Sie es an Ihre Haust\u00fcr geliefert. Wir versenden weltweit, Zufriedenheit garantiert.\",\"breadcrumb\":{\"@id\":\"https:\\\/\\\/gooddealersmeds.com\\\/de\\\/product\\\/lila-konigin\\\/#breadcrumb\"},\"inLanguage\":\"en-US\",\"potentialAction\":[{\"@type\":\"ReadAction\",\"target\":[\"https:\\\/\\\/gooddealersmeds.com\\\/de\\\/product\\\/lila-konigin\\\/\"]}]},{\"@type\":\"ImageObject\",\"inLanguage\":\"en-US\",\"@id\":\"https:\\\/\\\/gooddealersmeds.com\\\/de\\\/product\\\/lila-konigin\\\/#primaryimage\",\"url\":\"https:\\\/\\\/gooddealersmeds.com\\\/de\\\/wp-content\\\/uploads\\\/sites\\\/3\\\/2022\\\/06\\\/PURPLE-QUEEN.jpg\",\"contentUrl\":\"https:\\\/\\\/gooddealersmeds.com\\\/de\\\/wp-content\\\/uploads\\\/sites\\\/3\\\/2022\\\/06\\\/PURPLE-QUEEN.jpg\",\"width\":600,\"height\":600,\"caption\":\"Buy Purple Queen Online\"},{\"@type\":\"BreadcrumbList\",\"@id\":\"https:\\\/\\\/gooddealersmeds.com\\\/de\\\/product\\\/lila-konigin\\\/#breadcrumb\",\"itemListElement\":[{\"@type\":\"ListItem\",\"position\":1,\"name\":\"Home\",\"item\":\"https:\\\/\\\/gooddealersmeds.com\\\/de\\\/\"},{\"@type\":\"ListItem\",\"position\":2,\"name\":\"Produkte\",\"item\":\"https:\\\/\\\/gooddealersmeds.com\\\/de\\\/produkte\\\/\"},{\"@type\":\"ListItem\",\"position\":3,\"name\":\"Kaufen Sie Purple Queen Weed online\"}]},{\"@type\":\"WebSite\",\"@id\":\"https:\\\/\\\/gooddealersmeds.com\\\/de\\\/#website\",\"url\":\"https:\\\/\\\/gooddealersmeds.com\\\/de\\\/\",\"name\":\"Good Dealers Meds\",\"description\":\"All our best\",\"publisher\":{\"@id\":\"https:\\\/\\\/gooddealersmeds.com\\\/de\\\/#organization\"},\"potentialAction\":[{\"@type\":\"SearchAction\",\"target\":{\"@type\":\"EntryPoint\",\"urlTemplate\":\"https:\\\/\\\/gooddealersmeds.com\\\/de\\\/?s={search_term_string}\"},\"query-input\":{\"@type\":\"PropertyValueSpecification\",\"valueRequired\":true,\"valueName\":\"search_term_string\"}}],\"inLanguage\":\"en-US\"},{\"@type\":\"Organization\",\"@id\":\"https:\\\/\\\/gooddealersmeds.com\\\/de\\\/#organization\",\"name\":\"Good Dealers Meds\",\"url\":\"https:\\\/\\\/gooddealersmeds.com\\\/de\\\/\",\"logo\":{\"@type\":\"ImageObject\",\"inLanguage\":\"en-US\",\"@id\":\"https:\\\/\\\/gooddealersmeds.com\\\/de\\\/#\\\/schema\\\/logo\\\/image\\\/\",\"url\":\"https:\\\/\\\/gooddealersmeds.com\\\/de\\\/wp-content\\\/uploads\\\/sites\\\/3\\\/2022\\\/03\\\/gooddealersmeds__logo__20220317T222800Z.00.png\",\"contentUrl\":\"https:\\\/\\\/gooddealersmeds.com\\\/de\\\/wp-content\\\/uploads\\\/sites\\\/3\\\/2022\\\/03\\\/gooddealersmeds__logo__20220317T222800Z.00.png\",\"width\":500,\"height\":325,\"caption\":\"Good Dealers Meds\"},\"image\":{\"@id\":\"https:\\\/\\\/gooddealersmeds.com\\\/de\\\/#\\\/schema\\\/logo\\\/image\\\/\"}}]}<\/script>\n<!-- \/ Yoast SEO Premium plugin. -->","yoast_head_json":{"title":"Kaufen Sie Purple Queen Weed - Marihuana bestellen | Weed bestellen","description":"Kaufen Sie Purple Queen Weed zu erschwinglichen Preisen \uff06 erhalten Sie es an Ihre Haust\u00fcr geliefert. Wir versenden weltweit, Zufriedenheit garantiert.","robots":{"index":"index","follow":"follow","max-snippet":"max-snippet:-1","max-image-preview":"max-image-preview:large","max-video-preview":"max-video-preview:-1"},"canonical":"https:\/\/gooddealersmeds.com\/de\/product\/lila-konigin\/","og_locale":"en_US","og_type":"article","og_title":"Kaufen Sie Purple Queen Weed online","og_description":"Kaufen Sie Purple Queen Weed zu erschwinglichen Preisen \uff06 erhalten Sie es an Ihre Haust\u00fcr geliefert. Wir versenden weltweit, Zufriedenheit garantiert.","og_url":"https:\/\/gooddealersmeds.com\/de\/product\/lila-konigin\/","og_site_name":"Good Dealers Meds","article_modified_time":"2022-12-26T11:16:39+00:00","og_image":[{"width":600,"height":600,"url":"https:\/\/gooddealersmeds.com\/de\/wp-content\/uploads\/sites\/3\/2022\/06\/PURPLE-QUEEN.jpg","type":"image\/jpeg"}],"twitter_card":"summary_large_image","twitter_misc":{"Est. reading time":"2 minutes"},"schema":{"@context":"https:\/\/schema.org","@graph":[{"@type":"WebPage","@id":"https:\/\/gooddealersmeds.com\/de\/product\/lila-konigin\/","url":"https:\/\/gooddealersmeds.com\/de\/product\/lila-konigin\/","name":"Kaufen Sie Purple Queen Weed - Marihuana bestellen | Weed bestellen","isPartOf":{"@id":"https:\/\/gooddealersmeds.com\/de\/#website"},"primaryImageOfPage":{"@id":"https:\/\/gooddealersmeds.com\/de\/product\/lila-konigin\/#primaryimage"},"image":{"@id":"https:\/\/gooddealersmeds.com\/de\/product\/lila-konigin\/#primaryimage"},"thumbnailUrl":"https:\/\/gooddealersmeds.com\/de\/wp-content\/uploads\/sites\/3\/2022\/06\/PURPLE-QUEEN.jpg","datePublished":"2022-06-30T00:12:13+00:00","dateModified":"2022-12-26T11:16:39+00:00","description":"Kaufen Sie Purple Queen Weed zu erschwinglichen Preisen \uff06 erhalten Sie es an Ihre Haust\u00fcr geliefert. Wir versenden weltweit, Zufriedenheit garantiert.","breadcrumb":{"@id":"https:\/\/gooddealersmeds.com\/de\/product\/lila-konigin\/#breadcrumb"},"inLanguage":"en-US","potentialAction":[{"@type":"ReadAction","target":["https:\/\/gooddealersmeds.com\/de\/product\/lila-konigin\/"]}]},{"@type":"ImageObject","inLanguage":"en-US","@id":"https:\/\/gooddealersmeds.com\/de\/product\/lila-konigin\/#primaryimage","url":"https:\/\/gooddealersmeds.com\/de\/wp-content\/uploads\/sites\/3\/2022\/06\/PURPLE-QUEEN.jpg","contentUrl":"https:\/\/gooddealersmeds.com\/de\/wp-content\/uploads\/sites\/3\/2022\/06\/PURPLE-QUEEN.jpg","width":600,"height":600,"caption":"Buy Purple Queen Online"},{"@type":"BreadcrumbList","@id":"https:\/\/gooddealersmeds.com\/de\/product\/lila-konigin\/#breadcrumb","itemListElement":[{"@type":"ListItem","position":1,"name":"Home","item":"https:\/\/gooddealersmeds.com\/de\/"},{"@type":"ListItem","position":2,"name":"Produkte","item":"https:\/\/gooddealersmeds.com\/de\/produkte\/"},{"@type":"ListItem","position":3,"name":"Kaufen Sie Purple Queen Weed online"}]},{"@type":"WebSite","@id":"https:\/\/gooddealersmeds.com\/de\/#website","url":"https:\/\/gooddealersmeds.com\/de\/","name":"Good Dealers Meds","description":"All our best","publisher":{"@id":"https:\/\/gooddealersmeds.com\/de\/#organization"},"potentialAction":[{"@type":"SearchAction","target":{"@type":"EntryPoint","urlTemplate":"https:\/\/gooddealersmeds.com\/de\/?s={search_term_string}"},"query-input":{"@type":"PropertyValueSpecification","valueRequired":true,"valueName":"search_term_string"}}],"inLanguage":"en-US"},{"@type":"Organization","@id":"https:\/\/gooddealersmeds.com\/de\/#organization","name":"Good Dealers Meds","url":"https:\/\/gooddealersmeds.com\/de\/","logo":{"@type":"ImageObject","inLanguage":"en-US","@id":"https:\/\/gooddealersmeds.com\/de\/#\/schema\/logo\/image\/","url":"https:\/\/gooddealersmeds.com\/de\/wp-content\/uploads\/sites\/3\/2022\/03\/gooddealersmeds__logo__20220317T222800Z.00.png","contentUrl":"https:\/\/gooddealersmeds.com\/de\/wp-content\/uploads\/sites\/3\/2022\/03\/gooddealersmeds__logo__20220317T222800Z.00.png","width":500,"height":325,"caption":"Good Dealers Meds"},"image":{"@id":"https:\/\/gooddealersmeds.com\/de\/#\/schema\/logo\/image\/"}}]}},"_links":{"self":[{"href":"https:\/\/gooddealersmeds.com\/de\/wp-json\/wp\/v2\/product\/1875","targetHints":{"allow":["GET"]}}],"collection":[{"href":"https:\/\/gooddealersmeds.com\/de\/wp-json\/wp\/v2\/product"}],"about":[{"href":"https:\/\/gooddealersmeds.com\/de\/wp-json\/wp\/v2\/types\/product"}],"replies":[{"embeddable":true,"href":"https:\/\/gooddealersmeds.com\/de\/wp-json\/wp\/v2\/comments?post=1875"}],"wp:featuredmedia":[{"embeddable":true,"href":"https:\/\/gooddealersmeds.com\/de\/wp-json\/wp\/v2\/media\/1876"}],"wp:attachment":[{"href":"https:\/\/gooddealersmeds.com\/de\/wp-json\/wp\/v2\/media?parent=1875"}],"wp:term":[{"taxonomy":"product_brand","embeddable":true,"href":"https:\/\/gooddealersmeds.com\/de\/wp-json\/wp\/v2\/product_brand?post=1875"},{"taxonomy":"product_cat","embeddable":true,"href":"https:\/\/gooddealersmeds.com\/de\/wp-json\/wp\/v2\/product_cat?post=1875"},{"taxonomy":"product_tag","embeddable":true,"href":"https:\/\/gooddealersmeds.com\/de\/wp-json\/wp\/v2\/product_tag?post=1875"}],"curies":[{"name":"wp","href":"https:\/\/api.w.org\/{rel}","templated":true}]}}