{"id":1873,"date":"2022-06-30T00:09:17","date_gmt":"2022-06-30T00:09:17","guid":{"rendered":"https:\/\/gooddealersmeds.com\/de\/?post_type=product&#038;p=1873"},"modified":"2022-10-26T21:49:24","modified_gmt":"2022-10-26T21:49:24","slug":"hulkberry-online-kaufen","status":"publish","type":"product","link":"https:\/\/gooddealersmeds.com\/de\/product\/hulkberry-online-kaufen\/","title":{"rendered":"Kaufen Sie Hulkberry Weed online"},"content":{"rendered":"<p>Hulkberry Weed kaufen online in unserem Shop. Diese Dame ist der Nachkomme zweier hoch angesehener Sorten. OG Kush und Strawberry Diesel verschmolzen in den Bergen von Colorado, um diese potente geile Sorte zu erschaffen. Das Endergebnis ist eine gesunde Dosis sirupartiger, fruchtiger Aromen. Es wurde festgestellt, dass HulkBerry-Exemplare 28 % <a href=\"https:\/\/www.wikileaf.com\/strain\/hulkberry\/\">THC<\/a> enthalten. Obwohl sie nur in Colorado verkauft wurden, wurden sie feminisiert und werden jetzt weltweit verkauft.<\/p>\n<p>Die Bl\u00e4tter der Sorte sind komplex, dunkelviolett und kastanienbraun. Es kontrastiert wunderbar mit der lebhaften \u00dcppigkeit der Nuggets. Die Knospen sind nicht nur \u00fcppig; es gibt auch ein Netz aus dunkelroten Haaren, die fast braun und orange sind und sich \u00fcber die Knospe ziehen.<\/p>\n<p>HulkBerry ist die j\u00fcngste Sorte, die aus der Jagd nach hochpotenten Sorten hervorgegangen ist. Sie liefert pl\u00f6tzlich und unerwartet ein \u00fcberw\u00e4ltigendes Gehirn. Sie versetzt dich in einen psychoaktiven Zustand. Manche Nutzer finden sie vielleicht be\u00e4ngstigend.<\/p>\n<p>W\u00e4hrend diese Sorte ein intensives High liefert, hat sie auch eine Reihe von medizinischen Vorteilen. Seine Potenz bek\u00e4mpft Stress, Depressionen und Angst. Benutzer k\u00f6nnen kleine Dosen von einnehmen, bis sie in der Lage sind, ihre Depression zu bew\u00e4ltigen. Andere berichten, dass die Sorte ihren Appetit steigert. Ihre Knabbereien sind ideal f\u00fcr Menschen, die unter \u00dcbelkeit leiden. Hulkberry Weed kaufen<\/p>\n<p>HulkBerry Feminisierte Samen sind heute eine der beliebtesten medizinischen Marihuana-Sorten auf dem Markt. Diese Samen sind bekannt f\u00fcr ihre starken medizinischen Eigenschaften, zu denen Schmerzlinderung, Linderung von Angstzust\u00e4nden, Depressionen und Appetitlosigkeit geh\u00f6ren. Sie sind auch f\u00fcr ihren hohen THC-Gehalt bekannt, was sie zu einer beliebten Wahl bei medizinischen Marihuana-Patienten macht.<\/p>\n<p>Neben ihren medizinischen Eigenschaften sind die Samen auch f\u00fcr ihren ausgepr\u00e4gten Geschmack und ihr Aroma bekannt. Der Geschmack und das Aroma werden oft als erdig und zitronig beschrieben. Die Samen sind sowohl bei medizinischen Marihuana-Patienten als auch bei Freizeit-Marihuana-Konsumenten beliebt.<\/p>\n<p>Wir liefern hochwertige Hulkberry, kaufen Sie Hulkberry online bei unserem <a href=\"https:\/\/gooddealersmeds.com\/de\/products\/\"> speichern<\/a>. Unser Online-Shop bietet Patienten auch die Ressourcen, die sie ben\u00f6tigen, um mit ihrem ADHS umzugehen und das Gef\u00fchl zu haben, ihr Leben besser unter Kontrolle zu haben.<\/p>\n","protected":false},"excerpt":{"rendered":"<p>HulkBerry ist das Alter Ego von The Incredible Hulk. Dieser Sinsemilla-Superheld ist hier, um den Kopf zu retten. Irgendwo in den Rocky Mountains von Colorado prallten die geilen Kr\u00e4fte von OG Kush und Strawberry Diesel aufeinander. Jetzt fegt die THC-Druckwelle \u00fcber Europa hinweg.<\/p>\n","protected":false},"featured_media":1874,"comment_status":"open","ping_status":"closed","template":"","meta":{"inline_featured_image":false},"product_brand":[],"product_cat":[348],"product_tag":[434,374,436,437,439,435,376,441,442,411,415,443,445,446,440,447,444,438,420,448,449,450],"class_list":{"0":"post-1873","1":"product","2":"type-product","3":"status-publish","4":"has-post-thumbnail","6":"product_cat-marihuana","7":"product_tag-amsterdam-weed","8":"product_tag-buy-cheap-weed-online","9":"product_tag-buy-weed-by-mail","10":"product_tag-buy-weed-near-me","11":"product_tag-cannbis-fr-dich","12":"product_tag-kaufen-ganja-online","13":"product_tag-ganja-zum-verkauf","14":"product_tag-kush-online-shop","15":"product_tag-marihuana-online","16":"product_tag-marihuana-zum-verkauf","17":"product_tag-marihuana-lieferant","18":"product_tag-order-ganja-here","19":"product_tag-quality-cannbis-online","20":"product_tag-quality-weed-online","21":"product_tag-wie-man-unkraut-online-bestellt","22":"product_tag-da","23":"product_tag-weed-online-bestellen","24":"product_tag-weed-online-kaufen","25":"product_tag-unkraut-zu-verkaufen","26":"product_tag-where-to-buy-marijuana","27":"product_tag-wo-man-marihuana-in-london-kriegt","28":"product_tag-wo-man-unkraut-in-uk-kriegt","30":"first","31":"instock","32":"shipping-taxable","33":"purchasable","34":"product-type-simple"},"yoast_head":"<!-- This site is optimized with the Yoast SEO Premium plugin v20.6 (Yoast SEO v27.3) - https:\/\/yoast.com\/product\/yoast-seo-premium-wordpress\/ -->\n<title>Hulkberry Weed kaufen | Hochwertige Unkrautsorten zum Verkauf<\/title>\n<meta name=\"description\" content=\"Hulkberry Weed kaufen, wir liefern Gras von guter Qualit\u00e4t zu erschwinglichen Preisen, kaufen Sie hier und erhalten Sie Sorte der Klasse A+. Wir versenden in ganz Europa.\" \/>\n<meta name=\"robots\" content=\"index, follow, max-snippet:-1, max-image-preview:large, max-video-preview:-1\" \/>\n<link rel=\"canonical\" href=\"https:\/\/gooddealersmeds.com\/de\/product\/hulkberry-online-kaufen\/\" \/>\n<meta property=\"og:locale\" content=\"en_US\" \/>\n<meta property=\"og:type\" content=\"article\" \/>\n<meta property=\"og:title\" content=\"Kaufen Sie Hulkberry Weed online\" \/>\n<meta property=\"og:description\" content=\"Hulkberry Weed kaufen, wir liefern Gras von guter Qualit\u00e4t zu erschwinglichen Preisen, kaufen Sie hier und erhalten Sie Sorte der Klasse A+. Wir versenden in ganz Europa.\" \/>\n<meta property=\"og:url\" content=\"https:\/\/gooddealersmeds.com\/de\/product\/hulkberry-online-kaufen\/\" \/>\n<meta property=\"og:site_name\" content=\"Good Dealers Meds\" \/>\n<meta property=\"article:modified_time\" content=\"2022-10-26T21:49:24+00:00\" \/>\n<meta property=\"og:image\" content=\"https:\/\/gooddealersmeds.com\/de\/wp-content\/uploads\/sites\/3\/2022\/06\/HULKBERRY.jpg\" \/>\n\t<meta property=\"og:image:width\" content=\"600\" \/>\n\t<meta property=\"og:image:height\" content=\"600\" \/>\n\t<meta property=\"og:image:type\" content=\"image\/jpeg\" \/>\n<meta name=\"twitter:card\" content=\"summary_large_image\" \/>\n<meta name=\"twitter:label1\" content=\"Est. reading time\" \/>\n\t<meta name=\"twitter:data1\" content=\"2 minutes\" \/>\n<script type=\"application\/ld+json\" class=\"yoast-schema-graph\">{\"@context\":\"https:\\\/\\\/schema.org\",\"@graph\":[{\"@type\":\"WebPage\",\"@id\":\"https:\\\/\\\/gooddealersmeds.com\\\/de\\\/product\\\/hulkberry-online-kaufen\\\/\",\"url\":\"https:\\\/\\\/gooddealersmeds.com\\\/de\\\/product\\\/hulkberry-online-kaufen\\\/\",\"name\":\"Hulkberry Weed kaufen | Hochwertige Unkrautsorten zum Verkauf\",\"isPartOf\":{\"@id\":\"https:\\\/\\\/gooddealersmeds.com\\\/de\\\/#website\"},\"primaryImageOfPage\":{\"@id\":\"https:\\\/\\\/gooddealersmeds.com\\\/de\\\/product\\\/hulkberry-online-kaufen\\\/#primaryimage\"},\"image\":{\"@id\":\"https:\\\/\\\/gooddealersmeds.com\\\/de\\\/product\\\/hulkberry-online-kaufen\\\/#primaryimage\"},\"thumbnailUrl\":\"https:\\\/\\\/gooddealersmeds.com\\\/de\\\/wp-content\\\/uploads\\\/sites\\\/3\\\/2022\\\/06\\\/HULKBERRY.jpg\",\"datePublished\":\"2022-06-30T00:09:17+00:00\",\"dateModified\":\"2022-10-26T21:49:24+00:00\",\"description\":\"Hulkberry Weed kaufen, wir liefern Gras von guter Qualit\u00e4t zu erschwinglichen Preisen, kaufen Sie hier und erhalten Sie Sorte der Klasse A+. Wir versenden in ganz Europa.\",\"breadcrumb\":{\"@id\":\"https:\\\/\\\/gooddealersmeds.com\\\/de\\\/product\\\/hulkberry-online-kaufen\\\/#breadcrumb\"},\"inLanguage\":\"en-US\",\"potentialAction\":[{\"@type\":\"ReadAction\",\"target\":[\"https:\\\/\\\/gooddealersmeds.com\\\/de\\\/product\\\/hulkberry-online-kaufen\\\/\"]}]},{\"@type\":\"ImageObject\",\"inLanguage\":\"en-US\",\"@id\":\"https:\\\/\\\/gooddealersmeds.com\\\/de\\\/product\\\/hulkberry-online-kaufen\\\/#primaryimage\",\"url\":\"https:\\\/\\\/gooddealersmeds.com\\\/de\\\/wp-content\\\/uploads\\\/sites\\\/3\\\/2022\\\/06\\\/HULKBERRY.jpg\",\"contentUrl\":\"https:\\\/\\\/gooddealersmeds.com\\\/de\\\/wp-content\\\/uploads\\\/sites\\\/3\\\/2022\\\/06\\\/HULKBERRY.jpg\",\"width\":600,\"height\":600,\"caption\":\"Buy Hulkberry Online\"},{\"@type\":\"BreadcrumbList\",\"@id\":\"https:\\\/\\\/gooddealersmeds.com\\\/de\\\/product\\\/hulkberry-online-kaufen\\\/#breadcrumb\",\"itemListElement\":[{\"@type\":\"ListItem\",\"position\":1,\"name\":\"Home\",\"item\":\"https:\\\/\\\/gooddealersmeds.com\\\/de\\\/\"},{\"@type\":\"ListItem\",\"position\":2,\"name\":\"Produkte\",\"item\":\"https:\\\/\\\/gooddealersmeds.com\\\/de\\\/produkte\\\/\"},{\"@type\":\"ListItem\",\"position\":3,\"name\":\"Kaufen Sie Hulkberry Weed online\"}]},{\"@type\":\"WebSite\",\"@id\":\"https:\\\/\\\/gooddealersmeds.com\\\/de\\\/#website\",\"url\":\"https:\\\/\\\/gooddealersmeds.com\\\/de\\\/\",\"name\":\"Good Dealers Meds\",\"description\":\"All our best\",\"publisher\":{\"@id\":\"https:\\\/\\\/gooddealersmeds.com\\\/de\\\/#organization\"},\"potentialAction\":[{\"@type\":\"SearchAction\",\"target\":{\"@type\":\"EntryPoint\",\"urlTemplate\":\"https:\\\/\\\/gooddealersmeds.com\\\/de\\\/?s={search_term_string}\"},\"query-input\":{\"@type\":\"PropertyValueSpecification\",\"valueRequired\":true,\"valueName\":\"search_term_string\"}}],\"inLanguage\":\"en-US\"},{\"@type\":\"Organization\",\"@id\":\"https:\\\/\\\/gooddealersmeds.com\\\/de\\\/#organization\",\"name\":\"Good Dealers Meds\",\"url\":\"https:\\\/\\\/gooddealersmeds.com\\\/de\\\/\",\"logo\":{\"@type\":\"ImageObject\",\"inLanguage\":\"en-US\",\"@id\":\"https:\\\/\\\/gooddealersmeds.com\\\/de\\\/#\\\/schema\\\/logo\\\/image\\\/\",\"url\":\"https:\\\/\\\/gooddealersmeds.com\\\/de\\\/wp-content\\\/uploads\\\/sites\\\/3\\\/2022\\\/03\\\/gooddealersmeds__logo__20220317T222800Z.00.png\",\"contentUrl\":\"https:\\\/\\\/gooddealersmeds.com\\\/de\\\/wp-content\\\/uploads\\\/sites\\\/3\\\/2022\\\/03\\\/gooddealersmeds__logo__20220317T222800Z.00.png\",\"width\":500,\"height\":325,\"caption\":\"Good Dealers Meds\"},\"image\":{\"@id\":\"https:\\\/\\\/gooddealersmeds.com\\\/de\\\/#\\\/schema\\\/logo\\\/image\\\/\"}}]}<\/script>\n<!-- \/ Yoast SEO Premium plugin. -->","yoast_head_json":{"title":"Hulkberry Weed kaufen | Hochwertige Unkrautsorten zum Verkauf","description":"Hulkberry Weed kaufen, wir liefern Gras von guter Qualit\u00e4t zu erschwinglichen Preisen, kaufen Sie hier und erhalten Sie Sorte der Klasse A+. Wir versenden in ganz Europa.","robots":{"index":"index","follow":"follow","max-snippet":"max-snippet:-1","max-image-preview":"max-image-preview:large","max-video-preview":"max-video-preview:-1"},"canonical":"https:\/\/gooddealersmeds.com\/de\/product\/hulkberry-online-kaufen\/","og_locale":"en_US","og_type":"article","og_title":"Kaufen Sie Hulkberry Weed online","og_description":"Hulkberry Weed kaufen, wir liefern Gras von guter Qualit\u00e4t zu erschwinglichen Preisen, kaufen Sie hier und erhalten Sie Sorte der Klasse A+. Wir versenden in ganz Europa.","og_url":"https:\/\/gooddealersmeds.com\/de\/product\/hulkberry-online-kaufen\/","og_site_name":"Good Dealers Meds","article_modified_time":"2022-10-26T21:49:24+00:00","og_image":[{"width":600,"height":600,"url":"https:\/\/gooddealersmeds.com\/de\/wp-content\/uploads\/sites\/3\/2022\/06\/HULKBERRY.jpg","type":"image\/jpeg"}],"twitter_card":"summary_large_image","twitter_misc":{"Est. reading time":"2 minutes"},"schema":{"@context":"https:\/\/schema.org","@graph":[{"@type":"WebPage","@id":"https:\/\/gooddealersmeds.com\/de\/product\/hulkberry-online-kaufen\/","url":"https:\/\/gooddealersmeds.com\/de\/product\/hulkberry-online-kaufen\/","name":"Hulkberry Weed kaufen | Hochwertige Unkrautsorten zum Verkauf","isPartOf":{"@id":"https:\/\/gooddealersmeds.com\/de\/#website"},"primaryImageOfPage":{"@id":"https:\/\/gooddealersmeds.com\/de\/product\/hulkberry-online-kaufen\/#primaryimage"},"image":{"@id":"https:\/\/gooddealersmeds.com\/de\/product\/hulkberry-online-kaufen\/#primaryimage"},"thumbnailUrl":"https:\/\/gooddealersmeds.com\/de\/wp-content\/uploads\/sites\/3\/2022\/06\/HULKBERRY.jpg","datePublished":"2022-06-30T00:09:17+00:00","dateModified":"2022-10-26T21:49:24+00:00","description":"Hulkberry Weed kaufen, wir liefern Gras von guter Qualit\u00e4t zu erschwinglichen Preisen, kaufen Sie hier und erhalten Sie Sorte der Klasse A+. Wir versenden in ganz Europa.","breadcrumb":{"@id":"https:\/\/gooddealersmeds.com\/de\/product\/hulkberry-online-kaufen\/#breadcrumb"},"inLanguage":"en-US","potentialAction":[{"@type":"ReadAction","target":["https:\/\/gooddealersmeds.com\/de\/product\/hulkberry-online-kaufen\/"]}]},{"@type":"ImageObject","inLanguage":"en-US","@id":"https:\/\/gooddealersmeds.com\/de\/product\/hulkberry-online-kaufen\/#primaryimage","url":"https:\/\/gooddealersmeds.com\/de\/wp-content\/uploads\/sites\/3\/2022\/06\/HULKBERRY.jpg","contentUrl":"https:\/\/gooddealersmeds.com\/de\/wp-content\/uploads\/sites\/3\/2022\/06\/HULKBERRY.jpg","width":600,"height":600,"caption":"Buy Hulkberry Online"},{"@type":"BreadcrumbList","@id":"https:\/\/gooddealersmeds.com\/de\/product\/hulkberry-online-kaufen\/#breadcrumb","itemListElement":[{"@type":"ListItem","position":1,"name":"Home","item":"https:\/\/gooddealersmeds.com\/de\/"},{"@type":"ListItem","position":2,"name":"Produkte","item":"https:\/\/gooddealersmeds.com\/de\/produkte\/"},{"@type":"ListItem","position":3,"name":"Kaufen Sie Hulkberry Weed online"}]},{"@type":"WebSite","@id":"https:\/\/gooddealersmeds.com\/de\/#website","url":"https:\/\/gooddealersmeds.com\/de\/","name":"Good Dealers Meds","description":"All our best","publisher":{"@id":"https:\/\/gooddealersmeds.com\/de\/#organization"},"potentialAction":[{"@type":"SearchAction","target":{"@type":"EntryPoint","urlTemplate":"https:\/\/gooddealersmeds.com\/de\/?s={search_term_string}"},"query-input":{"@type":"PropertyValueSpecification","valueRequired":true,"valueName":"search_term_string"}}],"inLanguage":"en-US"},{"@type":"Organization","@id":"https:\/\/gooddealersmeds.com\/de\/#organization","name":"Good Dealers Meds","url":"https:\/\/gooddealersmeds.com\/de\/","logo":{"@type":"ImageObject","inLanguage":"en-US","@id":"https:\/\/gooddealersmeds.com\/de\/#\/schema\/logo\/image\/","url":"https:\/\/gooddealersmeds.com\/de\/wp-content\/uploads\/sites\/3\/2022\/03\/gooddealersmeds__logo__20220317T222800Z.00.png","contentUrl":"https:\/\/gooddealersmeds.com\/de\/wp-content\/uploads\/sites\/3\/2022\/03\/gooddealersmeds__logo__20220317T222800Z.00.png","width":500,"height":325,"caption":"Good Dealers Meds"},"image":{"@id":"https:\/\/gooddealersmeds.com\/de\/#\/schema\/logo\/image\/"}}]}},"_links":{"self":[{"href":"https:\/\/gooddealersmeds.com\/de\/wp-json\/wp\/v2\/product\/1873","targetHints":{"allow":["GET"]}}],"collection":[{"href":"https:\/\/gooddealersmeds.com\/de\/wp-json\/wp\/v2\/product"}],"about":[{"href":"https:\/\/gooddealersmeds.com\/de\/wp-json\/wp\/v2\/types\/product"}],"replies":[{"embeddable":true,"href":"https:\/\/gooddealersmeds.com\/de\/wp-json\/wp\/v2\/comments?post=1873"}],"wp:featuredmedia":[{"embeddable":true,"href":"https:\/\/gooddealersmeds.com\/de\/wp-json\/wp\/v2\/media\/1874"}],"wp:attachment":[{"href":"https:\/\/gooddealersmeds.com\/de\/wp-json\/wp\/v2\/media?parent=1873"}],"wp:term":[{"taxonomy":"product_brand","embeddable":true,"href":"https:\/\/gooddealersmeds.com\/de\/wp-json\/wp\/v2\/product_brand?post=1873"},{"taxonomy":"product_cat","embeddable":true,"href":"https:\/\/gooddealersmeds.com\/de\/wp-json\/wp\/v2\/product_cat?post=1873"},{"taxonomy":"product_tag","embeddable":true,"href":"https:\/\/gooddealersmeds.com\/de\/wp-json\/wp\/v2\/product_tag?post=1873"}],"curies":[{"name":"wp","href":"https:\/\/api.w.org\/{rel}","templated":true}]}}